{"id":1481,"date":"2025-09-28T08:37:16","date_gmt":"2025-09-28T08:37:16","guid":{"rendered":"https:\/\/pgvape.com\/?post_type=product&#038;p=1481"},"modified":"2026-03-16T07:55:04","modified_gmt":"2026-03-16T07:55:04","slug":"uzy-tornado-30000-30k-bouffees-double-saveurs-vape-jetable-debit-dair-reglable-0-2-3-5-nicotine-ecran-intelligent-vape-usine-directe","status":"publish","type":"product","link":"https:\/\/pgvape.com\/fr\/produit\/uzy-tornado-30000-30k-bouffees-double-saveurs-vape-jetable-debit-dair-reglable-0-2-3-5-nicotine-ecran-intelligent-vape-usine-directe\/","title":{"rendered":"UZY Tornado 30000 | 30K Puffs Vape jetable double saveurs | D\u00e9bit d'air r\u00e9glable | 0% 2% 3% 5% Nicotine | \u00c9cran intelligent | Vape Factory Direct"},"content":{"rendered":"<div class=\"auto-hide-last-sibling-br paragraph-JOTKXA paragraph-element br-paragraph-space\"><strong data-sourcepos=\"4:5-4:32\">UZY Tornado 30000 bouff\u00e9es<\/strong> livre <strong data-sourcepos=\"4:42-4:72\">vapotage bi-saveur haut de gamme<\/strong> avec <strong data-sourcepos=\"4:78-4:105\">30 000 bouff\u00e9es ultra-longues<\/strong> et <strong data-sourcepos=\"4:110-4:136\">Capacit\u00e9 de 40 ml d'e-liquide<\/strong> (20 ml \u00d7 2). <strong data-sourcepos=\"4:159-4:178\">bobines \u00e0 double maille<\/strong> pour <strong data-sourcepos=\"4:183-4:200\">saveur plus riche<\/strong> et <strong data-sourcepos=\"4:205-4:223\">vapeur plus douce<\/strong>, cet appareil est aliment\u00e9 par un <strong data-sourcepos=\"4:254-4:285\">Batterie rechargeable de 850 mAh<\/strong> avec <strong data-sourcepos=\"4:291-4:315\">Chargement rapide de type C<\/strong>. <strong data-sourcepos=\"4:321-4:337\">\u00e9cran intelligent<\/strong> affiche <strong data-sourcepos=\"4:347-4:394\">batterie, e-liquide et nombre de bouff\u00e9es en temps r\u00e9el<\/strong>, alors que <strong data-sourcepos=\"4:402-4:424\">d\u00e9bit d'air r\u00e9glable<\/strong> vous permet de personnaliser votre tirage. <strong data-sourcepos=\"4:468-4:492\">0%\/2%\/3%\/5%nicotine<\/strong> et <strong data-sourcepos=\"4:497-4:527\">10 saveurs savamment associ\u00e9es<\/strong>, c'est parfait pour les vapoteurs qui veulent <strong data-sourcepos=\"4:562-4:577\">versatilit\u00e9<\/strong> et <strong data-sourcepos=\"4:582-4:597\">performance<\/strong>.<\/div>\n<p>&nbsp;<\/p>\n<h2><span style=\"font-size: 90%;\">UZY Tornado 30000 | 30K Puffs Vape jetable \u00e0 double saveur Sp\u00e9cifications du produit<\/span><\/h2>\n<p><strong data-sourcepos=\"9:3-9:17\">Nombre de bouff\u00e9es<\/strong>:\u00a0<strong data-sourcepos=\"9:19-9:35\">30 000 bouff\u00e9es<\/strong><\/p>\n<p><strong data-sourcepos=\"10:3-10:24\">Capacit\u00e9 e-liquide<\/strong>:\u00a0<strong data-sourcepos=\"10:26-10:53\">40 ml (20 ml \u00d7 2 saveurs)<\/strong><\/p>\n<p><strong data-sourcepos=\"11:3-11:11\">Bobine<\/strong>:\u00a0<strong data-sourcepos=\"11:13-11:31\">Bobine \u00e0 double maille<\/strong><\/p>\n<p><strong data-sourcepos=\"12:3-12:14\">Batterie<\/strong>:\u00a0<strong data-sourcepos=\"12:16-12:39\">850mAh rechargeable<\/strong><\/p>\n<p><strong data-sourcepos=\"13:3-13:15\">Chargement<\/strong>:\u00a0<strong data-sourcepos=\"13:17-13:41\">Chargement rapide de type C<\/strong><\/p>\n<p><strong data-sourcepos=\"14:3-14:14\">Afficher<\/strong>:\u00a0<strong data-sourcepos=\"14:16-14:62\">\u00c9cran intelligent (batterie\/e-liquide\/nombre de bouff\u00e9es)<\/strong><\/p>\n<p><strong data-sourcepos=\"15:3-15:14\">Flux d'air<\/strong>:\u00a0<strong data-sourcepos=\"15:16-15:30\">R\u00e9glable<\/strong><\/p>\n<p><strong data-sourcepos=\"16:3-16:15\">Nicotine<\/strong>:\u00a0<strong data-sourcepos=\"16:17-16:38\">0% \/ 2% \/ 3% \/ 5%<\/strong><\/p>\n<p><strong data-sourcepos=\"17:3-17:14\">Saveurs<\/strong>:\u00a0<strong data-sourcepos=\"17:16-17:35\">10 Duos Premium<\/strong><\/p>\n<p>&nbsp;<\/p>\n<h3><span style=\"font-size: 90%;\">UZY Tornado 30000 | 30K Puffs Liste des saveurs de vape jetables \u00e0 double saveur<\/span><\/h3>\n<p>1.Glace Past\u00e8que \/ Citron Lime<\/p>\n<p>2. Glace p\u00e9tillante aux cerises \/ Barbe \u00e0 papa aux bleuets<\/p>\n<p>3.Fraise Past\u00e8que \/ Myrtille Framboise<\/p>\n<p>4.Red Bull Ice \/ Fraise Mangue<\/p>\n<p>5.P\u00eache Glace \/ Ananas Mangue P\u00eache<\/p>\n<p>6. Raisin Glace \/ Fraise Kiwi<\/p>\n<p>7. Baies m\u00e9lang\u00e9es \/ Glace double pomme<\/p>\n<p>8. Limonade Blue Razz \/ Bubblegum past\u00e8que<\/p>\n<p>9.P\u00eache Baie \/ Past\u00e8que Mangue P\u00eache<\/p>\n<p>10.Glace aux bleuets \/ Glace au dragon noir<\/p>\n<p><img loading=\"lazy\" decoding=\"async\" class=\"alignnone wp-image-1494 size-full\" src=\"https:\/\/pgvape.com\/wp-content\/uploads\/2025\/09\/Pgvape-UZY-Tornado-30K-Puffs-Dual-Flavors-Disposable-Vape-Smart-Screen-Aadjustable-Airflow-9-1.png\" alt=\"\" width=\"1900\" height=\"1900\" srcset=\"https:\/\/pgvape.com\/wp-content\/uploads\/2025\/09\/Pgvape-UZY-Tornado-30K-Puffs-Dual-Flavors-Disposable-Vape-Smart-Screen-Aadjustable-Airflow-9-1.png 1900w, https:\/\/pgvape.com\/wp-content\/uploads\/2025\/09\/Pgvape-UZY-Tornado-30K-Puffs-Dual-Flavors-Disposable-Vape-Smart-Screen-Aadjustable-Airflow-9-1-360x360.png 360w, https:\/\/pgvape.com\/wp-content\/uploads\/2025\/09\/Pgvape-UZY-Tornado-30K-Puffs-Dual-Flavors-Disposable-Vape-Smart-Screen-Aadjustable-Airflow-9-1-595x595.png 595w, https:\/\/pgvape.com\/wp-content\/uploads\/2025\/09\/Pgvape-UZY-Tornado-30K-Puffs-Dual-Flavors-Disposable-Vape-Smart-Screen-Aadjustable-Airflow-9-1-400x400.png 400w, https:\/\/pgvape.com\/wp-content\/uploads\/2025\/09\/Pgvape-UZY-Tornado-30K-Puffs-Dual-Flavors-Disposable-Vape-Smart-Screen-Aadjustable-Airflow-9-1-768x768.png 768w\" sizes=\"auto, (max-width: 1900px) 100vw, 1900px\" \/><\/p>\n<p>&nbsp;<\/p>\n<h3><span style=\"font-size: 90%;\">UZY Tornado 30000 30K Puffs Vape jetable \u00e0 double saveur\u00a0<\/span><strong><span style=\"font-size: 90%;\">Vid\u00e9o:<\/span><\/strong><\/h3>\n<p>&nbsp;<\/p>\n<h2 class=\"header-vfC6AV auto-hide-last-sibling-br\">FAQ sur la vape jetable UZY Tornado 30000 | 30 000 bouff\u00e9es \u00e0 double saveur<\/h2>\n<p data-sourcepos=\"36:1-37:89\">\u2753 <strong data-sourcepos=\"36:3-36:48\">Comment fonctionne le syst\u00e8me bi-saveur ?<\/strong><br \/>\n\u2705 <strong data-sourcepos=\"37:3-37:43\">Basculez instantan\u00e9ment entre deux saveurs<\/strong> ou profitez-en <strong data-sourcepos=\"37:58-37:74\">s\u00e9quentiellement<\/strong> pour la vari\u00e9t\u00e9.<\/p>\n<p data-sourcepos=\"39:1-40:83\">\u2753 <strong data-sourcepos=\"39:3-39:48\">Qu\u2019est-ce qui rend la bobine \u00e0 double maille meilleure ?<\/strong><br \/>\n\u2705 <strong data-sourcepos=\"40:3-40:30\">Clart\u00e9 de saveur am\u00e9lior\u00e9e<\/strong> et <strong data-sourcepos=\"40:35-40:53\">vapeur plus douce<\/strong> par rapport aux bobines standards.<\/p>\n<p data-sourcepos=\"42:1-43:88\">\u2753 <strong data-sourcepos=\"42:3-42:46\">Le nombre de 30 000 bouff\u00e9es est-il r\u00e9aliste\u00a0?<\/strong><br \/>\n\u2705 <strong data-sourcepos=\"43:3-43:30\">Capacit\u00e9 optimis\u00e9e de 40 ml<\/strong> assure <strong data-sourcepos=\"43:39-43:55\">semaines d'utilisation<\/strong> sans remplacements fr\u00e9quents.<\/p>\n<p data-sourcepos=\"45:1-46:83\">\u2753 <strong data-sourcepos=\"45:3-45:36\">Puis-je r\u00e9gler le d\u00e9bit d'air ?<\/strong><br \/>\n\u2705 <strong data-sourcepos=\"46:3-46:11\">Oui!<\/strong> Serrez pour <strong data-sourcepos=\"46:24-46:47\">hits MTL restreints<\/strong> ou desserrer pour <strong data-sourcepos=\"46:62-46:80\">des tirages RDL a\u00e9r\u00e9s<\/strong>.<\/p>\n<p data-sourcepos=\"48:1-49:71\">\u2753 <strong data-sourcepos=\"48:3-48:49\">Combien de temps dure la batterie de 850 mAh ?<br \/>\n<\/strong> \u2705 <strong data-sourcepos=\"49:3-49:30\">2-3 jours d'utilisation r\u00e9guli\u00e8re<\/strong> avec <strong data-sourcepos=\"49:36-49:60\">Chargement rapide de type C<\/strong> soutien.<\/p>\n<p data-sourcepos=\"51:1-54:45\">\u2753 <strong data-sourcepos=\"51:3-51:33\">\u00c0 qui est destin\u00e9e cette vape ?<\/strong><br \/>\n\u2705 <strong data-sourcepos=\"52:3-52:25\">Amateurs de saveurs<\/strong> qui aime la vari\u00e9t\u00e9\u00a0 \u00a0<strong data-sourcepos=\"53:3-53:20\">Chasseurs de nuages<\/strong> vouloir une vapeur dense\u00a0 \u00a0<strong data-sourcepos=\"54:3-54:24\">Des vapoteurs f\u00e9rus de technologie<\/strong> qui pr\u00e9f\u00e8rent le contr\u00f4le<\/p>\n<p>&nbsp;<\/p>\n<h3 class=\"auto-hide-last-sibling-br paragraph-JOTKXA paragraph-element br-paragraph-space\"><span style=\"font-size: 90%;\">Foire aux questions (FAQ)<\/span><\/h3>\n<div id=\"brxe-rajiac\" class=\"brxe-text\">\n<p><strong>Q : Quels modes de paiement acceptez-vous ?<\/strong><br \/>\nR\u00a0: Nous acceptons PayPal, Stripe, les virements bancaires (pris en charge par SEPA), les principales cartes de cr\u00e9dit (Visa, MasterCard, American Express) et les paiements en crypto-monnaie.<\/p>\n<p><strong>Q : Combien de temps prend la pr\u00e9paration d\u2019une commande ?<\/strong><br \/>\nR : La pr\u00e9paration de la commande prend 1 \u00e0 3 jours ouvrables.<\/p>\n<p><strong>Q : Quel est le d\u00e9lai de livraison ?<\/strong><br \/>\nR : Le d\u00e9lai de livraison est de 7 \u00e0 14 jours ouvrables, selon votre emplacement.<\/p>\n<p><strong>Q : Comment puis-je suivre ma commande ?<\/strong><br \/>\nR : Apr\u00e8s l'exp\u00e9dition, vous recevrez un e-mail de confirmation avec un num\u00e9ro de suivi pour un suivi en temps r\u00e9el.<\/p>\n<p><strong>Q : Quelle est votre politique de retour ?<\/strong><br \/>\nR : Nous proposons une politique de retour de 30 jours pour les remboursements ou les \u00e9changes. .<\/p>\n<p><strong>Q : Y aura-t-il des probl\u00e8mes douaniers ?<br \/>\n<\/strong>Nous prenons en charge toutes les proc\u00e9dures de d\u00e9douanement pour vous garantir une exp\u00e9rience sans tracas. .<\/p>\n<p><strong>Q : Quelles m\u00e9thodes d\u2019exp\u00e9dition sont utilis\u00e9es ?<\/strong><br \/>\nNous coop\u00e9rons avec UPS\/DHL\/FEDEX\/DPD, etc. Nous choisirons l'option d'exp\u00e9dition appropri\u00e9e en fonction du pays de livraison pour garantir que vous recevez vos produits le plus rapidement possible.<\/p>\n<p><a href=\"https:\/\/pgvape.com\/fr\/faq\/\">Cliquez ici pour plus de FAQ<\/a><\/p>\n<p>Chers clients, Si vous avez des questions concernant votre commande ou l'arriv\u00e9e des marchandises, n'h\u00e9sitez pas \u00e0 contacter notre service client. Merci !<\/p>\n<h3 data-sourcepos=\"73:1-73:21\"><strong data-sourcepos=\"73:7-73:21\">Contactez-nous<\/strong><\/h3>\n<div id=\"text-2419739398\" class=\"text\">\n<p><strong data-sourcepos=\"75:3-75:12\">E-mail<\/strong>:\u00a0<a href=\"mailto:support@pgvape.com\"><strong>support@pgvape.com<\/strong><\/a><\/p>\n<p><strong data-sourcepos=\"76:3-76:15\">WhatsApp<\/strong>: <a href=\"https:\/\/wa.me\/+8618128481258\"><strong>+86 18128481258<\/strong><\/a><br \/>\n<strong>(R\u00e9ponse sous 24h les jours ouvr\u00e9s)<\/strong><\/p>\n<\/div>\n<h3><strong>Merci d'avoir choisi pgvape.com ! .<\/strong><\/h3>\n<\/div>","protected":false},"excerpt":{"rendered":"<p><strong data-sourcepos=\"59:1-59:231\">\u201cUZY Tornado 30000\u00a0: le jetable ultime \u00e0 double saveur avec 30 000 bouff\u00e9es, une capacit\u00e9 de 40 ml et un d\u00e9bit d'air r\u00e9glable. Comprend un \u00e9cran intelligent, des r\u00e9sistances \u00e0 double maille et 10 duos de saveurs pour un vapotage personnalis\u00e9. \u201d<\/strong><\/p>","protected":false},"featured_media":1484,"comment_status":"open","ping_status":"closed","template":"","meta":{"_seopress_robots_primary_cat":"none","_seopress_titles_title":"%%post_title%% %%sep%% %%sitetitle%%","_seopress_titles_desc":"","_seopress_robots_index":""},"product_brand":[516,132],"product_cat":[35,515,27],"product_tag":[137,38,134,135,108,66,490,136,133,109],"class_list":{"0":"post-1481","1":"product","2":"type-product","3":"status-publish","4":"has-post-thumbnail","6":"product_brand-disposable-vape","7":"product_brand-uzy-tornado-vape","8":"product_cat-30k-puffs-vape","9":"product_cat-disposable-vape","10":"product_cat-uzy-vape","11":"product_tag-0-2-3-5-nicotine","12":"product_tag-30k-puffs","13":"product_tag-30k-vape","14":"product_tag-adjustable-airflow","15":"product_tag-disposable","16":"product_tag-dual-flavors","17":"product_tag-minimum-2-pieces","18":"product_tag-smart-screen","19":"product_tag-uzy-tornado","20":"product_tag-vape","22":"first","23":"instock","24":"sale","25":"shipping-taxable","26":"purchasable","27":"product-type-variable"},"_links":{"self":[{"href":"https:\/\/pgvape.com\/fr\/wp-json\/wp\/v2\/product\/1481","targetHints":{"allow":["GET"]}}],"collection":[{"href":"https:\/\/pgvape.com\/fr\/wp-json\/wp\/v2\/product"}],"about":[{"href":"https:\/\/pgvape.com\/fr\/wp-json\/wp\/v2\/types\/product"}],"replies":[{"embeddable":true,"href":"https:\/\/pgvape.com\/fr\/wp-json\/wp\/v2\/comments?post=1481"}],"wp:featuredmedia":[{"embeddable":true,"href":"https:\/\/pgvape.com\/fr\/wp-json\/wp\/v2\/media\/1484"}],"wp:attachment":[{"href":"https:\/\/pgvape.com\/fr\/wp-json\/wp\/v2\/media?parent=1481"}],"wp:term":[{"taxonomy":"product_brand","embeddable":true,"href":"https:\/\/pgvape.com\/fr\/wp-json\/wp\/v2\/product_brand?post=1481"},{"taxonomy":"product_cat","embeddable":true,"href":"https:\/\/pgvape.com\/fr\/wp-json\/wp\/v2\/product_cat?post=1481"},{"taxonomy":"product_tag","embeddable":true,"href":"https:\/\/pgvape.com\/fr\/wp-json\/wp\/v2\/product_tag?post=1481"}],"curies":[{"name":"wp","href":"https:\/\/api.w.org\/{rel}","templated":true}]}}