{"id":1251,"date":"2025-09-27T10:16:42","date_gmt":"2025-09-27T10:16:42","guid":{"rendered":"https:\/\/pgvape.com\/?post_type=product&#038;p=1251"},"modified":"2025-12-15T13:26:20","modified_gmt":"2025-12-15T13:26:20","slug":"randm-tornado-15000-15k-bouffees-vape-jetable-affichage-led-vape-usine-directe","status":"publish","type":"product","link":"https:\/\/pgvape.com\/fr\/produit\/randm-tornado-15000-15k-bouffees-vape-jetable-affichage-led-vape-usine-directe\/","title":{"rendered":"RandM Tornado 15000 15K Puffs Vape jetable Affichage LED Vape Direct Usine"},"content":{"rendered":"<div class=\"auto-hide-last-sibling-br paragraph-JOTKXA paragraph-element br-paragraph-space\"><strong data-sourcepos=\"6:5-6:69\">RandM Tornado 15000 Puffs E-Cigarette jetable \u00e0 affichage LED<\/strong> d\u00e9livre un <strong data-sourcepos=\"6:82-6:112\">exp\u00e9rience de vapotage prolong\u00e9e<\/strong> avec <strong data-sourcepos=\"6:118-6:134\">15 000 bouff\u00e9es<\/strong> d'un <strong data-sourcepos=\"6:142-6:168\">Capacit\u00e9 d'e-liquide de 25 ml<\/strong><span class=\"CustomP_animated_char__m3r9w\">.<\/span><span class=\"CustomP_animated_char__m3r9w\">\u00a0<\/span><span class=\"CustomP_animated_char__m3r9w\">Mettant en vedette<\/span><span class=\"CustomP_animated_char__m3r9w\">\u00a0<\/span><span class=\"CustomP_animated_char__m3r9w\">un<\/span><span class=\"CustomP_animated_char__m3r9w\">\u00a0<\/span><strong data-sourcepos=\"6:182-6:195\">bobine de maille<\/strong> pour une saveur et une vapeur riches, cet appareil comprend un <strong data-sourcepos=\"6:247-6:278\">Batterie rechargeable de 850 mAh<\/strong><span class=\"CustomP_animated_char__m3r9w\">\u00a0<\/span><span class=\"CustomP_animated_char__m3r9w\">et<\/span><span class=\"CustomP_animated_char__m3r9w\">\u00a0<\/span><strong data-sourcepos=\"6:283-6:298\">Affichage LED<\/strong> pour un suivi en temps r\u00e9el. <strong data-sourcepos=\"6:356-6:382\">Sel de nicotine 2% ou 5%<\/strong><span class=\"CustomP_animated_char__m3r9w\">\u00a0<\/span><span class=\"CustomP_animated_char__m3r9w\">choix<\/span><span class=\"CustomP_animated_char__m3r9w\">\u00a0<\/span><span class=\"CustomP_animated_char__m3r9w\">et<\/span><span class=\"CustomP_animated_char__m3r9w\">\u00a0<\/span><span class=\"CustomP_animated_char__m3r9w\">choisir<\/span><span class=\"CustomP_animated_char__m3r9w\">\u00a0<\/span><span class=\"CustomP_animated_char__m3r9w\">depuis<\/span><span class=\"CustomP_animated_char__m3r9w\">\u00a0<\/span><strong data-sourcepos=\"6:407-6:429\">41 saveurs premium<\/strong>. <strong data-sourcepos=\"6:440-6:469\">10 pi\u00e8ces par bo\u00eete de pr\u00e9sentation<\/strong><span class=\"CustomP_animated_char__m3r9w\">,<\/span><span class=\"CustomP_animated_char__m3r9w\">\u00a0<\/span><span class=\"CustomP_animated_char__m3r9w\">il<\/span><span class=\"CustomP_animated_char__m3r9w\">\u2018<\/span><span class=\"CustomP_animated_char__m3r9w\">s<\/span><span class=\"CustomP_animated_char__m3r9w\">\u00a0<\/span><span class=\"CustomP_animated_char__m3r9w\">parfait<\/span><span class=\"CustomP_animated_char__m3r9w\">\u00a0<\/span><span class=\"CustomP_animated_char__m3r9w\">pour<\/span><span class=\"CustomP_animated_char__m3r9w\">\u00a0<\/span><span class=\"CustomP_animated_char__m3r9w\">les deux<\/span><span class=\"CustomP_animated_char__m3r9w\">\u00a0<\/span><span class=\"CustomP_animated_char__m3r9w\">personnel<\/span><span class=\"CustomP_animated_char__m3r9w\">\u00a0<\/span><span class=\"CustomP_animated_char__m3r9w\">utiliser<\/span><span class=\"CustomP_animated_char__m3r9w\">\u00a0<\/span><span class=\"CustomP_animated_char__m3r9w\">et<\/span><span class=\"CustomP_animated_char__m3r9w\">\u00a0<\/span><span class=\"CustomP_animated_char__m3r9w\">vente au d\u00e9tail<\/span><span class=\"CustomP_animated_char__m3r9w\">.<\/span><\/div>\n<p>&nbsp;<\/p>\n<h2><span style=\"font-size: 90%;\">RandM Tornado 15000 | 15K Puffs Vape jetable Sp\u00e9cifications du produit<\/span><\/h2>\n<p><strong data-sourcepos=\"11:3-11:13\">Marque:<\/strong>\u00a0<strong data-sourcepos=\"11:14-11:23\">RandM<\/strong><\/p>\n<p><strong data-sourcepos=\"12:3-12:25\">Force de la nicotine\u00a0:<\/strong>\u00a0<strong data-sourcepos=\"12:26-12:37\">2% \/ 5%<\/strong><span class=\"CustomP_animated_char__m3r9w\">\u00a0<\/span><span class=\"CustomP_animated_char__m3r9w\">(<\/span><span class=\"CustomP_animated_char__m3r9w\">Sel<\/span><span class=\"CustomP_animated_char__m3r9w\">\u00a0<\/span><span class=\"CustomP_animated_char__m3r9w\">nicotine<\/span><span class=\"CustomP_animated_char__m3r9w\">\u00a0<\/span><span class=\"CustomP_animated_char__m3r9w\">pour<\/span><span class=\"CustomP_animated_char__m3r9w\">\u00a0<\/span><span class=\"CustomP_animated_char__m3r9w\">lisse<\/span><span class=\"CustomP_animated_char__m3r9w\">\u00a0<\/span><span class=\"CustomP_animated_char__m3r9w\">ou<\/span><span class=\"CustomP_animated_char__m3r9w\">\u00a0<\/span><span class=\"CustomP_animated_char__m3r9w\">fort<\/span><span class=\"CustomP_animated_char__m3r9w\">\u00a0<\/span><span class=\"CustomP_animated_char__m3r9w\">coups<\/span><span class=\"CustomP_animated_char__m3r9w\">)<\/span><\/p>\n<p><strong data-sourcepos=\"13:3-13:25\">Capacit\u00e9 e-liquide\u00a0:<\/strong>\u00a0<strong data-sourcepos=\"13:26-13:34\">25 ml<\/strong><span class=\"CustomP_animated_char__m3r9w\">\u00a0<\/span><span class=\"CustomP_animated_char__m3r9w\">(<\/span><span class=\"CustomP_animated_char__m3r9w\">Industrie<\/span><span class=\"CustomP_animated_char__m3r9w\">\u2013<\/span><span class=\"CustomP_animated_char__m3r9w\">menant<\/span><span class=\"CustomP_animated_char__m3r9w\">\u00a0<\/span><span class=\"CustomP_animated_char__m3r9w\">volume<\/span><span class=\"CustomP_animated_char__m3r9w\">\u00a0<\/span><span class=\"CustomP_animated_char__m3r9w\">pour<\/span><span class=\"CustomP_animated_char__m3r9w\">\u00a0<\/span><span class=\"CustomP_animated_char__m3r9w\">moins<\/span><span class=\"CustomP_animated_char__m3r9w\">\u00a0<\/span><span class=\"CustomP_animated_char__m3r9w\">recharges<\/span><span class=\"CustomP_animated_char__m3r9w\">)<\/span><\/p>\n<p><strong data-sourcepos=\"14:3-14:23\">Technologie de bobine\u00a0:<\/strong>\u00a0<strong data-sourcepos=\"14:24-14:37\">Bobine de maille<\/strong><span class=\"CustomP_animated_char__m3r9w\">\u00a0<\/span><span class=\"CustomP_animated_char__m3r9w\">(<\/span><span class=\"CustomP_animated_char__m3r9w\">Am\u00e9lior\u00e9<\/span><span class=\"CustomP_animated_char__m3r9w\">\u00a0<\/span><span class=\"CustomP_animated_char__m3r9w\">saveur<\/span><span class=\"CustomP_animated_char__m3r9w\">\u00a0<\/span><span class=\"CustomP_animated_char__m3r9w\">&amp;<\/span><span class=\"CustomP_animated_char__m3r9w\">\u00a0<\/span><span class=\"CustomP_animated_char__m3r9w\">vapeur<\/span><span class=\"CustomP_animated_char__m3r9w\">\u00a0<\/span><span class=\"CustomP_animated_char__m3r9w\">production<\/span><span class=\"CustomP_animated_char__m3r9w\">)<\/span><\/p>\n<p><strong data-sourcepos=\"15:3-15:15\">Batterie:<\/strong>\u00a0<strong data-sourcepos=\"15:16-15:39\">850mAh rechargeable<\/strong><span class=\"CustomP_animated_char__m3r9w\">\u00a0<\/span><span class=\"CustomP_animated_char__m3r9w\">(<\/span><span class=\"CustomP_animated_char__m3r9w\">Long<\/span><span class=\"CustomP_animated_char__m3r9w\">\u2013<\/span><span class=\"CustomP_animated_char__m3r9w\">durable<\/span><span class=\"CustomP_animated_char__m3r9w\">\u00a0<\/span><span class=\"CustomP_animated_char__m3r9w\">pouvoir<\/span><span class=\"CustomP_animated_char__m3r9w\">\u00a0<\/span><span class=\"CustomP_animated_char__m3r9w\">avec<\/span><span class=\"CustomP_animated_char__m3r9w\">\u00a0<\/span><span class=\"CustomP_animated_char__m3r9w\">USB<\/span><span class=\"CustomP_animated_char__m3r9w\">\u00a0<\/span><span class=\"CustomP_animated_char__m3r9w\">chargement<\/span><span class=\"CustomP_animated_char__m3r9w\">)<\/span><\/p>\n<p><strong data-sourcepos=\"16:3-16:15\">Afficher:<\/strong>\u00a0<strong data-sourcepos=\"16:16-16:30\">\u00c9cran LED<\/strong><span class=\"CustomP_animated_char__m3r9w\">\u00a0<\/span><span class=\"CustomP_animated_char__m3r9w\">(<\/span><span class=\"CustomP_animated_char__m3r9w\">R\u00e9el<\/span><span class=\"CustomP_animated_char__m3r9w\">\u2013<\/span><span class=\"CustomP_animated_char__m3r9w\">temps<\/span><span class=\"CustomP_animated_char__m3r9w\">\u00a0<\/span><span class=\"CustomP_animated_char__m3r9w\">usage<\/span><span class=\"CustomP_animated_char__m3r9w\">\u00a0<\/span><span class=\"CustomP_animated_char__m3r9w\">suivi<\/span><span class=\"CustomP_animated_char__m3r9w\">)<\/span><\/p>\n<p><strong data-sourcepos=\"17:3-17:17\">Conditionnement:<\/strong>\u00a0<strong data-sourcepos=\"17:18-17:39\">10 pi\u00e8ces\/bo\u00eete d'affichage<\/strong><span class=\"CustomP_animated_char__m3r9w\">\u00a0<\/span><span class=\"CustomP_animated_char__m3r9w\">(<\/span><span class=\"CustomP_animated_char__m3r9w\">Vente au d\u00e9tail<\/span><span class=\"CustomP_animated_char__m3r9w\">\u2013<\/span><span class=\"CustomP_animated_char__m3r9w\">pr\u00eat<\/span><span class=\"CustomP_animated_char__m3r9w\">\u00a0<\/span><span class=\"CustomP_animated_char__m3r9w\">en gros<\/span><span class=\"CustomP_animated_char__m3r9w\">\u00a0<\/span><span class=\"CustomP_animated_char__m3r9w\">conditionnement<\/span><span class=\"CustomP_animated_char__m3r9w\">)<\/span><\/p>\n<p><strong data-sourcepos=\"18:3-18:22\">Options de saveur\u00a0:<\/strong>\u00a0<strong data-sourcepos=\"18:23-18:39\">41 vari\u00e9t\u00e9s<\/strong><span class=\"CustomP_animated_char__m3r9w\">\u00a0<\/span><span class=\"CustomP_animated_char__m3r9w\">(<\/span><span class=\"CustomP_animated_char__m3r9w\">Depuis<\/span><span class=\"CustomP_animated_char__m3r9w\">\u00a0<\/span><span class=\"CustomP_animated_char__m3r9w\">fruit\u00e9<\/span><span class=\"CustomP_animated_char__m3r9w\">\u00a0<\/span><span class=\"CustomP_animated_char__m3r9w\">\u00e0<\/span><span class=\"CustomP_animated_char__m3r9w\">\u00a0<\/span><span class=\"CustomP_animated_char__m3r9w\">glac\u00e9<\/span><span class=\"CustomP_animated_char__m3r9w\">\u00a0<\/span><span class=\"CustomP_animated_char__m3r9w\">m\u00e9langes<\/span><span class=\"CustomP_animated_char__m3r9w\">)<\/span><\/p>\n<p>&nbsp;<\/p>\n<h3><span style=\"font-size: 90%;\">RandM Tornado 15000 | Liste des saveurs de vape jetables 15 000 bouff\u00e9es<\/span><\/h3>\n<p>1. Limonade bleue Razz<\/p>\n<p>2. Glace \u00e0 la p\u00eache<\/p>\n<p>3. Pomme aigre<\/p>\n<p>4. Glace \u00e0 la past\u00e8que<\/p>\n<p>5. Myrtille sur glace<\/p>\n<p>6. Myrtille Framboise<\/p>\n<p>7. Glace \u00e0 l'ananas<\/p>\n<p>8. Cerise<\/p>\n<p>9. Glace aux fraises<\/p>\n<p>10.Vimto<\/p>\n<p>11. Glace aux raisins<\/p>\n<p>12. Glace au Cola<\/p>\n<p>13. Fraise Past\u00e8que<\/p>\n<p>14. Limonade rose<\/p>\n<p>15. Baies m\u00e9lang\u00e9es<\/p>\n<p>16. P\u00eache Mangue<\/p>\n<p>17. Fruit du dragon<\/p>\n<p>18. Fraise Raisin<\/p>\n<p>19. Monsieur Bleu<\/p>\n<p>20. Glace luxuriante<\/p>\n<p>21. Sucette glac\u00e9e<\/p>\n<p>22. Fraise-Kiwi<\/p>\n<p>23. Kiwi Fruit de la Passion Goyave<\/p>\n<p>24. Triple Baie<\/p>\n<p>25. Glace \u00e0 la banane<\/p>\n<p>26. Bonbons \u00e0 la p\u00eache et aux myrtilles<\/p>\n<p>27. Pomme P\u00eache Poire<\/p>\n<p>28. Limonade aux baies<\/p>\n<p>29. Cerise Razz bleue<\/p>\n<p>30. Bubblegum aux bleuets<\/p>\n<p>31. Myrtille Cerise Canneberge<\/p>\n<p>32. Grenade aux bleuets<\/p>\n<p>33. Bluesour Framboise<\/p>\n<p>34. Cola aux cerises<\/p>\n<p>35. Ours gommeux<\/p>\n<p>36. Citron et citron vert<\/p>\n<p>37. Mangue sur glace<\/p>\n<p>38. Glace \u00e9nerg\u00e9tique rouge<\/p>\n<p>39. Fraise Banane<\/p>\n<p>40. Taureau Rouge Fraise<\/p>\n<p>41. Limonade aux fraises et \u00e0 la past\u00e8que<\/p>\n<p>42. Th\u00e9 glac\u00e9 glace au citron<\/p>\n<p>43. Th\u00e9 glac\u00e9 glace \u00e0 la p\u00eache<\/p>\n<p>44. Cerise p\u00e9tillante<\/p>\n<p>45.Quilles<\/p>\n<p>46.Menthe fra\u00eeche<\/p>\n<p>47.Pina Colada<\/p>\n<p><img loading=\"lazy\" decoding=\"async\" class=\"alignnone wp-image-1258 size-full\" src=\"https:\/\/pgvape.com\/wp-content\/uploads\/2025\/09\/Pgvape-RandM-Tornad-15k-Puffs-Disposable-Vape-5.png\" alt=\"Affiche promotionnelle pour les vapes jetables Fumot Tornado 15000 PUFF montrant des rang\u00e9es d&#039;appareils color\u00e9s, chacun avec un personnage de singe de dessin anim\u00e9, un bloc de sp\u00e9cifications du produit (15 000 bouff\u00e9es, capacit\u00e9 de 25 ml, options de nicotine 0 \u00e0 51 TP3T, batterie rechargeable de 850 mAh, bobine de maille de 0,9 \u03a9) et une liste num\u00e9rot\u00e9e de nombreux noms de saveurs comme Blue Razz Lemonade, Peach Ice, Watermelon Ice, Strawberry Watermelon, Blueberry, .\" width=\"1080\" height=\"1080\" srcset=\"https:\/\/pgvape.com\/wp-content\/uploads\/2025\/09\/Pgvape-RandM-Tornad-15k-Puffs-Disposable-Vape-5.png 1080w, https:\/\/pgvape.com\/wp-content\/uploads\/2025\/09\/Pgvape-RandM-Tornad-15k-Puffs-Disposable-Vape-5-360x360.png 360w, https:\/\/pgvape.com\/wp-content\/uploads\/2025\/09\/Pgvape-RandM-Tornad-15k-Puffs-Disposable-Vape-5-595x595.png 595w, https:\/\/pgvape.com\/wp-content\/uploads\/2025\/09\/Pgvape-RandM-Tornad-15k-Puffs-Disposable-Vape-5-400x400.png 400w, https:\/\/pgvape.com\/wp-content\/uploads\/2025\/09\/Pgvape-RandM-Tornad-15k-Puffs-Disposable-Vape-5-768x768.png 768w, https:\/\/pgvape.com\/wp-content\/uploads\/2025\/09\/Pgvape-RandM-Tornad-15k-Puffs-Disposable-Vape-5-12x12.png 12w, https:\/\/pgvape.com\/wp-content\/uploads\/2025\/09\/Pgvape-RandM-Tornad-15k-Puffs-Disposable-Vape-5-300x300.png 300w, https:\/\/pgvape.com\/wp-content\/uploads\/2025\/09\/Pgvape-RandM-Tornad-15k-Puffs-Disposable-Vape-5-600x600.png 600w, https:\/\/pgvape.com\/wp-content\/uploads\/2025\/09\/Pgvape-RandM-Tornad-15k-Puffs-Disposable-Vape-5-100x100.png 100w, https:\/\/pgvape.com\/wp-content\/uploads\/2025\/09\/Pgvape-RandM-Tornad-15k-Puffs-Disposable-Vape-5-40x40.png 40w\" sizes=\"auto, (max-width: 1080px) 100vw, 1080px\" \/><\/p>\n<p>&nbsp;<\/p>\n<h3><span style=\"font-size: 90%;\">RandM Tornado 15000 | Vape jetable 15 000 bouff\u00e9es <\/span><strong>Vid\u00e9o:<br \/>\n<iframe loading=\"lazy\" title=\"RandM Tornado 15000 | Vape jetable 15K Puffs | Affichage LED | Vape Factory Direct pgvape\" width=\"1020\" height=\"574\" src=\"https:\/\/www.youtube.com\/embed\/9Fr-KmfWr1Q?feature=oembed\" frameborder=\"0\" allow=\"accelerometer; autoplay; clipboard-write; encrypted-media; gyroscope; picture-in-picture; web-share\" referrerpolicy=\"strict-origin-when-cross-origin\" allowfullscreen><\/iframe><br \/>\n<\/strong><\/h3>\n<p>&nbsp;<\/p>\n<h2 class=\"header-vfC6AV auto-hide-last-sibling-br\">FAQ sur la vape jetable RandM Tornado 15000 | 15 000 bouff\u00e9es<\/h2>\n<p data-sourcepos=\"74:1-75:94\">\u2753 <strong data-sourcepos=\"74:3-74:44\">Combien de temps dure le Tornado 15000 ?<\/strong><br \/>\n\u2705Avec <strong data-sourcepos=\"75:8-75:24\">15 000 bouff\u00e9es<\/strong> et <strong data-sourcepos=\"75:29-75:46\">25 ml d'e-liquide<\/strong>, il surpasse les produits jetables standard de 3 \u00e0 5 fois.<\/p>\n<p data-sourcepos=\"77:1-78:105\">\u2753 <strong data-sourcepos=\"77:3-77:48\">Qu\u2019est-ce qui rend la qualit\u00e9 de la vapeur exceptionnelle ?<\/strong><br \/>\n\u2705Le <strong data-sourcepos=\"78:7-78:20\">bobine de maille<\/strong> assure <strong data-sourcepos=\"78:29-78:58\">30% plus d'intensit\u00e9 de saveur<\/strong> et <strong data-sourcepos=\"78:63-78:80\">nuages \u200b\u200b\u200b\u200bplus denses<\/strong> par rapport aux bobines traditionnelles.<\/p>\n<p data-sourcepos=\"80:1-81:79\">\u2753 <strong data-sourcepos=\"80:3-80:43\">Puis-je suivre les niveaux de batterie\/e-liquide ?<\/strong><br \/>\n\u2705Le <strong data-sourcepos=\"81:7-81:22\">Affichage LED<\/strong> indique la capacit\u00e9 restante exacte \u2013 aucune estimation n'est n\u00e9cessaire.<\/p>\n<p data-sourcepos=\"83:1-84:77\">\u2753 <strong data-sourcepos=\"83:3-83:51\">Est-il adapt\u00e9 aux utilisateurs sensibles \u00e0 la nicotine ?<\/strong><br \/>\n\u2705 Choisissez <strong data-sourcepos=\"84:10-84:16\">2%<\/strong> pour une exp\u00e9rience douce ou <strong data-sourcepos=\"84:42-84:48\">5%<\/strong> pour une plus grande satisfaction.<\/p>\n<p data-sourcepos=\"86:1-87:81\">\u2753 <strong data-sourcepos=\"86:3-86:42\">Combien d\u2019appareils sont livr\u00e9s dans un colis ?<\/strong><br \/>\n\u2705 <strong data-sourcepos=\"87:3-87:31\">10 unit\u00e9s par bo\u00eete de pr\u00e9sentation<\/strong> \u2013 id\u00e9al pour les d\u00e9taillants ou pour stocker des favoris.<\/p>\n<p data-sourcepos=\"89:1-90:221\">\u2753 <strong data-sourcepos=\"89:3-89:44\">Quelles cat\u00e9gories de saveurs sont disponibles ?<\/strong><br \/>\n\u2705 <strong data-sourcepos=\"90:3-90:24\">6 profils de saveurs<\/strong>: Fruit\u00e9 (ex. :, <strong data-sourcepos=\"90:40-90:68\">Kiwi Fruit de la Passion Goyave<\/strong>), Glac\u00e9 (<strong data-sourcepos=\"90:76-90:94\">Glace \u00e0 la past\u00e8que<\/strong>), Boisson (<strong data-sourcepos=\"90:107-90:122\">Pina Colada<\/strong>), Bonbons (<strong data-sourcepos=\"90:132-90:146\">Ours gommeux<\/strong>), tropicale (<strong data-sourcepos=\"90:159-90:175\">Fruit du dragon<\/strong>), et des m\u00e9langes uniques (<strong data-sourcepos=\"90:197-90:217\">Cerise Razz bleue<\/strong>).<\/p>\n<p data-sourcepos=\"92:1-93:76\">\u2753 <strong data-sourcepos=\"92:3-92:35\">Est-ce que cela n\u00e9cessite un entretien ?<\/strong><br \/>\n\u2705 <strong data-sourcepos=\"93:3-93:23\">Z\u00e9ro entretien<\/strong> \u2013 conception jetable avec <strong data-sourcepos=\"93:49-93:73\">activation du tirage automatique<\/strong>.<\/p>\n<p data-sourcepos=\"95:1-96:77\">\u2753 <strong data-sourcepos=\"95:3-95:40\">\u00c0 quelle vitesse la batterie se charge-t-elle ?<\/strong><br \/>\n\u2705Le <strong data-sourcepos=\"96:7-96:25\">Batterie 850 mAh<\/strong> se recharge compl\u00e8tement en <strong data-sourcepos=\"96:45-96:60\">~60 minutes<\/strong> via micro-USB.<\/p>\n<p>&nbsp;<\/p>\n<h3 id=\"brxe-najhln\" class=\"brxe-heading\"><span style=\"font-size: 90%;\">Foire aux questions (FAQ)<\/span><\/h3>\n<div id=\"brxe-rajiac\" class=\"brxe-text\">\n<p><strong>Q : Quels modes de paiement acceptez-vous ?<\/strong><br \/>\nR\u00a0: Nous acceptons PayPal, Stripe, les virements bancaires (pris en charge par SEPA), les principales cartes de cr\u00e9dit (Visa, MasterCard, American Express) et les paiements en crypto-monnaie.<\/p>\n<p><strong>Q : Combien de temps prend la pr\u00e9paration d\u2019une commande ?<\/strong><br \/>\nR : La pr\u00e9paration de la commande prend 1 \u00e0 3 jours ouvrables.<\/p>\n<p><strong>Q : Quel est le d\u00e9lai de livraison ?<\/strong><br \/>\nR : Le d\u00e9lai de livraison est de 7 \u00e0 14 jours ouvrables, selon votre emplacement.<\/p>\n<p><strong>Q : Comment puis-je suivre ma commande ?<\/strong><br \/>\nR : Apr\u00e8s l'exp\u00e9dition, vous recevrez un e-mail de confirmation avec un num\u00e9ro de suivi pour un suivi en temps r\u00e9el.<\/p>\n<p><strong>Q : Quelle est votre politique de retour ?<\/strong><br \/>\nR : Nous proposons une politique de retour de 30 jours pour les remboursements ou les \u00e9changes. .<\/p>\n<p><strong>Q : Y aura-t-il des probl\u00e8mes douaniers ?<br \/>\n<\/strong>Nous prenons en charge toutes les proc\u00e9dures de d\u00e9douanement pour vous garantir une exp\u00e9rience sans tracas. .<\/p>\n<p><strong>Q : Quelles m\u00e9thodes d\u2019exp\u00e9dition sont utilis\u00e9es ?<\/strong><br \/>\nNous coop\u00e9rons avec UPS\/DHL\/FEDEX\/DPD, etc. Nous choisirons l'option d'exp\u00e9dition appropri\u00e9e en fonction du pays de livraison pour garantir que vous recevez vos produits le plus rapidement possible.<\/p>\n<p><a href=\"https:\/\/pgvape.com\/fr\/faq\/\">Cliquez ici pour plus de FAQ<\/a><\/p>\n<p>Chers clients, Si vous avez des questions concernant votre commande ou l'arriv\u00e9e des marchandises, n'h\u00e9sitez pas \u00e0 contacter notre service client. Merci !<\/p>\n<h3 data-sourcepos=\"73:1-73:21\"><strong data-sourcepos=\"73:7-73:21\">Contactez-nous<\/strong><\/h3>\n<div id=\"text-2419739398\" class=\"text\">\n<p><strong data-sourcepos=\"75:3-75:12\">E-mail<\/strong>:\u00a0<a href=\"mailto:support@pgvape.com\"><strong>support@pgvape.com<\/strong><\/a><\/p>\n<p><strong data-sourcepos=\"76:3-76:15\">WhatsApp<\/strong>: <a href=\"https:\/\/wa.me\/+8618128481258\"><strong>+86 18128481258<\/strong><\/a><br \/>\n<strong>(R\u00e9ponse sous 24h les jours ouvr\u00e9s)<\/strong><\/p>\n<\/div>\n<h3><strong>Merci d'avoir choisi pgvape.com ! .<\/strong><\/h3>\n<\/div>","protected":false},"excerpt":{"rendered":"<p><strong data-sourcepos=\"101:5-101:28\">RandM Tornade 15000<\/strong> place la barre avec <strong data-sourcepos=\"101:47-101:63\">15 000 bouff\u00e9es<\/strong>, <strong data-sourcepos=\"101:65-101:82\">Capacit\u00e9 de 25 ml<\/strong>, et <strong data-sourcepos=\"101:88-101:112\">technologie de bobine de maille<\/strong>. <strong data-sourcepos=\"101:118-101:133\">Affichage LED<\/strong> et <strong data-sourcepos=\"101:138-101:164\">Options de nicotine 2%\/5%<\/strong> s'adresser \u00e0 tous les vapoteurs, tandis que <strong data-sourcepos=\"101:192-101:206\">41 saveurs<\/strong> et <strong data-sourcepos=\"101:211-101:237\">emballage pr\u00eat \u00e0 la vente au d\u00e9tail<\/strong> en faire un atout commercial.<\/p>","protected":false},"featured_media":1271,"comment_status":"open","ping_status":"closed","template":"","meta":{"_seopress_robots_primary_cat":"none","_seopress_titles_title":"%%post_title%% %%sep%% %%sitetitle%%","_seopress_titles_desc":"","_seopress_robots_index":""},"product_brand":[516,162],"product_cat":[113,515,26],"product_tag":[115,116,117,118,108,79,490,59,114,109],"class_list":{"0":"post-1251","1":"product","2":"type-product","3":"status-publish","4":"has-post-thumbnail","6":"product_brand-disposable-vape","7":"product_brand-fumot-vape","8":"product_cat-15k-puffs-vape","9":"product_cat-disposable-vape","10":"product_cat-fumot-vape","11":"product_tag-115","12":"product_tag-15k-puffs","13":"product_tag-15k-vape","14":"product_tag-2-5-nicotine","15":"product_tag-disposable","16":"product_tag-led-display","17":"product_tag-minimum-2-pieces","18":"product_tag-mouth-to-lung-mtl","19":"product_tag-randm-tornado","20":"product_tag-vape","22":"first","23":"instock","24":"sale","25":"shipping-taxable","26":"purchasable","27":"product-type-variable"},"_links":{"self":[{"href":"https:\/\/pgvape.com\/fr\/wp-json\/wp\/v2\/product\/1251","targetHints":{"allow":["GET"]}}],"collection":[{"href":"https:\/\/pgvape.com\/fr\/wp-json\/wp\/v2\/product"}],"about":[{"href":"https:\/\/pgvape.com\/fr\/wp-json\/wp\/v2\/types\/product"}],"replies":[{"embeddable":true,"href":"https:\/\/pgvape.com\/fr\/wp-json\/wp\/v2\/comments?post=1251"}],"wp:featuredmedia":[{"embeddable":true,"href":"https:\/\/pgvape.com\/fr\/wp-json\/wp\/v2\/media\/1271"}],"wp:attachment":[{"href":"https:\/\/pgvape.com\/fr\/wp-json\/wp\/v2\/media?parent=1251"}],"wp:term":[{"taxonomy":"product_brand","embeddable":true,"href":"https:\/\/pgvape.com\/fr\/wp-json\/wp\/v2\/product_brand?post=1251"},{"taxonomy":"product_cat","embeddable":true,"href":"https:\/\/pgvape.com\/fr\/wp-json\/wp\/v2\/product_cat?post=1251"},{"taxonomy":"product_tag","embeddable":true,"href":"https:\/\/pgvape.com\/fr\/wp-json\/wp\/v2\/product_tag?post=1251"}],"curies":[{"name":"wp","href":"https:\/\/api.w.org\/{rel}","templated":true}]}}