{"id":1044,"date":"2025-09-26T15:14:13","date_gmt":"2025-09-26T15:14:13","guid":{"rendered":"https:\/\/pgvape.com\/?post_type=product&#038;p=1044"},"modified":"2025-12-15T13:30:59","modified_gmt":"2025-12-15T13:30:59","slug":"fumot-tornado-25000-25k-bouffees-vape-ecran-tft-vape-direct-usine","status":"publish","type":"product","link":"https:\/\/pgvape.com\/fr\/produit\/fumot-tornado-25000-25k-bouffees-vape-ecran-tft-vape-direct-usine\/","title":{"rendered":"Fumot Tornado 25000 25k Puffs Disponibel Vape \u00c9cran TFT Vape Direct Usine"},"content":{"rendered":"<div class=\"auto-hide-last-sibling-br paragraph-JOTKXA paragraph-element br-paragraph-space\">\n<div class=\"auto-hide-last-sibling-br paragraph-JOTKXA paragraph-element br-paragraph-space\"><strong data-sourcepos=\"6:5-6:65\">Vape jetable d'\u00e9cran TFT de bouff\u00e9es de Tornado 25K de RandM Fumot<\/strong> offre un impressionnant <strong data-sourcepos=\"6:87-6:103\">25 000 bouff\u00e9es<\/strong>, aliment\u00e9 par un <strong data-sourcepos=\"6:118-6:149\">Batterie rechargeable de 700 mAh<\/strong> et un <strong data-sourcepos=\"6:156-6:182\">Capacit\u00e9 de 20 ml d'e-liquide<\/strong>. <strong data-sourcepos=\"6:188-6:208\">\u00c9cran TFT 1,77\u2033<\/strong> offre une visibilit\u00e9 claire des niveaux d'huile et de batterie, tandis que le <strong data-sourcepos=\"6:272-6:290\">bobine \u00e0 double maille<\/strong> offre des nuages \u200b\u200briches et lisses. <strong data-sourcepos=\"6:328-6:344\">interrupteur tactile<\/strong>, <strong data-sourcepos=\"6:346-6:378\">r\u00e9glage de la puissance \u00e0 trois pressions<\/strong>, et <strong data-sourcepos=\"6:384-6:408\">chargement rapide de type C<\/strong>, cet appareil allie commodit\u00e9 et performance. <strong data-sourcepos=\"6:473-6:487\">26 saveurs<\/strong> et <strong data-sourcepos=\"6:492-6:514\">Emballage de 10 pi\u00e8ces<\/strong>, il est parfait aussi bien pour les d\u00e9taillants que pour les vapoteurs.<\/div>\n<p>&nbsp;<\/p>\n<\/div>\n<h2>Fumot Tornado 25000 | 25k Puffs Disponibel Vape Sp\u00e9cifications du produit<\/h2>\n<p><strong data-sourcepos=\"11:3-11:25\">Force de la nicotine\u00a0:<\/strong>\u00a0<strong data-sourcepos=\"11:26-11:42\">2% \/ 3% \/ 5%<\/strong>\u00a0(Plusieurs options pour des pr\u00e9f\u00e9rences vari\u00e9es)<\/p>\n<p><strong data-sourcepos=\"12:3-12:18\">Nombre de bouff\u00e9es\u00a0:<\/strong>\u00a0<strong data-sourcepos=\"12:19-12:41\">Jusqu'\u00e0 25 000 bouff\u00e9es<\/strong>\u00a0(Exp\u00e9rience de vapotage longue dur\u00e9e)<\/p>\n<p><strong data-sourcepos=\"13:3-13:25\">Capacit\u00e9 e-liquide\u00a0:<\/strong>\u00a0<strong data-sourcepos=\"13:26-13:34\">20 ml<\/strong>\u00a0(Minimise les recharges fr\u00e9quentes)<\/p>\n<p><strong data-sourcepos=\"14:3-14:24\">Capacit\u00e9 de la batterie\u00a0:<\/strong>\u00a0<strong data-sourcepos=\"14:25-14:48\">700mAh rechargeable<\/strong>\u00a0(Puissance toute la journ\u00e9e)<\/p>\n<p><strong data-sourcepos=\"15:3-15:17\">Type de bobine\u00a0:<\/strong>\u00a0<strong data-sourcepos=\"15:18-15:36\">Bobine \u00e0 double maille<\/strong>\u00a0(Production am\u00e9lior\u00e9e de saveur et de vapeur)<\/p>\n<p><strong data-sourcepos=\"16:3-16:20\">Interrupteur tactile\u00a0:<\/strong>\u00a0Activation intuitive d'un simple toucher<\/p>\n<p><strong data-sourcepos=\"17:3-17:15\">Afficher:<\/strong>\u00a0<strong data-sourcepos=\"17:16-17:36\">\u00c9cran TFT 1,77\u2033<\/strong>\u00a0(Surveillance en temps r\u00e9el)<\/p>\n<p><strong data-sourcepos=\"18:3-18:18\">Indicateurs\u00a0:<\/strong>\u00a0<strong data-sourcepos=\"18:19-18:53\">Indicateurs de niveau d'huile et de batterie<\/strong><\/p>\n<p><strong data-sourcepos=\"19:3-19:24\">R\u00e9glage de la puissance\u00a0:<\/strong>\u00a0<strong data-sourcepos=\"19:25-19:55\">Commande par bouton \u00e0 trois pressions<\/strong><\/p>\n<p><strong data-sourcepos=\"20:3-20:21\">Port de chargement\u00a0:<\/strong>\u00a0<strong data-sourcepos=\"20:22-20:32\">Type-C<\/strong>\u00a0(Rapide et efficace)<\/p>\n<p><strong data-sourcepos=\"21:3-21:17\">Conditionnement:<\/strong>\u00a0<strong data-sourcepos=\"21:18-21:33\">10 pi\u00e8ces\/paquet<\/strong>\u00a0(Id\u00e9al pour les acheteurs en gros)<\/p>\n<p><strong data-sourcepos=\"22:3-22:22\">Options de saveur\u00a0:<\/strong>\u00a0<strong data-sourcepos=\"22:23-22:39\">26 vari\u00e9t\u00e9s<\/strong><\/p>\n<p>&nbsp;<\/p>\n<h3>Fumot Tornado 25000 | 25 000 bouff\u00e9es Liste des saveurs de vape disponibles\u00a0:<\/h3>\n<p>1. Glace \u00e0 la banane<\/p>\n<p>2. Fraise Past\u00e8que<\/p>\n<p>3. Menthe de Miami<\/p>\n<p>4. Myrtille Framboise<\/p>\n<p>5. Glace noire<\/p>\n<p>6. Glace gommeuse blanche<\/p>\n<p>7. Glace \u00e0 la past\u00e8que<\/p>\n<p>8. Glace juteuse \u00e0 la p\u00eache<\/p>\n<p>9. Limonade rose<\/p>\n<p>10. Fraise Mangue<\/p>\n<p>11. Past\u00e8que P\u00eache Mangue<\/p>\n<p>12. Raisin Citron<\/p>\n<p>13. Explosion arc-en-ciel tropicale<\/p>\n<p>14. Bombe cerise<\/p>\n<p>15. Bonbons \u00e0 la fraise et \u00e0 la menthe<\/p>\n<p>16. Double pomme<\/p>\n<p>17. Myrtille sur glace<\/p>\n<p>18. Glace aux fraises<\/p>\n<p>19. Glace luxuriante<\/p>\n<p>20. Glace \u00e0 l'Ananas<\/p>\n<p>21. Glace aux raisins<\/p>\n<p>22. Dr Bleu<\/p>\n<p>23. Kiwi Fruit de la Passion Goyave<\/p>\n<p>24. Cola aux cerises<\/p>\n<p>25. Menthe fra\u00eeche<\/p>\n<p>26. Taureau Rouge Fraise<\/p>\n<p>&nbsp;<\/p>\n<p><img loading=\"lazy\" decoding=\"async\" class=\"alignnone wp-image-1057 size-full\" src=\"https:\/\/pgvape.com\/wp-content\/uploads\/2025\/09\/Pgvape-MOVKIN-Tornado-25000-25k-Puffs-Disposable-Vape-pen-touch-screen-Fumot-Original-E-cigarett-FDVAP-12.png\" alt=\"Fumot Tornado 25000 Taille du produit 1.77 pouces TFT\" width=\"2500\" height=\"1614\" srcset=\"https:\/\/pgvape.com\/wp-content\/uploads\/2025\/09\/Pgvape-MOVKIN-Tornado-25000-25k-Puffs-Disposable-Vape-pen-touch-screen-Fumot-Original-E-cigarett-FDVAP-12.png 2500w, https:\/\/pgvape.com\/wp-content\/uploads\/2025\/09\/Pgvape-MOVKIN-Tornado-25000-25k-Puffs-Disposable-Vape-pen-touch-screen-Fumot-Original-E-cigarett-FDVAP-12-555x358.png 555w, https:\/\/pgvape.com\/wp-content\/uploads\/2025\/09\/Pgvape-MOVKIN-Tornado-25000-25k-Puffs-Disposable-Vape-pen-touch-screen-Fumot-Original-E-cigarett-FDVAP-12-595x384.png 595w, https:\/\/pgvape.com\/wp-content\/uploads\/2025\/09\/Pgvape-MOVKIN-Tornado-25000-25k-Puffs-Disposable-Vape-pen-touch-screen-Fumot-Original-E-cigarett-FDVAP-12-400x258.png 400w, https:\/\/pgvape.com\/wp-content\/uploads\/2025\/09\/Pgvape-MOVKIN-Tornado-25000-25k-Puffs-Disposable-Vape-pen-touch-screen-Fumot-Original-E-cigarett-FDVAP-12-768x496.png 768w, https:\/\/pgvape.com\/wp-content\/uploads\/2025\/09\/Pgvape-MOVKIN-Tornado-25000-25k-Puffs-Disposable-Vape-pen-touch-screen-Fumot-Original-E-cigarett-FDVAP-12-1536x992.png 1536w, https:\/\/pgvape.com\/wp-content\/uploads\/2025\/09\/Pgvape-MOVKIN-Tornado-25000-25k-Puffs-Disposable-Vape-pen-touch-screen-Fumot-Original-E-cigarett-FDVAP-12-2048x1322.png 2048w, https:\/\/pgvape.com\/wp-content\/uploads\/2025\/09\/Pgvape-MOVKIN-Tornado-25000-25k-Puffs-Disposable-Vape-pen-touch-screen-Fumot-Original-E-cigarett-FDVAP-12-18x12.png 18w, https:\/\/pgvape.com\/wp-content\/uploads\/2025\/09\/Pgvape-MOVKIN-Tornado-25000-25k-Puffs-Disposable-Vape-pen-touch-screen-Fumot-Original-E-cigarett-FDVAP-12-600x387.png 600w, https:\/\/pgvape.com\/wp-content\/uploads\/2025\/09\/Pgvape-MOVKIN-Tornado-25000-25k-Puffs-Disposable-Vape-pen-touch-screen-Fumot-Original-E-cigarett-FDVAP-12-60x40.png 60w\" sizes=\"auto, (max-width: 2500px) 100vw, 2500px\" \/><\/p>\n<p>&nbsp;<\/p>\n<h3>Fumot Tornado 25000 | 25k Puffs Disponibel Vape <strong>Vid\u00e9o:<\/strong><\/h3>\n<p><iframe loading=\"lazy\" title=\"Fumot Tornado 25000 | 25k Puffs Disponibel Vape | \u00c9cran TFT | Vape Factory Direct pgvape\" width=\"563\" height=\"1000\" src=\"https:\/\/www.youtube.com\/embed\/Be4a8cFngCw?feature=oembed\" frameborder=\"0\" allow=\"accelerometer; autoplay; clipboard-write; encrypted-media; gyroscope; picture-in-picture; web-share\" referrerpolicy=\"strict-origin-when-cross-origin\" allowfullscreen><\/iframe><\/p>\n<p>&nbsp;<\/p>\n<h2 class=\"header-vfC6AV auto-hide-last-sibling-br\">FAQ sur Fumot Tornado 25000 | 25k Puffs Disponibel Vape<\/h2>\n<p data-sourcepos=\"57:1-58:118\">\u2753 <strong data-sourcepos=\"57:3-57:70\">Quels sont les dosages en nicotine du RandM Fumot Tornado 25K ?<\/strong><br \/>\n\u2705 Il entre <strong data-sourcepos=\"58:15-58:21\">2%<\/strong>, <strong data-sourcepos=\"58:23-58:29\">3%<\/strong>, et <strong data-sourcepos=\"58:35-58:41\">5%<\/strong> niveaux de nicotine, r\u00e9pondant aux pr\u00e9f\u00e9rences de coups de gorge l\u00e9gers et forts.<\/p>\n<p data-sourcepos=\"60:1-61:95\">\u2753 <strong data-sourcepos=\"60:3-60:63\">Combien de bouff\u00e9es le RandM Fumot Tornado 25K fournit-il ?<\/strong><br \/>\n\u2705 Il livre <strong data-sourcepos=\"61:15-61:37\">jusqu'\u00e0 25 000 bouff\u00e9es<\/strong>, garantissant une exp\u00e9rience de vapotage prolong\u00e9e et satisfaisante.<\/p>\n<p data-sourcepos=\"63:1-64:64\">\u2753 <strong data-sourcepos=\"63:3-63:68\">Quelle est la contenance e-liquide du RandM Fumot Tornado 25K ?<\/strong><br \/>\n\u2705 Il a un <strong data-sourcepos=\"64:12-64:20\">20 ml<\/strong> R\u00e9servoir e-liquide, parfait pour une utilisation \u00e0 long terme.<\/p>\n<p data-sourcepos=\"66:1-67:77\">\u2753 <strong data-sourcepos=\"66:3-66:51\">Le RandM Fumot Tornado 25K est-il rechargeable ?<\/strong><br \/>\n\u2705 Oui, il comprend un <strong data-sourcepos=\"67:22-67:53\">Batterie rechargeable de 700 mAh<\/strong> pour une puissance constante.<\/p>\n<p data-sourcepos=\"69:1-70:71\">\u2753 <strong data-sourcepos=\"69:3-69:37\">Quel type de bobine utilise-t-il ?<\/strong><br \/>\n\u2705 Il utilise un <strong data-sourcepos=\"70:13-70:31\">bobine \u00e0 double maille<\/strong> pour une saveur plus riche et une vapeur plus douce.<\/p>\n<p data-sourcepos=\"72:1-73:56\">\u2753 <strong data-sourcepos=\"72:3-72:34\">Comment fonctionne l'appareil ?<\/strong><br \/>\n\u2705 Il comporte un <strong data-sourcepos=\"73:17-73:33\">interrupteur tactile<\/strong> pour une activation facile.<\/p>\n<p data-sourcepos=\"75:1-76:74\">\u2753 <strong data-sourcepos=\"75:3-75:48\">De quel type d'\u00e9cran dispose l'appareil\u00a0?<\/strong><br \/>\n\u2705 Il a un <strong data-sourcepos=\"76:12-76:32\">\u00c9cran TFT 1,77\u2033<\/strong> pour une visibilit\u00e9 claire des mesures de vapotage.<\/p>\n<p data-sourcepos=\"78:1-79:75\">\u2753 <strong data-sourcepos=\"78:3-78:48\">Puis-je surveiller les niveaux d\u2019huile et de batterie ?<\/strong><br \/>\n\u2705 Oui, int\u00e9gr\u00e9 <strong data-sourcepos=\"79:17-79:31\">indicateurs<\/strong> afficher les niveaux d'e-liquide et de batterie.<\/p>\n<p data-sourcepos=\"81:1-82:69\">\u2753 <strong data-sourcepos=\"81:3-81:40\">Comment r\u00e9gler la puissance de sortie ?<\/strong><br \/>\n\u2705 Appuyez sur le bouton <strong data-sourcepos=\"82:20-82:35\">trois fois<\/strong> pour personnaliser le r\u00e9glage de la puissance.<\/p>\n<p data-sourcepos=\"84:1-85:63\">\u2753 <strong data-sourcepos=\"84:3-84:46\">Quel type de port de chargement utilise-t-il ?<br \/>\n<\/strong> \u2705 Il utilise un <strong data-sourcepos=\"85:13-85:28\">Port de type C<\/strong> pour une charge rapide et efficace.<\/p>\n<p>&nbsp;<\/p>\n<h3 id=\"brxe-najhln\" class=\"brxe-heading\">Foire aux questions (FAQ)<\/h3>\n<div id=\"brxe-rajiac\" class=\"brxe-text\">\n<p><strong>Q : Quels modes de paiement acceptez-vous ?<\/strong><br \/>\nR\u00a0: Nous acceptons PayPal, Stripe, les virements bancaires (pris en charge par SEPA), les principales cartes de cr\u00e9dit (Visa, MasterCard, American Express) et les paiements en crypto-monnaie.<\/p>\n<p><strong>Q : Combien de temps prend la pr\u00e9paration d\u2019une commande ?<\/strong><br \/>\nR : La pr\u00e9paration de la commande prend 1 \u00e0 3 jours ouvrables.<\/p>\n<p><strong>Q : Quel est le d\u00e9lai de livraison ?<\/strong><br \/>\nR : Le d\u00e9lai de livraison est de 7 \u00e0 14 jours ouvrables, selon votre emplacement.<\/p>\n<p><strong>Q : Comment puis-je suivre ma commande ?<\/strong><br \/>\nR : Apr\u00e8s l'exp\u00e9dition, vous recevrez un e-mail de confirmation avec un num\u00e9ro de suivi pour un suivi en temps r\u00e9el.<\/p>\n<p><strong>Q : Quelle est votre politique de retour ?<\/strong><br \/>\nR : Nous proposons une politique de retour de 30 jours pour les remboursements ou les \u00e9changes. .<\/p>\n<p><strong>Q : Y aura-t-il des probl\u00e8mes douaniers ?<br \/>\n<\/strong>Nous prenons en charge toutes les proc\u00e9dures de d\u00e9douanement pour vous garantir une exp\u00e9rience sans tracas. .<\/p>\n<p><strong>Q : Quelles m\u00e9thodes d\u2019exp\u00e9dition sont utilis\u00e9es ?<\/strong><br \/>\nNous coop\u00e9rons avec UPS\/DHL\/FEDEX\/DPD, etc. Nous choisirons l'option d'exp\u00e9dition appropri\u00e9e en fonction du pays de livraison pour garantir que vous recevez vos produits le plus rapidement possible.<\/p>\n<p><a href=\"https:\/\/pgvape.com\/fr\/faq\/\">Cliquez ici pour plus de FAQ<\/a><\/p>\n<p>Chers clients, Si vous avez des questions concernant votre commande ou l'arriv\u00e9e des marchandises, n'h\u00e9sitez pas \u00e0 contacter notre service client. Merci !<\/p>\n<h3 data-sourcepos=\"73:1-73:21\"><strong data-sourcepos=\"73:7-73:21\">Contactez-nous<\/strong><\/h3>\n<div id=\"text-2419739398\" class=\"text\">\n<p><strong data-sourcepos=\"75:3-75:12\">E-mail<\/strong>:\u00a0<a href=\"mailto:support@pgvape.com\"><strong>support@pgvape.com<\/strong><\/a><\/p>\n<p><strong data-sourcepos=\"76:3-76:15\">WhatsApp<\/strong>: <a href=\"https:\/\/wa.me\/+8618128481258\"><strong>+86 18128481258<\/strong><\/a><br \/>\n<strong>(R\u00e9ponse sous 24h les jours ouvr\u00e9s)<\/strong><\/p>\n<\/div>\n<h3><strong>Merci d'avoir choisi pgvape.com ! .<\/strong><\/h3>\n<\/div>","protected":false},"excerpt":{"rendered":"<p><strong data-sourcepos=\"90:5-90:54\">RandM Fumot Tornado 25K Puffs Vape jetable<\/strong> comporte un <strong data-sourcepos=\"90:66-90:92\">Capacit\u00e9 de 20 ml d'e-liquide<\/strong>, <strong data-sourcepos=\"90:94-90:112\">Batterie 700 mAh<\/strong>, et <strong data-sourcepos=\"90:118-90:136\">bobine \u00e0 double maille<\/strong> pour une saveur intense. <strong data-sourcepos=\"90:161-90:181\">\u00c9cran TFT 1,77\u2033<\/strong> et <strong data-sourcepos=\"90:186-90:202\">interrupteur tactile<\/strong> offrir un contr\u00f4le premium, tout en <strong data-sourcepos=\"90:232-90:246\">26 saveurs<\/strong> et <strong data-sourcepos=\"90:251-90:273\">Emballage de 10 pi\u00e8ces<\/strong> en font un premier choix pour les vapoteurs et les vendeurs.<\/p>","protected":false},"featured_media":1449,"comment_status":"open","ping_status":"closed","template":"","meta":{"_seopress_robots_primary_cat":"none","_seopress_titles_title":"%%post_title%% %%sep%% %%sitetitle%%","_seopress_titles_desc":"","_seopress_robots_index":""},"product_brand":[516,162],"product_cat":[94,515,26],"product_tag":[99,96,101,97,95,100,98],"class_list":{"0":"post-1044","1":"product","2":"type-product","3":"status-publish","4":"has-post-thumbnail","6":"product_brand-disposable-vape","7":"product_brand-fumot-vape","8":"product_cat-25k-puffs-vape","9":"product_cat-disposable-vape","10":"product_cat-fumot-vape","11":"product_tag-13smakar","12":"product_tag-25k-puffs","13":"product_tag-25k-vape","14":"product_tag-disponibel-vape","15":"product_tag-fumot-tornado-25000","16":"product_tag-pekskarm","17":"product_tag-tft-screen","19":"first","20":"outofstock","21":"sale","22":"shipping-taxable","23":"purchasable","24":"product-type-variable"},"_links":{"self":[{"href":"https:\/\/pgvape.com\/fr\/wp-json\/wp\/v2\/product\/1044","targetHints":{"allow":["GET"]}}],"collection":[{"href":"https:\/\/pgvape.com\/fr\/wp-json\/wp\/v2\/product"}],"about":[{"href":"https:\/\/pgvape.com\/fr\/wp-json\/wp\/v2\/types\/product"}],"replies":[{"embeddable":true,"href":"https:\/\/pgvape.com\/fr\/wp-json\/wp\/v2\/comments?post=1044"}],"wp:featuredmedia":[{"embeddable":true,"href":"https:\/\/pgvape.com\/fr\/wp-json\/wp\/v2\/media\/1449"}],"wp:attachment":[{"href":"https:\/\/pgvape.com\/fr\/wp-json\/wp\/v2\/media?parent=1044"}],"wp:term":[{"taxonomy":"product_brand","embeddable":true,"href":"https:\/\/pgvape.com\/fr\/wp-json\/wp\/v2\/product_brand?post=1044"},{"taxonomy":"product_cat","embeddable":true,"href":"https:\/\/pgvape.com\/fr\/wp-json\/wp\/v2\/product_cat?post=1044"},{"taxonomy":"product_tag","embeddable":true,"href":"https:\/\/pgvape.com\/fr\/wp-json\/wp\/v2\/product_tag?post=1044"}],"curies":[{"name":"wp","href":"https:\/\/api.w.org\/{rel}","templated":true}]}}