{"id":10253,"date":"2026-04-29T13:00:29","date_gmt":"2026-04-29T13:00:29","guid":{"rendered":"https:\/\/pgvape.com\/?post_type=product&#038;p=10253"},"modified":"2026-04-29T13:00:29","modified_gmt":"2026-04-29T13:00:29","slug":"vape-jetable-qq-bang-120k-avec-charge-rapide-de-120-000-bouffees-et-affichage-led","status":"publish","type":"product","link":"https:\/\/pgvape.com\/fr\/produit\/vape-jetable-qq-bang-120k-avec-charge-rapide-de-120-000-bouffees-et-affichage-led\/","title":{"rendered":"Vape jetable de QQ Bang 120K avec 120000 souffles chargeant rapidement et affichage \u00e0 LED"},"content":{"rendered":"<h2 data-start=\"0\" data-end=\"76\"><strong data-start=\"3\" data-end=\"76\">QQ Bang 120K Vape jetable | Appareil portable intelligent haute performance<\/strong><\/h2>\n<p data-start=\"78\" data-end=\"301\">Le vape jetable QQ Bang 120K est con\u00e7u pour les utilisateurs qui appr\u00e9cient la portabilit\u00e9, les performances fiables et la commodit\u00e9 moderne, offrant une exp\u00e9rience de vapotage fluide et satisfaisante dans un appareil compact.<\/p>\n<p data-start=\"303\" data-end=\"530\">Dot\u00e9 d'un syst\u00e8me \u00e0 saveur unique et d'un fil chauffant 1.0\u03a9, il offre un go\u00fbt pur, un coup de gorge \u00e9quilibr\u00e9 et un d\u00e9bit de vapeur stable. Avec plusieurs options de concentration de nicotine et 12 saveurs populaires, il convient \u00e0 un large \u00e9ventail de pr\u00e9f\u00e9rences.<\/p>\n<p data-start=\"532\" data-end=\"764\">Aliment\u00e9 par une batterie rechargeable de 650 mAh avec charge rapide de type C, cet appareil garantit une utilisation quotidienne efficace et une recharge pratique. L'\u00e9cran LED int\u00e9gr\u00e9 permet une surveillance de la batterie en temps r\u00e9el pour un contr\u00f4le suppl\u00e9mentaire et une facilit\u00e9 d'utilisation.<\/p>\n<p data-start=\"766\" data-end=\"858\" data-is-last-node=\"\" data-is-only-node=\"\">Un choix id\u00e9al pour les utilisateurs \u00e0 la recherche de style, de fonctionnalit\u00e9 et de performances fiables au quotidien.<\/p>\n<p>&nbsp;<\/p>\n<h3 id=\"brxe-najhln\" class=\"brxe-heading\"><\/h3>\n<p data-start=\"766\" data-end=\"858\" data-is-last-node=\"\" data-is-only-node=\"\">\n<h2 data-start=\"766\" data-end=\"858\"><strong>QQ Bang 120K bouff\u00e9es Vape jetable <\/strong><strong>Points forts du produit<\/strong><\/h2>\n<p data-start=\"58\" data-end=\"170\"><strong data-start=\"58\" data-end=\"81\">Jusqu'\u00e0 120 000 bouff\u00e9es<\/strong> \u2013 Performances durables con\u00e7ues pour un vapotage quotidien fiable avec moins de remplacements.<\/p>\n<p data-start=\"172\" data-end=\"293\"><strong data-start=\"172\" data-end=\"201\">Plusieurs options de nicotine<\/strong> \u2013 Disponible en <strong data-start=\"217\" data-end=\"235\">2%, 3% et 5%<\/strong> pour une satisfaction flexible bas\u00e9e sur les pr\u00e9f\u00e9rences personnelles.<\/p>\n<p data-start=\"295\" data-end=\"384\"><strong data-start=\"295\" data-end=\"319\">Syst\u00e8me \u00e0 saveur unique<\/strong> \u2013 D\u00e9livrance d\u2019une saveur pure et constante de la premi\u00e8re bouff\u00e9e \u00e0 la derni\u00e8re.<\/p>\n<p data-start=\"386\" data-end=\"500\"><strong data-start=\"386\" data-end=\"418\">1.0\u03a9 Technologie de fil chauffant<\/strong> \u2013 Production de vapeur douce, frappe \u00e9quilibr\u00e9e dans la gorge et performances globales stables.<\/p>\n<p data-start=\"502\" data-end=\"598\"><strong data-start=\"502\" data-end=\"533\">Batterie rechargeable 650 mAh<\/strong> \u2013 Une batterie int\u00e9gr\u00e9e fiable prend en charge des sessions de vapotage prolong\u00e9es.<\/p>\n<p data-start=\"600\" data-end=\"703\"><strong data-start=\"600\" data-end=\"624\">Chargement rapide de type C<\/strong> \u2013 Chargement rapide et efficace pour des temps d\u2019arr\u00eat r\u00e9duits et une plus grande commodit\u00e9.<\/p>\n<p data-start=\"705\" data-end=\"801\"><strong data-start=\"705\" data-end=\"727\">\u00c9cran d'affichage \u00e0 LED<\/strong> \u2013 Surveillance de la batterie en temps r\u00e9el pour un meilleur contr\u00f4le et un meilleur confort d\u2019utilisation.<\/p>\n<p data-start=\"803\" data-end=\"893\"><strong data-start=\"803\" data-end=\"832\">Conception compacte et portable<\/strong> \u2013 L\u00e9ger et facile \u00e0 transporter pour un usage quotidien n\u2019importe o\u00f9.<\/p>\n<p data-start=\"895\" data-end=\"980\"><strong data-start=\"895\" data-end=\"916\">12 options de saveurs<\/strong> \u2013 Large s\u00e9lection de saveurs populaires pour r\u00e9pondre \u00e0 diff\u00e9rents go\u00fbts.<\/p>\n<p data-start=\"982\" data-end=\"1098\"><strong data-start=\"982\" data-end=\"1012\">Sortie fluide et coh\u00e9rente<\/strong> \u2013 Le syst\u00e8me de chauffage optimis\u00e9 garantit des tirages satisfaisants tout au long de la dur\u00e9e de vie de l\u2019appareil.<\/p>\n<p data-start=\"1100\" data-end=\"1213\" data-is-last-node=\"\" data-is-only-node=\"\"><strong data-start=\"1100\" data-end=\"1127\">Appareil moderne \u00e0 usage quotidien<\/strong> \u2013 Combine portabilit\u00e9, fonctionnalit\u00e9s intelligentes et performances fiables dans un seul vape \u00e9l\u00e9gant.<\/p>\n<p>&nbsp;<\/p>\n<h2 data-start=\"766\" data-end=\"858\"><strong>Liste des saveurs de vape jetables QQ Bang 120K bouff\u00e9es<\/strong><\/h2>\n<p><strong data-start=\"56\" data-end=\"84\">1.M\u00fbre Framboise Rouge<\/strong><\/p>\n<p><strong data-start=\"89\" data-end=\"106\">2. Glace bleue Razz<\/strong><\/p>\n<p><strong data-start=\"111\" data-end=\"138\">3. Myrtille Rouge Framboise<\/strong><\/p>\n<p><strong data-start=\"143\" data-end=\"159\">4. Raisin Sakura<\/strong><\/p>\n<p><strong data-start=\"164\" data-end=\"183\">5.Kiwi aux fraises<\/strong><\/p>\n<p><strong data-start=\"188\" data-end=\"214\">6. Past\u00e8que Mangue P\u00eache<\/strong><\/p>\n<p><strong data-start=\"219\" data-end=\"237\">7. Glace \u00e0 la past\u00e8que<\/strong><\/p>\n<p><strong data-start=\"242\" data-end=\"268\">8.Hubba Bubba Fraise<\/strong><\/p>\n<p><strong data-start=\"273\" data-end=\"303\">9. Myrtille Framboise Cerise<\/strong><\/p>\n<p><strong data-start=\"308\" data-end=\"325\">10. Baies m\u00e9lang\u00e9es<\/strong><\/p>\n<p><strong data-start=\"330\" data-end=\"358\">11. Gel de past\u00e8que et cerise<\/strong><\/p>\n<p><strong data-start=\"363\" data-end=\"380\">12. P\u00eaches juteuses<img loading=\"lazy\" decoding=\"async\" class=\"alignnone wp-image-10258 size-full\" src=\"https:\/\/pgvape.com\/wp-content\/uploads\/2026\/04\/QQ-Bang-120K-Disposable-Vape-With-120000-Puffs-Fast-Charging-And-LED-Display-3.png\" alt=\"Grille de 18 bouteilles QQ Bang color\u00e9es avec diff\u00e9rentes saveurs de fruits affich\u00e9es sur un fond d\u00e9grad\u00e9 rose \u00e0 orange.\" width=\"1500\" height=\"1325\" srcset=\"https:\/\/pgvape.com\/wp-content\/uploads\/2026\/04\/QQ-Bang-120K-Disposable-Vape-With-120000-Puffs-Fast-Charging-And-LED-Display-3.png 1500w, https:\/\/pgvape.com\/wp-content\/uploads\/2026\/04\/QQ-Bang-120K-Disposable-Vape-With-120000-Puffs-Fast-Charging-And-LED-Display-3-408x360.png 408w, https:\/\/pgvape.com\/wp-content\/uploads\/2026\/04\/QQ-Bang-120K-Disposable-Vape-With-120000-Puffs-Fast-Charging-And-LED-Display-3-595x526.png 595w, https:\/\/pgvape.com\/wp-content\/uploads\/2026\/04\/QQ-Bang-120K-Disposable-Vape-With-120000-Puffs-Fast-Charging-And-LED-Display-3-400x353.png 400w, https:\/\/pgvape.com\/wp-content\/uploads\/2026\/04\/QQ-Bang-120K-Disposable-Vape-With-120000-Puffs-Fast-Charging-And-LED-Display-3-768x678.png 768w, https:\/\/pgvape.com\/wp-content\/uploads\/2026\/04\/QQ-Bang-120K-Disposable-Vape-With-120000-Puffs-Fast-Charging-And-LED-Display-3-14x12.png 14w, https:\/\/pgvape.com\/wp-content\/uploads\/2026\/04\/QQ-Bang-120K-Disposable-Vape-With-120000-Puffs-Fast-Charging-And-LED-Display-3-600x530.png 600w\" sizes=\"auto, (max-width: 1500px) 100vw, 1500px\" \/><\/strong><\/p>\n<p>&nbsp;<\/p>\n<h2 data-start=\"766\" data-end=\"858\"><strong>FAQ QQ Bang 120K bouff\u00e9es Vape jetable<\/strong><\/h2>\n<p data-start=\"45\" data-end=\"208\"><strong data-start=\"45\" data-end=\"89\">\u2753Quels sont les dosages en nicotine disponibles ?<\/strong><br data-start=\"89\" data-end=\"92\" \/>\u2705 L'appareil est disponible en <strong data-start=\"121\" data-end=\"156\">Options de nicotine 2%, 3% et 5%<\/strong>, offrant aux utilisateurs des choix flexibles en fonction de leurs pr\u00e9f\u00e9rences.<\/p>\n<p data-start=\"210\" data-end=\"359\"><strong data-start=\"210\" data-end=\"255\">\u2753 Quel type de syst\u00e8me d'ar\u00f4mes utilise-t-il ?<\/strong><br data-start=\"255\" data-end=\"258\" \/>\u2705 Il comporte un <strong data-start=\"274\" data-end=\"298\">syst\u00e8me \u00e0 saveur unique<\/strong>, offrant un go\u00fbt pur et constant du d\u00e9but \u00e0 la fin.<\/p>\n<p data-start=\"361\" data-end=\"510\"><strong data-start=\"361\" data-end=\"395\">\u2753Quelle est la r\u00e9sistance de la bobine ?<\/strong><br data-start=\"395\" data-end=\"398\" \/>\u2705 L'appareil utilise un <strong data-start=\"418\" data-end=\"439\">1.0\u03a9 fil chauffant<\/strong>, offrant une vapeur douce, un coup de gorge \u00e9quilibr\u00e9 et des performances stables.<\/p>\n<p data-start=\"512\" data-end=\"629\"><strong data-start=\"512\" data-end=\"546\">\u2753 La batterie est-elle rechargeable ?<\/strong><br data-start=\"546\" data-end=\"549\" \/>\u2705 Oui, il est livr\u00e9 avec un <strong data-start=\"572\" data-end=\"603\">Batterie rechargeable de 650 mAh<\/strong> pour une utilisation quotidienne fiable.<\/p>\n<p data-start=\"631\" data-end=\"776\"><strong data-start=\"631\" data-end=\"674\">\u2753 Quelle m\u00e9thode de chargement prend-il en charge\u00a0?<\/strong><br data-start=\"674\" data-end=\"677\" \/>\u2705 Il prend en charge <strong data-start=\"691\" data-end=\"715\">Chargement rapide de type C<\/strong>, permettant une recharge rapide et efficace avec moins de temps d'arr\u00eat.<\/p>\n<p data-start=\"778\" data-end=\"896\"><strong data-start=\"778\" data-end=\"814\">\u2753 Est-ce qu'il a un \u00e9cran d'affichage ?<\/strong><br data-start=\"814\" data-end=\"817\" \/>\u2705 Oui, l'appareil dispose d'un <strong data-start=\"847\" data-end=\"862\">Affichage LED<\/strong> pour la surveillance de la batterie en temps r\u00e9el.<\/p>\n<p data-start=\"898\" data-end=\"1015\"><strong data-start=\"898\" data-end=\"927\">\u2753 L'appareil est-il portable ?<\/strong><br data-start=\"927\" data-end=\"930\" \/>\u2705Absolument. C'est <strong data-start=\"948\" data-end=\"982\">conception compacte et l\u00e9g\u00e8re<\/strong> le rend facile \u00e0 transporter partout.<\/p>\n<p data-start=\"1017\" data-end=\"1134\"><strong data-start=\"1017\" data-end=\"1054\">\u2753 Combien de saveurs sont disponibles ?<\/strong><br data-start=\"1054\" data-end=\"1057\" \/>\u2705 Il entre <strong data-start=\"1071\" data-end=\"1092\">12 options de saveurs<\/strong>, offrant une large gamme de go\u00fbts populaires.<\/p>\n<p data-start=\"1136\" data-end=\"1334\" data-is-last-node=\"\" data-is-only-node=\"\"><strong data-start=\"1136\" data-end=\"1175\">\u2753Pourquoi choisir le QQ Bang 120K Vape ?<\/strong><br data-start=\"1175\" data-end=\"1178\" \/>\u2705 Il combine <strong data-start=\"1192\" data-end=\"1287\">fonctionnalit\u00e9 LED moderne, commodit\u00e9 rechargeable, conception portable et performances fluides<\/strong>, ce qui en fait un excellent choix pour le vapotage quotidien.<\/p>\n<p>&nbsp;<\/p>\n<h3 id=\"brxe-najhln\" class=\"brxe-heading\">Foire aux questions (FAQ)<\/h3>\n<div id=\"brxe-rajiac\" class=\"brxe-text\">\n<p><strong>Q : Quels modes de paiement acceptez-vous ?<\/strong><br \/>\nR\u00a0: Nous acceptons PayPal, Stripe, les virements bancaires (pris en charge par SEPA), les principales cartes de cr\u00e9dit (Visa, MasterCard, American Express) et les paiements en crypto-monnaie.<\/p>\n<p><strong>Q : Combien de temps prend la pr\u00e9paration d\u2019une commande ?<\/strong><br \/>\nR : La pr\u00e9paration de la commande prend 1 \u00e0 3 jours ouvrables.<\/p>\n<p><strong>Q : Quel est le d\u00e9lai de livraison ?<\/strong><br \/>\nR : Le d\u00e9lai de livraison est de 7 \u00e0 14 jours ouvrables, selon votre emplacement. Les marchandises exp\u00e9di\u00e9es depuis des entrep\u00f4ts europ\u00e9ens prennent g\u00e9n\u00e9ralement 3 \u00e0 6 jours ouvrables pour \u00eatre livr\u00e9es.<\/p>\n<p><strong>Q : Comment puis-je suivre ma commande ?<\/strong><br \/>\nR : Apr\u00e8s l'exp\u00e9dition, vous recevrez un e-mail de confirmation avec un num\u00e9ro de suivi pour un suivi en temps r\u00e9el.<\/p>\n<p><strong>Q : Quelle est votre politique de retour ?<\/strong><br \/>\nR : Nous proposons une politique de retour de 30 jours pour les remboursements ou les \u00e9changes. .<\/p>\n<p><strong>Q : Y aura-t-il des probl\u00e8mes douaniers ?<br \/>\n<\/strong>Nous prenons en charge toutes les proc\u00e9dures de d\u00e9douanement pour vous garantir une exp\u00e9rience sans tracas. .<\/p>\n<p><strong>Q : Quelles m\u00e9thodes d\u2019exp\u00e9dition sont utilis\u00e9es ?<\/strong><br \/>\nNous coop\u00e9rons avec UPS\/DHL\/FEDEX\/DPD, etc. Nous choisirons l'option d'exp\u00e9dition appropri\u00e9e en fonction du pays de livraison pour garantir que vous recevez vos produits le plus rapidement possible.<\/p>\n<p><a href=\"https:\/\/pgvape.com\/fr\/faq\/\">Cliquez ici pour plus de FAQ<\/a><\/p>\n<p>Chers clients, Si vous avez des questions concernant votre commande ou l'arriv\u00e9e des marchandises, n'h\u00e9sitez pas \u00e0 contacter notre service client. Merci !<\/p>\n<h3 data-sourcepos=\"73:1-73:21\"><strong data-sourcepos=\"73:7-73:21\">Contactez-nous<\/strong><\/h3>\n<div id=\"text-2419739398\" class=\"text\">\n<p><strong data-sourcepos=\"75:3-75:12\">E-mail<\/strong>:\u00a0<a href=\"mailto:support@pgvape.com\"><strong>support@pgvape.com<\/strong><\/a><\/p>\n<p><strong data-sourcepos=\"76:3-76:15\">WhatsApp<\/strong>:\u00a0<a href=\"https:\/\/wa.me\/+8618128481258\"><strong>+86 18128481258<\/strong><\/a><br \/>\n<strong>(R\u00e9ponse sous 24h les jours ouvr\u00e9s)<\/strong><\/p>\n<\/div>\n<h3><strong>Merci d'avoir choisi pgvape.com ! .<\/strong><\/h3>\n<\/div>","protected":false},"excerpt":{"rendered":"<p data-start=\"0\" data-end=\"32\"><strong data-start=\"0\" data-end=\"32\">Vape jetable QQ Bang 120K <\/strong>Jusqu'\u00e0 120 000 bouff\u00e9es avec un syst\u00e8me \u00e0 saveur unique pour un go\u00fbt pur et homog\u00e8ne. Aliment\u00e9 par un fil chauffant 1.0\u03a9 et une batterie rechargeable de 650 mAh pour des performances fluides et stables. Comprend une charge rapide de type C, un affichage LED de la batterie et 12 options de saveurs dans un design portable compact.<\/p>","protected":false},"featured_media":10257,"comment_status":"open","ping_status":"closed","template":"","meta":{"_seopress_robots_primary_cat":"","_seopress_titles_title":"","_seopress_titles_desc":"","_seopress_robots_index":""},"product_brand":[516,654],"product_cat":[69,515,653],"product_tag":[354,90,652,79,657],"class_list":{"0":"post-10253","1":"product","2":"type-product","3":"status-publish","4":"has-post-thumbnail","6":"product_brand-disposable-vape","7":"product_brand-qqbang-vape","8":"product_cat-120k-puffs-vape","9":"product_cat-disposable-vape","10":"product_cat-qqbang-vape","11":"product_tag-120k-puffs-vape","12":"product_tag-disposable-vape","13":"product_tag-fast-charging","14":"product_tag-led-display","15":"product_tag-qq-bang-120k","17":"first","18":"instock","19":"sale","20":"shipping-taxable","21":"purchasable","22":"product-type-variable"},"_links":{"self":[{"href":"https:\/\/pgvape.com\/fr\/wp-json\/wp\/v2\/product\/10253","targetHints":{"allow":["GET"]}}],"collection":[{"href":"https:\/\/pgvape.com\/fr\/wp-json\/wp\/v2\/product"}],"about":[{"href":"https:\/\/pgvape.com\/fr\/wp-json\/wp\/v2\/types\/product"}],"replies":[{"embeddable":true,"href":"https:\/\/pgvape.com\/fr\/wp-json\/wp\/v2\/comments?post=10253"}],"wp:featuredmedia":[{"embeddable":true,"href":"https:\/\/pgvape.com\/fr\/wp-json\/wp\/v2\/media\/10257"}],"wp:attachment":[{"href":"https:\/\/pgvape.com\/fr\/wp-json\/wp\/v2\/media?parent=10253"}],"wp:term":[{"taxonomy":"product_brand","embeddable":true,"href":"https:\/\/pgvape.com\/fr\/wp-json\/wp\/v2\/product_brand?post=10253"},{"taxonomy":"product_cat","embeddable":true,"href":"https:\/\/pgvape.com\/fr\/wp-json\/wp\/v2\/product_cat?post=10253"},{"taxonomy":"product_tag","embeddable":true,"href":"https:\/\/pgvape.com\/fr\/wp-json\/wp\/v2\/product_tag?post=10253"}],"curies":[{"name":"wp","href":"https:\/\/api.w.org\/{rel}","templated":true}]}}