{"id":10163,"date":"2026-04-18T09:13:03","date_gmt":"2026-04-18T09:13:03","guid":{"rendered":"https:\/\/pgvape.com\/?post_type=product&#038;p=10163"},"modified":"2026-04-18T09:13:45","modified_gmt":"2026-04-18T09:13:45","slug":"vape-jetable-a-double-maille-qq-bang-100k-avec-100-000-bouffees-et-charge-rapide","status":"publish","type":"product","link":"https:\/\/pgvape.com\/fr\/produit\/vape-jetable-a-double-maille-qq-bang-100k-avec-100-000-bouffees-et-charge-rapide\/","title":{"rendered":"Vape jetable \u00e0 double maille de QQ Bang 100K avec 100000 bouff\u00e9es et chargement rapide"},"content":{"rendered":"<h2 data-start=\"0\" data-end=\"68\"><strong data-start=\"3\" data-end=\"68\">QQ Bang 100K Vape jetable | Dispositif haute capacit\u00e9 \u00e0 double maille<\/strong><\/h2>\n<p data-start=\"70\" data-end=\"272\">Le vape jetable QQ Bang 100K est con\u00e7u pour les utilisateurs recherchant des performances durables et une saveur riche, d\u00e9livrant jusqu'\u00e0 100 000 bouff\u00e9es avec plusieurs options de concentration de nicotine.<\/p>\n<p data-start=\"274\" data-end=\"501\">\u00c9quip\u00e9 d'une technologie avanc\u00e9e de bobine \u00e0 double maille, il fournit une vapeur plus douce, une saveur am\u00e9lior\u00e9e et un rendement constant \u00e0 chaque bouff\u00e9e. Avec 12 options de saveurs populaires, les utilisateurs peuvent profiter d\u2019une grande vari\u00e9t\u00e9 d\u2019exp\u00e9riences gustatives satisfaisantes.<\/p>\n<p data-start=\"503\" data-end=\"642\">Aliment\u00e9 par une batterie rechargeable de 650 mAh avec charge rapide USB Type-C, cet appareil garantit une utilisation fiable toute la journ\u00e9e et une recharge pratique.<\/p>\n<p data-start=\"644\" data-end=\"735\" data-is-last-node=\"\" data-is-only-node=\"\">Un choix id\u00e9al pour les utilisateurs recherchant une capacit\u00e9, une vari\u00e9t\u00e9 de saveurs et des performances fiables.<\/p>\n<p>&nbsp;<\/p>\n<h3 id=\"brxe-najhln\" class=\"brxe-heading\"><\/h3>\n<h2 data-start=\"0\" data-end=\"68\"><strong data-start=\"3\" data-end=\"68\">Points forts du produit de vape jetable QQ Bang 100K Puffs<\/strong><\/h2>\n<p data-start=\"56\" data-end=\"168\"><strong data-start=\"56\" data-end=\"79\">Jusqu'\u00e0 100 000 bouff\u00e9es<\/strong> \u2013 Performances ultra-durables con\u00e7ues pour un vapotage prolong\u00e9 avec moins de remplacements.<\/p>\n<p data-start=\"170\" data-end=\"273\"><strong data-start=\"170\" data-end=\"199\">Plusieurs options de nicotine<\/strong> \u2013 Disponible en <strong data-start=\"215\" data-end=\"233\">2%, 3% et 5%<\/strong> pour une exp\u00e9rience de vape personnalisable.<\/p>\n<p data-start=\"275\" data-end=\"402\"><strong data-start=\"275\" data-end=\"304\">Technologie de bobine \u00e0 double maille<\/strong> \u2013 Le syst\u00e8me avanc\u00e9 \u00e0 double maille offre une saveur plus riche, une vapeur plus douce et une production de nuages \u200b\u200bdenses.<\/p>\n<p data-start=\"404\" data-end=\"503\"><strong data-start=\"404\" data-end=\"425\">12 options de saveurs<\/strong> \u2013 Large s\u00e9lection de saveurs populaires pour satisfaire diff\u00e9rentes pr\u00e9f\u00e9rences gustatives.<\/p>\n<p data-start=\"505\" data-end=\"602\"><strong data-start=\"505\" data-end=\"536\">Batterie rechargeable 650 mAh<\/strong> \u2013 Une batterie int\u00e9gr\u00e9e fiable garantit des performances stables toute la journ\u00e9e.<\/p>\n<p data-start=\"604\" data-end=\"692\"><strong data-start=\"604\" data-end=\"632\">Chargement rapide USB Type-C<\/strong> \u2013 Recharge rapide et efficace pour une utilisation ininterrompue.<\/p>\n<p data-start=\"694\" data-end=\"809\"><strong data-start=\"694\" data-end=\"724\">Sortie fluide et coh\u00e9rente<\/strong> \u2013 Le syst\u00e8me de bobine optimis\u00e9 maintient une vapeur et une saveur stables de la premi\u00e8re \u00e0 la derni\u00e8re bouff\u00e9e.<\/p>\n<p data-start=\"811\" data-end=\"916\"><strong data-start=\"811\" data-end=\"837\">Exp\u00e9rience de saveur riche<\/strong> \u2013 La technologie d\u2019atomisation am\u00e9lior\u00e9e maintient chaque tirage satisfaisant et savoureux.<\/p>\n<p data-start=\"918\" data-end=\"1004\"><strong data-start=\"918\" data-end=\"949\">Conception moderne de grande capacit\u00e9<\/strong> \u2013 Con\u00e7u pour la commodit\u00e9, la portabilit\u00e9 et une utilisation quotidienne.<\/p>\n<p data-start=\"1006\" data-end=\"1114\" data-is-last-node=\"\" data-is-only-node=\"\"><strong data-start=\"1006\" data-end=\"1038\">Id\u00e9al pour la vente au d\u00e9tail et en gros<\/strong> \u2013 Appareil populaire de longue dur\u00e9e adapt\u00e9 aux march\u00e9s et \u00e0 la distribution mondiaux.<\/p>\n<p>&nbsp;<\/p>\n<h2 data-start=\"0\" data-end=\"68\"><strong data-start=\"3\" data-end=\"68\">QQ Coup 100K <\/strong><strong data-start=\"3\" data-end=\"68\">Bouff\u00e9es <\/strong><strong data-start=\"3\" data-end=\"68\">Liste des saveurs de vape jetables<\/strong><\/h2>\n<p><strong data-start=\"25\" data-end=\"38\">1. Glace \u00e0 la p\u00eache<\/strong><\/p>\n<p><strong data-start=\"43\" data-end=\"61\">2. Glace \u00e0 la past\u00e8que<\/strong><\/p>\n<p><strong data-start=\"66\" data-end=\"82\">3. Fruits m\u00e9lang\u00e9s<\/strong><\/p>\n<p><strong data-start=\"87\" data-end=\"113\">4. Past\u00e8que \u00e0 la mangue et \u00e0 la p\u00eache<\/strong><\/p>\n<p><strong data-start=\"118\" data-end=\"138\">5.Mamba aux fraises<\/strong><\/p>\n<p><strong data-start=\"143\" data-end=\"166\">6. Myrtille Framboise<\/strong><\/p>\n<p><strong data-start=\"171\" data-end=\"184\">7. Glace aux raisins<\/strong><\/p>\n<p><strong data-start=\"189\" data-end=\"204\">8. Pomme Raisin<\/strong><\/p>\n<p><strong data-start=\"209\" data-end=\"225\">9. Boisson \u00e9nergisante<\/strong><\/p>\n<p><strong data-start=\"230\" data-end=\"241\">10.Amour 66<\/strong><\/p>\n<p><strong data-start=\"246\" data-end=\"266\">11.Fraise Mangue<\/strong><\/p>\n<p><strong data-start=\"271\" data-end=\"288\">12.Blueberry Ice<img loading=\"lazy\" decoding=\"async\" class=\"alignnone wp-image-10179 size-full\" src=\"https:\/\/pgvape.com\/wp-content\/uploads\/2026\/04\/QQ-Bang-100K-Dual-Mesh-Disposable-Vape-With-100000-Puffs-And-Fast-Charging-pgvape-14.png\" alt=\"Douze bouteilles de boisson \u00e9nergisante Bang dispos\u00e9es sur deux rang\u00e9es avec des \u00e9tiquettes color\u00e9es aux ar\u00f4mes de fruits et des logos Bang audacieux.\" width=\"1500\" height=\"1460\" srcset=\"https:\/\/pgvape.com\/wp-content\/uploads\/2026\/04\/QQ-Bang-100K-Dual-Mesh-Disposable-Vape-With-100000-Puffs-And-Fast-Charging-pgvape-14.png 1500w, https:\/\/pgvape.com\/wp-content\/uploads\/2026\/04\/QQ-Bang-100K-Dual-Mesh-Disposable-Vape-With-100000-Puffs-And-Fast-Charging-pgvape-14-370x360.png 370w, https:\/\/pgvape.com\/wp-content\/uploads\/2026\/04\/QQ-Bang-100K-Dual-Mesh-Disposable-Vape-With-100000-Puffs-And-Fast-Charging-pgvape-14-595x579.png 595w, https:\/\/pgvape.com\/wp-content\/uploads\/2026\/04\/QQ-Bang-100K-Dual-Mesh-Disposable-Vape-With-100000-Puffs-And-Fast-Charging-pgvape-14-400x389.png 400w, https:\/\/pgvape.com\/wp-content\/uploads\/2026\/04\/QQ-Bang-100K-Dual-Mesh-Disposable-Vape-With-100000-Puffs-And-Fast-Charging-pgvape-14-768x748.png 768w, https:\/\/pgvape.com\/wp-content\/uploads\/2026\/04\/QQ-Bang-100K-Dual-Mesh-Disposable-Vape-With-100000-Puffs-And-Fast-Charging-pgvape-14-12x12.png 12w, https:\/\/pgvape.com\/wp-content\/uploads\/2026\/04\/QQ-Bang-100K-Dual-Mesh-Disposable-Vape-With-100000-Puffs-And-Fast-Charging-pgvape-14-600x584.png 600w\" sizes=\"auto, (max-width: 1500px) 100vw, 1500px\" \/><\/strong><\/p>\n<p>&nbsp;<\/p>\n<h2 data-start=\"0\" data-end=\"68\"><strong data-start=\"3\" data-end=\"68\">FAQ QQ Bang 100K Puffs Vape jetable<\/strong><\/h2>\n<p data-start=\"53\" data-end=\"205\"><strong data-start=\"53\" data-end=\"104\">\u2753 Combien de bouff\u00e9es le QQ Bang 100K fournit-il ?<\/strong><br data-start=\"104\" data-end=\"107\" \/>\u2705 L'appareil d\u00e9livre jusqu'\u00e0 <strong data-start=\"135\" data-end=\"152\">100 000 bouff\u00e9es<\/strong>, offrant des performances durables pour une utilisation prolong\u00e9e.<\/p>\n<p data-start=\"207\" data-end=\"362\"><strong data-start=\"207\" data-end=\"251\">\u2753Quels sont les dosages en nicotine disponibles ?<\/strong><br data-start=\"251\" data-end=\"254\" \/>\u2705 Il est disponible en <strong data-start=\"275\" data-end=\"310\">Options de nicotine 2%, 3% et 5%<\/strong>, permettant aux utilisateurs de choisir leur force pr\u00e9f\u00e9r\u00e9e.<\/p>\n<p data-start=\"364\" data-end=\"514\"><strong data-start=\"364\" data-end=\"400\">\u2753Quel type de coil utilise-t-il ?<\/strong><br data-start=\"400\" data-end=\"403\" \/>\u2705 Les fonctionnalit\u00e9s de l'appareil <strong data-start=\"425\" data-end=\"444\">bobines \u00e0 double maille<\/strong>, offrant une saveur plus riche, une vapeur plus douce et des performances constantes.<\/p>\n<p data-start=\"516\" data-end=\"636\"><strong data-start=\"516\" data-end=\"550\">\u2753 La batterie est-elle rechargeable ?<\/strong><br data-start=\"550\" data-end=\"553\" \/>\u2705 Oui, il est livr\u00e9 avec un <strong data-start=\"576\" data-end=\"607\">Batterie rechargeable de 650 mAh<\/strong> pour un vapotage fiable toute la journ\u00e9e.<\/p>\n<p data-start=\"638\" data-end=\"768\"><strong data-start=\"638\" data-end=\"681\">\u2753 Quelle m\u00e9thode de chargement prend-il en charge\u00a0?<\/strong><br data-start=\"681\" data-end=\"684\" \/>\u2705 Il prend en charge <strong data-start=\"698\" data-end=\"726\">Chargement rapide USB Type-C<\/strong>, permettant une recharge rapide et efficace.<\/p>\n<p data-start=\"770\" data-end=\"911\"><strong data-start=\"770\" data-end=\"807\">\u2753 Combien de saveurs sont disponibles ?<\/strong><br data-start=\"807\" data-end=\"810\" \/>\u2705 La vape est disponible en <strong data-start=\"837\" data-end=\"866\">12 options de saveurs populaires<\/strong>, offrant aux utilisateurs un large \u00e9ventail de choix gustatifs.<\/p>\n<p data-start=\"913\" data-end=\"1142\" data-is-last-node=\"\" data-is-only-node=\"\"><strong data-start=\"913\" data-end=\"952\">\u2753Pourquoi choisir le QQ Bang 100K Vape ?<\/strong><br data-start=\"952\" data-end=\"955\" \/>\u2705 Il combine <strong data-start=\"969\" data-end=\"1070\">100 000 bouff\u00e9es, performances de bobine \u00e0 double maille, commodit\u00e9 rechargeable et multiples concentrations de nicotine<\/strong>, ce qui en fait un excellent choix pour les utilisateurs recherchant une durabilit\u00e9 et une saveur riche.<\/p>\n<p>&nbsp;<\/p>\n<h3 id=\"brxe-najhln\" class=\"brxe-heading\">Foire aux questions (FAQ)<\/h3>\n<div id=\"brxe-rajiac\" class=\"brxe-text\">\n<p><strong>Q : Quels modes de paiement acceptez-vous ?<\/strong><br \/>\nR\u00a0: Nous acceptons PayPal, Stripe, les virements bancaires (pris en charge par SEPA), les principales cartes de cr\u00e9dit (Visa, MasterCard, American Express) et les paiements en crypto-monnaie.<\/p>\n<p><strong>Q : Combien de temps prend la pr\u00e9paration d\u2019une commande ?<\/strong><br \/>\nR : La pr\u00e9paration de la commande prend 1 \u00e0 3 jours ouvrables.<\/p>\n<p><strong>Q : Quel est le d\u00e9lai de livraison ?<\/strong><br \/>\nR : Le d\u00e9lai de livraison est de 7 \u00e0 14 jours ouvrables, selon votre emplacement. Les marchandises exp\u00e9di\u00e9es depuis des entrep\u00f4ts europ\u00e9ens prennent g\u00e9n\u00e9ralement 3 \u00e0 6 jours ouvrables pour \u00eatre livr\u00e9es.<\/p>\n<p><strong>Q : Comment puis-je suivre ma commande ?<\/strong><br \/>\nR : Apr\u00e8s l'exp\u00e9dition, vous recevrez un e-mail de confirmation avec un num\u00e9ro de suivi pour un suivi en temps r\u00e9el.<\/p>\n<p><strong>Q : Quelle est votre politique de retour ?<\/strong><br \/>\nR : Nous proposons une politique de retour de 30 jours pour les remboursements ou les \u00e9changes. .<\/p>\n<p><strong>Q : Y aura-t-il des probl\u00e8mes douaniers ?<br \/>\n<\/strong>Nous prenons en charge toutes les proc\u00e9dures de d\u00e9douanement pour vous garantir une exp\u00e9rience sans tracas. .<\/p>\n<p><strong>Q : Quelles m\u00e9thodes d\u2019exp\u00e9dition sont utilis\u00e9es ?<\/strong><br \/>\nNous coop\u00e9rons avec UPS\/DHL\/FEDEX\/DPD, etc. Nous choisirons l'option d'exp\u00e9dition appropri\u00e9e en fonction du pays de livraison pour garantir que vous recevez vos produits le plus rapidement possible.<\/p>\n<p><a href=\"https:\/\/pgvape.com\/fr\/faq\/\">Cliquez ici pour plus de FAQ<\/a><\/p>\n<p>Chers clients, Si vous avez des questions concernant votre commande ou l'arriv\u00e9e des marchandises, n'h\u00e9sitez pas \u00e0 contacter notre service client. Merci !<\/p>\n<h3 data-sourcepos=\"73:1-73:21\"><strong data-sourcepos=\"73:7-73:21\">Contactez-nous<\/strong><\/h3>\n<div id=\"text-2419739398\" class=\"text\">\n<p><strong data-sourcepos=\"75:3-75:12\">E-mail<\/strong>:\u00a0<a href=\"mailto:support@pgvape.com\"><strong>support@pgvape.com<\/strong><\/a><\/p>\n<p><strong data-sourcepos=\"76:3-76:15\">WhatsApp<\/strong>:\u00a0<a href=\"https:\/\/wa.me\/+8618128481258\"><strong>+86 18128481258<\/strong><\/a><br \/>\n<strong>(R\u00e9ponse sous 24h les jours ouvr\u00e9s)<\/strong><\/p>\n<\/div>\n<h3><strong>Merci d'avoir choisi pgvape.com ! .<\/strong><\/h3>\n<\/div>","protected":false},"excerpt":{"rendered":"<p data-start=\"0\" data-end=\"32\"><strong data-start=\"0\" data-end=\"32\">Vape jetable QQ Bang 100K <\/strong>Jusqu'\u00e0 100 000 bouff\u00e9es avec des bobines \u00e0 double maille pour une saveur plus riche et une vapeur douce et constante. Aliment\u00e9 par une batterie rechargeable de 650 mAh avec charge rapide de type C pour une utilisation fiable toute la journ\u00e9e. Disponible en 12 saveurs et plusieurs concentrations de nicotine pour toutes les pr\u00e9f\u00e9rences.<\/p>","protected":false},"featured_media":10167,"comment_status":"open","ping_status":"closed","template":"","meta":{"_seopress_robots_primary_cat":"none","_seopress_titles_title":"","_seopress_titles_desc":"","_seopress_robots_index":""},"product_brand":[36,516],"product_cat":[170,25,515],"product_tag":[395,90,243,652,651],"class_list":{"0":"post-10163","1":"product","2":"type-product","3":"status-publish","4":"has-post-thumbnail","6":"product_brand-bang-vape","7":"product_brand-disposable-vape","8":"product_cat-100k-puffs-vape","9":"product_cat-bang-vape","10":"product_cat-disposable-vape","11":"product_tag-100k-puffs-vape","12":"product_tag-disposable-vape","13":"product_tag-dual-mesh","14":"product_tag-fast-charging","15":"product_tag-qq-bang-100k","17":"first","18":"instock","19":"sale","20":"shipping-taxable","21":"purchasable","22":"product-type-variable"},"_links":{"self":[{"href":"https:\/\/pgvape.com\/fr\/wp-json\/wp\/v2\/product\/10163","targetHints":{"allow":["GET"]}}],"collection":[{"href":"https:\/\/pgvape.com\/fr\/wp-json\/wp\/v2\/product"}],"about":[{"href":"https:\/\/pgvape.com\/fr\/wp-json\/wp\/v2\/types\/product"}],"replies":[{"embeddable":true,"href":"https:\/\/pgvape.com\/fr\/wp-json\/wp\/v2\/comments?post=10163"}],"wp:featuredmedia":[{"embeddable":true,"href":"https:\/\/pgvape.com\/fr\/wp-json\/wp\/v2\/media\/10167"}],"wp:attachment":[{"href":"https:\/\/pgvape.com\/fr\/wp-json\/wp\/v2\/media?parent=10163"}],"wp:term":[{"taxonomy":"product_brand","embeddable":true,"href":"https:\/\/pgvape.com\/fr\/wp-json\/wp\/v2\/product_brand?post=10163"},{"taxonomy":"product_cat","embeddable":true,"href":"https:\/\/pgvape.com\/fr\/wp-json\/wp\/v2\/product_cat?post=10163"},{"taxonomy":"product_tag","embeddable":true,"href":"https:\/\/pgvape.com\/fr\/wp-json\/wp\/v2\/product_tag?post=10163"}],"curies":[{"name":"wp","href":"https:\/\/api.w.org\/{rel}","templated":true}]}}