{"id":10129,"date":"2026-04-14T08:46:11","date_gmt":"2026-04-14T08:46:11","guid":{"rendered":"https:\/\/pgvape.com\/?post_type=product&#038;p=10129"},"modified":"2026-04-14T08:46:56","modified_gmt":"2026-04-14T08:46:56","slug":"airmez-fox-160k-8-en-1-vape-jetable-intelligente-avec-160-000-bouffees-de-reservoirs-quadruples-de-60-ml-et-bobine-en-maille","status":"publish","type":"product","link":"https:\/\/pgvape.com\/fr\/produit\/airmez-fox-160k-8-en-1-vape-jetable-intelligente-avec-160-000-bouffees-de-reservoirs-quadruples-de-60-ml-et-bobine-en-maille\/","title":{"rendered":"Airmez FOX 160K Vape jetable intelligente 8 en 1 avec 160 000 bouff\u00e9es, r\u00e9servoirs quadruples de 60 ml et bobine de maille"},"content":{"rendered":"<h2 data-start=\"0\" data-end=\"88\"><strong data-start=\"3\" data-end=\"88\">Airmez FOX 8 en 1 160K Vape jetable | Appareil avanc\u00e9 multi-r\u00e9servoirs haute capacit\u00e9<\/strong><\/h2>\n<p data-start=\"90\" data-end=\"289\">Le vape jetable AIRMEZ FOX 8 IN 1 160K est con\u00e7u pour une long\u00e9vit\u00e9 exceptionnelle et des performances stables, d\u00e9livrant jusqu'\u00e0 160 000 bouff\u00e9es avec une conception multi-r\u00e9servoirs avanc\u00e9e.<\/p>\n<p data-start=\"291\" data-end=\"552\">Featuring four independent 15ml tanks with a total 60ml capacity, it helps preserve e-liquid freshness and ensures consistent flavor from the first puff to the last. The advanced mesh coil system provides smooth airflow, rich flavor, and dense vapor production.<\/p>\n<p data-start=\"554\" data-end=\"701\">Aliment\u00e9 par une batterie rechargeable de 650 mAh avec chargement de type C, cet appareil offre une sortie fiable et une recharge pratique pour une utilisation quotidienne prolong\u00e9e.<\/p>\n<p data-start=\"703\" data-end=\"812\" data-is-last-node=\"\" data-is-only-node=\"\">Un choix id\u00e9al pour les utilisateurs \u00e0 la recherche d\u2019innovation, de performances durables et d\u2019une commodit\u00e9 multi-saveurs haut de gamme.<\/p>\n<p>&nbsp;<\/p>\n<h2 data-start=\"0\" data-end=\"88\"><\/h2>\n<h2 data-start=\"0\" data-end=\"88\"><strong data-start=\"3\" data-end=\"88\">Points forts du produit de vape jetable Airmez FOX 8 en 1 160 000 bouff\u00e9es<\/strong><\/h2>\n<p data-start=\"59\" data-end=\"190\"><strong data-start=\"59\" data-end=\"82\">Jusqu'\u00e0 160 000 bouff\u00e9es<\/strong> \u2013 Con\u00e7u pour des performances ultra-durables avec une sortie stable tout au long de la dur\u00e9e de vie de l\u2019appareil.<\/p>\n<p data-start=\"192\" data-end=\"340\"><strong data-start=\"192\" data-end=\"226\">Innovation multi-saveurs 8 en 1<\/strong> \u2013 Le syst\u00e8me de saveurs avanc\u00e9 offre plusieurs exp\u00e9riences gustatives dans un seul appareil pour une plus grande vari\u00e9t\u00e9 et commodit\u00e9.<\/p>\n<p data-start=\"342\" data-end=\"503\"><strong data-start=\"342\" data-end=\"378\">Capacit\u00e9 e-liquide segment\u00e9e de 60 ml<\/strong> - Caract\u00e9ristiques <strong data-start=\"390\" data-end=\"420\">15 ml \u00d7 4 r\u00e9servoirs ind\u00e9pendants<\/strong> pour pr\u00e9server la fra\u00eecheur, r\u00e9duire l\u2019oxydation et maintenir une qualit\u00e9 de saveur constante.<\/p>\n<p data-start=\"505\" data-end=\"644\"><strong data-start=\"505\" data-end=\"535\">Conception de chambre ind\u00e9pendante<\/strong> \u2013 Separate reservoirs ensure balanced liquid consumption and reliable performance from first puff to last.<\/p>\n<p data-start=\"646\" data-end=\"778\"><strong data-start=\"646\" data-end=\"679\">Technologie avanc\u00e9e de bobine de maille<\/strong> \u2013 Le syst\u00e8me d\u2019atomisation de pr\u00e9cision offre un chauffage uniforme, une saveur plus riche et une production de vapeur dense.<\/p>\n<p data-start=\"780\" data-end=\"914\"><strong data-start=\"780\" data-end=\"816\">Sortie de vapeur douce et constante<\/strong> \u2013 Le flux d\u2019air optimis\u00e9 et le contr\u00f4le thermique maintiennent des tirages satisfaisants sans baisse de performances.<\/p>\n<p data-start=\"916\" data-end=\"1018\"><strong data-start=\"916\" data-end=\"947\">Batterie rechargeable 650 mAh<\/strong> \u2013 Syst\u00e8me de gestion de l\u2019\u00e9nergie stable con\u00e7u pour des cycles d\u2019utilisation prolong\u00e9s.<\/p>\n<p data-start=\"1020\" data-end=\"1115\"><strong data-start=\"1020\" data-end=\"1044\">Chargement rapide de type C<\/strong> \u2013 Recharge rapide et pratique pour des s\u00e9ances de vape ininterrompues.<\/p>\n<p data-start=\"1117\" data-end=\"1255\"><strong data-start=\"1117\" data-end=\"1152\">Precision Engineering Structure<\/strong> \u2013 Construit avec une micro\u00e9lectronique avanc\u00e9e et une conception thermodynamique efficace pour une fiabilit\u00e9 \u00e0 long terme.<\/p>\n<p data-start=\"1257\" data-end=\"1374\" data-is-last-node=\"\" data-is-only-node=\"\"><strong data-start=\"1257\" data-end=\"1289\">Conception haute capacit\u00e9 haut de gamme<\/strong> \u2013 Combine technologie de pointe, durabilit\u00e9 et esth\u00e9tique moderne dans un seul appareil.<\/p>\n<p>&nbsp;<\/p>\n<h2 data-start=\"0\" data-end=\"88\"><strong data-start=\"3\" data-end=\"88\">Liste des saveurs de vape jetables Airmez FOX 8 en 1 160 000 bouff\u00e9es<\/strong><\/h2>\n<p data-start=\"23\" data-end=\"91\"><strong data-start=\"23\" data-end=\"89\">1. Bingo Crush &amp; Triple Mangue &amp; Baies m\u00e9lang\u00e9es &amp; Glace \u00e0 la past\u00e8que<\/strong><\/p>\n<p data-start=\"93\" data-end=\"162\"><strong data-start=\"93\" data-end=\"160\">2. Love66 &amp; Strawberry Ice &amp; Blue Razz Limonade &amp; Ananas Ice<\/strong><\/p>\n<p data-start=\"164\" data-end=\"225\"><strong data-start=\"164\" data-end=\"223\">3. Glace \u00e0 la past\u00e8que &amp; Love66 &amp; Double pomme &amp; mangue p\u00eache<\/strong><\/p>\n<p data-start=\"227\" data-end=\"298\"><strong data-start=\"227\" data-end=\"296\">4. M\u00e9lange de glace aux baies et aux myrtilles, aux framboises et \u00e0 la past\u00e8que et \u00e0 la glace au cola<\/strong><\/p>\n<p data-start=\"300\" data-end=\"378\"><strong data-start=\"300\" data-end=\"376\">5. Mangue, p\u00eache, fruits tropicaux, limonade aux baies et fraise past\u00e8que<\/strong><\/p>\n<p data-start=\"380\" data-end=\"452\"><strong data-start=\"380\" data-end=\"450\">6. Glace aux cerises et fraise Dragon Fruit &amp; Triple Mangue &amp; Blue Razz<\/strong><\/p>\n<p data-start=\"454\" data-end=\"526\"><strong data-start=\"454\" data-end=\"524\">7. Glace au fruit du dragon &amp; Bingo Crush &amp; Love66 &amp; Ananas Mangue P\u00eache<\/strong><\/p>\n<p data-start=\"528\" data-end=\"597\"><strong data-start=\"528\" data-end=\"595\">8. Dr Blue &amp; Cherry Berry &amp; Fraise Past\u00e8que &amp; P\u00eache Berry<\/strong><\/p>\n<p data-start=\"599\" data-end=\"670\"><strong data-start=\"599\" data-end=\"668\">9. Glace \u00e0 la p\u00eache &amp; baies m\u00e9lang\u00e9es &amp; melon fruit de la passion &amp; triple mangue<\/strong><\/p>\n<p data-start=\"672\" data-end=\"747\" data-is-last-node=\"\" data-is-only-node=\"\"><strong data-start=\"672\" data-end=\"747\" data-is-last-node=\"\">10. Glace \u00e0 la mangue et cerise p\u00e9tillante, cola, fraise, framboise et baies m\u00e9lang\u00e9es<img loading=\"lazy\" decoding=\"async\" class=\"alignnone wp-image-10133 size-full\" src=\"https:\/\/pgvape.com\/wp-content\/uploads\/2026\/04\/AIRMEZ-FOX-160K-8-In-1-Smart-Disposable-Vape-With-160000-Puffs-60ml-Quad-Tanks-And-Mesh-Coil-pgvape-2.png\" alt=\"Deux rang\u00e9es de flacons \u00e0 vape Airmez 8-en-1 color\u00e9s, chacun comportant une illustration d&#039;animal diff\u00e9rente sur l&#039;\u00e9tiquette avec un capuchon pastel assorti.\" width=\"1500\" height=\"926\" srcset=\"https:\/\/pgvape.com\/wp-content\/uploads\/2026\/04\/AIRMEZ-FOX-160K-8-In-1-Smart-Disposable-Vape-With-160000-Puffs-60ml-Quad-Tanks-And-Mesh-Coil-pgvape-2.png 1500w, https:\/\/pgvape.com\/wp-content\/uploads\/2026\/04\/AIRMEZ-FOX-160K-8-In-1-Smart-Disposable-Vape-With-160000-Puffs-60ml-Quad-Tanks-And-Mesh-Coil-pgvape-2-555x343.png 555w, https:\/\/pgvape.com\/wp-content\/uploads\/2026\/04\/AIRMEZ-FOX-160K-8-In-1-Smart-Disposable-Vape-With-160000-Puffs-60ml-Quad-Tanks-And-Mesh-Coil-pgvape-2-595x367.png 595w, https:\/\/pgvape.com\/wp-content\/uploads\/2026\/04\/AIRMEZ-FOX-160K-8-In-1-Smart-Disposable-Vape-With-160000-Puffs-60ml-Quad-Tanks-And-Mesh-Coil-pgvape-2-400x247.png 400w, https:\/\/pgvape.com\/wp-content\/uploads\/2026\/04\/AIRMEZ-FOX-160K-8-In-1-Smart-Disposable-Vape-With-160000-Puffs-60ml-Quad-Tanks-And-Mesh-Coil-pgvape-2-768x474.png 768w, https:\/\/pgvape.com\/wp-content\/uploads\/2026\/04\/AIRMEZ-FOX-160K-8-In-1-Smart-Disposable-Vape-With-160000-Puffs-60ml-Quad-Tanks-And-Mesh-Coil-pgvape-2-18x12.png 18w, https:\/\/pgvape.com\/wp-content\/uploads\/2026\/04\/AIRMEZ-FOX-160K-8-In-1-Smart-Disposable-Vape-With-160000-Puffs-60ml-Quad-Tanks-And-Mesh-Coil-pgvape-2-600x370.png 600w\" sizes=\"auto, (max-width: 1500px) 100vw, 1500px\" \/><\/strong><\/p>\n<p>&nbsp;<\/p>\n<h2 data-start=\"0\" data-end=\"88\"><strong data-start=\"3\" data-end=\"88\">Vid\u00e9o de vape jetable Airmez FOX 8 en 1 160 000 bouff\u00e9es<\/strong><\/h2>\n<p><iframe loading=\"lazy\" title=\"AIRMEZ FOX 160K Vape jetable intelligente 8 en 1 avec 160 000 bouff\u00e9es, r\u00e9servoirs quadruples de 60 ml et bobine de maille\" width=\"1020\" height=\"574\" src=\"https:\/\/www.youtube.com\/embed\/8v9vW-z5h6Y?feature=oembed\" frameborder=\"0\" allow=\"accelerometer; autoplay; clipboard-write; encrypted-media; gyroscope; picture-in-picture; web-share\" referrerpolicy=\"strict-origin-when-cross-origin\" allowfullscreen><\/iframe><\/p>\n<p>&nbsp;<\/p>\n<h2 data-start=\"0\" data-end=\"88\"><strong data-start=\"3\" data-end=\"88\">FAQ Airmez FOX 8 en 1 Vape jetable 160 000 bouff\u00e9es<\/strong><\/h2>\n<p data-start=\"63\" data-end=\"216\"><strong data-start=\"63\" data-end=\"119\">\u2753 Combien de bouff\u00e9es fournit l'Airmez Fox 8 en 1 ?<\/strong><br data-start=\"119\" data-end=\"122\" \/>\u2705 L'appareil d\u00e9livre jusqu'\u00e0 <strong data-start=\"150\" data-end=\"167\">160 000 bouff\u00e9es<\/strong>, offrant des performances de vapotage ultra-durables.<\/p>\n<p data-start=\"218\" data-end=\"387\"><strong data-start=\"218\" data-end=\"254\">\u2753 Quelle est la contenance du e-liquide ?<\/strong><br data-start=\"254\" data-end=\"257\" \/>\u2705 Il comporte un total de <strong data-start=\"282\" data-end=\"299\">Mettant en vedette<\/strong>, divis\u00e9 en <strong data-start=\"314\" data-end=\"342\">4 r\u00e9servoirs ind\u00e9pendants de 15 ml<\/strong> pour une meilleure fra\u00eecheur et consistance de la saveur.<\/p>\n<p data-start=\"389\" data-end=\"526\"><strong data-start=\"389\" data-end=\"425\">\u2753Quel type de coil utilise-t-il ?<\/strong><br data-start=\"425\" data-end=\"428\" \/>\u2705 L'appareil utilise un <strong data-start=\"449\" data-end=\"471\">bobine de maille avanc\u00e9e<\/strong>, offrant une chaleur uniforme, une vapeur dense et une saveur riche.<\/p>\n<p data-start=\"528\" data-end=\"647\"><strong data-start=\"528\" data-end=\"562\">\u2753 La batterie est-elle rechargeable ?<\/strong><br data-start=\"562\" data-end=\"565\" \/>\u2705 Oui, il est livr\u00e9 avec un <strong data-start=\"588\" data-end=\"619\">Batterie rechargeable de 650 mAh<\/strong> pour une utilisation fiable \u00e0 long terme.<\/p>\n<p data-start=\"649\" data-end=\"770\"><strong data-start=\"649\" data-end=\"692\">\u2753 Quelle m\u00e9thode de chargement prend-il en charge\u00a0?<\/strong><br data-start=\"692\" data-end=\"695\" \/>\u2705 Il prend en charge <strong data-start=\"709\" data-end=\"733\">Chargement rapide de type C<\/strong> pour une recharge rapide et pratique.<\/p>\n<p data-start=\"772\" data-end=\"1011\" data-is-last-node=\"\" data-is-only-node=\"\"><strong data-start=\"772\" data-end=\"811\">\u2753Pourquoi choisir l'Airmez Fox 8 en 1 ?<\/strong><br data-start=\"811\" data-end=\"814\" \/>\u2705 Il combine <strong data-start=\"828\" data-end=\"922\">160 000 bouff\u00e9es, technologie de r\u00e9servoir segment\u00e9, performances de bobine maill\u00e9e et commodit\u00e9 rechargeable<\/strong>, ce qui en fait un excellent choix pour les utilisateurs qui recherchent une durabilit\u00e9 et une qualit\u00e9 de saveur sup\u00e9rieure.<\/p>\n<p>&nbsp;<\/p>\n<h3 id=\"brxe-najhln\" class=\"brxe-heading\">Foire aux questions (FAQ)<\/h3>\n<div id=\"brxe-rajiac\" class=\"brxe-text\">\n<p><strong>Q : Quels modes de paiement acceptez-vous ?<\/strong><br \/>\nR\u00a0: Nous acceptons PayPal, Stripe, les virements bancaires (pris en charge par SEPA), les principales cartes de cr\u00e9dit (Visa, MasterCard, American Express) et les paiements en crypto-monnaie.<\/p>\n<p><strong>Q : Combien de temps prend la pr\u00e9paration d\u2019une commande ?<\/strong><br \/>\nR : La pr\u00e9paration de la commande prend 1 \u00e0 3 jours ouvrables.<\/p>\n<p><strong>Q : Quel est le d\u00e9lai de livraison ?<\/strong><br \/>\nR : Le d\u00e9lai de livraison est de 7 \u00e0 14 jours ouvrables, selon votre emplacement. Les marchandises exp\u00e9di\u00e9es depuis des entrep\u00f4ts europ\u00e9ens prennent g\u00e9n\u00e9ralement 3 \u00e0 6 jours ouvrables pour \u00eatre livr\u00e9es.<\/p>\n<p><strong>Q : Comment puis-je suivre ma commande ?<\/strong><br \/>\nR : Apr\u00e8s l'exp\u00e9dition, vous recevrez un e-mail de confirmation avec un num\u00e9ro de suivi pour un suivi en temps r\u00e9el.<\/p>\n<p><strong>Q : Quelle est votre politique de retour ?<\/strong><br \/>\nR : Nous proposons une politique de retour de 30 jours pour les remboursements ou les \u00e9changes. .<\/p>\n<p><strong>Q : Y aura-t-il des probl\u00e8mes douaniers ?<br \/>\n<\/strong>Nous prenons en charge toutes les proc\u00e9dures de d\u00e9douanement pour vous garantir une exp\u00e9rience sans tracas. .<\/p>\n<p><strong>Q : Quelles m\u00e9thodes d\u2019exp\u00e9dition sont utilis\u00e9es ?<\/strong><br \/>\nNous coop\u00e9rons avec UPS\/DHL\/FEDEX\/DPD, etc. Nous choisirons l'option d'exp\u00e9dition appropri\u00e9e en fonction du pays de livraison pour garantir que vous recevez vos produits le plus rapidement possible.<\/p>\n<p><a href=\"https:\/\/pgvape.com\/fr\/faq\/\">Cliquez ici pour plus de FAQ<\/a><\/p>\n<p>Chers clients, Si vous avez des questions concernant votre commande ou l'arriv\u00e9e des marchandises, n'h\u00e9sitez pas \u00e0 contacter notre service client. Merci !<\/p>\n<h3 data-sourcepos=\"73:1-73:21\"><strong data-sourcepos=\"73:7-73:21\">Contactez-nous<\/strong><\/h3>\n<div id=\"text-2419739398\" class=\"text\">\n<p><strong data-sourcepos=\"75:3-75:12\">E-mail<\/strong>:\u00a0<a href=\"mailto:support@pgvape.com\"><strong>support@pgvape.com<\/strong><\/a><\/p>\n<p><strong data-sourcepos=\"76:3-76:15\">WhatsApp<\/strong>:\u00a0<a href=\"https:\/\/wa.me\/+8618128481258\"><strong>+86 18128481258<\/strong><\/a><br \/>\n<strong>(R\u00e9ponse sous 24h les jours ouvr\u00e9s)<\/strong><\/p>\n<\/div>\n<h3><strong>Merci d'avoir choisi pgvape.com ! .<\/strong><\/h3>\n<\/div>","protected":false},"excerpt":{"rendered":"<p data-start=\"0\" data-end=\"42\"><strong data-start=\"0\" data-end=\"42\">AIRMEZ FOX Vape jetable 8 en 1 160K <\/strong>Jusqu'\u00e0 160 000 bouff\u00e9es avec une conception avanc\u00e9e 8 en 1 con\u00e7ue pour des performances durables. Comprend 4 r\u00e9servoirs ind\u00e9pendants de 15 ml (60 ml au total) pour pr\u00e9server la fra\u00eecheur des saveurs, une bobine en maille avanc\u00e9e pour une vapeur dense et douce et une batterie rechargeable de 650 mAh avec charge rapide de type C pour une utilisation fiable toute la journ\u00e9e.<\/p>","protected":false},"featured_media":10134,"comment_status":"open","ping_status":"closed","template":"","meta":{"_seopress_robots_primary_cat":"none","_seopress_titles_title":"","_seopress_titles_desc":"","_seopress_robots_index":""},"product_brand":[154,516],"product_cat":[595,155,515],"product_tag":[597,649,647,646,90,631,650,648],"class_list":{"0":"post-10129","1":"product","2":"type-product","3":"status-publish","4":"has-post-thumbnail","6":"product_brand-airmez-fox-vape","7":"product_brand-disposable-vape","8":"product_cat-160k-puffs-vape","9":"product_cat-airmez-fox-vape","10":"product_cat-disposable-vape","11":"product_tag-160k-puffs-vape","12":"product_tag-60ml","13":"product_tag-8-in-1","14":"product_tag-airmez-fox-160k","15":"product_tag-disposable-vape","16":"product_tag-mesh-coil","17":"product_tag-quad-tanks","18":"product_tag-smart","20":"first","21":"instock","22":"sale","23":"shipping-taxable","24":"purchasable","25":"product-type-variable"},"_links":{"self":[{"href":"https:\/\/pgvape.com\/fr\/wp-json\/wp\/v2\/product\/10129","targetHints":{"allow":["GET"]}}],"collection":[{"href":"https:\/\/pgvape.com\/fr\/wp-json\/wp\/v2\/product"}],"about":[{"href":"https:\/\/pgvape.com\/fr\/wp-json\/wp\/v2\/types\/product"}],"replies":[{"embeddable":true,"href":"https:\/\/pgvape.com\/fr\/wp-json\/wp\/v2\/comments?post=10129"}],"wp:featuredmedia":[{"embeddable":true,"href":"https:\/\/pgvape.com\/fr\/wp-json\/wp\/v2\/media\/10134"}],"wp:attachment":[{"href":"https:\/\/pgvape.com\/fr\/wp-json\/wp\/v2\/media?parent=10129"}],"wp:term":[{"taxonomy":"product_brand","embeddable":true,"href":"https:\/\/pgvape.com\/fr\/wp-json\/wp\/v2\/product_brand?post=10129"},{"taxonomy":"product_cat","embeddable":true,"href":"https:\/\/pgvape.com\/fr\/wp-json\/wp\/v2\/product_cat?post=10129"},{"taxonomy":"product_tag","embeddable":true,"href":"https:\/\/pgvape.com\/fr\/wp-json\/wp\/v2\/product_tag?post=10129"}],"curies":[{"name":"wp","href":"https:\/\/api.w.org\/{rel}","templated":true}]}}