{"id":10028,"date":"2026-04-11T12:03:57","date_gmt":"2026-04-11T12:03:57","guid":{"rendered":"https:\/\/pgvape.com\/?post_type=product&#038;p=10028"},"modified":"2026-04-11T12:03:57","modified_gmt":"2026-04-11T12:03:57","slug":"barre-de-cerf-6-en-1-vape-jetable-a-saveur-rotative-180k-avec-affichage-led-de-180000-bouffees-et-108ml-e-liquide","status":"publish","type":"product","link":"https:\/\/pgvape.com\/fr\/produit\/barre-de-cerf-6-en-1-vape-jetable-a-saveur-rotative-180k-avec-affichage-led-de-180000-bouffees-et-108ml-e-liquide\/","title":{"rendered":"Stag Bar 6 dans 1 Vape jetable de saveur tournante de 180K avec l'affichage \u00e0 LED de 180000 bouff\u00e9es et l'e-liquide de 108ml"},"content":{"rendered":"<h2 data-start=\"0\" data-end=\"85\"><strong data-start=\"3\" data-end=\"85\">Stag Bar 6 IN 1 180K Dispositif multi-saveurs jetables \u00e0 tr\u00e8s haute capacit\u00e9<\/strong><\/h2>\n<p data-start=\"0\" data-end=\"85\">Le Vape jetable Stag Bar 6 IN 1 180K est con\u00e7u pour des performances maximales et une utilisation prolong\u00e9e, d\u00e9livrant jusqu'\u00e0 180 000 bouff\u00e9es avec une \u00e9norme capacit\u00e9 d'e-liquide de 108 ml.<\/p>\n<p data-start=\"277\" data-end=\"463\">Son syst\u00e8me innovant de saveurs rotatives 6 en 1 permet aux utilisateurs de basculer facilement entre les saveurs, tandis que six r\u00e9sistances en maille et une r\u00e9sistance 1.1\u03a9 offrent une saveur riche, une vapeur dense et un flux d'air fluide.<\/p>\n<p data-start=\"465\" data-end=\"682\">Aliment\u00e9 par une batterie rechargeable de 1 000 mAh avec charge rapide de type C et \u00e9quip\u00e9 d'un \u00e9cran LED intelligent pour la surveillance en temps r\u00e9el de la batterie et du e-liquide, cet appareil offre une exp\u00e9rience de vapotage fiable et pratique.<\/p>\n<p data-start=\"684\" data-end=\"776\" data-is-last-node=\"\" data-is-only-node=\"\">Un choix id\u00e9al pour les utilisateurs recherchant une utilisation ultra-longue, une vari\u00e9t\u00e9 de saveurs et des performances haut de gamme.<strong>Entrep\u00f4t UE<\/strong>\u00a0avec une livraison rapide et sans frais de douane.<\/p>\n<p>&nbsp;<\/p>\n<h3 id=\"brxe-najhln\" class=\"brxe-heading\"><\/h3>\n<p data-start=\"684\" data-end=\"776\" data-is-last-node=\"\" data-is-only-node=\"\">\n<h2 data-section-id=\"ovipds\" data-start=\"0\" data-end=\"71\"><span role=\"text\"><strong data-start=\"6\" data-end=\"71\">Points forts du produit Stag Bar 6in1 180000 Puffs Vape jetable<\/strong><\/span><\/h2>\n<p data-start=\"73\" data-end=\"187\"><strong data-start=\"73\" data-end=\"96\">Jusqu'\u00e0 180 000 bouff\u00e9es<\/strong> \u2013 Performances ultra-haute capacit\u00e9 con\u00e7ues pour un vapotage de longue dur\u00e9e avec moins de remplacements.<\/p>\n<p data-start=\"189\" data-end=\"311\"><strong data-start=\"189\" data-end=\"222\">Syst\u00e8me de saveurs rotatif 6 en 1<\/strong> \u2013 Faites pivoter facilement pour basculer entre six saveurs \u00e0 tout moment pour une exp\u00e9rience de vapotage dynamique.<\/p>\n<p data-start=\"313\" data-end=\"432\"><strong data-start=\"313\" data-end=\"348\">Capacit\u00e9 massive d'e-liquide de 108 ml<\/strong> - Aliment\u00e9 par <strong data-start=\"362\" data-end=\"380\">6 r\u00e9servoirs de 18 ml<\/strong> pour une utilisation prolong\u00e9e et un plaisir continu des saveurs.<\/p>\n<p data-start=\"434\" data-end=\"550\"><strong data-start=\"434\" data-end=\"462\">Technologie de bobine \u00e0 six mailles<\/strong> \u2013 Le syst\u00e8me avanc\u00e9 \u00e0 six bobines offre une saveur plus riche, des nuages \u200b\u200b\u200b\u200bplus denses et des tirages plus fluides.<\/p>\n<p data-start=\"552\" data-end=\"657\"><strong data-start=\"552\" data-end=\"581\">1.1\u03a9 R\u00e9sistance optimis\u00e9e<\/strong> \u2013 Performances de flux d\u2019air \u00e9quilibr\u00e9es pour une inhalation confortable et satisfaisante.<\/p>\n<p data-start=\"659\" data-end=\"753\"><strong data-start=\"659\" data-end=\"683\">Force nicotinique 2%<\/strong> \u2013 Niveau de nicotine doux et agr\u00e9able con\u00e7u pour le vapotage quotidien.<\/p>\n<p data-start=\"755\" data-end=\"850\"><strong data-start=\"755\" data-end=\"787\">Batterie rechargeable 1000 mAh<\/strong> \u2013 Batterie puissante et fiable pour des performances tout au long de la journ\u00e9e.<\/p>\n<p data-start=\"852\" data-end=\"931\"><strong data-start=\"852\" data-end=\"876\">Chargement rapide de type C<\/strong> \u2013 Chargement rapide et efficace pour un temps d\u2019arr\u00eat minimal.<\/p>\n<p data-start=\"933\" data-end=\"1049\"><strong data-start=\"933\" data-end=\"961\">\u00c9cran d'affichage LED intelligent<\/strong> \u2013 Surveillance en temps r\u00e9el du niveau de la batterie et du e-liquide pour un meilleur contr\u00f4le et plus de commodit\u00e9.<\/p>\n<p data-start=\"1051\" data-end=\"1159\"><strong data-start=\"1051\" data-end=\"1081\">Sortie fluide et coh\u00e9rente<\/strong> \u2013 Performances stables de la premi\u00e8re bouff\u00e9e \u00e0 la derni\u00e8re avec une distribution de vapeur optimis\u00e9e.<\/p>\n<p data-start=\"1161\" data-end=\"1265\"><strong data-start=\"1161\" data-end=\"1186\">Design moderne haut de gamme<\/strong> \u2013 Appareil \u00e9l\u00e9gant de grande capacit\u00e9 con\u00e7u \u00e0 la fois pour les performances et l\u2019attrait visuel.<\/p>\n<p data-start=\"1267\" data-end=\"1344\" data-is-last-node=\"\" data-is-only-node=\"\"><strong data-start=\"1267\" data-end=\"1292\">Exp\u00e9dition en entrep\u00f4t dans l'UE<\/strong> \u2013 Livraison rapide dans toute l\u2019Europe sans frais de douane.<\/p>\n<p>&nbsp;<\/p>\n<h3 id=\"brxe-najhln\" class=\"brxe-heading\"><\/h3>\n<p data-start=\"1267\" data-end=\"1344\" data-is-last-node=\"\" data-is-only-node=\"\">\n<h2 data-section-id=\"ovipds\" data-start=\"0\" data-end=\"71\"><span role=\"text\"><strong data-start=\"6\" data-end=\"71\">Stag Bar 6in1 180000 bouff\u00e9es Vape jetable <\/strong><\/span><span role=\"text\"><strong data-start=\"6\" data-end=\"30\">Liste des \u00e9ditions de saveurs<\/strong><\/span><\/h2>\n<h3 data-section-id=\"jy3e9\" data-start=\"32\" data-end=\"58\"><span role=\"text\">1. <strong data-start=\"39\" data-end=\"56\">\u00c9dition Fruits<\/strong><\/span><\/h3>\n<p data-start=\"59\" data-end=\"155\"><strong data-start=\"59\" data-end=\"155\">Glace aux bleuets et glace aux fraises et glace \u00e0 la past\u00e8que et cerise p\u00e9tillante et p\u00eache juteuse et triple banane<\/strong><\/p>\n<h3 data-section-id=\"1qyny\" data-start=\"157\" data-end=\"188\"><span role=\"text\">2. <strong data-start=\"164\" data-end=\"186\">\u00c9dition Past\u00e8que<\/strong><\/span><\/h3>\n<p data-start=\"189\" data-end=\"323\"><strong data-start=\"189\" data-end=\"323\">Past\u00e8que Glace &amp; Fraise Past\u00e8que &amp; Mangue P\u00eache Past\u00e8que &amp; Past\u00e8que Chupa Chups &amp; Framboise Past\u00e8que &amp; Past\u00e8que B-Pop<\/strong><\/p>\n<h3 data-section-id=\"1sm6kdu\" data-start=\"325\" data-end=\"356\"><span role=\"text\">3. <strong data-start=\"332\" data-end=\"354\">\u00c9dition Fraise<\/strong><\/span><\/h3>\n<p data-start=\"357\" data-end=\"482\"><strong data-start=\"357\" data-end=\"482\">Glace aux fraises et fraises Kiwi et fraises Banane et fraise Past\u00e8que et fraise Colada et Chupa Chups aux fraises<\/strong><\/p>\n<h3 data-section-id=\"1r4psly\" data-start=\"484\" data-end=\"510\"><span role=\"text\">4. <strong data-start=\"491\" data-end=\"508\">\u00c9dition Baies<\/strong><\/span><\/h3>\n<p data-start=\"511\" data-end=\"623\"><strong data-start=\"511\" data-end=\"623\">Glace Blue Razz et glace aux bleuets et baies m\u00e9lang\u00e9es et glace aux myrtilles et aux framboises et p\u00eache aux baies et aux fraises Kiwi<\/strong><\/p>\n<h3 data-section-id=\"253r2g\" data-start=\"625\" data-end=\"657\"><span role=\"text\">5. <strong data-start=\"632\" data-end=\"655\">\u00c9dition de fruits m\u00e9lang\u00e9s<\/strong><\/span><\/h3>\n<p data-start=\"658\" data-end=\"796\"><strong data-start=\"658\" data-end=\"796\">Triple Melon &amp; Sex On The Beach &amp; P\u00eache Mangue Ananas &amp; Fraise Framboise Glace &amp; Mangue P\u00eache Past\u00e8que &amp; Kiwi Fruit de la Passion Goyave<\/strong><\/p>\n<h3 data-section-id=\"18pxcmf\" data-start=\"798\" data-end=\"823\"><span role=\"text\">6. <strong data-start=\"805\" data-end=\"821\">\u00c9dition Chaux<\/strong><\/span><\/h3>\n<p data-start=\"824\" data-end=\"935\"><strong data-start=\"824\" data-end=\"935\">Citron Lime &amp; Fraise Kiwi Dragon &amp; Fruit Banane Cerise &amp; Ananas Papaye &amp; Coco Loco &amp; Sex On The Beach<\/strong><\/p>\n<h3 data-section-id=\"ry7vus\" data-start=\"937\" data-end=\"962\"><span role=\"text\">7. <strong data-start=\"944\" data-end=\"960\">\u00c9dition cool<\/strong><\/span><\/h3>\n<p data-start=\"963\" data-end=\"1043\"><strong data-start=\"963\" data-end=\"1043\">Menthe Fra\u00eeche &amp; Glace Cola &amp; Coco Loco &amp; Glace Past\u00e8que &amp; Cola Cerise &amp; Raisin Aloe<\/strong><\/p>\n<h3 data-section-id=\"b9xbv9\" data-start=\"1045\" data-end=\"1071\"><span role=\"text\">8. <strong data-start=\"1052\" data-end=\"1069\">\u00c9dition Bonbons<\/strong><\/span><\/h3>\n<p data-start=\"1072\" data-end=\"1182\"><strong data-start=\"1072\" data-end=\"1182\">Love 66 &amp; Chupa Chups aux fraises &amp; Chupa Chups \u00e0 la past\u00e8que &amp; Colada aux fraises &amp; Baies m\u00e9lang\u00e9es &amp; Cheesecake<\/strong><\/p>\n<h3 data-section-id=\"9zjhpe\" data-start=\"1184\" data-end=\"1210\"><span role=\"text\">9. <strong data-start=\"1191\" data-end=\"1208\">\u00c9dition noire<\/strong><\/span><\/h3>\n<p data-start=\"1211\" data-end=\"1330\"><strong data-start=\"1211\" data-end=\"1330\">Black Dragon Ice &amp; Myrtille Cerise Canneberge &amp; Blue Razz Ice &amp; Fraise Raisin &amp; Double Pomme &amp; Litchi Hami Melon<\/strong><\/p>\n<h3 data-section-id=\"19fdcq9\" data-start=\"1332\" data-end=\"1360\"><span role=\"text\">10. <strong data-start=\"1340\" data-end=\"1358\">\u00c9dition exotique<\/strong><\/span><\/h3>\n<p data-start=\"1361\" data-end=\"1460\"><strong data-start=\"1361\" data-end=\"1460\">Cherry Cola &amp; Lemon Lime &amp; Black Dragon Ice &amp; Red Bull &amp; Peach Berry &amp; Fraise Framboise Ice<img loading=\"lazy\" decoding=\"async\" class=\"alignnone wp-image-10031 size-full\" src=\"https:\/\/pgvape.com\/wp-content\/uploads\/2026\/04\/Stag-Bar-6-In-1-180K-Rotating-Flavor-Disposable-Vape-With-180000-Puffs-LED-Display-And-108ml-E-Liquid-1.jpg\" alt=\"Affiche vert vif annon\u00e7ant dix \u00e9ditions de saveurs d&#039;un stylo vape avec des appareils color\u00e9s et des listes de saveurs.\" width=\"1500\" height=\"1500\" srcset=\"https:\/\/pgvape.com\/wp-content\/uploads\/2026\/04\/Stag-Bar-6-In-1-180K-Rotating-Flavor-Disposable-Vape-With-180000-Puffs-LED-Display-And-108ml-E-Liquid-1.jpg 1500w, https:\/\/pgvape.com\/wp-content\/uploads\/2026\/04\/Stag-Bar-6-In-1-180K-Rotating-Flavor-Disposable-Vape-With-180000-Puffs-LED-Display-And-108ml-E-Liquid-1-360x360.jpg 360w, https:\/\/pgvape.com\/wp-content\/uploads\/2026\/04\/Stag-Bar-6-In-1-180K-Rotating-Flavor-Disposable-Vape-With-180000-Puffs-LED-Display-And-108ml-E-Liquid-1-595x595.jpg 595w, https:\/\/pgvape.com\/wp-content\/uploads\/2026\/04\/Stag-Bar-6-In-1-180K-Rotating-Flavor-Disposable-Vape-With-180000-Puffs-LED-Display-And-108ml-E-Liquid-1-400x400.jpg 400w, https:\/\/pgvape.com\/wp-content\/uploads\/2026\/04\/Stag-Bar-6-In-1-180K-Rotating-Flavor-Disposable-Vape-With-180000-Puffs-LED-Display-And-108ml-E-Liquid-1-768x768.jpg 768w, https:\/\/pgvape.com\/wp-content\/uploads\/2026\/04\/Stag-Bar-6-In-1-180K-Rotating-Flavor-Disposable-Vape-With-180000-Puffs-LED-Display-And-108ml-E-Liquid-1-12x12.jpg 12w, https:\/\/pgvape.com\/wp-content\/uploads\/2026\/04\/Stag-Bar-6-In-1-180K-Rotating-Flavor-Disposable-Vape-With-180000-Puffs-LED-Display-And-108ml-E-Liquid-1-300x300.jpg 300w, https:\/\/pgvape.com\/wp-content\/uploads\/2026\/04\/Stag-Bar-6-In-1-180K-Rotating-Flavor-Disposable-Vape-With-180000-Puffs-LED-Display-And-108ml-E-Liquid-1-600x600.jpg 600w, https:\/\/pgvape.com\/wp-content\/uploads\/2026\/04\/Stag-Bar-6-In-1-180K-Rotating-Flavor-Disposable-Vape-With-180000-Puffs-LED-Display-And-108ml-E-Liquid-1-100x100.jpg 100w\" sizes=\"auto, (max-width: 1500px) 100vw, 1500px\" \/><\/strong><\/p>\n<p data-start=\"1361\" data-end=\"1460\">\n<h3 class=\"auto-hide-last-sibling-br paragraph-pP9ZLC paragraph-element br-paragraph-space\">Pourquoi choisir l'entrep\u00f4t europ\u00e9en PGVape\u00a0?<\/h3>\n<p>Exp\u00e9dition rapide : livraison dans la plupart des pays de l\u2019UE sous 3 \u00e0 7 jours ouvrables.<\/p>\n<p>Livraison hors taxes : le stock local de l\u2019UE garantit une exp\u00e9dition fluide et hors taxes.<\/p>\n<p>Garantie authentique 100%\u00a0: authentique <strong data-start=\"0\" data-end=\"40\">Barre de cerf<\/strong><span role=\"text\"><strong data-start=\"4\" data-end=\"60\">\u00a0<\/strong><\/span>cigarettes \u00e9lectroniques provenant de fournisseurs certifi\u00e9s.<\/p>\n<p>Inventaire frais\u00a0: stock\u00e9 dans des conditions contr\u00f4l\u00e9es pour garantir une qualit\u00e9 optimale.<\/p>\n<p>Approuv\u00e9 par les Europ\u00e9ens\u00a0: des milliers de clients b\u00e9n\u00e9ficient des services de cigarettes \u00e9lectroniques rapides et s\u00e9curis\u00e9s de PGVape.<\/p>\n<p>&nbsp;<\/p>\n<h3 id=\"brxe-najhln\" class=\"brxe-heading\"><\/h3>\n<p data-start=\"1361\" data-end=\"1460\">\n<h3 data-section-id=\"b3cw2t\" data-start=\"0\" data-end=\"57\"><span role=\"text\"><strong data-start=\"4\" data-end=\"57\">FAQ Stag Bar 6in1 180000 Puffs Vape jetable<\/strong><\/span><\/h3>\n<p data-start=\"59\" data-end=\"223\"><strong data-start=\"59\" data-end=\"116\">\u2753 Combien de bouff\u00e9es fournit le Stag Bar 6in1 180K ?<\/strong><br data-start=\"116\" data-end=\"119\" \/>\u2705 L'appareil d\u00e9livre jusqu'\u00e0 <strong data-start=\"147\" data-end=\"164\">180 000 bouff\u00e9es<\/strong>, offrant des performances ultra-durables pour une utilisation prolong\u00e9e.<\/p>\n<p data-start=\"225\" data-end=\"362\"><strong data-start=\"225\" data-end=\"267\">\u2753Quel est le taux de nicotine ?<\/strong><br data-start=\"267\" data-end=\"270\" \/>\u2705 Il est livr\u00e9 avec <strong data-start=\"286\" data-end=\"310\">Force nicotinique 2%<\/strong>, offrant une exp\u00e9rience de vapotage douce et \u00e9quilibr\u00e9e.<\/p>\n<p data-start=\"364\" data-end=\"540\"><strong data-start=\"364\" data-end=\"409\">\u2753Comment fonctionne le syst\u00e8me d'ar\u00f4mes 6 en 1 ?<\/strong><br data-start=\"409\" data-end=\"412\" \/>\u2705 L'appareil dispose d'un <strong data-start=\"436\" data-end=\"462\">syst\u00e8me de saveur rotatif<\/strong> qui permet aux utilisateurs de basculer facilement entre <strong data-start=\"506\" data-end=\"531\">six saveurs diff\u00e9rentes<\/strong> \u00e0 tout moment.<\/p>\n<p data-start=\"542\" data-end=\"678\"><strong data-start=\"542\" data-end=\"584\">\u2753 What is the total e-liquid capacity?<\/strong><br data-start=\"584\" data-end=\"587\" \/>\u2705 Il comprend <strong data-start=\"601\" data-end=\"631\">Chambres 6 \u00d7 18 ml pour e-liquide<\/strong>, donnant une capacit\u00e9 totale massive de <strong data-start=\"668\" data-end=\"677\">108 ml<\/strong>.<\/p>\n<p data-start=\"680\" data-end=\"822\"><strong data-start=\"680\" data-end=\"716\">\u2753Quel type de coil utilise-t-il ?<\/strong><br data-start=\"716\" data-end=\"719\" \/>\u2705 Il est \u00e9quip\u00e9 de <strong data-start=\"741\" data-end=\"759\">six bobines de maille<\/strong>, con\u00e7u pour am\u00e9liorer la diffusion des saveurs et produire une vapeur plus dense.<\/p>\n<p data-start=\"824\" data-end=\"948\"><strong data-start=\"824\" data-end=\"859\">\u2753Quel est le niveau de r\u00e9sistance ?<\/strong><br data-start=\"859\" data-end=\"862\" \/>\u2705 L'appareil utilise <strong data-start=\"880\" data-end=\"899\">R\u00e9sistance 1.1\u03a9<\/strong>, assurant un flux d'air fluide et un tirage confortable.<\/p>\n<p data-start=\"950\" data-end=\"1074\"><strong data-start=\"950\" data-end=\"984\">\u2753 La batterie est-elle rechargeable ?<\/strong><br data-start=\"984\" data-end=\"987\" \/>\u2705 Oui, il comporte un <strong data-start=\"1008\" data-end=\"1040\">Batterie rechargeable 1000 mAh<\/strong> pour des performances fiables toute la journ\u00e9e.<\/p>\n<p data-start=\"1076\" data-end=\"1202\"><strong data-start=\"1076\" data-end=\"1119\">\u2753 Quelle m\u00e9thode de chargement prend-il en charge\u00a0?<\/strong><br data-start=\"1119\" data-end=\"1122\" \/>\u2705 Il prend en charge <strong data-start=\"1136\" data-end=\"1160\">Chargement rapide de type C<\/strong>, permettant une recharge rapide et efficace.<\/p>\n<p data-start=\"1204\" data-end=\"1339\"><strong data-start=\"1204\" data-end=\"1240\">\u2753 Est-ce qu'il a un \u00e9cran d'affichage ?<\/strong><br data-start=\"1240\" data-end=\"1243\" \/>\u2705 Oui, le module int\u00e9gr\u00e9 <strong data-start=\"1263\" data-end=\"1285\">LED display screen<\/strong> affiche le niveau de la batterie et l'\u00e9tat du e-liquide en temps r\u00e9el.<\/p>\n<p data-start=\"1341\" data-end=\"1499\"><strong data-start=\"1341\" data-end=\"1378\">\u2753La production de vapeur est-elle forte ?<\/strong><br data-start=\"1378\" data-end=\"1381\" \/>\u2705 Oui, avec son <strong data-start=\"1397\" data-end=\"1443\">six serpentins maill\u00e9s et une conception avanc\u00e9e du flux d'air<\/strong>, il offre une saveur riche et des nuages \u200b\u200bdenses de mani\u00e8re constante.<\/p>\n<p data-start=\"1501\" data-end=\"1680\"><strong data-start=\"1501\" data-end=\"1547\">\u2753 Cet appareil est-il adapt\u00e9 aux gros utilisateurs ?<\/strong><br data-start=\"1547\" data-end=\"1550\" \/>\u2705Absolument. Avec <strong data-start=\"1569\" data-end=\"1633\">180\u00a0000 bouff\u00e9es, une \u00e9norme capacit\u00e9 d\u2019e-liquide et une batterie rechargeable<\/strong>, il est id\u00e9al pour les utilisateurs fr\u00e9quents et \u00e0 long terme.<\/p>\n<p data-start=\"1682\" data-end=\"1826\" data-is-last-node=\"\" data-is-only-node=\"\"><strong data-start=\"1682\" data-end=\"1719\">\u2753 L'exp\u00e9dition est-elle rapide en Europe ?<\/strong><br data-start=\"1719\" data-end=\"1722\" \/>\u2705 Yes, the product is shipped from an <strong data-start=\"1760\" data-end=\"1776\">Entrep\u00f4t de l'UE<\/strong>, assurant <strong data-start=\"1787\" data-end=\"1825\">livraison rapide sans frais de douane<\/strong>.<\/p>\n<p>&nbsp;<\/p>\n<h3 id=\"brxe-najhln\" class=\"brxe-heading\">Foire aux questions (FAQ)<\/h3>\n<div id=\"brxe-rajiac\" class=\"brxe-text\">\n<p><strong>Q : Quels modes de paiement acceptez-vous ?<\/strong><br \/>\nR\u00a0: Nous acceptons PayPal, Stripe, les virements bancaires (pris en charge par SEPA), les principales cartes de cr\u00e9dit (Visa, MasterCard, American Express) et les paiements en crypto-monnaie.<\/p>\n<p><strong>Q : Combien de temps prend la pr\u00e9paration d\u2019une commande ?<\/strong><br \/>\nR : La pr\u00e9paration de la commande prend 1 \u00e0 3 jours ouvrables.<\/p>\n<p><strong>Q : Quel est le d\u00e9lai de livraison ?<\/strong><br \/>\nR : Le d\u00e9lai de livraison est de 7 \u00e0 14 jours ouvrables, selon votre emplacement.<\/p>\n<p><strong>Q : Comment puis-je suivre ma commande ?<\/strong><br \/>\nR : Apr\u00e8s l'exp\u00e9dition, vous recevrez un e-mail de confirmation avec un num\u00e9ro de suivi pour un suivi en temps r\u00e9el.<\/p>\n<p><strong>Q : Quelle est votre politique de retour ?<\/strong><br \/>\nR : Nous proposons une politique de retour de 30 jours pour les remboursements ou les \u00e9changes. .<\/p>\n<p><strong>Q : Y aura-t-il des probl\u00e8mes douaniers ?<br \/>\n<\/strong>Nous prenons en charge toutes les proc\u00e9dures de d\u00e9douanement pour vous garantir une exp\u00e9rience sans tracas. .<\/p>\n<p><strong>Q : Quelles m\u00e9thodes d\u2019exp\u00e9dition sont utilis\u00e9es ?<\/strong><br \/>\nNous coop\u00e9rons avec UPS\/DHL\/FEDEX\/DPD, etc. Nous choisirons l'option d'exp\u00e9dition appropri\u00e9e en fonction du pays de livraison pour garantir que vous recevez vos produits le plus rapidement possible.<\/p>\n<p><a href=\"https:\/\/pgvape.com\/fr\/faq\/\">Cliquez ici pour plus de FAQ<\/a><\/p>\n<p>Chers clients, Si vous avez des questions concernant votre commande ou l'arriv\u00e9e des marchandises, n'h\u00e9sitez pas \u00e0 contacter notre service client. Merci !<\/p>\n<h3 data-sourcepos=\"73:1-73:21\"><strong data-sourcepos=\"73:7-73:21\">Contactez-nous<\/strong><\/h3>\n<div id=\"text-2419739398\" class=\"text\">\n<p><strong data-sourcepos=\"75:3-75:12\">E-mail<\/strong>:\u00a0<a href=\"mailto:support@pgvape.com\"><strong>support@pgvape.com<\/strong><\/a><\/p>\n<p><strong data-sourcepos=\"76:3-76:15\">WhatsApp<\/strong>:\u00a0<a href=\"https:\/\/wa.me\/+8618128481258\"><strong>+86 18128481258<\/strong><\/a><br \/>\n<strong>(R\u00e9ponse sous 24h les jours ouvr\u00e9s)<\/strong><\/p>\n<\/div>\n<h3><strong>Merci d'avoir choisi pgvape.com ! .<\/strong><\/h3>\n<\/div>","protected":false},"excerpt":{"rendered":"<p data-start=\"0\" data-end=\"40\"><strong data-start=\"0\" data-end=\"40\">Vape jetable Stag Bar 6-en-1 180K <\/strong>Jusqu'\u00e0 180 000 bouff\u00e9es avec un syst\u00e8me rotatif \u00e0 6 saveurs pour une vari\u00e9t\u00e9 maximale. Aliment\u00e9 par six bobines maill\u00e9es, une capacit\u00e9 d'e-liquide de 108 ml et une batterie rechargeable de 1 000 mAh pour des performances ultra longues. L'\u00e9cran LED intelligent et la charge rapide de type C offrent une commodit\u00e9 \u00e0 chaque bouff\u00e9e.<\/p>","protected":false},"featured_media":10034,"comment_status":"open","ping_status":"closed","template":"","meta":{"_seopress_robots_primary_cat":"","_seopress_titles_title":"","_seopress_titles_desc":"","_seopress_robots_index":""},"product_brand":[193,542],"product_cat":[633,515,192,541],"product_tag":[637,635,90,79,636,203,634],"class_list":{"0":"post-10028","1":"product","2":"type-product","3":"status-publish","4":"has-post-thumbnail","6":"product_brand-stag-bar-vape","7":"product_brand-stag-bar-vape-eu","8":"product_cat-180k-puffs-vape","9":"product_cat-disposable-vape","10":"product_cat-stag-bar-vape","11":"product_cat-stag-bar-vape-eu","12":"product_tag-108ml-e-liquid","13":"product_tag-180k-puffs-vape","14":"product_tag-disposable-vape","15":"product_tag-led-display","16":"product_tag-rotating-flavor","17":"product_tag-shipment-from-eu","18":"product_tag-stag-bar-6-in-1-180k","20":"first","21":"instock","22":"sale","23":"shipping-taxable","24":"purchasable","25":"product-type-variable"},"_links":{"self":[{"href":"https:\/\/pgvape.com\/fr\/wp-json\/wp\/v2\/product\/10028","targetHints":{"allow":["GET"]}}],"collection":[{"href":"https:\/\/pgvape.com\/fr\/wp-json\/wp\/v2\/product"}],"about":[{"href":"https:\/\/pgvape.com\/fr\/wp-json\/wp\/v2\/types\/product"}],"replies":[{"embeddable":true,"href":"https:\/\/pgvape.com\/fr\/wp-json\/wp\/v2\/comments?post=10028"}],"wp:featuredmedia":[{"embeddable":true,"href":"https:\/\/pgvape.com\/fr\/wp-json\/wp\/v2\/media\/10034"}],"wp:attachment":[{"href":"https:\/\/pgvape.com\/fr\/wp-json\/wp\/v2\/media?parent=10028"}],"wp:term":[{"taxonomy":"product_brand","embeddable":true,"href":"https:\/\/pgvape.com\/fr\/wp-json\/wp\/v2\/product_brand?post=10028"},{"taxonomy":"product_cat","embeddable":true,"href":"https:\/\/pgvape.com\/fr\/wp-json\/wp\/v2\/product_cat?post=10028"},{"taxonomy":"product_tag","embeddable":true,"href":"https:\/\/pgvape.com\/fr\/wp-json\/wp\/v2\/product_tag?post=10028"}],"curies":[{"name":"wp","href":"https:\/\/api.w.org\/{rel}","templated":true}]}}