{"id":3,"date":"2025-07-09T13:14:25","date_gmt":"2025-07-09T13:14:25","guid":{"rendered":"http:\/\/pgvape.com\/?page_id=3"},"modified":"2025-11-19T08:01:49","modified_gmt":"2025-11-19T08:01:49","slug":"politique-de-confidentialite","status":"publish","type":"page","link":"https:\/\/pgvape.com\/fr\/politique-de-confidentialite\/","title":{"rendered":"politique de confidentialit\u00e9"},"content":{"rendered":"<div id=\"text-63879139\" class=\"text\">\n\t\t\n\n<h1>\ud83d\udcdc Politique de confidentialit\u00e9<\/h1>\n\t\t\n<style>\n#text-63879139 {\n  font-size: 1rem;\n  line-height: 1.05;\n  text-align: left;\n  color: rgb(0, 0, 0);\n}\n#text-63879139 > * {\n  color: rgb(0, 0, 0);\n}\n@media (min-width:550px) {\n  #text-63879139 {\n    font-size: 1.2rem;\n    line-height: 1.5;\n    text-align: left;\n  }\n}\n@media (min-width:850px) {\n  #text-63879139 {\n    font-size: 1.5rem;\n    text-align: center;\n  }\n}\n<\/style>\n\t<\/div>\n\t\n\n\n\n<h2 class=\"wp-block-heading\"><\/h2>\n\n\n\n\t<div id=\"text-3118247027\" class=\"text\">\n\t\t\n\n<h3><span style=\"color: #282828;\">Chez Pgvape, nous appr\u00e9cions votre confiance et nous nous engageons \u00e0 prot\u00e9ger vos donn\u00e9es personnelles. .<\/span><\/h3>\n\t\t\n<style>\n#text-3118247027 {\n  font-size: 0.75rem;\n  color: rgb(0, 0, 0);\n}\n#text-3118247027 > * {\n  color: rgb(0, 0, 0);\n}\n@media (min-width:550px) {\n  #text-3118247027 {\n    font-size: 1rem;\n  }\n}\n@media (min-width:850px) {\n  #text-3118247027 {\n    font-size: 1.1rem;\n  }\n}\n<\/style>\n\t<\/div>\n\t\n<div class=\"is-divider divider clearfix\" style=\"max-width:1000px;background-color:rgb(230, 230, 230);\"><\/div>\n\n\t<div id=\"text-53608774\" class=\"text\">\n\t\t\n\n<h3 data-sourcepos=\"7:1-7:27\"><span style=\"color: #000000;\"><strong data-sourcepos=\"7:6-7:25\">Ce que nous collectons<\/strong><\/span><\/h3>\n<p data-sourcepos=\"8:1-8:53\"><span style=\"color: #000000;\">Nous pouvons collecter les types d\u2019informations suivants\u00a0:<\/span><\/p>\n<ol data-sourcepos=\"9:1-12:150\">\n<li data-sourcepos=\"9:1-9:163\"><span style=\"color: #000000;\"><strong data-sourcepos=\"9:4-9:28\">Informations personnelles<\/strong>: Y compris votre nom, votre adresse e-mail, vos d\u00e9tails d'exp\u00e9dition, vos informations de facturation et votre num\u00e9ro de t\u00e9l\u00e9phone lorsque vous effectuez un achat ou nous contactez.<\/span><\/li>\n<li data-sourcepos=\"10:1-10:85\"><span style=\"color: #000000;\"><strong data-sourcepos=\"10:4-10:30\">Donn\u00e9es de commande et de compte<\/strong>: Historique des achats, pr\u00e9f\u00e9rences et adresses enregistr\u00e9es.<\/span><\/li>\n<li data-sourcepos=\"11:1-11:123\"><span style=\"color: #000000;\"><strong data-sourcepos=\"11:4-11:32\">Donn\u00e9es sur l'appareil et la navigation<\/strong>: Adresse IP, type de navigateur, type d'appareil, pages visit\u00e9es et actions entreprises sur notre site Web.<\/span><\/li>\n<li data-sourcepos=\"12:1-12:150\"><span style=\"color: #000000;\"><strong data-sourcepos=\"12:4-12:24\">V\u00e9rification de l'\u00e2ge<\/strong>: Comme l'exige la loi, nous pouvons demander une v\u00e9rification de l'\u00e2ge afin de garantir que les clients ont l'\u00e2ge l\u00e9gal pour acheter des produits de vapotage.<\/span><\/li>\n<\/ol>\n\t\t\n<style>\n#text-53608774 {\n  font-size: 0.75rem;\n  color: rgb(0, 0, 0);\n}\n#text-53608774 > * {\n  color: rgb(0, 0, 0);\n}\n@media (min-width:550px) {\n  #text-53608774 {\n    font-size: 1rem;\n  }\n}\n@media (min-width:850px) {\n  #text-53608774 {\n    font-size: 1.1rem;\n  }\n}\n<\/style>\n\t<\/div>\n\t\n<div class=\"is-divider divider clearfix\" style=\"max-width:1000px;background-color:rgb(230, 230, 230);\"><\/div>\n\n\t<div id=\"text-2574342423\" class=\"text\">\n\t\t\n\n<h3 data-sourcepos=\"16:1-16:39\"><strong><span style=\"color: #000000;\">Comment nous utilisons vos informations<\/span><\/strong><\/h3>\n<p data-sourcepos=\"17:1-17:30\"><span style=\"color: #000000;\">Nous utilisons vos informations pour\u00a0:<\/span><\/p>\n<ol data-sourcepos=\"18:1-23:51\">\n<li data-sourcepos=\"18:1-18:38\"><span style=\"color: #000000;\">Ex\u00e9cutez et livrez vos commandes.<\/span><\/li>\n<li data-sourcepos=\"19:1-19:56\"><span style=\"color: #000000;\">Assurer le support client et r\u00e9pondre aux demandes de renseignements.<\/span><\/li>\n<li data-sourcepos=\"20:1-20:43\"><span style=\"color: #000000;\">Personnalisez votre exp\u00e9rience d'achat.<\/span><\/li>\n<li data-sourcepos=\"21:1-21:51\"><span style=\"color: #000000;\">Am\u00e9liorer nos services et les performances de notre site Web.<\/span><\/li>\n<li data-sourcepos=\"22:1-22:93\"><span style=\"color: #000000;\">Envoyez des mises \u00e0 jour de commande, des informations promotionnelles (si vous \u00eates inscrit) et des notifications importantes.<\/span><\/li>\n<li data-sourcepos=\"23:1-23:51\"><span style=\"color: #000000;\">Respecter les obligations l\u00e9gales et r\u00e9glementaires.<\/span><\/li>\n<\/ol>\n\t\t\n<style>\n#text-2574342423 {\n  font-size: 0.75rem;\n  color: rgb(0, 0, 0);\n}\n#text-2574342423 > * {\n  color: rgb(0, 0, 0);\n}\n@media (min-width:550px) {\n  #text-2574342423 {\n    font-size: 1rem;\n  }\n}\n@media (min-width:850px) {\n  #text-2574342423 {\n    font-size: 1.1rem;\n  }\n}\n<\/style>\n\t<\/div>\n\t\n<div class=\"is-divider divider clearfix\" style=\"max-width:1000px;background-color:rgb(230, 230, 230);\"><\/div>\n\n\t<div id=\"text-3907243635\" class=\"text\">\n\t\t\n\n<h3 data-sourcepos=\"27:1-27:36\"><span style=\"color: #000000;\"><strong data-sourcepos=\"27:6-27:34\">Comment nous prot\u00e9geons vos donn\u00e9es<\/strong><\/span><\/h3>\n<h4 data-sourcepos=\"28:1-28:52\"><span style=\"color: #000000;\"><strong>Nous mettons en \u0153uvre des mesures de s\u00e9curit\u00e9 strictes, notamment\u00a0:<\/strong><\/span><\/h4>\n<ol data-sourcepos=\"29:1-31:123\">\n<li data-sourcepos=\"29:1-29:62\"><span style=\"color: #000000;\"><strong data-sourcepos=\"29:4-29:22\">Cryptage SSL<\/strong>: Pour prot\u00e9ger les donn\u00e9es pendant la transmission.<\/span><\/li>\n<li data-sourcepos=\"30:1-30:114\"><span style=\"color: #000000;\"><strong data-sourcepos=\"30:4-30:54\">Serveurs s\u00e9curis\u00e9s et protocoles d'acc\u00e8s restreint<\/strong>: Garantir que seul le personnel autoris\u00e9 peut acc\u00e9der \u00e0 vos donn\u00e9es.<\/span><\/li>\n<li data-sourcepos=\"31:1-31:123\"><span style=\"color: #000000;\"><strong data-sourcepos=\"31:4-31:50\">Audits de s\u00e9curit\u00e9 r\u00e9guliers et mises \u00e0 jour du syst\u00e8me<\/strong>: Suivre les meilleures pratiques de l\u2019industrie pour garantir la s\u00e9curit\u00e9 de vos donn\u00e9es.<\/span><\/li>\n<\/ol>\n<p data-sourcepos=\"33:1-33:101\"><span style=\"color: #000000;\">Nous prenons la protection des donn\u00e9es tr\u00e8s au s\u00e9rieux et prenons toutes les mesures n\u00e9cessaires pour prot\u00e9ger vos informations.<\/span><\/p>\n\t\t\n<style>\n#text-3907243635 {\n  font-size: 0.75rem;\n  color: rgb(0, 0, 0);\n}\n#text-3907243635 > * {\n  color: rgb(0, 0, 0);\n}\n@media (min-width:550px) {\n  #text-3907243635 {\n    font-size: 1rem;\n  }\n}\n@media (min-width:850px) {\n  #text-3907243635 {\n    font-size: 1.1rem;\n  }\n}\n<\/style>\n\t<\/div>\n\t\n<div class=\"is-divider divider clearfix\" style=\"max-width:1000px;background-color:rgb(230, 230, 230);\"><\/div>\n\n\t<div id=\"text-3295323363\" class=\"text\">\n\t\t\n\n<h3 data-sourcepos=\"37:1-37:31\"><span style=\"color: #000000;\"><strong data-sourcepos=\"37:6-37:29\">Partage d'informations<\/strong><\/span><\/h3>\n<p data-sourcepos=\"38:1-38:91\"><span style=\"color: #000000;\"><strong>Nous ne vendons pas vos donn\u00e9es personnelles.<\/strong><\/span><\/p>\n<ol data-sourcepos=\"39:1-41:60\">\n<li data-sourcepos=\"39:1-39:102\"><span style=\"color: #000000;\"><strong>Fournisseurs de services de confiance\u00a0:<\/strong> Tels que les passerelles de paiement, les partenaires d'exp\u00e9dition et les plateformes de messagerie.<\/span><\/li>\n<li data-sourcepos=\"40:1-40:67\"><span style=\"color: #000000;\"><strong data-sourcepos=\"40:4-40:44\">Organismes d\u2019application de la loi ou de r\u00e9glementation<\/strong>: Si la loi l'exige.<\/span><\/li>\n<li data-sourcepos=\"41:1-41:60\"><span style=\"color: #000000;\"><strong data-sourcepos=\"41:4-41:27\">Plateformes de marketing<\/strong>: Uniquement avec votre accord pr\u00e9alable.<\/span><\/li>\n<\/ol>\n\t\t\n<style>\n#text-3295323363 {\n  font-size: 0.75rem;\n  color: rgb(0, 0, 0);\n}\n#text-3295323363 > * {\n  color: rgb(0, 0, 0);\n}\n@media (min-width:550px) {\n  #text-3295323363 {\n    font-size: 1rem;\n  }\n}\n@media (min-width:850px) {\n  #text-3295323363 {\n    font-size: 1.1rem;\n  }\n}\n<\/style>\n\t<\/div>\n\t\n<div class=\"is-divider divider clearfix\" style=\"max-width:1000px;background-color:rgb(230, 230, 230);\"><\/div>\n\n\t<div id=\"text-3062459174\" class=\"text\">\n\t\t\n\n<h3 data-sourcepos=\"45:1-45:32\"><span style=\"color: #000000;\"><strong data-sourcepos=\"45:6-45:30\">Cookies et suivi<\/strong><\/span><\/h3>\n<p data-sourcepos=\"46:1-46:39\"><span style=\"color: #000000;\"><strong>Nous utilisons des cookies et des outils similaires pour\u00a0:<\/strong><\/span><\/p>\n<ol data-sourcepos=\"47:1-49:54\">\n<li data-sourcepos=\"47:1-47:45\"><span style=\"color: #000000;\">Activez les fonctionnalit\u00e9s essentielles du site Web.<\/span><\/li>\n<li data-sourcepos=\"48:1-48:40\"><span style=\"color: #000000;\">Analysez le trafic et le comportement des utilisateurs.<\/span><\/li>\n<li data-sourcepos=\"49:1-49:54\"><span style=\"color: #000000;\">Offrez une exp\u00e9rience d\u2019achat plus personnalis\u00e9e.<\/span><\/li>\n<\/ol>\n<p data-sourcepos=\"51:1-51:72\"><span style=\"color: #000000;\">Vous pouvez modifier vos pr\u00e9f\u00e9rences en mati\u00e8re de cookies via les param\u00e8tres de votre navigateur.<\/span><\/p>\n\t\t\n<style>\n#text-3062459174 {\n  font-size: 0.75rem;\n  color: rgb(0, 0, 0);\n}\n#text-3062459174 > * {\n  color: rgb(0, 0, 0);\n}\n@media (min-width:550px) {\n  #text-3062459174 {\n    font-size: 1rem;\n  }\n}\n@media (min-width:850px) {\n  #text-3062459174 {\n    font-size: 1.1rem;\n  }\n}\n<\/style>\n\t<\/div>\n\t\n<div class=\"is-divider divider clearfix\" style=\"max-width:1000px;background-color:rgb(230, 230, 230);\"><\/div>\n\n\t<div id=\"text-2413173364\" class=\"text\">\n\t\t\n\n<h3 data-sourcepos=\"55:1-55:23\"><span style=\"color: #000000;\"><strong data-sourcepos=\"55:6-55:21\">Vos droits<\/strong><\/span><\/h3>\n<p data-sourcepos=\"56:1-56:69\"><span style=\"color: #000000;\">Selon votre juridiction, vous pouvez b\u00e9n\u00e9ficier des droits suivants\u00a0:<\/span><\/p>\n<ol data-sourcepos=\"57:1-60:58\">\n<li data-sourcepos=\"57:1-57:36\"><span style=\"color: #000000;\"><strong data-sourcepos=\"57:4-57:33\">Acc\u00e9dez \u00e0 vos donn\u00e9es personnelles<\/strong>.<\/span><\/li>\n<li data-sourcepos=\"58:1-58:41\"><span style=\"color: #000000;\"><strong data-sourcepos=\"58:4-58:38\">Demander des corrections ou des mises \u00e0 jour<\/strong>.<\/span><\/li>\n<li data-sourcepos=\"59:1-59:47\"><span style=\"color: #000000;\"><strong data-sourcepos=\"59:4-59:44\">Demander la suppression de vos informations<\/strong>.<\/span><\/li>\n<li data-sourcepos=\"60:1-60:58\"><span style=\"color: #000000;\"><strong data-sourcepos=\"60:4-60:55\">D\u00e9sactivez-vous des communications marketing \u00e0 tout moment<\/strong>.<\/span><\/li>\n<\/ol>\n<p data-sourcepos=\"62:1-62:73\"><span style=\"color: #000000;\">Pour exercer ces droits, veuillez nous contacter au <strong data-sourcepos=\"62:48-62:70\"><a style=\"color: #000000;\" href=\"mailto:support@pgvape.com\" data-sentry-component=\"CustomLink\" data-sentry-source-file=\"index.tsx\">support@pgvape.com<\/a><\/strong>.<\/span><\/p>\n\t\t\n<style>\n#text-2413173364 {\n  font-size: 0.75rem;\n  color: rgb(0, 0, 0);\n}\n#text-2413173364 > * {\n  color: rgb(0, 0, 0);\n}\n@media (min-width:550px) {\n  #text-2413173364 {\n    font-size: 1rem;\n  }\n}\n@media (min-width:850px) {\n  #text-2413173364 {\n    font-size: 1.1rem;\n  }\n}\n<\/style>\n\t<\/div>\n\t\n<div class=\"is-divider divider clearfix\" style=\"max-width:1000px;background-color:rgb(230, 230, 230);\"><\/div>\n\n\t<div id=\"text-496966245\" class=\"text\">\n\t\t\n\n<h3 data-sourcepos=\"66:1-66:31\"><span style=\"color: #000000;\"><strong data-sourcepos=\"66:6-66:29\">Utilisateurs internationaux<\/strong><\/span><\/h3>\n<p><strong><span style=\"color: #000000;\">En acc\u00e9dant \u00e0 notre site Web depuis l'ext\u00e9rieur de votre pays, vous acceptez le transfert et le traitement de vos informations en vertu de cette politique et des lois locales applicables.<\/span><\/strong><\/p>\n\t\t\n<style>\n#text-496966245 {\n  font-size: 0.75rem;\n  color: rgb(2, 0, 0);\n}\n#text-496966245 > * {\n  color: rgb(2, 0, 0);\n}\n@media (min-width:550px) {\n  #text-496966245 {\n    font-size: 1rem;\n  }\n}\n@media (min-width:850px) {\n  #text-496966245 {\n    font-size: 1.1rem;\n  }\n}\n<\/style>\n\t<\/div>\n\t\n<div class=\"is-divider divider clearfix\" style=\"max-width:1000px;background-color:rgb(230, 230, 230);\"><\/div>\n\n\t<div id=\"text-3477071061\" class=\"text\">\n\t\t\n\n<h3 data-sourcepos=\"71:1-71:34\"><span style=\"color: #000000;\"><strong data-sourcepos=\"71:6-71:32\">Modifications de cette politique<\/strong><\/span><\/h3>\n<p data-sourcepos=\"72:1-72:221\"><span style=\"color: #000000;\"><strong>Nous pouvons mettre \u00e0 jour cette politique de confidentialit\u00e9 pour refl\u00e9ter les changements dans nos pratiques ou les exigences l\u00e9gales. .<\/strong><\/span><\/p>\n\t\t\n<style>\n#text-3477071061 {\n  font-size: 0.75rem;\n  color: rgb(0, 0, 0);\n}\n#text-3477071061 > * {\n  color: rgb(0, 0, 0);\n}\n@media (min-width:550px) {\n  #text-3477071061 {\n    font-size: 1rem;\n  }\n}\n@media (min-width:850px) {\n  #text-3477071061 {\n    font-size: 1.1rem;\n  }\n}\n<\/style>\n\t<\/div>\n\t\n<div class=\"is-divider divider clearfix\" style=\"max-width:1000px;background-color:rgb(230, 230, 230);\"><\/div>\n\n\t<div id=\"text-3232579757\" class=\"text\">\n\t\t\n\n<h3 data-sourcepos=\"76:1-76:22\"><span style=\"color: #000000;\"><strong data-sourcepos=\"76:6-76:20\">Contactez-nous<\/strong><\/span><\/h3>\n<p data-sourcepos=\"77:1-77:90\"><span style=\"color: #000000;\">Si vous avez des questions, des pr\u00e9occupations ou des demandes li\u00e9es aux donn\u00e9es, veuillez contacter notre \u00e9quipe\u00a0:<\/span><\/p>\n<ul data-sourcepos=\"78:1-79:33\">\n<li data-sourcepos=\"78:1-78:34\">\n<h4><span style=\"color: #000000;\"><strong data-sourcepos=\"78:3-78:12\">E-mail<\/strong>:<span style=\"color: #0000ff;\">\u00a0<a style=\"color: #0000ff;\" href=\"\/fr\/support@pgvape.com\/\" data-sentry-component=\"CustomLink\" data-sentry-source-file=\"index.tsx\">support@pgvape.com<\/a><\/span><\/span><\/h4>\n<\/li>\n<li data-sourcepos=\"79:1-79:33\">\n<h4><span style=\"color: #000000;\"><strong data-sourcepos=\"79:3-79:15\">WhatsApp<\/strong>: <span style=\"color: #00ff00;\"><a style=\"color: #00ff00;\" href=\"https:\/\/wa.me\/+8618128481258\">+8618128481258<\/a><\/span><\/span><\/h4>\n<\/li>\n<\/ul>\n<p data-sourcepos=\"81:1-81:84\"><span style=\"color: #000000;\">Nous sommes toujours l\u00e0 pour vous aider et vous r\u00e9pondrons dans les 24 heures les jours ouvrables.<\/span><\/p>\n\t\t\n<style>\n#text-3232579757 {\n  font-size: 0.75rem;\n  color: rgb(0, 0, 0);\n}\n#text-3232579757 > * {\n  color: rgb(0, 0, 0);\n}\n@media (min-width:550px) {\n  #text-3232579757 {\n    font-size: 1rem;\n  }\n}\n@media (min-width:850px) {\n  #text-3232579757 {\n    font-size: 1.1rem;\n  }\n}\n<\/style>\n\t<\/div>\n\t\n<div class=\"is-divider divider clearfix\" style=\"max-width:1000px;background-color:rgb(230, 230, 230);\"><\/div>\n\n\t<div id=\"text-105584613\" class=\"text\">\n\t\t\n\n<p><span style=\"color: #000000;\">Merci d'avoir choisi <strong data-sourcepos=\"85:24-85:34\">Pgvape<\/strong>. .<\/span><\/p>\n\t\t\n<style>\n#text-105584613 {\n  font-size: 0.75rem;\n  color: rgb(0, 0, 0);\n}\n#text-105584613 > * {\n  color: rgb(0, 0, 0);\n}\n@media (min-width:550px) {\n  #text-105584613 {\n    font-size: 1rem;\n  }\n}\n@media (min-width:850px) {\n  #text-105584613 {\n    font-size: 1.2rem;\n  }\n}\n<\/style>\n\t<\/div>","protected":false},"excerpt":{"rendered":"","protected":false},"author":1,"featured_media":0,"parent":0,"menu_order":0,"comment_status":"closed","ping_status":"open","template":"","meta":{"_seopress_robots_primary_cat":"","_seopress_titles_title":"","_seopress_titles_desc":"","_seopress_robots_index":"","footnotes":""},"class_list":["post-3","page","type-page","status-publish","hentry"],"_links":{"self":[{"href":"https:\/\/pgvape.com\/fr\/wp-json\/wp\/v2\/pages\/3","targetHints":{"allow":["GET"]}}],"collection":[{"href":"https:\/\/pgvape.com\/fr\/wp-json\/wp\/v2\/pages"}],"about":[{"href":"https:\/\/pgvape.com\/fr\/wp-json\/wp\/v2\/types\/page"}],"author":[{"embeddable":true,"href":"https:\/\/pgvape.com\/fr\/wp-json\/wp\/v2\/users\/1"}],"replies":[{"embeddable":true,"href":"https:\/\/pgvape.com\/fr\/wp-json\/wp\/v2\/comments?post=3"}],"version-history":[{"count":0,"href":"https:\/\/pgvape.com\/fr\/wp-json\/wp\/v2\/pages\/3\/revisions"}],"wp:attachment":[{"href":"https:\/\/pgvape.com\/fr\/wp-json\/wp\/v2\/media?parent=3"}],"curies":[{"name":"wp","href":"https:\/\/api.w.org\/{rel}","templated":true}]}}