{"id":105,"date":"2025-07-12T08:18:42","date_gmt":"2025-07-12T08:18:42","guid":{"rendered":"https:\/\/pgvape.com\/?page_id=105"},"modified":"2025-11-19T07:55:16","modified_gmt":"2025-11-19T07:55:16","slug":"a-propos-de-nous","status":"publish","type":"page","link":"https:\/\/pgvape.com\/fr\/a-propos-de-nous\/","title":{"rendered":"\u00c0 propos de nous"},"content":{"rendered":"<div id=\"text-2353415245\" class=\"text\">\n\t\t\n\n<h1 data-sourcepos=\"5:1-5:28\">\ud83d\ude80\u00a0<strong data-sourcepos=\"5:6-5:26\">\u00c0 propos de pgvape<\/strong><\/h1>\n\t\t\n<style>\n#text-2353415245 {\n  text-align: center;\n  color: rgb(0,0,0);\n}\n#text-2353415245 > * {\n  color: rgb(0,0,0);\n}\n<\/style>\n\t<\/div>\n\t\n<div class=\"is-divider divider clearfix\" style=\"margin-top:20px;margin-bottom:20px;max-width:1000px;background-color:rgb(209, 209, 209);\"><\/div>\n\n\t<div id=\"text-1763557609\" class=\"text\">\n\t\t\n\n<h3><strong data-sourcepos=\"6:1-6:54\">Votre partenaire de confiance pour les vapes jetables haut de gamme<\/strong><\/h3>\n<p data-sourcepos=\"8:1-8:255\">Bienvenue \u00e0 <strong data-sourcepos=\"8:12-8:26\">pgvape.com<\/strong>, votre destination ultime pour les e-cigarettes jetables de haute qualit\u00e9 et les solutions de vapotage personnalis\u00e9es. <strong data-sourcepos=\"8:204-8:224\">produits haut de gamme<\/strong> et <strong data-sourcepos=\"8:229-8:252\">service exceptionnel<\/strong>.<\/p>\n<p data-sourcepos=\"10:1-10:236\">Notre mission est de faire en sorte que chaque bouff\u00e9e <strong data-sourcepos=\"10:35-10:78\">confortable, agr\u00e9able et digne de confiance<\/strong>. <strong data-sourcepos=\"10:186-10:200\">innovation<\/strong> et <strong data-sourcepos=\"10:205-10:216\">qualit\u00e9<\/strong> pour r\u00e9pondre \u00e0 vos besoins.<\/p>\n\t\t\n<style>\n#text-1763557609 {\n  font-size: 0.85rem;\n  line-height: 1.75;\n  color: rgb(0,0,0);\n}\n#text-1763557609 > * {\n  color: rgb(0,0,0);\n}\n@media (min-width:550px) {\n  #text-1763557609 {\n    font-size: 0.9rem;\n  }\n}\n@media (min-width:850px) {\n  #text-1763557609 {\n    font-size: 1rem;\n  }\n}\n<\/style>\n\t<\/div>\n\t\n<div class=\"is-divider divider clearfix\" style=\"margin-top:15px;margin-bottom:15px;max-width:1000px;background-color:rgb(209, 209, 209);\"><\/div>\n\n\t<div id=\"text-2425151765\" class=\"text\">\n\t\t\n\n<h2 data-sourcepos=\"14:1-14:35\">\ud83c\udf1f\u00a0<strong data-sourcepos=\"14:7-14:33\">Notre mission et notre vision<\/strong><\/h2>\n<h5 data-sourcepos=\"15:1-15:95\">Chez pgvape.com, nous pensons que vapoter n'est pas seulement un choix, mais un mode de vie.<\/h5>\n<p><strong data-sourcepos=\"16:3-16:25\">Simplifier le vapotage<\/strong>: Proposer des produits de haute qualit\u00e9 qui facilitent vos choix.<\/p>\n<p><strong data-sourcepos=\"17:3-17:31\">Am\u00e9liorer l'exp\u00e9rience<\/strong>: Des technologies innovantes pour optimiser votre satisfaction de vape.<\/p>\n<p><strong data-sourcepos=\"18:3-18:31\">B\u00e2tir une confiance \u00e0 long terme<\/strong>: Fournir des services transparents pour cr\u00e9er des relations durables.<\/p>\n<p data-sourcepos=\"20:1-20:367\">\u00a0<\/p>\n\t\t\n<style>\n#text-2425151765 {\n  font-size: 0.9rem;\n  line-height: 1.75;\n  color: rgb(0,0,0);\n}\n#text-2425151765 > * {\n  color: rgb(0,0,0);\n}\n@media (min-width:550px) {\n  #text-2425151765 {\n    font-size: 0.9rem;\n  }\n}\n@media (min-width:850px) {\n  #text-2425151765 {\n    font-size: 1rem;\n  }\n}\n<\/style>\n\t<\/div>\n\t\n\t<div id=\"text-2082577439\" class=\"text\">\n\t\t\n\n<h4>Fond\u00e9e par des passionn\u00e9s du vapotage et des professionnels de l'industrie, nous avons identifi\u00e9 une lacune sur le march\u00e9 en mati\u00e8re de produits de tr\u00e8s haute qualit\u00e9 et rigoureusement test\u00e9s. .<\/h4>\n\t\t\n<style>\n#text-2082577439 {\n  font-size: 0.9rem;\n  line-height: 1.75;\n  color: rgb(0,0,0);\n}\n#text-2082577439 > * {\n  color: rgb(0,0,0);\n}\n@media (min-width:550px) {\n  #text-2082577439 {\n    font-size: 0.9rem;\n  }\n}\n@media (min-width:850px) {\n  #text-2082577439 {\n    font-size: 1rem;\n  }\n}\n<\/style>\n\t<\/div>\n\t\n<div class=\"is-divider divider clearfix\" style=\"margin-top:15px;margin-bottom:15px;max-width:1000px;background-color:rgb(209, 209, 209);\"><\/div>\n\n\t<div id=\"text-927757210\" class=\"text\">\n\t\t\n\n<h2 data-sourcepos=\"24:1-24:27\">\ud83d\udecd\ufe0f\u00a0<strong data-sourcepos=\"24:8-24:25\">Ce que nous proposons<\/strong><\/h2>\n\t\t\n<style>\n#text-927757210 {\n  color: rgb(0,0,0);\n}\n#text-927757210 > * {\n  color: rgb(0,0,0);\n}\n<\/style>\n\t<\/div>\n\t\n\t<div id=\"text-2613424493\" class=\"text\">\n\t\t\n\n<h3 data-sourcepos=\"26:1-26:37\">\u2705\u00a0<strong data-sourcepos=\"26:7-26:35\">Vapes jetables haut de gamme<\/strong><\/h3>\n<p data-sourcepos=\"27:1-27:306\">Notre collection de vapes jetables organis\u00e9e combine <strong data-sourcepos=\"27:49-27:76\">technologie de pointe<\/strong> avec <strong data-sourcepos=\"27:82-27:112\">des saveurs authentiques et audacieuses<\/strong>\u2014allant du tabac classique aux m\u00e9langes de fruits exotiques. <strong data-sourcepos=\"27:190-27:210\">des tests rigoureux<\/strong> pour r\u00e9pondre aux normes de s\u00e9curit\u00e9 internationales, garantissant des performances fluides et agr\u00e9ables \u00e0 chaque fois.<\/p>\n\t\t\n<style>\n#text-2613424493 {\n  font-size: 0.9rem;\n  line-height: 1.75;\n  color: rgb(0, 0, 0);\n}\n#text-2613424493 > * {\n  color: rgb(0, 0, 0);\n}\n@media (min-width:850px) {\n  #text-2613424493 {\n    font-size: 1rem;\n  }\n}\n<\/style>\n\t<\/div>\n\t\n\t<div id=\"text-969470250\" class=\"text\">\n\t\t\n\n<h3 data-sourcepos=\"29:1-29:37\">\u2705\u00a0<strong data-sourcepos=\"29:7-29:35\">Services OEM et vente en gros<\/strong><\/h3>\n<p data-sourcepos=\"30:1-30:310\">Pour les clients professionnels, nous proposons des <strong data-sourcepos=\"30:43-30:81\">solutions de fabrication personnalis\u00e9es<\/strong> pour vous aider \u00e0 cr\u00e9er des produits de vape uniques. <strong data-sourcepos=\"30:181-30:212\">des installations \u00e0 la pointe de la technologie<\/strong> et <strong data-sourcepos=\"30:217-30:250\">processus de production flexibles<\/strong> faites de nous le partenaire id\u00e9al pour d\u00e9velopper votre activit\u00e9 de vape.<\/p>\n\t\t\n<style>\n#text-969470250 {\n  font-size: 0.9rem;\n  line-height: 1.75;\n  color: rgb(0,0,0);\n}\n#text-969470250 > * {\n  color: rgb(0,0,0);\n}\n<\/style>\n\t<\/div>\n\t\n\t<div id=\"text-326068563\" class=\"text\">\n\t\t\n\n<h3 data-sourcepos=\"32:1-32:42\">\u2705\u00a0<strong data-sourcepos=\"32:7-32:40\">Exp\u00e9dition mondiale rapide et s\u00e9curis\u00e9e<\/strong><\/h3>\n<p data-sourcepos=\"33:1-33:233\">Les commandes sont trait\u00e9es dans <strong data-sourcepos=\"33:29-33:50\">1-3 jours ouvrables<\/strong> et exp\u00e9di\u00e9 via des transporteurs de confiance tels que <strong data-sourcepos=\"33:92-33:109\">DHL, UPS, DPD<\/strong>, et les services postaux locaux. .<\/p>\n\t\t\n<style>\n#text-326068563 {\n  font-size: 0.9rem;\n  line-height: 1.75;\n  color: rgb(0,0,0);\n}\n#text-326068563 > * {\n  color: rgb(0,0,0);\n}\n<\/style>\n\t<\/div>\n\t\n\t<div id=\"text-1783520758\" class=\"text\">\n\t\t\n\n<h3 data-sourcepos=\"35:1-35:35\">\u2705\u00a0<strong data-sourcepos=\"35:7-35:33\">Options de paiement s\u00e9curis\u00e9<\/strong><\/h3>\n<p data-sourcepos=\"36:1-36:45\">Choisissez parmi les modes de paiement suivants\u00a0:<\/p>\n<ul data-sourcepos=\"37:1-40:32\">\n<li data-sourcepos=\"37:1-37:15\"><strong data-sourcepos=\"37:3-37:13\">Paypal<\/strong><\/li>\n<li data-sourcepos=\"38:1-38:58\"><strong data-sourcepos=\"38:3-38:19\">Cartes de cr\u00e9dit<\/strong>\u00a0(Visa, MasterCard, American Express)<\/li>\n<li data-sourcepos=\"39:1-39:40\"><strong data-sourcepos=\"39:3-39:21\">Virements bancaires<\/strong>\u00a0(SEPA pris en charge)<\/li>\n<li data-sourcepos=\"40:1-40:32\"><strong data-sourcepos=\"40:3-40:30\">Paiements en crypto-monnaie<\/strong><\/li>\n<\/ul>\n<p data-sourcepos=\"42:1-42:80\">Toutes les transactions sont prot\u00e9g\u00e9es par <strong data-sourcepos=\"42:35-42:53\">Cryptage SSL<\/strong> pour assurer la s\u00e9curit\u00e9 des donn\u00e9es.<\/p>\n\t\t\n<style>\n#text-1783520758 {\n  font-size: 0.9rem;\n  line-height: 1.75;\n  color: rgb(0,0,0);\n}\n#text-1783520758 > * {\n  color: rgb(0,0,0);\n}\n<\/style>\n\t<\/div>\n\t\n<div class=\"is-divider divider clearfix\" style=\"margin-top:15px;margin-bottom:15px;max-width:1000px;background-color:rgb(209, 209, 209);\"><\/div>\n\n\t<div id=\"text-1802450623\" class=\"text\">\n\t\t\n\n<h2 data-sourcepos=\"46:1-46:35\">\ud83c\udf0d\u00a0<strong data-sourcepos=\"46:7-46:33\">Pourquoi choisir pgvape.com ?<\/strong><\/h2>\n\t\t\n<style>\n#text-1802450623 {\n  color: rgb(0,0,0);\n}\n#text-1802450623 > * {\n  color: rgb(0,0,0);\n}\n<\/style>\n\t<\/div>\n\t\n\t<div id=\"text-1706950678\" class=\"text\">\n\t\t\n\n<h3><strong data-sourcepos=\"48:3-48:22\">Qualit\u00e9 fiable<\/strong>:\u00a0<\/h3>\n<p>Chaque produit est rigoureusement test\u00e9 pour sa s\u00e9curit\u00e9, ses performances et sa pr\u00e9cision gustative.\u00a0<strong data-sourcepos=\"48:130-48:161\">Fabricants certifi\u00e9s ISO<\/strong>\u00a0en utilisant\u00a0<strong data-sourcepos=\"48:168-48:195\">mat\u00e9riaux de qualit\u00e9 m\u00e9dicale<\/strong>.<\/p>\n\t\t\n<style>\n#text-1706950678 {\n  font-size: 0.9rem;\n  line-height: 1.75;\n  color: rgb(0,0,0);\n}\n#text-1706950678 > * {\n  color: rgb(0,0,0);\n}\n<\/style>\n\t<\/div>\n\t\n\t<div id=\"text-3363108769\" class=\"text\">\n\t\t\n\n<h3><strong data-sourcepos=\"49:3-49:31\">Service centr\u00e9 sur le client<\/strong>:\u00a0<\/h3>\n<p>Notre \u00e9quipe d'assistance d\u00e9di\u00e9e est disponible 24h\/24 et 7j\/7 par e-mail et WhatsApp pour r\u00e9pondre \u00e0 vos questions, r\u00e9soudre les probl\u00e8mes et garantir une exp\u00e9rience in\u00e9gal\u00e9e.<\/p>\n\t\t\n<style>\n#text-3363108769 {\n  font-size: 0.9rem;\n  line-height: 1.75;\n  color: rgb(0,0,0);\n}\n#text-3363108769 > * {\n  color: rgb(0,0,0);\n}\n<\/style>\n\t<\/div>\n\t\n\t<div id=\"text-4029034437\" class=\"text\">\n\t\t\n\n<h3><strong data-sourcepos=\"50:3-50:28\">Innovation continue<\/strong>:\u00a0<\/h3>\n<p>Nous restons en avance sur les tendances de l'industrie en introduisant de nouvelles saveurs, designs et technologies pour am\u00e9liorer votre parcours de vapotage.<\/p>\n\t\t\n<style>\n#text-4029034437 {\n  font-size: 0.9rem;\n  line-height: 1.75;\n  color: rgb(0,0,0);\n}\n#text-4029034437 > * {\n  color: rgb(0,0,0);\n}\n<\/style>\n\t<\/div>\n\t\n<div class=\"is-divider divider clearfix\" style=\"margin-top:15px;margin-bottom:15px;max-width:1000px;background-color:rgb(209, 209, 209);\"><\/div>\n\n\t<div id=\"text-3892649013\" class=\"text\">\n\t\t\n\n<h2 data-sourcepos=\"54:1-54:31\">\ud83d\udce2\u00a0<strong data-sourcepos=\"54:7-54:29\">Rejoignez notre communaut\u00e9<\/strong><\/h2>\n\t\t\n<style>\n#text-3892649013 {\n  color: rgb(0,0,0);\n}\n#text-3892649013 > * {\n  color: rgb(0,0,0);\n}\n<\/style>\n\t<\/div>\n\t\n\t<div id=\"text-2592763403\" class=\"text\">\n\t\t\n\n<h3 data-sourcepos=\"56:1-56:103\">Nous sommes plus qu'une simple marque : nous sommes une communaut\u00e9 de vapoteurs, de cr\u00e9ateurs et de partenaires.<\/h3>\n\t\t\n<style>\n#text-2592763403 {\n  font-size: 0.9rem;\n  line-height: 1.75;\n}\n<\/style>\n\t<\/div>\n\t\n\t<div id=\"text-1599054041\" class=\"text\">\n\t\t\n\n<p><strong data-sourcepos=\"57:3-57:27\">Promotions exclusives<\/strong>\u00a0et lancements de nouveaux produits.<\/p>\n\t\t\n<style>\n#text-1599054041 {\n  font-size: 0.9rem;\n  line-height: 1.75;\n  color: rgb(0,0,0);\n}\n#text-1599054041 > * {\n  color: rgb(0,0,0);\n}\n<\/style>\n\t<\/div>\n\t\n\t<div id=\"text-3581643294\" class=\"text\">\n\t\t\n\n<p><strong data-sourcepos=\"58:3-58:28\">Ressources p\u00e9dagogiques<\/strong>\u00a0pour optimiser votre exp\u00e9rience de vape.<\/p>\n\t\t\n<style>\n#text-3581643294 {\n  line-height: 1.75;\n  color: rgb(0,0,0);\n}\n#text-3581643294 > * {\n  color: rgb(0,0,0);\n}\n<\/style>\n\t<\/div>\n\t\n\t<div id=\"text-281466628\" class=\"text\">\n\t\t\n\n<p><strong data-sourcepos=\"59:3-59:36\">Initiatives de commentaires des clients<\/strong>\u00a0pour aider \u00e0 fa\u00e7onner l\u2019avenir de pgvape.com.<\/p>\n\t\t\n<style>\n#text-281466628 {\n  font-size: 0.9rem;\n  line-height: 1.75;\n  color: rgb(0,0,0);\n}\n#text-281466628 > * {\n  color: rgb(0,0,0);\n}\n<\/style>\n\t<\/div>\n\t\n\t<div id=\"text-4024320151\" class=\"text\">\n\t\t\n\n<h4 data-sourcepos=\"61:1-61:90\">Abonnez-vous \u00e0 notre newsletter ou suivez-nous sur les r\u00e9seaux sociaux pour rejoindre la conversation !<\/h4>\n\t\t\n<style>\n#text-4024320151 {\n  font-size: 0.9rem;\n  line-height: 1.75;\n  color: rgb(0,0,0);\n}\n#text-4024320151 > * {\n  color: rgb(0,0,0);\n}\n<\/style>\n\t<\/div>\n\t\n<div class=\"is-divider divider clearfix\" style=\"margin-top:15px;margin-bottom:15px;max-width:1000px;background-color:rgb(209, 209, 209);\"><\/div>\n\n\t<div id=\"text-2606249003\" class=\"text\">\n\t\t\n\n<h2 data-sourcepos=\"65:1-65:25\">\ud83e\udd1d\u00a0<strong data-sourcepos=\"65:7-65:23\">Entrer en contact<\/strong><\/h2>\n\t\t\n<style>\n#text-2606249003 {\n  color: rgb(0,0,0);\n}\n#text-2606249003 > * {\n  color: rgb(0,0,0);\n}\n<\/style>\n\t<\/div>\n\t\n\t<div id=\"text-1037632086\" class=\"text\">\n\t\t\n\n<h3 data-sourcepos=\"67:1-67:114\">Si vous avez des questions ou souhaitez en savoir plus sur nos produits et services, n'h\u00e9sitez pas \u00e0 nous contacter :<\/h3>\n\t\t\n<style>\n#text-1037632086 {\n  font-size: 0.9rem;\n  line-height: 1.75;\n  color: rgb(0,0,0);\n}\n#text-1037632086 > * {\n  color: rgb(0,0,0);\n}\n<\/style>\n\t<\/div>\n\t\n\t<div id=\"text-1173561042\" class=\"text\">\n\t\t\n\n<h3><strong data-sourcepos=\"68:3-68:12\">E-mail<\/strong>:\u00a0<span style=\"background-color: #ffffff; color: #0000ff;\"><a style=\"background-color: #ffffff; color: #0000ff;\" href=\"\/fr\/support@pgvape.com\/\" data-sentry-component=\"CustomLink\" data-sentry-source-file=\"index.tsx\">support@pgvape.com<\/a><\/span><\/h3>\n\t\t\n<style>\n#text-1173561042 {\n  font-size: 0.9rem;\n  line-height: 1.75;\n  color: rgb(0,0,0);\n}\n#text-1173561042 > * {\n  color: rgb(0,0,0);\n}\n<\/style>\n\t<\/div>\n\t\n\t<div id=\"text-2899861581\" class=\"text\">\n\t\t\n\n<h3><strong data-sourcepos=\"69:3-69:15\">WhatsApp<\/strong>:<span style=\"background-color: #ffffff; color: #00ff00;\"> <a style=\"background-color: #ffffff; color: #00ff00;\" href=\"https:\/\/wa.me\/+8618128481258\">+8618128481258<\/a><\/span><br \/>(R\u00e9ponse sous 24h, 7j\/7)<\/h3>\n\t\t\n<style>\n#text-2899861581 {\n  font-size: 0.9rem;\n  line-height: 1.75;\n  color: rgb(0,0,0);\n}\n#text-2899861581 > * {\n  color: rgb(0,0,0);\n}\n<\/style>\n\t<\/div>\n\t\n\t<div id=\"text-3584104822\" class=\"text\">\n\t\t\n\n<h4><strong data-sourcepos=\"73:1-73:38\">Merci d'avoir choisi pgvape.com<\/strong>\u2013 o\u00f9 chaque bouff\u00e9e est un pas vers une meilleure exp\u00e9rience de vapotage.<\/h4>\n\t\t\n<style>\n#text-3584104822 {\n  font-size: 0.9rem;\n  line-height: 1.75;\n  color: rgb(0, 0, 0);\n}\n#text-3584104822 > * {\n  color: rgb(0, 0, 0);\n}\n<\/style>\n\t<\/div>\n\t\n<div class=\"is-divider divider clearfix\" style=\"margin-top:15px;margin-bottom:15px;max-width:1000px;background-color:rgb(209, 209, 209);\"><\/div>","protected":false},"excerpt":{"rendered":"","protected":false},"author":2,"featured_media":0,"parent":0,"menu_order":0,"comment_status":"closed","ping_status":"closed","template":"","meta":{"_seopress_robots_primary_cat":"","_seopress_titles_title":"","_seopress_titles_desc":"","_seopress_robots_index":"","footnotes":""},"class_list":["post-105","page","type-page","status-publish","hentry"],"_links":{"self":[{"href":"https:\/\/pgvape.com\/fr\/wp-json\/wp\/v2\/pages\/105","targetHints":{"allow":["GET"]}}],"collection":[{"href":"https:\/\/pgvape.com\/fr\/wp-json\/wp\/v2\/pages"}],"about":[{"href":"https:\/\/pgvape.com\/fr\/wp-json\/wp\/v2\/types\/page"}],"author":[{"embeddable":true,"href":"https:\/\/pgvape.com\/fr\/wp-json\/wp\/v2\/users\/2"}],"replies":[{"embeddable":true,"href":"https:\/\/pgvape.com\/fr\/wp-json\/wp\/v2\/comments?post=105"}],"version-history":[{"count":0,"href":"https:\/\/pgvape.com\/fr\/wp-json\/wp\/v2\/pages\/105\/revisions"}],"wp:attachment":[{"href":"https:\/\/pgvape.com\/fr\/wp-json\/wp\/v2\/media?parent=105"}],"curies":[{"name":"wp","href":"https:\/\/api.w.org\/{rel}","templated":true}]}}