{"id":9990,"date":"2026-04-10T10:12:42","date_gmt":"2026-04-10T10:12:42","guid":{"rendered":"https:\/\/pgvape.com\/?post_type=product&#038;p=9990"},"modified":"2026-04-10T10:15:19","modified_gmt":"2026-04-10T10:15:19","slug":"vape-disponible-de-la-botella-elegante-del-champan-30k-de-solaris-con-la-bobina-de-la-malla-de-30000-soplos-y-la-luz-llevada","status":"publish","type":"product","link":"https:\/\/pgvape.com\/es\/producto\/vape-disponible-de-la-botella-elegante-del-champan-30k-de-solaris-con-la-bobina-de-la-malla-de-30000-soplos-y-la-luz-llevada\/","title":{"rendered":"Botella elegante Vape disponible de Solaris Champagne 30K con 30000 soplos, la bobina de la malla y la luz del LED"},"content":{"rendered":"<h2 data-start=\"50\" data-end=\"125\"><strong data-start=\"53\" data-end=\"125\">Dispositivo de alta capacidad elegante de Vape disponible de Solaris Champagne 30K<\/strong><\/h2>\n<p data-start=\"127\" data-end=\"311\">El vaporizador desechable Solaris Champagne 30K combina un dise\u00f1o elegante con un rendimiento confiable y ofrece hasta 30 000 caladas en una forma de botella de champ\u00e1n \u00fanica.<\/p>\n<p data-start=\"313\" data-end=\"518\">Con una capacidad de e-l\u00edquido de 20 ml y una bater\u00eda recargable de 600 mAh, garantiza un uso constante y duradero. La bobina de malla 1.2\u03a9 mejora la entrega de sabor y proporciona un vapor suave y satisfactorio en cada calada.<\/p>\n<p data-start=\"520\" data-end=\"727\">Con carga r\u00e1pida tipo C y un llamativo dise\u00f1o de luz LED, este dispositivo ofrece comodidad y estilo, lo que lo convierte en una excelente opci\u00f3n para los usuarios que buscan una experiencia de vapeo refinada y confiable.<\/p>\n<p data-start=\"520\" data-end=\"727\">Enviado directamente desde el\u00a0<strong>Almac\u00e9n de la UE<\/strong>, este producto garantiza una entrega r\u00e1pida y fiable en toda Europa, lo que lo convierte en la mejor opci\u00f3n para clientes mayoristas y minoristas.<\/p>\n<p>&nbsp;<\/p>\n<h3 id=\"brxe-najhln\" class=\"brxe-heading\"><\/h3>\n<h2 data-section-id=\"47rwtv\" data-start=\"135\" data-end=\"209\"><span role=\"text\"><strong data-start=\"141\" data-end=\"209\">Productos destacados del vaporizador desechable Solaris Champagne 30000 inhalaciones<\/strong><\/span><\/h2>\n<p data-start=\"211\" data-end=\"327\"><strong data-start=\"211\" data-end=\"233\">Hasta 30.000 bocanadas<\/strong> \u2013 Rendimiento duradero dise\u00f1ado para vapeo diario prolongado sin reemplazo frecuente.<\/p>\n<p data-start=\"329\" data-end=\"427\"><strong data-start=\"329\" data-end=\"355\">Capacidad de l\u00edquido electr\u00f3nico de 20 ml<\/strong> \u2013 El dise\u00f1o de alta capacidad garantiza un sabor constante y un uso prolongado.<\/p>\n<p data-start=\"429\" data-end=\"531\"><strong data-start=\"429\" data-end=\"458\">1.2Tecnolog\u00eda de bobina de malla \u03a9<\/strong> \u2013 Producci\u00f3n de vapor suave con entrega de sabor mejorada en cada bocanada.<\/p>\n<p data-start=\"533\" data-end=\"629\"><strong data-start=\"533\" data-end=\"564\">Bater\u00eda recargable de 600 mAh.<\/strong> \u2013 Salida de energ\u00eda confiable que respalda un rendimiento estable durante todo el d\u00eda.<\/p>\n<p data-start=\"631\" data-end=\"726\"><strong data-start=\"631\" data-end=\"655\">Carga r\u00e1pida tipo C<\/strong> \u2013 Recarga r\u00e1pida y c\u00f3moda para sesiones de vapeo ininterrumpidas.<\/p>\n<p data-start=\"728\" data-end=\"830\"><strong data-start=\"728\" data-end=\"755\">Dise\u00f1o de botella de champ\u00e1n<\/strong> \u2013 Forma \u00fanica y elegante que destaca con una apariencia elegante y de primera calidad.<\/p>\n<p data-start=\"832\" data-end=\"929\"><strong data-start=\"832\" data-end=\"852\">Efecto de luz LED<\/strong> \u2013 La caracter\u00edstica de iluminaci\u00f3n moderna agrega atractivo visual y mejora la experiencia del usuario.<\/p>\n<p data-start=\"931\" data-end=\"1026\"><strong data-start=\"931\" data-end=\"959\">Construcci\u00f3n compacta y port\u00e1til<\/strong> \u2013 Dise\u00f1o liviano y ergon\u00f3mico para f\u00e1cil transporte y uso diario.<\/p>\n<p data-start=\"1028\" data-end=\"1138\"><strong data-start=\"1028\" data-end=\"1063\">Rendimiento fluido y consistente<\/strong> \u2013 El sistema optimizado garantiza un sabor y vapor estables de principio a fin.<\/p>\n<p data-start=\"1140\" data-end=\"1227\"><strong data-start=\"1140\" data-end=\"1167\">M\u00faltiples opciones de sabor<\/strong> \u2013 Amplia gama de sabores para satisfacer diferentes preferencias.<\/p>\n<p data-start=\"1229\" data-end=\"1337\"><strong data-start=\"1229\" data-end=\"1254\">Env\u00edo al almac\u00e9n de la UE<\/strong> \u2013 Entrega r\u00e1pida y fiable en toda Europa para comodidad del comercio minorista y mayorista.<\/p>\n<p>&nbsp;<\/p>\n<h3 id=\"brxe-najhln\" class=\"brxe-heading\"><\/h3>\n<h2 data-section-id=\"47rwtv\" data-start=\"135\" data-end=\"209\"><strong><span role=\"text\">Solaris Champagne 30000 inhalaciones Vape desechable <\/span>Lista de sabores<\/strong><\/h2>\n<p><strong data-start=\"145\" data-end=\"164\">1.Kiwi Fresa<\/strong><\/p>\n<p><strong data-start=\"169\" data-end=\"189\">2. Cereza azul Razz<\/strong><\/p>\n<p><strong data-start=\"194\" data-end=\"211\">3.Mixed Berries<\/strong><\/p>\n<p><strong data-start=\"216\" data-end=\"239\">4. Frambuesa de ar\u00e1ndano<\/strong><\/p>\n<p><strong data-start=\"244\" data-end=\"269\">5. Champ\u00e1n de uva blanca<\/strong><\/p>\n<p><strong data-start=\"274\" data-end=\"289\">6.melocot\u00f3n jugoso<\/strong><\/p>\n<p><strong data-start=\"294\" data-end=\"319\">7.Sand\u00eda Fresa<\/strong><\/p>\n<p><strong data-start=\"324\" data-end=\"342\">8.Hielo de sand\u00eda<\/strong><\/p>\n<p><strong data-start=\"347\" data-end=\"363\">9.Triple Mango<\/strong><\/p>\n<p><strong data-start=\"368\" data-end=\"377\">10.Mamba<\/strong><\/p>\n<p><strong data-start=\"382\" data-end=\"405\">11. Mango de maracuy\u00e1<\/strong><\/p>\n<p><strong data-start=\"410\" data-end=\"428\">12.Frutas tropicales<\/strong><\/p>\n<p><strong data-start=\"433\" data-end=\"456\">13.Fruta del drag\u00f3n y cereza<\/strong><\/p>\n<p><strong data-start=\"461\" data-end=\"484\">14. Champ\u00e1n de melocot\u00f3n rojo<\/strong><\/p>\n<p><strong data-start=\"489\" data-end=\"504\">15.Cola de cereza<\/strong><\/p>\n<p><strong data-start=\"509\" data-end=\"525\">16.Bebida energ\u00e9tica<\/strong><\/p>\n<p><strong data-start=\"530\" data-end=\"544\">17. Lim\u00f3n rosado<\/strong><\/p>\n<p><strong data-start=\"549\" data-end=\"560\">18.Amor 66<\/strong><\/p>\n<p><strong data-start=\"565\" data-end=\"583\">19.Cerezas<\/strong><\/p>\n<p><strong data-start=\"588\" data-end=\"604\">20.Double Apple<img loading=\"lazy\" decoding=\"async\" class=\"alignnone wp-image-9995 size-full\" src=\"https:\/\/pgvape.com\/wp-content\/uploads\/2026\/04\/Solaris-Champagne-30K-Stylish-Bottle-Disposable-Vape-With-30000-Puffs-Mesh-Coil-And-LED-Light-pgvape-3.png\" alt=\"\" width=\"1500\" height=\"1334\" srcset=\"https:\/\/pgvape.com\/wp-content\/uploads\/2026\/04\/Solaris-Champagne-30K-Stylish-Bottle-Disposable-Vape-With-30000-Puffs-Mesh-Coil-And-LED-Light-pgvape-3.png 1500w, https:\/\/pgvape.com\/wp-content\/uploads\/2026\/04\/Solaris-Champagne-30K-Stylish-Bottle-Disposable-Vape-With-30000-Puffs-Mesh-Coil-And-LED-Light-pgvape-3-405x360.png 405w, https:\/\/pgvape.com\/wp-content\/uploads\/2026\/04\/Solaris-Champagne-30K-Stylish-Bottle-Disposable-Vape-With-30000-Puffs-Mesh-Coil-And-LED-Light-pgvape-3-595x529.png 595w, https:\/\/pgvape.com\/wp-content\/uploads\/2026\/04\/Solaris-Champagne-30K-Stylish-Bottle-Disposable-Vape-With-30000-Puffs-Mesh-Coil-And-LED-Light-pgvape-3-400x356.png 400w, https:\/\/pgvape.com\/wp-content\/uploads\/2026\/04\/Solaris-Champagne-30K-Stylish-Bottle-Disposable-Vape-With-30000-Puffs-Mesh-Coil-And-LED-Light-pgvape-3-768x683.png 768w, https:\/\/pgvape.com\/wp-content\/uploads\/2026\/04\/Solaris-Champagne-30K-Stylish-Bottle-Disposable-Vape-With-30000-Puffs-Mesh-Coil-And-LED-Light-pgvape-3-13x12.png 13w, https:\/\/pgvape.com\/wp-content\/uploads\/2026\/04\/Solaris-Champagne-30K-Stylish-Bottle-Disposable-Vape-With-30000-Puffs-Mesh-Coil-And-LED-Light-pgvape-3-600x534.png 600w\" sizes=\"auto, (max-width: 1500px) 100vw, 1500px\" \/><\/strong><\/p>\n<p>&nbsp;<\/p>\n<h3 class=\"auto-hide-last-sibling-br paragraph-pP9ZLC paragraph-element br-paragraph-space\">\u00bfPor qu\u00e9 elegir el almac\u00e9n europeo de PGVape?<\/h3>\n<p>Env\u00edo r\u00e1pido: entrega a la mayor\u00eda de los pa\u00edses de la UE en un plazo de 3 a 7 d\u00edas h\u00e1biles.<\/p>\n<p>Entrega libre de impuestos: el stock local de la UE garantiza un env\u00edo fluido y libre de impuestos.<\/p>\n<p>100% Garant\u00eda aut\u00e9ntica: Genuino <span role=\"text\"><strong data-start=\"4\" data-end=\"60\">Champ\u00e1n Solaris <\/strong><\/span>Cigarrillos electr\u00f3nicos de proveedores certificados.<\/p>\n<p>Inventario fresco: almacenado en condiciones controladas para garantizar una calidad \u00f3ptima.<\/p>\n<p>Con la confianza de los europeos: miles de clientes disfrutan de los servicios de cigarrillos electr\u00f3nicos r\u00e1pidos y seguros de PGVape.<\/p>\n<p>&nbsp;<\/p>\n<h3 data-section-id=\"16tymuk\" data-start=\"0\" data-end=\"60\"><span role=\"text\"><strong data-start=\"4\" data-end=\"60\">Preguntas frecuentes Solaris Champagne 30000 Puffs Vape desechable<\/strong><\/span><\/h3>\n<p data-start=\"62\" data-end=\"224\"><strong data-start=\"62\" data-end=\"124\">\u2753 \u00bfCu\u00e1ntas caladas proporciona el Solaris Champagne 30000?<\/strong><br data-start=\"124\" data-end=\"127\" \/>\u2705 El dispositivo ofrece hasta <strong data-start=\"153\" data-end=\"169\">30.000 bocanadas<\/strong>, lo que garantiza un uso duradero y un rendimiento constante.<\/p>\n<p data-start=\"226\" data-end=\"364\"><strong data-start=\"226\" data-end=\"262\">\u2753 \u00bfCu\u00e1l es la capacidad del e-l\u00edquido?<\/strong><br data-start=\"262\" data-end=\"265\" \/>\u2705 Cuenta con un <strong data-start=\"281\" data-end=\"307\">Capacidad de e-l\u00edquido de 20 ml.<\/strong>, permitiendo un vapeo prolongado sin reemplazos frecuentes.<\/p>\n<p data-start=\"366\" data-end=\"515\"><strong data-start=\"366\" data-end=\"402\">\u2753 \u00bfQu\u00e9 tipo de bobina utiliza?<\/strong><br data-start=\"402\" data-end=\"405\" \/>\u2705 El dispositivo est\u00e1 equipado con un <strong data-start=\"437\" data-end=\"455\">Bobina de malla de 1,2\u03a9<\/strong>, brindando un vapor suave y un sabor mejorado en cada calada.<\/p>\n<p data-start=\"517\" data-end=\"637\"><strong data-start=\"517\" data-end=\"551\">\u2753 \u00bfLa bater\u00eda es recargable?<\/strong><br data-start=\"551\" data-end=\"554\" \/>\u2705 S\u00ed, incluye un <strong data-start=\"575\" data-end=\"606\">Bater\u00eda recargable de 600 mAh.<\/strong> para un uso estable y confiable.<\/p>\n<p data-start=\"639\" data-end=\"762\"><strong data-start=\"639\" data-end=\"682\">\u2753 \u00bfQu\u00e9 m\u00e9todo de carga admite?<\/strong><br data-start=\"682\" data-end=\"685\" \/>\u2705 Utiliza <strong data-start=\"695\" data-end=\"719\">Carga r\u00e1pida tipo C<\/strong>, proporcionando una recarga r\u00e1pida y eficiente.<\/p>\n<p data-start=\"764\" data-end=\"921\"><strong data-start=\"764\" data-end=\"819\">\u2753 \u00bfTiene el dispositivo alguna caracter\u00edstica de dise\u00f1o especial?<\/strong><br data-start=\"819\" data-end=\"822\" \/>\u2705 S\u00ed, cuenta con un <strong data-start=\"843\" data-end=\"877\">dise\u00f1o \u00fanico de botella de champ\u00e1n<\/strong>, combinando elegancia con comodidad ergon\u00f3mica.<\/p>\n<p data-start=\"923\" data-end=\"1070\"><strong data-start=\"923\" data-end=\"962\">\u2753 \u00bfIncluye efectos de iluminaci\u00f3n?<\/strong><br data-start=\"962\" data-end=\"965\" \/>\u2705 S\u00ed, el dispositivo tiene un <strong data-start=\"989\" data-end=\"1019\">funci\u00f3n de luz LED incorporada<\/strong>, agregando un elemento visual elegante y llamativo.<\/p>\n<p data-start=\"1072\" data-end=\"1189\"><strong data-start=\"1072\" data-end=\"1093\">\u2753 \u00bfEs port\u00e1til?<\/strong><br data-start=\"1093\" data-end=\"1096\" \/>\u2705Absolutamente. Es <strong data-start=\"1114\" data-end=\"1148\">dise\u00f1o compacto y ligero<\/strong> hace que sea f\u00e1cil de transportar y usar en cualquier lugar.<\/p>\n<p data-start=\"1191\" data-end=\"1353\"><strong data-start=\"1191\" data-end=\"1235\">\u2753 \u00bfEste dispositivo es adecuado para principiantes?<\/strong><br data-start=\"1235\" data-end=\"1238\" \/>\u2705 S\u00ed, est\u00e1 dise\u00f1ado para ambos <strong data-start=\"1269\" data-end=\"1304\">principiantes y usuarios experimentados<\/strong>, ofreciendo una experiencia de vapeo sencilla y fluida.<\/p>\n<p data-start=\"1355\" data-end=\"1500\"><strong data-start=\"1355\" data-end=\"1405\">\u2753 \u00bfHay m\u00faltiples opciones de sabores disponibles?<\/strong><br data-start=\"1405\" data-end=\"1408\" \/>\u2705S\u00ed, viene con <strong data-start=\"1429\" data-end=\"1463\">una amplia gama de opciones de sabores<\/strong> para adaptarse a diferentes preferencias de gusto.<\/p>\n<p data-start=\"1502\" data-end=\"1652\"><strong data-start=\"1502\" data-end=\"1539\">\u2753 Is shipping fast within Europe?<\/strong><br data-start=\"1539\" data-end=\"1542\" \/>\u2705 S\u00ed, el producto se env\u00eda desde un <strong data-start=\"1580\" data-end=\"1596\">Almac\u00e9n de la UE<\/strong>, asegurando <strong data-start=\"1607\" data-end=\"1651\">Entrega r\u00e1pida y fiable en toda Europa.<\/strong>.<\/p>\n<p data-start=\"1654\" data-end=\"1839\" data-is-last-node=\"\" data-is-only-node=\"\"><strong data-start=\"1654\" data-end=\"1709\">\u2753 \u00bfEste producto es apto para venta minorista o mayorista?<\/strong><br data-start=\"1709\" data-end=\"1712\" \/>\u2705 S\u00ed, con su <strong data-start=\"1728\" data-end=\"1787\">dise\u00f1o elegante, rendimiento s\u00f3lido y suministro confiable<\/strong>, es ideal tanto para el mercado minorista como mayorista.<\/p>\n<p>&nbsp;<\/p>\n<h3 id=\"brxe-najhln\" class=\"brxe-heading\">Preguntas frecuentes (FAQ)<\/h3>\n<div id=\"brxe-rajiac\" class=\"brxe-text\">\n<p><strong>P: \u00bfQu\u00e9 m\u00e9todos de pago aceptan?<\/strong><br \/>\nR: Aceptamos PayPal, Stripe, transferencias bancarias (compatibles con SEPA), las principales tarjetas de cr\u00e9dito (Visa, MasterCard, American Express) y pagos con criptomonedas.<\/p>\n<p><strong>P: \u00bfCu\u00e1nto tiempo lleva la preparaci\u00f3n del pedido?<\/strong><br \/>\nR: La preparaci\u00f3n del pedido demora entre 1 y 3 d\u00edas h\u00e1biles.<\/p>\n<p><strong>P: \u00bfCu\u00e1l es el tiempo de env\u00edo?<\/strong><br \/>\nR: El tiempo de env\u00edo es de 7 a 14 d\u00edas h\u00e1biles, seg\u00fan su ubicaci\u00f3n.<\/p>\n<p><strong>P: \u00bfC\u00f3mo puedo realizar un seguimiento de mi pedido?<\/strong><br \/>\nR: Despu\u00e9s del env\u00edo, recibir\u00e1 un correo electr\u00f3nico de confirmaci\u00f3n con un n\u00famero de seguimiento para realizar un seguimiento en tiempo real.<\/p>\n<p><strong>P: \u00bfCu\u00e1l es su pol\u00edtica de devoluci\u00f3n?<\/strong><br \/>\nR: Ofrecemos una pol\u00edtica de devoluci\u00f3n de 30 d\u00edas para reembolsos o cambios. .<\/p>\n<p><strong>P: \u00bfHabr\u00e1 alg\u00fan problema aduanero?<br \/>\n<\/strong>Nos encargamos de todos los procedimientos de despacho de aduanas para garantizarle una experiencia sin complicaciones. .<\/p>\n<p><strong>P: \u00bfQu\u00e9 m\u00e9todos de env\u00edo se utilizan?<\/strong><br \/>\nCooperamos con UPS\/DHL\/FEDEX\/DPD, etc. Elegiremos la opci\u00f3n de env\u00edo adecuada seg\u00fan el pa\u00eds de entrega para asegurarnos de que reciba sus productos lo m\u00e1s r\u00e1pido posible.<\/p>\n<p><a href=\"https:\/\/pgvape.com\/es\/preguntas-frecuentes\/\">Haga clic aqu\u00ed para m\u00e1s preguntas frecuentes<\/a><\/p>\n<p>Estimados clientes: Si tienen alguna pregunta sobre su pedido o la llegada de la mercanc\u00eda, comun\u00edquese con nuestro servicio de atenci\u00f3n al cliente. \u00a1Gracias!<\/p>\n<h3 data-sourcepos=\"73:1-73:21\"><strong data-sourcepos=\"73:7-73:21\">Cont\u00e1ctenos<\/strong><\/h3>\n<div id=\"text-2419739398\" class=\"text\">\n<p><strong data-sourcepos=\"75:3-75:12\">Correo electr\u00f3nico<\/strong>:\u00a0<a href=\"mailto:support@pgvape.com\"><strong>support@pgvape.com<\/strong><\/a><\/p>\n<p><strong data-sourcepos=\"76:3-76:15\">WhatsApp<\/strong>:\u00a0<a href=\"https:\/\/wa.me\/+8618128481258\"><strong>+86 18128481258<\/strong><\/a><br \/>\n<strong>(Respuesta dentro de las 24 horas en d\u00edas h\u00e1biles)<\/strong><\/p>\n<\/div>\n<h3><strong>\u00a1Gracias por elegir pgvape.com! .<\/strong><\/h3>\n<\/div>","protected":false},"excerpt":{"rendered":"<p>Hasta 30.000 caladas en un dise\u00f1o de botella de champ\u00e1n exclusivo que combina estilo con rendimiento. Alimentado por una bobina de malla 1.2\u03a9 y 20 ml de e-l\u00edquido para un sabor rico y suave. Cuenta con una bater\u00eda recargable de 600 mAh, carga tipo C e iluminaci\u00f3n LED para una experiencia de vapeo elegante y conveniente.<\/p>","protected":false},"featured_media":9993,"comment_status":"open","ping_status":"closed","template":"","meta":{"_seopress_robots_primary_cat":"none","_seopress_titles_title":"%%post_title%%","_seopress_titles_desc":"","_seopress_robots_index":""},"product_brand":[516,513],"product_cat":[35,515,512],"product_tag":[629,349,90,632,631,203,628,630],"class_list":{"0":"post-9990","1":"product","2":"type-product","3":"status-publish","4":"has-post-thumbnail","6":"product_brand-disposable-vape","7":"product_brand-solaris-champagne-vape","8":"product_cat-30k-puffs-vape","9":"product_cat-disposable-vape","10":"product_cat-solaris-champagne-vape","11":"product_tag-30000-puffs","12":"product_tag-30k-puffs-vape","13":"product_tag-disposable-vape","14":"product_tag-led-light","15":"product_tag-mesh-coil","16":"product_tag-shipment-from-eu","17":"product_tag-solaris-champagne-30k","18":"product_tag-stylish-bottle","20":"first","21":"instock","22":"sale","23":"shipping-taxable","24":"purchasable","25":"product-type-variable"},"_links":{"self":[{"href":"https:\/\/pgvape.com\/es\/wp-json\/wp\/v2\/product\/9990","targetHints":{"allow":["GET"]}}],"collection":[{"href":"https:\/\/pgvape.com\/es\/wp-json\/wp\/v2\/product"}],"about":[{"href":"https:\/\/pgvape.com\/es\/wp-json\/wp\/v2\/types\/product"}],"replies":[{"embeddable":true,"href":"https:\/\/pgvape.com\/es\/wp-json\/wp\/v2\/comments?post=9990"}],"wp:featuredmedia":[{"embeddable":true,"href":"https:\/\/pgvape.com\/es\/wp-json\/wp\/v2\/media\/9993"}],"wp:attachment":[{"href":"https:\/\/pgvape.com\/es\/wp-json\/wp\/v2\/media?parent=9990"}],"wp:term":[{"taxonomy":"product_brand","embeddable":true,"href":"https:\/\/pgvape.com\/es\/wp-json\/wp\/v2\/product_brand?post=9990"},{"taxonomy":"product_cat","embeddable":true,"href":"https:\/\/pgvape.com\/es\/wp-json\/wp\/v2\/product_cat?post=9990"},{"taxonomy":"product_tag","embeddable":true,"href":"https:\/\/pgvape.com\/es\/wp-json\/wp\/v2\/product_tag?post=9990"}],"curies":[{"name":"wp","href":"https:\/\/api.w.org\/{rel}","templated":true}]}}