{"id":9504,"date":"2026-03-22T06:35:56","date_gmt":"2026-03-22T06:35:56","guid":{"rendered":"https:\/\/pgvape.com\/?post_type=product&#038;p=9504"},"modified":"2026-03-29T13:35:36","modified_gmt":"2026-03-29T13:35:36","slug":"vopk-cool-bar-20000-20k-inhalaciones-vaporizador-desechable-flujo-de-aire-ajustable-5nicotina-10-sabor-pantalla-inteligente-vape-fabrica-al-por-mayor","status":"publish","type":"product","link":"https:\/\/pgvape.com\/es\/producto\/vopk-cool-bar-20000-20k-inhalaciones-vaporizador-desechable-flujo-de-aire-ajustable-5nicotina-10-sabor-pantalla-inteligente-vape-fabrica-al-por-mayor\/","title":{"rendered":"VOPK Cool Bar 20000 20k Puffs Vape desechable Flujo de aire ajustable 5%Nicotina 10Taste Pantalla inteligente Vape F\u00e1brica al por mayor"},"content":{"rendered":"<p><strong class=\"\">Barra fr\u00eda VOPK 20K<\/strong> entrega <strong>20.000 bocanadas<\/strong> de <strong class=\"\">5 nicotina %<\/strong> satisfacci\u00f3n, impulsada por un <strong>550 mAh tipo C<\/strong> bater\u00eda y <strong>tecnolog\u00eda avanzada de bobina de malla<\/strong>.<br \/>\n<strong>Flujo de aire ajustable<\/strong>, <strong>pantalla inteligente<\/strong> y <strong>10 sabores helados\/frutales<\/strong> darte <strong>sorteos personalizables de MTL para abrir<\/strong>, <strong>monitoreo en tiempo real<\/strong> y <strong>confiabilidad durante todo el d\u00eda<\/strong>\u2014enviado desde <strong>China (7-14 d\u00edas)<\/strong> o <strong>Almac\u00e9n de la UE (3-6d)<\/strong>.<\/p>\n<p>&nbsp;<\/p>\n<h2><span style=\"font-size: 90%;\">VOPK Cool Bar 20000 20k inhalaciones Vape desechable <strong>Presupuesto:<\/strong><\/span><\/h2>\n<p><strong>bocanadas<\/strong>: Hasta <strong>20,000<\/strong> \u2013 rendimiento duradero durante todo el d\u00eda<\/p>\n<p><strong>Nicotina<\/strong>: <strong>5 %<\/strong> \u2013 golpe de garganta suave y satisfactorio<\/p>\n<p><strong>Bater\u00eda<\/strong>: <strong>550mAh<\/strong>, <strong>recargable<\/strong> \u2013 potencia extendida confiable<\/p>\n<p><strong>Cargando<\/strong>: <strong>Tipo C<\/strong> \u2013 recargas r\u00e1pidas y c\u00f3modas<\/p>\n<p><strong>Bobina<\/strong>: <strong>Sistema de bobina de malla<\/strong> \u2013 rico sabor, calentamiento r\u00e1pido, vapor consistente<\/p>\n<p><strong>flujo de aire<\/strong>: <strong>Ajustable<\/strong> \u2013 personalizar MTL o abrir inhalaci\u00f3n<\/p>\n<p><strong>Mostrar<\/strong>: <strong>pantalla inteligente<\/strong> \u2013 niveles de e-l\u00edquido y bater\u00eda de un vistazo<\/p>\n<p><strong>Sabores<\/strong>: <strong class=\"\">10 opciones<\/strong> \u2013 amplia variedad para todos los gustos<\/p>\n<p>&nbsp;<\/p>\n<h3><span style=\"font-size: 90%;\">VOPK Cool Bar 20000 20k inhalaciones Vape desechable <strong>Lista de sabores:<\/strong><\/span><\/h3>\n<p><strong>1.Hielo de sand\u00eda<\/strong><\/p>\n<p><strong>2.Helado de cola<\/strong><\/p>\n<p><strong class=\"\">3.Hielo de fresa<\/strong><\/p>\n<p><strong>4.Hielo de pl\u00e1tano<\/strong><\/p>\n<p><strong class=\"\">5.Hielo de mango<\/strong><\/p>\n<p><strong>6.Guayaba de maracuy\u00e1<\/strong><\/p>\n<p><strong>7.grosella negra<\/strong><\/p>\n<p><strong>8.Hielo de pi\u00f1a y coco<\/strong><\/p>\n<p><strong>9.Sand\u00eda Fresa<\/strong><\/p>\n<p><strong>10. Uva de baya<img loading=\"lazy\" decoding=\"async\" class=\"alignnone wp-image-9739 size-full\" src=\"https:\/\/pgvape.com\/wp-content\/uploads\/2026\/03\/VOPK-Cool-Bar-20000-20k-Puffs-Disposable-Vape-Adjustable-Airflow-5Nicotine-10Taste-Smart-Display-Vape-Factory-Wholesale-3.jpg\" alt=\"Dos filas de coloridas bolsas de bebidas con sabores: helado de sand\u00eda, helado de cola, helado de fresa, helado de pl\u00e1tano, helado de mango, maracuy\u00e1, guayaba, grosella negra, helado de pi\u00f1a y coco, fresa, sand\u00eda y uva.\" width=\"1500\" height=\"1298\" srcset=\"https:\/\/pgvape.com\/wp-content\/uploads\/2026\/03\/VOPK-Cool-Bar-20000-20k-Puffs-Disposable-Vape-Adjustable-Airflow-5Nicotine-10Taste-Smart-Display-Vape-Factory-Wholesale-3.jpg 1500w, https:\/\/pgvape.com\/wp-content\/uploads\/2026\/03\/VOPK-Cool-Bar-20000-20k-Puffs-Disposable-Vape-Adjustable-Airflow-5Nicotine-10Taste-Smart-Display-Vape-Factory-Wholesale-3-416x360.jpg 416w, https:\/\/pgvape.com\/wp-content\/uploads\/2026\/03\/VOPK-Cool-Bar-20000-20k-Puffs-Disposable-Vape-Adjustable-Airflow-5Nicotine-10Taste-Smart-Display-Vape-Factory-Wholesale-3-595x515.jpg 595w, https:\/\/pgvape.com\/wp-content\/uploads\/2026\/03\/VOPK-Cool-Bar-20000-20k-Puffs-Disposable-Vape-Adjustable-Airflow-5Nicotine-10Taste-Smart-Display-Vape-Factory-Wholesale-3-400x346.jpg 400w, https:\/\/pgvape.com\/wp-content\/uploads\/2026\/03\/VOPK-Cool-Bar-20000-20k-Puffs-Disposable-Vape-Adjustable-Airflow-5Nicotine-10Taste-Smart-Display-Vape-Factory-Wholesale-3-768x665.jpg 768w, https:\/\/pgvape.com\/wp-content\/uploads\/2026\/03\/VOPK-Cool-Bar-20000-20k-Puffs-Disposable-Vape-Adjustable-Airflow-5Nicotine-10Taste-Smart-Display-Vape-Factory-Wholesale-3-14x12.jpg 14w, https:\/\/pgvape.com\/wp-content\/uploads\/2026\/03\/VOPK-Cool-Bar-20000-20k-Puffs-Disposable-Vape-Adjustable-Airflow-5Nicotine-10Taste-Smart-Display-Vape-Factory-Wholesale-3-600x519.jpg 600w\" sizes=\"auto, (max-width: 1500px) 100vw, 1500px\" \/><\/strong><\/p>\n<p>&nbsp;<\/p>\n<h3><span style=\"font-size: 90%;\">V\u00eddeo de Vape desechable VOPK Cool Bar 20000 20k Puffs:<\/span><\/h3>\n<p><iframe loading=\"lazy\" title=\"Venta al por mayor elegante disponible de la f\u00e1brica de Vape de la exhibici\u00f3n de la circulaci\u00f3n de aire ajustable disponible de Vape de los soplos frescos de la barra 20000 de VOPK\" width=\"563\" height=\"1000\" src=\"https:\/\/www.youtube.com\/embed\/ivKsBaHnGAI?feature=oembed\" frameborder=\"0\" allow=\"accelerometer; autoplay; clipboard-write; encrypted-media; gyroscope; picture-in-picture; web-share\" referrerpolicy=\"strict-origin-when-cross-origin\" allowfullscreen><\/iframe><\/p>\n<p>&nbsp;<\/p>\n<h2>Preguntas frecuentes sobre el vaporizador desechable VOPK Cool Bar 20000 20k Puffs<\/h2>\n<p>\u2753 <strong class=\"\">\u00bfM\u00e9todos de pago?<\/strong><br \/>\n\u2705 <strong>VISA, MasterCard, PayPal, American Express<\/strong>, y m\u00e1s.<\/p>\n<p>\u2753 <strong>\u00bfC\u00f3mo realizar el seguimiento?<\/strong><br \/>\n\u2705 <strong>N\u00famero de seguimiento enviado por correo electr\u00f3nico<\/strong> una vez enviado.<\/p>\n<p>\u2753 <strong>\u00bfTiempo de env\u00edo?<\/strong><br \/>\n\u2705 <strong>Porcelana<\/strong>: 7-14 d\u00edas h\u00e1biles | <strong>Almac\u00e9n de la UE<\/strong>: 3-6 d\u00edas h\u00e1biles.<\/p>\n<p>\u2753 <strong>\u00bfEntrega m\u00e1s r\u00e1pida?<\/strong><br \/>\n\u2705 Elige <strong>Stock en almac\u00e9n de la UE<\/strong> para llegar m\u00e1s r\u00e1pido.<\/p>\n<p>\u2753 <strong>\u00bfPol\u00edtica de devoluciones?<\/strong><br \/>\n\u2705 <strong>devoluci\u00f3n de 30 d\u00edas<\/strong> \u2013 los art\u00edculos deben estar en su estado original.<\/p>\n<p>\u2753 <strong>\u00bfSolicitudes de sabor para productos aleatorios?<\/strong><br \/>\n\u2705 <strong>Disposici\u00f3n aleatoria<\/strong>, pero vete <strong>nota de pago<\/strong> para solicitudes espec\u00edficas, intentaremos adaptarnos.<\/p>\n<p>\u2753 <strong>\u00bfEnv\u00edo internacional?<\/strong><br \/>\n\u2705 <strong>S\u00ed<\/strong> \u2013 la mayor\u00eda de los pa\u00edses, <strong>despacho de aduana manejado<\/strong>.<\/p>\n<p>\u2753 <strong>\u00bfArt\u00edculos da\u00f1ados\/defectuosos?<\/strong><br \/>\n\u2705 Contacto <strong>servicio al cliente<\/strong> para reemplazo o reembolso.<\/p>\n<p>\u2753 <strong>\u00bfC\u00f3mo llegar al soporte?<\/strong><br \/>\n\u2705 <strong>Correo electr\u00f3nico, WhatsApp, chat en vivo<\/strong> en el sitio web.<\/p>\n<p>\u2753 <strong>\u00bfConfianza y autenticidad?<\/strong><br \/>\n\u2705 Consultar <strong>Opiniones de TrustPilot<\/strong> + <strong>Protecci\u00f3n al comprador de PayPal<\/strong> apoyado.<\/p>\n<p>&nbsp;<\/p>\n<h3 id=\"brxe-najhln\" class=\"brxe-heading\">Preguntas frecuentes (FAQ)<\/h3>\n<div id=\"brxe-rajiac\" class=\"brxe-text\">\n<p><strong>P: \u00bfQu\u00e9 m\u00e9todos de pago aceptan?<\/strong><br \/>\nR: Aceptamos PayPal, Stripe, transferencias bancarias (compatibles con SEPA), las principales tarjetas de cr\u00e9dito (Visa, MasterCard, American Express) y pagos con criptomonedas.<\/p>\n<p><strong>P: \u00bfCu\u00e1nto tiempo lleva la preparaci\u00f3n del pedido?<\/strong><br \/>\nR: La preparaci\u00f3n del pedido demora entre 1 y 3 d\u00edas h\u00e1biles.<\/p>\n<p><strong>P: \u00bfCu\u00e1l es el tiempo de env\u00edo?<\/strong><br \/>\nR: El tiempo de env\u00edo es de 7 a 14 d\u00edas h\u00e1biles, seg\u00fan su ubicaci\u00f3n.<\/p>\n<p><strong>P: \u00bfC\u00f3mo puedo realizar un seguimiento de mi pedido?<\/strong><br \/>\nR: Despu\u00e9s del env\u00edo, recibir\u00e1 un correo electr\u00f3nico de confirmaci\u00f3n con un n\u00famero de seguimiento para realizar un seguimiento en tiempo real.<\/p>\n<p><strong>P: \u00bfCu\u00e1l es su pol\u00edtica de devoluci\u00f3n?<\/strong><br \/>\nR: Ofrecemos una pol\u00edtica de devoluci\u00f3n de 30 d\u00edas para reembolsos o cambios. .<\/p>\n<p><strong>P: \u00bfHabr\u00e1 alg\u00fan problema aduanero?<br \/>\n<\/strong>Nos encargamos de todos los procedimientos de despacho de aduanas para garantizarle una experiencia sin complicaciones. .<\/p>\n<p><strong>P: \u00bfQu\u00e9 m\u00e9todos de env\u00edo se utilizan?<\/strong><br \/>\nCooperamos con UPS\/DHL\/FEDEX\/DPD, etc. Elegiremos la opci\u00f3n de env\u00edo adecuada seg\u00fan el pa\u00eds de entrega para asegurarnos de que reciba sus productos lo m\u00e1s r\u00e1pido posible.<\/p>\n<p><a href=\"https:\/\/pgvape.com\/es\/preguntas-frecuentes\/\">Haga clic aqu\u00ed para m\u00e1s preguntas frecuentes<\/a><\/p>\n<p>Estimados clientes: Si tienen alguna pregunta sobre su pedido o la llegada de la mercanc\u00eda, comun\u00edquese con nuestro servicio de atenci\u00f3n al cliente. \u00a1Gracias!<\/p>\n<h3 data-sourcepos=\"73:1-73:21\"><strong data-sourcepos=\"73:7-73:21\">Cont\u00e1ctenos<\/strong><\/h3>\n<div id=\"text-2419739398\" class=\"text\">\n<p><strong data-sourcepos=\"75:3-75:12\">Correo electr\u00f3nico<\/strong>:\u00a0<a href=\"mailto:support@pgvape.com\"><strong>support@pgvape.com<\/strong><\/a><\/p>\n<p><strong data-sourcepos=\"76:3-76:15\">WhatsApp<\/strong>:\u00a0<a href=\"https:\/\/wa.me\/+8618128481258\"><strong>+86 18128481258<\/strong><\/a><br \/>\n<strong>(Respuesta dentro de las 24 horas en d\u00edas h\u00e1biles)<\/strong><\/p>\n<\/div>\n<h3><strong>\u00a1Gracias por elegir pgvape.com! .<\/strong><\/h3>\n<\/div>","protected":false},"excerpt":{"rendered":"<p><strong>Barra fr\u00eda VOPK 20000<\/strong>\u00a0<strong>20k bocanadas<\/strong>, <strong>5% NIC<\/strong>, <strong>bobina de malla<\/strong>, <strong>flujo de aire ajustable<\/strong>, <strong>pantalla inteligente<\/strong>, <strong>Tipo C<\/strong>.<strong>Sabores frescos, tecnolog\u00eda inteligente, a tu manera.<\/strong><\/p>","protected":false},"featured_media":9737,"comment_status":"open","ping_status":"closed","template":"","meta":{"_seopress_robots_primary_cat":"none","_seopress_titles_title":"","_seopress_titles_desc":"","_seopress_robots_index":""},"product_brand":[516,218],"product_cat":[84,515,31],"product_tag":[367,135,90,608],"class_list":{"0":"post-9504","1":"product","2":"type-product","3":"status-publish","4":"has-post-thumbnail","6":"product_brand-disposable-vape","7":"product_brand-vopk-vape","8":"product_cat-20k-puffs-vape","9":"product_cat-disposable-vape","10":"product_cat-vopk-vape","11":"product_tag-20k-puffs-vape","12":"product_tag-adjustable-airflow","13":"product_tag-disposable-vape","14":"product_tag-vopk-cool-bar-20000","16":"first","17":"instock","18":"sale","19":"shipping-taxable","20":"purchasable","21":"product-type-variable"},"_links":{"self":[{"href":"https:\/\/pgvape.com\/es\/wp-json\/wp\/v2\/product\/9504","targetHints":{"allow":["GET"]}}],"collection":[{"href":"https:\/\/pgvape.com\/es\/wp-json\/wp\/v2\/product"}],"about":[{"href":"https:\/\/pgvape.com\/es\/wp-json\/wp\/v2\/types\/product"}],"replies":[{"embeddable":true,"href":"https:\/\/pgvape.com\/es\/wp-json\/wp\/v2\/comments?post=9504"}],"wp:featuredmedia":[{"embeddable":true,"href":"https:\/\/pgvape.com\/es\/wp-json\/wp\/v2\/media\/9737"}],"wp:attachment":[{"href":"https:\/\/pgvape.com\/es\/wp-json\/wp\/v2\/media?parent=9504"}],"wp:term":[{"taxonomy":"product_brand","embeddable":true,"href":"https:\/\/pgvape.com\/es\/wp-json\/wp\/v2\/product_brand?post=9504"},{"taxonomy":"product_cat","embeddable":true,"href":"https:\/\/pgvape.com\/es\/wp-json\/wp\/v2\/product_cat?post=9504"},{"taxonomy":"product_tag","embeddable":true,"href":"https:\/\/pgvape.com\/es\/wp-json\/wp\/v2\/product_tag?post=9504"}],"curies":[{"name":"wp","href":"https:\/\/api.w.org\/{rel}","templated":true}]}}