{"id":9431,"date":"2026-03-13T07:43:36","date_gmt":"2026-03-13T07:43:36","guid":{"rendered":"https:\/\/pgvape.com\/?post_type=product&#038;p=9431"},"modified":"2026-03-19T15:37:41","modified_gmt":"2026-03-19T15:37:41","slug":"bang-king-100000-100k-inhalaciones-3-en-1-sabor-vape-desechable-2-3-5-nicotina-12-sabor-pantalla-led-vape-fabrica-al-por-mayor","status":"publish","type":"product","link":"https:\/\/pgvape.com\/es\/producto\/bang-king-100000-100k-inhalaciones-3-en-1-sabor-vape-desechable-2-3-5-nicotina-12-sabor-pantalla-led-vape-fabrica-al-por-mayor\/","title":{"rendered":"Bang King 100000 100k Puffs 3in1 Sabor Vape desechable % 2% 3% 5%Nicotina 12Taste Pantalla LED Vape F\u00e1brica al por mayor"},"content":{"rendered":"<p><strong>Rey Bang 100K<\/strong> entrega <strong>100.000 bocanadas<\/strong> a trav\u00e9s de <strong>Tecnolog\u00eda de triple tanque 3 en 1<\/strong>, impulsado por un <strong>850 mAh recargable<\/strong> bater\u00eda y <strong>1.2*Configuraci\u00f3n de bobina de malla de 3 \u03a9<\/strong>.<br \/>\n<strong>Carga r\u00e1pida tipo C<\/strong>, <strong>12 combinaciones de sabores con triple opci\u00f3n<\/strong> y <strong>embalaje listo para vender al por mayor<\/strong> darte <strong>triplica la diversi\u00f3n, m\u00e1xima resistencia y ahorro en volumen<\/strong>\u2014perfecto para <strong>Compradores mayoristas de VapeXYZ<\/strong>.<\/p>\n<p>&nbsp;<\/p>\n<h2><span style=\"font-size: 100%;\">Bang King 100000 100k sopla Vape desechable con sabor 3 en 1 <strong>Presupuesto:<\/strong><\/span><\/h2>\n<p><strong>bocanadas<\/strong>: Hasta <strong>100,000<\/strong><\/p>\n<p><strong>Bater\u00eda<\/strong>: <strong>850mAh<\/strong> \u2013 recargable, potencia fuerte<\/p>\n<p><strong>Sistema<\/strong>: <strong>Tanque triple 3 en 1<\/strong> \u2013 tres sensaciones, un dispositivo<\/p>\n<p><strong>Bobina<\/strong>: <strong>Bobina de malla (1.2*3 \u03a9)<\/strong> \u2013 salida fluida y consistente<\/p>\n<p><strong>Cargando<\/strong>: <strong>Tipo C<\/strong> \u2013 tiempo de inactividad r\u00e1pido, moderno y m\u00ednimo<\/p>\n<p><strong>Embalaje<\/strong>: Listo para venta al por mayor: opciones individuales, medianas y a granel<\/p>\n<p>&nbsp;<\/p>\n<h3><span style=\"font-size: 100%;\">Bang King 100000 100k sopla Vape desechable con sabor 3 en 1 <strong>Lista de sabores:<\/strong><\/span><\/h3>\n<p><strong>1.Fresa, sand\u00eda y sand\u00eda fresa<\/strong><\/p>\n<p><strong>2.Ar\u00e1ndanos y sand\u00eda y ar\u00e1ndanos y sand\u00eda<\/strong><\/p>\n<p><strong>3.Melocotones, mango y melocot\u00f3n mango<\/strong><\/p>\n<p><strong>4. Pi\u00f1a, Mango y Pi\u00f1a Mango<\/strong><\/p>\n<p><strong>5.Fresas Mango &amp; Mango Melocot\u00f3n &amp; Mango Melocot\u00f3n Sand\u00eda<\/strong><\/p>\n<p><strong>6.Uva helada, uva de ar\u00e1ndano y uva de flor de cerezo<\/strong><\/p>\n<p><strong>7.Bebidas funcionales y Love 66 y frutas mixtas<\/strong><\/p>\n<p><strong>8.Ar\u00e1ndano, menta, ar\u00e1ndano, frambuesa y triple molde<\/strong><\/p>\n<p><strong>9.Fresa, kiwi, kiwi, guayaba y hielo de drag\u00f3n negro<\/strong><\/p>\n<p><strong>10.Coca-Cola Helada y Fresa, Vainilla y Cacao con Cereza<\/strong><\/p>\n<p><strong>11.Chicle de sand\u00eda y chicle de ar\u00e1ndanos y sand\u00eda de ar\u00e1ndanos<\/strong><\/p>\n<p><strong>12.Helado de pl\u00e1tano y fresa Helado de pl\u00e1tano y fresa<img loading=\"lazy\" decoding=\"async\" class=\"alignnone wp-image-9436 size-full\" src=\"https:\/\/pgvape.com\/wp-content\/uploads\/2026\/03\/Bang-King-100000-100k-Puffs-3-in-1-Flavor-Disposable-Vape-2-3-5Nicotine-12Taste-LED-Screen-Vape-Factory-Wholesale-3.png\" alt=\"\" width=\"1342\" height=\"2000\" srcset=\"https:\/\/pgvape.com\/wp-content\/uploads\/2026\/03\/Bang-King-100000-100k-Puffs-3-in-1-Flavor-Disposable-Vape-2-3-5Nicotine-12Taste-LED-Screen-Vape-Factory-Wholesale-3.png 1342w, https:\/\/pgvape.com\/wp-content\/uploads\/2026\/03\/Bang-King-100000-100k-Puffs-3-in-1-Flavor-Disposable-Vape-2-3-5Nicotine-12Taste-LED-Screen-Vape-Factory-Wholesale-3-242x360.png 242w, https:\/\/pgvape.com\/wp-content\/uploads\/2026\/03\/Bang-King-100000-100k-Puffs-3-in-1-Flavor-Disposable-Vape-2-3-5Nicotine-12Taste-LED-Screen-Vape-Factory-Wholesale-3-595x887.png 595w, https:\/\/pgvape.com\/wp-content\/uploads\/2026\/03\/Bang-King-100000-100k-Puffs-3-in-1-Flavor-Disposable-Vape-2-3-5Nicotine-12Taste-LED-Screen-Vape-Factory-Wholesale-3-268x400.png 268w, https:\/\/pgvape.com\/wp-content\/uploads\/2026\/03\/Bang-King-100000-100k-Puffs-3-in-1-Flavor-Disposable-Vape-2-3-5Nicotine-12Taste-LED-Screen-Vape-Factory-Wholesale-3-768x1145.png 768w, https:\/\/pgvape.com\/wp-content\/uploads\/2026\/03\/Bang-King-100000-100k-Puffs-3-in-1-Flavor-Disposable-Vape-2-3-5Nicotine-12Taste-LED-Screen-Vape-Factory-Wholesale-3-1031x1536.png 1031w, https:\/\/pgvape.com\/wp-content\/uploads\/2026\/03\/Bang-King-100000-100k-Puffs-3-in-1-Flavor-Disposable-Vape-2-3-5Nicotine-12Taste-LED-Screen-Vape-Factory-Wholesale-3-8x12.png 8w, https:\/\/pgvape.com\/wp-content\/uploads\/2026\/03\/Bang-King-100000-100k-Puffs-3-in-1-Flavor-Disposable-Vape-2-3-5Nicotine-12Taste-LED-Screen-Vape-Factory-Wholesale-3-600x894.png 600w\" sizes=\"auto, (max-width: 1342px) 100vw, 1342px\" \/><\/strong><\/p>\n<p>&nbsp;<\/p>\n<h2>Preguntas frecuentes sobre Bang King 100000 100k Puffs 3in1 Sabor Vape desechable<\/h2>\n<p>\u2753 <strong>\u00bfQu\u00e9 significa \u201c3 en 1\u201d?<\/strong><br \/>\n\u2705 <strong>Tres combinaciones de sabores diferentes<\/strong> en un solo dispositivo: explore la variedad sin cambiar de vaporizador.<\/p>\n<p>\u2753 <strong>\u00bfC\u00f3mo recargo?<\/strong><br \/>\n\u2705 <strong>Cable est\u00e1ndar tipo C<\/strong> \u2013 con\u00e9ctelo cuando est\u00e9 bajo, siga disfrutando de su <strong>100.000 bocanadas<\/strong>.<\/p>\n<p>\u2753 <strong>\u00bfDisponible al por mayor?<\/strong><br \/>\n\u2705 <strong>Absolutamente<\/strong> \u2013 especialista mayorista, compra <strong>grandes cantidades<\/strong> directamente desde <strong>VapeXYZ<\/strong>.<\/p>\n<p>\u2753 <strong>\u00bfF\u00e1cil de usar?<\/strong><br \/>\n\u2705 <strong>S\u00ed<\/strong> \u2013 <strong>desembalar y listo<\/strong>, dise\u00f1ado para la simplicidad y el disfrute instant\u00e1neo.<\/p>\n<p>&nbsp;<\/p>\n<h3 id=\"brxe-najhln\" class=\"brxe-heading\">Preguntas frecuentes (FAQ)<\/h3>\n<div id=\"brxe-rajiac\" class=\"brxe-text\">\n<p><strong>P: \u00bfQu\u00e9 m\u00e9todos de pago aceptan?<\/strong><br \/>\nR: Aceptamos PayPal, Stripe, transferencias bancarias (compatibles con SEPA), las principales tarjetas de cr\u00e9dito (Visa, MasterCard, American Express) y pagos con criptomonedas.<\/p>\n<p><strong>P: \u00bfCu\u00e1nto tiempo lleva la preparaci\u00f3n del pedido?<\/strong><br \/>\nR: La preparaci\u00f3n del pedido demora entre 1 y 3 d\u00edas h\u00e1biles.<\/p>\n<p><strong>P: \u00bfCu\u00e1l es el tiempo de env\u00edo?<\/strong><br \/>\nR: El tiempo de env\u00edo es de 7 a 14 d\u00edas h\u00e1biles, dependiendo de su ubicaci\u00f3n. Los productos enviados desde almacenes europeos generalmente demoran de 3 a 6 d\u00edas h\u00e1biles en entregarse.<\/p>\n<p><strong>P: \u00bfC\u00f3mo puedo realizar un seguimiento de mi pedido?<\/strong><br \/>\nR: Despu\u00e9s del env\u00edo, recibir\u00e1 un correo electr\u00f3nico de confirmaci\u00f3n con un n\u00famero de seguimiento para realizar un seguimiento en tiempo real.<\/p>\n<p><strong>P: \u00bfCu\u00e1l es su pol\u00edtica de devoluci\u00f3n?<\/strong><br \/>\nR: Ofrecemos una pol\u00edtica de devoluci\u00f3n de 30 d\u00edas para reembolsos o cambios. .<\/p>\n<p><strong>P: \u00bfHabr\u00e1 alg\u00fan problema aduanero?<br \/>\n<\/strong>Nos encargamos de todos los procedimientos de despacho de aduanas para garantizarle una experiencia sin complicaciones. .<\/p>\n<p><strong>P: \u00bfQu\u00e9 m\u00e9todos de env\u00edo se utilizan?<\/strong><br \/>\nCooperamos con UPS\/DHL\/FEDEX\/DPD, etc. Elegiremos la opci\u00f3n de env\u00edo adecuada seg\u00fan el pa\u00eds de entrega para asegurarnos de que reciba sus productos lo m\u00e1s r\u00e1pido posible.<\/p>\n<p><a href=\"https:\/\/pgvape.com\/es\/preguntas-frecuentes\/\">Haga clic aqu\u00ed para m\u00e1s preguntas frecuentes<\/a><\/p>\n<p>Estimados clientes: Si tienen alguna pregunta sobre su pedido o la llegada de la mercanc\u00eda, comun\u00edquese con nuestro servicio de atenci\u00f3n al cliente. \u00a1Gracias!<\/p>\n<h3 data-sourcepos=\"73:1-73:21\"><strong data-sourcepos=\"73:7-73:21\">Cont\u00e1ctenos<\/strong><\/h3>\n<div id=\"text-2419739398\" class=\"text\">\n<p><strong data-sourcepos=\"75:3-75:12\">Correo electr\u00f3nico<\/strong>:\u00a0<a href=\"mailto:support@pgvape.com\"><strong>support@pgvape.com<\/strong><\/a><\/p>\n<p><strong data-sourcepos=\"76:3-76:15\">WhatsApp<\/strong>:\u00a0<a href=\"https:\/\/wa.me\/+8618128481258\"><strong>+86 18128481258<\/strong><\/a><br \/>\n<strong>(Respuesta dentro de las 24 horas en d\u00edas h\u00e1biles)<\/strong><\/p>\n<\/div>\n<h3><strong>\u00a1Gracias por elegir pgvape.com! .<\/strong><\/h3>\n<\/div>","protected":false},"excerpt":{"rendered":"<p><strong>Explosi\u00f3n Rey 100000<\/strong> <strong>100k bocanadas<\/strong>, <strong>Tanque triple 3 en 1<\/strong>, <strong>1.2*3 \u03a9 malla<\/strong>, <strong>850 mAh tipo C<\/strong>, <strong>listo para vender al por mayor<\/strong>.<strong>Triplica los sabores, triplica la diversi\u00f3n, un vaporizador \u00e9pico.<\/strong><\/p>","protected":false},"featured_media":9435,"comment_status":"open","ping_status":"closed","template":"","meta":{"_seopress_robots_primary_cat":"none","_seopress_titles_title":"","_seopress_titles_desc":"","_seopress_robots_index":""},"product_brand":[19,516],"product_cat":[170,18,515],"product_tag":[395,605,604,607,90,490],"class_list":{"0":"post-9431","1":"product","2":"type-product","3":"status-publish","4":"has-post-thumbnail","6":"product_brand-bang-king-vape","7":"product_brand-disposable-vape","8":"product_cat-100k-puffs-vape","9":"product_cat-bang-king-vape","10":"product_cat-disposable-vape","11":"product_tag-100k-puffs-vape","12":"product_tag-3in1-flavor","13":"product_tag-bang-king-100000","14":"product_tag-bang-king-vape","15":"product_tag-disposable-vape","16":"product_tag-minimum-2-pieces","18":"first","19":"instock","20":"sale","21":"shipping-taxable","22":"purchasable","23":"product-type-variable"},"_links":{"self":[{"href":"https:\/\/pgvape.com\/es\/wp-json\/wp\/v2\/product\/9431","targetHints":{"allow":["GET"]}}],"collection":[{"href":"https:\/\/pgvape.com\/es\/wp-json\/wp\/v2\/product"}],"about":[{"href":"https:\/\/pgvape.com\/es\/wp-json\/wp\/v2\/types\/product"}],"replies":[{"embeddable":true,"href":"https:\/\/pgvape.com\/es\/wp-json\/wp\/v2\/comments?post=9431"}],"wp:featuredmedia":[{"embeddable":true,"href":"https:\/\/pgvape.com\/es\/wp-json\/wp\/v2\/media\/9435"}],"wp:attachment":[{"href":"https:\/\/pgvape.com\/es\/wp-json\/wp\/v2\/media?parent=9431"}],"wp:term":[{"taxonomy":"product_brand","embeddable":true,"href":"https:\/\/pgvape.com\/es\/wp-json\/wp\/v2\/product_brand?post=9431"},{"taxonomy":"product_cat","embeddable":true,"href":"https:\/\/pgvape.com\/es\/wp-json\/wp\/v2\/product_cat?post=9431"},{"taxonomy":"product_tag","embeddable":true,"href":"https:\/\/pgvape.com\/es\/wp-json\/wp\/v2\/product_tag?post=9431"}],"curies":[{"name":"wp","href":"https:\/\/api.w.org\/{rel}","templated":true}]}}