{"id":9401,"date":"2026-03-13T06:10:06","date_gmt":"2026-03-13T06:10:06","guid":{"rendered":"https:\/\/pgvape.com\/?post_type=product&#038;p=9401"},"modified":"2026-03-19T15:35:10","modified_gmt":"2026-03-19T15:35:10","slug":"bang-legend-300000-300k-inhalaciones-8-en-1-sabor-vape-desechable-0-2-3-5-nicotina-12-sabor-pantalla-led-vape-fabrica-al-por-mayor","status":"publish","type":"product","link":"https:\/\/pgvape.com\/es\/producto\/bang-legend-300000-300k-inhalaciones-8-en-1-sabor-vape-desechable-0-2-3-5-nicotina-12-sabor-pantalla-led-vape-fabrica-al-por-mayor\/","title":{"rendered":"Bang Legend 300000 300k Puffs 8in1 Sabor Vape desechable 0% 2% 3% 5%Nicotina 12Taste Pantalla LED Vape F\u00e1brica al por mayor"},"content":{"rendered":"<p><strong>Explosi\u00f3n Leyenda 300K<\/strong> entrega <strong class=\"\">300.000 bocanadas<\/strong> de <strong class=\"\">40ml<\/strong> de e-l\u00edquido, impulsado por <strong>cuatro bobinas de malla 1.0 \u03a9<\/strong>, un <strong class=\"\">850 mAh tipo C<\/strong> bater\u00eda y un <strong>pantalla LED<\/strong>.<br \/>\n<strong>Sistema de sabor 8 en 1<\/strong>, <strong>0 % \/ 2 % \/ 3 % \/ 5 %<\/strong> nicotine and <strong>12 combinaciones de sabores diversos<\/strong> darte <strong>longevidad extrema, m\u00e1xima variedad, comodidad moderna<\/strong>\u2014lo \u00faltimo <strong>desechables de alta capacidad<\/strong>.<\/p>\n<p>&nbsp;<\/p>\n<h2><span style=\"font-size: 90%;\">Bang Legend 300000 300k sopla Vape desechable con sabor 8 en 1 <strong>Presupuesto:<\/strong><\/span><\/h2>\n<p><strong>bocanadas<\/strong>: Hasta <strong>300,000<\/strong> \u2013 extremadamente duradero<\/p>\n<p><strong>E-l\u00edquido<\/strong>: <strong>40ml<\/strong> \u2013 uso prolongado sin reemplazo<\/p>\n<p><strong>Sistema de sabor<\/strong>: <strong>8 en 1<\/strong> \u2013 m\u00faltiples combinaciones, un dispositivo<\/p>\n<p><strong>Bobinas<\/strong>: <strong>Malla 4 \u00d7 1.0 \u03a9<\/strong> \u2013 sabor m\u00e1s rico, vapor m\u00e1s suave<\/p>\n<p><strong>Bater\u00eda<\/strong>: <strong>850mAh<\/strong>, <strong>Tipo C<\/strong> carga r\u00e1pida \u2013 rendimiento diario estable<\/p>\n<p><strong>Mostrar<\/strong>: <strong class=\"\">pantalla LED<\/strong> \u2013 estado de la bater\u00eda de un vistazo<\/p>\n<p><strong>Nicotina<\/strong>: <strong>0 %, 2 %, 3 %, 5 %<\/strong> \u2013 flexible para todas las preferencias<\/p>\n<p><strong>Dise\u00f1o<\/strong>: Moderno, pr\u00e1ctico, preparado para el d\u00eda a d\u00eda.<\/p>\n<p>&nbsp;<\/p>\n<h3><span style=\"font-size: 90%;\">Bang Legend 300000 300k sopla Vape desechable con sabor 8 en 1 <strong>Lista de sabores:<\/strong><\/span><\/h3>\n<p><strong>1.Mamba, melocot\u00f3n, mango, sand\u00eda, bebida energ\u00e9tica y hielo de uva<\/strong><\/p>\n<p><strong>2.Maracuy Mango y Melocot\u00f3n Pi\u00f1a y Ar\u00e1ndano Frambuesa y Helado de Sand\u00eda<\/strong><\/p>\n<p><strong>3.Lim\u00f3n, naranja agria, mango, melocot\u00f3n, sand\u00eda, hielo y frutos rojos<\/strong><\/p>\n<p><strong>4. Manzana, pera y fresa, mango y fresa, sand\u00eda y helado de ar\u00e1ndanos<\/strong><\/p>\n<p><strong>5.Sand\u00eda, bayas y mango, melocot\u00f3n, albaricoque y fresa, kiwi y melocot\u00f3n, mango, sand\u00eda<\/strong><\/p>\n<p><strong>6.Summer Time &amp; Mango Ice &amp; Love 66 &amp; Sour Mango Pi\u00f1a<\/strong><\/p>\n<p><strong>7.Kiwi Maracuy\u00e1, Guayaba y Hielo de Uva y Besos Apasionados y Melocot\u00f3n Agrio de Sand\u00eda<\/strong><\/p>\n<p><strong>8.Sand\u00eda Pitaya y manzana, pera y maracuy\u00e1, kiwi, lima y ar\u00e1ndano, helado de melocot\u00f3n<\/strong><\/p>\n<p><strong>9.Fresa, Pl\u00e1tano, Sand\u00eda, Baya, Ar\u00e1ndano, Hielo y Fuji Ice<\/strong><\/p>\n<p><strong>10.Osito de goma y mezcla de bayas, fresa, sand\u00eda y lima Romance<\/strong><\/p>\n<p><strong>11.Chicle de sand\u00eda y ar\u00e1ndano, melocot\u00f3n, hielo, mel\u00f3n, manzana y fresa, pl\u00e1tano<\/strong><\/p>\n<p><strong>12.Sand\u00eda, melocot\u00f3n agrio y ar\u00e1ndano, hielo, cereza de California y mango de fresa<img loading=\"lazy\" decoding=\"async\" class=\"alignnone wp-image-9406 size-full\" src=\"https:\/\/pgvape.com\/wp-content\/uploads\/2026\/03\/Bang-Legend-300000-300k-Puffs-8-in-1-Flavor-Disposable-Vape-0-2-3-5Nicotine-12Taste-LED-Screen-Vape-Factory-Wholesale-3.png\" alt=\"Surtido de latas de bebidas energ\u00e9ticas Bang Legend 8 en 1 con monos de dibujos animados en colores brillantes, dispuestos en dos filas sobre un fondo ne\u00f3n.\" width=\"1976\" height=\"1909\" srcset=\"https:\/\/pgvape.com\/wp-content\/uploads\/2026\/03\/Bang-Legend-300000-300k-Puffs-8-in-1-Flavor-Disposable-Vape-0-2-3-5Nicotine-12Taste-LED-Screen-Vape-Factory-Wholesale-3.png 1976w, https:\/\/pgvape.com\/wp-content\/uploads\/2026\/03\/Bang-Legend-300000-300k-Puffs-8-in-1-Flavor-Disposable-Vape-0-2-3-5Nicotine-12Taste-LED-Screen-Vape-Factory-Wholesale-3-373x360.png 373w, https:\/\/pgvape.com\/wp-content\/uploads\/2026\/03\/Bang-Legend-300000-300k-Puffs-8-in-1-Flavor-Disposable-Vape-0-2-3-5Nicotine-12Taste-LED-Screen-Vape-Factory-Wholesale-3-595x575.png 595w, https:\/\/pgvape.com\/wp-content\/uploads\/2026\/03\/Bang-Legend-300000-300k-Puffs-8-in-1-Flavor-Disposable-Vape-0-2-3-5Nicotine-12Taste-LED-Screen-Vape-Factory-Wholesale-3-400x386.png 400w, https:\/\/pgvape.com\/wp-content\/uploads\/2026\/03\/Bang-Legend-300000-300k-Puffs-8-in-1-Flavor-Disposable-Vape-0-2-3-5Nicotine-12Taste-LED-Screen-Vape-Factory-Wholesale-3-768x742.png 768w, https:\/\/pgvape.com\/wp-content\/uploads\/2026\/03\/Bang-Legend-300000-300k-Puffs-8-in-1-Flavor-Disposable-Vape-0-2-3-5Nicotine-12Taste-LED-Screen-Vape-Factory-Wholesale-3-1536x1484.png 1536w, https:\/\/pgvape.com\/wp-content\/uploads\/2026\/03\/Bang-Legend-300000-300k-Puffs-8-in-1-Flavor-Disposable-Vape-0-2-3-5Nicotine-12Taste-LED-Screen-Vape-Factory-Wholesale-3-12x12.png 12w, https:\/\/pgvape.com\/wp-content\/uploads\/2026\/03\/Bang-Legend-300000-300k-Puffs-8-in-1-Flavor-Disposable-Vape-0-2-3-5Nicotine-12Taste-LED-Screen-Vape-Factory-Wholesale-3-600x580.png 600w\" sizes=\"auto, (max-width: 1976px) 100vw, 1976px\" \/><\/strong><\/p>\n<p>&nbsp;<\/p>\n<h2>Preguntas frecuentes sobre Bang Legend 300000 300k Puffs 8in1 Flavor Vape desechable<\/h2>\n<p>\u2753 <strong>\u00bfCu\u00e1ntas bocanadas?<\/strong><br \/>\n\u2705 <strong>Hasta 300.000<\/strong> \u2013 experiencia extremadamente duradera.<\/p>\n<p>\u2753 <strong>\u00bfHay concentraciones de nicotina disponibles?<\/strong><br \/>\n\u2705 <strong>0 %, 2 %, 3 %, 5 %<\/strong> \u2013 elige tu nivel preferido.<\/p>\n<p>\u2753 <strong>\u00bfEs recargable?<\/strong><br \/>\n\u2705 <strong class=\"\">S\u00ed<\/strong> \u2013 <strong>850mAh<\/strong> bater\u00eda con <strong>Tipo C<\/strong> carga r\u00e1pida.<\/p>\n<p>\u2753 <strong>\u00bfQu\u00e9 lo hace \u00fanico?<\/strong><br \/>\n\u2705 <strong>Sabores 8 en 1<\/strong> + <strong>bobinas de malla cu\u00e1druple<\/strong> + <strong>pantalla LED<\/strong> + <strong>40 ml de capacidad<\/strong> = vers\u00e1til, duradero y de alto rendimiento.<\/p>\n<p>\u2753 <strong>\u00bfD\u00f3nde comprar?<\/strong><br \/>\n\u2705 Disponible en <strong>ReyApeVape<\/strong> \u2013 amplia gama de desechables de alta capacidad y sabores.<\/p>\n<p>&nbsp;<\/p>\n<h3 id=\"brxe-najhln\" class=\"brxe-heading\">Preguntas frecuentes (FAQ)<\/h3>\n<div id=\"brxe-rajiac\" class=\"brxe-text\">\n<p><strong>P: \u00bfQu\u00e9 m\u00e9todos de pago aceptan?<\/strong><br \/>\nR: Aceptamos PayPal, Stripe, transferencias bancarias (compatibles con SEPA), las principales tarjetas de cr\u00e9dito (Visa, MasterCard, American Express) y pagos con criptomonedas.<\/p>\n<p><strong>P: \u00bfCu\u00e1nto tiempo lleva la preparaci\u00f3n del pedido?<\/strong><br \/>\nR: La preparaci\u00f3n del pedido demora entre 1 y 3 d\u00edas h\u00e1biles.<\/p>\n<p><strong>P: \u00bfCu\u00e1l es el tiempo de env\u00edo?<\/strong><br \/>\nR: El tiempo de env\u00edo es de 7 a 14 d\u00edas h\u00e1biles, dependiendo de su ubicaci\u00f3n. Los productos enviados desde almacenes europeos generalmente demoran de 3 a 6 d\u00edas h\u00e1biles en entregarse.<\/p>\n<p><strong>P: \u00bfC\u00f3mo puedo realizar un seguimiento de mi pedido?<\/strong><br \/>\nR: Despu\u00e9s del env\u00edo, recibir\u00e1 un correo electr\u00f3nico de confirmaci\u00f3n con un n\u00famero de seguimiento para realizar un seguimiento en tiempo real.<\/p>\n<p><strong>P: \u00bfCu\u00e1l es su pol\u00edtica de devoluci\u00f3n?<\/strong><br \/>\nR: Ofrecemos una pol\u00edtica de devoluci\u00f3n de 30 d\u00edas para reembolsos o cambios. .<\/p>\n<p><strong>P: \u00bfHabr\u00e1 alg\u00fan problema aduanero?<br \/>\n<\/strong>Nos encargamos de todos los procedimientos de despacho de aduanas para garantizarle una experiencia sin complicaciones. .<\/p>\n<p><strong>P: \u00bfQu\u00e9 m\u00e9todos de env\u00edo se utilizan?<\/strong><br \/>\nCooperamos con UPS\/DHL\/FEDEX\/DPD, etc. Elegiremos la opci\u00f3n de env\u00edo adecuada seg\u00fan el pa\u00eds de entrega para asegurarnos de que reciba sus productos lo m\u00e1s r\u00e1pido posible.<\/p>\n<p><a href=\"https:\/\/pgvape.com\/es\/preguntas-frecuentes\/\">Haga clic aqu\u00ed para m\u00e1s preguntas frecuentes<\/a><\/p>\n<p>Estimados clientes: Si tienen alguna pregunta sobre su pedido o la llegada de la mercanc\u00eda, comun\u00edquese con nuestro servicio de atenci\u00f3n al cliente. \u00a1Gracias!<\/p>\n<h3 data-sourcepos=\"73:1-73:21\"><strong data-sourcepos=\"73:7-73:21\">Cont\u00e1ctenos<\/strong><\/h3>\n<div id=\"text-2419739398\" class=\"text\">\n<p><strong data-sourcepos=\"75:3-75:12\">Correo electr\u00f3nico<\/strong>:\u00a0<a href=\"mailto:support@pgvape.com\"><strong>support@pgvape.com<\/strong><\/a><\/p>\n<p><strong data-sourcepos=\"76:3-76:15\">WhatsApp<\/strong>:\u00a0<a href=\"https:\/\/wa.me\/+8618128481258\"><strong>+86 18128481258<\/strong><\/a><br \/>\n<strong>(Respuesta dentro de las 24 horas en d\u00edas h\u00e1biles)<\/strong><\/p>\n<\/div>\n<h3><strong>\u00a1Gracias por elegir pgvape.com! .<\/strong><\/h3>\n<\/div>","protected":false},"excerpt":{"rendered":"<p><strong>Leyenda de explosi\u00f3n 300000<\/strong> <strong>300k bocanadas<\/strong>, <strong>40ml<\/strong>, <strong>Sabores 8 en 1<\/strong>, <strong>malla cu\u00e1druple<\/strong>, <strong>pantalla LED<\/strong>, <strong>Tipo C<\/strong>, <strong>0-5% NIC<\/strong>.<strong>Capacidad legendaria, ocho sabores, un vaporizador \u00e9pico.<\/strong><\/p>","protected":false},"featured_media":9405,"comment_status":"open","ping_status":"closed","template":"","meta":{"_seopress_robots_primary_cat":"none","_seopress_titles_title":"%%post_title%%","_seopress_titles_desc":"","_seopress_robots_index":""},"product_brand":[72,516],"product_cat":[517,71,515],"product_tag":[519,601,603,606,90,490],"class_list":{"0":"post-9401","1":"product","2":"type-product","3":"status-publish","4":"has-post-thumbnail","6":"product_brand-bang-legend-vape","7":"product_brand-disposable-vape","8":"product_cat-300k-puffs-vape","9":"product_cat-bang-legend-vape","10":"product_cat-disposable-vape","11":"product_tag-300k-puffs-vape","12":"product_tag-8in1-flavor","13":"product_tag-bang-legend-300000","14":"product_tag-bang-legend-vape","15":"product_tag-disposable-vape","16":"product_tag-minimum-2-pieces","18":"first","19":"instock","20":"sale","21":"shipping-taxable","22":"purchasable","23":"product-type-variable"},"_links":{"self":[{"href":"https:\/\/pgvape.com\/es\/wp-json\/wp\/v2\/product\/9401","targetHints":{"allow":["GET"]}}],"collection":[{"href":"https:\/\/pgvape.com\/es\/wp-json\/wp\/v2\/product"}],"about":[{"href":"https:\/\/pgvape.com\/es\/wp-json\/wp\/v2\/types\/product"}],"replies":[{"embeddable":true,"href":"https:\/\/pgvape.com\/es\/wp-json\/wp\/v2\/comments?post=9401"}],"wp:featuredmedia":[{"embeddable":true,"href":"https:\/\/pgvape.com\/es\/wp-json\/wp\/v2\/media\/9405"}],"wp:attachment":[{"href":"https:\/\/pgvape.com\/es\/wp-json\/wp\/v2\/media?parent=9401"}],"wp:term":[{"taxonomy":"product_brand","embeddable":true,"href":"https:\/\/pgvape.com\/es\/wp-json\/wp\/v2\/product_brand?post=9401"},{"taxonomy":"product_cat","embeddable":true,"href":"https:\/\/pgvape.com\/es\/wp-json\/wp\/v2\/product_cat?post=9401"},{"taxonomy":"product_tag","embeddable":true,"href":"https:\/\/pgvape.com\/es\/wp-json\/wp\/v2\/product_tag?post=9401"}],"curies":[{"name":"wp","href":"https:\/\/api.w.org\/{rel}","templated":true}]}}