{"id":9367,"date":"2026-03-10T08:25:51","date_gmt":"2026-03-10T08:25:51","guid":{"rendered":"https:\/\/pgvape.com\/?post_type=product&#038;p=9367"},"modified":"2026-03-15T13:57:34","modified_gmt":"2026-03-15T13:57:34","slug":"bang-box-200000-200k-inhalaciones-8-en-1-sabor-vape-desechable-0-2-3-5-nicotina-10-sabor-pantalla-inteligente-vape-fabrica-al-por-mayor","status":"publish","type":"product","link":"https:\/\/pgvape.com\/es\/producto\/bang-box-200000-200k-inhalaciones-8-en-1-sabor-vape-desechable-0-2-3-5-nicotina-10-sabor-pantalla-inteligente-vape-fabrica-al-por-mayor\/","title":{"rendered":"Bang Box 200000 200k Puffs 8in1 Sabor Vape desechable 0% 2% 3% 5%Nicotina 10Taste Pantalla inteligente Vape F\u00e1brica al por mayor"},"content":{"rendered":"<p><strong>Caja explosiva 200K<\/strong> entrega <strong>200.000 bocanadas<\/strong> de <strong>40ml<\/strong> al otro lado de <strong>cuatro tanques independientes<\/strong>, presentando <strong>Ajuste de sabor 8 en 1<\/strong>\u2014<strong>cuatro sabores individuales + cuatro mezclas personalizadas<\/strong>.<br \/>\nUn <strong>850 mAh tipo C<\/strong> bater\u00eda, <strong>bobina de malla<\/strong>, <strong>pantalla digital inteligente<\/strong> y <strong>dise\u00f1o de mono genial<\/strong> darte <strong>Transparencia total, m\u00e1xima variedad, extrema longevidad.<\/strong>\u2014<strong>0 % \/ 2 % \/ 3 % \/ 5 %<\/strong> nicotina.<\/p>\n<p>&nbsp;<\/p>\n<h2><strong><span style=\"font-size: 90%;\">Bang Box 200000 200k Puffs 8in1 Sabor Vape desechable Especificaciones:<\/span><\/strong><\/h2>\n<p><strong>bocanadas<\/strong>: Hasta <strong>200,000<\/strong> \u2013 capacidad l\u00edder en la industria<\/p>\n<p><strong>E-l\u00edquido<\/strong>: <strong>40ml<\/strong> \u2013 dep\u00f3sito sustancial<\/p>\n<p><strong>Sistema de sabor<\/strong>: <strong>Ajuste 8 en 1<\/strong> \u2013 4 sabores individuales + 4 mezclas personalizadas, alternar sin problemas<\/p>\n<p><strong>Tanques<\/strong>: <strong>c\u00e1mara cu\u00e1druple<\/strong> \u2013 independiente, sellado de integridad de sabor<\/p>\n<p><strong>Nicotina<\/strong>: <strong>0 %, 2 %, 3 %, 5 %<\/strong> \u2013 opciones inclusivas, sin nicotina disponibles<\/p>\n<p><strong>Bater\u00eda<\/strong>: <strong>850mAh<\/strong>, <strong class=\"\">Tipo C<\/strong> carga rapida<\/p>\n<p><strong>Bobina<\/strong>: <strong>Bobina de malla<\/strong> \u2013 calentamiento uniforme, vapor m\u00e1s rico, sabor m\u00e1s puro<\/p>\n<p><strong>Mostrar<\/strong>: <strong>pantalla digital inteligente<\/strong> \u2013 bater\u00eda en tiempo real + niveles de tanque individuales<\/p>\n<p><strong>Dise\u00f1o<\/strong>: <strong>Port\u00e1til<\/strong> con <strong>Llamativa est\u00e9tica del mono.<\/strong><\/p>\n<p><strong>Objetivo<\/strong>: Usuarios habituales, exploradores de sabores, entusiastas del vapeo inteligente<\/p>\n<p>&nbsp;<\/p>\n<h3><strong><span style=\"font-size: 90%;\">Lista de sabores de Vape desechable con sabor Bang Box 200000 200k Puffs 8 en 1:<\/span><\/strong><\/h3>\n<p><strong class=\"\">1.Helado de ar\u00e1ndanos \u2022 Sand\u00eda de ar\u00e1ndanos \u2022 Frambuesa \u2022 Lima lim\u00f3n<\/strong><\/p>\n<p><strong>2.Hielo de sand\u00eda \u2022 Chicle de sand\u00eda \u2022 Hielo de cereza \u2022 Chicle<\/strong><\/p>\n<p><strong class=\"\">3.Hielo de menta \u2022 Hielo de frambuesa y ar\u00e1ndanos \u2022 Hielo de uva \u2022 Caramelo Nerdz<\/strong><\/p>\n<p><strong>4.Triple Honeydew \u2022 Love 66 \u2022 Maracuy\u00e1 \u2022 Helado de pi\u00f1a y coco<\/strong><\/p>\n<p><strong class=\"\">5. Manzana doble \u2022 Frambuesa de manzana \u00e1cida \u2022 Helado de mora \u2022 Melocot\u00f3n de pi\u00f1a<\/strong><\/p>\n<p><strong>6.Helado de fresa \u2022 Kiwi de fresa \u2022 Hielo de frambuesa azul \u2022 Limonada rosa<\/strong><\/p>\n<p><strong>7.Cherry Cola \u2022 Ar\u00e1ndano Cereza \u2022 Ar\u00e1ndano \u2022 Fresa Frambuesa<\/strong><\/p>\n<p><strong class=\"\">8.Helado de pi\u00f1a \u2022 Pi\u00f1a de mango agrio \u2022 Hielo de melocot\u00f3n \u2022 Limonada de pi\u00f1a<\/strong><\/p>\n<p><strong>9.Black Dragon Ice \u2022 Fresa Pitaya \u2022 Triple Berry \u2022 Cereza Ar\u00e1ndano<\/strong><\/p>\n<p><strong>10.Triple Mango \u2022 Mango Maracuy\u00e1 \u2022 Helado de Pi\u00f1a \u2022 Mango de Fresa<img loading=\"lazy\" decoding=\"async\" class=\"alignnone wp-image-9382 size-full\" src=\"https:\/\/pgvape.com\/wp-content\/uploads\/2026\/03\/Bang-Box-200k-8-in-1-Flavor-Disposable-Vape-0-2-3-5-Nicotine-10Taste-Smart-Screen-Vape-Factory-Wholesale-13.png\" alt=\"Diez coloridas botellas de vaporizador Bang Box dispuestas en dos filas sobre un fondo naranja brillante, con dos \u00edconos de modo circular a la izquierda.\" width=\"2000\" height=\"1363\" srcset=\"https:\/\/pgvape.com\/wp-content\/uploads\/2026\/03\/Bang-Box-200k-8-in-1-Flavor-Disposable-Vape-0-2-3-5-Nicotine-10Taste-Smart-Screen-Vape-Factory-Wholesale-13.png 2000w, https:\/\/pgvape.com\/wp-content\/uploads\/2026\/03\/Bang-Box-200k-8-in-1-Flavor-Disposable-Vape-0-2-3-5-Nicotine-10Taste-Smart-Screen-Vape-Factory-Wholesale-13-528x360.png 528w, https:\/\/pgvape.com\/wp-content\/uploads\/2026\/03\/Bang-Box-200k-8-in-1-Flavor-Disposable-Vape-0-2-3-5-Nicotine-10Taste-Smart-Screen-Vape-Factory-Wholesale-13-595x405.png 595w, https:\/\/pgvape.com\/wp-content\/uploads\/2026\/03\/Bang-Box-200k-8-in-1-Flavor-Disposable-Vape-0-2-3-5-Nicotine-10Taste-Smart-Screen-Vape-Factory-Wholesale-13-400x273.png 400w, https:\/\/pgvape.com\/wp-content\/uploads\/2026\/03\/Bang-Box-200k-8-in-1-Flavor-Disposable-Vape-0-2-3-5-Nicotine-10Taste-Smart-Screen-Vape-Factory-Wholesale-13-768x523.png 768w, https:\/\/pgvape.com\/wp-content\/uploads\/2026\/03\/Bang-Box-200k-8-in-1-Flavor-Disposable-Vape-0-2-3-5-Nicotine-10Taste-Smart-Screen-Vape-Factory-Wholesale-13-1536x1047.png 1536w, https:\/\/pgvape.com\/wp-content\/uploads\/2026\/03\/Bang-Box-200k-8-in-1-Flavor-Disposable-Vape-0-2-3-5-Nicotine-10Taste-Smart-Screen-Vape-Factory-Wholesale-13-18x12.png 18w, https:\/\/pgvape.com\/wp-content\/uploads\/2026\/03\/Bang-Box-200k-8-in-1-Flavor-Disposable-Vape-0-2-3-5-Nicotine-10Taste-Smart-Screen-Vape-Factory-Wholesale-13-600x409.png 600w\" sizes=\"auto, (max-width: 2000px) 100vw, 2000px\" \/><\/strong><\/p>\n<p>&nbsp;<\/p>\n<h3><span style=\"font-size: 90%;\">V\u00eddeo de Vape desechable con sabor Bang Box 200000 200k Puffs 8 en 1:<\/span><\/h3>\n<p><iframe loading=\"lazy\" title=\"La caja de explosi\u00f3n 200k sopla 8in1 sabor Vape 10Taste Smart Screen Vape Factory Wholesale pgvape\" width=\"563\" height=\"1000\" src=\"https:\/\/www.youtube.com\/embed\/thIWK5uQgmw?feature=oembed\" frameborder=\"0\" allow=\"accelerometer; autoplay; clipboard-write; encrypted-media; gyroscope; picture-in-picture; web-share\" referrerpolicy=\"strict-origin-when-cross-origin\" allowfullscreen><\/iframe><\/p>\n<p>&nbsp;<\/p>\n<h2>Preguntas frecuentes sobre Bang Box 200000 200k Puffs 8in1 Sabor Vape desechable<\/h2>\n<p>\u2753 <strong>\u00bfCu\u00e1ntas bocanadas?<\/strong><br \/>\n\u2705 <strong>Hasta 200.000<\/strong> \u2013 Dise\u00f1ado para una resistencia extrema.<\/p>\n<p>\u2753 <strong>\u00bfQu\u00e9 es el sistema de sabores 8 en 1?<\/strong><br \/>\n\u2705 <strong>8 opciones en un solo dispositivo<\/strong> \u2013 alternar entre <strong>4 sabores individuales<\/strong> y <strong>4 mezclas preprogramadas<\/strong>.<\/p>\n<p>\u2753 <strong>\u00bfC\u00f3mo ayuda la pantalla inteligente?<\/strong><br \/>\n\u2705 <strong>Bater\u00eda en tiempo real<\/strong> + <strong>niveles de tanque individuales<\/strong> \u2013 transparencia total, sin golpes secos.<\/p>\n<p>\u2753 <strong>\u00bfEs recargable?<\/strong><br \/>\n\u2705 <strong>S\u00ed<\/strong> \u2013 <strong>850mAh<\/strong> con <strong>Tipo C<\/strong> carga r\u00e1pida.<\/p>\n<p>\u2753 <strong>\u00bfOpciones de nicotina?<\/strong><br \/>\n\u2705 <strong>0 % (sin nicotina), 2 %, 3 %, 5 %<\/strong> \u2013 inclusivo para todas las preferencias.<\/p>\n<p>\u2753 <strong>\u00bfPara qui\u00e9n es esto?<\/strong><br \/>\n\u2705 <strong>Usuarios habituales<\/strong>, <strong>cazadores de sabores<\/strong>, <strong>entusiastas del vapeo inteligente<\/strong>, <strong>compradores mayoristas<\/strong>.<\/p>\n<p>&nbsp;<\/p>\n<h3 id=\"brxe-najhln\" class=\"brxe-heading\">Preguntas frecuentes (FAQ)<\/h3>\n<div id=\"brxe-rajiac\" class=\"brxe-text\">\n<p><strong>P: \u00bfQu\u00e9 m\u00e9todos de pago aceptan?<\/strong><br \/>\nR: Aceptamos PayPal, Stripe, transferencias bancarias (compatibles con SEPA), las principales tarjetas de cr\u00e9dito (Visa, MasterCard, American Express) y pagos con criptomonedas.<\/p>\n<p><strong>P: \u00bfCu\u00e1nto tiempo lleva la preparaci\u00f3n del pedido?<\/strong><br \/>\nR: La preparaci\u00f3n del pedido demora entre 1 y 3 d\u00edas h\u00e1biles.<\/p>\n<p><strong>P: \u00bfCu\u00e1l es el tiempo de env\u00edo?<\/strong><br \/>\nR: El tiempo de env\u00edo es de 7 a 14 d\u00edas h\u00e1biles, dependiendo de su ubicaci\u00f3n. Los productos enviados desde almacenes europeos generalmente demoran de 3 a 6 d\u00edas h\u00e1biles en entregarse.<\/p>\n<p><strong>P: \u00bfC\u00f3mo puedo realizar un seguimiento de mi pedido?<\/strong><br \/>\nR: Despu\u00e9s del env\u00edo, recibir\u00e1 un correo electr\u00f3nico de confirmaci\u00f3n con un n\u00famero de seguimiento para realizar un seguimiento en tiempo real.<\/p>\n<p><strong>P: \u00bfCu\u00e1l es su pol\u00edtica de devoluci\u00f3n?<\/strong><br \/>\nR: Ofrecemos una pol\u00edtica de devoluci\u00f3n de 30 d\u00edas para reembolsos o cambios. .<\/p>\n<p><strong>P: \u00bfHabr\u00e1 alg\u00fan problema aduanero?<br \/>\n<\/strong>Nos encargamos de todos los procedimientos de despacho de aduanas para garantizarle una experiencia sin complicaciones. .<\/p>\n<p><strong>P: \u00bfQu\u00e9 m\u00e9todos de env\u00edo se utilizan?<\/strong><br \/>\nCooperamos con UPS\/DHL\/FEDEX\/DPD, etc. Elegiremos la opci\u00f3n de env\u00edo adecuada seg\u00fan el pa\u00eds de entrega para asegurarnos de que reciba sus productos lo m\u00e1s r\u00e1pido posible.<\/p>\n<p><a href=\"https:\/\/pgvape.com\/es\/preguntas-frecuentes\/\">Haga clic aqu\u00ed para m\u00e1s preguntas frecuentes<\/a><\/p>\n<p>Estimados clientes: Si tienen alguna pregunta sobre su pedido o la llegada de la mercanc\u00eda, comun\u00edquese con nuestro servicio de atenci\u00f3n al cliente. \u00a1Gracias!<\/p>\n<h3 data-sourcepos=\"73:1-73:21\"><strong data-sourcepos=\"73:7-73:21\">Cont\u00e1ctenos<\/strong><\/h3>\n<div id=\"text-2419739398\" class=\"text\">\n<p><strong data-sourcepos=\"75:3-75:12\">Correo electr\u00f3nico<\/strong>:\u00a0<a href=\"mailto:support@pgvape.com\"><strong>support@pgvape.com<\/strong><\/a><\/p>\n<p><strong data-sourcepos=\"76:3-76:15\">WhatsApp<\/strong>:\u00a0<a href=\"https:\/\/wa.me\/+8618128481258\"><strong>+86 18128481258<\/strong><\/a><br \/>\n<strong>(Respuesta dentro de las 24 horas en d\u00edas h\u00e1biles)<\/strong><\/p>\n<\/div>\n<h3><strong>\u00a1Gracias por elegir pgvape.com! .<\/strong><\/h3>\n<\/div>","protected":false},"excerpt":{"rendered":"<p><strong>Bang Box 200K caladas 8 en 1<\/strong> , <strong>40ml<\/strong>, <strong>c\u00e1mara cu\u00e1druple<\/strong>, <strong>8 modos de sabor<\/strong>, <strong>pantalla inteligente<\/strong>, <strong>mono genial<\/strong>, <strong>0-5% NIC<\/strong>.<strong class=\"\">Ocho sabores, cuatro tanques, un mono, nubes infinitas.<\/strong><\/p>","protected":false},"featured_media":9371,"comment_status":"open","ping_status":"closed","template":"","meta":{"_seopress_robots_primary_cat":"","_seopress_titles_title":"","_seopress_titles_desc":"","_seopress_robots_index":""},"product_brand":[577,516],"product_cat":[548,576,515],"product_tag":[552,601,600,90,602],"class_list":{"0":"post-9367","1":"product","2":"type-product","3":"status-publish","4":"has-post-thumbnail","6":"product_brand-bang-box-vape","7":"product_brand-disposable-vape","8":"product_cat-200k-puffs-vape","9":"product_cat-bang-box-vape","10":"product_cat-disposable-vape","11":"product_tag-200k-puffs-vape","12":"product_tag-8in1-flavor","13":"product_tag-bang-box-200000","14":"product_tag-disposable-vape","15":"product_tag-quad-chamber","17":"first","18":"instock","19":"sale","20":"shipping-taxable","21":"purchasable","22":"product-type-variable"},"_links":{"self":[{"href":"https:\/\/pgvape.com\/es\/wp-json\/wp\/v2\/product\/9367","targetHints":{"allow":["GET"]}}],"collection":[{"href":"https:\/\/pgvape.com\/es\/wp-json\/wp\/v2\/product"}],"about":[{"href":"https:\/\/pgvape.com\/es\/wp-json\/wp\/v2\/types\/product"}],"replies":[{"embeddable":true,"href":"https:\/\/pgvape.com\/es\/wp-json\/wp\/v2\/comments?post=9367"}],"wp:featuredmedia":[{"embeddable":true,"href":"https:\/\/pgvape.com\/es\/wp-json\/wp\/v2\/media\/9371"}],"wp:attachment":[{"href":"https:\/\/pgvape.com\/es\/wp-json\/wp\/v2\/media?parent=9367"}],"wp:term":[{"taxonomy":"product_brand","embeddable":true,"href":"https:\/\/pgvape.com\/es\/wp-json\/wp\/v2\/product_brand?post=9367"},{"taxonomy":"product_cat","embeddable":true,"href":"https:\/\/pgvape.com\/es\/wp-json\/wp\/v2\/product_cat?post=9367"},{"taxonomy":"product_tag","embeddable":true,"href":"https:\/\/pgvape.com\/es\/wp-json\/wp\/v2\/product_tag?post=9367"}],"curies":[{"name":"wp","href":"https:\/\/api.w.org\/{rel}","templated":true}]}}