{"id":9340,"date":"2026-03-10T07:52:45","date_gmt":"2026-03-10T07:52:45","guid":{"rendered":"https:\/\/pgvape.com\/?post_type=product&#038;p=9340"},"modified":"2026-03-15T13:57:34","modified_gmt":"2026-03-15T13:57:34","slug":"bang-box-160000-160k-inhalaciones-4-en-1-sabor-cuadruple-vape-desechable-0-2-3-5-nicotina-10-sabor-pantalla-lcd-vape-fabrica-al-por-mayor","status":"publish","type":"product","link":"https:\/\/pgvape.com\/es\/producto\/bang-box-160000-160k-inhalaciones-4-en-1-sabor-cuadruple-vape-desechable-0-2-3-5-nicotina-10-sabor-pantalla-lcd-vape-fabrica-al-por-mayor\/","title":{"rendered":"Bang Box 160000 160k Puffs 4in1 Quad Flavor Vape desechable 0% 2% 3% 5%Nicotina 10Taste Pantalla LCD Vape Factory al por mayor"},"content":{"rendered":"<p><strong class=\"\">Caja explosiva 160K<\/strong> entrega <strong class=\"\">160.000 bocanadas<\/strong> a trav\u00e9s de un <strong>Sistema multisabor 4 en 1<\/strong>, impulsado por un <strong>650 mAh tipo C<\/strong> bater\u00eda y <strong>Bobina de malla de 1,0 \u03a9<\/strong>.<br \/>\nUn <strong>Pantalla LCD inteligente<\/strong>, <strong>0 % \/ 2 % \/ 3 % \/ 5 %<\/strong> opciones de nicotina y <strong>10 ediciones de cuatro sabores<\/strong> darte <strong>longevidad extrema, variedad m\u00e1xima, atractivo comercial<\/strong>\u2014perfecto para <strong>Usuarios habituales, tiendas de vapeo, distribuidores, compradores al por mayor.<\/strong>.<\/p>\n<p>&nbsp;<\/p>\n<h2><strong><span style=\"font-size: 90%;\">Especificaciones de Vape desechables Bang Box 160000 160k Puffs 4in1 Quad Flavor:<\/span><\/strong><\/h2>\n<p><strong>bocanadas<\/strong>: Hasta <strong>160,000<\/strong><\/p>\n<p><strong>Sistema de sabor<\/strong>: <strong>4 en 1<\/strong> \u2013 cuatro sabores integrados, cambio instant\u00e1neo<\/p>\n<p><strong>Nicotina<\/strong>: <strong class=\"\">0 %, 2 %, 3 %, 5 %<\/strong> \u2013 m\u00faltiples opciones de mercado<\/p>\n<p><strong>Bater\u00eda<\/strong>: <strong>650mAh<\/strong>, <strong class=\"\">Tipo C<\/strong> carga rapida<\/p>\n<p><strong>Bobina<\/strong>: <strong>Malla de 1,0 \u03a9<\/strong> \u2013 vapor suave y denso<\/p>\n<p><strong>Mostrar<\/strong>: <strong>pantalla LCD<\/strong> \u2013 monitoreo de bater\u00eda y uso<\/p>\n<p><strong>Objetivo<\/strong>: Grandes usuarios, minoristas, mayoristas, ventas de alto margen<\/p>\n<p>&nbsp;<\/p>\n<h3><strong><span style=\"font-size: 90%;\">Lista de sabores desechables de Vape con sabor cu\u00e1druple Bang Box 160000 160k Puffs 4 en 1:<\/span><\/strong><\/h3>\n<p><strong>1.Lim\u00f3n, lima y sand\u00eda, hielo y hielo negro, fruta del drag\u00f3n, fresa y amor66<\/strong><\/p>\n<p><strong>2.Vainilla Cola y Lim\u00f3n Melocot\u00f3n y Fresa Frambuesa Cereza Helado y Uva Hielo<\/strong><\/p>\n<p><strong>3.Hielo de uva y hielo de lichi y baya de melocot\u00f3n y guayaba de maracuy\u00e1 y kiwi<\/strong><\/p>\n<p><strong>4.Helado de sand\u00eda y helado de fresa, mango y ar\u00e1ndano y cereza gaseosa<\/strong><\/p>\n<p><strong>5.Refrescante de fresa, sand\u00eda, Red Bull, jugoso melocot\u00f3n, hielo y pomelo<\/strong><\/p>\n<p><strong>6.Lima lim\u00f3n y hielo de fresa y frambuesa, sand\u00eda y mango melocot\u00f3n<\/strong><\/p>\n<p><strong>7. Mango agrio, pi\u00f1a y lim\u00f3n, refresco de cola, melocot\u00f3n y fresa, pl\u00e1tano<\/strong><\/p>\n<p><strong>8. Mango de fresa y cola de vainilla y fresa, hielo Blue Razz y kiwi de fresa<\/strong><\/p>\n<p><strong>9.Cereza, ar\u00e1ndano, triple baya, fresa, pitaya y chicle de sand\u00eda<\/strong><\/p>\n<p><strong>10.Sand\u00eda de fresa, limonada rosada, melaza triple y hielo de drag\u00f3n negro<img loading=\"lazy\" decoding=\"async\" class=\"alignnone wp-image-9355 size-full\" src=\"https:\/\/pgvape.com\/wp-content\/uploads\/2026\/03\/Bang-Box-160000-160k-4-in-1-Quad-Flavor-Disposable-Vape-0-2-3-5-Nicotine-10Taste-LCD-Display-Vape-Factory-Wholesale-13.png\" alt=\"Diez botellas de sabor Bang Box con colores degradados dispuestas en dos filas sobre un fondo azul, cada una etiquetada con un sabor de fruta.\" width=\"1780\" height=\"1582\" srcset=\"https:\/\/pgvape.com\/wp-content\/uploads\/2026\/03\/Bang-Box-160000-160k-4-in-1-Quad-Flavor-Disposable-Vape-0-2-3-5-Nicotine-10Taste-LCD-Display-Vape-Factory-Wholesale-13.png 1780w, https:\/\/pgvape.com\/wp-content\/uploads\/2026\/03\/Bang-Box-160000-160k-4-in-1-Quad-Flavor-Disposable-Vape-0-2-3-5-Nicotine-10Taste-LCD-Display-Vape-Factory-Wholesale-13-405x360.png 405w, https:\/\/pgvape.com\/wp-content\/uploads\/2026\/03\/Bang-Box-160000-160k-4-in-1-Quad-Flavor-Disposable-Vape-0-2-3-5-Nicotine-10Taste-LCD-Display-Vape-Factory-Wholesale-13-595x529.png 595w, https:\/\/pgvape.com\/wp-content\/uploads\/2026\/03\/Bang-Box-160000-160k-4-in-1-Quad-Flavor-Disposable-Vape-0-2-3-5-Nicotine-10Taste-LCD-Display-Vape-Factory-Wholesale-13-400x356.png 400w, https:\/\/pgvape.com\/wp-content\/uploads\/2026\/03\/Bang-Box-160000-160k-4-in-1-Quad-Flavor-Disposable-Vape-0-2-3-5-Nicotine-10Taste-LCD-Display-Vape-Factory-Wholesale-13-768x683.png 768w, https:\/\/pgvape.com\/wp-content\/uploads\/2026\/03\/Bang-Box-160000-160k-4-in-1-Quad-Flavor-Disposable-Vape-0-2-3-5-Nicotine-10Taste-LCD-Display-Vape-Factory-Wholesale-13-1536x1365.png 1536w, https:\/\/pgvape.com\/wp-content\/uploads\/2026\/03\/Bang-Box-160000-160k-4-in-1-Quad-Flavor-Disposable-Vape-0-2-3-5-Nicotine-10Taste-LCD-Display-Vape-Factory-Wholesale-13-14x12.png 14w, https:\/\/pgvape.com\/wp-content\/uploads\/2026\/03\/Bang-Box-160000-160k-4-in-1-Quad-Flavor-Disposable-Vape-0-2-3-5-Nicotine-10Taste-LCD-Display-Vape-Factory-Wholesale-13-600x533.png 600w\" sizes=\"auto, (max-width: 1780px) 100vw, 1780px\" \/><\/strong><\/p>\n<p>&nbsp;<\/p>\n<h2>Preguntas frecuentes sobre Bang Box 160000 160k Puffs 4in1 Quad Flavor Vape desechable<\/h2>\n<p>\u2753 <strong class=\"\">\u00bfCu\u00e1nto dura?<\/strong><br \/>\n\u2705 Hasta <strong class=\"\">160.000 bocanadas<\/strong> \u2013 var\u00eda seg\u00fan los h\u00e1bitos y la concentraci\u00f3n de nicotina.<\/p>\n<p>\u2753 <strong>\u00bfEs recargable?<\/strong><br \/>\n\u2705 <strong class=\"\">S\u00ed<\/strong> \u2013 <strong>650mAh<\/strong> bater\u00eda con <strong>Tipo C<\/strong> soporte de carga.<\/p>\n<p>\u2753 <strong class=\"\">\u00bfPueden los usuarios cambiar de sabor?<\/strong><br \/>\n\u2705 <strong class=\"\">S\u00ed<\/strong> \u2013 <strong>cuatro sabores integrados<\/strong> en una sola unidad, variedad instant\u00e1nea.<\/p>\n<p>\u2753 <strong>\u00bfQu\u00e9 puntos fuertes de la nicotina?<\/strong><br \/>\n\u2705 <strong>0 %, 2 %, 3 %, 5 %<\/strong> \u2013 gama completa para todas las preferencias.<\/p>\n<p>\u2753 <strong>\u00bfAdecuado para venta al por mayor?<\/strong><br \/>\n\u2705 <strong>Absolutamente<\/strong> \u2013 dise\u00f1ado para <strong>compradores a granel, distribuidores, minoristas<\/strong> buscando <strong class=\"\">alta capacidad, alta demanda<\/strong> dispositivos.<\/p>\n<p>&nbsp;<\/p>\n<h3 id=\"brxe-najhln\" class=\"brxe-heading\">Preguntas frecuentes (FAQ)<\/h3>\n<div id=\"brxe-rajiac\" class=\"brxe-text\">\n<p><strong>P: \u00bfQu\u00e9 m\u00e9todos de pago aceptan?<\/strong><br \/>\nR: Aceptamos PayPal, Stripe, transferencias bancarias (compatibles con SEPA), las principales tarjetas de cr\u00e9dito (Visa, MasterCard, American Express) y pagos con criptomonedas.<\/p>\n<p><strong>P: \u00bfCu\u00e1nto tiempo lleva la preparaci\u00f3n del pedido?<\/strong><br \/>\nR: La preparaci\u00f3n del pedido demora entre 1 y 3 d\u00edas h\u00e1biles.<\/p>\n<p><strong>P: \u00bfCu\u00e1l es el tiempo de env\u00edo?<\/strong><br \/>\nR: El tiempo de env\u00edo es de 7 a 14 d\u00edas h\u00e1biles, dependiendo de su ubicaci\u00f3n. Los productos enviados desde almacenes europeos generalmente demoran de 3 a 6 d\u00edas h\u00e1biles en entregarse.<\/p>\n<p><strong>P: \u00bfC\u00f3mo puedo realizar un seguimiento de mi pedido?<\/strong><br \/>\nR: Despu\u00e9s del env\u00edo, recibir\u00e1 un correo electr\u00f3nico de confirmaci\u00f3n con un n\u00famero de seguimiento para realizar un seguimiento en tiempo real.<\/p>\n<p><strong>P: \u00bfCu\u00e1l es su pol\u00edtica de devoluci\u00f3n?<\/strong><br \/>\nR: Ofrecemos una pol\u00edtica de devoluci\u00f3n de 30 d\u00edas para reembolsos o cambios. .<\/p>\n<p><strong>P: \u00bfHabr\u00e1 alg\u00fan problema aduanero?<br \/>\n<\/strong>Nos encargamos de todos los procedimientos de despacho de aduanas para garantizarle una experiencia sin complicaciones. .<\/p>\n<p><strong>P: \u00bfQu\u00e9 m\u00e9todos de env\u00edo se utilizan?<\/strong><br \/>\nCooperamos con UPS\/DHL\/FEDEX\/DPD, etc. Elegiremos la opci\u00f3n de env\u00edo adecuada seg\u00fan el pa\u00eds de entrega para asegurarnos de que reciba sus productos lo m\u00e1s r\u00e1pido posible.<\/p>\n<p><a href=\"https:\/\/pgvape.com\/es\/preguntas-frecuentes\/\">Haga clic aqu\u00ed para m\u00e1s preguntas frecuentes<\/a><\/p>\n<p>Estimados clientes: Si tienen alguna pregunta sobre su pedido o la llegada de la mercanc\u00eda, comun\u00edquese con nuestro servicio de atenci\u00f3n al cliente. \u00a1Gracias!<\/p>\n<h3 data-sourcepos=\"73:1-73:21\"><strong data-sourcepos=\"73:7-73:21\">Cont\u00e1ctenos<\/strong><\/h3>\n<div id=\"text-2419739398\" class=\"text\">\n<p><strong data-sourcepos=\"75:3-75:12\">Correo electr\u00f3nico<\/strong>:\u00a0<a href=\"mailto:support@pgvape.com\"><strong>support@pgvape.com<\/strong><\/a><\/p>\n<p><strong data-sourcepos=\"76:3-76:15\">WhatsApp<\/strong>:\u00a0<a href=\"https:\/\/wa.me\/+8618128481258\"><strong>+86 18128481258<\/strong><\/a><br \/>\n<strong>(Respuesta dentro de las 24 horas en d\u00edas h\u00e1biles)<\/strong><\/p>\n<\/div>\n<h3><strong>\u00a1Gracias por elegir pgvape.com! .<\/strong><\/h3>\n<\/div>","protected":false},"excerpt":{"rendered":"<p><strong>Caja explosiva 160K<\/strong> <strong>bocanadas<\/strong>, <strong>Sabor cu\u00e1druple 4 en 1<\/strong>, <strong>pantalla LCD<\/strong>, <strong>Malla de 1,0 \u03a9<\/strong>, <strong>Tipo C<\/strong>, <strong>0-5% NIC<\/strong>.<br \/>\n<strong class=\"\">Cuatro sabores, una potencia, dominio total.<\/strong><\/p>","protected":false},"featured_media":9343,"comment_status":"open","ping_status":"closed","template":"","meta":{"_seopress_robots_primary_cat":"","_seopress_titles_title":"","_seopress_titles_desc":"","_seopress_robots_index":""},"product_brand":[577,516],"product_cat":[595,576,515],"product_tag":[597,598,596,90,599],"class_list":{"0":"post-9340","1":"product","2":"type-product","3":"status-publish","4":"has-post-thumbnail","6":"product_brand-bang-box-vape","7":"product_brand-disposable-vape","8":"product_cat-160k-puffs-vape","9":"product_cat-bang-box-vape","10":"product_cat-disposable-vape","11":"product_tag-160k-puffs-vape","12":"product_tag-4in1","13":"product_tag-bang-box-160000","14":"product_tag-disposable-vape","15":"product_tag-quad-flavor","17":"first","18":"instock","19":"sale","20":"shipping-taxable","21":"purchasable","22":"product-type-variable"},"_links":{"self":[{"href":"https:\/\/pgvape.com\/es\/wp-json\/wp\/v2\/product\/9340","targetHints":{"allow":["GET"]}}],"collection":[{"href":"https:\/\/pgvape.com\/es\/wp-json\/wp\/v2\/product"}],"about":[{"href":"https:\/\/pgvape.com\/es\/wp-json\/wp\/v2\/types\/product"}],"replies":[{"embeddable":true,"href":"https:\/\/pgvape.com\/es\/wp-json\/wp\/v2\/comments?post=9340"}],"wp:featuredmedia":[{"embeddable":true,"href":"https:\/\/pgvape.com\/es\/wp-json\/wp\/v2\/media\/9343"}],"wp:attachment":[{"href":"https:\/\/pgvape.com\/es\/wp-json\/wp\/v2\/media?parent=9340"}],"wp:term":[{"taxonomy":"product_brand","embeddable":true,"href":"https:\/\/pgvape.com\/es\/wp-json\/wp\/v2\/product_brand?post=9340"},{"taxonomy":"product_cat","embeddable":true,"href":"https:\/\/pgvape.com\/es\/wp-json\/wp\/v2\/product_cat?post=9340"},{"taxonomy":"product_tag","embeddable":true,"href":"https:\/\/pgvape.com\/es\/wp-json\/wp\/v2\/product_tag?post=9340"}],"curies":[{"name":"wp","href":"https:\/\/api.w.org\/{rel}","templated":true}]}}