{"id":9072,"date":"2026-03-06T11:11:43","date_gmt":"2026-03-06T11:11:43","guid":{"rendered":"https:\/\/pgvape.com\/?post_type=product&#038;p=9072"},"modified":"2026-03-15T14:05:19","modified_gmt":"2026-03-15T14:05:19","slug":"uor-twins-80k-inhalaciones-2-en-1-sabor-vape-desechable-2-5-nicotina-10-sabor-pantalla-led","status":"publish","type":"product","link":"https:\/\/pgvape.com\/es\/producto\/uor-twins-80k-inhalaciones-2-en-1-sabor-vape-desechable-2-5-nicotina-10-sabor-pantalla-led\/","title":{"rendered":"UOR hermana la pantalla LED disponible de Vape 2% 5%Nicotina 10Taste del sabor de los soplos 2in1 de 80K"},"content":{"rendered":"<p><strong>Gemelos UOR 80K<\/strong> entrega <strong>80.000 bocanadas<\/strong> de <strong>tanques dobles de 20 ml<\/strong> (40 ml en total), impulsado por un <strong>650 mAh tipo C<\/strong> bater\u00eda y <strong>Bobinas de malla dual de 0,9 \u03a9<\/strong>.<br \/>\n<strong>Sistema de sabor deslizable para cambiar<\/strong>, <strong>Pantalla LED inteligente<\/strong>, <strong>2 % \/ 5 %<\/strong> nicotine and <strong>10 combinaciones de sabores<\/strong> darte <strong class=\"\">Duplica el sabor, duplica la vida.<\/strong>\u2014listo para la venta al por mayor <strong>10 unidades\/caja<\/strong>.<\/p>\n<p>&nbsp;<\/p>\n<h2><span style=\"font-size: 90%;\">Especificaciones de Vape desechables con sabor 2 en 1 de UOR Twins 80K Puffs:<\/span><\/h2>\n<p><strong>bocanadas<\/strong>: Hasta <strong class=\"\">80,000<\/strong><\/p>\n<p><strong>E-l\u00edquido<\/strong>: <strong>20ml \u00d7 2<\/strong> tanques dobles = <strong>40ml<\/strong> total<\/p>\n<p><strong>Nicotina<\/strong>: <strong class=\"\">2 %, 5 %<\/strong> opciones de sal<\/p>\n<p><strong>Bater\u00eda<\/strong>: <strong>650mAh<\/strong>, <strong>Tipo C<\/strong> carga rapida<\/p>\n<p><strong>Bobinas<\/strong>: <strong>Malla doble de 0,9 \u03a9<\/strong> \u2013 vapor m\u00e1s suave, sabor m\u00e1s rico<\/p>\n<p><strong>Cambiar<\/strong>: <strong>Deslizar para cambiar<\/strong> \u2013 cambio de sabor instant\u00e1neo<\/p>\n<p><strong>Mostrar<\/strong>: <strong>CONDUJO<\/strong> \u2013 bater\u00eda y estado de uso<\/p>\n<p><strong>Env\u00edo<\/strong>: UPS\/DHL\/FEDEX\/DPD \u2013 <strong>7-15 d\u00edas laborables<\/strong>, despacho de aduana, <strong>Garant\u00eda 100 %<\/strong><\/p>\n<p>&nbsp;<\/p>\n<h3><span style=\"font-size: 90%;\">Lista de sabores de Vape desechable con sabor 2 en 1 de UOR Twins 80K Puffs:<\/span><\/h3>\n<p><strong class=\"\">1.Ar\u00e1ndano, Frambuesa y Amor 66<\/strong><\/p>\n<p><strong class=\"\">2.Blue Razz Ice y kiwi maracuy\u00e1 y maracuy\u00e1<\/strong><\/p>\n<p><strong class=\"\">3. Hielo de ar\u00e1ndanos y Lady Killa<\/strong><\/p>\n<p><strong class=\"\">4.Hielo de uva y hielo de triple baya<\/strong><\/p>\n<p><strong>5.Refresco de naranja y frutas tropicales<\/strong><\/p>\n<p><strong>6.Helado de melocot\u00f3n, mango y fresa<\/strong><\/p>\n<p><strong class=\"\">7.Fresa, kiwi y bayas mixtas<\/strong><\/p>\n<p><strong class=\"\">8.Fresa, Sand\u00eda y Red Bull<\/strong><\/p>\n<p><strong>9.Pl\u00e1tano Fresa y Mango Fresa<\/strong><\/p>\n<p><strong class=\"\">10.Hielo de sand\u00eda y manzana doble<img loading=\"lazy\" decoding=\"async\" class=\"alignnone wp-image-9077 size-full\" src=\"https:\/\/pgvape.com\/wp-content\/uploads\/2026\/03\/UOR-Twins-80K-Puffs-2in1-Flavor-Disposable-Vape-0-2-3-5Nicotine-10Taste-LED-Display-pgvape-3.png\" alt=\"Promoci\u00f3n de UJR Twins 80K Double Flavor que muestra diez pares de sabores, cada uno con dos bolsas de jugo e im\u00e1genes de frutas sobre un fondo azul degradado.\" width=\"1079\" height=\"1500\" srcset=\"https:\/\/pgvape.com\/wp-content\/uploads\/2026\/03\/UOR-Twins-80K-Puffs-2in1-Flavor-Disposable-Vape-0-2-3-5Nicotine-10Taste-LED-Display-pgvape-3.png 1079w, https:\/\/pgvape.com\/wp-content\/uploads\/2026\/03\/UOR-Twins-80K-Puffs-2in1-Flavor-Disposable-Vape-0-2-3-5Nicotine-10Taste-LED-Display-pgvape-3-259x360.png 259w, https:\/\/pgvape.com\/wp-content\/uploads\/2026\/03\/UOR-Twins-80K-Puffs-2in1-Flavor-Disposable-Vape-0-2-3-5Nicotine-10Taste-LED-Display-pgvape-3-595x827.png 595w, https:\/\/pgvape.com\/wp-content\/uploads\/2026\/03\/UOR-Twins-80K-Puffs-2in1-Flavor-Disposable-Vape-0-2-3-5Nicotine-10Taste-LED-Display-pgvape-3-288x400.png 288w, https:\/\/pgvape.com\/wp-content\/uploads\/2026\/03\/UOR-Twins-80K-Puffs-2in1-Flavor-Disposable-Vape-0-2-3-5Nicotine-10Taste-LED-Display-pgvape-3-768x1068.png 768w, https:\/\/pgvape.com\/wp-content\/uploads\/2026\/03\/UOR-Twins-80K-Puffs-2in1-Flavor-Disposable-Vape-0-2-3-5Nicotine-10Taste-LED-Display-pgvape-3-9x12.png 9w, https:\/\/pgvape.com\/wp-content\/uploads\/2026\/03\/UOR-Twins-80K-Puffs-2in1-Flavor-Disposable-Vape-0-2-3-5Nicotine-10Taste-LED-Display-pgvape-3-600x834.png 600w\" sizes=\"auto, (max-width: 1079px) 100vw, 1079px\" \/><\/strong><\/p>\n<p>&nbsp;<\/p>\n<h3><span style=\"font-size: 90%;\">UOR hermana el sabor disponible de Vape del sabor de los soplos 2in1 de 80K <\/span>Video<span style=\"font-size: 90%;\">:<\/span><\/h3>\n<p><iframe loading=\"lazy\" title=\"UOR hermana pgvape disponible de la venta al por mayor de la f\u00e1brica de Vape de la pantalla LED de Vape 10Taste del sabor de los soplos 2in1 de 80K\" width=\"563\" height=\"1000\" src=\"https:\/\/www.youtube.com\/embed\/GzVo1VLCeSc?feature=oembed\" frameborder=\"0\" allow=\"accelerometer; autoplay; clipboard-write; encrypted-media; gyroscope; picture-in-picture; web-share\" referrerpolicy=\"strict-origin-when-cross-origin\" allowfullscreen><\/iframe><\/p>\n<p>&nbsp;<\/p>\n<h2>Preguntas frecuentes sobre el vaporizador desechable con sabor 2 en 1 de UOR Twins 80K Puffs<\/h2>\n<p>\u2753 <strong>\u00bfCu\u00e1ntas inhalaciones por dispositivo?<\/strong><br \/>\n\u2705 Clasificado de f\u00e1brica <strong>80.000 bocanadas<\/strong>\u2014meses de uso diario.<\/p>\n<p>\u2753 <strong>\u00bfC\u00f3mo cambio de sabor?<\/strong><br \/>\n\u2705 <strong>Mecanismo deslizante para cambiar<\/strong>\u2014cambia instant\u00e1neamente entre <strong>dos tanques de 20 ml<\/strong>.<\/p>\n<p>\u2753 <strong>\u00bfEs recargable?<\/strong><br \/>\n\u2705 <strong>650mAh<\/strong> bater\u00eda + <strong>Tipo C<\/strong> puerto; carga completa en ~30 min.<\/p>\n<p>\u2753 <strong>\u00bfQu\u00e9 tecnolog\u00eda de bobina se utiliza?<\/strong><br \/>\n\u2705 <strong>Bobinas de malla dual de 0,9 \u03a9<\/strong>\u2014producci\u00f3n de vapor mejorada, sabor m\u00e1s rico.<\/p>\n<p>\u2753 <strong>\u00bfQu\u00e9 potencias de nicotina se ofrecen?<\/strong><br \/>\n\u2705 <strong>2 %<\/strong> suave o <strong class=\"\">5 %<\/strong> fuerte: elija al finalizar la compra.<\/p>\n<p>\u2753 <strong>\u00bfC\u00f3mo superviso el estado?<\/strong><br \/>\n\u2705 <strong>pantalla LED<\/strong> muestra <strong>bater\u00eda %<\/strong> y <strong>usage info<\/strong> de un vistazo.<\/p>\n<p>\u2753 <strong>\u00bfM\u00e9todos y tiempo de env\u00edo?<\/strong><br \/>\n\u2705 <strong>UPS\/DHL\/FEDEX\/DPD<\/strong>\u2014<strong class=\"\">7-15 d\u00edas laborables<\/strong> (hasta 20 en d\u00edas festivos\/mal tiempo).<\/p>\n<p>\u2753 <strong>\u00bfPasar\u00e1 la aduana?<\/strong><br \/>\n\u2705 <strong>Garant\u00eda de despacho de aduana 100 %<\/strong>\u2014sin impuestos, sin tarifas, nos encargamos del papeleo.<\/p>\n<p>\u2753 <strong>\u00bfEs seguro el pago?<\/strong><br \/>\n\u2705 <strong>Compatible con PayPal<\/strong> con <strong>protecci\u00f3n del comprador<\/strong>-controlar <strong>Opiniones de TrustPilot<\/strong> para verificaci\u00f3n.<\/p>\n<p>&nbsp;<\/p>\n<h3 id=\"brxe-najhln\" class=\"brxe-heading\">Preguntas frecuentes (FAQ)<\/h3>\n<div id=\"brxe-rajiac\" class=\"brxe-text\">\n<p><strong>P: \u00bfQu\u00e9 m\u00e9todos de pago aceptan?<\/strong><br \/>\nR: Aceptamos PayPal, Stripe, transferencias bancarias (compatibles con SEPA), las principales tarjetas de cr\u00e9dito (Visa, MasterCard, American Express) y pagos con criptomonedas.<\/p>\n<p><strong>P: \u00bfCu\u00e1nto tiempo lleva la preparaci\u00f3n del pedido?<\/strong><br \/>\nR: La preparaci\u00f3n del pedido demora entre 1 y 3 d\u00edas h\u00e1biles.<\/p>\n<p><strong>P: \u00bfCu\u00e1l es el tiempo de env\u00edo?<\/strong><br \/>\nR: El tiempo de env\u00edo es de 7 a 14 d\u00edas h\u00e1biles, dependiendo de su ubicaci\u00f3n. Los productos enviados desde almacenes europeos generalmente demoran de 3 a 6 d\u00edas h\u00e1biles en entregarse.<\/p>\n<p><strong>P: \u00bfC\u00f3mo puedo realizar un seguimiento de mi pedido?<\/strong><br \/>\nR: Despu\u00e9s del env\u00edo, recibir\u00e1 un correo electr\u00f3nico de confirmaci\u00f3n con un n\u00famero de seguimiento para realizar un seguimiento en tiempo real.<\/p>\n<p><strong>P: \u00bfCu\u00e1l es su pol\u00edtica de devoluci\u00f3n?<\/strong><br \/>\nR: Ofrecemos una pol\u00edtica de devoluci\u00f3n de 30 d\u00edas para reembolsos o cambios. .<\/p>\n<p><strong>P: \u00bfHabr\u00e1 alg\u00fan problema aduanero?<br \/>\n<\/strong>Nos encargamos de todos los procedimientos de despacho de aduanas para garantizarle una experiencia sin complicaciones. .<\/p>\n<p><strong>P: \u00bfQu\u00e9 m\u00e9todos de env\u00edo se utilizan?<\/strong><br \/>\nCooperamos con UPS\/DHL\/FEDEX\/DPD, etc. Elegiremos la opci\u00f3n de env\u00edo adecuada seg\u00fan el pa\u00eds de entrega para asegurarnos de que reciba sus productos lo m\u00e1s r\u00e1pido posible.<\/p>\n<p><a href=\"https:\/\/pgvape.com\/es\/preguntas-frecuentes\/\">Haga clic aqu\u00ed para m\u00e1s preguntas frecuentes<\/a><\/p>\n<p>Estimados clientes: Si tienen alguna pregunta sobre su pedido o la llegada de la mercanc\u00eda, comun\u00edquese con nuestro servicio de atenci\u00f3n al cliente. \u00a1Gracias!<\/p>\n<h3 data-sourcepos=\"73:1-73:21\"><strong data-sourcepos=\"73:7-73:21\">Cont\u00e1ctenos<\/strong><\/h3>\n<div id=\"text-2419739398\" class=\"text\">\n<p><strong data-sourcepos=\"75:3-75:12\">Correo electr\u00f3nico<\/strong>:\u00a0<a href=\"mailto:support@pgvape.com\"><strong>support@pgvape.com<\/strong><\/a><\/p>\n<p><strong data-sourcepos=\"76:3-76:15\">WhatsApp<\/strong>:\u00a0<a href=\"https:\/\/wa.me\/+8618128481258\"><strong>+86 18128481258<\/strong><\/a><br \/>\n<strong>(Respuesta dentro de las 24 horas en d\u00edas h\u00e1biles)<\/strong><\/p>\n<\/div>\n<h3><strong>\u00a1Gracias por elegir pgvape.com! .<\/strong><\/h3>\n<\/div>","protected":false},"excerpt":{"rendered":"<p><strong data-sourcepos=\"64:1-64:188\">\u201cUOR TWINS 80K: Lo \u00faltimo en desechables de doble sabor con 80.000 inhalaciones, tecnolog\u00eda de interruptor deslizante y pantalla LED inteligente. Perfecto para minoristas que buscan productos innovadores y de alto margen\u201d.\u201d<\/strong><\/p>","protected":false},"featured_media":9075,"comment_status":"open","ping_status":"closed","template":"","meta":{"_seopress_robots_primary_cat":"none","_seopress_titles_title":"","_seopress_titles_desc":"","_seopress_robots_index":""},"product_brand":[516,345],"product_cat":[41,515,344],"product_tag":[581,465,90,490,580],"class_list":{"0":"post-9072","1":"product","2":"type-product","3":"status-publish","4":"has-post-thumbnail","6":"product_brand-disposable-vape","7":"product_brand-uor-vape","8":"product_cat-80k-puffs-vape","9":"product_cat-disposable-vape","10":"product_cat-uor-vape","11":"product_tag-2in1-flavor","12":"product_tag-80k-puffs-vape","13":"product_tag-disposable-vape","14":"product_tag-minimum-2-pieces","15":"product_tag-uor-twins-80k","17":"first","18":"instock","19":"sale","20":"shipping-taxable","21":"purchasable","22":"product-type-variable"},"_links":{"self":[{"href":"https:\/\/pgvape.com\/es\/wp-json\/wp\/v2\/product\/9072","targetHints":{"allow":["GET"]}}],"collection":[{"href":"https:\/\/pgvape.com\/es\/wp-json\/wp\/v2\/product"}],"about":[{"href":"https:\/\/pgvape.com\/es\/wp-json\/wp\/v2\/types\/product"}],"replies":[{"embeddable":true,"href":"https:\/\/pgvape.com\/es\/wp-json\/wp\/v2\/comments?post=9072"}],"wp:featuredmedia":[{"embeddable":true,"href":"https:\/\/pgvape.com\/es\/wp-json\/wp\/v2\/media\/9075"}],"wp:attachment":[{"href":"https:\/\/pgvape.com\/es\/wp-json\/wp\/v2\/media?parent=9072"}],"wp:term":[{"taxonomy":"product_brand","embeddable":true,"href":"https:\/\/pgvape.com\/es\/wp-json\/wp\/v2\/product_brand?post=9072"},{"taxonomy":"product_cat","embeddable":true,"href":"https:\/\/pgvape.com\/es\/wp-json\/wp\/v2\/product_cat?post=9072"},{"taxonomy":"product_tag","embeddable":true,"href":"https:\/\/pgvape.com\/es\/wp-json\/wp\/v2\/product_tag?post=9072"}],"curies":[{"name":"wp","href":"https:\/\/api.w.org\/{rel}","templated":true}]}}