{"id":8998,"date":"2026-02-28T20:47:28","date_gmt":"2026-02-28T20:47:28","guid":{"rendered":"https:\/\/pgvape.com\/?post_type=product&#038;p=8998"},"modified":"2026-03-15T13:48:39","modified_gmt":"2026-03-15T13:48:39","slug":"bang-king-250000-250k-soplos-4-en-1-sabor-vape-desechable-0-2-3-5-nicotina-10-sabor-pantalla-led-inteligente","status":"publish","type":"product","link":"https:\/\/pgvape.com\/es\/producto\/bang-king-250000-250k-soplos-4-en-1-sabor-vape-desechable-0-2-3-5-nicotina-10-sabor-pantalla-led-inteligente\/","title":{"rendered":"Bang King 250000 250k Puffs 4in1 Sabor Vape desechable 0% 2% 3% 5%Nicotina 10Taste Pantalla LED inteligente"},"content":{"rendered":"<p><strong>Rey Bang 250K<\/strong> reina con <strong>250.000 bocanadas<\/strong> a trav\u00e9s de un <strong>Sistema de conmutaci\u00f3n de m\u00faltiples sabores 4 en 1<\/strong>, despedido por un <strong class=\"\">650 mAh tipo C<\/strong> bater\u00eda y <strong>Bobina de malla de 1,0 \u03a9<\/strong>.<br \/>\n<strong>Rotaci\u00f3n de sabor instant\u00e1nea<\/strong>, <strong>0 % \/ 2 % \/ 3 % \/ 5 %<\/strong> nicotine and <strong>Personalizaci\u00f3n OEM\/ODM completa<\/strong> hazlo lo \u00faltimo <strong>mayorista\/marca privada<\/strong> central el\u00e9ctrica.<\/p>\n<p>&nbsp;<\/p>\n<h2><span style=\"font-size: 90%;\">Especificaciones de Vape desechables con sabor Bang King 250000 250k Puffs 4 en 1:<\/span><\/h2>\n<p><strong>bocanadas<\/strong>: Hasta <strong>250,000<\/strong><\/p>\n<p><strong>Sistema de sabor<\/strong>: <strong>4 en 1<\/strong> \u2013 <strong>cuatro sabores premium<\/strong>, cambio instant\u00e1neo<\/p>\n<p><strong>Bater\u00eda<\/strong>: <strong>650mAh<\/strong>, <strong class=\"\">Tipo C<\/strong> carga rapida<\/p>\n<p><strong>Bobina<\/strong>: <strong>Malla de 1,0 \u03a9<\/strong> \u2013 suave, intenso, denso<\/p>\n<p><strong>Nicotina<\/strong>: <strong>0 %, 2 %, 3 %, 5 %<\/strong> opciones de sal<\/p>\n<p><strong>Personalizaci\u00f3n<\/strong>: <strong>OEM\/ODM<\/strong> \u2013 marca privada, marca de distribuidor<\/p>\n<p><strong>Objetivo<\/strong>: <strong>Segmento de boca ultraalta<\/strong>, venta al por mayor de gran volumen<\/p>\n<p>&nbsp;<\/p>\n<h3><span style=\"font-size: 90%;\">Lista de sabores de Vape desechable con sabor Bang King 250000 250k Puffs 4 en 1:<\/span><\/h3>\n<p>1.Lim\u00f3n Lima y Sand\u00eda Hielo y Hielo Negro Dragon Fruit Fresa y Amor 66<\/p>\n<p>2. Lima lim\u00f3n y hielo de fresa y sand\u00eda de frambuesa y cereza gaseosa<\/p>\n<p>3.Vainilla Cola y Lim\u00f3n Melocot\u00f3n y Fresa Frambuesa Cereza Helado y Uva Hielo<\/p>\n<p>4. Limonada rosada y kiwi Maracuy\u00e1, guayaba, melocot\u00f3n, baya y pl\u00e1tano fresa<\/p>\n<p>5.Grape Burst &amp; Lychee Ice &amp; Peach Berry &amp; Kiwi Maracuy\u00e1 Guayaba<\/p>\n<p>6. Mango de fresa y limonada Blue Razz y helado de vainilla y triple baya agria<\/p>\n<p>7.Helado de sand\u00eda y helado de fresa, mango y ar\u00e1ndanos y cereza gaseosa<\/p>\n<p>8.Mezcla de bayas y cerezas, lim\u00f3n, fresa, kiwi y fresa, sand\u00eda, chicle<\/p>\n<p>9.Refrescante de fresa, sand\u00eda, cola de cereza, hielo de melocot\u00f3n jugoso y pomelo<\/p>\n<p>10.Mojito y Monster Mango y Lady Killer y limonada rosa<img loading=\"lazy\" decoding=\"async\" class=\"alignnone wp-image-9004 size-full\" src=\"https:\/\/pgvape.com\/wp-content\/uploads\/2026\/02\/Bang-King-250k-Puffs-4-in-1-Flavor-Disposable-Vape-0-2-3-5Nicotine-10Taste-Smart-LED-Screen-2.png\" alt=\"Banner Bright Bang King Quads 4 en 1 con botellas de colores y un panel en el lado derecho que enumera 10 sabores.\" width=\"2000\" height=\"1200\" srcset=\"https:\/\/pgvape.com\/wp-content\/uploads\/2026\/02\/Bang-King-250k-Puffs-4-in-1-Flavor-Disposable-Vape-0-2-3-5Nicotine-10Taste-Smart-LED-Screen-2.png 2000w, https:\/\/pgvape.com\/wp-content\/uploads\/2026\/02\/Bang-King-250k-Puffs-4-in-1-Flavor-Disposable-Vape-0-2-3-5Nicotine-10Taste-Smart-LED-Screen-2-555x333.png 555w, https:\/\/pgvape.com\/wp-content\/uploads\/2026\/02\/Bang-King-250k-Puffs-4-in-1-Flavor-Disposable-Vape-0-2-3-5Nicotine-10Taste-Smart-LED-Screen-2-595x357.png 595w, https:\/\/pgvape.com\/wp-content\/uploads\/2026\/02\/Bang-King-250k-Puffs-4-in-1-Flavor-Disposable-Vape-0-2-3-5Nicotine-10Taste-Smart-LED-Screen-2-400x240.png 400w, https:\/\/pgvape.com\/wp-content\/uploads\/2026\/02\/Bang-King-250k-Puffs-4-in-1-Flavor-Disposable-Vape-0-2-3-5Nicotine-10Taste-Smart-LED-Screen-2-768x461.png 768w, https:\/\/pgvape.com\/wp-content\/uploads\/2026\/02\/Bang-King-250k-Puffs-4-in-1-Flavor-Disposable-Vape-0-2-3-5Nicotine-10Taste-Smart-LED-Screen-2-1536x922.png 1536w, https:\/\/pgvape.com\/wp-content\/uploads\/2026\/02\/Bang-King-250k-Puffs-4-in-1-Flavor-Disposable-Vape-0-2-3-5Nicotine-10Taste-Smart-LED-Screen-2-18x12.png 18w, https:\/\/pgvape.com\/wp-content\/uploads\/2026\/02\/Bang-King-250k-Puffs-4-in-1-Flavor-Disposable-Vape-0-2-3-5Nicotine-10Taste-Smart-LED-Screen-2-600x360.png 600w\" sizes=\"auto, (max-width: 2000px) 100vw, 2000px\" \/><\/p>\n<p>&nbsp;<\/p>\n<h2><span style=\"font-size: 90%;\">Preguntas frecuentes sobre Bang King 250000 250k Puffs 4in1 Flavor Vape desechable<\/span><\/h2>\n<p>\u2753 <strong>\u00bfCu\u00e1ntas inhalaciones por dispositivo?<\/strong><br \/>\n\u2705 Clasificado de f\u00e1brica <strong>250.000 bocanadas<\/strong>\u2014un cuarto de mill\u00f3n de nubes, meses de uso.<\/p>\n<p>\u2753 <strong>\u00bfC\u00f3mo cambio de sabor?<\/strong><br \/>\n\u2705 <strong>Sistema multisabor 4 en 1<\/strong>\u2014girar o hacer clic para <strong>cambiar instant\u00e1neamente<\/strong> entre <strong>four distinct tastes<\/strong>.<\/p>\n<p>\u2753 <strong>\u00bfEs recargable?<\/strong><br \/>\n\u2705 <strong>650mAh<\/strong> bater\u00eda + <strong>Tipo C<\/strong> carga r\u00e1pida: tiempo de inactividad m\u00ednimo.<\/p>\n<p>\u2753 <strong>\u00bfQu\u00e9 bobina hay dentro?<\/strong><br \/>\n\u2705 <strong>Bobina de malla de 1,0 \u03a9<\/strong>\u2014potencia estable, rico sabor, vapor denso.<\/p>\n<p>\u2753 <strong>Can I customize branding?<\/strong><br \/>\n\u2705 <strong>Full OEM\/ODM support<\/strong>\u2014marca privada, marca de distribuidor, destacar en el <strong>mercado de alza<\/strong>.<\/p>\n<p>\u2753 <strong>\u00bfQu\u00e9 potencias de nicotina se ofrecen?<\/strong><br \/>\n\u2705 <strong>0 %, 2 %, 3 %, 5 %<\/strong>\u2014flexible para todo tipo de usuarios.<\/p>\n<p>\u2753 <strong>\u00bfPara qui\u00e9n es esto?<\/strong><br \/>\n\u2705 <strong>Usuarios habituales<\/strong>, <strong>socios mayoristas<\/strong>, <strong>distribuidores<\/strong> buscando <strong>capacidad m\u00e1xima + variedad + personalizaci\u00f3n<\/strong>.<\/p>\n<p>&nbsp;<\/p>\n<h3 id=\"brxe-najhln\" class=\"brxe-heading\">Preguntas frecuentes (FAQ)<\/h3>\n<div id=\"brxe-rajiac\" class=\"brxe-text\">\n<p><strong>P: \u00bfQu\u00e9 m\u00e9todos de pago aceptan?<\/strong><br \/>\nR: Aceptamos PayPal, Stripe, transferencias bancarias (compatibles con SEPA), las principales tarjetas de cr\u00e9dito (Visa, MasterCard, American Express) y pagos con criptomonedas.<\/p>\n<p><strong>P: \u00bfCu\u00e1nto tiempo lleva la preparaci\u00f3n del pedido?<\/strong><br \/>\nR: La preparaci\u00f3n del pedido demora entre 1 y 3 d\u00edas h\u00e1biles.<\/p>\n<p><strong>P: \u00bfCu\u00e1l es el tiempo de env\u00edo?<\/strong><br \/>\nR: El tiempo de env\u00edo es de 7 a 14 d\u00edas h\u00e1biles, dependiendo de su ubicaci\u00f3n. Los productos enviados desde almacenes europeos generalmente demoran de 3 a 6 d\u00edas h\u00e1biles en entregarse.<\/p>\n<p><strong>P: \u00bfC\u00f3mo puedo realizar un seguimiento de mi pedido?<\/strong><br \/>\nR: Despu\u00e9s del env\u00edo, recibir\u00e1 un correo electr\u00f3nico de confirmaci\u00f3n con un n\u00famero de seguimiento para realizar un seguimiento en tiempo real.<\/p>\n<p><strong>P: \u00bfCu\u00e1l es su pol\u00edtica de devoluci\u00f3n?<\/strong><br \/>\nR: Ofrecemos una pol\u00edtica de devoluci\u00f3n de 30 d\u00edas para reembolsos o cambios. .<\/p>\n<p><strong>P: \u00bfHabr\u00e1 alg\u00fan problema aduanero?<br \/>\n<\/strong>Nos encargamos de todos los procedimientos de despacho de aduanas para garantizarle una experiencia sin complicaciones. .<\/p>\n<p><strong>P: \u00bfQu\u00e9 m\u00e9todos de env\u00edo se utilizan?<\/strong><br \/>\nCooperamos con UPS\/DHL\/FEDEX\/DPD, etc. Elegiremos la opci\u00f3n de env\u00edo adecuada seg\u00fan el pa\u00eds de entrega para asegurarnos de que reciba sus productos lo m\u00e1s r\u00e1pido posible.<\/p>\n<p><a href=\"https:\/\/pgvape.com\/es\/preguntas-frecuentes\/\">Haga clic aqu\u00ed para m\u00e1s preguntas frecuentes<\/a><\/p>\n<p>Estimados clientes: Si tienen alguna pregunta sobre su pedido o la llegada de la mercanc\u00eda, comun\u00edquese con nuestro servicio de atenci\u00f3n al cliente. \u00a1Gracias!<\/p>\n<h3 data-sourcepos=\"73:1-73:21\"><strong data-sourcepos=\"73:7-73:21\">Cont\u00e1ctenos<\/strong><\/h3>\n<div id=\"text-2419739398\" class=\"text\">\n<p><strong data-sourcepos=\"75:3-75:12\">Correo electr\u00f3nico<\/strong>:\u00a0<a href=\"mailto:support@pgvape.com\"><strong>support@pgvape.com<\/strong><\/a><\/p>\n<p><strong data-sourcepos=\"76:3-76:15\">WhatsApp<\/strong>:\u00a0<a href=\"https:\/\/wa.me\/+8618128481258\"><strong>+86 18128481258<\/strong><\/a><br \/>\n<strong>(Respuesta dentro de las 24 horas en d\u00edas h\u00e1biles)<\/strong><\/p>\n<\/div>\n<h3><strong>\u00a1Gracias por elegir pgvape.com! .<\/strong><\/h3>\n<\/div>","protected":false},"excerpt":{"rendered":"<p><strong>Explosi\u00f3n Rey 250000<\/strong>\u2014<strong>250k bocanadas<\/strong>, <strong>Rotaci\u00f3n 4 en 1<\/strong>, <strong>Malla de 1,0 \u03a9<\/strong>, <strong>Tipo C<\/strong>, <strong>Listo para OEM\/ODM<\/strong>.<strong>Un cuarto de mill\u00f3n de nubes, cuatro coronas, un rey.<\/strong><\/p>","protected":false},"featured_media":9003,"comment_status":"open","ping_status":"closed","template":"","meta":{"_seopress_robots_primary_cat":"","_seopress_titles_title":"","_seopress_titles_desc":"","_seopress_robots_index":""},"product_brand":[19,516],"product_cat":[571,18,515],"product_tag":[575,573,574,572,90,490],"class_list":{"0":"post-8998","1":"product","2":"type-product","3":"status-publish","4":"has-post-thumbnail","6":"product_brand-bang-king-vape","7":"product_brand-disposable-vape","8":"product_cat-250k-puffs-vape","9":"product_cat-bang-king-vape","10":"product_cat-disposable-vape","11":"product_tag-1-0--mesh","12":"product_tag-250k-puffs-vape","13":"product_tag-4in1-flavor","14":"product_tag-bang-king-250000","15":"product_tag-disposable-vape","16":"product_tag-minimum-2-pieces","18":"first","19":"instock","20":"sale","21":"shipping-taxable","22":"purchasable","23":"product-type-variable"},"_links":{"self":[{"href":"https:\/\/pgvape.com\/es\/wp-json\/wp\/v2\/product\/8998","targetHints":{"allow":["GET"]}}],"collection":[{"href":"https:\/\/pgvape.com\/es\/wp-json\/wp\/v2\/product"}],"about":[{"href":"https:\/\/pgvape.com\/es\/wp-json\/wp\/v2\/types\/product"}],"replies":[{"embeddable":true,"href":"https:\/\/pgvape.com\/es\/wp-json\/wp\/v2\/comments?post=8998"}],"wp:featuredmedia":[{"embeddable":true,"href":"https:\/\/pgvape.com\/es\/wp-json\/wp\/v2\/media\/9003"}],"wp:attachment":[{"href":"https:\/\/pgvape.com\/es\/wp-json\/wp\/v2\/media?parent=8998"}],"wp:term":[{"taxonomy":"product_brand","embeddable":true,"href":"https:\/\/pgvape.com\/es\/wp-json\/wp\/v2\/product_brand?post=8998"},{"taxonomy":"product_cat","embeddable":true,"href":"https:\/\/pgvape.com\/es\/wp-json\/wp\/v2\/product_cat?post=8998"},{"taxonomy":"product_tag","embeddable":true,"href":"https:\/\/pgvape.com\/es\/wp-json\/wp\/v2\/product_tag?post=8998"}],"curies":[{"name":"wp","href":"https:\/\/api.w.org\/{rel}","templated":true}]}}