{"id":8832,"date":"2026-01-29T07:54:13","date_gmt":"2026-01-29T07:54:13","guid":{"rendered":"https:\/\/pgvape.com\/?post_type=product&#038;p=8832"},"modified":"2026-04-09T14:46:15","modified_gmt":"2026-04-09T14:46:15","slug":"solaris-tequila-don-leon1942-30000-30k-inhalaciones-vape-desechable-2nicotina-10-sabor-bateria-pantalla-vape-fabrica-al-por-mayor","status":"publish","type":"product","link":"https:\/\/pgvape.com\/es\/producto\/solaris-tequila-don-leon1942-30000-30k-inhalaciones-vape-desechable-2nicotina-10-sabor-bateria-pantalla-vape-fabrica-al-por-mayor\/","title":{"rendered":"Solaris Tequila Don Leon1942 30000 30K Puffs Vape desechable 2%Nicotina 10Taste Pantalla de bater\u00eda Vape Factory al por mayor"},"content":{"rendered":"<p><strong>Tequila Solaris Don Le\u00f3n 1942<\/strong> vierte <strong>30.000 bocanadas<\/strong> <strong>Vape desechable<\/strong> <strong data-sourcepos=\"6:6-6:53\">El dise\u00f1o de lujo se combina con el vapeo de alto rendimiento <\/strong>Inspirado por el <strong data-sourcepos=\"7:17-7:47\">Botella ic\u00f3nica de tequila de 1942<\/strong>, este <strong data-sourcepos=\"7:54-7:81\">Vape desechable premium<\/strong> entrega <strong data-sourcepos=\"7:91-7:120\">30.000 bocanadas ultrasuaves.<\/strong> con <strong data-sourcepos=\"7:126-7:154\">E-l\u00edquido precargado de 24 ml<\/strong> y un <strong data-sourcepos=\"7:161-7:192\">Bater\u00eda recargable de 650 mAh.<\/strong>. <strong data-sourcepos=\"7:198-7:216\">1.2Bobina de malla \u03a9<\/strong> asegura <strong data-sourcepos=\"7:225-7:240\">rico sabor<\/strong> y <strong data-sourcepos=\"7:245-7:260\">Vapor denso<\/strong>, mientras que el <strong data-sourcepos=\"7:272-7:296\">Carga r\u00e1pida tipo C<\/strong> minimiza el tiempo de inactividad. Perfecto para <strong data-sourcepos=\"7:329-7:358\">Minoristas y mayoristas<\/strong>, combina <strong data-sourcepos=\"7:372-7:395\">Est\u00e9tica llamativa<\/strong> con <strong data-sourcepos=\"7:401-7:425\">Rendimiento confiable<\/strong>.<\/p>\n<p>&nbsp;<\/p>\n<h2><span style=\"font-size: 90%;\">Especificaciones de Vape desechables Solaris Tequila Don Leon1942 30000 30K Puffs:<\/span><\/h2>\n<p><strong data-sourcepos=\"12:3-12:24\">Fuerza de nicotina<\/strong>:\u00a0<strong data-sourcepos=\"12:26-12:32\">2%<\/strong>\u00a0(Golpe de garganta equilibrado)<\/p>\n<p><strong data-sourcepos=\"13:3-13:17\">Conteo de bocanadas<\/strong>:\u00a0<strong data-sourcepos=\"13:19-13:35\">30.000 bocanadas<\/strong>\u00a0(Uso extendido)<\/p>\n<p><strong data-sourcepos=\"14:3-14:24\">Capacidad de l\u00edquido electr\u00f3nico<\/strong>:\u00a0<strong data-sourcepos=\"14:26-14:34\">24 ml<\/strong>\u00a0(Precargado)<\/p>\n<p><strong data-sourcepos=\"15:3-15:11\">Bobina<\/strong>:\u00a0<strong data-sourcepos=\"15:13-15:31\">1.2Bobina de malla \u03a9<\/strong>\u00a0(Sabor y vapor optimizados)<\/p>\n<p><strong data-sourcepos=\"16:3-16:14\">Bater\u00eda<\/strong>:\u00a0<strong data-sourcepos=\"16:16-16:39\">650mAh recargable<\/strong>\u00a0(Carga tipo C)<\/p>\n<p><strong data-sourcepos=\"17:3-17:13\">Dise\u00f1o<\/strong>:\u00a0<strong data-sourcepos=\"17:15-17:47\">1942 Inspirada en una botella de tequila<\/strong>\u00a0+\u00a0<strong data-sourcepos=\"17:50-17:69\">Pantalla de bater\u00eda<\/strong><\/p>\n<p><strong data-sourcepos=\"18:3-18:16\">Embalaje<\/strong>:\u00a0<strong data-sourcepos=\"18:18-18:36\">10 dispositivos\/caja<\/strong>\u00a0(Listo para venta al por mayor)<\/p>\n<p>&nbsp;<\/p>\n<h3><span style=\"font-size: 90%;\">Lista de sabores de Vape desechables Solaris Tequila Don Leon1942 30000 30K Puffs:<\/span><\/h3>\n<p><strong>1.Hielo de sand\u00eda<\/strong><\/p>\n<p><strong>2.Kiwi Fresa<\/strong><\/p>\n<p><strong>3.melocot\u00f3n jugoso<\/strong><\/p>\n<p><strong>4.Sand\u00eda Fresa<\/strong><\/p>\n<p><strong>5. Champ\u00e1n de melocot\u00f3n rojo<\/strong><\/p>\n<p><strong>6.Razz azul<\/strong><\/p>\n<p><strong>7.Hielo de ar\u00e1ndanos<\/strong><\/p>\n<p><strong>8.Bayas mixtas<\/strong><\/p>\n<p><strong>9. Mango de maracuy\u00e1<\/strong><\/p>\n<p><strong>10.Fruta del drag\u00f3n de cereza<img loading=\"lazy\" decoding=\"async\" class=\"alignnone wp-image-8858 size-full\" src=\"https:\/\/pgvape.com\/wp-content\/uploads\/2026\/01\/Solaris-Tequila-Don-Leon1942-30000-Puffs-Disposable-Vape-2-Nicotine-10Taste-Vape-Factory-Wholesale-14.png\" alt=\"\" width=\"1692\" height=\"1800\" srcset=\"https:\/\/pgvape.com\/wp-content\/uploads\/2026\/01\/Solaris-Tequila-Don-Leon1942-30000-Puffs-Disposable-Vape-2-Nicotine-10Taste-Vape-Factory-Wholesale-14.png 1692w, https:\/\/pgvape.com\/wp-content\/uploads\/2026\/01\/Solaris-Tequila-Don-Leon1942-30000-Puffs-Disposable-Vape-2-Nicotine-10Taste-Vape-Factory-Wholesale-14-338x360.png 338w, https:\/\/pgvape.com\/wp-content\/uploads\/2026\/01\/Solaris-Tequila-Don-Leon1942-30000-Puffs-Disposable-Vape-2-Nicotine-10Taste-Vape-Factory-Wholesale-14-595x633.png 595w, https:\/\/pgvape.com\/wp-content\/uploads\/2026\/01\/Solaris-Tequila-Don-Leon1942-30000-Puffs-Disposable-Vape-2-Nicotine-10Taste-Vape-Factory-Wholesale-14-376x400.png 376w, https:\/\/pgvape.com\/wp-content\/uploads\/2026\/01\/Solaris-Tequila-Don-Leon1942-30000-Puffs-Disposable-Vape-2-Nicotine-10Taste-Vape-Factory-Wholesale-14-768x817.png 768w, https:\/\/pgvape.com\/wp-content\/uploads\/2026\/01\/Solaris-Tequila-Don-Leon1942-30000-Puffs-Disposable-Vape-2-Nicotine-10Taste-Vape-Factory-Wholesale-14-1444x1536.png 1444w, https:\/\/pgvape.com\/wp-content\/uploads\/2026\/01\/Solaris-Tequila-Don-Leon1942-30000-Puffs-Disposable-Vape-2-Nicotine-10Taste-Vape-Factory-Wholesale-14-11x12.png 11w, https:\/\/pgvape.com\/wp-content\/uploads\/2026\/01\/Solaris-Tequila-Don-Leon1942-30000-Puffs-Disposable-Vape-2-Nicotine-10Taste-Vape-Factory-Wholesale-14-600x638.png 600w\" sizes=\"auto, (max-width: 1692px) 100vw, 1692px\" \/><\/strong><\/p>\n<p>&nbsp;<\/p>\n<h3><span style=\"font-size: 90%;\">Video de Vape desechable Solaris Tequila Don Leon1942 30000 30K Puffs<\/span><\/h3>\n<div style=\"width: 1008px;\" class=\"wp-video\"><video class=\"wp-video-shortcode\" id=\"video-8832-1\" width=\"1008\" height=\"720\" preload=\"metadata\" controls=\"controls\"><source type=\"video\/mp4\" src=\"https:\/\/pgvape.com\/wp-content\/uploads\/2026\/01\/Solaris-Champagne-30000-30k-Puffs-Disposable-Vape-2-Nicotine-10Tastes-Vape-Factory-Wholesale-Video.mp4?_=1\" \/><a href=\"https:\/\/pgvape.com\/wp-content\/uploads\/2026\/01\/Solaris-Champagne-30000-30k-Puffs-Disposable-Vape-2-Nicotine-10Tastes-Vape-Factory-Wholesale-Video.mp4\">https:\/\/pgvape.com\/wp-content\/uploads\/2026\/01\/Solaris-Champagne-30000-30k-Puffs-Disposable-Vape-2-Nicotine-10Tastes-Vape-Factory-Wholesale-Video.mp4<\/a><\/video><\/div>\n<p>&nbsp;<\/p>\n<h2><span style=\"font-size: 90%;\">Preguntas frecuentes sobre Solaris Tequila Don Leon1942 30000 30K Puffs Vape desechable\u00a0<\/span><\/h2>\n<p>\u2753 <strong>\u00bfQu\u00e9 lo hace \u00fanico?<\/strong><br \/>\n\u2705 <strong>Dise\u00f1o de botella de tequila de 1942.<\/strong> \u2013 apariencia de lujo, tacto de primera calidad, atractivo instant\u00e1neo en los estantes.<\/p>\n<p>\u2753 <strong>\u00bfCu\u00e1ntas inhalaciones por dispositivo?<\/strong><br \/>\n\u2705 Clasificado de f\u00e1brica <strong>30.000 bocanadas<\/strong> \u2013 Semanas de disfrute diario.<\/p>\n<p>\u2753 <strong>\u00bfEs recargable?<\/strong><br \/>\n\u2705 <strong>650mAh<\/strong> bater\u00eda + <strong>Tipo C<\/strong> puerto; carga completa en ~30 min.<\/p>\n<p>\u2753 <strong>\u00bfQu\u00e9 bobina hay dentro?<\/strong><br \/>\n\u2705 <strong>1.2 Bobina de malla \u03a9<\/strong> \u2013 vapor suave, claridad de sabor mejorada.<\/p>\n<p>\u2753 <strong>\u00bfC\u00f3mo verifico el estado de la bater\u00eda?<\/strong><br \/>\n\u2705 <strong>Pantalla de bater\u00eda incorporada<\/strong> muestra el nivel de potencia de un vistazo.<\/p>\n<p>\u2753 <strong>\u00bfQu\u00e9 concentraci\u00f3n de nicotina est\u00e1 disponible?<\/strong><br \/>\n\u2705 <strong>2 %<\/strong> \u2013 golpe de garganta suave y equilibrado para usuarios diarios.<\/p>\n<p>\u2753 <strong>\u00bfEmbalaje listo para la venta al por menor?<\/strong><br \/>\n\u2705 <strong>10 unidades\/caja<\/strong> \u2013 ideal para exhibiciones de lujo o pedidos al por mayor.<\/p>\n<p>&nbsp;<\/p>\n<h3 id=\"brxe-najhln\" class=\"brxe-heading\">Preguntas frecuentes (FAQ)<\/h3>\n<div id=\"brxe-rajiac\" class=\"brxe-text\">\n<p><strong>P: \u00bfQu\u00e9 m\u00e9todos de pago aceptan?<\/strong><br \/>\nR: Aceptamos PayPal, Stripe, transferencias bancarias (compatibles con SEPA), las principales tarjetas de cr\u00e9dito (Visa, MasterCard, American Express) y pagos con criptomonedas.<\/p>\n<p><strong>P: \u00bfCu\u00e1nto tiempo lleva la preparaci\u00f3n del pedido?<\/strong><br \/>\nR: La preparaci\u00f3n del pedido demora entre 1 y 3 d\u00edas h\u00e1biles.<\/p>\n<p><strong>P: \u00bfCu\u00e1l es el tiempo de env\u00edo?<\/strong><br \/>\nR: El tiempo de env\u00edo es de 7 a 14 d\u00edas h\u00e1biles, dependiendo de su ubicaci\u00f3n. Los productos enviados desde almacenes europeos generalmente demoran de 3 a 6 d\u00edas h\u00e1biles en entregarse.<\/p>\n<p><strong>P: \u00bfC\u00f3mo puedo realizar un seguimiento de mi pedido?<\/strong><br \/>\nR: Despu\u00e9s del env\u00edo, recibir\u00e1 un correo electr\u00f3nico de confirmaci\u00f3n con un n\u00famero de seguimiento para realizar un seguimiento en tiempo real.<\/p>\n<p><strong>P: \u00bfCu\u00e1l es su pol\u00edtica de devoluci\u00f3n?<\/strong><br \/>\nR: Ofrecemos una pol\u00edtica de devoluci\u00f3n de 30 d\u00edas para reembolsos o cambios. .<\/p>\n<p><strong>P: \u00bfHabr\u00e1 alg\u00fan problema aduanero?<br \/>\n<\/strong>Nos encargamos de todos los procedimientos de despacho de aduanas para garantizarle una experiencia sin complicaciones. .<\/p>\n<p><strong>P: \u00bfQu\u00e9 m\u00e9todos de env\u00edo se utilizan?<\/strong><br \/>\nCooperamos con UPS\/DHL\/FEDEX\/DPD, etc. Elegiremos la opci\u00f3n de env\u00edo adecuada seg\u00fan el pa\u00eds de entrega para asegurarnos de que reciba sus productos lo m\u00e1s r\u00e1pido posible.<\/p>\n<p><a href=\"https:\/\/pgvape.com\/es\/preguntas-frecuentes\/\">Haga clic aqu\u00ed para m\u00e1s preguntas frecuentes<\/a><\/p>\n<p>Estimados clientes: Si tienen alguna pregunta sobre su pedido o la llegada de la mercanc\u00eda, comun\u00edquese con nuestro servicio de atenci\u00f3n al cliente. \u00a1Gracias!<\/p>\n<h3 data-sourcepos=\"73:1-73:21\"><strong data-sourcepos=\"73:7-73:21\">Cont\u00e1ctenos<\/strong><\/h3>\n<div id=\"text-2419739398\" class=\"text\">\n<p><strong data-sourcepos=\"75:3-75:12\">Correo electr\u00f3nico<\/strong>:\u00a0<a href=\"mailto:support@pgvape.com\"><strong>support@pgvape.com<\/strong><\/a><\/p>\n<p><strong data-sourcepos=\"76:3-76:15\">WhatsApp<\/strong>:\u00a0<a href=\"https:\/\/wa.me\/+8618128481258\"><strong>+86 18128481258<\/strong><\/a><br \/>\n<strong>(Respuesta dentro de las 24 horas en d\u00edas h\u00e1biles)<\/strong><\/p>\n<\/div>\n<h3><strong>\u00a1Gracias por elegir pgvape.com! .<\/strong><\/h3>\n<\/div>","protected":false},"excerpt":{"rendered":"<p><strong data-sourcepos=\"55:1-55:247\">Solaris Tequila Don Leon 1942 30K: un vaporizador desechable de lujo con 30 000 inhalaciones, 24 ml de l\u00edquido electr\u00f3nico y bobina de malla 1.2\u03a9. Presenta un dise\u00f1o de botella de tequila, pantalla de bater\u00eda y 10 sabores refrescantes para un vapeo premium<\/strong><\/p>","protected":false},"featured_media":8835,"comment_status":"open","ping_status":"closed","template":"","meta":{"_seopress_robots_primary_cat":"none","_seopress_titles_title":"","_seopress_titles_desc":"","_seopress_robots_index":""},"product_brand":[516,513],"product_cat":[35,515,512],"product_tag":[566,349,90,59,565],"class_list":{"0":"post-8832","1":"product","2":"type-product","3":"status-publish","4":"has-post-thumbnail","6":"product_brand-disposable-vape","7":"product_brand-solaris-champagne-vape","8":"product_cat-30k-puffs-vape","9":"product_cat-disposable-vape","10":"product_cat-solaris-champagne-vape","11":"product_tag-1942-tequila-bottle-inspired","12":"product_tag-30k-puffs-vape","13":"product_tag-disposable-vape","14":"product_tag-mouth-to-lung-mtl","15":"product_tag-solaris-tequila-don-leon1942","17":"first","18":"instock","19":"sale","20":"shipping-taxable","21":"purchasable","22":"product-type-variable"},"_links":{"self":[{"href":"https:\/\/pgvape.com\/es\/wp-json\/wp\/v2\/product\/8832","targetHints":{"allow":["GET"]}}],"collection":[{"href":"https:\/\/pgvape.com\/es\/wp-json\/wp\/v2\/product"}],"about":[{"href":"https:\/\/pgvape.com\/es\/wp-json\/wp\/v2\/types\/product"}],"replies":[{"embeddable":true,"href":"https:\/\/pgvape.com\/es\/wp-json\/wp\/v2\/comments?post=8832"}],"wp:featuredmedia":[{"embeddable":true,"href":"https:\/\/pgvape.com\/es\/wp-json\/wp\/v2\/media\/8835"}],"wp:attachment":[{"href":"https:\/\/pgvape.com\/es\/wp-json\/wp\/v2\/media?parent=8832"}],"wp:term":[{"taxonomy":"product_brand","embeddable":true,"href":"https:\/\/pgvape.com\/es\/wp-json\/wp\/v2\/product_brand?post=8832"},{"taxonomy":"product_cat","embeddable":true,"href":"https:\/\/pgvape.com\/es\/wp-json\/wp\/v2\/product_cat?post=8832"},{"taxonomy":"product_tag","embeddable":true,"href":"https:\/\/pgvape.com\/es\/wp-json\/wp\/v2\/product_tag?post=8832"}],"curies":[{"name":"wp","href":"https:\/\/api.w.org\/{rel}","templated":true}]}}