{"id":8725,"date":"2026-01-26T12:33:33","date_gmt":"2026-01-26T12:33:33","guid":{"rendered":"https:\/\/pgvape.com\/?post_type=product&#038;p=8725"},"modified":"2026-03-15T13:48:39","modified_gmt":"2026-03-15T13:48:39","slug":"atvs-40000-40k-inhalaciones-vape-desechable-2-5-nicotina-flujo-de-aire-ajustable-14-sabor-pantalla-tactil-inteligente-vape-fabrica-al-por-mayor","status":"publish","type":"product","link":"https:\/\/pgvape.com\/es\/producto\/atvs-40000-40k-inhalaciones-vape-desechable-2-5-nicotina-flujo-de-aire-ajustable-14-sabor-pantalla-tactil-inteligente-vape-fabrica-al-por-mayor\/","title":{"rendered":"ATVS 40000 40K Puffs Vape desechable 2% 5%Nicotina Flujo de aire ajustable 14Taste Pantalla t\u00e1ctil inteligente Vape Factory Wholesale"},"content":{"rendered":"<p><strong data-sourcepos=\"2:5-2:30\">Vaporizador ATVS 40000 bocanadas<\/strong> Ofrece un <strong data-sourcepos=\"2:43-2:76\">Experiencia de vapeo excepcional<\/strong> Con <strong data-sourcepos=\"2:82-2:104\">Hasta 40.000 inhalaciones<\/strong> y un <strong data-sourcepos=\"2:111-2:137\">Capacidad de l\u00edquido electr\u00f3nico de 35 ml<\/strong>, Perfecto para usuarios que quieran <strong data-sourcepos=\"2:166-2:192\">Disfrute duradero<\/strong> Sin Recargas Frecuentes. <strong data-sourcepos=\"2:231-2:261\">Opciones de nicotina 2% y 5%<\/strong>, Atendiendo a ambos <strong data-sourcepos=\"2:280-2:320\">Usuarios con preferencias moderadas y fuertes<\/strong>. <strong data-sourcepos=\"2:326-2:357\">Bater\u00eda recargable de 750 mAh.<\/strong> Proporciona <strong data-sourcepos=\"2:367-2:385\">Energ\u00eda confiable<\/strong>, Mientras <strong data-sourcepos=\"2:393-2:417\">Carga r\u00e1pida tipo C<\/strong> Garantiza recargas r\u00e1pidas. <strong data-sourcepos=\"2:457-2:491\">Bobinas de malla dual (0,4 \u03a9 \/ 0,48 \u03a9)<\/strong>, Produce <strong data-sourcepos=\"2:505-2:530\">Vapor rico y sabroso<\/strong> Y <strong data-sourcepos=\"2:535-2:550\">Golpes suaves<\/strong>. <strong data-sourcepos=\"2:556-2:578\">Flujo de aire ajustable<\/strong> Permite la personalizaci\u00f3n para <strong data-sourcepos=\"2:604-2:626\">Estilos MTL y DTL<\/strong>, y el <strong data-sourcepos=\"2:636-2:658\">Pantalla t\u00e1ctil inteligente<\/strong> Pantallas <strong data-sourcepos=\"2:668-2:709\">Niveles de bater\u00eda y l\u00edquido electr\u00f3nico en tiempo real<\/strong>.<\/p>\n<p>&nbsp;<\/p>\n<h2><span style=\"font-size: 90%;\">Especificaci\u00f3n disponible de Vape de los soplos de ATVS 40000 40K<\/span><\/h2>\n<p><strong data-sourcepos=\"7:3-7:24\">Fuerza de nicotina<\/strong>:\u00a0<strong data-sourcepos=\"7:26-7:37\">2% \/ 5%<\/strong><\/p>\n<p><strong data-sourcepos=\"8:3-8:17\">Conteo de bocanadas<\/strong>:\u00a0<strong data-sourcepos=\"8:19-8:41\">Hasta 40.000 inhalaciones<\/strong><\/p>\n<p><strong data-sourcepos=\"9:3-9:24\">Capacidad de l\u00edquido electr\u00f3nico<\/strong>:\u00a0<strong data-sourcepos=\"9:26-9:34\">35ml<\/strong><\/p>\n<p><strong data-sourcepos=\"10:3-10:23\">Capacidad de la bater\u00eda<\/strong>:\u00a0<strong data-sourcepos=\"10:25-10:48\">750mAh recargable<\/strong><\/p>\n<p><strong data-sourcepos=\"11:3-11:16\">Tipo de bobina<\/strong>:\u00a0<strong data-sourcepos=\"11:18-11:49\">Bobina de malla doble de 0,4 \u03a9 \/ 0,48 \u03a9<\/strong><\/p>\n<p><strong data-sourcepos=\"12:3-12:22\">Control del flujo de aire<\/strong>:\u00a0<strong data-sourcepos=\"12:24-12:38\">Ajustable<\/strong><\/p>\n<p><strong data-sourcepos=\"13:3-13:14\">Mostrar<\/strong>:\u00a0<strong data-sourcepos=\"13:16-13:38\">Pantalla t\u00e1ctil inteligente<\/strong><\/p>\n<p><strong data-sourcepos=\"14:3-14:20\">Puerto de carga<\/strong>:\u00a0<strong data-sourcepos=\"14:22-14:47\">Carga r\u00e1pida tipo C<\/strong><\/p>\n<p><strong data-sourcepos=\"15:3-15:16\">Embalaje<\/strong>:\u00a0<strong data-sourcepos=\"15:18-15:35\">10 unidades\/paquete<\/strong><\/p>\n<p><strong data-sourcepos=\"16:3-16:21\">Opciones de sabor<\/strong>:\u00a0<strong data-sourcepos=\"16:23-16:46\">14 sabores distintos<\/strong><\/p>\n<p>&nbsp;<\/p>\n<h3><span style=\"font-size: 90%;\">Lista de sabores desechables de Vape de ATVS 40000 40K Puffs<\/span><\/h3>\n<p><strong data-sourcepos=\"21:4-21:22\">1.Hielo de fresa<\/strong><\/p>\n<p><strong data-sourcepos=\"22:4-22:18\">2. Hielo de lichi<\/strong><\/p>\n<p><strong data-sourcepos=\"23:4-23:29\">3.Sand\u00eda Fresa<\/strong><\/p>\n<p><strong data-sourcepos=\"24:4-24:16\">4. Hielo de cola<\/strong><\/p>\n<p><strong data-sourcepos=\"25:4-25:16\">5.Hielo de taro<\/strong><\/p>\n<p><strong data-sourcepos=\"26:4-26:22\">6.Hielo de mel\u00f3n<\/strong><\/p>\n<p><strong data-sourcepos=\"27:4-27:17\">7.Hielo de melocot\u00f3n<\/strong><\/p>\n<p><strong data-sourcepos=\"28:4-28:25\">8.Helado de pl\u00e1tano y naranja<\/strong><\/p>\n<p><strong data-sourcepos=\"29:4-29:17\">9. Hielo de manzana<\/strong><\/p>\n<p><strong data-sourcepos=\"30:5-30:19\">10.lim\u00f3n lim\u00f3n<\/strong><\/p>\n<p><strong data-sourcepos=\"31:5-31:23\">11.Hielo de sand\u00eda<\/strong><\/p>\n<p><strong data-sourcepos=\"32:5-32:18\">12.Hielo de uva<\/strong><\/p>\n<p><strong data-sourcepos=\"33:5-33:22\">13.Hielo de ar\u00e1ndanos<\/strong><\/p>\n<p><strong data-sourcepos=\"34:5-34:18\">14.Hielo de guayaba<\/strong><\/p>\n<p>&nbsp;<\/p>\n<h2 class=\"header-vfC6AV auto-hide-last-sibling-br\"><span style=\"font-size: 90%;\">Preguntas frecuentes sobre el vaporizador desechable ATVS 40000 40K Puffs<\/span><\/h2>\n<p>\u2753 <strong class=\"\">\u00bfCu\u00e1ntas inhalaciones por dispositivo?<\/strong><br \/>\n\u2705 Clasificado de f\u00e1brica <strong>40.000 bocanadas<\/strong>\u2014semanas de uso intensivo.<\/p>\n<p>\u2753 <strong>\u00bfEs recargable?<\/strong><br \/>\n\u2705 <strong>750 mAh<\/strong> bater\u00eda + <strong>Tipo C<\/strong> puerto; carga completa en ~30 min.<\/p>\n<p>\u2753 <strong class=\"\">\u00bfQu\u00e9 tecnolog\u00eda de bobina se utiliza?<\/strong><br \/>\n\u2705 <strong>Bobinas de malla dual (0,4 \u03a9 \/ 0,48 \u03a9)<\/strong>\u2014calentamiento m\u00e1s r\u00e1pido, vapor m\u00e1s denso, sabor m\u00e1s rico.<\/p>\n<p>\u2753 <strong class=\"\">\u00bfPuedo ajustar el sorteo?<\/strong><br \/>\n\u2705 <strong>Flujo de aire ajustable<\/strong>\u2014cambiar entre <strong>MTL apretado<\/strong> y <strong class=\"\">DTL aireado<\/strong> instant\u00e1neamente.<\/p>\n<p>\u2753 <strong class=\"\">\u00bfQu\u00e9 potencias de nicotina se ofrecen?<\/strong><br \/>\n\u2705 <strong>2 %<\/strong> moderado o <strong>5 %<\/strong> fuerte: elige tu golpe.<\/p>\n<p>\u2753 <strong class=\"\">\u00bfC\u00f3mo controlo la bater\u00eda o el jugo?<\/strong><br \/>\n\u2705 <strong>Pantalla t\u00e1ctil inteligente<\/strong> muestra <strong>Niveles de bater\u00eda y e-l\u00edquido en tiempo real.<\/strong>.<\/p>\n<p>\u2753 <strong class=\"\">\u00bfEmbalaje listo para la venta al por menor?<\/strong><br \/>\n\u2705 <strong>10 unidades\/paquete<\/strong>\u2014ideal para distribuci\u00f3n en estantes o a granel.<\/p>\n<p>&nbsp;<\/p>\n<h3 id=\"brxe-najhln\" class=\"brxe-heading\">Preguntas frecuentes (FAQ)<\/h3>\n<div id=\"brxe-rajiac\" class=\"brxe-text\">\n<p><strong>P: \u00bfQu\u00e9 m\u00e9todos de pago aceptan?<\/strong><br \/>\nR: Aceptamos PayPal, Stripe, transferencias bancarias (compatibles con SEPA), las principales tarjetas de cr\u00e9dito (Visa, MasterCard, American Express) y pagos con criptomonedas.<\/p>\n<p><strong>P: \u00bfCu\u00e1nto tiempo lleva la preparaci\u00f3n del pedido?<\/strong><br \/>\nR: La preparaci\u00f3n del pedido demora entre 1 y 3 d\u00edas h\u00e1biles.<\/p>\n<p><strong>P: \u00bfCu\u00e1l es el tiempo de env\u00edo?<\/strong><br \/>\nR: El tiempo de env\u00edo es de 7 a 14 d\u00edas h\u00e1biles, seg\u00fan su ubicaci\u00f3n.<\/p>\n<p><strong>P: \u00bfC\u00f3mo puedo realizar un seguimiento de mi pedido?<\/strong><br \/>\nR: Despu\u00e9s del env\u00edo, recibir\u00e1 un correo electr\u00f3nico de confirmaci\u00f3n con un n\u00famero de seguimiento para realizar un seguimiento en tiempo real.<\/p>\n<p><strong>P: \u00bfCu\u00e1l es su pol\u00edtica de devoluci\u00f3n?<\/strong><br \/>\nR: Ofrecemos una pol\u00edtica de devoluci\u00f3n de 30 d\u00edas para reembolsos o cambios. .<\/p>\n<p><strong>P: \u00bfHabr\u00e1 alg\u00fan problema aduanero?<br \/>\n<\/strong>Nos encargamos de todos los procedimientos de despacho de aduanas para garantizarle una experiencia sin complicaciones. .<\/p>\n<p><strong>P: \u00bfQu\u00e9 m\u00e9todos de env\u00edo se utilizan?<\/strong><br \/>\nCooperamos con UPS\/DHL\/FEDEX\/DPD, etc. Elegiremos la opci\u00f3n de env\u00edo adecuada seg\u00fan el pa\u00eds de entrega para asegurarnos de que reciba sus productos lo m\u00e1s r\u00e1pido posible.<\/p>\n<p><a href=\"https:\/\/pgvape.com\/es\/preguntas-frecuentes\/\">Haga clic aqu\u00ed para m\u00e1s preguntas frecuentes<\/a><\/p>\n<p>Estimados clientes: Si tienen alguna pregunta sobre su pedido o la llegada de la mercanc\u00eda, comun\u00edquese con nuestro servicio de atenci\u00f3n al cliente. \u00a1Gracias!<\/p>\n<h3 data-sourcepos=\"73:1-73:21\"><strong data-sourcepos=\"73:7-73:21\">Cont\u00e1ctenos<\/strong><\/h3>\n<div id=\"text-2419739398\" class=\"text\">\n<p><strong data-sourcepos=\"75:3-75:12\">Correo electr\u00f3nico<\/strong>:\u00a0<a href=\"mailto:support@pgvape.com\"><strong>support@pgvape.com<\/strong><\/a><\/p>\n<p><strong data-sourcepos=\"76:3-76:15\">WhatsApp<\/strong>:\u00a0<a href=\"https:\/\/wa.me\/+8618128481258\"><strong>+86 18128481258<\/strong><\/a><br \/>\n<strong>(Respuesta dentro de las 24 horas en d\u00edas h\u00e1biles)<\/strong><\/p>\n<\/div>\n<h3><strong>\u00a1Gracias por elegir pgvape.com! .<\/strong><\/h3>\n<\/div>","protected":false},"excerpt":{"rendered":"<p><strong data-sourcepos=\"60:5-60:30\">Vaporizador ATVS 40000 bocanadas<\/strong> Ofertas <strong data-sourcepos=\"60:38-60:66\">Rendimiento duradero<\/strong> Con <strong data-sourcepos=\"60:72-60:88\">40.000 bocanadas<\/strong>, <strong data-sourcepos=\"60:90-60:107\">E-l\u00edquido de 35 ml<\/strong>, Y <strong data-sourcepos=\"60:113-60:132\">Bobinas de malla dual<\/strong>. <strong data-sourcepos=\"60:144-60:166\">Flujo de aire ajustable<\/strong>, <strong data-sourcepos=\"60:168-60:190\">Pantalla t\u00e1ctil inteligente<\/strong>, Y <strong data-sourcepos=\"60:196-60:215\">Carga tipo C<\/strong>, es perfecto para <strong data-sourcepos=\"60:234-60:268\">Vapeo sabroso y personalizable<\/strong>. <strong data-sourcepos=\"60:283-60:297\">14 sabores<\/strong> Y <strong data-sourcepos=\"60:302-60:330\">Opciones de nicotina 2% \/ 5%<\/strong>.<\/p>","protected":false},"featured_media":8729,"comment_status":"open","ping_status":"closed","template":"","meta":{"_seopress_robots_primary_cat":"","_seopress_titles_title":"","_seopress_titles_desc":"","_seopress_robots_index":""},"product_brand":[261,516],"product_cat":[103,260,515],"product_tag":[413,135,563,90,257,564],"class_list":{"0":"post-8725","1":"product","2":"type-product","3":"status-publish","4":"has-post-thumbnail","6":"product_brand-atvs-vape","7":"product_brand-disposable-vape","8":"product_cat-40k-puffs-vape","9":"product_cat-atvs-vape","10":"product_cat-disposable-vape","11":"product_tag-40k-puffs-vape","12":"product_tag-adjustable-airflow","13":"product_tag-atvs-40000","14":"product_tag-disposable-vape","15":"product_tag-dual-mesh-coil","16":"product_tag-smart-touch-screen","18":"first","19":"instock","20":"sale","21":"shipping-taxable","22":"purchasable","23":"product-type-variable"},"_links":{"self":[{"href":"https:\/\/pgvape.com\/es\/wp-json\/wp\/v2\/product\/8725","targetHints":{"allow":["GET"]}}],"collection":[{"href":"https:\/\/pgvape.com\/es\/wp-json\/wp\/v2\/product"}],"about":[{"href":"https:\/\/pgvape.com\/es\/wp-json\/wp\/v2\/types\/product"}],"replies":[{"embeddable":true,"href":"https:\/\/pgvape.com\/es\/wp-json\/wp\/v2\/comments?post=8725"}],"wp:featuredmedia":[{"embeddable":true,"href":"https:\/\/pgvape.com\/es\/wp-json\/wp\/v2\/media\/8729"}],"wp:attachment":[{"href":"https:\/\/pgvape.com\/es\/wp-json\/wp\/v2\/media?parent=8725"}],"wp:term":[{"taxonomy":"product_brand","embeddable":true,"href":"https:\/\/pgvape.com\/es\/wp-json\/wp\/v2\/product_brand?post=8725"},{"taxonomy":"product_cat","embeddable":true,"href":"https:\/\/pgvape.com\/es\/wp-json\/wp\/v2\/product_cat?post=8725"},{"taxonomy":"product_tag","embeddable":true,"href":"https:\/\/pgvape.com\/es\/wp-json\/wp\/v2\/product_tag?post=8725"}],"curies":[{"name":"wp","href":"https:\/\/api.w.org\/{rel}","templated":true}]}}