{"id":8666,"date":"2026-01-24T09:07:42","date_gmt":"2026-01-24T09:07:42","guid":{"rendered":"https:\/\/pgvape.com\/?post_type=product&#038;p=8666"},"modified":"2026-03-15T13:48:39","modified_gmt":"2026-03-15T13:48:39","slug":"fihp-90k-inhalaciones-90000-3-en-1-sabores-triples-desechables-vape-2-5nicotina-10-gusto-pantalla-inteligente-vape-fabrica-al-por-mayor","status":"publish","type":"product","link":"https:\/\/pgvape.com\/es\/producto\/fihp-90k-inhalaciones-90000-3-en-1-sabores-triples-desechables-vape-2-5nicotina-10-gusto-pantalla-inteligente-vape-fabrica-al-por-mayor\/","title":{"rendered":"FIHP 90K Puffs 90000 3 en 1 Triple Sabores Vape desechable 2% 5%Nicotina 10Taste Pantalla inteligente Vape Factory Wholesale"},"content":{"rendered":"<p><strong data-sourcepos=\"6:5-6:28\">FIHP 3 en 1 90.000 bocanadas<\/strong> es un vaporizador desechable de alta capacidad dise\u00f1ado para brindar variedad y longevidad. <strong data-sourcepos=\"6:130-6:154\">Sistema de sabor 3 en 1<\/strong>, lo que permite a los usuarios cambiar entre tres sabores distintos en un solo dispositivo, eliminando la necesidad de llevar varias unidades. <strong data-sourcepos=\"6:292-6:318\">Capacidad de e-l\u00edquido de 42 ml.<\/strong> y un <strong data-sourcepos=\"6:325-6:343\">Bobina de malla de 0,9\u03a9<\/strong>, ofrece un sabor suave y consistente hasta por <strong data-sourcepos=\"6:393-6:409\">90.000 bocanadas<\/strong>. <strong data-sourcepos=\"6:415-6:430\">pantalla LED<\/strong> Proporciona un control claro de la bater\u00eda y los l\u00edquidos, mientras que el <strong data-sourcepos=\"6:487-6:518\">Bater\u00eda recargable de 650 mAh.<\/strong> con <strong data-sourcepos=\"6:524-6:543\">Carga tipo C<\/strong> Garantiza la usabilidad durante todo el d\u00eda. .<\/p>\n<p>&nbsp;<\/p>\n<h2><span style=\"font-size: 90%;\">FIHP 90K Puffs 3 en 1 Especificaci\u00f3n de Vape desechable de sabores triples<\/span><\/h2>\n<p><strong data-sourcepos=\"11:6-11:30\">Dise\u00f1o cristalino<\/strong>\u00a0\u2013 Est\u00e9tica moderna y transparente con niveles de e-l\u00edquido visibles.<\/p>\n<p><strong data-sourcepos=\"12:6-12:30\">Sistema de sabor 3 en 1<\/strong>\u00a0\u2013 Tres c\u00e1psulas de sabor separadas en un solo dispositivo para una variedad instant\u00e1nea.<\/p>\n<p><strong data-sourcepos=\"13:6-13:22\">90.000 bocanadas<\/strong>\u00a0\u2013 Longevidad excepcional para un uso prolongado y confiable.<\/p>\n<p><strong data-sourcepos=\"14:6-14:30\">Bobinas de malla duales de 0,9 \u03a9<\/strong>\u00a0\u2013 \u00c1rea de calentamiento mejorada para un sabor rico y suave y un vapor denso.<\/p>\n<p><strong data-sourcepos=\"15:6-15:37\">Bater\u00eda recargable de 650 mAh.<\/strong>\u00a0\u2013 Energ\u00eda para todo el d\u00eda con rapidez\u00a0<strong data-sourcepos=\"15:65-15:84\">Carga tipo C<\/strong>.<\/p>\n<p><strong data-sourcepos=\"16:7-16:31\">Pantalla de visualizaci\u00f3n inteligente<\/strong>\u00a0\u2013 Monitoreo de nivel de l\u00edquido y bater\u00eda en tiempo real.<\/p>\n<p><strong data-sourcepos=\"17:6-17:31\">Nicotina compatible con la UE<\/strong>\u00a0\u2013 Available in\u00a0<strong data-sourcepos=\"17:47-17:63\">2% (20mg\/mL)<\/strong>\u00a0y\u00a0<strong data-sourcepos=\"17:68-17:84\">5% (50 mg\/mL)<\/strong>\u00a0para una satisfacci\u00f3n controlada.<\/p>\n<p><strong data-sourcepos=\"18:6-18:25\">Listo para venta al por mayor<\/strong>\u00a0\u2013 Ideal para tiendas que buscan productos desechables de alta capacidad y con muchas funciones.<\/p>\n<p>&nbsp;<\/p>\n<h3><span style=\"font-size: 90%;\">FIHP 90K Puffs 3 en 1 Lista de sabores de Vape desechable de sabores triples<\/span><\/h3>\n<p><strong class=\"\">1.Fizzy Cherry, Lady Killer y Gummy Bear<\/strong><\/p>\n<p><strong>2.Ar\u00e1ndano, frambuesa, amor 666 y hielo de melocot\u00f3n<\/strong><\/p>\n<p><strong>3.Frambuesa, sand\u00eda, bayas mixtas y mango y melocot\u00f3n<\/strong><\/p>\n<p><strong class=\"\">4. Limonada Blue Razz, Fresa, Frambuesa y Caramelo Arco\u00edris<\/strong><\/p>\n<p><strong class=\"\">5.Chicle de sand\u00eda, hielo de uva y hielo de drag\u00f3n negro<\/strong><\/p>\n<p><strong>6. Pi\u00f1a, coco, frutas mixtas y melocot\u00f3n con lim\u00f3n<\/strong><\/p>\n<p><strong>7.Doble manzana, fresa, pl\u00e1tano y sand\u00eda frambuesa<\/strong><\/p>\n<p><strong>8.Watermelon Ice &amp; Red Bull &amp; Strawberry Kiwi<\/strong><\/p>\n<p><strong class=\"\">9.Hielo de ar\u00e1ndano y fresa, sand\u00eda y lima lim\u00f3n<\/strong><\/p>\n<p><strong>10. Melocot\u00f3n, baya, triple mel\u00f3n y helado de sand\u00eda<img loading=\"lazy\" decoding=\"async\" class=\"alignnone wp-image-8672 size-full\" src=\"https:\/\/pgvape.com\/wp-content\/uploads\/2026\/01\/FIHP-90000-90K-Puffs-3-in-1-Triple-Flavors-Disposable-Vape-4.png\" alt=\"Coloridos dispositivos de vapeo desechables FIHP exhibidos con etiquetas de sabores y un gr\u00e1fico grande de 9000 PUFF.\" width=\"1595\" height=\"2000\" srcset=\"https:\/\/pgvape.com\/wp-content\/uploads\/2026\/01\/FIHP-90000-90K-Puffs-3-in-1-Triple-Flavors-Disposable-Vape-4.png 1595w, https:\/\/pgvape.com\/wp-content\/uploads\/2026\/01\/FIHP-90000-90K-Puffs-3-in-1-Triple-Flavors-Disposable-Vape-4-287x360.png 287w, https:\/\/pgvape.com\/wp-content\/uploads\/2026\/01\/FIHP-90000-90K-Puffs-3-in-1-Triple-Flavors-Disposable-Vape-4-595x746.png 595w, https:\/\/pgvape.com\/wp-content\/uploads\/2026\/01\/FIHP-90000-90K-Puffs-3-in-1-Triple-Flavors-Disposable-Vape-4-319x400.png 319w, https:\/\/pgvape.com\/wp-content\/uploads\/2026\/01\/FIHP-90000-90K-Puffs-3-in-1-Triple-Flavors-Disposable-Vape-4-768x963.png 768w, https:\/\/pgvape.com\/wp-content\/uploads\/2026\/01\/FIHP-90000-90K-Puffs-3-in-1-Triple-Flavors-Disposable-Vape-4-1225x1536.png 1225w, https:\/\/pgvape.com\/wp-content\/uploads\/2026\/01\/FIHP-90000-90K-Puffs-3-in-1-Triple-Flavors-Disposable-Vape-4-10x12.png 10w, https:\/\/pgvape.com\/wp-content\/uploads\/2026\/01\/FIHP-90000-90K-Puffs-3-in-1-Triple-Flavors-Disposable-Vape-4-600x752.png 600w\" sizes=\"auto, (max-width: 1595px) 100vw, 1595px\" \/><\/strong><\/p>\n<p>&nbsp;<\/p>\n<h2 class=\"header-vfC6AV auto-hide-last-sibling-br\"><span style=\"font-size: 90%;\">Preguntas frecuentes sobre el vaporizador desechable FIHP 90K Puffs 3 en 1 de sabores triples<\/span><\/h2>\n<p>\u2753 <strong class=\"\">\u00bfCu\u00e1ntas inhalaciones por dispositivo?<\/strong><br \/>\n\u2705 Clasificado de f\u00e1brica <strong>90.000 bocanadas<\/strong>\u2014meses de uso diario.<\/p>\n<p>\u2753 <strong class=\"\">\u00bfC\u00f3mo cambio de sabor?<\/strong><br \/>\n\u2705 <strong>Sistema de c\u00e1mara 3 en 1<\/strong>\u2014haga clic o gire para saltar entre <strong>tres sabores distintos<\/strong>.<\/p>\n<p>\u2753 <strong>\u00bfEs recargable?<\/strong><br \/>\n\u2705 <strong>650mAh<\/strong> bater\u00eda + <strong>Tipo C<\/strong> puerto; <strong>30 minutos<\/strong> carga completa.<\/p>\n<p>\u2753 <strong class=\"\">\u00bfQu\u00e9 potencias de nicotina se ofrecen?<\/strong><br \/>\n\u2705 <strong>2 %<\/strong> suave o <strong class=\"\">5 %<\/strong> fuerte-<strong>Cumple con la UE<\/strong> throat satisfaction.<\/p>\n<p>\u2753 <strong>\u00bfC\u00f3mo controlo la bater\u00eda o el jugo?<\/strong><br \/>\n\u2705 <strong>pantalla inteligente<\/strong> muestra <strong>bater\u00eda en tiempo real %<\/strong> y <strong>niveles de e-l\u00edquido<\/strong>.<\/p>\n<p>\u2753 <strong>\u00bfQu\u00e9 hace que el vapor sea suave?<\/strong><br \/>\n\u2705 <strong>Bobinas de malla dual de 0,9 \u03a9<\/strong>\u2014\u00e1rea de calefacci\u00f3n m\u00e1s grande, <strong>sabor m\u00e1s rico<\/strong>, <strong>nubes m\u00e1s densas<\/strong>.<\/p>\n<p>\u2753 <strong>Is it discreet for work\/caf\u00e9 use?<\/strong><br \/>\n\u2705 <strong>Sorteo MTL fluido<\/strong>, <strong>nube m\u00ednima<\/strong>\u2014perfecto para <strong>ritmo continental<\/strong>.<\/p>\n<p>&nbsp;<\/p>\n<h3 id=\"brxe-najhln\" class=\"brxe-heading\">Preguntas frecuentes (FAQ)<\/h3>\n<div id=\"brxe-rajiac\" class=\"brxe-text\">\n<p><strong>P: \u00bfQu\u00e9 m\u00e9todos de pago aceptan?<\/strong><br \/>\nR: Aceptamos PayPal, Stripe, transferencias bancarias (compatibles con SEPA), las principales tarjetas de cr\u00e9dito (Visa, MasterCard, American Express) y pagos con criptomonedas.<\/p>\n<p><strong>P: \u00bfCu\u00e1nto tiempo lleva la preparaci\u00f3n del pedido?<\/strong><br \/>\nR: La preparaci\u00f3n del pedido demora entre 1 y 3 d\u00edas h\u00e1biles.<\/p>\n<p><strong>P: \u00bfCu\u00e1l es el tiempo de env\u00edo?<\/strong><br \/>\nR: El tiempo de env\u00edo es de 7 a 14 d\u00edas h\u00e1biles, seg\u00fan su ubicaci\u00f3n.<\/p>\n<p><strong>P: \u00bfC\u00f3mo puedo realizar un seguimiento de mi pedido?<\/strong><br \/>\nR: Despu\u00e9s del env\u00edo, recibir\u00e1 un correo electr\u00f3nico de confirmaci\u00f3n con un n\u00famero de seguimiento para realizar un seguimiento en tiempo real.<\/p>\n<p><strong>P: \u00bfCu\u00e1l es su pol\u00edtica de devoluci\u00f3n?<\/strong><br \/>\nR: Ofrecemos una pol\u00edtica de devoluci\u00f3n de 30 d\u00edas para reembolsos o cambios. .<\/p>\n<p><strong>P: \u00bfHabr\u00e1 alg\u00fan problema aduanero?<br \/>\n<\/strong>Nos encargamos de todos los procedimientos de despacho de aduanas para garantizarle una experiencia sin complicaciones. .<\/p>\n<p><strong>P: \u00bfQu\u00e9 m\u00e9todos de env\u00edo se utilizan?<\/strong><br \/>\nCooperamos con UPS\/DHL\/FEDEX\/DPD, etc. Elegiremos la opci\u00f3n de env\u00edo adecuada seg\u00fan el pa\u00eds de entrega para asegurarnos de que reciba sus productos lo m\u00e1s r\u00e1pido posible.<\/p>\n<p><a href=\"https:\/\/pgvape.com\/es\/preguntas-frecuentes\/\">Haga clic aqu\u00ed para m\u00e1s preguntas frecuentes<\/a><\/p>\n<p>Estimados clientes: Si tienen alguna pregunta sobre su pedido o la llegada de la mercanc\u00eda, comun\u00edquese con nuestro servicio de atenci\u00f3n al cliente. \u00a1Gracias!<\/p>\n<h3 data-sourcepos=\"73:1-73:21\"><strong data-sourcepos=\"73:7-73:21\">Cont\u00e1ctenos<\/strong><\/h3>\n<div id=\"text-2419739398\" class=\"text\">\n<p><strong data-sourcepos=\"75:3-75:12\">Correo electr\u00f3nico<\/strong>:\u00a0<a href=\"mailto:support@pgvape.com\"><strong>support@pgvape.com<\/strong><\/a><\/p>\n<p><strong data-sourcepos=\"76:3-76:15\">WhatsApp<\/strong>:\u00a0<a href=\"https:\/\/wa.me\/+8618128481258\"><strong>+86 18128481258<\/strong><\/a><br \/>\n<strong>(Respuesta dentro de las 24 horas en d\u00edas h\u00e1biles)<\/strong><\/p>\n<\/div>\n<h3><strong>\u00a1Gracias por elegir pgvape.com! .<\/strong><\/h3>\n<\/div>","protected":false},"excerpt":{"rendered":"<p><strong>Cristal FIHP 90K<\/strong>\u2014<strong>90k bocanadas<\/strong>, <strong>interruptor de triple sabor<\/strong>, <strong>Malla doble de 0,9 \u03a9<\/strong>, <strong>pantalla inteligente<\/strong>, <strong>Tipo C<\/strong>, <strong>claro<\/strong>.<strong>Tres sabores, un cristal, meses de nubes.<\/strong><\/p>","protected":false},"featured_media":8669,"comment_status":"open","ping_status":"closed","template":"","meta":{"_seopress_robots_primary_cat":"","_seopress_titles_title":"","_seopress_titles_desc":"","_seopress_robots_index":""},"product_brand":[516,275],"product_cat":[558,515,274],"product_tag":[46,560,90,559,280],"class_list":{"0":"post-8666","1":"product","2":"type-product","3":"status-publish","4":"has-post-thumbnail","6":"product_brand-disposable-vape","7":"product_brand-fihp-vape","8":"product_cat-90k-puffs-vape","9":"product_cat-disposable-vape","10":"product_cat-fihp-vape","11":"product_tag-3-in-1","12":"product_tag-90k-puffs-vape","13":"product_tag-disposable-vape","14":"product_tag-fihp-90k","15":"product_tag-triple-flavors","17":"first","18":"instock","19":"sale","20":"shipping-taxable","21":"purchasable","22":"product-type-variable"},"_links":{"self":[{"href":"https:\/\/pgvape.com\/es\/wp-json\/wp\/v2\/product\/8666","targetHints":{"allow":["GET"]}}],"collection":[{"href":"https:\/\/pgvape.com\/es\/wp-json\/wp\/v2\/product"}],"about":[{"href":"https:\/\/pgvape.com\/es\/wp-json\/wp\/v2\/types\/product"}],"replies":[{"embeddable":true,"href":"https:\/\/pgvape.com\/es\/wp-json\/wp\/v2\/comments?post=8666"}],"wp:featuredmedia":[{"embeddable":true,"href":"https:\/\/pgvape.com\/es\/wp-json\/wp\/v2\/media\/8669"}],"wp:attachment":[{"href":"https:\/\/pgvape.com\/es\/wp-json\/wp\/v2\/media?parent=8666"}],"wp:term":[{"taxonomy":"product_brand","embeddable":true,"href":"https:\/\/pgvape.com\/es\/wp-json\/wp\/v2\/product_brand?post=8666"},{"taxonomy":"product_cat","embeddable":true,"href":"https:\/\/pgvape.com\/es\/wp-json\/wp\/v2\/product_cat?post=8666"},{"taxonomy":"product_tag","embeddable":true,"href":"https:\/\/pgvape.com\/es\/wp-json\/wp\/v2\/product_tag?post=8666"}],"curies":[{"name":"wp","href":"https:\/\/api.w.org\/{rel}","templated":true}]}}