{"id":8620,"date":"2026-01-20T09:56:31","date_gmt":"2026-01-20T09:56:31","guid":{"rendered":"https:\/\/pgvape.com\/?post_type=product&#038;p=8620"},"modified":"2026-03-24T03:17:05","modified_gmt":"2026-03-24T03:17:05","slug":"bang-legend-120000-120k-inhalaciones-5-en-1-sabores-desechables-vape-sabores-ajustables-envio-desde-la-ue-envio-gratis-vape-fabrica-al-por-mayor","status":"publish","type":"product","link":"https:\/\/pgvape.com\/es\/producto\/bang-legend-120000-120k-inhalaciones-5-en-1-sabores-desechables-vape-sabores-ajustables-envio-desde-la-ue-envio-gratis-vape-fabrica-al-por-mayor\/","title":{"rendered":"Bang Legend 120000 120K Puffs 5 en 1 Sabores Vape desechable Sabores ajustables Env\u00edo desde la UE Env\u00edo gratuito Vape Factory Wholesale"},"content":{"rendered":"<p><strong data-sourcepos=\"6:5-6:30\">Bang Leyenda 120K 5en1<\/strong> est\u00e1 dise\u00f1ado para brindar la mejor experiencia de vapeo duradera y con m\u00faltiples sabores. <strong data-sourcepos=\"6:132-6:153\">Sistema de c\u00e1psulas 5 en 1<\/strong> Con cinco c\u00e1maras de sabor internas separadas, ofrece hasta <strong data-sourcepos=\"6:217-6:234\">120.000 bocanadas<\/strong> desde un solo dispositivo. <strong data-sourcepos=\"6:295-6:317\">bobina de malla avanzada<\/strong> para un sabor puro y resistente a fugas. <strong data-sourcepos=\"6:366-6:391\">pantalla digital inteligente<\/strong> muestra los niveles de bater\u00eda y e-l\u00edquido en tiempo real, mientras que el <strong data-sourcepos=\"6:450-6:488\">bater\u00eda recargable de alta capacidad<\/strong> y <strong data-sourcepos=\"6:493-6:516\">Carga r\u00e1pida USB-C<\/strong> Garantiza un rendimiento constante durante todo el d\u00eda. <strong data-sourcepos=\"6:583-6:599\">Almac\u00e9n de la UE<\/strong>, garantiza una entrega r\u00e1pida, sin aduanas y una calidad genuina.<\/p>\n<p>\u3001<\/p>\n<h2><span style=\"font-size: 90%;\">Bang Legend 120000 120K inhalaciones 5 en 1 sabores Vape desechable <strong>Presupuesto<\/strong><\/span><\/h2>\n<p><strong data-sourcepos=\"11:6-11:23\">120.000 bocanadas<\/strong>\u00a0\u2013 Ultraduradero, construido para semanas de uso intensivo.<\/p>\n<p><strong data-sourcepos=\"12:6-12:40\">Sistema de c\u00e1psulas de sabores m\u00faltiples 5 en 1<\/strong>\u00a0\u2013 Cinco sabores distintos en un solo dispositivo. .<\/p>\n<p><strong data-sourcepos=\"13:7-13:32\">Pantalla digital inteligente<\/strong>\u00a0\u2013 Monitoreo claro del nivel de bater\u00eda y l\u00edquido.<\/p>\n<p><strong data-sourcepos=\"14:5-14:45\">Bater\u00eda recargable de alta eficiencia<\/strong>\u00a0\u2013 Soporta un rendimiento duradero.<\/p>\n<p><strong data-sourcepos=\"15:6-15:29\">Bobinas de malla avanzadas<\/strong>\u00a0\u2013 Cada c\u00e1psula tiene una bobina de malla dedicada para un sabor rico y suave.<\/p>\n<p><strong data-sourcepos=\"16:6-16:30\">Carga r\u00e1pida tipo C<\/strong>\u00a0\u2013 Recargas r\u00e1pidas, menos tiempo de inactividad.<\/p>\n<p><strong data-sourcepos=\"17:7-17:44\">Resistente a fugas y activado por inhalaci\u00f3n<\/strong>\u00a0\u2013 Sin botones, sin desorden, pura comodidad.<\/p>\n<p><strong data-sourcepos=\"18:6-18:33\">Ships from EU Warehouse<\/strong>\u00a0\u2013 Entrega local r\u00e1pida, sin gastos de aduana.<\/p>\n<p>&nbsp;<\/p>\n<h3><strong><span style=\"font-size: 90%;\">Bang Legend 120000 120K Puffs 5 en 1 sabores Lista de sabores de Vape desechable:<\/span><\/strong><\/h3>\n<p><strong>1.Bebida energ\u00e9tica y ar\u00e1ndanos, cereza y manzana, uva y sand\u00eda, pitaya y mamba<\/strong><\/p>\n<p><strong>2.Bebida energ\u00e9tica y hielo de melocot\u00f3n y hielo de mango y ar\u00e1ndano, uva y grosella negra<\/strong><\/p>\n<p><strong>3.Ar\u00e1ndano, Frambuesa y Melocot\u00f3n, Mango, Sand\u00eda y Cereza, Cola y Uva, Mora, Hielo y Mango, Melocot\u00f3n, Albaricoque<\/strong><\/p>\n<p><strong>4.Ar\u00e1ndano, frambuesa y drag\u00f3n negro Hielo y caramelo arco\u00edris y hielo Fuji y sand\u00eda Melocot\u00f3n agrio<\/strong><\/p>\n<p><strong>5. Hielo de ar\u00e1ndano y kiwi Maracuy\u00e1, guayaba, mel\u00f3n triple, melocot\u00f3n, pi\u00f1a y beso apasionado<\/strong><\/p>\n<p><strong>6. Hielo de ar\u00e1ndano y sand\u00eda, chicle y manzana agria, frambuesa y fruta de loto, mango, mel\u00f3n y maracuy\u00e1, kiwi, lima<\/strong><\/p>\n<p><strong>7.Hielo de sand\u00eda y bayas mixtas y manzana, pera y ar\u00e1ndano, menta y horario de verano<\/strong><\/p>\n<p><strong>8.Helado de sand\u00eda y helado de fresa, mango y cereza de California y ar\u00e1ndanos, helado de melocot\u00f3n y helado de frutos rojos<\/strong><\/p>\n<p><strong>9.Fresa, sand\u00eda, hielo de uva, mojito rojo, hielo de pl\u00e1tano y lima lim\u00f3n<\/strong><\/p>\n<p><strong>10.Fresa, Sand\u00eda y Mel\u00f3n Manzana y Cola Hielo y Mango Melocot\u00f3n y Amor 66<\/strong><\/p>\n<p><strong>11.Fresa, Kiwi, Fresa, Pl\u00e1tano y Lichi, Hielo, Sand\u00eda, Bayas y Maracuy\u00e1, Mango<\/strong><\/p>\n<p><strong>12.Fresa, kiwi y ar\u00e1ndano, sand\u00eda, osito de goma, chicle de ar\u00e1ndano y pi\u00f1a con mango agrio<img loading=\"lazy\" decoding=\"async\" class=\"alignnone wp-image-8637 size-full\" src=\"https:\/\/pgvape.com\/wp-content\/uploads\/2026\/01\/Bang-Legend-120K-5in1-EU-120000-Puffs-5-in-1-Smart-Disposable-Vape-Shipment-from-EU-Free-Shipping-Vape-Factory-Wholesale-3.png\" alt=\"Dos filas de botellas de bebidas energ\u00e9ticas 5 en 1 Bang Legend en colores brillantes, cada una con una etiqueta de sabor multicolor.\" width=\"1852\" height=\"1397\" srcset=\"https:\/\/pgvape.com\/wp-content\/uploads\/2026\/01\/Bang-Legend-120K-5in1-EU-120000-Puffs-5-in-1-Smart-Disposable-Vape-Shipment-from-EU-Free-Shipping-Vape-Factory-Wholesale-3.png 1852w, https:\/\/pgvape.com\/wp-content\/uploads\/2026\/01\/Bang-Legend-120K-5in1-EU-120000-Puffs-5-in-1-Smart-Disposable-Vape-Shipment-from-EU-Free-Shipping-Vape-Factory-Wholesale-3-477x360.png 477w, https:\/\/pgvape.com\/wp-content\/uploads\/2026\/01\/Bang-Legend-120K-5in1-EU-120000-Puffs-5-in-1-Smart-Disposable-Vape-Shipment-from-EU-Free-Shipping-Vape-Factory-Wholesale-3-595x449.png 595w, https:\/\/pgvape.com\/wp-content\/uploads\/2026\/01\/Bang-Legend-120K-5in1-EU-120000-Puffs-5-in-1-Smart-Disposable-Vape-Shipment-from-EU-Free-Shipping-Vape-Factory-Wholesale-3-400x302.png 400w, https:\/\/pgvape.com\/wp-content\/uploads\/2026\/01\/Bang-Legend-120K-5in1-EU-120000-Puffs-5-in-1-Smart-Disposable-Vape-Shipment-from-EU-Free-Shipping-Vape-Factory-Wholesale-3-768x579.png 768w, https:\/\/pgvape.com\/wp-content\/uploads\/2026\/01\/Bang-Legend-120K-5in1-EU-120000-Puffs-5-in-1-Smart-Disposable-Vape-Shipment-from-EU-Free-Shipping-Vape-Factory-Wholesale-3-1536x1159.png 1536w, https:\/\/pgvape.com\/wp-content\/uploads\/2026\/01\/Bang-Legend-120K-5in1-EU-120000-Puffs-5-in-1-Smart-Disposable-Vape-Shipment-from-EU-Free-Shipping-Vape-Factory-Wholesale-3-16x12.png 16w, https:\/\/pgvape.com\/wp-content\/uploads\/2026\/01\/Bang-Legend-120K-5in1-EU-120000-Puffs-5-in-1-Smart-Disposable-Vape-Shipment-from-EU-Free-Shipping-Vape-Factory-Wholesale-3-600x453.png 600w\" sizes=\"auto, (max-width: 1852px) 100vw, 1852px\" \/><\/strong><\/p>\n<p>&nbsp;<\/p>\n<h3 class=\"auto-hide-last-sibling-br paragraph-pP9ZLC paragraph-element br-paragraph-space\">\u00bfPor qu\u00e9 elegir el almac\u00e9n europeo de PGVape?<\/h3>\n<p>Env\u00edo r\u00e1pido: entrega a la mayor\u00eda de los pa\u00edses de la UE en un plazo de 3 a 7 d\u00edas h\u00e1biles.<\/p>\n<p>Entrega libre de impuestos: el stock local de la UE garantiza un env\u00edo fluido y libre de impuestos.<\/p>\n<p>100% Garant\u00eda aut\u00e9ntica: Genuino <strong data-sourcepos=\"6:5-6:30\">leyenda de la explosi\u00f3n<\/strong> Cigarrillos electr\u00f3nicos de proveedores certificados.<\/p>\n<p>Inventario fresco: almacenado en condiciones controladas para garantizar una calidad \u00f3ptima.<\/p>\n<p>Con la confianza de los europeos: miles de clientes disfrutan de los servicios de cigarrillos electr\u00f3nicos r\u00e1pidos y seguros de PGVape.<\/p>\n<p>&nbsp;<\/p>\n<h2><span style=\"font-size: 90%;\">Preguntas frecuentes sobre Bang Legend 120000 120K Puffs 5 en 1 sabores Vape desechable<\/span><\/h2>\n<p>\u2753 <strong>\u00bfSe env\u00eda desde la UE?<\/strong><br \/>\n\u2705 <strong class=\"\">S\u00ed<\/strong> \u2013 Solo almac\u00e9n de la UE; <strong>Entrega de 2 a 8 d\u00edas<\/strong>, <strong>sin aduanas<\/strong>, <strong>sin impuestos de importaci\u00f3n<\/strong>.<\/p>\n<p>\u2753 <strong>\u00bfCu\u00e1ntas bocanadas?<\/strong><br \/>\n\u2705 <strong>Hasta 120.000 caladas<\/strong> \u2013 La vida \u00fatil var\u00eda seg\u00fan el uso personal.<\/p>\n<p>\u2753 <strong>\u00bfQu\u00e9 es el sistema 5 en 1?<\/strong><br \/>\n\u2705 <strong>Cinco c\u00e1psulas de sabor precargadas<\/strong> en un dispositivo; <strong>girar la boquilla<\/strong> para cambiar instant\u00e1neamente \u2013 <strong>sin recarga<\/strong>.<\/p>\n<p>\u2753 <strong>\u00bfEs recargable?<\/strong><br \/>\n\u2705 <strong>S\u00ed<\/strong> \u2013 <strong>Tipo C<\/strong> soportes portuarios <strong>carga rapida<\/strong> hasta que todas las vainas est\u00e9n vac\u00edas.<\/p>\n<p>\u2753 <strong>\u00bfPuedo recargarlo?<\/strong><br \/>\n\u2705 <strong class=\"\">No<\/strong> \u2013 <strong>desechable sellado<\/strong>; des\u00e9chelo de manera responsable cuando el sabor se debilite.<\/p>\n<p>\u2753 <strong>\u00bfC\u00f3mo s\u00e9 que est\u00e1 vac\u00edo?<\/strong><br \/>\n\u2705 <strong>El sabor se desvanece<\/strong> o <strong>gotas de vapor<\/strong>; <strong>pantalla inteligente<\/strong> tambi\u00e9n muestra <strong>e-l\u00edquido restante<\/strong>.<\/p>\n<p>\u2753 <strong>\u00bfEs aut\u00e9ntico?<\/strong><br \/>\n\u2705 <strong>100 % producto oficial de Bang<\/strong> \u2013 Control de calidad en almac\u00e9n de la UE y trazabilidad total.<\/p>\n<p>\u2753 <strong>\u00bfQu\u00e9 pasa si mi dispositivo est\u00e1 defectuoso?<\/strong><br \/>\n\u2705 Contacta con soporte con <strong>n\u00famero de pedido + v\u00eddeo corto<\/strong> \u2013 <strong>Garant\u00eda a nivel de la UE<\/strong> aplica.<\/p>\n<p>&nbsp;<\/p>\n<h3 id=\"brxe-najhln\" class=\"brxe-heading\">Preguntas frecuentes (FAQ)<\/h3>\n<div id=\"brxe-rajiac\" class=\"brxe-text\">\n<p><strong>P: \u00bfQu\u00e9 m\u00e9todos de pago aceptan?<\/strong><br \/>\nR: Aceptamos PayPal, Stripe, transferencias bancarias (compatibles con SEPA), las principales tarjetas de cr\u00e9dito (Visa, MasterCard, American Express) y pagos con criptomonedas.<\/p>\n<p><strong>P: \u00bfCu\u00e1nto tiempo lleva la preparaci\u00f3n del pedido?<\/strong><br \/>\nR: La preparaci\u00f3n del pedido demora entre 1 y 3 d\u00edas h\u00e1biles.<\/p>\n<p><strong>P: \u00bfCu\u00e1l es el tiempo de env\u00edo?<\/strong><br \/>\nR: El tiempo de env\u00edo es de 7 a 14 d\u00edas h\u00e1biles, dependiendo de su ubicaci\u00f3n. Los productos enviados desde almacenes europeos generalmente demoran de 3 a 6 d\u00edas h\u00e1biles en entregarse.<\/p>\n<p><strong>P: \u00bfC\u00f3mo puedo realizar un seguimiento de mi pedido?<\/strong><br \/>\nR: Despu\u00e9s del env\u00edo, recibir\u00e1 un correo electr\u00f3nico de confirmaci\u00f3n con un n\u00famero de seguimiento para realizar un seguimiento en tiempo real.<\/p>\n<p><strong>P: \u00bfCu\u00e1l es su pol\u00edtica de devoluci\u00f3n?<\/strong><br \/>\nR: Ofrecemos una pol\u00edtica de devoluci\u00f3n de 30 d\u00edas para reembolsos o cambios. .<\/p>\n<p><strong>P: \u00bfHabr\u00e1 alg\u00fan problema aduanero?<br \/>\n<\/strong>Nos encargamos de todos los procedimientos de despacho de aduanas para garantizarle una experiencia sin complicaciones. .<\/p>\n<p><strong>P: \u00bfQu\u00e9 m\u00e9todos de env\u00edo se utilizan?<\/strong><br \/>\nCooperamos con UPS\/DHL\/FEDEX\/DPD, etc. Elegiremos la opci\u00f3n de env\u00edo adecuada seg\u00fan el pa\u00eds de entrega para asegurarnos de que reciba sus productos lo m\u00e1s r\u00e1pido posible.<\/p>\n<p><a href=\"https:\/\/pgvape.com\/es\/preguntas-frecuentes\/\">Haga clic aqu\u00ed para m\u00e1s preguntas frecuentes<\/a><\/p>\n<p>Estimados clientes: Si tienen alguna pregunta sobre su pedido o la llegada de la mercanc\u00eda, comun\u00edquese con nuestro servicio de atenci\u00f3n al cliente. \u00a1Gracias!<\/p>\n<h3 data-sourcepos=\"73:1-73:21\"><strong data-sourcepos=\"73:7-73:21\">Cont\u00e1ctenos<\/strong><\/h3>\n<div id=\"text-2419739398\" class=\"text\">\n<p><strong data-sourcepos=\"75:3-75:12\">Correo electr\u00f3nico<\/strong>:\u00a0<a href=\"mailto:support@pgvape.com\"><strong>support@pgvape.com<\/strong><\/a><\/p>\n<p><strong data-sourcepos=\"76:3-76:15\">WhatsApp<\/strong>:\u00a0<a href=\"https:\/\/wa.me\/+8618128481258\"><strong>+86 18128481258<\/strong><\/a><br \/>\n<strong>(Respuesta dentro de las 24 horas en d\u00edas h\u00e1biles)<\/strong><\/p>\n<\/div>\n<h3><strong>\u00a1Gracias por elegir pgvape.com! .<\/strong><\/h3>\n<\/div>","protected":false},"excerpt":{"rendered":"<p><strong>BANG LEGEND 120K 5 en 1 UE<\/strong> \u2013 <strong>120k bocanadas<\/strong>, <strong>cinco sabores<\/strong>, <strong>pantalla inteligente<\/strong>, <strong>Tipo C<\/strong>, <strong>Entrega UE 2-8 d\u00edas<\/strong>.<strong>G\u00edrelo una vez, pruebe cinco, vapee durante meses: todo desde Europa.<\/strong><\/p>","protected":false},"featured_media":8635,"comment_status":"open","ping_status":"closed","template":"","meta":{"_seopress_robots_primary_cat":"","_seopress_titles_title":"","_seopress_titles_desc":"","_seopress_robots_index":""},"product_brand":[72,516],"product_cat":[69,71,515],"product_tag":[354,556,557,73,90,459,203],"class_list":{"0":"post-8620","1":"product","2":"type-product","3":"status-publish","4":"has-post-thumbnail","6":"product_brand-bang-legend-vape","7":"product_brand-disposable-vape","8":"product_cat-120k-puffs-vape","9":"product_cat-bang-legend-vape","10":"product_cat-disposable-vape","11":"product_tag-120k-puffs-vape","12":"product_tag-5-in-1-flavors","13":"product_tag-adjustable-flavors","14":"product_tag-bang-legend","15":"product_tag-disposable-vape","16":"product_tag-free-shipping","17":"product_tag-shipment-from-eu","18":"product_shipping_class-overseas-warehouse","20":"first","21":"instock","22":"sale","23":"shipping-taxable","24":"purchasable","25":"product-type-variable"},"_links":{"self":[{"href":"https:\/\/pgvape.com\/es\/wp-json\/wp\/v2\/product\/8620","targetHints":{"allow":["GET"]}}],"collection":[{"href":"https:\/\/pgvape.com\/es\/wp-json\/wp\/v2\/product"}],"about":[{"href":"https:\/\/pgvape.com\/es\/wp-json\/wp\/v2\/types\/product"}],"replies":[{"embeddable":true,"href":"https:\/\/pgvape.com\/es\/wp-json\/wp\/v2\/comments?post=8620"}],"wp:featuredmedia":[{"embeddable":true,"href":"https:\/\/pgvape.com\/es\/wp-json\/wp\/v2\/media\/8635"}],"wp:attachment":[{"href":"https:\/\/pgvape.com\/es\/wp-json\/wp\/v2\/media?parent=8620"}],"wp:term":[{"taxonomy":"product_brand","embeddable":true,"href":"https:\/\/pgvape.com\/es\/wp-json\/wp\/v2\/product_brand?post=8620"},{"taxonomy":"product_cat","embeddable":true,"href":"https:\/\/pgvape.com\/es\/wp-json\/wp\/v2\/product_cat?post=8620"},{"taxonomy":"product_tag","embeddable":true,"href":"https:\/\/pgvape.com\/es\/wp-json\/wp\/v2\/product_tag?post=8620"}],"curies":[{"name":"wp","href":"https:\/\/api.w.org\/{rel}","templated":true}]}}