{"id":8560,"date":"2026-01-17T08:13:11","date_gmt":"2026-01-17T08:13:11","guid":{"rendered":"https:\/\/pgvape.com\/?post_type=product&#038;p=8560"},"modified":"2026-03-15T13:41:59","modified_gmt":"2026-03-15T13:41:59","slug":"uor-tornado-30000-30k-inhalaciones-desechables-vape-2-nicotina-10-sabor-pantalla-led-envio-desde-la-fabrica-de-vape-de-la-ue-al-por-mayor","status":"publish","type":"product","link":"https:\/\/pgvape.com\/es\/producto\/uor-tornado-30000-30k-inhalaciones-desechables-vape-2-nicotina-10-sabor-pantalla-led-envio-desde-la-fabrica-de-vape-de-la-ue-al-por-mayor\/","title":{"rendered":"UOR Tornado 30000 30K Puffs Vape desechable 2% Nicotina 10Taste Pantalla LED Env\u00edo desde la f\u00e1brica de Vape de la UE al por mayor"},"content":{"rendered":"<p><strong data-sourcepos=\"6:5-6:26\">UOR Tornado 30000<\/strong> est\u00e1 dise\u00f1ado para un rendimiento duradero y una consistencia de sabor. <strong data-sourcepos=\"6:102-6:128\">Capacidad de e-l\u00edquido de 28 ml.<\/strong> y impulsado por un <strong data-sourcepos=\"6:146-6:164\">Bobina de malla de 1.0\u03a9<\/strong>, ofrece vapor rico y suave y hasta <strong data-sourcepos=\"6:207-6:223\">30.000 bocanadas<\/strong> desde un solo dispositivo. <strong data-sourcepos=\"6:262-6:293\">Bater\u00eda recargable de 650 mAh.<\/strong>, <strong data-sourcepos=\"6:295-6:318\">Carga r\u00e1pida USB-C<\/strong>, y una ayuda <strong data-sourcepos=\"6:334-6:349\">pantalla LED<\/strong> para el monitoreo de la bater\u00eda, est\u00e1 dise\u00f1ado para un uso diario intensivo. <strong data-sourcepos=\"6:417-6:451\">directamente desde el almac\u00e9n de la UE<\/strong> Para una entrega r\u00e1pida y sin aduanas, llega fresco y aut\u00e9ntico, listo para satisfacer a los vapeadores de toda Europa.<\/p>\n<p>&nbsp;<\/p>\n<h2><span style=\"font-size: 90%;\">Especificaci\u00f3n disponible de Vape de los soplos del tornado 30000 30K de UOR<\/span><\/h2>\n<p><strong data-sourcepos=\"11:5-11:21\">30.000 bocanadas<\/strong>\u00a0\u2013 Duradero y confiable para el vapeo diario.<\/p>\n<p><strong data-sourcepos=\"12:5-12:31\">Capacidad de l\u00edquido electr\u00f3nico de 28 ml<\/strong>\u00a0\u2013 Gran dep\u00f3sito interno para sesiones prolongadas.<\/p>\n<p><strong data-sourcepos=\"13:5-13:23\">Bobina de malla de 1,0 \u03a9<\/strong>\u00a0\u2013 Suave producci\u00f3n de vapor y rica claridad de sabor.<\/p>\n<p><strong data-sourcepos=\"14:5-14:36\">Bater\u00eda recargable de 650 mAh.<\/strong>\u00a0\u2013 Salida estable con resistencia durante todo el d\u00eda.<\/p>\n<p><strong data-sourcepos=\"15:5-15:29\">Carga r\u00e1pida tipo C<\/strong>\u00a0\u2013 Recarga r\u00e1pida y universal.<\/p>\n<p><strong data-sourcepos=\"16:5-16:20\">Pantalla LED<\/strong>\u00a0\u2013 Monitoreo del nivel de bater\u00eda en tiempo real.<\/p>\n<p><strong data-sourcepos=\"17:5-17:27\">Stock de almac\u00e9n de la UE<\/strong>\u00a0\u2013 Entrega r\u00e1pida de 3 a 7 d\u00edas, sin gastos de aduana.<\/p>\n<p><strong data-sourcepos=\"18:5-18:26\">10 opciones de sabor<\/strong>\u00a0\u2013 Populares perfiles afrutados y helados.<\/p>\n<p><strong data-sourcepos=\"19:5-19:27\">10 dispositivos por caja<\/strong>\u00a0\u2013 Listo para venta al por menor y al por mayor.<\/p>\n<p>&nbsp;<\/p>\n<h3><span style=\"font-size: 90%;\">Lista de sabores desechables de Vape de UOR Tornado 30000 30K Puffs<\/span><\/h3>\n<p><strong data-sourcepos=\"41:4-41:21\">1.Hielo de ar\u00e1ndanos<\/strong><\/p>\n<p><strong data-sourcepos=\"42:4-42:20\">2.Bebida energ\u00e9tica<\/strong><\/p>\n<p><strong data-sourcepos=\"43:4-43:17\">3.Hielo de uva<\/strong><\/p>\n<p><strong data-sourcepos=\"44:4-44:32\">4.Guayaba y maracuy\u00e1 con kiwi<\/strong><\/p>\n<p><strong data-sourcepos=\"45:4-45:15\">5.Se\u00f1or Azul<\/strong><\/p>\n<p><strong data-sourcepos=\"46:4-46:17\">6.Hielo de melocot\u00f3n<\/strong><\/p>\n<p><strong data-sourcepos=\"47:4-47:29\">7.Sand\u00eda Fresa<\/strong><\/p>\n<p><strong data-sourcepos=\"48:4-48:23\">8.kiwi fresa<\/strong><\/p>\n<p><strong data-sourcepos=\"49:4-49:35\">9.Fresa Frambuesa Cereza<\/strong><\/p>\n<p><strong data-sourcepos=\"50:5-50:23\">10.Hielo de sand\u00eda<img loading=\"lazy\" decoding=\"async\" class=\"alignnone wp-image-8575 size-full\" src=\"https:\/\/pgvape.com\/wp-content\/uploads\/2026\/01\/UOR-Tornado-30000-30K-Puffs-Disposable-Vape-2-Nicotine-10Taste-LED-Display-Vape-Factory-Wholesale-Shipment-from-EU-pgvape-13.png\" alt=\"UOR Tornado 30K inhala vapores desechables con ilustraciones de monos en sabores como Blueberry Ice, Energy Drink, Grape Ice, Peach Ice y Strawberry Kiwi.\" width=\"1500\" height=\"1500\" srcset=\"https:\/\/pgvape.com\/wp-content\/uploads\/2026\/01\/UOR-Tornado-30000-30K-Puffs-Disposable-Vape-2-Nicotine-10Taste-LED-Display-Vape-Factory-Wholesale-Shipment-from-EU-pgvape-13.png 1500w, https:\/\/pgvape.com\/wp-content\/uploads\/2026\/01\/UOR-Tornado-30000-30K-Puffs-Disposable-Vape-2-Nicotine-10Taste-LED-Display-Vape-Factory-Wholesale-Shipment-from-EU-pgvape-13-360x360.png 360w, https:\/\/pgvape.com\/wp-content\/uploads\/2026\/01\/UOR-Tornado-30000-30K-Puffs-Disposable-Vape-2-Nicotine-10Taste-LED-Display-Vape-Factory-Wholesale-Shipment-from-EU-pgvape-13-595x595.png 595w, https:\/\/pgvape.com\/wp-content\/uploads\/2026\/01\/UOR-Tornado-30000-30K-Puffs-Disposable-Vape-2-Nicotine-10Taste-LED-Display-Vape-Factory-Wholesale-Shipment-from-EU-pgvape-13-400x400.png 400w, https:\/\/pgvape.com\/wp-content\/uploads\/2026\/01\/UOR-Tornado-30000-30K-Puffs-Disposable-Vape-2-Nicotine-10Taste-LED-Display-Vape-Factory-Wholesale-Shipment-from-EU-pgvape-13-768x768.png 768w, https:\/\/pgvape.com\/wp-content\/uploads\/2026\/01\/UOR-Tornado-30000-30K-Puffs-Disposable-Vape-2-Nicotine-10Taste-LED-Display-Vape-Factory-Wholesale-Shipment-from-EU-pgvape-13-12x12.png 12w, https:\/\/pgvape.com\/wp-content\/uploads\/2026\/01\/UOR-Tornado-30000-30K-Puffs-Disposable-Vape-2-Nicotine-10Taste-LED-Display-Vape-Factory-Wholesale-Shipment-from-EU-pgvape-13-300x300.png 300w, https:\/\/pgvape.com\/wp-content\/uploads\/2026\/01\/UOR-Tornado-30000-30K-Puffs-Disposable-Vape-2-Nicotine-10Taste-LED-Display-Vape-Factory-Wholesale-Shipment-from-EU-pgvape-13-600x600.png 600w, https:\/\/pgvape.com\/wp-content\/uploads\/2026\/01\/UOR-Tornado-30000-30K-Puffs-Disposable-Vape-2-Nicotine-10Taste-LED-Display-Vape-Factory-Wholesale-Shipment-from-EU-pgvape-13-100x100.png 100w\" sizes=\"auto, (max-width: 1500px) 100vw, 1500px\" \/><\/strong><\/p>\n<p>&nbsp;<\/p>\n<h3 class=\"auto-hide-last-sibling-br paragraph-pP9ZLC paragraph-element br-paragraph-space\">\u00bfPor qu\u00e9 elegir el almac\u00e9n europeo de PGVape?<\/h3>\n<p>Env\u00edo r\u00e1pido: entrega a la mayor\u00eda de los pa\u00edses de la UE en un plazo de 3 a 7 d\u00edas h\u00e1biles.<\/p>\n<p>Entrega libre de impuestos: el stock local de la UE garantiza un env\u00edo fluido y libre de impuestos.<\/p>\n<p>Garant\u00eda aut\u00e9ntica 100%: cigarrillos electr\u00f3nicos UOR genuinos de proveedores certificados.<\/p>\n<p>Inventario fresco: almacenado en condiciones controladas para garantizar una calidad \u00f3ptima.<\/p>\n<p>Con la confianza de los europeos: miles de clientes disfrutan de los servicios de cigarrillos electr\u00f3nicos r\u00e1pidos y seguros de PGVape.<\/p>\n<p>&nbsp;<\/p>\n<h2 class=\"header-vfC6AV auto-hide-last-sibling-br\"><span style=\"font-size: 90%;\">Preguntas frecuentes sobre el vaporizador desechable UOR Tornado 30000 30K Puffs<\/span><\/h2>\n<p>\u2753 <strong class=\"\">\u00bfCu\u00e1ntas inhalaciones por dispositivo?<\/strong><br \/>\n\u2705 Clasificado de f\u00e1brica <strong>30.000 bocanadas<\/strong>\u2014semanas de uso diario.<\/p>\n<p>\u2753 <strong>\u00bfQu\u00e9 tan grande es el tanque?<\/strong><br \/>\n\u2705 <strong>28ml<\/strong>\u2014gran dep\u00f3sito interno para sesiones prolongadas.<\/p>\n<p>\u2753 <strong class=\"\">\u00bfEs recargable?<\/strong><br \/>\n\u2705 <strong class=\"\">650mAh<\/strong> bater\u00eda + <strong class=\"\">Tipo C<\/strong> puerto; carga completa en ~30 min.<\/p>\n<p>\u2753 <strong class=\"\">\u00bfQu\u00e9 potencias de nicotina se ofrecen?<\/strong><br \/>\n\u2705 <strong class=\"\">2 %<\/strong> suave o <strong>5 %<\/strong> fuerte: elija al finalizar la compra.<\/p>\n<p>\u2753 <strong class=\"\">\u00bfQu\u00e9 tan r\u00e1pido es la entrega en la UE?<\/strong><br \/>\n\u2705 <strong class=\"\">Enviado desde un almac\u00e9n en el extranjero de la UE<\/strong>\u2014<strong>3-7 d\u00edas h\u00e1biles<\/strong>, <strong>sin tasas aduaneras<\/strong>.<\/p>\n<p>\u2753 <strong class=\"\">\u00bfEst\u00e1 garantizada la autenticidad?<\/strong><br \/>\n\u2705 <strong class=\"\">100 % genuino<\/strong> Producto UOR, almacenado en condiciones ideales.<\/p>\n<p>\u2753 <strong>\u00bfEmbalaje listo para la venta al por menor?<\/strong><br \/>\n\u2705 <strong>10 unidades\/caja<\/strong>\u2014perfecto para estante o carrito a granel.<\/p>\n<p>&nbsp;<\/p>\n<h3 id=\"brxe-najhln\" class=\"brxe-heading\">Preguntas frecuentes (FAQ)<\/h3>\n<div id=\"brxe-rajiac\" class=\"brxe-text\">\n<p><strong>P: \u00bfQu\u00e9 m\u00e9todos de pago aceptan?<\/strong><br \/>\nR: Aceptamos PayPal, Stripe, transferencias bancarias (compatibles con SEPA), las principales tarjetas de cr\u00e9dito (Visa, MasterCard, American Express) y pagos con criptomonedas.<\/p>\n<p><strong>P: \u00bfCu\u00e1nto tiempo lleva la preparaci\u00f3n del pedido?<\/strong><br \/>\nR: La preparaci\u00f3n del pedido demora entre 1 y 3 d\u00edas h\u00e1biles.<\/p>\n<p><strong>P: \u00bfCu\u00e1l es el tiempo de env\u00edo?<\/strong><br \/>\nR: El tiempo de env\u00edo es de 7 a 14 d\u00edas h\u00e1biles, seg\u00fan su ubicaci\u00f3n.<\/p>\n<p><strong>P: \u00bfC\u00f3mo puedo realizar un seguimiento de mi pedido?<\/strong><br \/>\nR: Despu\u00e9s del env\u00edo, recibir\u00e1 un correo electr\u00f3nico de confirmaci\u00f3n con un n\u00famero de seguimiento para realizar un seguimiento en tiempo real.<\/p>\n<p><strong>P: \u00bfCu\u00e1l es su pol\u00edtica de devoluci\u00f3n?<\/strong><br \/>\nR: Ofrecemos una pol\u00edtica de devoluci\u00f3n de 30 d\u00edas para reembolsos o cambios. .<\/p>\n<p><strong>P: \u00bfHabr\u00e1 alg\u00fan problema aduanero?<br \/>\n<\/strong>Nos encargamos de todos los procedimientos de despacho de aduanas para garantizarle una experiencia sin complicaciones. .<\/p>\n<p><strong>P: \u00bfQu\u00e9 m\u00e9todos de env\u00edo se utilizan?<\/strong><br \/>\nCooperamos con UPS\/DHL\/FEDEX\/DPD, etc. Elegiremos la opci\u00f3n de env\u00edo adecuada seg\u00fan el pa\u00eds de entrega para asegurarnos de que reciba sus productos lo m\u00e1s r\u00e1pido posible.<\/p>\n<p><a href=\"https:\/\/pgvape.com\/es\/preguntas-frecuentes\/\">Haga clic aqu\u00ed para m\u00e1s preguntas frecuentes<\/a><\/p>\n<p>Estimados clientes: Si tienen alguna pregunta sobre su pedido o la llegada de la mercanc\u00eda, comun\u00edquese con nuestro servicio de atenci\u00f3n al cliente. \u00a1Gracias!<\/p>\n<h3 data-sourcepos=\"73:1-73:21\"><strong data-sourcepos=\"73:7-73:21\">Cont\u00e1ctenos<\/strong><\/h3>\n<div id=\"text-2419739398\" class=\"text\">\n<p><strong data-sourcepos=\"75:3-75:12\">Correo electr\u00f3nico<\/strong>:\u00a0<a href=\"mailto:support@pgvape.com\"><strong>support@pgvape.com<\/strong><\/a><\/p>\n<p><strong data-sourcepos=\"76:3-76:15\">WhatsApp<\/strong>:\u00a0<a href=\"https:\/\/wa.me\/+8618128481258\"><strong>+86 18128481258<\/strong><\/a><br \/>\n<strong>(Respuesta dentro de las 24 horas en d\u00edas h\u00e1biles)<\/strong><\/p>\n<\/div>\n<h3><strong>\u00a1Gracias por elegir pgvape.com! .<\/strong><\/h3>\n<\/div>","protected":false},"excerpt":{"rendered":"<p><strong>UOR Tornado 30000<\/strong>\u2014<strong>30K bocanadas<\/strong>, <strong>28ml<\/strong>, <strong>bobina de malla<\/strong>, <strong>pantalla LED<\/strong>, <strong>Entrega UE 3-7 d\u00edas<\/strong>, <strong>sin aduanas<\/strong>.<strong class=\"\">Capacidad a nivel de tormenta, llegada a la velocidad del rayo.<\/strong><\/p>","protected":false},"featured_media":8564,"comment_status":"open","ping_status":"closed","template":"","meta":{"_seopress_robots_primary_cat":"none","_seopress_titles_title":"","_seopress_titles_desc":"","_seopress_robots_index":""},"product_brand":[516,345],"product_cat":[35,515,464],"product_tag":[349,90,459,203,540],"class_list":{"0":"post-8560","1":"product","2":"type-product","3":"status-publish","4":"has-post-thumbnail","6":"product_brand-disposable-vape","7":"product_brand-uor-vape","8":"product_cat-30k-puffs-vape","9":"product_cat-disposable-vape","10":"product_cat-uor-vape-eu","11":"product_tag-30k-puffs-vape","12":"product_tag-disposable-vape","13":"product_tag-free-shipping","14":"product_tag-shipment-from-eu","15":"product_tag-uor-tornado-30000","17":"first","18":"instock","19":"sale","20":"shipping-taxable","21":"purchasable","22":"product-type-variable"},"_links":{"self":[{"href":"https:\/\/pgvape.com\/es\/wp-json\/wp\/v2\/product\/8560","targetHints":{"allow":["GET"]}}],"collection":[{"href":"https:\/\/pgvape.com\/es\/wp-json\/wp\/v2\/product"}],"about":[{"href":"https:\/\/pgvape.com\/es\/wp-json\/wp\/v2\/types\/product"}],"replies":[{"embeddable":true,"href":"https:\/\/pgvape.com\/es\/wp-json\/wp\/v2\/comments?post=8560"}],"wp:featuredmedia":[{"embeddable":true,"href":"https:\/\/pgvape.com\/es\/wp-json\/wp\/v2\/media\/8564"}],"wp:attachment":[{"href":"https:\/\/pgvape.com\/es\/wp-json\/wp\/v2\/media?parent=8560"}],"wp:term":[{"taxonomy":"product_brand","embeddable":true,"href":"https:\/\/pgvape.com\/es\/wp-json\/wp\/v2\/product_brand?post=8560"},{"taxonomy":"product_cat","embeddable":true,"href":"https:\/\/pgvape.com\/es\/wp-json\/wp\/v2\/product_cat?post=8560"},{"taxonomy":"product_tag","embeddable":true,"href":"https:\/\/pgvape.com\/es\/wp-json\/wp\/v2\/product_tag?post=8560"}],"curies":[{"name":"wp","href":"https:\/\/api.w.org\/{rel}","templated":true}]}}