{"id":8503,"date":"2026-01-15T11:01:03","date_gmt":"2026-01-15T11:01:03","guid":{"rendered":"https:\/\/pgvape.com\/?post_type=product&#038;p=8503"},"modified":"2026-03-25T11:34:15","modified_gmt":"2026-03-25T11:34:15","slug":"bang-blaze-140000-140k-inhalaciones-3-en-1-3-sabores-puros-vape-desechable-0-2-3-5-nicotina-12-sabor-vape-fabrica-al-por-mayor","status":"publish","type":"product","link":"https:\/\/pgvape.com\/es\/producto\/bang-blaze-140000-140k-inhalaciones-3-en-1-3-sabores-puros-vape-desechable-0-2-3-5-nicotina-12-sabor-vape-fabrica-al-por-mayor\/","title":{"rendered":"Bang Blaze 140000 140K Puffs 3in1 3 sabores puros Vape desechable 0% 2% 3% 5%Nicotina 12Taste Vape Factory al por mayor"},"content":{"rendered":"<p><strong data-sourcepos=\"6:5-6:24\">explosi\u00f3n de fuego 140k<\/strong> establece un nuevo est\u00e1ndar para el vapeo de m\u00faltiples sabores y alta capacidad. <strong data-sourcepos=\"6:145-6:177\">tres tanques independientes de 15 ml<\/strong> (45 ml en total) con un exclusivo <strong data-sourcepos=\"6:205-6:242\">Mecanismo de cambio de sabor 3 en 1<\/strong>, lo que permite alternar instant\u00e1neamente entre distintos perfiles de sabor. <strong data-sourcepos=\"6:320-6:355\">tres bobinas de malla dedicadas de 1.0\u03a9<\/strong> para evitar la contaminaci\u00f3n cruzada de sabores y respaldado por un <strong data-sourcepos=\"6:410-6:441\">Bater\u00eda recargable de 650 mAh.<\/strong> con <strong data-sourcepos=\"6:447-6:471\">Carga r\u00e1pida tipo C<\/strong>, ofrece un rendimiento consistente y potente a trav\u00e9s de una tecnolog\u00eda sin precedentes. <strong data-sourcepos=\"6:543-6:560\">140.000 bocanadas<\/strong>., est\u00e1 dise\u00f1ado para vapeadores exigentes que se niegan a comprometer la variedad o la longevidad.<\/p>\n<p>&nbsp;<\/p>\n<h2><span style=\"font-size: 90%;\"><span style=\"color: #ed1c24;\"><a style=\"color: #ed1c24;\" href=\"https:\/\/pgvape.com\/es\/categoria-producto\/proximamente-se-lanzaran-mas-modelos-interesantes-esten-atentos-y-avancen-con-bang-blaze\/\"><span style=\"color: #0000ff;\">explosi\u00f3n de fuego<\/span><\/a><\/span> 140000 140K Puffs 3in1 3 sabores puros Especificaciones desechables de Vape<\/span><\/h2>\n<p><strong>bocanadas<\/strong>: Hasta <strong class=\"\">140,000<\/strong><\/p>\n<p><strong>E-l\u00edquido<\/strong>: <strong>45ml<\/strong> (tres <strong class=\"\">15ml<\/strong> tanques independientes)<\/p>\n<p><strong>Nicotina<\/strong>: <strong>0 %, 2 %, 3 %, 5 %<\/strong> opciones de sal<\/p>\n<p><strong>Bater\u00eda<\/strong>: <strong>650mAh<\/strong>, <strong>Tipo C<\/strong> carga rapida<\/p>\n<p><strong>Bobinas<\/strong>: <strong>Malla triple de 1,0 \u03a9<\/strong> (uno por tanque)<\/p>\n<p><strong>Cambiar<\/strong>: <strong class=\"\">Cambio manual 3 en 1<\/strong>\u2014cambio de sabor instant\u00e1neo<\/p>\n<p>&nbsp;<\/p>\n<h3><span style=\"font-size: 90%;\">Bang Blaze 140000 140K Puffs 3in1 3 sabores puros Lista de sabores desechables de Vape:<\/span><\/h3>\n<p>1.Hielo de sand\u00eda, lichi de fresa y ositos de goma<\/p>\n<p>2.Helado de melocot\u00f3n y ar\u00e1ndanos, sand\u00eda y helado de fresa y lim\u00f3n<\/p>\n<p>3.Hielo de uva, mango de fresa y bayas mixtas<\/p>\n<p>4.Hielo de ar\u00e1ndano, LOVE66 y sand\u00eda con mango y melocot\u00f3n<\/p>\n<p>5.Ar\u00e1ndano, frambuesa y kiwi, maracuy\u00e1, guayaba y pi\u00f1a, coco<\/p>\n<p>6.Helado de fresa, sand\u00eda, ar\u00e1ndano, melocot\u00f3n y grosella negra, pi\u00f1a<\/p>\n<p>7.Fresa, kiwi, sand\u00eda, chicle y ar\u00e1ndano, cereza<\/p>\n<p>8.Drag\u00f3n Negro Hielo, Mamba Fresa y Uva Frambuesa<\/p>\n<p>9.Mango Melocot\u00f3n y Ar\u00e1ndano Red Bull y Manzana Uva<\/p>\n<p>10.Triple Mango, Frambuesa, Lim\u00f3n y Ar\u00e1ndano, Uva<\/p>\n<p>11.Lim\u00f3n, lima y aloe, mango, mel\u00f3n y sand\u00eda, fruta del drag\u00f3n<\/p>\n<p>12.Helado de pl\u00e1tano, helado de fresa y bayas de sand\u00eda<img loading=\"lazy\" decoding=\"async\" class=\"alignnone wp-image-8546 size-full\" src=\"https:\/\/pgvape.com\/wp-content\/uploads\/2026\/01\/Bang-Blaze-140000-140K-Puffs-3in1-3-Pure-Flavors-Disposable-Vape-0-2-3-5Nicotine-12Taste-Vape-Factory-Wholesale-pgvape-14.png\" alt=\"Dos filas de seis botellas de e-l\u00edquido Bang Blaze, negras con coloridas ilustraciones de animales y una etiqueta de 140k, cada una con el nombre de su sabor debajo.\" width=\"1500\" height=\"1011\" srcset=\"https:\/\/pgvape.com\/wp-content\/uploads\/2026\/01\/Bang-Blaze-140000-140K-Puffs-3in1-3-Pure-Flavors-Disposable-Vape-0-2-3-5Nicotine-12Taste-Vape-Factory-Wholesale-pgvape-14.png 1500w, https:\/\/pgvape.com\/wp-content\/uploads\/2026\/01\/Bang-Blaze-140000-140K-Puffs-3in1-3-Pure-Flavors-Disposable-Vape-0-2-3-5Nicotine-12Taste-Vape-Factory-Wholesale-pgvape-14-534x360.png 534w, https:\/\/pgvape.com\/wp-content\/uploads\/2026\/01\/Bang-Blaze-140000-140K-Puffs-3in1-3-Pure-Flavors-Disposable-Vape-0-2-3-5Nicotine-12Taste-Vape-Factory-Wholesale-pgvape-14-595x401.png 595w, https:\/\/pgvape.com\/wp-content\/uploads\/2026\/01\/Bang-Blaze-140000-140K-Puffs-3in1-3-Pure-Flavors-Disposable-Vape-0-2-3-5Nicotine-12Taste-Vape-Factory-Wholesale-pgvape-14-400x270.png 400w, https:\/\/pgvape.com\/wp-content\/uploads\/2026\/01\/Bang-Blaze-140000-140K-Puffs-3in1-3-Pure-Flavors-Disposable-Vape-0-2-3-5Nicotine-12Taste-Vape-Factory-Wholesale-pgvape-14-768x518.png 768w, https:\/\/pgvape.com\/wp-content\/uploads\/2026\/01\/Bang-Blaze-140000-140K-Puffs-3in1-3-Pure-Flavors-Disposable-Vape-0-2-3-5Nicotine-12Taste-Vape-Factory-Wholesale-pgvape-14-18x12.png 18w, https:\/\/pgvape.com\/wp-content\/uploads\/2026\/01\/Bang-Blaze-140000-140K-Puffs-3in1-3-Pure-Flavors-Disposable-Vape-0-2-3-5Nicotine-12Taste-Vape-Factory-Wholesale-pgvape-14-600x404.png 600w\" sizes=\"auto, (max-width: 1500px) 100vw, 1500px\" \/><\/p>\n<p>&nbsp;<\/p>\n<h2><span style=\"font-size: 90%;\">Preguntas frecuentes sobre Bang Blaze 140000 140K Puffs 3in1 3 sabores puros Vape desechable<\/span><\/h2>\n<p>\u2753 <strong class=\"\">\u00bfC\u00f3mo funciona la conmutaci\u00f3n 3 en 1?<\/strong><br \/>\n\u2705 <strong class=\"\">Cambio manual<\/strong> intercambios entre <strong>tres tanques separados<\/strong>\u2014Cero sabor fantasma.<\/p>\n<p>\u2753 <strong class=\"\">\u00bfRealmente da 140k caladas?<\/strong><br \/>\n\u2705 <strong>45 ml de l\u00edquido total<\/strong> apoya <strong>140k bocanadas<\/strong>; el recuento real var\u00eda seg\u00fan el estilo de sorteo.<\/p>\n<p>\u2753 <strong class=\"\">\u00bfPor qu\u00e9 bobinas triples?<\/strong><br \/>\n\u2705 <strong class=\"\">Cada tanque posee una bobina de malla de 1,0 \u03a9<\/strong>\u2014sin gustos cruzados, saturaci\u00f3n fresca, carga de trabajo compartida.<\/p>\n<p>\u2753 <strong>\u00bfCu\u00e1nto dura la bater\u00eda?<\/strong><br \/>\n\u2705 <strong>550mAh<\/strong> = uso intensivo durante todo el d\u00eda; <strong>Tipo C<\/strong> La recarga mantiene el voltaje estable hasta la \u00faltima bocanada.<\/p>\n<p>\u2753 <strong class=\"\">\u00bfQu\u00e9 potencias de nicotina se ofrecen?<\/strong><br \/>\n\u2705 <strong>0 %, 2 %, 3 %, 5 %<\/strong>\u2014Elige al finalizar la compra.<\/p>\n<p>\u2753 <strong>\u00bfPuedo rellenarlo o reutilizarlo?<\/strong><br \/>\n\u2705 <strong class=\"\">No<\/strong>\u2014eliminar responsablemente una vez que todo <strong>tres tanques<\/strong> est\u00e1n vac\u00edos.<\/p>\n<p>&nbsp;<\/p>\n<h3 id=\"brxe-najhln\" class=\"brxe-heading\">Preguntas frecuentes (FAQ)<\/h3>\n<div id=\"brxe-rajiac\" class=\"brxe-text\">\n<p><strong>P: \u00bfQu\u00e9 m\u00e9todos de pago aceptan?<\/strong><br \/>\nR: Aceptamos PayPal, Stripe, transferencias bancarias (compatibles con SEPA), las principales tarjetas de cr\u00e9dito (Visa, MasterCard, American Express) y pagos con criptomonedas.<\/p>\n<p><strong>P: \u00bfCu\u00e1nto tiempo lleva la preparaci\u00f3n del pedido?<\/strong><br \/>\nR: La preparaci\u00f3n del pedido demora entre 1 y 3 d\u00edas h\u00e1biles.<\/p>\n<p><strong>P: \u00bfCu\u00e1l es el tiempo de env\u00edo?<\/strong><br \/>\nR: El tiempo de env\u00edo es de 7 a 14 d\u00edas h\u00e1biles, dependiendo de su ubicaci\u00f3n. Los productos enviados desde almacenes europeos generalmente demoran de 3 a 6 d\u00edas h\u00e1biles en entregarse.<\/p>\n<p><strong>P: \u00bfC\u00f3mo puedo realizar un seguimiento de mi pedido?<\/strong><br \/>\nR: Despu\u00e9s del env\u00edo, recibir\u00e1 un correo electr\u00f3nico de confirmaci\u00f3n con un n\u00famero de seguimiento para realizar un seguimiento en tiempo real.<\/p>\n<p><strong>P: \u00bfCu\u00e1l es su pol\u00edtica de devoluci\u00f3n?<\/strong><br \/>\nR: Ofrecemos una pol\u00edtica de devoluci\u00f3n de 30 d\u00edas para reembolsos o cambios. .<\/p>\n<p><strong>P: \u00bfHabr\u00e1 alg\u00fan problema aduanero?<br \/>\n<\/strong>Nos encargamos de todos los procedimientos de despacho de aduanas para garantizarle una experiencia sin complicaciones. .<\/p>\n<p><strong>P: \u00bfQu\u00e9 m\u00e9todos de env\u00edo se utilizan?<\/strong><br \/>\nCooperamos con UPS\/DHL\/FEDEX\/DPD, etc. Elegiremos la opci\u00f3n de env\u00edo adecuada seg\u00fan el pa\u00eds de entrega para asegurarnos de que reciba sus productos lo m\u00e1s r\u00e1pido posible.<\/p>\n<p><a href=\"https:\/\/pgvape.com\/es\/preguntas-frecuentes\/\">Haga clic aqu\u00ed para m\u00e1s preguntas frecuentes<\/a><\/p>\n<p>Estimados clientes: Si tienen alguna pregunta sobre su pedido o la llegada de la mercanc\u00eda, comun\u00edquese con nuestro servicio de atenci\u00f3n al cliente. \u00a1Gracias!<\/p>\n<h3 data-sourcepos=\"73:1-73:21\"><strong data-sourcepos=\"73:7-73:21\">Cont\u00e1ctenos<\/strong><\/h3>\n<div id=\"text-2419739398\" class=\"text\">\n<p><strong data-sourcepos=\"75:3-75:12\">Correo electr\u00f3nico<\/strong>:\u00a0<a href=\"mailto:support@pgvape.com\"><strong>support@pgvape.com<\/strong><\/a><\/p>\n<p><strong data-sourcepos=\"76:3-76:15\">WhatsApp<\/strong>:\u00a0<a href=\"https:\/\/wa.me\/+8618128481258\"><strong>+86 18128481258<\/strong><\/a><br \/>\n<strong>(Respuesta dentro de las 24 horas en d\u00edas h\u00e1biles)<\/strong><\/p>\n<\/div>\n<h3><strong>\u00a1Gracias por elegir pgvape.com! .<\/strong><\/h3>\n<\/div>","protected":false},"excerpt":{"rendered":"<p><strong>BANG BLAZE 140K<\/strong>\u2014<strong>140k bocanadas<\/strong>, <strong>45ml<\/strong>, <strong>malla triple de 1,0 \u03a9<\/strong>, <strong>palanca 3 en 1<\/strong>, \u00a0<strong>0-5 % NIC<\/strong>.<strong>Tres sabores, un fuego, meses de nubes.<\/strong><\/p>","protected":false},"featured_media":8533,"comment_status":"open","ping_status":"closed","template":"","meta":{"_seopress_robots_primary_cat":"none","_seopress_titles_title":"","_seopress_titles_desc":"","_seopress_robots_index":""},"product_brand":[49,516],"product_cat":[529,33,515],"product_tag":[531,555,554,553,90,59],"class_list":{"0":"post-8503","1":"product","2":"type-product","3":"status-publish","4":"has-post-thumbnail","6":"product_brand-bang-blaze-vape","7":"product_brand-disposable-vape","8":"product_cat-140k-puffs-vape","9":"product_cat-bang-blaze-vape","10":"product_cat-disposable-vape","11":"product_tag-140k-puffs-vape","12":"product_tag-3-pure-flavors","13":"product_tag-3in1","14":"product_tag-bang-blaze-140000","15":"product_tag-disposable-vape","16":"product_tag-mouth-to-lung-mtl","18":"first","19":"instock","20":"sale","21":"shipping-taxable","22":"purchasable","23":"product-type-variable"},"_links":{"self":[{"href":"https:\/\/pgvape.com\/es\/wp-json\/wp\/v2\/product\/8503","targetHints":{"allow":["GET"]}}],"collection":[{"href":"https:\/\/pgvape.com\/es\/wp-json\/wp\/v2\/product"}],"about":[{"href":"https:\/\/pgvape.com\/es\/wp-json\/wp\/v2\/types\/product"}],"replies":[{"embeddable":true,"href":"https:\/\/pgvape.com\/es\/wp-json\/wp\/v2\/comments?post=8503"}],"wp:featuredmedia":[{"embeddable":true,"href":"https:\/\/pgvape.com\/es\/wp-json\/wp\/v2\/media\/8533"}],"wp:attachment":[{"href":"https:\/\/pgvape.com\/es\/wp-json\/wp\/v2\/media?parent=8503"}],"wp:term":[{"taxonomy":"product_brand","embeddable":true,"href":"https:\/\/pgvape.com\/es\/wp-json\/wp\/v2\/product_brand?post=8503"},{"taxonomy":"product_cat","embeddable":true,"href":"https:\/\/pgvape.com\/es\/wp-json\/wp\/v2\/product_cat?post=8503"},{"taxonomy":"product_tag","embeddable":true,"href":"https:\/\/pgvape.com\/es\/wp-json\/wp\/v2\/product_tag?post=8503"}],"curies":[{"name":"wp","href":"https:\/\/api.w.org\/{rel}","templated":true}]}}