{"id":8460,"date":"2026-01-14T07:58:10","date_gmt":"2026-01-14T07:58:10","guid":{"rendered":"https:\/\/pgvape.com\/?post_type=product&#038;p=8460"},"modified":"2026-03-15T13:48:39","modified_gmt":"2026-03-15T13:48:39","slug":"bang-blaze-200000-6in1-sabores-200k-inhalaciones-vape-desechable-0-2-3-5nicotina-12-gusto-pantalla-inteligente-vape-fabrica-al-por-mayor","status":"publish","type":"product","link":"https:\/\/pgvape.com\/es\/producto\/bang-blaze-200000-6in1-sabores-200k-inhalaciones-vape-desechable-0-2-3-5nicotina-12-gusto-pantalla-inteligente-vape-fabrica-al-por-mayor\/","title":{"rendered":"Bang Blaze 200000 6in1 Sabores 200k Puffs Vape desechable 0% 2% 3% 5%Nicotina 12Taste Pantalla inteligente Vape F\u00e1brica al por mayor"},"content":{"rendered":"<p><strong data-sourcepos=\"6:5-6:25\">BANG BLAZE 200K<\/strong> es un innovador vaporizador desechable de m\u00faltiples sabores que redefine la capacidad y la variedad. <strong data-sourcepos=\"6:136-6:154\">cuerpo hexagonal<\/strong> alojamiento <strong data-sourcepos=\"6:163-6:200\">seis c\u00e1maras independientes de e-l\u00edquido<\/strong>, permite a los usuarios rotar entre seis sabores distintos al instante sin contaminaci\u00f3n cruzada. <strong data-sourcepos=\"6:321-6:344\">Calificaci\u00f3n de 200.000 bocanadas<\/strong> y un enorme <strong data-sourcepos=\"6:359-6:391\">Capacidad total de e-l\u00edquido de 72 ml.<\/strong>, est\u00e1 dise\u00f1ado para una longevidad extrema. <strong data-sourcepos=\"6:446-6:463\">pantalla inteligente<\/strong>, <strong data-sourcepos=\"6:465-6:496\">Bater\u00eda recargable de 650 mAh.<\/strong>, <strong data-sourcepos=\"6:498-6:522\">Carga r\u00e1pida tipo C<\/strong>, y <strong data-sourcepos=\"6:528-6:551\">seis bobinas de malla de 1.0\u03a9<\/strong>, ofrece una experiencia de vapeo premium, fluida y vers\u00e1til para todos los niveles de usuario.<\/p>\n<p>&nbsp;<\/p>\n<h2><span style=\"font-size: 90%;\">Bang Blaze 200000 6 en 1 Sabores 200k bocanadas <a href=\"https:\/\/pgvape.com\/es\/categoria-producto\/vaporizador-desechable\/\">Vape desechable<\/a> Presupuesto:<\/span><\/h2>\n<p>\ud83d\udd04\u00a0<strong data-sourcepos=\"11:6-11:32\">Rotaci\u00f3n de sabores 6 en 1<\/strong>\u00a0\u2013 Seis c\u00e1maras separadas de 12 ml; giran la boquilla para cambiar de sabor.<\/p>\n<p>\ud83d\udca8\u00a0<strong data-sourcepos=\"12:6-12:29\">Longevidad inigualable<\/strong>\u00a0\u2013 Hasta 200.000 inhalaciones con una capacidad total de e-l\u00edquido de 72 ml.<\/p>\n<p>\ud83d\udda5\ufe0f\u00a0<strong data-sourcepos=\"13:7-13:31\">Pantalla de visualizaci\u00f3n inteligente<\/strong>\u00a0\u2013 Nivel de bater\u00eda en tiempo real y monitoreo individual del tanque de e-l\u00edquido.<\/p>\n<p>\ud83d\udd0b\u00a0<strong data-sourcepos=\"14:6-14:46\">Bater\u00eda de 650 mAh + carga r\u00e1pida USB-C<\/strong>\u00a0\u2013 Recargable para uso prolongado.<\/p>\n<p>\ud83d\udd25\u00a0<strong data-sourcepos=\"15:6-15:29\">Seis bobinas de malla de 1,0 \u03a9<\/strong>\u00a0\u2013 Uno por c\u00e1mara para un vapor consistente y suave y un sabor puro.<\/p>\n<p>\u2699\ufe0f\u00a0<strong data-sourcepos=\"16:6-16:36\">Dise\u00f1o ergon\u00f3mico hexagonal.<\/strong>\u00a0\u2013 Estable, elegante y f\u00e1cil de agarrar.<\/p>\n<p>\ud83d\udce6\u00a0<strong data-sourcepos=\"17:6-17:24\">Embalaje a granel<\/strong>\u00a0\u2013 10 piezas por caja, 100 piezas por caja para mayor eficiencia.<\/p>\n<p>&nbsp;<\/p>\n<h3><span style=\"font-size: 90%;\">Bang Blaze 200000 6in1 Flavors 200k Puffs Lista de sabores de Vape desechable:<\/span><\/h3>\n<p>1. Hielo de melocot\u00f3n \/ Lima lim\u00f3n \/ Sand\u00eda fresa \/ Uva frambuesa \/ Mamba fresa \/ Granada cereza<\/p>\n<p>2.Hielo de sand\u00eda \/ Uva de manzana \/ Frambuesa de ar\u00e1ndano \/ Melocot\u00f3n de mango \/ Naranja de pi\u00f1a \/ Melocot\u00f3n de ar\u00e1ndano<\/p>\n<p>3. Hielo de uva \/ Lim\u00f3n frambuesa \/ Red Bull de ar\u00e1ndanos \/ Coco de pi\u00f1a \/ Lichi de fresa \/ Hielo de drag\u00f3n negro<\/p>\n<p>4. Hielo de ar\u00e1ndano \/ Sand\u00eda de frambuesa \/ Uva de aloe vera \/ Pl\u00e1tano de fresa \/ Love 66 \/ Cereza de ar\u00e1ndano<\/p>\n<p>5. Helado de manzana \/ Bayas variadas \/ Chicle de sand\u00eda \/ Sand\u00eda de ar\u00e1ndanos \/ Mango de fresa \/ Mel\u00f3n de mango y aloe<\/p>\n<p>6. Hielo de pi\u00f1a \/ Kiwi Maracuy\u00e1 Guayaba \/ Caramelos de goma con forma de oso \/ Sand\u00eda Dragon Fruit \/ Melocot\u00f3n Mango Sand\u00eda \/ Ar\u00e1ndano Ar\u00e1ndano Cereza<\/p>\n<p>7.Fresa \/ Grosella Negra Pi\u00f1a Hielo \/ Frutas Tropicales \/ Chicle De Uva \/ Uva Ar\u00e1ndano \/ Maracuy\u00e1 Mango<\/p>\n<p>8.Triple Mango \/ Melocot\u00f3n Uva \/ Helado de Fresa \/ Kiwi Fresa \/ Energ\u00e9tico Uva \/ Cola Roja<\/p>\n<p>9.Hielo de pl\u00e1tano \/ Manzana de aloe vera \/ Uva de maracuy\u00e1 \/ Coco de fresa \/ Chicle de sand\u00eda y fresa \/ Hielo de lima y sand\u00eda<\/p>\n<p>10.Helado de cereza \/ Lim\u00f3n rosado \/ Menta de ar\u00e1ndano \/ Helado de pl\u00e1tano \/ Helado de maracuy\u00e1, pi\u00f1a y melocot\u00f3n \/ Manzana verde y kiwi<\/p>\n<p>11.Arco iris CY \/ Hielo de melocot\u00f3n y pera \/ Capuchino \/ Mojito de menta fresca \/ Mango de fresa y grosella negra \/ Malvavisco<\/p>\n<p>12. Grosella Negra \/ Mel\u00f3n Triple \/ Fresa Frambuesa \/ S\u00faper Baya \/ Ar\u00e1ndano Mora Fresa \/ Melocot\u00f3n Lim\u00f3n Agua<img loading=\"lazy\" decoding=\"async\" class=\"alignnone wp-image-8471 size-full\" src=\"https:\/\/pgvape.com\/wp-content\/uploads\/2026\/01\/Bang-Blaze-200000-6in1-Flavors-200k-Puffs-Disposable-Vape-0-2-3-5Nicotine-12Taste-Smart-Screen-Vape-Factory-Wholesale-9.png\" alt=\"Dos filas de botellas de bebidas energ\u00e9ticas Bang con personajes de dibujos animados en las etiquetas, nombres de sabores coloridos y un cartel de 12 sabores.\" width=\"1500\" height=\"1564\" srcset=\"https:\/\/pgvape.com\/wp-content\/uploads\/2026\/01\/Bang-Blaze-200000-6in1-Flavors-200k-Puffs-Disposable-Vape-0-2-3-5Nicotine-12Taste-Smart-Screen-Vape-Factory-Wholesale-9.png 1500w, https:\/\/pgvape.com\/wp-content\/uploads\/2026\/01\/Bang-Blaze-200000-6in1-Flavors-200k-Puffs-Disposable-Vape-0-2-3-5Nicotine-12Taste-Smart-Screen-Vape-Factory-Wholesale-9-345x360.png 345w, https:\/\/pgvape.com\/wp-content\/uploads\/2026\/01\/Bang-Blaze-200000-6in1-Flavors-200k-Puffs-Disposable-Vape-0-2-3-5Nicotine-12Taste-Smart-Screen-Vape-Factory-Wholesale-9-595x620.png 595w, https:\/\/pgvape.com\/wp-content\/uploads\/2026\/01\/Bang-Blaze-200000-6in1-Flavors-200k-Puffs-Disposable-Vape-0-2-3-5Nicotine-12Taste-Smart-Screen-Vape-Factory-Wholesale-9-384x400.png 384w, https:\/\/pgvape.com\/wp-content\/uploads\/2026\/01\/Bang-Blaze-200000-6in1-Flavors-200k-Puffs-Disposable-Vape-0-2-3-5Nicotine-12Taste-Smart-Screen-Vape-Factory-Wholesale-9-768x801.png 768w, https:\/\/pgvape.com\/wp-content\/uploads\/2026\/01\/Bang-Blaze-200000-6in1-Flavors-200k-Puffs-Disposable-Vape-0-2-3-5Nicotine-12Taste-Smart-Screen-Vape-Factory-Wholesale-9-1473x1536.png 1473w, https:\/\/pgvape.com\/wp-content\/uploads\/2026\/01\/Bang-Blaze-200000-6in1-Flavors-200k-Puffs-Disposable-Vape-0-2-3-5Nicotine-12Taste-Smart-Screen-Vape-Factory-Wholesale-9-12x12.png 12w, https:\/\/pgvape.com\/wp-content\/uploads\/2026\/01\/Bang-Blaze-200000-6in1-Flavors-200k-Puffs-Disposable-Vape-0-2-3-5Nicotine-12Taste-Smart-Screen-Vape-Factory-Wholesale-9-600x626.png 600w\" sizes=\"auto, (max-width: 1500px) 100vw, 1500px\" \/><\/p>\n<p>&nbsp;<\/p>\n<h2>Preguntas frecuentes sobre Bang Blaze 200000 6in1 Flavors 200k Puffs Vape desechable<\/h2>\n<p>\u2753 <strong>\u00bfQu\u00e9 tiene de especial este dispositivo?<\/strong><br \/>\n\u2705 <strong>Seis tanques independientes<\/strong>\u2014un dispositivo, <strong>seis sabores puros<\/strong>, <strong>200.000 bocanadas<\/strong>.<\/p>\n<p>\u2753 <strong>\u00bfC\u00f3mo cambio los sabores?<\/strong><br \/>\n\u2705 <strong>Levante y gire la boquilla<\/strong>\u2014El tanque cambia instant\u00e1neamente, sin sabor cruzado.<\/p>\n<p>\u2753 <strong class=\"\">\u00bfEs recargable?<\/strong><br \/>\n\u2705 <strong>650mAh<\/strong> bater\u00eda + <strong>Tipo C<\/strong>; <strong>45-60 minutos<\/strong> carga completa.<\/p>\n<p>\u2753 <strong>\u00bfCu\u00e1ntas bocanadas puedo conseguir?<\/strong><br \/>\n\u2705 Calificaci\u00f3n de laboratorio <strong>200.000 bocanadas<\/strong>\u2014meses de uso diario (el uso real puede variar).<\/p>\n<p>\u2753 <strong>\u00bfTiene pantalla?<\/strong><br \/>\n\u2705 <strong>Pantalla inteligente<\/strong> muestra <strong>bater\u00eda<\/strong> y <strong>e-l\u00edquido restante<\/strong> por tanque.<\/p>\n<p>\u2753 <strong>\u00bfQu\u00e9 concentraciones de nicotina est\u00e1n disponibles?<\/strong><br \/>\n\u2705 <strong>0 %, 2 %, 3 %, 5 %<\/strong>\u2014Elija la intensidad al finalizar la compra.<\/p>\n<p>\u2753 <strong>\u00bfSe puede rellenar o reutilizar?<\/strong><br \/>\n\u2705 <strong>No<\/strong>\u2014eliminar responsablemente una vez que todo <strong>seis tanques<\/strong> est\u00e1n vac\u00edos.<\/p>\n<p>\u2753 <strong>\u00bfEl vapor es suave?<\/strong><br \/>\n\u2705 <strong>Seis bobinas de malla<\/strong> entregar <strong>rico, suave, sin olor<\/strong> vaporiza cada bocanada.<\/p>\n<p>\u2753 <strong>\u00bfApto para principiantes?<\/strong><br \/>\n\u2705 <strong>activado por sorteo<\/strong>, <strong>sin configuraci\u00f3n<\/strong>, <strong>pantalla inteligente<\/strong>\u2014Listo para vapear fuera de la caja.<\/p>\n<p>&nbsp;<\/p>\n<h3 id=\"brxe-najhln\" class=\"brxe-heading\">Preguntas frecuentes (FAQ)<\/h3>\n<div id=\"brxe-rajiac\" class=\"brxe-text\">\n<p><strong>P: \u00bfQu\u00e9 m\u00e9todos de pago aceptan?<\/strong><br \/>\nR: Aceptamos PayPal, Stripe, transferencias bancarias (compatibles con SEPA), las principales tarjetas de cr\u00e9dito (Visa, MasterCard, American Express) y pagos con criptomonedas.<\/p>\n<p><strong>P: \u00bfCu\u00e1nto tiempo lleva la preparaci\u00f3n del pedido?<\/strong><br \/>\nR: La preparaci\u00f3n del pedido demora entre 1 y 3 d\u00edas h\u00e1biles.<\/p>\n<p><strong>P: \u00bfCu\u00e1l es el tiempo de env\u00edo?<\/strong><br \/>\nR: El tiempo de env\u00edo es de 7 a 14 d\u00edas h\u00e1biles, dependiendo de su ubicaci\u00f3n. Los productos enviados desde almacenes europeos generalmente demoran de 3 a 6 d\u00edas h\u00e1biles en entregarse.<\/p>\n<p><strong>P: \u00bfC\u00f3mo puedo realizar un seguimiento de mi pedido?<\/strong><br \/>\nR: Despu\u00e9s del env\u00edo, recibir\u00e1 un correo electr\u00f3nico de confirmaci\u00f3n con un n\u00famero de seguimiento para realizar un seguimiento en tiempo real.<\/p>\n<p><strong>P: \u00bfCu\u00e1l es su pol\u00edtica de devoluci\u00f3n?<\/strong><br \/>\nR: Ofrecemos una pol\u00edtica de devoluci\u00f3n de 30 d\u00edas para reembolsos o cambios. .<\/p>\n<p><strong>P: \u00bfHabr\u00e1 alg\u00fan problema aduanero?<br \/>\n<\/strong>Nos encargamos de todos los procedimientos de despacho de aduanas para garantizarle una experiencia sin complicaciones. .<\/p>\n<p><strong>P: \u00bfQu\u00e9 m\u00e9todos de env\u00edo se utilizan?<\/strong><br \/>\nCooperamos con UPS\/DHL\/FEDEX\/DPD, etc. Elegiremos la opci\u00f3n de env\u00edo adecuada seg\u00fan el pa\u00eds de entrega para asegurarnos de que reciba sus productos lo m\u00e1s r\u00e1pido posible.<\/p>\n<p><a href=\"https:\/\/pgvape.com\/es\/preguntas-frecuentes\/\">Haga clic aqu\u00ed para m\u00e1s preguntas frecuentes<\/a><\/p>\n<p>Estimados clientes: Si tienen alguna pregunta sobre su pedido o la llegada de la mercanc\u00eda, comun\u00edquese con nuestro servicio de atenci\u00f3n al cliente. \u00a1Gracias!<\/p>\n<h3 data-sourcepos=\"73:1-73:21\"><strong data-sourcepos=\"73:7-73:21\">Cont\u00e1ctenos<\/strong><\/h3>\n<div id=\"text-2419739398\" class=\"text\">\n<p><strong data-sourcepos=\"75:3-75:12\">Correo electr\u00f3nico<\/strong>:\u00a0<a href=\"mailto:support@pgvape.com\"><strong>support@pgvape.com<\/strong><\/a><\/p>\n<p><strong data-sourcepos=\"76:3-76:15\">WhatsApp<\/strong>:\u00a0<a href=\"https:\/\/wa.me\/+8618128481258\"><strong>+86 18128481258<\/strong><\/a><br \/>\n<strong>(Respuesta dentro de las 24 horas en d\u00edas h\u00e1biles)<\/strong><\/p>\n<\/div>\n<h3><strong>\u00a1Gracias por elegir pgvape.com! .<\/strong><\/h3>\n<\/div>","protected":false},"excerpt":{"rendered":"<p><strong>BANG BLAZE 6 en 1<\/strong>\u2014<strong>200.000 bocanadas<\/strong>, <strong>72ml<\/strong>, <strong>seis tanques<\/strong>, <strong>cuerpo hexagonal<\/strong>, <strong>pantalla inteligente<\/strong>, <strong>0-5 % NIC<\/strong>.<strong class=\"\">Gire una vez, pruebe seis, vapee durante medio a\u00f1o.<\/strong><\/p>","protected":false},"featured_media":8463,"comment_status":"open","ping_status":"closed","template":"","meta":{"_seopress_robots_primary_cat":"none","_seopress_titles_title":"","_seopress_titles_desc":"","_seopress_robots_index":""},"product_brand":[549,49,516],"product_cat":[548,33,515],"product_tag":[552,551,550,90,81],"class_list":{"0":"post-8460","1":"product","2":"type-product","3":"status-publish","4":"has-post-thumbnail","6":"product_brand-200k-puffs-vape","7":"product_brand-bang-blaze-vape","8":"product_brand-disposable-vape","9":"product_cat-200k-puffs-vape","10":"product_cat-bang-blaze-vape","11":"product_cat-disposable-vape","12":"product_tag-200k-puffs-vape","13":"product_tag-6in1-flavors","14":"product_tag-bang-blaze-200000","15":"product_tag-disposable-vape","16":"product_tag-mouth-to-lung","18":"first","19":"instock","20":"sale","21":"shipping-taxable","22":"purchasable","23":"product-type-variable"},"_links":{"self":[{"href":"https:\/\/pgvape.com\/es\/wp-json\/wp\/v2\/product\/8460","targetHints":{"allow":["GET"]}}],"collection":[{"href":"https:\/\/pgvape.com\/es\/wp-json\/wp\/v2\/product"}],"about":[{"href":"https:\/\/pgvape.com\/es\/wp-json\/wp\/v2\/types\/product"}],"replies":[{"embeddable":true,"href":"https:\/\/pgvape.com\/es\/wp-json\/wp\/v2\/comments?post=8460"}],"wp:featuredmedia":[{"embeddable":true,"href":"https:\/\/pgvape.com\/es\/wp-json\/wp\/v2\/media\/8463"}],"wp:attachment":[{"href":"https:\/\/pgvape.com\/es\/wp-json\/wp\/v2\/media?parent=8460"}],"wp:term":[{"taxonomy":"product_brand","embeddable":true,"href":"https:\/\/pgvape.com\/es\/wp-json\/wp\/v2\/product_brand?post=8460"},{"taxonomy":"product_cat","embeddable":true,"href":"https:\/\/pgvape.com\/es\/wp-json\/wp\/v2\/product_cat?post=8460"},{"taxonomy":"product_tag","embeddable":true,"href":"https:\/\/pgvape.com\/es\/wp-json\/wp\/v2\/product_tag?post=8460"}],"curies":[{"name":"wp","href":"https:\/\/api.w.org\/{rel}","templated":true}]}}