{"id":8412,"date":"2026-01-08T12:56:25","date_gmt":"2026-01-08T12:56:25","guid":{"rendered":"https:\/\/pgvape.com\/?post_type=product&#038;p=8412"},"modified":"2026-03-15T13:42:00","modified_gmt":"2026-03-15T13:42:00","slug":"bang-recargable-60000-60k-inhalaciones-2-en-1-sabores-dobles-desechables-vape-flujo-de-aire-ajustable-0-5nicotina-12-gusto-pantalla-inteligente-vape-fabrica-al-por-mayor","status":"publish","type":"product","link":"https:\/\/pgvape.com\/es\/producto\/bang-recargable-60000-60k-inhalaciones-2-en-1-sabores-dobles-desechables-vape-flujo-de-aire-ajustable-0-5nicotina-12-gusto-pantalla-inteligente-vape-fabrica-al-por-mayor\/","title":{"rendered":"Bang Recargable 60000 60k Puffs 2 en 1 Sabores dobles Vape desechable Flujo de aire ajustable 0%-5%Nicotina 12Taste Pantalla inteligente Vape F\u00e1brica al por mayor"},"content":{"rendered":"<p><strong data-sourcepos=\"6:5-6:26\">Explosi\u00f3n 60000 2 en 1<\/strong> es un punto de inflexi\u00f3n en el vapeo sostenible, ya que ofrece la comodidad de un dispositivo desechable con la longevidad y el respeto al medio ambiente de un sistema recargable. <strong data-sourcepos=\"6:183-6:201\">dos tanques de 18 ml<\/strong> (capacidad total de 36 ml) para cambiar instant\u00e1neamente el sabor y ofrecer una experiencia sin precedentes. <strong data-sourcepos=\"6:285-6:301\">60.000 bocanadas<\/strong>, combina potencia, control y reducido impacto ambiental. <strong data-sourcepos=\"6:369-6:386\">pantalla inteligente<\/strong> proporciona un monitoreo claro de la bater\u00eda y del e-l\u00edquido, mientras que el <strong data-sourcepos=\"6:445-6:476\">Bater\u00eda recargable de 550 mAh.<\/strong> con <strong data-sourcepos=\"6:482-6:505\">Carga r\u00e1pida USB-C<\/strong>, <strong data-sourcepos=\"6:507-6:525\">Bobina de malla de 1.0\u03a9<\/strong>, y <strong data-sourcepos=\"6:531-6:553\">flujo de aire ajustable<\/strong> Garantiza una experiencia de vapeo premium y personalizable. .<\/p>\n<p>&nbsp;<\/p>\n<h2><strong><span style=\"font-size: 90%;\">Bang Refillable 60000 60k Puffs 2 en 1 Especificaciones desechables de Vape de sabores dobles<\/span><\/strong><\/h2>\n<p><strong data-sourcepos=\"11:6-11:37\">Sistema recargable de doble tanque<\/strong>\u00a0\u2013 Dos tanques de 18 ml para un cambio instant\u00e1neo de sabor y un uso prolongado.<\/p>\n<p><strong data-sourcepos=\"12:6-12:30\">Dise\u00f1o ecol\u00f3gico<\/strong>\u00a0\u2013 Recargable para reducir el desperdicio, ofreciendo m\u00e1s valor con el tiempo.<\/p>\n<p><strong data-sourcepos=\"13:7-13:31\">Pantalla de visualizaci\u00f3n inteligente<\/strong>\u00a0\u2013 Lectura clara del porcentaje de bater\u00eda y niveles de e-l\u00edquido.<\/p>\n<p><strong data-sourcepos=\"14:6-14:46\">Bater\u00eda de 550 mAh + carga r\u00e1pida USB-C<\/strong>\u00a0\u2013 Energ\u00eda confiable durante todo el d\u00eda con recarga r\u00e1pida.<\/p>\n<p><strong data-sourcepos=\"15:6-15:24\">Bobina de malla de 1,0 \u03a9<\/strong>\u00a0\u2013 Vapor suave y rico y entrega de sabor consistente.<\/p>\n<p><strong data-sourcepos=\"16:7-16:29\">Flujo de aire ajustable<\/strong>\u00a0\u2013 Personaliza tu dibujo de apretado a aireado.<\/p>\n<p><strong data-sourcepos=\"17:6-17:28\">Hasta 60.000 inhalaciones<\/strong>\u00a0\u2013 Vida \u00fatil excepcional para uso intensivo y prolongado.<\/p>\n<p><strong data-sourcepos=\"18:6-18:26\">Listo para la venta al por menor<\/strong>\u00a0\u2013 Dise\u00f1o moderno con embalaje f\u00e1cil de usar.<\/p>\n<p>&nbsp;<\/p>\n<h3><strong><span style=\"font-size: 90%;\">Bang Refillable 60000 60k Puffs 2 en 1 Lista de sabores desechables de Vape de sabores dobles:<\/span><\/strong><\/h3>\n<p><strong class=\"\">1.Sand\u00eda con hielo y sand\u00eda con fresa<\/strong><\/p>\n<p><strong>2.Mango Helado y Fresa Mango<\/strong><\/p>\n<p><strong class=\"\">3.Hielo de melocot\u00f3n y melocot\u00f3n de mango<\/strong><\/p>\n<p><strong class=\"\">4.Sand\u00eda con hielo y ar\u00e1ndanos<\/strong><\/p>\n<p><strong class=\"\">5.Frutas mixtas y bayas triples<\/strong><\/p>\n<p><strong class=\"\">6.Hielo de fresa y pl\u00e1tano de fresa<\/strong><\/p>\n<p><strong class=\"\">7.Hielo de ar\u00e1ndano y frambuesa de ar\u00e1ndano<\/strong><\/p>\n<p><strong class=\"\">8.Coca de sand\u00eda, cereza y cereza<\/strong><\/p>\n<p><strong class=\"\">9.Hielo de ar\u00e1ndano y menta de ar\u00e1ndano<\/strong><\/p>\n<p><strong class=\"\">10.Pi\u00f1a, coco y hielo de pi\u00f1a<\/strong><\/p>\n<p><strong class=\"\">11.Bebida energ\u00e9tica y hielo de sand\u00eda<\/strong><\/p>\n<p><strong class=\"\">12.Uva helada y ar\u00e1ndano<img loading=\"lazy\" decoding=\"async\" class=\"alignnone wp-image-8429 size-full\" src=\"https:\/\/pgvape.com\/wp-content\/uploads\/2026\/01\/Bang-Refillable-60000-60k-Puffs-2-in-1-Double-Flavors-Disposable-Vape-0-2-3-5Nicotine-12Taste-Smart-Screen-Vape-Factory-Wholesale-15.png\" alt=\"Filas de coloridos vaporizadores con tanques transparentes y cuerpos de ne\u00f3n, etiquetados con sabores de frutas sobre un fondo azul.\" width=\"1500\" height=\"1246\" srcset=\"https:\/\/pgvape.com\/wp-content\/uploads\/2026\/01\/Bang-Refillable-60000-60k-Puffs-2-in-1-Double-Flavors-Disposable-Vape-0-2-3-5Nicotine-12Taste-Smart-Screen-Vape-Factory-Wholesale-15.png 1500w, https:\/\/pgvape.com\/wp-content\/uploads\/2026\/01\/Bang-Refillable-60000-60k-Puffs-2-in-1-Double-Flavors-Disposable-Vape-0-2-3-5Nicotine-12Taste-Smart-Screen-Vape-Factory-Wholesale-15-433x360.png 433w, https:\/\/pgvape.com\/wp-content\/uploads\/2026\/01\/Bang-Refillable-60000-60k-Puffs-2-in-1-Double-Flavors-Disposable-Vape-0-2-3-5Nicotine-12Taste-Smart-Screen-Vape-Factory-Wholesale-15-595x494.png 595w, https:\/\/pgvape.com\/wp-content\/uploads\/2026\/01\/Bang-Refillable-60000-60k-Puffs-2-in-1-Double-Flavors-Disposable-Vape-0-2-3-5Nicotine-12Taste-Smart-Screen-Vape-Factory-Wholesale-15-400x332.png 400w, https:\/\/pgvape.com\/wp-content\/uploads\/2026\/01\/Bang-Refillable-60000-60k-Puffs-2-in-1-Double-Flavors-Disposable-Vape-0-2-3-5Nicotine-12Taste-Smart-Screen-Vape-Factory-Wholesale-15-768x638.png 768w, https:\/\/pgvape.com\/wp-content\/uploads\/2026\/01\/Bang-Refillable-60000-60k-Puffs-2-in-1-Double-Flavors-Disposable-Vape-0-2-3-5Nicotine-12Taste-Smart-Screen-Vape-Factory-Wholesale-15-14x12.png 14w, https:\/\/pgvape.com\/wp-content\/uploads\/2026\/01\/Bang-Refillable-60000-60k-Puffs-2-in-1-Double-Flavors-Disposable-Vape-0-2-3-5Nicotine-12Taste-Smart-Screen-Vape-Factory-Wholesale-15-600x498.png 600w\" sizes=\"auto, (max-width: 1500px) 100vw, 1500px\" \/><\/strong><\/p>\n<p>&nbsp;<\/p>\n<h2><span style=\"font-size: 90%;\">Preguntas frecuentes sobre Bang Refillable 60000 60k Puffs 2 en 1 Vape desechable de sabores dobles<\/span><\/h2>\n<p>\u2753 \u00bfEl Bang 60000 2 en 1 es realmente recargable?<br \/>\n\u2705 S\u00ed, este dispositivo est\u00e1 dise\u00f1ado como un vaporizador desechable recargable. .<\/p>\n<p>\u2753 \u00bfC\u00f3mo cambio entre los dos sabores?<br \/>\n\u2705 El Bang 60000 2 en 1 tiene dos tanques separados. .<\/p>\n<p>\u2753 \u00bfQu\u00e9 muestra la pantalla inteligente?<br \/>\n\u2705 La pantalla muestra claramente el nivel restante de e-l\u00edquido y el porcentaje de bater\u00eda, lo que te ayuda a administrar tu experiencia de vapeo.<\/p>\n<p>\u2753 \u00bfCu\u00e1ntas inhalaciones puedo conseguir realmente?<br \/>\n\u2705 Este dispositivo tiene una capacidad nominal de 60\u00a0000 inhalaciones, lo que convierte al Bang 60000 2 en 1 en una opci\u00f3n incre\u00edblemente duradera.a<\/p>\n<p>\u2753 \u00bfC\u00f3mo lo cargo?<br \/>\n\u2705 La carga es f\u00e1cil y moderna. .<\/p>\n<p>\u2753 \u00bfQu\u00e9 lo convierte en un dispositivo \u201c2 en 1\u201d?<br \/>\n\u2705 El \u201c2 en 1\u201d se refiere al sistema de tanque dual de e-l\u00edquido, que le permite tener dos sabores diferentes listos para usar en un solo dispositivo Bang 60000.<\/p>\n<p>\u2753 \u00bfEs f\u00e1cil saber cuando el e-l\u00edquido est\u00e1 bajo?<br \/>\n\u2705 S\u00ed, la pantalla inteligente del Bang 60000 2 en 1 indicar\u00e1 claramente cuando el nivel de e-l\u00edquido est\u00e1 bajando, para que puedas recargarlo a tiempo.<\/p>\n<p>&nbsp;<\/p>\n<h3 id=\"brxe-najhln\" class=\"brxe-heading\">Preguntas frecuentes (FAQ)<\/h3>\n<div id=\"brxe-rajiac\" class=\"brxe-text\">\n<p><strong>P: \u00bfQu\u00e9 m\u00e9todos de pago aceptan?<\/strong><br \/>\nR: Aceptamos PayPal, Stripe, transferencias bancarias (compatibles con SEPA), las principales tarjetas de cr\u00e9dito (Visa, MasterCard, American Express) y pagos con criptomonedas.<\/p>\n<p><strong>P: \u00bfCu\u00e1nto tiempo lleva la preparaci\u00f3n del pedido?<\/strong><br \/>\nR: La preparaci\u00f3n del pedido demora entre 1 y 3 d\u00edas h\u00e1biles.<\/p>\n<p><strong>P: \u00bfCu\u00e1l es el tiempo de env\u00edo?<\/strong><br \/>\nR: El tiempo de env\u00edo es de 7 a 14 d\u00edas h\u00e1biles, dependiendo de su ubicaci\u00f3n. Los productos enviados desde almacenes europeos generalmente demoran de 3 a 6 d\u00edas h\u00e1biles en entregarse.<\/p>\n<p><strong>P: \u00bfC\u00f3mo puedo realizar un seguimiento de mi pedido?<\/strong><br \/>\nR: Despu\u00e9s del env\u00edo, recibir\u00e1 un correo electr\u00f3nico de confirmaci\u00f3n con un n\u00famero de seguimiento para realizar un seguimiento en tiempo real.<\/p>\n<p><strong>P: \u00bfCu\u00e1l es su pol\u00edtica de devoluci\u00f3n?<\/strong><br \/>\nR: Ofrecemos una pol\u00edtica de devoluci\u00f3n de 30 d\u00edas para reembolsos o cambios. .<\/p>\n<p><strong>P: \u00bfHabr\u00e1 alg\u00fan problema aduanero?<br \/>\n<\/strong>Nos encargamos de todos los procedimientos de despacho de aduanas para garantizarle una experiencia sin complicaciones. .<\/p>\n<p><strong>P: \u00bfQu\u00e9 m\u00e9todos de env\u00edo se utilizan?<\/strong><br \/>\nCooperamos con UPS\/DHL\/FEDEX\/DPD, etc. Elegiremos la opci\u00f3n de env\u00edo adecuada seg\u00fan el pa\u00eds de entrega para asegurarnos de que reciba sus productos lo m\u00e1s r\u00e1pido posible.<\/p>\n<p><a href=\"https:\/\/pgvape.com\/es\/preguntas-frecuentes\/\">Haga clic aqu\u00ed para m\u00e1s preguntas frecuentes<\/a><\/p>\n<p>Estimados clientes: Si tienen alguna pregunta sobre su pedido o la llegada de la mercanc\u00eda, comun\u00edquese con nuestro servicio de atenci\u00f3n al cliente. \u00a1Gracias!<\/p>\n<h3 data-sourcepos=\"73:1-73:21\"><strong data-sourcepos=\"73:7-73:21\">Cont\u00e1ctenos<\/strong><\/h3>\n<div id=\"text-2419739398\" class=\"text\">\n<p><strong data-sourcepos=\"75:3-75:12\">Correo electr\u00f3nico<\/strong>:\u00a0<a href=\"mailto:support@pgvape.com\"><strong>support@pgvape.com<\/strong><\/a><\/p>\n<p><strong data-sourcepos=\"76:3-76:15\">WhatsApp<\/strong>:\u00a0<a href=\"https:\/\/wa.me\/+8618128481258\"><strong>+86 18128481258<\/strong><\/a><br \/>\n<strong>(Respuesta dentro de las 24 horas en d\u00edas h\u00e1biles)<\/strong><\/p>\n<\/div>\n<h3><strong>\u00a1Gracias por elegir pgvape.com! .<\/strong><\/h3>\n<\/div>","protected":false},"excerpt":{"rendered":"<p><strong>Vaporizador recargable 2 en 1 Bang 60000<\/strong> Cuenta con 60,000 inhalaciones, tanques dobles de 36 ml, carga tipo C de 550 mAh, una pantalla inteligente y flujo de aire ajustable, lo que ofrece versatilidad de sabor, rendimiento duradero y valor ecol\u00f3gico para los vapeadores m\u00e1s exigentes.<\/p>","protected":false},"featured_media":8447,"comment_status":"open","ping_status":"closed","template":"","meta":{"_seopress_robots_primary_cat":"none","_seopress_titles_title":"","_seopress_titles_desc":"","_seopress_robots_index":""},"product_brand":[36,516],"product_cat":[48,25,515],"product_tag":[161,315,135,547,67,90,278],"class_list":{"0":"post-8412","1":"product","2":"type-product","3":"status-publish","4":"has-post-thumbnail","6":"product_brand-bang-vape","7":"product_brand-disposable-vape","8":"product_cat-60k-puffs-vape","9":"product_cat-bang-vape","10":"product_cat-disposable-vape","11":"product_tag-2-in-1","12":"product_tag-60k-puffs-vape","13":"product_tag-adjustable-airflow","14":"product_tag-bang-refillable","15":"product_tag-direct-to-lung-dtl","16":"product_tag-disposable-vape","17":"product_tag-double-flavors","19":"first","20":"instock","21":"sale","22":"shipping-taxable","23":"purchasable","24":"product-type-variable"},"_links":{"self":[{"href":"https:\/\/pgvape.com\/es\/wp-json\/wp\/v2\/product\/8412","targetHints":{"allow":["GET"]}}],"collection":[{"href":"https:\/\/pgvape.com\/es\/wp-json\/wp\/v2\/product"}],"about":[{"href":"https:\/\/pgvape.com\/es\/wp-json\/wp\/v2\/types\/product"}],"replies":[{"embeddable":true,"href":"https:\/\/pgvape.com\/es\/wp-json\/wp\/v2\/comments?post=8412"}],"wp:featuredmedia":[{"embeddable":true,"href":"https:\/\/pgvape.com\/es\/wp-json\/wp\/v2\/media\/8447"}],"wp:attachment":[{"href":"https:\/\/pgvape.com\/es\/wp-json\/wp\/v2\/media?parent=8412"}],"wp:term":[{"taxonomy":"product_brand","embeddable":true,"href":"https:\/\/pgvape.com\/es\/wp-json\/wp\/v2\/product_brand?post=8412"},{"taxonomy":"product_cat","embeddable":true,"href":"https:\/\/pgvape.com\/es\/wp-json\/wp\/v2\/product_cat?post=8412"},{"taxonomy":"product_tag","embeddable":true,"href":"https:\/\/pgvape.com\/es\/wp-json\/wp\/v2\/product_tag?post=8412"}],"curies":[{"name":"wp","href":"https:\/\/api.w.org\/{rel}","templated":true}]}}