{"id":8357,"date":"2026-01-08T09:59:45","date_gmt":"2026-01-08T09:59:45","guid":{"rendered":"https:\/\/pgvape.com\/?post_type=product&#038;p=8357"},"modified":"2026-03-15T13:42:00","modified_gmt":"2026-03-15T13:42:00","slug":"fumot-eco-2in1-50000-50k-inhalaciones-sabores-dobles-vape-desechable-2-3-5nicotina-24-sabor-brillo-iridiscente-pantalla-inteligente-vape-fabrica-al-por-mayor","status":"publish","type":"product","link":"https:\/\/pgvape.com\/es\/producto\/fumot-eco-2in1-50000-50k-inhalaciones-sabores-dobles-vape-desechable-2-3-5nicotina-24-sabor-brillo-iridiscente-pantalla-inteligente-vape-fabrica-al-por-mayor\/","title":{"rendered":"Fumot ECO 2in1 50000 50K Puffs Sabores dobles Vape desechable 2% 3% 5%Nicotina 24Taste Resplandor iridiscente Pantalla de visualizaci\u00f3n inteligente Vape Factory Wholesale"},"content":{"rendered":"<p><strong data-sourcepos=\"6:5-6:29\">Fumot ECO 2 en 1 50K<\/strong> redefine el vapeo desechable con su <strong data-sourcepos=\"6:67-6:97\">sistema de c\u00e1mara de doble sabor<\/strong> (10 ml + 10 ml), lo que permite a los usuarios cambiar entre dos sabores premium en un dispositivo elegante. <strong data-sourcepos=\"6:202-6:218\">50.000 bocanadas<\/strong> y alimentado por una larga duraci\u00f3n <strong data-sourcepos=\"6:249-6:280\">Bater\u00eda recargable de 950 mAh.<\/strong>, combina un rendimiento excepcional con funciones inteligentes, incluida una <strong data-sourcepos=\"6:357-6:381\">pantalla de visualizaci\u00f3n inteligente<\/strong> y llamativo <strong data-sourcepos=\"6:399-6:430\">iluminaci\u00f3n din\u00e1mica iridiscente<\/strong>. <strong data-sourcepos=\"6:437-6:467\">24 combinaciones de sabores seleccionados<\/strong>, <strong data-sourcepos=\"6:469-6:497\">tres puntos fuertes de la nicotina<\/strong>, y un alto rendimiento <strong data-sourcepos=\"6:522-6:540\">Bobina de malla de 0,9\u03a9<\/strong>, est\u00e1 dise\u00f1ado para vapeadores que exigen variedad, longevidad y estilo.<\/p>\n<p>&nbsp;<\/p>\n<h2><strong><span style=\"font-size: 90%;\">Especificaciones de Vape desechables Fumot ECO 2in1 50000 50K Puffs de sabores dobles<\/span><\/strong><\/h2>\n<p><strong data-sourcepos=\"11:6-11:28\">Sistema de doble sabor<\/strong>\u00a0\u2013 Cambie entre dos c\u00e1maras de sabor de 10 ml para una experiencia de vapeo vers\u00e1til.<\/p>\n<p><strong data-sourcepos=\"12:7-12:31\">Pantalla de visualizaci\u00f3n inteligente<\/strong>\u00a0\u2013 Duraci\u00f3n de la bater\u00eda en tiempo real y estado del dispositivo de un vistazo.<\/p>\n<p><strong data-sourcepos=\"13:5-13:36\">Iluminaci\u00f3n din\u00e1mica iridiscente<\/strong>\u00a0\u2013 Efecto visual premium que mejora el atractivo en los estantes.<\/p>\n<p><strong data-sourcepos=\"14:6-14:46\">Bater\u00eda de 950 mAh + carga r\u00e1pida USB-C<\/strong>\u00a0\u2013 Energ\u00eda recargable de alta capacidad para uso prolongado.<\/p>\n<p><strong data-sourcepos=\"15:6-15:24\">Bobina de malla de 0,9 \u03a9<\/strong>\u00a0\u2013 Vapor suave y sabroso con salida constante.<\/p>\n<p><strong data-sourcepos=\"16:6-16:28\">Hasta 50.000 bocanadas<\/strong>\u00a0\u2013 Vida \u00fatil excepcional para usuarios intensivos.<\/p>\n<p><strong data-sourcepos=\"17:6-17:25\">5 Unidades por Caja<\/strong>\u00a0\u2013 Embalaje simplificado para comercio minorista y mayorista.<\/p>\n<p><strong data-sourcepos=\"18:6-18:36\">Dise\u00f1o ergon\u00f3mico y elegante<\/strong>\u00a0\u2013 Agarre c\u00f3modo con una est\u00e9tica moderna.<\/p>\n<p>&nbsp;<\/p>\n<h3><strong><span style=\"font-size: 90%;\">Fumot ECO 2in1 50000 50K Puffs sabores dobles Lista de sabores desechables de Vape:<\/span><\/strong><\/h3>\n<p>1.Mamba Negra y el Se\u00f1or Azul<\/p>\n<p>2.Hielo negro y hielo de uva<\/p>\n<p>3. Hielo de melocot\u00f3n y mamba blanca<\/p>\n<p>4.Lady Killer y Amor 66<\/p>\n<p>5.Ar\u00e1ndano Hubba Bubba y Sand\u00eda Hubba Bubba<\/p>\n<p>6.Osito de goma de uva y osito de goma de fresa<\/p>\n<p>7.Manzana agria y melocot\u00f3n jugoso<\/p>\n<p>8.Fanta y hielo de cola<\/p>\n<p>9.Osito de goma y bolos<\/p>\n<p>10.Cactus Hielo y Cactus Kiwi<\/p>\n<p>11. Melocot\u00f3n, Mango, Sand\u00eda y Pi\u00f1a Colada<\/p>\n<p>12.Cherry Ice y Blue Razz Cherry<\/p>\n<p>13.Hielo fresco de menta y sand\u00eda<\/p>\n<p>14.Sand\u00eda, lima lim\u00f3n y fresa<\/p>\n<p>15.Limonada rosada y caramelo amargo<\/p>\n<p>16.Vimto y chicle de sand\u00eda<\/p>\n<p>17. Hielo de pl\u00e1tano y hielo de drag\u00f3n negro<\/p>\n<p>18.Osito de goma Blue Razz y paleta helada Blue Razz<\/p>\n<p>19.Paleta helada y guayaba de maracuy\u00e1 y kiwi<\/p>\n<p>20.Hielo de fresa y ar\u00e1ndano<\/p>\n<p>21. Limonada mixta de frutos rojos y blue razz<\/p>\n<p>22.Helado de Red Bull y melocot\u00f3n y ar\u00e1ndanos<\/p>\n<p>23.Fresa, kiwi y ar\u00e1ndano, frambuesa agria<\/p>\n<p>24.Cola Lim\u00f3n Y Pi\u00f1a Lim\u00f3n Manzana Verde<img loading=\"lazy\" decoding=\"async\" class=\"alignnone wp-image-8386 size-full\" src=\"https:\/\/pgvape.com\/wp-content\/uploads\/2026\/01\/Fumot-ECO-2-in-1-50000-50K-Puffs-Double-Flavors-Disposable-Vape-2-3-5Nicotine-24Taste-Smart-Display-Screen-Vape-Factory-Wholesale.png\" alt=\"Cuadr\u00edcula de coloridos dispositivos de vapeo ECO 2 en 1 50K en cuerpos degradados con pantallas peque\u00f1as y etiquetas de sabores.\" width=\"1229\" height=\"1754\" srcset=\"https:\/\/pgvape.com\/wp-content\/uploads\/2026\/01\/Fumot-ECO-2-in-1-50000-50K-Puffs-Double-Flavors-Disposable-Vape-2-3-5Nicotine-24Taste-Smart-Display-Screen-Vape-Factory-Wholesale.png 1229w, https:\/\/pgvape.com\/wp-content\/uploads\/2026\/01\/Fumot-ECO-2-in-1-50000-50K-Puffs-Double-Flavors-Disposable-Vape-2-3-5Nicotine-24Taste-Smart-Display-Screen-Vape-Factory-Wholesale-252x360.png 252w, https:\/\/pgvape.com\/wp-content\/uploads\/2026\/01\/Fumot-ECO-2-in-1-50000-50K-Puffs-Double-Flavors-Disposable-Vape-2-3-5Nicotine-24Taste-Smart-Display-Screen-Vape-Factory-Wholesale-595x849.png 595w, https:\/\/pgvape.com\/wp-content\/uploads\/2026\/01\/Fumot-ECO-2-in-1-50000-50K-Puffs-Double-Flavors-Disposable-Vape-2-3-5Nicotine-24Taste-Smart-Display-Screen-Vape-Factory-Wholesale-280x400.png 280w, https:\/\/pgvape.com\/wp-content\/uploads\/2026\/01\/Fumot-ECO-2-in-1-50000-50K-Puffs-Double-Flavors-Disposable-Vape-2-3-5Nicotine-24Taste-Smart-Display-Screen-Vape-Factory-Wholesale-768x1096.png 768w, https:\/\/pgvape.com\/wp-content\/uploads\/2026\/01\/Fumot-ECO-2-in-1-50000-50K-Puffs-Double-Flavors-Disposable-Vape-2-3-5Nicotine-24Taste-Smart-Display-Screen-Vape-Factory-Wholesale-1076x1536.png 1076w, https:\/\/pgvape.com\/wp-content\/uploads\/2026\/01\/Fumot-ECO-2-in-1-50000-50K-Puffs-Double-Flavors-Disposable-Vape-2-3-5Nicotine-24Taste-Smart-Display-Screen-Vape-Factory-Wholesale-8x12.png 8w, https:\/\/pgvape.com\/wp-content\/uploads\/2026\/01\/Fumot-ECO-2-in-1-50000-50K-Puffs-Double-Flavors-Disposable-Vape-2-3-5Nicotine-24Taste-Smart-Display-Screen-Vape-Factory-Wholesale-600x856.png 600w\" sizes=\"auto, (max-width: 1229px) 100vw, 1229px\" \/><\/p>\n<p>&nbsp;<\/p>\n<h3><strong><span style=\"font-size: 90%;\">Video de Vape desechable Fumot ECO 2in1 50000 50K Puffs de sabores dobles:<\/span><\/strong><\/h3>\n<p><iframe loading=\"lazy\" title=\"Fumot ECO 2in1 50000 50K sopla al por mayor iridiscente disponible de la f\u00e1brica de Vape del resplandor de Vape de los sabores dobles\" width=\"1020\" height=\"574\" src=\"https:\/\/www.youtube.com\/embed\/kVNLWrUJ9Ps?feature=oembed\" frameborder=\"0\" allow=\"accelerometer; autoplay; clipboard-write; encrypted-media; gyroscope; picture-in-picture; web-share\" referrerpolicy=\"strict-origin-when-cross-origin\" allowfullscreen><\/iframe><\/p>\n<p>&nbsp;<\/p>\n<h2><strong><span style=\"font-size: 90%;\">Preguntas frecuentes sobre Fumot ECO 2in1 50000 50K Puffs Vape desechable de sabores dobles<\/span><\/strong><\/h2>\n<p>\u2753 <strong class=\"\">\u00bfCu\u00e1ntas inhalaciones por dispositivo?<\/strong><br \/>\n\u2705 Clasificado de f\u00e1brica <strong>50.000 bocanadas<\/strong>\u2014semanas de uso diario.<\/p>\n<p>\u2753 <strong>\u00bfC\u00f3mo cambio de sabor?<\/strong><br \/>\n\u2705 <strong>2 en 1 de doble c\u00e1mara<\/strong>\u2014intercambiar entre <strong>dos sabores precargados<\/strong> instant\u00e1neamente.<\/p>\n<p>\u2753 <strong>\u00bfEs recargable?<\/strong><br \/>\n\u2705 <strong>950mAh<\/strong> bater\u00eda + <strong>Tipo C<\/strong> puerto; carga completa en ~30 min.<\/p>\n<p>\u2753 <strong>\u00bfQu\u00e9 potencias de nicotina se ofrecen?<\/strong><br \/>\n\u2705 <strong>2 %, 3 %, 5 %<\/strong>\u2014Elige suave, equilibrado o fuerte.<\/p>\n<p>\u2753 <strong>\u00bfC\u00f3mo se mantiene rico el sabor?<\/strong><br \/>\n\u2705 <strong>Bobina de malla de 0,9 \u03a9<\/strong> calienta uniformemente para crear nubes densas y sedosas.<\/p>\n<p>\u2753 <strong>\u00bfC\u00f3mo superviso el estado?<\/strong><br \/>\n\u2705 <strong>Pantalla inteligente<\/strong> muestra la bater\u00eda y la c\u00e1mara activa.<\/p>\n<p>\u2753 <strong>\u00bfParece premium en el estante?<\/strong><br \/>\n\u2705 <strong>Luz din\u00e1mica iridiscente<\/strong> Crea un brillo que llama la atenci\u00f3n.<\/p>\n<p>\u2753 <strong>\u00bfEmbalaje listo para la venta al por menor?<\/strong><br \/>\n\u2705 <strong>5 unidades\/caja<\/strong>\u2014Expositor compacto, ideal para pedidos al por mayor.<\/p>\n<p>&nbsp;<\/p>\n<h3 id=\"brxe-najhln\" class=\"brxe-heading\">Preguntas frecuentes (FAQ)<\/h3>\n<div id=\"brxe-rajiac\" class=\"brxe-text\">\n<p><strong>P: \u00bfQu\u00e9 m\u00e9todos de pago aceptan?<\/strong><br \/>\nR: Aceptamos PayPal, Stripe, transferencias bancarias (compatibles con SEPA), las principales tarjetas de cr\u00e9dito (Visa, MasterCard, American Express) y pagos con criptomonedas.<\/p>\n<p><strong>P: \u00bfCu\u00e1nto tiempo lleva la preparaci\u00f3n del pedido?<\/strong><br \/>\nR: La preparaci\u00f3n del pedido demora entre 1 y 3 d\u00edas h\u00e1biles.<\/p>\n<p><strong>P: \u00bfCu\u00e1l es el tiempo de env\u00edo?<\/strong><br \/>\nR: El tiempo de env\u00edo es de 7 a 14 d\u00edas h\u00e1biles, dependiendo de su ubicaci\u00f3n. Los productos enviados desde almacenes europeos generalmente demoran de 3 a 6 d\u00edas h\u00e1biles en entregarse.<\/p>\n<p><strong>P: \u00bfC\u00f3mo puedo realizar un seguimiento de mi pedido?<\/strong><br \/>\nR: Despu\u00e9s del env\u00edo, recibir\u00e1 un correo electr\u00f3nico de confirmaci\u00f3n con un n\u00famero de seguimiento para realizar un seguimiento en tiempo real.<\/p>\n<p><strong>P: \u00bfCu\u00e1l es su pol\u00edtica de devoluci\u00f3n?<\/strong><br \/>\nR: Ofrecemos una pol\u00edtica de devoluci\u00f3n de 30 d\u00edas para reembolsos o cambios. .<\/p>\n<p><strong>P: \u00bfHabr\u00e1 alg\u00fan problema aduanero?<br \/>\n<\/strong>Nos encargamos de todos los procedimientos de despacho de aduanas para garantizarle una experiencia sin complicaciones. .<\/p>\n<p><strong>P: \u00bfQu\u00e9 m\u00e9todos de env\u00edo se utilizan?<\/strong><br \/>\nCooperamos con UPS\/DHL\/FEDEX\/DPD, etc. Elegiremos la opci\u00f3n de env\u00edo adecuada seg\u00fan el pa\u00eds de entrega para asegurarnos de que reciba sus productos lo m\u00e1s r\u00e1pido posible.<\/p>\n<p><a href=\"https:\/\/pgvape.com\/es\/preguntas-frecuentes\/\">Haga clic aqu\u00ed para m\u00e1s preguntas frecuentes<\/a><\/p>\n<p>Estimados clientes: Si tienen alguna pregunta sobre su pedido o la llegada de la mercanc\u00eda, comun\u00edquese con nuestro servicio de atenci\u00f3n al cliente. \u00a1Gracias!<\/p>\n<h3 data-sourcepos=\"73:1-73:21\"><strong data-sourcepos=\"73:7-73:21\">Cont\u00e1ctenos<\/strong><\/h3>\n<div id=\"text-2419739398\" class=\"text\">\n<p><strong data-sourcepos=\"75:3-75:12\">Correo electr\u00f3nico<\/strong>:\u00a0<a href=\"mailto:support@pgvape.com\"><strong>support@pgvape.com<\/strong><\/a><\/p>\n<p><strong data-sourcepos=\"76:3-76:15\">WhatsApp<\/strong>:\u00a0<a href=\"https:\/\/wa.me\/+8618128481258\"><strong>+86 18128481258<\/strong><\/a><br \/>\n<strong>(Respuesta dentro de las 24 horas en d\u00edas h\u00e1biles)<\/strong><\/p>\n<\/div>\n<h3><strong>\u00a1Gracias por elegir pgvape.com! .<\/strong><\/h3>\n<\/div>","protected":false},"excerpt":{"rendered":"<p><strong>Fumot ECO 2 en 1 50K<\/strong>\u2014<strong>50.000 bocanadas<\/strong>, <strong>doble 10ml<\/strong>, <strong>malla de 0,9 \u03a9<\/strong>, <strong>pantalla inteligente<\/strong>, <strong>resplandor iridiscente<\/strong>, <strong>2-5 % NIC<\/strong>.<strong>Cambia los sabores, enciende y vaporiza durante semanas.<\/strong><\/p>","protected":false},"featured_media":8360,"comment_status":"open","ping_status":"closed","template":"","meta":{"_seopress_robots_primary_cat":"none","_seopress_titles_title":"","_seopress_titles_desc":"","_seopress_robots_index":""},"product_brand":[516,162],"product_cat":[61,515,26],"product_tag":[370,545,90,278,544,546,217],"class_list":{"0":"post-8357","1":"product","2":"type-product","3":"status-publish","4":"has-post-thumbnail","6":"product_brand-disposable-vape","7":"product_brand-fumot-vape","8":"product_cat-50k-puffs-vape","9":"product_cat-disposable-vape","10":"product_cat-fumot-vape","11":"product_tag-150k-puffs-vape","12":"product_tag-2in1","13":"product_tag-disposable-vape","14":"product_tag-double-flavors","15":"product_tag-fumot-eco","16":"product_tag-iridescent-glow","17":"product_tag-smart-display-screen","19":"first","20":"instock","21":"sale","22":"shipping-taxable","23":"purchasable","24":"product-type-variable"},"_links":{"self":[{"href":"https:\/\/pgvape.com\/es\/wp-json\/wp\/v2\/product\/8357","targetHints":{"allow":["GET"]}}],"collection":[{"href":"https:\/\/pgvape.com\/es\/wp-json\/wp\/v2\/product"}],"about":[{"href":"https:\/\/pgvape.com\/es\/wp-json\/wp\/v2\/types\/product"}],"replies":[{"embeddable":true,"href":"https:\/\/pgvape.com\/es\/wp-json\/wp\/v2\/comments?post=8357"}],"wp:featuredmedia":[{"embeddable":true,"href":"https:\/\/pgvape.com\/es\/wp-json\/wp\/v2\/media\/8360"}],"wp:attachment":[{"href":"https:\/\/pgvape.com\/es\/wp-json\/wp\/v2\/media?parent=8357"}],"wp:term":[{"taxonomy":"product_brand","embeddable":true,"href":"https:\/\/pgvape.com\/es\/wp-json\/wp\/v2\/product_brand?post=8357"},{"taxonomy":"product_cat","embeddable":true,"href":"https:\/\/pgvape.com\/es\/wp-json\/wp\/v2\/product_cat?post=8357"},{"taxonomy":"product_tag","embeddable":true,"href":"https:\/\/pgvape.com\/es\/wp-json\/wp\/v2\/product_tag?post=8357"}],"curies":[{"name":"wp","href":"https:\/\/api.w.org\/{rel}","templated":true}]}}