{"id":8206,"date":"2025-12-24T10:10:09","date_gmt":"2025-12-24T10:10:09","guid":{"rendered":"https:\/\/pgvape.com\/?post_type=product&#038;p=8206"},"modified":"2025-12-26T07:44:21","modified_gmt":"2025-12-26T07:44:21","slug":"uor-tornado-30000-30k-sopla-al-por-mayor-disponible-de-la-fabrica-del-vape-de-la-exhibicion-llevada-2-5nicotina-10taste-del-vape","status":"publish","type":"product","link":"https:\/\/pgvape.com\/es\/producto\/uor-tornado-30000-30k-sopla-al-por-mayor-disponible-de-la-fabrica-del-vape-de-la-exhibicion-llevada-2-5nicotina-10taste-del-vape\/","title":{"rendered":"UOR Tornado 30000 30K Puffs Vape desechable 2% 5%Nicotina 10Taste Pantalla LED Vape Factory Wholesale"},"content":{"rendered":"<p><strong>Pluma disponible de Vape de la pantalla LED de los soplos 30K del tornado 30000 de UOR<\/strong>\u00a0est\u00e1 dise\u00f1ado para usuarios que buscan un rendimiento duradero y un sabor suave y consistente. .<\/p>\n<p>&nbsp;<\/p>\n<h2><strong><span style=\"font-size: 90%;\">Especificaciones del vaporizador desechable UOR Tornado 30000 30K Puffs<\/span><\/strong><\/h2>\n<p><strong data-sourcepos=\"11:6-11:37\">Bater\u00eda recargable de 650 mAh.<\/strong>\u00a0\u2013 Carga r\u00e1pida USB tipo C<\/p>\n<p><strong data-sourcepos=\"12:6-12:34\">E-l\u00edquido precargado de 28 ml<\/strong>\u00a0\u2013 Estabilidad del sabor duradera<\/p>\n<p><strong data-sourcepos=\"13:6-13:24\">Bobina de malla de 1,0 \u03a9<\/strong>\u00a0\u2013 Vapor suave y claridad de sabor mejorada<\/p>\n<p><strong data-sourcepos=\"14:7-14:22\">Pantalla LED<\/strong>\u00a0\u2013 Supervise la bater\u00eda y los detalles de uso de un vistazo<\/p>\n<p><strong data-sourcepos=\"15:6-15:28\">Hasta 30.000 bocanadas<\/strong>\u00a0\u2013 Vida \u00fatil m\u00e1s larga, menos desperdicio<\/p>\n<p><strong data-sourcepos=\"16:6-16:33\">10 unidades por caja minorista<\/strong>\u00a0\u2013 Ideal para comercio minorista y mayorista.<\/p>\n<p><strong data-sourcepos=\"17:6-17:33\">Dise\u00f1o elegante y ergon\u00f3mico<\/strong>\u00a0\u2013 C\u00f3modo para uso durante todo el d\u00eda<\/p>\n<p>&nbsp;<\/p>\n<h3><strong><span style=\"font-size: 90%;\">Lista de sabores de Vape desechable UOR Tornado 30000 30K Puffs:<\/span><\/strong><\/h3>\n<p><strong>1.Hielo de ar\u00e1ndanos<\/strong><\/p>\n<p><strong>2.Bebida energ\u00e9tica<\/strong><\/p>\n<p><strong>3.Hielo de uva<\/strong><\/p>\n<p><strong>4.Guayaba y maracuy\u00e1 con kiwi<\/strong><\/p>\n<p><strong>5.Se\u00f1or Azul<\/strong><\/p>\n<p><strong>6.Hielo de melocot\u00f3n<\/strong><\/p>\n<p><strong>7.Sand\u00eda Fresa<\/strong><\/p>\n<p><strong>8.kiwi fresa<\/strong><\/p>\n<p><strong>9.Fresa Frambuesa Cereza<\/strong><\/p>\n<p><strong>10.Hielo de sand\u00eda<\/strong><\/p>\n<p><strong><img loading=\"lazy\" decoding=\"async\" class=\"alignnone wp-image-8221 size-full\" src=\"https:\/\/pgvape.com\/wp-content\/uploads\/2025\/12\/UOR-Tornado-30000-30K-Puffs-Disposable-Vape-2-5-Nicotin-10Tastes-Vape-Factory-Wholesale-PGvape-Flavor-List.png\" alt=\"El colorido UOR 30k inhala bol\u00edgrafos vapeadores desechables con tem\u00e1tica de monos en sabores como Blueberry Ice, Peach Ice y Strawberry Kiwi.\" width=\"1500\" height=\"1500\" srcset=\"https:\/\/pgvape.com\/wp-content\/uploads\/2025\/12\/UOR-Tornado-30000-30K-Puffs-Disposable-Vape-2-5-Nicotin-10Tastes-Vape-Factory-Wholesale-PGvape-Flavor-List.png 1500w, https:\/\/pgvape.com\/wp-content\/uploads\/2025\/12\/UOR-Tornado-30000-30K-Puffs-Disposable-Vape-2-5-Nicotin-10Tastes-Vape-Factory-Wholesale-PGvape-Flavor-List-360x360.png 360w, https:\/\/pgvape.com\/wp-content\/uploads\/2025\/12\/UOR-Tornado-30000-30K-Puffs-Disposable-Vape-2-5-Nicotin-10Tastes-Vape-Factory-Wholesale-PGvape-Flavor-List-595x595.png 595w, https:\/\/pgvape.com\/wp-content\/uploads\/2025\/12\/UOR-Tornado-30000-30K-Puffs-Disposable-Vape-2-5-Nicotin-10Tastes-Vape-Factory-Wholesale-PGvape-Flavor-List-400x400.png 400w, https:\/\/pgvape.com\/wp-content\/uploads\/2025\/12\/UOR-Tornado-30000-30K-Puffs-Disposable-Vape-2-5-Nicotin-10Tastes-Vape-Factory-Wholesale-PGvape-Flavor-List-768x768.png 768w, https:\/\/pgvape.com\/wp-content\/uploads\/2025\/12\/UOR-Tornado-30000-30K-Puffs-Disposable-Vape-2-5-Nicotin-10Tastes-Vape-Factory-Wholesale-PGvape-Flavor-List-12x12.png 12w, https:\/\/pgvape.com\/wp-content\/uploads\/2025\/12\/UOR-Tornado-30000-30K-Puffs-Disposable-Vape-2-5-Nicotin-10Tastes-Vape-Factory-Wholesale-PGvape-Flavor-List-300x300.png 300w, https:\/\/pgvape.com\/wp-content\/uploads\/2025\/12\/UOR-Tornado-30000-30K-Puffs-Disposable-Vape-2-5-Nicotin-10Tastes-Vape-Factory-Wholesale-PGvape-Flavor-List-600x600.png 600w, https:\/\/pgvape.com\/wp-content\/uploads\/2025\/12\/UOR-Tornado-30000-30K-Puffs-Disposable-Vape-2-5-Nicotin-10Tastes-Vape-Factory-Wholesale-PGvape-Flavor-List-100x100.png 100w\" sizes=\"auto, (max-width: 1500px) 100vw, 1500px\" \/><\/strong><\/p>\n<p>&nbsp;<\/p>\n<h2><strong>Preguntas frecuentes sobre el vaporizador desechable UOR Tornado 30000 30K Puffs<\/strong><\/h2>\n<p>\u2753 <strong class=\"\">\u00bfCu\u00e1ntas inhalaciones por dispositivo?<\/strong><br \/>\n\u2705 Clasificado de f\u00e1brica <strong class=\"\">30.000 bocanadas<\/strong>\u2014semanas de uso intensivo.<\/p>\n<p>\u2753 <strong class=\"\">\u00bfQu\u00e9 tan grande es el tanque?<\/strong><br \/>\n\u2705 <strong class=\"\">28ml<\/strong>\u2014gran capacidad para menos reemplazos.<\/p>\n<p>\u2753 <strong>\u00bfEs recargable?<\/strong><br \/>\n\u2705 <strong>650mAh<\/strong> bater\u00eda + <strong>Tipo C<\/strong> puerto; carga completa en ~30 min.<\/p>\n<p>\u2753 <strong class=\"\">\u00bfQu\u00e9 potencias de nicotina se ofrecen?<\/strong><br \/>\n\u2705 <strong class=\"\">2 %<\/strong> suave o <strong class=\"\">5 %<\/strong> fuerte: elige tu golpe.<\/p>\n<p>\u2753 <strong>\u00bfC\u00f3mo se mantiene constante el sabor?<\/strong><br \/>\n\u2705 <strong>Bobina de malla de 1,0 \u03a9<\/strong> calienta uniformemente para obtener nubes sedosas y sabrosas.<\/p>\n<p>\u2753 <strong class=\"\">\u00bfC\u00f3mo superviso el estado?<\/strong><br \/>\n\u2705 <strong class=\"\">pantalla LED<\/strong> muestra informaci\u00f3n sobre la bater\u00eda y el vapeo de un vistazo.<\/p>\n<p>\u2753 <strong>\u00bfEmbalaje listo para la venta al por menor?<\/strong><br \/>\n\u2705 <strong>10 unidades\/caja<\/strong>\u2014perfecto para estante o carrito a granel.<\/p>\n<p>&nbsp;<\/p>\n<h3 id=\"brxe-najhln\" class=\"brxe-heading\">Preguntas frecuentes (FAQ)<\/h3>\n<div id=\"brxe-rajiac\" class=\"brxe-text\">\n<p><strong>P: \u00bfQu\u00e9 m\u00e9todos de pago aceptan?<\/strong><br \/>\nR: Aceptamos PayPal, Stripe, transferencias bancarias (compatibles con SEPA), las principales tarjetas de cr\u00e9dito (Visa, MasterCard, American Express) y pagos con criptomonedas.<\/p>\n<p><strong>P: \u00bfCu\u00e1nto tiempo lleva la preparaci\u00f3n del pedido?<\/strong><br \/>\nR: La preparaci\u00f3n del pedido demora entre 1 y 3 d\u00edas h\u00e1biles.<\/p>\n<p><strong>P: \u00bfCu\u00e1l es el tiempo de env\u00edo?<\/strong><br \/>\nR: El tiempo de env\u00edo es de 7 a 14 d\u00edas h\u00e1biles, dependiendo de su ubicaci\u00f3n. Los productos enviados desde almacenes europeos generalmente demoran de 3 a 6 d\u00edas h\u00e1biles en entregarse.<\/p>\n<p><strong>P: \u00bfC\u00f3mo puedo realizar un seguimiento de mi pedido?<\/strong><br \/>\nR: Despu\u00e9s del env\u00edo, recibir\u00e1 un correo electr\u00f3nico de confirmaci\u00f3n con un n\u00famero de seguimiento para realizar un seguimiento en tiempo real.<\/p>\n<p><strong>P: \u00bfCu\u00e1l es su pol\u00edtica de devoluci\u00f3n?<\/strong><br \/>\nR: Ofrecemos una pol\u00edtica de devoluci\u00f3n de 30 d\u00edas para reembolsos o cambios. .<\/p>\n<p><strong>P: \u00bfHabr\u00e1 alg\u00fan problema aduanero?<br \/>\n<\/strong>Nos encargamos de todos los procedimientos de despacho de aduanas para garantizarle una experiencia sin complicaciones. .<\/p>\n<p><strong>P: \u00bfQu\u00e9 m\u00e9todos de env\u00edo se utilizan?<\/strong><br \/>\nCooperamos con UPS\/DHL\/FEDEX\/DPD, etc. Elegiremos la opci\u00f3n de env\u00edo adecuada seg\u00fan el pa\u00eds de entrega para asegurarnos de que reciba sus productos lo m\u00e1s r\u00e1pido posible.<\/p>\n<p><a href=\"https:\/\/pgvape.com\/es\/preguntas-frecuentes\/\">Haga clic aqu\u00ed para m\u00e1s preguntas frecuentes<\/a><\/p>\n<p>Estimados clientes: Si tienen alguna pregunta sobre su pedido o la llegada de la mercanc\u00eda, comun\u00edquese con nuestro servicio de atenci\u00f3n al cliente. \u00a1Gracias!<\/p>\n<h3 data-sourcepos=\"73:1-73:21\"><strong data-sourcepos=\"73:7-73:21\">Cont\u00e1ctenos<\/strong><\/h3>\n<div id=\"text-2419739398\" class=\"text\">\n<p><strong data-sourcepos=\"75:3-75:12\">Correo electr\u00f3nico<\/strong>:\u00a0<a href=\"mailto:support@pgvape.com\"><strong>support@pgvape.com<\/strong><\/a><\/p>\n<p><strong data-sourcepos=\"76:3-76:15\">WhatsApp<\/strong>:\u00a0<a href=\"https:\/\/wa.me\/+8618128481258\"><strong>+86 18128481258<\/strong><\/a><br \/>\n<strong>(Respuesta dentro de las 24 horas en d\u00edas h\u00e1biles)<\/strong><\/p>\n<\/div>\n<h3><strong>\u00a1Gracias por elegir pgvape.com! .<\/strong><\/h3>\n<\/div>","protected":false},"excerpt":{"rendered":"<p><strong>UOR Tornado 30000<\/strong>\u2014<strong>30K bocanadas<\/strong>, <strong>28ml<\/strong>, <strong>bobina de malla<\/strong>, <strong>pantalla LED<\/strong>, <strong>Tipo C<\/strong>, <strong>2 %\/5 % NIC<\/strong>.<strong class=\"\">Capacidad a nivel de tormenta, control n\u00edtido.<\/strong><\/p>","protected":false},"featured_media":8209,"comment_status":"open","ping_status":"closed","template":"","meta":{"_seopress_robots_primary_cat":"none","_seopress_titles_title":"","_seopress_titles_desc":"","_seopress_robots_index":""},"product_brand":[516,345],"product_cat":[35,515,344],"product_tag":[349,90,79,490,540],"class_list":{"0":"post-8206","1":"product","2":"type-product","3":"status-publish","4":"has-post-thumbnail","6":"product_brand-disposable-vape","7":"product_brand-uor-vape","8":"product_cat-30k-puffs-vape","9":"product_cat-disposable-vape","10":"product_cat-uor-vape","11":"product_tag-30k-puffs-vape","12":"product_tag-disposable-vape","13":"product_tag-led-display","14":"product_tag-minimum-2-pieces","15":"product_tag-uor-tornado-30000","17":"first","18":"instock","19":"sale","20":"shipping-taxable","21":"purchasable","22":"product-type-variable"},"_links":{"self":[{"href":"https:\/\/pgvape.com\/es\/wp-json\/wp\/v2\/product\/8206","targetHints":{"allow":["GET"]}}],"collection":[{"href":"https:\/\/pgvape.com\/es\/wp-json\/wp\/v2\/product"}],"about":[{"href":"https:\/\/pgvape.com\/es\/wp-json\/wp\/v2\/types\/product"}],"replies":[{"embeddable":true,"href":"https:\/\/pgvape.com\/es\/wp-json\/wp\/v2\/comments?post=8206"}],"wp:featuredmedia":[{"embeddable":true,"href":"https:\/\/pgvape.com\/es\/wp-json\/wp\/v2\/media\/8209"}],"wp:attachment":[{"href":"https:\/\/pgvape.com\/es\/wp-json\/wp\/v2\/media?parent=8206"}],"wp:term":[{"taxonomy":"product_brand","embeddable":true,"href":"https:\/\/pgvape.com\/es\/wp-json\/wp\/v2\/product_brand?post=8206"},{"taxonomy":"product_cat","embeddable":true,"href":"https:\/\/pgvape.com\/es\/wp-json\/wp\/v2\/product_cat?post=8206"},{"taxonomy":"product_tag","embeddable":true,"href":"https:\/\/pgvape.com\/es\/wp-json\/wp\/v2\/product_tag?post=8206"}],"curies":[{"name":"wp","href":"https:\/\/api.w.org\/{rel}","templated":true}]}}