{"id":8139,"date":"2025-12-23T13:22:00","date_gmt":"2025-12-23T13:22:00","guid":{"rendered":"https:\/\/pgvape.com\/?post_type=product&#038;p=8139"},"modified":"2026-03-15T13:41:59","modified_gmt":"2026-03-15T13:41:59","slug":"vopk-btc-35000-35k-puffs-modo-dual-vape-desechable-flujo-de-aire-ajustable-potencia-5nicotina-10taste-360-pantalla-curva-vape-fabrica-al-por-mayor","status":"publish","type":"product","link":"https:\/\/pgvape.com\/es\/producto\/vopk-btc-35000-35k-puffs-modo-dual-vape-desechable-flujo-de-aire-ajustable-potencia-5nicotina-10taste-360-pantalla-curva-vape-fabrica-al-por-mayor\/","title":{"rendered":"VOPK BTC 35000 35K Puffs Modo dual Vape desechable Potencia de flujo de aire ajustable 5%Nicotina 10Taste 360 \u200b\u200b\u00b0 Pantalla curva Vape Factory Wholesale"},"content":{"rendered":"<p><strong data-sourcepos=\"4:46-4:62\">VOPK BTC 35K<\/strong>\u2014un vaporizador desechable de alto rendimiento dise\u00f1ado para ofrecer un sabor y una longevidad excepcionales. <strong data-sourcepos=\"4:174-4:197\">Bobina de doble malla de 0,8\u03a9<\/strong> y una sustancial <strong data-sourcepos=\"4:216-4:233\">e-l\u00edquido de 22 ml<\/strong> capacidad, ofrece una impresionante <strong data-sourcepos=\"4:268-4:284\">35.000 bocanadas<\/strong> de vapor consistentemente suave.<strong data-sourcepos=\"4:339-4:390\">galvanoplastia, pintura met\u00e1lica e impresi\u00f3n UV<\/strong>\u2014Combina una est\u00e9tica premium con una funcionalidad inteligente, incluido un <strong data-sourcepos=\"4:458-4:498\">Pantalla curva inteligente de 360 \u200b\u200bgrados.<\/strong> y ajustes de potencia ajustables. .<img loading=\"lazy\" decoding=\"async\" class=\"alignnone wp-image-8165 size-full\" src=\"https:\/\/pgvape.com\/wp-content\/uploads\/2025\/12\/VOPK-BTC-35000-35K-Puffs-Disposable-Vape-Adjustable-Airflow-Power-5Nicotine-10Taste-Full-Screen-Display-Vape-Factory-Wholesale-12.png\" alt=\"Vaporizador desechable VOPK BTC 35K con tem\u00e1tica espacial, c\u00e1psulas rosas y azules junto a una moneda Bitcoin, que muestra los modos Boost y Norm.\" width=\"1200\" height=\"686\" srcset=\"https:\/\/pgvape.com\/wp-content\/uploads\/2025\/12\/VOPK-BTC-35000-35K-Puffs-Disposable-Vape-Adjustable-Airflow-Power-5Nicotine-10Taste-Full-Screen-Display-Vape-Factory-Wholesale-12.png 1200w, https:\/\/pgvape.com\/wp-content\/uploads\/2025\/12\/VOPK-BTC-35000-35K-Puffs-Disposable-Vape-Adjustable-Airflow-Power-5Nicotine-10Taste-Full-Screen-Display-Vape-Factory-Wholesale-12-555x317.png 555w, https:\/\/pgvape.com\/wp-content\/uploads\/2025\/12\/VOPK-BTC-35000-35K-Puffs-Disposable-Vape-Adjustable-Airflow-Power-5Nicotine-10Taste-Full-Screen-Display-Vape-Factory-Wholesale-12-595x340.png 595w, https:\/\/pgvape.com\/wp-content\/uploads\/2025\/12\/VOPK-BTC-35000-35K-Puffs-Disposable-Vape-Adjustable-Airflow-Power-5Nicotine-10Taste-Full-Screen-Display-Vape-Factory-Wholesale-12-400x229.png 400w, https:\/\/pgvape.com\/wp-content\/uploads\/2025\/12\/VOPK-BTC-35000-35K-Puffs-Disposable-Vape-Adjustable-Airflow-Power-5Nicotine-10Taste-Full-Screen-Display-Vape-Factory-Wholesale-12-768x439.png 768w, https:\/\/pgvape.com\/wp-content\/uploads\/2025\/12\/VOPK-BTC-35000-35K-Puffs-Disposable-Vape-Adjustable-Airflow-Power-5Nicotine-10Taste-Full-Screen-Display-Vape-Factory-Wholesale-12-18x10.png 18w, https:\/\/pgvape.com\/wp-content\/uploads\/2025\/12\/VOPK-BTC-35000-35K-Puffs-Disposable-Vape-Adjustable-Airflow-Power-5Nicotine-10Taste-Full-Screen-Display-Vape-Factory-Wholesale-12-600x343.png 600w\" sizes=\"auto, (max-width: 1200px) 100vw, 1200px\" \/><\/p>\n<p>&nbsp;<\/p>\n<h2><span style=\"font-size: 90%;\">VOPK BTC 35000 35K Puffs Especificaciones de Vape desechables de modo dual:<\/span><\/h2>\n<p><strong data-sourcepos=\"9:6-9:29\">Bobina de malla doble de 0,8 \u03a9<\/strong>\u00a0\u2013 Sabor rico y producci\u00f3n de vapor denso.<\/p>\n<p><strong data-sourcepos=\"10:7-10:43\">Pantalla curva din\u00e1mica de 360 \u200b\u200bgrados<\/strong>\u00a0\u2013 Pantalla inteligente de bater\u00eda y e-l\u00edquido con conmutaci\u00f3n de energ\u00eda.<\/p>\n<p><strong data-sourcepos=\"11:6-11:41\">Bater\u00eda de 850 mAh + carga USB-C<\/strong>\u00a0\u2013 Recargable para un uso duradero.<\/p>\n<p><strong data-end=\"3669\" data-start=\"3655\">Conteo de bocanadas \u2013 <\/strong>Hasta 35.000 (Norma) \/ 25.000 (Impulso)<\/p>\n<p><strong data-sourcepos=\"13:6-13:32\">Capacidad de l\u00edquido electr\u00f3nico de 22 ml<\/strong>\u00a0\u2013 Precargado con l\u00edquido mezclado premium.<\/p>\n<p><strong data-sourcepos=\"14:7-14:37\">Flujo de aire y potencia ajustables<\/strong>\u00a0\u2013 Personaliza tu inhalaci\u00f3n y la intensidad del vapor.<\/p>\n<p><strong data-sourcepos=\"15:5-15:23\">Acabado premium<\/strong>\u00a0\u2013 Galvanoplastia, pintura met\u00e1lica e impresi\u00f3n UV para una apariencia y sensaci\u00f3n refinadas.<\/p>\n<p>&nbsp;<\/p>\n<h3><span style=\"font-size: 90%;\">VOPK BTC 35000 35K Puffs Lista de sabores de Vape desechable de modo dual:<\/span><\/h3>\n<p>1.Hielo de sand\u00eda<\/p>\n<p>2. Hielo azul Razz<\/p>\n<p>3.Explosi\u00f3n de fresa<\/p>\n<p>4. Melocot\u00f3n de Georgia<\/p>\n<p>5.Pasi\u00f3n Kiwi<\/p>\n<p>6.Helado de naranja, ar\u00e1ndano y lima<\/p>\n<p>7.menta fresca<\/p>\n<p>8.Pi\u00f1a con mango agrio<\/p>\n<p>9.Frambuesa melocot\u00f3n blanco<\/p>\n<p>10.Congelado de caramelo de pl\u00e1tano<img loading=\"lazy\" decoding=\"async\" class=\"alignnone wp-image-8159 size-full\" src=\"https:\/\/pgvape.com\/wp-content\/uploads\/2025\/12\/VOPK-BTC-35000-35K-Puffs-Disposable-Vape-Adjustable-Airflow-Power-5Nicotine-10Taste-Full-Screen-Display-Vape-Factory-Wholesale-7.png\" alt=\"Diez coloridos dispositivos de vapeo desechables en una pantalla iluminada con luces de ne\u00f3n, cada uno con una etiqueta de sabor: Banana Taffy Freeze, Cool Mint y Peach.\" width=\"1500\" height=\"1342\" srcset=\"https:\/\/pgvape.com\/wp-content\/uploads\/2025\/12\/VOPK-BTC-35000-35K-Puffs-Disposable-Vape-Adjustable-Airflow-Power-5Nicotine-10Taste-Full-Screen-Display-Vape-Factory-Wholesale-7.png 1500w, https:\/\/pgvape.com\/wp-content\/uploads\/2025\/12\/VOPK-BTC-35000-35K-Puffs-Disposable-Vape-Adjustable-Airflow-Power-5Nicotine-10Taste-Full-Screen-Display-Vape-Factory-Wholesale-7-402x360.png 402w, https:\/\/pgvape.com\/wp-content\/uploads\/2025\/12\/VOPK-BTC-35000-35K-Puffs-Disposable-Vape-Adjustable-Airflow-Power-5Nicotine-10Taste-Full-Screen-Display-Vape-Factory-Wholesale-7-595x532.png 595w, https:\/\/pgvape.com\/wp-content\/uploads\/2025\/12\/VOPK-BTC-35000-35K-Puffs-Disposable-Vape-Adjustable-Airflow-Power-5Nicotine-10Taste-Full-Screen-Display-Vape-Factory-Wholesale-7-400x358.png 400w, https:\/\/pgvape.com\/wp-content\/uploads\/2025\/12\/VOPK-BTC-35000-35K-Puffs-Disposable-Vape-Adjustable-Airflow-Power-5Nicotine-10Taste-Full-Screen-Display-Vape-Factory-Wholesale-7-768x687.png 768w, https:\/\/pgvape.com\/wp-content\/uploads\/2025\/12\/VOPK-BTC-35000-35K-Puffs-Disposable-Vape-Adjustable-Airflow-Power-5Nicotine-10Taste-Full-Screen-Display-Vape-Factory-Wholesale-7-13x12.png 13w, https:\/\/pgvape.com\/wp-content\/uploads\/2025\/12\/VOPK-BTC-35000-35K-Puffs-Disposable-Vape-Adjustable-Airflow-Power-5Nicotine-10Taste-Full-Screen-Display-Vape-Factory-Wholesale-7-600x537.png 600w\" sizes=\"auto, (max-width: 1500px) 100vw, 1500px\" \/><\/p>\n<p>&nbsp;<\/p>\n<h3><span style=\"font-size: 90%;\">VOPK BTC 35000 35K sopla Vape disponible de modo dual <strong>Video:<\/strong><\/span><\/h3>\n<p><iframe loading=\"lazy\" title=\"VOPK BTC 35K sopla pgvape ajustable de la venta al por mayor de la f\u00e1brica de Vape del poder de la circulaci\u00f3n de aire de Vape disponible del modo dual\" width=\"563\" height=\"1000\" src=\"https:\/\/www.youtube.com\/embed\/ZJqTt0qybLA?feature=oembed\" frameborder=\"0\" allow=\"accelerometer; autoplay; clipboard-write; encrypted-media; gyroscope; picture-in-picture; web-share\" referrerpolicy=\"strict-origin-when-cross-origin\" allowfullscreen><\/iframe><\/p>\n<p>&nbsp;<\/p>\n<h2><span style=\"font-size: 90%;\">Preguntas frecuentes sobre VOPK BTC 35000 35K Puffs Vape desechable de modo dual<\/span><\/h2>\n<p>\u2753 <strong>\u00bfCu\u00e1ntas inhalaciones por dispositivo?<\/strong><br \/>\n\u2705 <strong>35.000 bocanadas<\/strong> en modo de ventilador \u00fanico (existe la opci\u00f3n de ventilador doble de 25K).<\/p>\n<p>\u2753 <strong>\u00bfEs recargable?<\/strong><br \/>\n\u2705 <strong>850mAh<\/strong> bater\u00eda + <strong>Tipo C<\/strong> puerto; carga completa en ~30 min.<\/p>\n<p>\u2753 <strong class=\"\">\u00bfPuedo ajustar la potencia o el flujo de aire?<\/strong><br \/>\n\u2705 <strong>potencia ajustable<\/strong> + <strong>ventilaci\u00f3n de flujo de aire inferior<\/strong>\u2014Fuerza del golpe a medida y empate.<\/p>\n<p>\u2753 <strong>\u00bfQu\u00e9 bobina hay dentro?<\/strong><br \/>\n\u2705 <strong>Bobina de doble malla de 0,8 \u03a9<\/strong>\u2014Calor r\u00e1pido, sabor denso.<\/p>\n<p>\u2753 <strong>\u00bfC\u00f3mo controlo la bater\u00eda o el jugo?<\/strong><br \/>\n\u2705 <strong>Pantalla curva de 360\u00b0<\/strong> muestra <strong>combustible<\/strong>, <strong>el\u00e9ctrico<\/strong>, y <strong>modo de energ\u00eda<\/strong> en tiempo real.<\/p>\n<p>\u2753 <strong>\u00bfContiene sabor a kiwi?<\/strong><br \/>\n\u2705 <strong>Pasi\u00f3n Kiwi<\/strong> es la mezcla distintiva: tropical, picante y suave.<\/p>\n<p>&nbsp;<\/p>\n<h3 id=\"brxe-najhln\" class=\"brxe-heading\">Preguntas frecuentes (FAQ)<\/h3>\n<div id=\"brxe-rajiac\" class=\"brxe-text\">\n<p><strong>P: \u00bfQu\u00e9 m\u00e9todos de pago aceptan?<\/strong><br \/>\nR: Aceptamos PayPal, Stripe, transferencias bancarias (compatibles con SEPA), las principales tarjetas de cr\u00e9dito (Visa, MasterCard, American Express) y pagos con criptomonedas.<\/p>\n<p><strong>P: \u00bfCu\u00e1nto tiempo lleva la preparaci\u00f3n del pedido?<\/strong><br \/>\nR: La preparaci\u00f3n del pedido demora entre 1 y 3 d\u00edas h\u00e1biles.<\/p>\n<p><strong>P: \u00bfCu\u00e1l es el tiempo de env\u00edo?<\/strong><br \/>\nR: El tiempo de env\u00edo es de 7 a 14 d\u00edas h\u00e1biles, dependiendo de su ubicaci\u00f3n. Los productos enviados desde almacenes europeos generalmente demoran de 3 a 6 d\u00edas h\u00e1biles en entregarse.<\/p>\n<p><strong>P: \u00bfC\u00f3mo puedo realizar un seguimiento de mi pedido?<\/strong><br \/>\nR: Despu\u00e9s del env\u00edo, recibir\u00e1 un correo electr\u00f3nico de confirmaci\u00f3n con un n\u00famero de seguimiento para realizar un seguimiento en tiempo real.<\/p>\n<p><strong>P: \u00bfCu\u00e1l es su pol\u00edtica de devoluci\u00f3n?<\/strong><br \/>\nR: Ofrecemos una pol\u00edtica de devoluci\u00f3n de 30 d\u00edas para reembolsos o cambios. .<\/p>\n<p><strong>P: \u00bfHabr\u00e1 alg\u00fan problema aduanero?<br \/>\n<\/strong>Nos encargamos de todos los procedimientos de despacho de aduanas para garantizarle una experiencia sin complicaciones. .<\/p>\n<p><strong>P: \u00bfQu\u00e9 m\u00e9todos de env\u00edo se utilizan?<\/strong><br \/>\nCooperamos con UPS\/DHL\/FEDEX\/DPD, etc. Elegiremos la opci\u00f3n de env\u00edo adecuada seg\u00fan el pa\u00eds de entrega para asegurarnos de que reciba sus productos lo m\u00e1s r\u00e1pido posible.<\/p>\n<p><a href=\"https:\/\/pgvape.com\/es\/preguntas-frecuentes\/\">Haga clic aqu\u00ed para m\u00e1s preguntas frecuentes<\/a><\/p>\n<p>Estimados clientes: Si tienen alguna pregunta sobre su pedido o la llegada de la mercanc\u00eda, comun\u00edquese con nuestro servicio de atenci\u00f3n al cliente. \u00a1Gracias!<\/p>\n<h3 data-sourcepos=\"73:1-73:21\"><strong data-sourcepos=\"73:7-73:21\">Cont\u00e1ctenos<\/strong><\/h3>\n<div id=\"text-2419739398\" class=\"text\">\n<p><strong data-sourcepos=\"75:3-75:12\">Correo electr\u00f3nico<\/strong>:\u00a0<a href=\"mailto:support@pgvape.com\"><strong>support@pgvape.com<\/strong><\/a><\/p>\n<p><strong data-sourcepos=\"76:3-76:15\">WhatsApp<\/strong>:\u00a0<a href=\"https:\/\/wa.me\/+8618128481258\"><strong>+86 18128481258<\/strong><\/a><br \/>\n<strong>(Respuesta dentro de las 24 horas en d\u00edas h\u00e1biles)<\/strong><\/p>\n<\/div>\n<h3><strong>\u00a1Gracias por elegir pgvape.com! .<\/strong><\/h3>\n<\/div>","protected":false},"excerpt":{"rendered":"<p><strong>VOPK BTC 35K<\/strong>\u2014<strong>35K bocanadas<\/strong>, <strong>22 ml de aceite mineral<\/strong>, <strong>0,8 \u03a9 de doble malla<\/strong>, <strong>potencia y flujo de aire ajustables<\/strong>, <strong>Pantalla curva de 360\u00b0<\/strong>.<strong>Gira la ventilaci\u00f3n, aumenta la potencia, prueba el kiwi.<\/strong><\/p>","protected":false},"featured_media":8152,"comment_status":"open","ping_status":"closed","template":"","meta":{"_seopress_robots_primary_cat":"","_seopress_titles_title":"","_seopress_titles_desc":"","_seopress_robots_index":""},"product_brand":[516,218],"product_cat":[197,515,31],"product_tag":[342,537,536,90,415,535],"class_list":{"0":"post-8139","1":"product","2":"type-product","3":"status-publish","4":"has-post-thumbnail","6":"product_brand-disposable-vape","7":"product_brand-vopk-vape","8":"product_cat-35k-puffs-vape","9":"product_cat-disposable-vape","10":"product_cat-vopk-vape","11":"product_tag-35k-puffs-vape","12":"product_tag-360-curved-screen","13":"product_tag-adjustable-airflow-power","14":"product_tag-disposable-vape","15":"product_tag-dual-mode","16":"product_tag-vopk-btc-35000","18":"first","19":"instock","20":"sale","21":"shipping-taxable","22":"purchasable","23":"product-type-variable"},"_links":{"self":[{"href":"https:\/\/pgvape.com\/es\/wp-json\/wp\/v2\/product\/8139","targetHints":{"allow":["GET"]}}],"collection":[{"href":"https:\/\/pgvape.com\/es\/wp-json\/wp\/v2\/product"}],"about":[{"href":"https:\/\/pgvape.com\/es\/wp-json\/wp\/v2\/types\/product"}],"replies":[{"embeddable":true,"href":"https:\/\/pgvape.com\/es\/wp-json\/wp\/v2\/comments?post=8139"}],"wp:featuredmedia":[{"embeddable":true,"href":"https:\/\/pgvape.com\/es\/wp-json\/wp\/v2\/media\/8152"}],"wp:attachment":[{"href":"https:\/\/pgvape.com\/es\/wp-json\/wp\/v2\/media?parent=8139"}],"wp:term":[{"taxonomy":"product_brand","embeddable":true,"href":"https:\/\/pgvape.com\/es\/wp-json\/wp\/v2\/product_brand?post=8139"},{"taxonomy":"product_cat","embeddable":true,"href":"https:\/\/pgvape.com\/es\/wp-json\/wp\/v2\/product_cat?post=8139"},{"taxonomy":"product_tag","embeddable":true,"href":"https:\/\/pgvape.com\/es\/wp-json\/wp\/v2\/product_tag?post=8139"}],"curies":[{"name":"wp","href":"https:\/\/api.w.org\/{rel}","templated":true}]}}