{"id":8111,"date":"2025-12-23T10:25:45","date_gmt":"2025-12-23T10:25:45","guid":{"rendered":"https:\/\/pgvape.com\/?post_type=product&#038;p=8111"},"modified":"2026-03-23T11:08:28","modified_gmt":"2026-03-23T11:08:28","slug":"airmez-fox-140000-140k-inhalaciones-6-en-1-sabores-envio-de-vape-desechable-desde-la-fabrica-de-vape-de-la-ue-al-por-mayor","status":"publish","type":"product","link":"https:\/\/pgvape.com\/es\/producto\/airmez-fox-140000-140k-inhalaciones-6-en-1-sabores-envio-de-vape-desechable-desde-la-fabrica-de-vape-de-la-ue-al-por-mayor\/","title":{"rendered":"Airmez FOX 140000 140K Puffs 6 EN 1 Sabores Env\u00edo desechable de Vape desde la venta al por mayor de f\u00e1brica de Vape de la UE"},"content":{"rendered":"<p><strong data-sourcepos=\"2:1-2:81\">Airmez FOX 140K | 140.000 inhalaciones | 45 ml precargado | Existencias en la UE | Pantalla completa<br \/>\nAirmez Fox 6 en 1: una verdadera potencia en vapeo desechable, dise\u00f1ado para brindar longevidad, variedad de sabores y control inteligente. .<br \/>\n<\/strong><\/p>\n<p>&nbsp;<\/p>\n<h2><span style=\"font-size: 90%;\">Airmez FOX 140000 140K Puffs 6 EN 1 Sabores Especificaciones desechables de Vape<\/span><\/h2>\n<p><strong data-sourcepos=\"13:6-13:33\">6 sabores en un solo dispositivo<\/strong>\u00a0\u2013 Cambie sin problemas entre m\u00faltiples c\u00e1psulas de sabor con solo girar la boquilla.<\/p>\n<p><strong data-sourcepos=\"14:7-14:30\">Pantalla completa<\/strong>\u00a0\u2013 Vea la duraci\u00f3n de la bater\u00eda, el n\u00famero de caladas y el sabor activo de un vistazo.<\/p>\n<p><strong data-sourcepos=\"15:6-15:41\">Bater\u00eda de 650 mAh + carga USB-C<\/strong>\u00a0\u2013 Recargas r\u00e1pidas, energ\u00eda confiable durante todo el d\u00eda.<\/p>\n<p><strong data-sourcepos=\"16:6-16:29\">45 ml de l\u00edquido electr\u00f3nico total<\/strong> \u2013 Tres c\u00e1psulas recargables de 15 ml ofrecen un uso prolongado.a<\/p>\n<p><strong data-sourcepos=\"17:6-17:24\">Bobina de malla de 1,0 \u03a9<\/strong>\u00a0\u2013 Vapor suave y rico y liberaci\u00f3n de sabor consistente.<\/p>\n<p><strong data-sourcepos=\"18:6-18:41\">10 colecciones de sabores disponibles<\/strong>\u00a0\u2013 Mezclas de frutas preparadas por expertos para todos los paladares.<\/p>\n<p><strong data-sourcepos=\"19:6-19:23\">140.000 bocanadas<\/strong>\u00a0\u2013 Vida \u00fatil excepcional para el vapeador a largo plazo.<\/p>\n<p><strong data-sourcepos=\"20:6-20:28\">Compacto y port\u00e1til<\/strong>\u00a0\u2013 Dise\u00f1o liviano y ergon\u00f3mico perfecto para uso mientras viaja.<\/p>\n<p><strong data-sourcepos=\"13:6-13:33\">Ships from EU Warehouse<\/strong>\u00a0\u2013 Entrega r\u00e1pida y conforme sin retrasos aduaneros.<\/p>\n<p>&nbsp;<\/p>\n<h3><span style=\"font-size: 90%;\">Airmez FOX 140000 140K Puffs 6 EN 1 Sabores Lista de sabores de Vape desechable:<\/span><\/h3>\n<p>1.Helado de cereza, cola y mango<\/p>\n<p>2.Dragonfruit Ice &amp; Fruity Fusion &amp; Frambuesa Sand\u00eda<\/p>\n<p>3.Love 66, limonada de bayas y cereza gaseosa<\/p>\n<p>4.Mezcla de bayas, limonada Blue Razz y cerezas<\/p>\n<p>5.Love 66, fresa, kiwi y melocot\u00f3n, mango<\/p>\n<p>6. Hielo de melocot\u00f3n, hielo de mango y Dr. Blue<\/p>\n<p>7.Fresa, Pl\u00e1tano, Vimto y Ar\u00e1ndano, Cereza, Ar\u00e1ndano<\/p>\n<p>8.Hielo de fresa, limonada rosada y trituraci\u00f3n de bingo<\/p>\n<p>9.Sand\u00eda Fresa, Mel\u00f3n Triple y Hielo Blue Razz<\/p>\n<p>10.Hielo de sand\u00eda, trituraci\u00f3n de bingo y bayas mixtas<\/p>\n<p data-sourcepos=\"52:1-52:120\"><em data-sourcepos=\"52:1-52:120\">(Cada juego incluye tres c\u00e1psulas de sabor, cada una de las cuales contiene dos sabores distintos, con un total de seis opciones de sabor por dispositivo).<img loading=\"lazy\" decoding=\"async\" class=\"alignnone wp-image-8116 size-full\" src=\"https:\/\/pgvape.com\/wp-content\/uploads\/2025\/12\/Airmez-FOX-140000-140K-Puffs-6-IN-1-Flavors-Disposable-Vape-Shipment-from-EU-Free-Shipping-Vape-Factory-Wholesale-3.png\" alt=\"Banner brillante para el vaporizador desechable Airmez Fox 6 en 1, con botellas con tem\u00e1tica de zorros pastel dispuestas sobre un pedestal de arco\u00edris.\" width=\"2000\" height=\"624\" srcset=\"https:\/\/pgvape.com\/wp-content\/uploads\/2025\/12\/Airmez-FOX-140000-140K-Puffs-6-IN-1-Flavors-Disposable-Vape-Shipment-from-EU-Free-Shipping-Vape-Factory-Wholesale-3.png 2000w, https:\/\/pgvape.com\/wp-content\/uploads\/2025\/12\/Airmez-FOX-140000-140K-Puffs-6-IN-1-Flavors-Disposable-Vape-Shipment-from-EU-Free-Shipping-Vape-Factory-Wholesale-3-555x173.png 555w, https:\/\/pgvape.com\/wp-content\/uploads\/2025\/12\/Airmez-FOX-140000-140K-Puffs-6-IN-1-Flavors-Disposable-Vape-Shipment-from-EU-Free-Shipping-Vape-Factory-Wholesale-3-595x186.png 595w, https:\/\/pgvape.com\/wp-content\/uploads\/2025\/12\/Airmez-FOX-140000-140K-Puffs-6-IN-1-Flavors-Disposable-Vape-Shipment-from-EU-Free-Shipping-Vape-Factory-Wholesale-3-400x125.png 400w, https:\/\/pgvape.com\/wp-content\/uploads\/2025\/12\/Airmez-FOX-140000-140K-Puffs-6-IN-1-Flavors-Disposable-Vape-Shipment-from-EU-Free-Shipping-Vape-Factory-Wholesale-3-768x240.png 768w, https:\/\/pgvape.com\/wp-content\/uploads\/2025\/12\/Airmez-FOX-140000-140K-Puffs-6-IN-1-Flavors-Disposable-Vape-Shipment-from-EU-Free-Shipping-Vape-Factory-Wholesale-3-1536x479.png 1536w, https:\/\/pgvape.com\/wp-content\/uploads\/2025\/12\/Airmez-FOX-140000-140K-Puffs-6-IN-1-Flavors-Disposable-Vape-Shipment-from-EU-Free-Shipping-Vape-Factory-Wholesale-3-18x6.png 18w, https:\/\/pgvape.com\/wp-content\/uploads\/2025\/12\/Airmez-FOX-140000-140K-Puffs-6-IN-1-Flavors-Disposable-Vape-Shipment-from-EU-Free-Shipping-Vape-Factory-Wholesale-3-600x187.png 600w\" sizes=\"auto, (max-width: 2000px) 100vw, 2000px\" \/><\/em><\/p>\n<p>&nbsp;<\/p>\n<h3 class=\"auto-hide-last-sibling-br paragraph-pP9ZLC paragraph-element br-paragraph-space\">\u00bfPor qu\u00e9 elegir el almac\u00e9n europeo de PGVape?<\/h3>\n<p>Env\u00edo r\u00e1pido: entrega a la mayor\u00eda de los pa\u00edses de la UE en un plazo de 3 a 7 d\u00edas h\u00e1biles.<\/p>\n<p>Entrega libre de impuestos: el stock local de la UE garantiza un env\u00edo fluido y libre de impuestos.<\/p>\n<p>100% Garant\u00eda aut\u00e9ntica: cigarrillos electr\u00f3nicos Airmez FOX originales de proveedores certificados.<\/p>\n<p>Inventario fresco: almacenado en condiciones controladas para garantizar una calidad \u00f3ptima.<\/p>\n<p>Con la confianza de los europeos: miles de clientes disfrutan de los servicios de cigarrillos electr\u00f3nicos r\u00e1pidos y seguros de PGVape.<\/p>\n<p>&nbsp;<\/p>\n<h3><span style=\"font-size: 90%;\">Airmez FOX 140000 140K sopla 6 en 1 sabores Vape desechable <strong>Video:<\/strong><\/span><\/h3>\n<p><iframe loading=\"lazy\" title=\"El ZORRO 140K de Airmez sopla 6 en 1 pgvape disponible de la venta al por mayor de la f\u00e1brica de Vape LED de los sabores\" width=\"1020\" height=\"574\" src=\"https:\/\/www.youtube.com\/embed\/1pZDOi-C2qM?feature=oembed\" frameborder=\"0\" allow=\"accelerometer; autoplay; clipboard-write; encrypted-media; gyroscope; picture-in-picture; web-share\" referrerpolicy=\"strict-origin-when-cross-origin\" allowfullscreen><\/iframe><\/p>\n<p>&nbsp;<\/p>\n<h2><span style=\"font-size: 90%;\">Preguntas frecuentes sobre Airmez FOX 140000 140K Puffs 6 EN 1 Sabores Vape desechable<\/span><\/h2>\n<p>\u2753 \u00bfCu\u00e1ntas bocanadas puede dar Airmez Fox?<br \/>\n\u2705Ofrece hasta 140.000 inhalaciones, lo que proporciona un viaje de vapeo prolongado para una satisfacci\u00f3n duradera.<\/p>\n<p>\u2753\u00bfCu\u00e1l es la capacidad total de e-l\u00edquido del dispositivo?<br \/>\n\u2705Tiene tres tanques de 15 ml, con un total de 45 ml de e-l\u00edquido premium para un sabor rico y consistente.<\/p>\n<p>\u2753 \u00bfC\u00f3mo cambio de sabor en Airmez Fox?<br \/>\n\u2705Utilice la boquilla giratoria: un simple giro le permite cambiar entre seis sabores \u00fanicos sin esfuerzo.<\/p>\n<p>\u2753\u00bfQu\u00e9 informaci\u00f3n muestra la pantalla LED?<br \/>\n\u2705La vibrante pantalla LED lo mantiene informado sobre la duraci\u00f3n de la bater\u00eda, el n\u00famero de caladas y su selecci\u00f3n de sabor actual.<\/p>\n<p>\u2753\u00bfQu\u00e9 tipo de bobina utiliza Airmez Fox y c\u00f3mo mejora la experiencia?<br \/>\n\u2705Cuenta con una bobina de malla de 1.0\u03a9, que brinda caladas suaves y sabrosas y aumenta la producci\u00f3n de vapor para un vapeo m\u00e1s satisfactorio.<\/p>\n<p>\u2753\u00bfC\u00f3mo cargo el Airmez Fox?<br \/>\n\u2705Utiliza un puerto USB Tipo-C para una recarga r\u00e1pida y eficiente, asegurando un vapeo ininterrumpido.<\/p>\n<p>\u2753\u00bfEl Airmez Fox es port\u00e1til para uso mientras viaja?<br \/>\n\u2705S\u00ed, es compacto, liviano y elegante, dise\u00f1ado para transportarse f\u00e1cilmente y perfecto para cualquier estilo de vida.<\/p>\n<p><img decoding=\"async\" class=\"emoji\" role=\"img\" draggable=\"false\" src=\"https:\/\/s.w.org\/images\/core\/emoji\/17.0.2\/svg\/2753.svg\" alt=\"\u2753\" \/>\u00a0<strong class=\"\">\u00bfDesde d\u00f3nde se env\u00eda?<\/strong><br \/>\n<img decoding=\"async\" class=\"emoji\" role=\"img\" draggable=\"false\" src=\"https:\/\/s.w.org\/images\/core\/emoji\/17.0.2\/svg\/2705.svg\" alt=\"\u2705\" \/>\u00a0<strong>Almac\u00e9n de la UE<\/strong>\u2014Entrega r\u00e1pida, fiable y sin aduanas en toda Europa.<\/p>\n<p>&nbsp;<\/p>\n<h3 id=\"brxe-najhln\" class=\"brxe-heading\">Preguntas frecuentes (FAQ)<\/h3>\n<div id=\"brxe-rajiac\" class=\"brxe-text\">\n<p><strong>P: \u00bfQu\u00e9 m\u00e9todos de pago aceptan?<\/strong><br \/>\nR: Aceptamos PayPal, Stripe, transferencias bancarias (compatibles con SEPA), las principales tarjetas de cr\u00e9dito (Visa, MasterCard, American Express) y pagos con criptomonedas.<\/p>\n<p><strong>P: \u00bfCu\u00e1nto tiempo lleva la preparaci\u00f3n del pedido?<\/strong><br \/>\nR: La preparaci\u00f3n del pedido demora entre 1 y 3 d\u00edas h\u00e1biles.<\/p>\n<p><strong>P: \u00bfCu\u00e1l es el tiempo de env\u00edo?<\/strong><br \/>\nR: El tiempo de env\u00edo es de 7 a 14 d\u00edas h\u00e1biles, dependiendo de su ubicaci\u00f3n. Los productos enviados desde almacenes europeos generalmente demoran de 3 a 6 d\u00edas h\u00e1biles en entregarse.<\/p>\n<p><strong>P: \u00bfC\u00f3mo puedo realizar un seguimiento de mi pedido?<\/strong><br \/>\nR: Despu\u00e9s del env\u00edo, recibir\u00e1 un correo electr\u00f3nico de confirmaci\u00f3n con un n\u00famero de seguimiento para realizar un seguimiento en tiempo real.<\/p>\n<p><strong>P: \u00bfCu\u00e1l es su pol\u00edtica de devoluci\u00f3n?<\/strong><br \/>\nR: Ofrecemos una pol\u00edtica de devoluci\u00f3n de 30 d\u00edas para reembolsos o cambios. .<\/p>\n<p><strong>P: \u00bfHabr\u00e1 alg\u00fan problema aduanero?<br \/>\n<\/strong>Nos encargamos de todos los procedimientos de despacho de aduanas para garantizarle una experiencia sin complicaciones. .<\/p>\n<p><strong>P: \u00bfQu\u00e9 m\u00e9todos de env\u00edo se utilizan?<\/strong><br \/>\nCooperamos con UPS\/DHL\/FEDEX\/DPD, etc. Elegiremos la opci\u00f3n de env\u00edo adecuada seg\u00fan el pa\u00eds de entrega para asegurarnos de que reciba sus productos lo m\u00e1s r\u00e1pido posible.<\/p>\n<p><a href=\"https:\/\/pgvape.com\/es\/preguntas-frecuentes\/\">Haga clic aqu\u00ed para m\u00e1s preguntas frecuentes<\/a><\/p>\n<p>Estimados clientes: Si tienen alguna pregunta sobre su pedido o la llegada de la mercanc\u00eda, comun\u00edquese con nuestro servicio de atenci\u00f3n al cliente. \u00a1Gracias!<\/p>\n<h3 data-sourcepos=\"73:1-73:21\"><strong data-sourcepos=\"73:7-73:21\">Cont\u00e1ctenos<\/strong><\/h3>\n<div id=\"text-2419739398\" class=\"text\">\n<p><strong data-sourcepos=\"75:3-75:12\">Correo electr\u00f3nico<\/strong>:\u00a0<a href=\"mailto:support@pgvape.com\"><strong>support@pgvape.com<\/strong><\/a><\/p>\n<p><strong data-sourcepos=\"76:3-76:15\">WhatsApp<\/strong>:\u00a0<a href=\"https:\/\/wa.me\/+8618128481258\"><strong>+86 18128481258<\/strong><\/a><br \/>\n<strong>(Respuesta dentro de las 24 horas en d\u00edas h\u00e1biles)<\/strong><\/p>\n<\/div>\n<h3><strong>\u00a1Gracias por elegir pgvape.com! .<\/strong><\/h3>\n<\/div>","protected":false},"excerpt":{"rendered":"<p><strong>Airmez Fox<\/strong>\u2014<strong>140.000 bocanadas<\/strong>, <strong>45ml<\/strong>, <strong>giro 6 en 1<\/strong>, <strong>bobina de malla<\/strong>, <strong>Tipo C<\/strong>, <strong>pantalla LED<\/strong>.<strong>Gire una vez, vapee de seis maneras y dure meses. Env\u00edo desde la UE<\/strong><\/p>","protected":false},"featured_media":8256,"comment_status":"open","ping_status":"closed","template":"","meta":{"_seopress_robots_primary_cat":"none","_seopress_titles_title":"","_seopress_titles_desc":"","_seopress_robots_index":""},"product_brand":[534,516],"product_cat":[529,533,155,515],"product_tag":[531,253,530,90,532,203],"class_list":{"0":"post-8111","1":"product","2":"type-product","3":"status-publish","4":"has-post-thumbnail","6":"product_brand-airmez-fox-vape-eu","7":"product_brand-disposable-vape","8":"product_cat-140k-puffs-vape","9":"product_cat-airmez-fox-vape-eu","10":"product_cat-airmez-fox-vape","11":"product_cat-disposable-vape","12":"product_tag-140k-puffs-vape","13":"product_tag-6-in-1-flavors","14":"product_tag-airmez-fox-140000","15":"product_tag-disposable-vape","16":"product_tag-rotating-flavor-pod-system","17":"product_tag-shipment-from-eu","19":"first","20":"instock","21":"sale","22":"shipping-taxable","23":"purchasable","24":"product-type-variable"},"_links":{"self":[{"href":"https:\/\/pgvape.com\/es\/wp-json\/wp\/v2\/product\/8111","targetHints":{"allow":["GET"]}}],"collection":[{"href":"https:\/\/pgvape.com\/es\/wp-json\/wp\/v2\/product"}],"about":[{"href":"https:\/\/pgvape.com\/es\/wp-json\/wp\/v2\/types\/product"}],"replies":[{"embeddable":true,"href":"https:\/\/pgvape.com\/es\/wp-json\/wp\/v2\/comments?post=8111"}],"wp:featuredmedia":[{"embeddable":true,"href":"https:\/\/pgvape.com\/es\/wp-json\/wp\/v2\/media\/8256"}],"wp:attachment":[{"href":"https:\/\/pgvape.com\/es\/wp-json\/wp\/v2\/media?parent=8111"}],"wp:term":[{"taxonomy":"product_brand","embeddable":true,"href":"https:\/\/pgvape.com\/es\/wp-json\/wp\/v2\/product_brand?post=8111"},{"taxonomy":"product_cat","embeddable":true,"href":"https:\/\/pgvape.com\/es\/wp-json\/wp\/v2\/product_cat?post=8111"},{"taxonomy":"product_tag","embeddable":true,"href":"https:\/\/pgvape.com\/es\/wp-json\/wp\/v2\/product_tag?post=8111"}],"curies":[{"name":"wp","href":"https:\/\/api.w.org\/{rel}","templated":true}]}}