{"id":8084,"date":"2025-12-23T09:35:42","date_gmt":"2025-12-23T09:35:42","guid":{"rendered":"https:\/\/pgvape.com\/?post_type=product&#038;p=8084"},"modified":"2026-03-15T13:36:50","modified_gmt":"2026-03-15T13:36:50","slug":"airmez-fox-140000-140k-puffs-6-en-1-sabores-vape-desechable-sistema-de-vaina-de-sabor-giratorio-0-2-3-5-nicotina-10-gusto-pantalla-led-vape-fabrica-al-por-mayor","status":"publish","type":"product","link":"https:\/\/pgvape.com\/es\/producto\/airmez-fox-140000-140k-puffs-6-en-1-sabores-vape-desechable-sistema-de-vaina-de-sabor-giratorio-0-2-3-5-nicotina-10-gusto-pantalla-led-vape-fabrica-al-por-mayor\/","title":{"rendered":"Airmez FOX 140000 140K Puffs 6 en 1 Sabores Vape desechable Sistema de vaina de sabor giratorio 0% 2% 3% 5% Nicotina 10Taste LED Dispaly Vape Factory al por mayor"},"content":{"rendered":"<p><strong data-sourcepos=\"6:10-6:31\">Airmez Fox 6 en 1<\/strong> \u2014 una verdadera potencia en vapeo desechable, dise\u00f1ado para brindar longevidad, variedad de sabores y control inteligente. <strong data-sourcepos=\"6:157-6:173\">140.000 bocanadas<\/strong> capacidad y una innovadora <strong data-sourcepos=\"6:201-6:224\">boquilla giratoria<\/strong> que cambia entre seis c\u00e1psulas de sabor, este dispositivo ofrece un valor y una comodidad excepcionales. <strong data-sourcepos=\"6:426-6:449\">Tanques de e-l\u00edquido de 15 ml<\/strong> (45 ml en total) garantizan un rendimiento constante durante semanas.<\/p>\n<p>&nbsp;<\/p>\n<h2><span style=\"font-size: 90%;\">Airmez FOX 140000 140K sopla 6 en 1 sabores Vape desechable <\/span>Presupuesto:<\/h2>\n<p><strong data-sourcepos=\"13:6-13:33\">6 sabores en un solo dispositivo<\/strong>\u00a0\u2013 Cambie sin problemas entre m\u00faltiples c\u00e1psulas de sabor con solo girar la boquilla.<\/p>\n<p><strong data-sourcepos=\"14:7-14:30\">Pantalla completa<\/strong>\u00a0\u2013 Vea la duraci\u00f3n de la bater\u00eda, el n\u00famero de caladas y el sabor activo de un vistazo.<\/p>\n<p><strong data-sourcepos=\"15:6-15:41\">Bater\u00eda de 650 mAh + carga USB-C<\/strong>\u00a0\u2013 Recargas r\u00e1pidas, energ\u00eda confiable durante todo el d\u00eda.<\/p>\n<p><strong data-sourcepos=\"16:6-16:29\">45 ml de l\u00edquido electr\u00f3nico total<\/strong>\u00a0\u2013 Tres c\u00e1psulas recargables de 15 ml ofrecen un uso prolongado.<\/p>\n<p><strong data-sourcepos=\"17:6-17:24\">Bobina de malla de 1,0 \u03a9<\/strong>\u00a0\u2013 Vapor suave y rico y liberaci\u00f3n de sabor consistente.<\/p>\n<p><strong data-sourcepos=\"18:6-18:41\">10 colecciones de sabores disponibles<\/strong>\u00a0\u2013 Mezclas de frutas preparadas por expertos para todos los paladares.<\/p>\n<p><strong data-sourcepos=\"19:6-19:23\">140.000 bocanadas<\/strong>\u00a0\u2013 Vida \u00fatil excepcional para el vapeador a largo plazo.<\/p>\n<p><strong data-sourcepos=\"20:6-20:28\">Compacto y port\u00e1til<\/strong>\u00a0\u2013 Dise\u00f1o liviano y ergon\u00f3mico perfecto para uso mientras viaja.<\/p>\n<p>&nbsp;<\/p>\n<h3><span style=\"font-size: 90%;\">Airmez FOX 140000 140K sopla 6 en 1 sabores Vape desechable <\/span>Lista de sabores:<\/h3>\n<p>1.Helado de cereza, cola y mango<\/p>\n<p>2.Dragonfruit Ice &amp; Fruity Fusion &amp; Frambuesa Sand\u00eda<\/p>\n<p>3.Love 66, limonada de bayas y cereza gaseosa<\/p>\n<p>4.Mezcla de bayas, limonada Blue Razz y cerezas<\/p>\n<p>5.Love 66, fresa, kiwi y melocot\u00f3n, mango<\/p>\n<p>6. Hielo de melocot\u00f3n, hielo de mango y Dr. Blue<\/p>\n<p>7.Fresa, Pl\u00e1tano, Vimto y Ar\u00e1ndano, Cereza, Ar\u00e1ndano<\/p>\n<p>8.Hielo de fresa, limonada rosada y trituraci\u00f3n de bingo<\/p>\n<p>9.Sand\u00eda Fresa, Mel\u00f3n Triple y Hielo Blue Razz<\/p>\n<p>10.Hielo de sand\u00eda, trituraci\u00f3n de bingo y bayas mixtas<\/p>\n<p data-sourcepos=\"52:1-52:120\"><em data-sourcepos=\"52:1-52:120\">(Cada juego incluye tres c\u00e1psulas de sabor, cada una de las cuales contiene dos sabores distintos, con un total de seis opciones de sabor por dispositivo).<img loading=\"lazy\" decoding=\"async\" class=\"alignnone wp-image-8100 size-full\" src=\"https:\/\/pgvape.com\/wp-content\/uploads\/2025\/12\/Airmez-FOX-140000-140K-Puffs-6-IN-1-Flavors-Disposable-Vape-0-2-3-5-Nicotine-10Taste-LED-Dispaly-Vape-Factory-Wholesale-14.png\" alt=\"Pancarta de color amarillo brillante con botellas de vaporizador desechables Airmez FOX 6 en 1 en colores pastel alineadas, con diagramas de modos de sabor a la izquierda.\" width=\"2000\" height=\"624\" srcset=\"https:\/\/pgvape.com\/wp-content\/uploads\/2025\/12\/Airmez-FOX-140000-140K-Puffs-6-IN-1-Flavors-Disposable-Vape-0-2-3-5-Nicotine-10Taste-LED-Dispaly-Vape-Factory-Wholesale-14.png 2000w, https:\/\/pgvape.com\/wp-content\/uploads\/2025\/12\/Airmez-FOX-140000-140K-Puffs-6-IN-1-Flavors-Disposable-Vape-0-2-3-5-Nicotine-10Taste-LED-Dispaly-Vape-Factory-Wholesale-14-555x173.png 555w, https:\/\/pgvape.com\/wp-content\/uploads\/2025\/12\/Airmez-FOX-140000-140K-Puffs-6-IN-1-Flavors-Disposable-Vape-0-2-3-5-Nicotine-10Taste-LED-Dispaly-Vape-Factory-Wholesale-14-595x186.png 595w, https:\/\/pgvape.com\/wp-content\/uploads\/2025\/12\/Airmez-FOX-140000-140K-Puffs-6-IN-1-Flavors-Disposable-Vape-0-2-3-5-Nicotine-10Taste-LED-Dispaly-Vape-Factory-Wholesale-14-400x125.png 400w, https:\/\/pgvape.com\/wp-content\/uploads\/2025\/12\/Airmez-FOX-140000-140K-Puffs-6-IN-1-Flavors-Disposable-Vape-0-2-3-5-Nicotine-10Taste-LED-Dispaly-Vape-Factory-Wholesale-14-768x240.png 768w, https:\/\/pgvape.com\/wp-content\/uploads\/2025\/12\/Airmez-FOX-140000-140K-Puffs-6-IN-1-Flavors-Disposable-Vape-0-2-3-5-Nicotine-10Taste-LED-Dispaly-Vape-Factory-Wholesale-14-1536x479.png 1536w, https:\/\/pgvape.com\/wp-content\/uploads\/2025\/12\/Airmez-FOX-140000-140K-Puffs-6-IN-1-Flavors-Disposable-Vape-0-2-3-5-Nicotine-10Taste-LED-Dispaly-Vape-Factory-Wholesale-14-18x6.png 18w, https:\/\/pgvape.com\/wp-content\/uploads\/2025\/12\/Airmez-FOX-140000-140K-Puffs-6-IN-1-Flavors-Disposable-Vape-0-2-3-5-Nicotine-10Taste-LED-Dispaly-Vape-Factory-Wholesale-14-600x187.png 600w\" sizes=\"auto, (max-width: 2000px) 100vw, 2000px\" \/><\/em><\/p>\n<p>&nbsp;<\/p>\n<h3><span style=\"font-size: 90%;\">Airmez FOX 140000 140K sopla 6 en 1 sabores Vape desechable <strong>Video:<\/strong><\/span><\/h3>\n<p><iframe loading=\"lazy\" title=\"El ZORRO 140K de Airmez sopla 6 en 1 pgvape disponible de la venta al por mayor de la f\u00e1brica de Vape LED de los sabores\" width=\"1020\" height=\"574\" src=\"https:\/\/www.youtube.com\/embed\/1pZDOi-C2qM?feature=oembed\" frameborder=\"0\" allow=\"accelerometer; autoplay; clipboard-write; encrypted-media; gyroscope; picture-in-picture; web-share\" referrerpolicy=\"strict-origin-when-cross-origin\" allowfullscreen><\/iframe><\/p>\n<p>&nbsp;<\/p>\n<h2><span style=\"font-size: 90%;\">Preguntas frecuentes sobre Airmez FOX 140000 140K Puffs 6 EN 1 Sabores Vape desechable<\/span><\/h2>\n<p>\u2753 <strong class=\"\">\u00bfCu\u00e1ntas inhalaciones por dispositivo?<\/strong><br \/>\n\u2705 Clasificado de f\u00e1brica <strong>140.000 bocanadas<\/strong>\u2014meses de vapeo diario.<\/p>\n<p>\u2753 <strong class=\"\">\u00bfC\u00f3mo cambio los sabores?<\/strong><br \/>\n\u2705 <strong class=\"\">Girar la boquilla<\/strong>\u2014cambia instant\u00e1neamente entre <strong>seis mezclas precargadas<\/strong>.<\/p>\n<p>\u2753 <strong>\u00bfEs recargable?<\/strong><br \/>\n\u2705 <strong class=\"\">650mAh<\/strong> bater\u00eda + <strong>Tipo C<\/strong> puerto; carga completa en ~30 min.<\/p>\n<p>\u2753 <strong class=\"\">\u00bfQu\u00e9 potencias de nicotina se ofrecen?<\/strong><br \/>\n\u2705 <strong>2 %, 3 %, 5 %<\/strong> nic-sal: elija al finalizar la compra.<\/p>\n<p>\u2753 <strong>\u00bfC\u00f3mo controlo la bater\u00eda o el jugo?<\/strong><br \/>\n\u2705 <strong>Gran pantalla LED<\/strong> muestra <strong>bater\u00eda<\/strong>, <strong class=\"\">recuento de bocanadas<\/strong> y <strong>sabor activo<\/strong>.<\/p>\n<p>\u2753 <strong class=\"\">\u00bfEl dispositivo tiene fugas?<\/strong><br \/>\n\u2705 <strong class=\"\">Tanques sellados independientes<\/strong>\u2014sin fugas de sabores cruzados.<\/p>\n<p>&nbsp;<\/p>\n<h3 id=\"brxe-najhln\" class=\"brxe-heading\">Preguntas frecuentes (FAQ)<\/h3>\n<div id=\"brxe-rajiac\" class=\"brxe-text\">\n<p><strong>P: \u00bfQu\u00e9 m\u00e9todos de pago aceptan?<\/strong><br \/>\nR: Aceptamos PayPal, Stripe, transferencias bancarias (compatibles con SEPA), las principales tarjetas de cr\u00e9dito (Visa, MasterCard, American Express) y pagos con criptomonedas.<\/p>\n<p><strong>P: \u00bfCu\u00e1nto tiempo lleva la preparaci\u00f3n del pedido?<\/strong><br \/>\nR: La preparaci\u00f3n del pedido demora entre 1 y 3 d\u00edas h\u00e1biles.<\/p>\n<p><strong>P: \u00bfCu\u00e1l es el tiempo de env\u00edo?<\/strong><br \/>\nR: El tiempo de env\u00edo es de 7 a 14 d\u00edas h\u00e1biles, dependiendo de su ubicaci\u00f3n. Los productos enviados desde almacenes europeos generalmente demoran de 3 a 6 d\u00edas h\u00e1biles en entregarse.<\/p>\n<p><strong>P: \u00bfC\u00f3mo puedo realizar un seguimiento de mi pedido?<\/strong><br \/>\nR: Despu\u00e9s del env\u00edo, recibir\u00e1 un correo electr\u00f3nico de confirmaci\u00f3n con un n\u00famero de seguimiento para realizar un seguimiento en tiempo real.<\/p>\n<p><strong>P: \u00bfCu\u00e1l es su pol\u00edtica de devoluci\u00f3n?<\/strong><br \/>\nR: Ofrecemos una pol\u00edtica de devoluci\u00f3n de 30 d\u00edas para reembolsos o cambios. .<\/p>\n<p><strong>P: \u00bfHabr\u00e1 alg\u00fan problema aduanero?<br \/>\n<\/strong>Nos encargamos de todos los procedimientos de despacho de aduanas para garantizarle una experiencia sin complicaciones. .<\/p>\n<p><strong>P: \u00bfQu\u00e9 m\u00e9todos de env\u00edo se utilizan?<\/strong><br \/>\nCooperamos con UPS\/DHL\/FEDEX\/DPD, etc. Elegiremos la opci\u00f3n de env\u00edo adecuada seg\u00fan el pa\u00eds de entrega para asegurarnos de que reciba sus productos lo m\u00e1s r\u00e1pido posible.<\/p>\n<p><a href=\"https:\/\/pgvape.com\/es\/preguntas-frecuentes\/\">Haga clic aqu\u00ed para m\u00e1s preguntas frecuentes<\/a><\/p>\n<p>Estimados clientes: Si tienen alguna pregunta sobre su pedido o la llegada de la mercanc\u00eda, comun\u00edquese con nuestro servicio de atenci\u00f3n al cliente. \u00a1Gracias!<\/p>\n<h3 data-sourcepos=\"73:1-73:21\"><strong data-sourcepos=\"73:7-73:21\">Cont\u00e1ctenos<\/strong><\/h3>\n<div id=\"text-2419739398\" class=\"text\">\n<p><strong data-sourcepos=\"75:3-75:12\">Correo electr\u00f3nico<\/strong>:\u00a0<a href=\"mailto:support@pgvape.com\"><strong>support@pgvape.com<\/strong><\/a><\/p>\n<p><strong data-sourcepos=\"76:3-76:15\">WhatsApp<\/strong>:\u00a0<a href=\"https:\/\/wa.me\/+8618128481258\"><strong>+86 18128481258<\/strong><\/a><br \/>\n<strong>(Respuesta dentro de las 24 horas en d\u00edas h\u00e1biles)<\/strong><\/p>\n<\/div>\n<h3><strong>\u00a1Gracias por elegir pgvape.com! .<\/strong><\/h3>\n<\/div>","protected":false},"excerpt":{"rendered":"<p><strong>Airmez Fox<\/strong>\u2014<strong>140.000 bocanadas<\/strong>, <strong>45ml<\/strong>, <strong>giro 6 en 1<\/strong>, <strong>bobina de malla<\/strong>, <strong>Tipo C<\/strong>, <strong>pantalla LED<\/strong>.<strong>G\u00edrelo una vez, vapee de seis maneras y dure meses.<\/strong><\/p>","protected":false},"featured_media":8087,"comment_status":"open","ping_status":"closed","template":"","meta":{"_seopress_robots_primary_cat":"","_seopress_titles_title":"","_seopress_titles_desc":"","_seopress_robots_index":""},"product_brand":[154,516],"product_cat":[529,155,515],"product_tag":[531,253,530,90,532],"class_list":{"0":"post-8084","1":"product","2":"type-product","3":"status-publish","4":"has-post-thumbnail","6":"product_brand-airmez-fox-vape","7":"product_brand-disposable-vape","8":"product_cat-140k-puffs-vape","9":"product_cat-airmez-fox-vape","10":"product_cat-disposable-vape","11":"product_tag-140k-puffs-vape","12":"product_tag-6-in-1-flavors","13":"product_tag-airmez-fox-140000","14":"product_tag-disposable-vape","15":"product_tag-rotating-flavor-pod-system","17":"first","18":"instock","19":"sale","20":"shipping-taxable","21":"purchasable","22":"product-type-variable"},"_links":{"self":[{"href":"https:\/\/pgvape.com\/es\/wp-json\/wp\/v2\/product\/8084","targetHints":{"allow":["GET"]}}],"collection":[{"href":"https:\/\/pgvape.com\/es\/wp-json\/wp\/v2\/product"}],"about":[{"href":"https:\/\/pgvape.com\/es\/wp-json\/wp\/v2\/types\/product"}],"replies":[{"embeddable":true,"href":"https:\/\/pgvape.com\/es\/wp-json\/wp\/v2\/comments?post=8084"}],"wp:featuredmedia":[{"embeddable":true,"href":"https:\/\/pgvape.com\/es\/wp-json\/wp\/v2\/media\/8087"}],"wp:attachment":[{"href":"https:\/\/pgvape.com\/es\/wp-json\/wp\/v2\/media?parent=8084"}],"wp:term":[{"taxonomy":"product_brand","embeddable":true,"href":"https:\/\/pgvape.com\/es\/wp-json\/wp\/v2\/product_brand?post=8084"},{"taxonomy":"product_cat","embeddable":true,"href":"https:\/\/pgvape.com\/es\/wp-json\/wp\/v2\/product_cat?post=8084"},{"taxonomy":"product_tag","embeddable":true,"href":"https:\/\/pgvape.com\/es\/wp-json\/wp\/v2\/product_tag?post=8084"}],"curies":[{"name":"wp","href":"https:\/\/api.w.org\/{rel}","templated":true}]}}