{"id":8025,"date":"2025-12-23T07:17:14","date_gmt":"2025-12-23T07:17:14","guid":{"rendered":"https:\/\/pgvape.com\/?post_type=product&#038;p=8025"},"modified":"2026-03-15T13:36:50","modified_gmt":"2026-03-15T13:36:50","slug":"stag-bar-nexus-60000-60k-sopla-vape-desechable-2-5-nicotinas-10-sabor-envio-desde-la-fabrica-de-vape-de-la-ue-directo","status":"publish","type":"product","link":"https:\/\/pgvape.com\/es\/producto\/stag-bar-nexus-60000-60k-sopla-vape-desechable-2-5-nicotinas-10-sabor-envio-desde-la-fabrica-de-vape-de-la-ue-directo\/","title":{"rendered":"Stag Bar Nexus 60000 60K Puffs Vape desechable 2% 5%Nicotinas 10Taste Env\u00edo desde EU Vape Factory Direct"},"content":{"rendered":"<p data-sourcepos=\"1:1-2:81\"><strong data-sourcepos=\"2:1-2:81\">Stagbar Nexus 60K | 60.000 inhalaciones | 50 ml precargado | Existencias en la UE | Indicador LED<br \/>\n<\/strong>Built for endurance and convenience, the <strong data-sourcepos=\"4:42-4:63\">Stagbar Nexus 60K<\/strong> redefine el vapeo a largo plazo con una enorme <strong data-sourcepos=\"4:106-4:121\">60.000 bocanadas<\/strong> capacidad alojada en un \u00fanico dispositivo listo para usar. <strong data-sourcepos=\"4:188-4:208\">50 ml de e-l\u00edquido<\/strong> and powered by a durable <strong data-sourcepos=\"4:234-4:265\">Bater\u00eda recargable de 850 mAh.<\/strong>, est\u00e1 dise\u00f1ado para reducir dr\u00e1sticamente la frecuencia de reemplazo. <strong data-sourcepos=\"4:342-4:365\">Indicador de encendido LED<\/strong> y la carga USB-C se suman a su dise\u00f1o f\u00e1cil de usar, brindando un rendimiento confiable d\u00eda tras d\u00eda. .<\/p>\n<p>&nbsp;<\/p>\n<h2><span style=\"font-size: 90%;\">Especificaciones del vaporizador desechable Stag Bar Nexus 60000 60K Puffs<\/span><\/h2>\n<p><strong data-sourcepos=\"10:6-10:30\">Capacidad de 60.000 bocanadas<\/strong>\u00a0\u2013 Longevidad excepcional para usuarios frecuentes y frecuentes.<\/p>\n<p><strong data-sourcepos=\"11:6-11:41\">Bater\u00eda de 850 mAh + carga USB-C<\/strong>\u00a0\u2013 Energ\u00eda duradera con capacidad de recarga r\u00e1pida.<\/p>\n<p><strong data-sourcepos=\"12:6-12:29\">Indicador LED de alimentaci\u00f3n<\/strong> \u2013 Estado de la bater\u00eda sencillo y de un vistazo.<\/p>\n<p><strong data-sourcepos=\"13:6-13:33\">Ships from EU Warehouse<\/strong>\u00a0\u2013 Entrega r\u00e1pida y conforme sin retrasos aduaneros.<\/p>\n<p><strong data-sourcepos=\"14:6-14:24\">Bobina de malla de 0,9 \u03a9<\/strong>\u00a0\u2013 Producci\u00f3n de vapor suave y sabroso.<\/p>\n<p><strong data-sourcepos=\"15:5-15:33\">E-l\u00edquido precargado de 50 ml<\/strong>\u00a0\u2013 Listo para usar nada m\u00e1s sacarlo de la caja.<\/p>\n<p>&nbsp;<\/p>\n<h3><span style=\"font-size: 90%;\">Lista de sabores de Vape desechable Stag Bar Nexus 60000 60K Puffs:<\/span><\/h3>\n<p>1.Hielo de sand\u00eda<\/p>\n<p>2.Hielo de ar\u00e1ndano y frambuesa<\/p>\n<p>3.Mixed Berries<\/p>\n<p>4.Uva Fresa<\/p>\n<p>5.kiwi fresa<\/p>\n<p>6.AMOR 66<\/p>\n<p>7.Sand\u00eda Frambuesa<\/p>\n<p>8.Lima Lim\u00f3n<\/p>\n<p>9. Mango melocot\u00f3n<\/p>\n<p>10.Toro rojo<img loading=\"lazy\" decoding=\"async\" class=\"alignnone wp-image-8051 size-full\" src=\"https:\/\/pgvape.com\/wp-content\/uploads\/2025\/12\/Stag-Bar-Nexus-60000-60K-Puffs-Disposable-Vape-Shipment-from-EU-Free-Shipping-Vape-Factory-Direct-14.png\" alt=\"Grid of Stagbar Nexus flavor posters showcasing fruit-themed graphics and a vape device in each card on colorful gradient backgrounds.\" width=\"1500\" height=\"1500\" srcset=\"https:\/\/pgvape.com\/wp-content\/uploads\/2025\/12\/Stag-Bar-Nexus-60000-60K-Puffs-Disposable-Vape-Shipment-from-EU-Free-Shipping-Vape-Factory-Direct-14.png 1500w, https:\/\/pgvape.com\/wp-content\/uploads\/2025\/12\/Stag-Bar-Nexus-60000-60K-Puffs-Disposable-Vape-Shipment-from-EU-Free-Shipping-Vape-Factory-Direct-14-360x360.png 360w, https:\/\/pgvape.com\/wp-content\/uploads\/2025\/12\/Stag-Bar-Nexus-60000-60K-Puffs-Disposable-Vape-Shipment-from-EU-Free-Shipping-Vape-Factory-Direct-14-595x595.png 595w, https:\/\/pgvape.com\/wp-content\/uploads\/2025\/12\/Stag-Bar-Nexus-60000-60K-Puffs-Disposable-Vape-Shipment-from-EU-Free-Shipping-Vape-Factory-Direct-14-400x400.png 400w, https:\/\/pgvape.com\/wp-content\/uploads\/2025\/12\/Stag-Bar-Nexus-60000-60K-Puffs-Disposable-Vape-Shipment-from-EU-Free-Shipping-Vape-Factory-Direct-14-768x768.png 768w, https:\/\/pgvape.com\/wp-content\/uploads\/2025\/12\/Stag-Bar-Nexus-60000-60K-Puffs-Disposable-Vape-Shipment-from-EU-Free-Shipping-Vape-Factory-Direct-14-12x12.png 12w, https:\/\/pgvape.com\/wp-content\/uploads\/2025\/12\/Stag-Bar-Nexus-60000-60K-Puffs-Disposable-Vape-Shipment-from-EU-Free-Shipping-Vape-Factory-Direct-14-300x300.png 300w, https:\/\/pgvape.com\/wp-content\/uploads\/2025\/12\/Stag-Bar-Nexus-60000-60K-Puffs-Disposable-Vape-Shipment-from-EU-Free-Shipping-Vape-Factory-Direct-14-600x600.png 600w, https:\/\/pgvape.com\/wp-content\/uploads\/2025\/12\/Stag-Bar-Nexus-60000-60K-Puffs-Disposable-Vape-Shipment-from-EU-Free-Shipping-Vape-Factory-Direct-14-100x100.png 100w\" sizes=\"auto, (max-width: 1500px) 100vw, 1500px\" \/><\/p>\n<p>&nbsp;<\/p>\n<h3 class=\"auto-hide-last-sibling-br paragraph-pP9ZLC paragraph-element br-paragraph-space\">\u00bfPor qu\u00e9 elegir el almac\u00e9n europeo de PGVape?<\/h3>\n<p>Env\u00edo r\u00e1pido: entrega a la mayor\u00eda de los pa\u00edses de la UE en un plazo de 3 a 7 d\u00edas h\u00e1biles.<\/p>\n<p>Entrega libre de impuestos: el stock local de la UE garantiza un env\u00edo fluido y libre de impuestos.<\/p>\n<p>Garant\u00eda aut\u00e9ntica 100%: cigarrillos electr\u00f3nicos Stag Bar genuinos de proveedores certificados.<\/p>\n<p>Inventario fresco: almacenado en condiciones controladas para garantizar una calidad \u00f3ptima.<\/p>\n<p>Con la confianza de los europeos: miles de clientes disfrutan de los servicios de cigarrillos electr\u00f3nicos r\u00e1pidos y seguros de PGVape.<\/p>\n<p>&nbsp;<\/p>\n<h2>Preguntas frecuentes sobre el vaporizador desechable Stag Bar Nexus 60000 60K Puffs<\/h2>\n<p>\u2753 <strong>\u00bfCu\u00e1ntas inhalaciones por dispositivo?<\/strong><br \/>\n\u2705 Clasificado de f\u00e1brica <strong>60.000 bocanadas<\/strong>\u2014semanas a meses de vapeo diario.<\/p>\n<p>\u2753 <strong>\u00bfQu\u00e9 tama\u00f1o tiene el tanque de e-l\u00edquido?<\/strong><br \/>\n\u2705 <strong>50ml<\/strong>\u2014una de las capacidades desechables m\u00e1s grandes del mercado.<\/p>\n<p>\u2753 <strong>\u00bfEs recargable?<\/strong><br \/>\n\u2705 <strong>850mAh<\/strong> bater\u00eda + <strong>Tipo C<\/strong> puerto; carga completa en ~30 min.<\/p>\n<p>\u2753 <strong>\u00bfQu\u00e9 concentraciones de nicotina est\u00e1n disponibles?<\/strong><br \/>\n\u2705 <strong>2 %<\/strong> mild, <strong>5 %<\/strong> fuerte: elija al finalizar la compra.<\/p>\n<p>\u2753 <strong>\u00bfC\u00f3mo reviso la bater\u00eda o el jugo?<\/strong><br \/>\n\u2705 <strong>pantalla inteligente LED<\/strong> displays both levels in real time.<\/p>\n<p>\u2753 <strong class=\"\">\u00bfDesde d\u00f3nde se env\u00eda?<\/strong><br \/>\n\u2705 <strong>Almac\u00e9n de la UE<\/strong>\u2014Entrega r\u00e1pida, fiable y sin aduanas en toda Europa.<\/p>\n<p>&nbsp;<\/p>\n<h3 id=\"brxe-najhln\" class=\"brxe-heading\">Preguntas frecuentes (FAQ)<\/h3>\n<div id=\"brxe-rajiac\" class=\"brxe-text\">\n<p><strong>P: \u00bfQu\u00e9 m\u00e9todos de pago aceptan?<\/strong><br \/>\nR: Aceptamos PayPal, Stripe, transferencias bancarias (compatibles con SEPA), las principales tarjetas de cr\u00e9dito (Visa, MasterCard, American Express) y pagos con criptomonedas.<\/p>\n<p><strong>P: \u00bfCu\u00e1nto tiempo lleva la preparaci\u00f3n del pedido?<\/strong><br \/>\nR: La preparaci\u00f3n del pedido demora entre 1 y 3 d\u00edas h\u00e1biles.<\/p>\n<p><strong>P: \u00bfCu\u00e1l es el tiempo de env\u00edo?<\/strong><br \/>\nR: El tiempo de env\u00edo es de 7 a 14 d\u00edas h\u00e1biles, dependiendo de su ubicaci\u00f3n. Los productos enviados desde almacenes europeos generalmente demoran de 3 a 6 d\u00edas h\u00e1biles en entregarse.<\/p>\n<p><strong>P: \u00bfC\u00f3mo puedo realizar un seguimiento de mi pedido?<\/strong><br \/>\nR: Despu\u00e9s del env\u00edo, recibir\u00e1 un correo electr\u00f3nico de confirmaci\u00f3n con un n\u00famero de seguimiento para realizar un seguimiento en tiempo real.<\/p>\n<p><strong>P: \u00bfCu\u00e1l es su pol\u00edtica de devoluci\u00f3n?<\/strong><br \/>\nR: Ofrecemos una pol\u00edtica de devoluci\u00f3n de 30 d\u00edas para reembolsos o cambios. .<\/p>\n<p><strong>P: \u00bfHabr\u00e1 alg\u00fan problema aduanero?<br \/>\n<\/strong>Nos encargamos de todos los procedimientos de despacho de aduanas para garantizarle una experiencia sin complicaciones. .<\/p>\n<p><strong>P: \u00bfQu\u00e9 m\u00e9todos de env\u00edo se utilizan?<\/strong><br \/>\nCooperamos con UPS\/DHL\/FEDEX\/DPD, etc. Elegiremos la opci\u00f3n de env\u00edo adecuada seg\u00fan el pa\u00eds de entrega para asegurarnos de que reciba sus productos lo m\u00e1s r\u00e1pido posible.<\/p>\n<p><a href=\"https:\/\/pgvape.com\/es\/preguntas-frecuentes\/\">Haga clic aqu\u00ed para m\u00e1s preguntas frecuentes<\/a><\/p>\n<p>Estimados clientes: Si tienen alguna pregunta sobre su pedido o la llegada de la mercanc\u00eda, comun\u00edquese con nuestro servicio de atenci\u00f3n al cliente. \u00a1Gracias!<\/p>\n<h3 data-sourcepos=\"73:1-73:21\"><strong data-sourcepos=\"73:7-73:21\">Cont\u00e1ctenos<\/strong><\/h3>\n<div id=\"text-2419739398\" class=\"text\">\n<p><strong data-sourcepos=\"75:3-75:12\">Correo electr\u00f3nico<\/strong>:\u00a0<a href=\"mailto:support@pgvape.com\"><strong>support@pgvape.com<\/strong><\/a><\/p>\n<p><strong data-sourcepos=\"76:3-76:15\">WhatsApp<\/strong>:\u00a0<a href=\"https:\/\/wa.me\/+8618128481258\"><strong>+86 18128481258<\/strong><\/a><br \/>\n<strong>(Respuesta dentro de las 24 horas en d\u00edas h\u00e1biles)<\/strong><\/p>\n<\/div>\n<h3><strong>\u00a1Gracias por elegir pgvape.com! .<\/strong><\/h3>\n<\/div>\n<p>&nbsp;<\/p>\n<p>&nbsp;<\/p>","protected":false},"excerpt":{"rendered":"<p>Stagbar Nexus 60K es un vaporizador desechable de alta capacidad con 60\u00a0000 inhalaciones, 50 ml de e-l\u00edquido, bobina de malla de 0,9 \u03a9, bater\u00eda recargable tipo C de 850 mAh y env\u00edo a la UE, que ofrece longevidad, comodidad y cumplimiento extremos para los vapeadores m\u00e1s exigentes.<\/p>","protected":false},"featured_media":8257,"comment_status":"open","ping_status":"closed","template":"","meta":{"_seopress_robots_primary_cat":"none","_seopress_titles_title":"","_seopress_titles_desc":"","_seopress_robots_index":""},"product_brand":[516,193],"product_cat":[48,515,192],"product_tag":[315,90,203,528],"class_list":{"0":"post-8025","1":"product","2":"type-product","3":"status-publish","4":"has-post-thumbnail","6":"product_brand-disposable-vape","7":"product_brand-stag-bar-vape","8":"product_cat-60k-puffs-vape","9":"product_cat-disposable-vape","10":"product_cat-stag-bar-vape","11":"product_tag-60k-puffs-vape","12":"product_tag-disposable-vape","13":"product_tag-shipment-from-eu","14":"product_tag-stag-bar-nexus-60000","16":"first","17":"instock","18":"sale","19":"shipping-taxable","20":"purchasable","21":"product-type-variable"},"_links":{"self":[{"href":"https:\/\/pgvape.com\/es\/wp-json\/wp\/v2\/product\/8025","targetHints":{"allow":["GET"]}}],"collection":[{"href":"https:\/\/pgvape.com\/es\/wp-json\/wp\/v2\/product"}],"about":[{"href":"https:\/\/pgvape.com\/es\/wp-json\/wp\/v2\/types\/product"}],"replies":[{"embeddable":true,"href":"https:\/\/pgvape.com\/es\/wp-json\/wp\/v2\/comments?post=8025"}],"wp:featuredmedia":[{"embeddable":true,"href":"https:\/\/pgvape.com\/es\/wp-json\/wp\/v2\/media\/8257"}],"wp:attachment":[{"href":"https:\/\/pgvape.com\/es\/wp-json\/wp\/v2\/media?parent=8025"}],"wp:term":[{"taxonomy":"product_brand","embeddable":true,"href":"https:\/\/pgvape.com\/es\/wp-json\/wp\/v2\/product_brand?post=8025"},{"taxonomy":"product_cat","embeddable":true,"href":"https:\/\/pgvape.com\/es\/wp-json\/wp\/v2\/product_cat?post=8025"},{"taxonomy":"product_tag","embeddable":true,"href":"https:\/\/pgvape.com\/es\/wp-json\/wp\/v2\/product_tag?post=8025"}],"curies":[{"name":"wp","href":"https:\/\/api.w.org\/{rel}","templated":true}]}}