{"id":7998,"date":"2025-12-22T14:15:23","date_gmt":"2025-12-22T14:15:23","guid":{"rendered":"https:\/\/pgvape.com\/?post_type=product&#038;p=7998"},"modified":"2026-02-20T18:01:05","modified_gmt":"2026-02-20T18:01:05","slug":"stag-bar-triple-pro-75000-75k-puffs-3-en-1-envio-de-vape-desechable-con-rotacion-de-triple-sabor-desde-la-ue-pantalla-inteligente-led-vape-directo-de-fabrica","status":"publish","type":"product","link":"https:\/\/pgvape.com\/es\/producto\/stag-bar-triple-pro-75000-75k-puffs-3-en-1-envio-de-vape-desechable-con-rotacion-de-triple-sabor-desde-la-ue-pantalla-inteligente-led-vape-directo-de-fabrica\/","title":{"rendered":"Stag Bar Triple Pro 75000 75k Puffs 3 en 1 Env\u00edo de Vape desechable con rotaci\u00f3n de triple sabor desde la UE Pantalla inteligente LED Vape Directo de f\u00e1brica"},"content":{"rendered":"<p data-sourcepos=\"1:1-2:66\"><strong data-sourcepos=\"2:1-2:66\">Stagbar 75K | Rotaci\u00f3n de triple sabor | Pantalla LED | Existencias en la UE <\/strong>Conozca el Stagbar 75K, un vaporizador desechable de alta capacidad dise\u00f1ado para un rendimiento duradero y variedad de sabores. <strong data-sourcepos=\"4:126-4:141\">75.000 bocanadas<\/strong> esperanza de vida y un <strong data-sourcepos=\"4:157-4:190\">sistema de rotaci\u00f3n de triple sabor<\/strong>, es una potencia inagotable de comodidad y resistencia. .<\/p>\n<p>&nbsp;<\/p>\n<h2><span style=\"font-size: 90%;\">Stag Bar Triple Pro 75000 75k Puffs 3 in 1 Flavors Disposable Vape Specification<\/span><\/h2>\n<p><strong data-sourcepos=\"9:6-9:27\">Vaina de triple sabor<\/strong>\u00a0\u2013 Cambie entre tres sabores precargados con facilidad.<\/p>\n<p><strong data-sourcepos=\"10:7-10:27\">Pantalla inteligente LED<\/strong>\u00a0\u2013 Conozca siempre los niveles de bater\u00eda y e-l\u00edquido de un vistazo.<\/p>\n<p><strong data-sourcepos=\"11:6-11:41\">Bater\u00eda de 650 mAh + carga USB-C<\/strong>\u00a0\u2013 Recargas r\u00e1pidas, potencia duradera.<\/p>\n<p><strong data-sourcepos=\"12:5-12:25\">Bobina de malla triple<\/strong>\u00a0\u2013 Sabor intenso, vapor denso y rendimiento consistente.<\/p>\n<p><strong data-sourcepos=\"13:6-13:33\">Ships from EU Warehouse<\/strong>\u00a0\u2013 Entrega r\u00e1pida y compatible con impuestos en toda Europa.<\/p>\n<p><strong data-sourcepos=\"14:6-14:22\">75.000 bocanadas<\/strong>\u00a0\u2013 Longevidad excepcional para uso prolongado.<\/p>\n<p>&nbsp;<\/p>\n<h3><span style=\"font-size: 90%;\">Stag Bar Triple Pro 75000 75k Puffs 3 en 1 sabores Lista de sabores desechables de Vape<\/span><\/h3>\n<p>1.Strawberry Kiwi &amp; Blueberry Ice &amp; Watermelon Ice<\/p>\n<p>2.Blue Razz Ice &amp; Cranberry Uva &amp; Fresa Sand\u00eda<\/p>\n<p>3. Fresa, uva, frambuesa, sand\u00eda y helado de ar\u00e1ndano<\/p>\n<p>4.Triple Melon &amp; Peach Mango Pineapple &amp; Strawberry Ice<\/p>\n<p>5.Hielo de ar\u00e1ndano, hielo de cereza y lima lim\u00f3n<\/p>\n<p>6.Frambuesa, sand\u00eda, fresa, kiwi y blue razz ice<\/p>\n<p>7.Helado de cereza, kiwi de fresa y manzana doble<\/p>\n<p>8.Chicle de sand\u00eda, hielo Blue Razz y mel\u00f3n triple<\/p>\n<p>9.Hielo de fresa y hielo de sand\u00eda y lima lim\u00f3n<\/p>\n<p>10.Sand\u00eda Hielo y Fresa Uva y Melocot\u00f3n Mango Pi\u00f1a<img loading=\"lazy\" decoding=\"async\" class=\"alignnone wp-image-8003 size-full\" src=\"https:\/\/pgvape.com\/wp-content\/uploads\/2025\/12\/Stagbar-Triple-Pro-75000-75k-Puffs-3-in-1-Flavors-Disposable-Vape-Hipment-From-EU-Free-Shipping-Vape-Factory-Direct-3.png\" alt=\"L\u00ednea colorida de vaporizadores desechables Stagbar Triple Pro con personajes de monos de dibujos animados, con 75\u00a0000 caladas, 3 en 1 y el logotipo de EU Warehouse.\" width=\"1500\" height=\"483\" srcset=\"https:\/\/pgvape.com\/wp-content\/uploads\/2025\/12\/Stagbar-Triple-Pro-75000-75k-Puffs-3-in-1-Flavors-Disposable-Vape-Hipment-From-EU-Free-Shipping-Vape-Factory-Direct-3.png 1500w, https:\/\/pgvape.com\/wp-content\/uploads\/2025\/12\/Stagbar-Triple-Pro-75000-75k-Puffs-3-in-1-Flavors-Disposable-Vape-Hipment-From-EU-Free-Shipping-Vape-Factory-Direct-3-555x179.png 555w, https:\/\/pgvape.com\/wp-content\/uploads\/2025\/12\/Stagbar-Triple-Pro-75000-75k-Puffs-3-in-1-Flavors-Disposable-Vape-Hipment-From-EU-Free-Shipping-Vape-Factory-Direct-3-595x192.png 595w, https:\/\/pgvape.com\/wp-content\/uploads\/2025\/12\/Stagbar-Triple-Pro-75000-75k-Puffs-3-in-1-Flavors-Disposable-Vape-Hipment-From-EU-Free-Shipping-Vape-Factory-Direct-3-400x129.png 400w, https:\/\/pgvape.com\/wp-content\/uploads\/2025\/12\/Stagbar-Triple-Pro-75000-75k-Puffs-3-in-1-Flavors-Disposable-Vape-Hipment-From-EU-Free-Shipping-Vape-Factory-Direct-3-768x247.png 768w, https:\/\/pgvape.com\/wp-content\/uploads\/2025\/12\/Stagbar-Triple-Pro-75000-75k-Puffs-3-in-1-Flavors-Disposable-Vape-Hipment-From-EU-Free-Shipping-Vape-Factory-Direct-3-18x6.png 18w, https:\/\/pgvape.com\/wp-content\/uploads\/2025\/12\/Stagbar-Triple-Pro-75000-75k-Puffs-3-in-1-Flavors-Disposable-Vape-Hipment-From-EU-Free-Shipping-Vape-Factory-Direct-3-600x193.png 600w\" sizes=\"auto, (max-width: 1500px) 100vw, 1500px\" \/><\/p>\n<p>&nbsp;<\/p>\n<h3><span style=\"font-size: 90%;\">Stag Bar Triple Pro 75000 75k Puffs 3 in 1 Flavors Disposable Vape Video\uff1a<\/span><\/h3>\n<p>&nbsp;<\/p>\n<h3 class=\"auto-hide-last-sibling-br paragraph-pP9ZLC paragraph-element br-paragraph-space\">\u00bfPor qu\u00e9 elegir el almac\u00e9n europeo de PGVape?<\/h3>\n<p>Env\u00edo r\u00e1pido: entrega a la mayor\u00eda de los pa\u00edses de la UE en un plazo de 3 a 7 d\u00edas h\u00e1biles.<\/p>\n<p>Entrega libre de impuestos: el stock local de la UE garantiza un env\u00edo fluido y libre de impuestos.<\/p>\n<p>100% Garant\u00eda aut\u00e9ntica: Genuino <span style=\"font-size: 90%;\">Bar de ciervos <\/span>Cigarrillos electr\u00f3nicos de proveedores certificados.<\/p>\n<p>Inventario fresco: almacenado en condiciones controladas para garantizar una calidad \u00f3ptima.<\/p>\n<p>Con la confianza de los europeos: miles de clientes disfrutan de los servicios de cigarrillos electr\u00f3nicos r\u00e1pidos y seguros de PGVape.<\/p>\n<p>&nbsp;<\/p>\n<h2 class=\"header-vfC6AV auto-hide-last-sibling-br\"><span style=\"font-size: 90%;\">Preguntas frecuentes sobre Stag Bar Triple Pro 75000 75k Puffs 3 en 1 sabores Vape desechable<\/span><\/h2>\n<p>\u2753 <strong>\u00bfCu\u00e1ntas bocanadas en total?<\/strong><br \/>\n\u2705 Clasificado de f\u00e1brica <strong>75.000 bocanadas<\/strong>\u2014weeks to months of use.<\/p>\n<p>\u2753 <strong class=\"\">\u00bfC\u00f3mo cambio los sabores?<\/strong><br \/>\n\u2705 <strong>Selector 3 en 1<\/strong>\u2014Gira o haz clic para saltar entre <strong>tres sabores precargados<\/strong>.<\/p>\n<p>\u2753 <strong class=\"\">\u00bfEs recargable?<\/strong><br \/>\n\u2705 <strong>650mAh<\/strong> bater\u00eda + <strong>Tipo C<\/strong> puerto; carga completa en ~30 min.<\/p>\n<p>\u2753 <strong>\u00bfC\u00f3mo reviso la bater\u00eda o el jugo?<\/strong><br \/>\n\u2705 <strong>pantalla inteligente LED<\/strong> displays both levels in real time.<\/p>\n<p>\u2753 <strong>\u00bfDesde d\u00f3nde se env\u00eda?<\/strong><br \/>\n\u2705 <strong>Almac\u00e9n de la UE<\/strong>\u2014entrega r\u00e1pida en toda Europa.<\/p>\n<p>&nbsp;<\/p>\n<h3 id=\"brxe-najhln\" class=\"brxe-heading\">Preguntas frecuentes (FAQ)<\/h3>\n<div id=\"brxe-rajiac\" class=\"brxe-text\">\n<p><strong>P: \u00bfQu\u00e9 m\u00e9todos de pago aceptan?<\/strong><br \/>\nR: Aceptamos PayPal, Stripe, transferencias bancarias (compatibles con SEPA), las principales tarjetas de cr\u00e9dito (Visa, MasterCard, American Express) y pagos con criptomonedas.<\/p>\n<p><strong>P: \u00bfCu\u00e1nto tiempo lleva la preparaci\u00f3n del pedido?<\/strong><br \/>\nR: La preparaci\u00f3n del pedido demora entre 1 y 3 d\u00edas h\u00e1biles.<\/p>\n<p><strong>P: \u00bfCu\u00e1l es el tiempo de env\u00edo?<\/strong><br \/>\nR: El tiempo de env\u00edo es de 7 a 14 d\u00edas h\u00e1biles, seg\u00fan su ubicaci\u00f3n.<\/p>\n<p><strong>P: \u00bfC\u00f3mo puedo realizar un seguimiento de mi pedido?<\/strong><br \/>\nR: Despu\u00e9s del env\u00edo, recibir\u00e1 un correo electr\u00f3nico de confirmaci\u00f3n con un n\u00famero de seguimiento para realizar un seguimiento en tiempo real.<\/p>\n<p><strong>P: \u00bfCu\u00e1l es su pol\u00edtica de devoluci\u00f3n?<\/strong><br \/>\nR: Ofrecemos una pol\u00edtica de devoluci\u00f3n de 30 d\u00edas para reembolsos o cambios. .<\/p>\n<p><strong>P: \u00bfHabr\u00e1 alg\u00fan problema aduanero?<br \/>\n<\/strong>Nos encargamos de todos los procedimientos de despacho de aduanas para garantizarle una experiencia sin complicaciones. .<\/p>\n<p><strong>P: \u00bfQu\u00e9 m\u00e9todos de env\u00edo se utilizan?<\/strong><br \/>\nCooperamos con UPS\/DHL\/FEDEX\/DPD, etc. Elegiremos la opci\u00f3n de env\u00edo adecuada seg\u00fan el pa\u00eds de entrega para asegurarnos de que reciba sus productos lo m\u00e1s r\u00e1pido posible.<\/p>\n<p><a href=\"https:\/\/pgvape.com\/es\/preguntas-frecuentes\/\">Haga clic aqu\u00ed para m\u00e1s preguntas frecuentes<\/a><\/p>\n<p>Estimados clientes: Si tienen alguna pregunta sobre su pedido o la llegada de la mercanc\u00eda, comun\u00edquese con nuestro servicio de atenci\u00f3n al cliente. \u00a1Gracias!<\/p>\n<h3 data-sourcepos=\"73:1-73:21\"><strong data-sourcepos=\"73:7-73:21\">Cont\u00e1ctenos<\/strong><\/h3>\n<div id=\"text-2419739398\" class=\"text\">\n<p><strong data-sourcepos=\"75:3-75:12\">Correo electr\u00f3nico<\/strong>:\u00a0<a href=\"mailto:support@pgvape.com\"><strong>support@pgvape.com<\/strong><\/a><\/p>\n<p><strong data-sourcepos=\"76:3-76:15\">WhatsApp<\/strong>:\u00a0<a href=\"https:\/\/wa.me\/+8618128481258\"><strong>+86 18128481258<\/strong><\/a><br \/>\n<strong>(Respuesta dentro de las 24 horas en d\u00edas h\u00e1biles)<\/strong><\/p>\n<\/div>\n<h3><strong>\u00a1Gracias por elegir pgvape.com! .<\/strong><\/h3>\n<\/div>","protected":false},"excerpt":{"rendered":"<p><strong>Barra de ciervo 75K<\/strong>\u2014<strong>75.000 bocanadas<\/strong>, <strong>triple malla<\/strong>, <strong>3 sabores<\/strong>, <strong>Tipo C<\/strong>, <strong>pantalla inteligente<\/strong>, <strong>Acciones de la UE<\/strong>.<strong>Elija tres, vapee durante mucho tiempo y env\u00ede r\u00e1pido.<\/strong><\/p>","protected":false},"featured_media":8001,"comment_status":"open","ping_status":"closed","template":"","meta":{"_seopress_robots_primary_cat":"none","_seopress_titles_title":"","_seopress_titles_desc":"","_seopress_robots_index":""},"product_brand":[516,193],"product_cat":[326,515,192],"product_tag":[526,525,90,203,524],"class_list":{"0":"post-7998","1":"product","2":"type-product","3":"status-publish","4":"has-post-thumbnail","6":"product_brand-disposable-vape","7":"product_brand-stag-bar-vape","8":"product_cat-75k-puffs-vape","9":"product_cat-disposable-vape","10":"product_cat-stag-bar-vape","11":"product_tag-3-in-1-triple-flavor-rotation","12":"product_tag-75k-puffs-vape","13":"product_tag-disposable-vape","14":"product_tag-shipment-from-eu","15":"product_tag-stag-bar-triple-pro-75000","17":"first","18":"outofstock","19":"sale","20":"shipping-taxable","21":"purchasable","22":"product-type-variable"},"_links":{"self":[{"href":"https:\/\/pgvape.com\/es\/wp-json\/wp\/v2\/product\/7998","targetHints":{"allow":["GET"]}}],"collection":[{"href":"https:\/\/pgvape.com\/es\/wp-json\/wp\/v2\/product"}],"about":[{"href":"https:\/\/pgvape.com\/es\/wp-json\/wp\/v2\/types\/product"}],"replies":[{"embeddable":true,"href":"https:\/\/pgvape.com\/es\/wp-json\/wp\/v2\/comments?post=7998"}],"wp:featuredmedia":[{"embeddable":true,"href":"https:\/\/pgvape.com\/es\/wp-json\/wp\/v2\/media\/8001"}],"wp:attachment":[{"href":"https:\/\/pgvape.com\/es\/wp-json\/wp\/v2\/media?parent=7998"}],"wp:term":[{"taxonomy":"product_brand","embeddable":true,"href":"https:\/\/pgvape.com\/es\/wp-json\/wp\/v2\/product_brand?post=7998"},{"taxonomy":"product_cat","embeddable":true,"href":"https:\/\/pgvape.com\/es\/wp-json\/wp\/v2\/product_cat?post=7998"},{"taxonomy":"product_tag","embeddable":true,"href":"https:\/\/pgvape.com\/es\/wp-json\/wp\/v2\/product_tag?post=7998"}],"curies":[{"name":"wp","href":"https:\/\/api.w.org\/{rel}","templated":true}]}}