{"id":7965,"date":"2025-12-19T10:44:48","date_gmt":"2025-12-19T10:44:48","guid":{"rendered":"https:\/\/pgvape.com\/?post_type=product&#038;p=7965"},"modified":"2026-03-15T13:36:50","modified_gmt":"2026-03-15T13:36:50","slug":"bang-legend-geek-60000-60k-puffs-vape-desechable-flujo-de-aire-ajustable-modo-turbo-0-5-nicotina-12-gustos-pantalla-inteligente-vape-factory-al-por-mayor","status":"publish","type":"product","link":"https:\/\/pgvape.com\/es\/producto\/bang-legend-geek-60000-60k-puffs-vape-desechable-flujo-de-aire-ajustable-modo-turbo-0-5-nicotina-12-gustos-pantalla-inteligente-vape-factory-al-por-mayor\/","title":{"rendered":"Bang Legend Geek 60000 60K Puffs Vape desechable Flujo de aire ajustable Modo Turbo 0% \u2013 5% Nicotina 12Tastes Pantalla inteligente Vape Factory al por mayor"},"content":{"rendered":"<p>Bang Legend Geek 60000 60K Puffs Desechables\u00a0<strong>vapear<\/strong>\u00a0est\u00e1 dise\u00f1ado para vapeadores que buscan el m\u00e1ximo rendimiento y personalizaci\u00f3n.\u00a0<strong>bobina de malla<\/strong>\u00a0garantiza un vapor suave y un sabor rico y consistente.\u00a0<strong>e-l\u00edquido<\/strong>\u00a0ventana, adem\u00e1s de 12 sabores seleccionados, este dispositivo equilibra el disfrute diario con el valor a largo plazo, todo ello alojado en un cuerpo compacto y ergon\u00f3mico ideal para uso mientras viaja.<\/p>\n<p>&nbsp;<\/p>\n<h2><span style=\"font-size: 90%;\">Especificaciones del vaporizador desechable Bang Legend Geek 60000 60K Puffs<\/span><\/h2>\n<p><strong>bocanadas<\/strong>: Hasta <strong class=\"\">60,000<\/strong><\/p>\n<p><strong>E-l\u00edquido<\/strong>: <strong>19ml<\/strong> precargado<\/p>\n<p><strong>Nicotina<\/strong>: <strong class=\"\">2 %, 3 %, 5 %<\/strong> opciones de sal<\/p>\n<p><strong>Bater\u00eda<\/strong>: <strong>850mAh<\/strong>, <strong>Tipo C<\/strong> carga rapida<\/p>\n<p><strong>Bobina<\/strong>: <strong class=\"\">Malla de 1,0 \u03a9<\/strong><\/p>\n<p><strong>flujo de aire<\/strong>: <strong class=\"\">Ajustable<\/strong> (apretado \u2192 aireado)<\/p>\n<p><strong>Modo<\/strong>: <strong class=\"\">Turbo<\/strong> aumento de potencia<\/p>\n<p><strong>Ventana<\/strong>: <strong>Borrar<\/strong> visor de jugo<\/p>\n<p>&nbsp;<\/p>\n<h3><span style=\"font-size: 90%;\">Lista de sabores desechables de Vape de Bang Legend Geek 60000 60K Puffs<\/span><\/h3>\n<p>1.Sand\u00eda Fresa<\/p>\n<p>2.Hielo de ar\u00e1ndanos<\/p>\n<p>3. Frambuesa de ar\u00e1ndano<\/p>\n<p>4.Fresa Kiwi<\/p>\n<p>5.Pl\u00e1tano Fresa<\/p>\n<p>6.Hielo de uva<\/p>\n<p>7. Mango de fresa<\/p>\n<p>8.Guayaba y maracuy\u00e1 con kiwi<\/p>\n<p>9.Mamba<\/p>\n<p>10.Amor 66<\/p>\n<p>11.Bayas mixtas<\/p>\n<p>12.Hielo de melocot\u00f3n<img loading=\"lazy\" decoding=\"async\" class=\"alignnone wp-image-7982 size-full\" src=\"https:\/\/pgvape.com\/wp-content\/uploads\/2025\/12\/Bang-Legend-Geek-60000-60K-Puffs-Disposable-Vape-Adjustable-Airflow-Turbo-Mode-0\u20135-Nicotine-12Tastes-Smart-Screen-Vape-Factory-Wholesale-2.png\" alt=\"Filas de dispositivos de vapeo desechables Bang Legend en colores brillantes con etiquetas de sabores, sobre un fondo violeta ne\u00f3n.\" width=\"1800\" height=\"900\" srcset=\"https:\/\/pgvape.com\/wp-content\/uploads\/2025\/12\/Bang-Legend-Geek-60000-60K-Puffs-Disposable-Vape-Adjustable-Airflow-Turbo-Mode-0\u20135-Nicotine-12Tastes-Smart-Screen-Vape-Factory-Wholesale-2.png 1800w, https:\/\/pgvape.com\/wp-content\/uploads\/2025\/12\/Bang-Legend-Geek-60000-60K-Puffs-Disposable-Vape-Adjustable-Airflow-Turbo-Mode-0\u20135-Nicotine-12Tastes-Smart-Screen-Vape-Factory-Wholesale-2-555x278.png 555w, https:\/\/pgvape.com\/wp-content\/uploads\/2025\/12\/Bang-Legend-Geek-60000-60K-Puffs-Disposable-Vape-Adjustable-Airflow-Turbo-Mode-0\u20135-Nicotine-12Tastes-Smart-Screen-Vape-Factory-Wholesale-2-595x298.png 595w, https:\/\/pgvape.com\/wp-content\/uploads\/2025\/12\/Bang-Legend-Geek-60000-60K-Puffs-Disposable-Vape-Adjustable-Airflow-Turbo-Mode-0\u20135-Nicotine-12Tastes-Smart-Screen-Vape-Factory-Wholesale-2-400x200.png 400w, https:\/\/pgvape.com\/wp-content\/uploads\/2025\/12\/Bang-Legend-Geek-60000-60K-Puffs-Disposable-Vape-Adjustable-Airflow-Turbo-Mode-0\u20135-Nicotine-12Tastes-Smart-Screen-Vape-Factory-Wholesale-2-768x384.png 768w, https:\/\/pgvape.com\/wp-content\/uploads\/2025\/12\/Bang-Legend-Geek-60000-60K-Puffs-Disposable-Vape-Adjustable-Airflow-Turbo-Mode-0\u20135-Nicotine-12Tastes-Smart-Screen-Vape-Factory-Wholesale-2-1536x768.png 1536w, https:\/\/pgvape.com\/wp-content\/uploads\/2025\/12\/Bang-Legend-Geek-60000-60K-Puffs-Disposable-Vape-Adjustable-Airflow-Turbo-Mode-0\u20135-Nicotine-12Tastes-Smart-Screen-Vape-Factory-Wholesale-2-18x9.png 18w, https:\/\/pgvape.com\/wp-content\/uploads\/2025\/12\/Bang-Legend-Geek-60000-60K-Puffs-Disposable-Vape-Adjustable-Airflow-Turbo-Mode-0\u20135-Nicotine-12Tastes-Smart-Screen-Vape-Factory-Wholesale-2-600x300.png 600w\" sizes=\"auto, (max-width: 1800px) 100vw, 1800px\" \/><\/p>\n<p>&nbsp;<\/p>\n<h3><span style=\"font-size: 90%;\">Bang Legend Geek 60000 60K inhalaciones Vape desechable <strong>Video:<\/strong><\/span><\/h3>\n<p><iframe loading=\"lazy\" title=\"El friki 60K de la leyenda de la explosi\u00f3n sopla pgvape ajustable disponible de la circulaci\u00f3n de aire de Vape y de la venta al por mayor de la f\u00e1brica del modo de Turbo\" width=\"1020\" height=\"574\" src=\"https:\/\/www.youtube.com\/embed\/cip3IqgQwM4?feature=oembed\" frameborder=\"0\" allow=\"accelerometer; autoplay; clipboard-write; encrypted-media; gyroscope; picture-in-picture; web-share\" referrerpolicy=\"strict-origin-when-cross-origin\" allowfullscreen><\/iframe><\/p>\n<p>&nbsp;<\/p>\n<h2 class=\"header-vfC6AV auto-hide-last-sibling-br\"><span style=\"font-size: 90%;\">Preguntas frecuentes sobre el vaporizador desechable Bang Legend Geek 60000 60K Puffs<\/span><\/h2>\n<p>\u2753Por qu\u00e9 elegir Bang Legend Geek 60000 60K Puffs desechables\u00a0<strong>vapear<\/strong>?<br \/>\n\u2705 Ofrece hasta 60.000 inhalaciones, lo que ofrece una vida \u00fatil ultralarga que reduce los reemplazos y maximiza el valor.<\/p>\n<p>\u2753\u00bfQu\u00e9 destaca su desempe\u00f1o?<br \/>\n\u2705 El 1.0\u03a9 <strong style=\"font-size: 14.4px;\">bobina de malla<\/strong><span style=\"font-size: 14.4px;\">\u00a0garantiza un calentamiento r\u00e1pido, caladas suaves y un sabor rico y consistente con cada bocanada.<\/span><\/p>\n<p>\u2753\u00bfPueden los usuarios personalizar su\u00a0<strong>vapear<\/strong> \u00bfexperiencia?<br \/>\n\u2705 S\u00ed, el flujo de aire ajustable y el modo Turbo permiten a los usuarios cambiar entre caladas suaves y caladas con mayor potencia.<\/p>\n<p>\u2753\u00bfEs confiable para el uso diario a largo plazo?<br \/>\n\u2705Absolutamente. <strong style=\"font-size: 14.4px;\">vapear<\/strong><span style=\"font-size: 14.4px;\">\u00a0con un tiempo de inactividad m\u00ednimo.<\/span><\/p>\n<p>\u2753\u00bfPor qu\u00e9 es c\u00f3modo de usar?<br \/>\n\u2705 El claro <strong style=\"font-size: 14.4px;\">e-l\u00edquido<\/strong><span style=\"font-size: 14.4px;\">\u00a0La ventana y las 12 opciones de sabor hacen que el Bang Legend Geek 60000 sea f\u00e1cil de usar y muy vers\u00e1til.<\/span><\/p>\n<p>&nbsp;<\/p>\n<h3 id=\"brxe-najhln\" class=\"brxe-heading\">Preguntas frecuentes (FAQ)<\/h3>\n<div id=\"brxe-rajiac\" class=\"brxe-text\">\n<p><strong>P: \u00bfQu\u00e9 m\u00e9todos de pago aceptan?<\/strong><br \/>\nR: Aceptamos PayPal, Stripe, transferencias bancarias (compatibles con SEPA), las principales tarjetas de cr\u00e9dito (Visa, MasterCard, American Express) y pagos con criptomonedas.<\/p>\n<p><strong>P: \u00bfCu\u00e1nto tiempo lleva la preparaci\u00f3n del pedido?<\/strong><br \/>\nR: La preparaci\u00f3n del pedido demora entre 1 y 3 d\u00edas h\u00e1biles.<\/p>\n<p><strong>P: \u00bfCu\u00e1l es el tiempo de env\u00edo?<\/strong><br \/>\nR: El tiempo de env\u00edo es de 7 a 14 d\u00edas h\u00e1biles, seg\u00fan su ubicaci\u00f3n.<\/p>\n<p><strong>P: \u00bfC\u00f3mo puedo realizar un seguimiento de mi pedido?<\/strong><br \/>\nR: Despu\u00e9s del env\u00edo, recibir\u00e1 un correo electr\u00f3nico de confirmaci\u00f3n con un n\u00famero de seguimiento para realizar un seguimiento en tiempo real.<\/p>\n<p><strong>P: \u00bfCu\u00e1l es su pol\u00edtica de devoluci\u00f3n?<\/strong><br \/>\nR: Ofrecemos una pol\u00edtica de devoluci\u00f3n de 30 d\u00edas para reembolsos o cambios. .<\/p>\n<p><strong>P: \u00bfHabr\u00e1 alg\u00fan problema aduanero?<br \/>\n<\/strong>Nos encargamos de todos los procedimientos de despacho de aduanas para garantizarle una experiencia sin complicaciones. .<\/p>\n<p><strong>P: \u00bfQu\u00e9 m\u00e9todos de env\u00edo se utilizan?<\/strong><br \/>\nCooperamos con UPS\/DHL\/FEDEX\/DPD, etc. Elegiremos la opci\u00f3n de env\u00edo adecuada seg\u00fan el pa\u00eds de entrega para asegurarnos de que reciba sus productos lo m\u00e1s r\u00e1pido posible.<\/p>\n<p><a href=\"https:\/\/pgvape.com\/es\/preguntas-frecuentes\/\">Haga clic aqu\u00ed para m\u00e1s preguntas frecuentes<\/a><\/p>\n<p>Estimados clientes: Si tienen alguna pregunta sobre su pedido o la llegada de la mercanc\u00eda, comun\u00edquese con nuestro servicio de atenci\u00f3n al cliente. \u00a1Gracias!<\/p>\n<h3 data-sourcepos=\"73:1-73:21\"><strong data-sourcepos=\"73:7-73:21\">Cont\u00e1ctenos<\/strong><\/h3>\n<div id=\"text-2419739398\" class=\"text\">\n<p><strong data-sourcepos=\"75:3-75:12\">Correo electr\u00f3nico<\/strong>:\u00a0<a href=\"mailto:support@pgvape.com\"><strong>support@pgvape.com<\/strong><\/a><\/p>\n<p><strong data-sourcepos=\"76:3-76:15\">WhatsApp<\/strong>:\u00a0<a href=\"https:\/\/wa.me\/+8618128481258\"><strong>+86 18128481258<\/strong><\/a><br \/>\n<strong>(Respuesta dentro de las 24 horas en d\u00edas h\u00e1biles)<\/strong><\/p>\n<\/div>\n<h3><strong>\u00a1Gracias por elegir pgvape.com! .<\/strong><\/h3>\n<\/div>","protected":false},"excerpt":{"rendered":"<p><strong>Bang Leyenda Friki 60K<\/strong>\u2014<strong>60.000 bocanadas<\/strong>, <strong>19ml<\/strong>, <strong>Turbo + control de flujo de aire<\/strong>, <strong>bobina de malla<\/strong>, <strong>Tipo C<\/strong>, <strong>ventana inteligente<\/strong>.<strong class=\"\">Potencia que ves, sabor que sientes.<\/strong><\/p>","protected":false},"featured_media":7983,"comment_status":"open","ping_status":"closed","template":"","meta":{"_seopress_robots_primary_cat":"","_seopress_titles_title":"","_seopress_titles_desc":"","_seopress_robots_index":""},"product_brand":[72,516],"product_cat":[48,71,515],"product_tag":[315,135,522,90,523],"class_list":{"0":"post-7965","1":"product","2":"type-product","3":"status-publish","4":"has-post-thumbnail","6":"product_brand-bang-legend-vape","7":"product_brand-disposable-vape","8":"product_cat-60k-puffs-vape","9":"product_cat-bang-legend-vape","10":"product_cat-disposable-vape","11":"product_tag-60k-puffs-vape","12":"product_tag-adjustable-airflow","13":"product_tag-bang-legend-geek-60000","14":"product_tag-disposable-vape","15":"product_tag-turbo-mode","17":"first","18":"instock","19":"sale","20":"shipping-taxable","21":"purchasable","22":"product-type-variable"},"_links":{"self":[{"href":"https:\/\/pgvape.com\/es\/wp-json\/wp\/v2\/product\/7965","targetHints":{"allow":["GET"]}}],"collection":[{"href":"https:\/\/pgvape.com\/es\/wp-json\/wp\/v2\/product"}],"about":[{"href":"https:\/\/pgvape.com\/es\/wp-json\/wp\/v2\/types\/product"}],"replies":[{"embeddable":true,"href":"https:\/\/pgvape.com\/es\/wp-json\/wp\/v2\/comments?post=7965"}],"wp:featuredmedia":[{"embeddable":true,"href":"https:\/\/pgvape.com\/es\/wp-json\/wp\/v2\/media\/7983"}],"wp:attachment":[{"href":"https:\/\/pgvape.com\/es\/wp-json\/wp\/v2\/media?parent=7965"}],"wp:term":[{"taxonomy":"product_brand","embeddable":true,"href":"https:\/\/pgvape.com\/es\/wp-json\/wp\/v2\/product_brand?post=7965"},{"taxonomy":"product_cat","embeddable":true,"href":"https:\/\/pgvape.com\/es\/wp-json\/wp\/v2\/product_cat?post=7965"},{"taxonomy":"product_tag","embeddable":true,"href":"https:\/\/pgvape.com\/es\/wp-json\/wp\/v2\/product_tag?post=7965"}],"curies":[{"name":"wp","href":"https:\/\/api.w.org\/{rel}","templated":true}]}}