{"id":7934,"date":"2025-12-17T13:57:20","date_gmt":"2025-12-17T13:57:20","guid":{"rendered":"https:\/\/pgvape.com\/?post_type=product&#038;p=7934"},"modified":"2026-03-15T13:36:50","modified_gmt":"2026-03-15T13:36:50","slug":"bang-king-city-50000-50k-inhalaciones-vape-desechables-disenos-emblematicos-de-la-ciudad-0-2-3-5-nicotina-12-gustos-pantalla-oled-inteligente-vape-directo-de-fabrica","status":"publish","type":"product","link":"https:\/\/pgvape.com\/es\/producto\/bang-king-city-50000-50k-inhalaciones-vape-desechables-disenos-emblematicos-de-la-ciudad-0-2-3-5-nicotina-12-gustos-pantalla-oled-inteligente-vape-directo-de-fabrica\/","title":{"rendered":"Bang King City 50000 50K Puffs Vape desechable City Landmark Designs 0% 2% 3% 5% Nicotina 12Tastes Pantalla OLED inteligente Vape Factory Direct"},"content":{"rendered":"<p>Bang King City 50K se ve realmente genial: este desechable\u00a0<strong>vapear<\/strong>\u00a0Presenta monumentos famosos de la ciudad (como la torre inclinada de Pisa o la Estatua de la Libertad) para un dise\u00f1o elegante y llamativo.\u00a0<strong>E-l\u00edquido<\/strong>\u00a0Capacidad y una bater\u00eda recargable de 650 mAh con carga tipo C para una c\u00f3moda recuperaci\u00f3n de energ\u00eda.\u00a0<strong>E-l\u00edquido<\/strong>\u00a0Niveles en tiempo real, asegurando una perfecta\u00a0<strong>vapear<\/strong>\u00a0Experiencia.\u00a0<strong>vapear<\/strong>.<\/p>\n<p>&nbsp;<\/p>\n<h2><span style=\"font-size: 90%;\">Especificaciones de Vape desechable Bang King City 50000 50K Puffs<\/span><\/h2>\n<p><strong data-sourcepos=\"11:6-11:29\">Dise\u00f1os de ciudades ic\u00f3nicas<\/strong>\u00a0\u2013 Obra de arte visualmente distintiva de estilo coleccionista.<\/p>\n<p><strong data-sourcepos=\"12:6-12:27\">Pantalla OLED inteligente<\/strong>\u00a0\u2013 Muestra la duraci\u00f3n de la bater\u00eda y los niveles de e-l\u00edquido en tiempo real.<\/p>\n<p><strong data-sourcepos=\"13:6-13:32\">Bater\u00eda masiva de 650 mAh<\/strong>\u00a0\u2013 Recargable mediante USB Type-C para recargas c\u00f3modas.<\/p>\n<p><strong data-sourcepos=\"14:6-14:33\">E-l\u00edquido precargado de 45 ml<\/strong>\u00a0\u2013 Uso prolongado para un disfrute duradero.<\/p>\n<p><strong data-sourcepos=\"15:6-15:28\">Bobina de malla avanzada<\/strong>\u00a0\u2013 Vapor suave y sabroso con salida constante.<\/p>\n<p><strong data-sourcepos=\"16:6-16:26\">Opciones de nicotina<\/strong>\u00a0\u2013 Disponible en 0%, 2%, 3% y 5%.<\/p>\n<p><strong>Caracter\u00edstica de dise\u00f1o<\/strong>: Dise\u00f1os emblem\u00e1ticos de la ciudad con estilo<\/p>\n<p>&nbsp;<\/p>\n<h3><span style=\"font-size: 90%;\">Lista disponible del sabor de Vape de los soplos 50K de Bang King City 50000<\/span><\/h3>\n<p>1.Se\u00f1or Azul<\/p>\n<p>2. Hielo azul Razz<\/p>\n<p>3.Sand\u00eda Fresa<\/p>\n<p>4.Hielo de sand\u00eda<\/p>\n<p>5.Pl\u00e1tano Fresa<\/p>\n<p>6.Frutas tropicales<\/p>\n<p>7. Hielo de triple baya<\/p>\n<p>8.Hielo de melocot\u00f3n jugoso<\/p>\n<p>9.kiwi fresa<\/p>\n<p>10. Sand\u00eda Melocot\u00f3n Mango<\/p>\n<p>11.Guayaba y maracuy\u00e1 con kiwi<\/p>\n<p>12.Hielo de uva<img loading=\"lazy\" decoding=\"async\" class=\"alignnone wp-image-7941 size-full\" src=\"https:\/\/pgvape.com\/wp-content\/uploads\/2025\/12\/Bang-King-City-50000-50K-Puffs-Disposable-Vape-City-Landmark-Designs-0-2-3-5-Nicotine-12Tastes-Vape-Factory-Direct-pgvape-5.png\" alt=\"\" width=\"1500\" height=\"1492\" srcset=\"https:\/\/pgvape.com\/wp-content\/uploads\/2025\/12\/Bang-King-City-50000-50K-Puffs-Disposable-Vape-City-Landmark-Designs-0-2-3-5-Nicotine-12Tastes-Vape-Factory-Direct-pgvape-5.png 1500w, https:\/\/pgvape.com\/wp-content\/uploads\/2025\/12\/Bang-King-City-50000-50K-Puffs-Disposable-Vape-City-Landmark-Designs-0-2-3-5-Nicotine-12Tastes-Vape-Factory-Direct-pgvape-5-362x360.png 362w, https:\/\/pgvape.com\/wp-content\/uploads\/2025\/12\/Bang-King-City-50000-50K-Puffs-Disposable-Vape-City-Landmark-Designs-0-2-3-5-Nicotine-12Tastes-Vape-Factory-Direct-pgvape-5-595x592.png 595w, https:\/\/pgvape.com\/wp-content\/uploads\/2025\/12\/Bang-King-City-50000-50K-Puffs-Disposable-Vape-City-Landmark-Designs-0-2-3-5-Nicotine-12Tastes-Vape-Factory-Direct-pgvape-5-400x398.png 400w, https:\/\/pgvape.com\/wp-content\/uploads\/2025\/12\/Bang-King-City-50000-50K-Puffs-Disposable-Vape-City-Landmark-Designs-0-2-3-5-Nicotine-12Tastes-Vape-Factory-Direct-pgvape-5-768x764.png 768w, https:\/\/pgvape.com\/wp-content\/uploads\/2025\/12\/Bang-King-City-50000-50K-Puffs-Disposable-Vape-City-Landmark-Designs-0-2-3-5-Nicotine-12Tastes-Vape-Factory-Direct-pgvape-5-12x12.png 12w, https:\/\/pgvape.com\/wp-content\/uploads\/2025\/12\/Bang-King-City-50000-50K-Puffs-Disposable-Vape-City-Landmark-Designs-0-2-3-5-Nicotine-12Tastes-Vape-Factory-Direct-pgvape-5-600x597.png 600w, https:\/\/pgvape.com\/wp-content\/uploads\/2025\/12\/Bang-King-City-50000-50K-Puffs-Disposable-Vape-City-Landmark-Designs-0-2-3-5-Nicotine-12Tastes-Vape-Factory-Direct-pgvape-5-100x100.png 100w\" sizes=\"auto, (max-width: 1500px) 100vw, 1500px\" \/><\/p>\n<p>&nbsp;<\/p>\n<h3><span style=\"font-size: 90%;\">Bang King City 50000 50K inhalaciones Vape desechable <strong>Video:<\/strong><\/span><\/h3>\n<p>&nbsp;<\/p>\n<h2 class=\"header-vfC6AV auto-hide-last-sibling-br\"><span style=\"font-size: 90%;\">Preguntas frecuentes sobre el vaporizador desechable Bang King City 50000 50K Puffs<\/span><\/h2>\n<p>\u2753 \u00bfCu\u00e1ntas bocanadas puede hacer el Bang King City 50K?\u00a0<strong>vapear<\/strong> \u00bfEntregar?<br \/>\n\u2705Ofrece hasta 50.000 caladas, proporcionando una larga duraci\u00f3n <strong style=\"font-size: 14.4px;\">vapear<\/strong><span style=\"font-size: 14.4px;\">\u00a0Sin reemplazos frecuentes.<\/span><\/p>\n<p>\u2753\u00bfCu\u00e1l es el\u00a0<strong>E-l\u00edquido<\/strong> \u00bfEspecificaci\u00f3n de capacidad y bater\u00eda?<br \/>\n\u2705Tiene un tama\u00f1o grande de 45ml. <strong style=\"font-size: 14.4px;\">E-l\u00edquido<\/strong><span style=\"font-size: 14.4px;\">\u00a0Capacidad y bater\u00eda recargable de 650 mAh, con carga tipo C para mayor comodidad.<\/span><\/p>\n<p>\u2753Qu\u00e9 concentraciones de nicotina est\u00e1n disponibles para esto\u00a0<strong>vapear<\/strong>?<br \/>\n\u2705Elija entre nicotina 0% \/ 2% \/ 3% \/ 5%, que se adapta a diferentes <strong style=\"font-size: 14.4px;\">vapear<\/strong><span style=\"font-size: 14.4px;\">\u00a0Preferencias.<\/span><\/p>\n<p>\u2753Qu\u00e9 hace que\u00a0<strong>vapear<\/strong>\u2019\u00bfEl dise\u00f1o se destaca?<br \/>\n\u2705Cuenta con elegantes dise\u00f1os emblem\u00e1ticos de la ciudad (como la torre inclinada de Pisa o la Estatua de la Libertad), lo que la hace llamativa y \u00fanica.<\/p>\n<p>\u2753\u00bfC\u00f3mo puedo controlar la bater\u00eda y\u00a0<strong>E-l\u00edquido<\/strong> \u00bfNiveles?<br \/>\n\u2705La pantalla incorporada muestra claramente la duraci\u00f3n de la bater\u00eda en tiempo real y <strong style=\"font-size: 14.4px;\">E-l\u00edquido<\/strong><span style=\"font-size: 14.4px;\">\u00a0Niveles para uso informado.<\/span><\/p>\n<p>\u2753Es esto\u00a0<strong>vapear<\/strong> \u00bfF\u00e1cil de cargar?<br \/>\n\u2705S\u00ed, utiliza carga tipo C: un m\u00e9todo de carga com\u00fan y conveniente para una recuperaci\u00f3n r\u00e1pida de energ\u00eda.<\/p>\n<p>\u2753\u00bfCu\u00e1ntos sabores hay disponibles para seleccionar?<br \/>\n\u2705Hay 12 sabores diversos para elegir, que cubren perfiles de sabor afrutado, helado y mixto.<\/p>\n<p>&nbsp;<\/p>\n<h3 id=\"brxe-najhln\" class=\"brxe-heading\">Preguntas frecuentes (FAQ)<\/h3>\n<div id=\"brxe-rajiac\" class=\"brxe-text\">\n<p><strong>P: \u00bfQu\u00e9 m\u00e9todos de pago aceptan?<\/strong><br \/>\nR: Aceptamos PayPal, Stripe, transferencias bancarias (compatibles con SEPA), las principales tarjetas de cr\u00e9dito (Visa, MasterCard, American Express) y pagos con criptomonedas.<\/p>\n<p><strong>P: \u00bfCu\u00e1nto tiempo lleva la preparaci\u00f3n del pedido?<\/strong><br \/>\nR: La preparaci\u00f3n del pedido demora entre 1 y 3 d\u00edas h\u00e1biles.<\/p>\n<p><strong>P: \u00bfCu\u00e1l es el tiempo de env\u00edo?<\/strong><br \/>\nR: El tiempo de env\u00edo es de 7 a 14 d\u00edas h\u00e1biles, seg\u00fan su ubicaci\u00f3n.<\/p>\n<p><strong>P: \u00bfC\u00f3mo puedo realizar un seguimiento de mi pedido?<\/strong><br \/>\nR: Despu\u00e9s del env\u00edo, recibir\u00e1 un correo electr\u00f3nico de confirmaci\u00f3n con un n\u00famero de seguimiento para realizar un seguimiento en tiempo real.<\/p>\n<p><strong>P: \u00bfCu\u00e1l es su pol\u00edtica de devoluci\u00f3n?<\/strong><br \/>\nR: Ofrecemos una pol\u00edtica de devoluci\u00f3n de 30 d\u00edas para reembolsos o cambios. .<\/p>\n<p><strong>P: \u00bfHabr\u00e1 alg\u00fan problema aduanero?<br \/>\n<\/strong>Nos encargamos de todos los procedimientos de despacho de aduanas para garantizarle una experiencia sin complicaciones. .<\/p>\n<p><strong>P: \u00bfQu\u00e9 m\u00e9todos de env\u00edo se utilizan?<\/strong><br \/>\nCooperamos con UPS\/DHL\/FEDEX\/DPD, etc. Elegiremos la opci\u00f3n de env\u00edo adecuada seg\u00fan el pa\u00eds de entrega para asegurarnos de que reciba sus productos lo m\u00e1s r\u00e1pido posible.<\/p>\n<p><a href=\"https:\/\/pgvape.com\/es\/preguntas-frecuentes\/\">Haga clic aqu\u00ed para m\u00e1s preguntas frecuentes<\/a><\/p>\n<p>Estimados clientes: Si tienen alguna pregunta sobre su pedido o la llegada de la mercanc\u00eda, comun\u00edquese con nuestro servicio de atenci\u00f3n al cliente. \u00a1Gracias!<\/p>\n<h3 data-sourcepos=\"73:1-73:21\"><strong data-sourcepos=\"73:7-73:21\">Cont\u00e1ctenos<\/strong><\/h3>\n<div id=\"text-2419739398\" class=\"text\">\n<p><strong data-sourcepos=\"75:3-75:12\">Correo electr\u00f3nico<\/strong>:\u00a0<a href=\"mailto:support@pgvape.com\"><strong>support@pgvape.com<\/strong><\/a><\/p>\n<p><strong data-sourcepos=\"76:3-76:15\">WhatsApp<\/strong>:\u00a0<a href=\"https:\/\/wa.me\/+8618128481258\"><strong>+86 18128481258<\/strong><\/a><br \/>\n<strong>(Respuesta dentro de las 24 horas en d\u00edas h\u00e1biles)<\/strong><\/p>\n<\/div>\n<h3><strong>\u00a1Gracias por elegir pgvape.com! .<\/strong><\/h3>\n<\/div>","protected":false},"excerpt":{"rendered":"<p><strong>Ciudad Bang King 50K<\/strong>\u2014<strong>50.000 bocanadas<\/strong>, <strong>45ml<\/strong>, <strong>estilo emblem\u00e1tico<\/strong>, <strong>pantalla inteligente<\/strong>, <strong>Tipo C<\/strong>, <strong>0-5 % NIC<\/strong>.<strong>Recorre el mundo, vaporiza la ciudad.<\/strong><\/p>","protected":false},"featured_media":7937,"comment_status":"open","ping_status":"closed","template":"","meta":{"_seopress_robots_primary_cat":"","_seopress_titles_title":"","_seopress_titles_desc":"","_seopress_robots_index":""},"product_brand":[19,516],"product_cat":[61,18,515],"product_tag":[318,520,521,90],"class_list":{"0":"post-7934","1":"product","2":"type-product","3":"status-publish","4":"has-post-thumbnail","6":"product_brand-bang-king-vape","7":"product_brand-disposable-vape","8":"product_cat-50k-puffs-vape","9":"product_cat-bang-king-vape","10":"product_cat-disposable-vape","11":"product_tag-50k-puffs-vape","12":"product_tag-bang-king-city-50000","13":"product_tag-city-landmark-designs","14":"product_tag-disposable-vape","16":"first","17":"instock","18":"sale","19":"shipping-taxable","20":"purchasable","21":"product-type-variable"},"_links":{"self":[{"href":"https:\/\/pgvape.com\/es\/wp-json\/wp\/v2\/product\/7934","targetHints":{"allow":["GET"]}}],"collection":[{"href":"https:\/\/pgvape.com\/es\/wp-json\/wp\/v2\/product"}],"about":[{"href":"https:\/\/pgvape.com\/es\/wp-json\/wp\/v2\/types\/product"}],"replies":[{"embeddable":true,"href":"https:\/\/pgvape.com\/es\/wp-json\/wp\/v2\/comments?post=7934"}],"wp:featuredmedia":[{"embeddable":true,"href":"https:\/\/pgvape.com\/es\/wp-json\/wp\/v2\/media\/7937"}],"wp:attachment":[{"href":"https:\/\/pgvape.com\/es\/wp-json\/wp\/v2\/media?parent=7934"}],"wp:term":[{"taxonomy":"product_brand","embeddable":true,"href":"https:\/\/pgvape.com\/es\/wp-json\/wp\/v2\/product_brand?post=7934"},{"taxonomy":"product_cat","embeddable":true,"href":"https:\/\/pgvape.com\/es\/wp-json\/wp\/v2\/product_cat?post=7934"},{"taxonomy":"product_tag","embeddable":true,"href":"https:\/\/pgvape.com\/es\/wp-json\/wp\/v2\/product_tag?post=7934"}],"curies":[{"name":"wp","href":"https:\/\/api.w.org\/{rel}","templated":true}]}}