{"id":7904,"date":"2025-12-17T12:50:31","date_gmt":"2025-12-17T12:50:31","guid":{"rendered":"https:\/\/pgvape.com\/?post_type=product&#038;p=7904"},"modified":"2026-03-15T13:36:50","modified_gmt":"2026-03-15T13:36:50","slug":"bang-leader-stoll-300000-300k-inhalaciones-6-en-1-vape-desechable-0-2-3-5-nicotina-12-sabores-pantalla-inteligente-vape-directo-de-fabrica","status":"publish","type":"product","link":"https:\/\/pgvape.com\/es\/producto\/bang-leader-stoll-300000-300k-inhalaciones-6-en-1-vape-desechable-0-2-3-5-nicotina-12-sabores-pantalla-inteligente-vape-directo-de-fabrica\/","title":{"rendered":"Bang Leader Stoll 300000 300K Puffs 6 en 1 Vape desechable 0% 2% 3% 5% Nicotina 12Tastes Pantalla inteligente Vape Directo de f\u00e1brica"},"content":{"rendered":"<p>Bang Leader Stoll cambia las reglas del juego: 300.000 caladas, seis sabores en una c\u00e1psula y una bater\u00eda que dura.\u00a0<strong>vapear<\/strong>\u00a0Combina una longevidad inigualable con opciones de sabores vers\u00e1tiles.\u00a0<strong>Bobinas de malla<\/strong>, Ofrece nubes suaves y m\u00e1s ricas y un sabor intenso a trav\u00e9s de su \u00e1rea de calentamiento ampliada.\u00a0<strong>vapear<\/strong>\u00a0Soluci\u00f3n dise\u00f1ada para uso prolongado.<\/p>\n<p>&nbsp;<\/p>\n<h2><span style=\"font-size: 90%;\">Bang Leader Stoll 300000 300K Puffs 6 en 1 Especificaciones de Vape desechables<\/span><\/h2>\n<p><strong data-sourcepos=\"11:5-11:35\">\u00a0300.000 bocanadas inigualables<\/strong>: Capacidad l\u00edder en la industria dise\u00f1ada para una longevidad extrema.<\/p>\n<p><strong data-sourcepos=\"12:5-12:33\">\u00a06 sabores en 1 dispositivo<\/strong>: Un sistema de c\u00e1psulas giratorias alberga seis tanques de sabores distintos.<\/p>\n<p><strong data-sourcepos=\"13:5-13:30\">\u00a0Pantalla OLED inteligente<\/strong>: Monitoreo en tiempo real del porcentaje de bater\u00eda y niveles individuales de e-l\u00edquido.<\/p>\n<p><strong data-sourcepos=\"14:5-14:31\">\u00a0Carga r\u00e1pida USB-C<\/strong>: La bater\u00eda de 650 mAh admite recargas r\u00e1pidas para un tiempo de inactividad m\u00ednimo.<\/p>\n<p><strong data-sourcepos=\"15:5-15:31\">\u00a0Bobinas de malla avanzadas<\/strong>: Asegure un sabor rico y una producci\u00f3n de vapor denso desde la primera calada hasta la \u00faltima.<\/p>\n<p><strong data-sourcepos=\"16:5-16:34\">\u00a0Nicotina personalizable<\/strong>: Disponible en concentraciones de nicotina 0%, 2%, 3% y 5%.<\/p>\n<p><strong data-sourcepos=\"17:5-17:33\">\u00a0Dial de sabor intuitivo<\/strong>: Gire sin esfuerzo entre seis c\u00e1maras de sabor precargadas.<\/p>\n<p>&nbsp;<\/p>\n<h3><span style=\"font-size: 90%;\">Bang Leader Stoll 300000 300K inhalaciones 6 en 1 lista de sabores desechables de Vape<\/span><\/h3>\n<p>1.Helado de sand\u00eda y Red Bull y fresa Kiwi y helado de ar\u00e1ndano y lima lim\u00f3n y sand\u00eda fresa<\/p>\n<p>2.Fresa Pl\u00e1tano &amp; Doble Manzana &amp; Frambuesa Sand\u00eda &amp; Mango Agrio Pi\u00f1a &amp; Fruta Tropical &amp; Lim\u00f3n Melocot\u00f3n<\/p>\n<p>3. Pi\u00f1a, coco, blue razz, bayas mixtas, mango, durazno y ar\u00e1ndanos, frambuesa y fresa, vainilla y coque<\/p>\n<p>4. Melocot\u00f3n y baya, mel\u00f3n triple, hielo de uva, hielo de drag\u00f3n negro, hielo de cereza gaseoso y osito de goma<\/p>\n<p>5.Rainbow Candy &amp; Cherry Cola Ice &amp; Love 666 &amp; Mango Ice &amp; Blueberry Cotton Candy &amp; Peach Ice<\/p>\n<p>6. Hielo de aloe lichi y limonada rosa y hielo de glaciar y aguja de pino Menta y grosella negra Hielo y sand\u00eda Lim\u00f3n<\/p>\n<p>7.Helado de sand\u00eda y bayas mixtas y manzana, pera y ar\u00e1ndano, menta y horario de verano y melocot\u00f3n<\/p>\n<p>8.Bebida energ\u00e9tica, hielo de melocot\u00f3n, hielo de mango, bayas de Goji, grosella negra y mamba.<\/p>\n<p>9. Coca-Cola de cereza y ar\u00e1ndano, frambuesa y drag\u00f3n negro, caramelo arco\u00edris, hielo Fuji y melocot\u00f3n amargo de sand\u00eda.<\/p>\n<p>10.Red Bull y fresa Kiwi y fresa Pl\u00e1tano y lichi Hielo y sand\u00eda Bayas y maracuy\u00e1 Mango<\/p>\n<p>11.Red Bull Cola Hielo y Fresa Frambuesa Cereza y Mora Fruta del Drag\u00f3n y Lima Lim\u00f3n y Pompa de Frambuesa y Kiwi Sand\u00eda<\/p>\n<p>12.Helado de cola y bebida energ\u00e9tica y helado de cereza y mel\u00f3n Maracuy\u00e1 y helado de mora y kiwi de manzana<img loading=\"lazy\" decoding=\"async\" class=\"alignnone wp-image-7909 size-full\" src=\"https:\/\/pgvape.com\/wp-content\/uploads\/2025\/12\/Bang-Leader-Stoll-300000-300K-Puffs-6-in-1-Disposable-Vape-0-2-3-5-Nicotine-12Tastes-Smart-Screen-Vape-Factory-Direct-3.png\" alt=\"\" width=\"1280\" height=\"1518\" srcset=\"https:\/\/pgvape.com\/wp-content\/uploads\/2025\/12\/Bang-Leader-Stoll-300000-300K-Puffs-6-in-1-Disposable-Vape-0-2-3-5-Nicotine-12Tastes-Smart-Screen-Vape-Factory-Direct-3.png 1280w, https:\/\/pgvape.com\/wp-content\/uploads\/2025\/12\/Bang-Leader-Stoll-300000-300K-Puffs-6-in-1-Disposable-Vape-0-2-3-5-Nicotine-12Tastes-Smart-Screen-Vape-Factory-Direct-3-304x360.png 304w, https:\/\/pgvape.com\/wp-content\/uploads\/2025\/12\/Bang-Leader-Stoll-300000-300K-Puffs-6-in-1-Disposable-Vape-0-2-3-5-Nicotine-12Tastes-Smart-Screen-Vape-Factory-Direct-3-595x706.png 595w, https:\/\/pgvape.com\/wp-content\/uploads\/2025\/12\/Bang-Leader-Stoll-300000-300K-Puffs-6-in-1-Disposable-Vape-0-2-3-5-Nicotine-12Tastes-Smart-Screen-Vape-Factory-Direct-3-337x400.png 337w, https:\/\/pgvape.com\/wp-content\/uploads\/2025\/12\/Bang-Leader-Stoll-300000-300K-Puffs-6-in-1-Disposable-Vape-0-2-3-5-Nicotine-12Tastes-Smart-Screen-Vape-Factory-Direct-3-768x911.png 768w, https:\/\/pgvape.com\/wp-content\/uploads\/2025\/12\/Bang-Leader-Stoll-300000-300K-Puffs-6-in-1-Disposable-Vape-0-2-3-5-Nicotine-12Tastes-Smart-Screen-Vape-Factory-Direct-3-10x12.png 10w, https:\/\/pgvape.com\/wp-content\/uploads\/2025\/12\/Bang-Leader-Stoll-300000-300K-Puffs-6-in-1-Disposable-Vape-0-2-3-5-Nicotine-12Tastes-Smart-Screen-Vape-Factory-Direct-3-600x712.png 600w\" sizes=\"auto, (max-width: 1280px) 100vw, 1280px\" \/><\/p>\n<p>&nbsp;<\/p>\n<h3><span style=\"font-size: 90%;\">Bang Leader Stoll 300000 300K inhalaciones 6 en 1 Vape desechable <strong>Video:<\/strong><\/span><\/h3>\n<p>&nbsp;<\/p>\n<h2 class=\"header-vfC6AV auto-hide-last-sibling-br\"><span style=\"font-size: 90%;\">Preguntas frecuentes sobre Bang Leader Stoll 300000 300K Puffs 6 en 1 Vape desechable<\/span><\/h2>\n<p>\u2753 \u00bfCu\u00e1ntas bocanadas puede alcanzar el l\u00edder de la explosi\u00f3n 300K?\u00a0<strong>vapear<\/strong> \u00bfEntregar?<br \/>\n\u2705Ofrece hasta 300.000 inhalaciones, proporcionando una duraci\u00f3n ultralarga <strong style=\"font-size: 14.4px;\">vapear<\/strong><span style=\"font-size: 14.4px;\">\u00a0Sin reemplazos frecuentes de dispositivos.<\/span><\/p>\n<p>\u2753Qu\u00e9 concentraciones de nicotina est\u00e1n disponibles para esto\u00a0<strong>vapear<\/strong>?<br \/>\n\u2705Elija entre nicotina 0% \/ 2% \/ 3% \/ 5%: se adapta a diferentes preferencias, desde ingestas sin nicotina hasta ingestas alternativas a los cigarrillos.<\/p>\n<p>\u2753\u00bfC\u00f3mo cambio los sabores en el\u00a0<strong>vapear<\/strong>?<br \/>\n\u2705Cuenta con un sistema de sabores 6 en 1: cambie f\u00e1cilmente entre seis sabores diferentes en un solo dispositivo cuando desee un cambio.<\/p>\n<p>\u2753\u00bfCu\u00e1l es la duraci\u00f3n de la bater\u00eda y la velocidad de carga del\u00a0<strong>vapear<\/strong>?<br \/>\n\u2705La bater\u00eda de 650 mAh dura todo el d\u00eda con una sola carga y el puerto tipo C permite una carga r\u00e1pida de 30 minutos para evitar el tiempo de inactividad.<\/p>\n<p>\u2753\u00bfC\u00f3mo funciona el\u00a0<strong>vapear<\/strong> \u00bfAsegurar un sabor y vapor suaves?<br \/>\n\u2705Equipa <strong style=\"font-size: 14.4px;\">Bobinas de malla<\/strong><span style=\"font-size: 14.4px;\">\u00a0Con un \u00e1rea de calentamiento ampliada, que aumenta la intensidad del sabor y produce nubes suaves y m\u00e1s ricas.<\/span><\/p>\n<p>\u2753\u00bfC\u00f3mo puedo controlar la bater\u00eda y\u00a0<strong>E-l\u00edquido<\/strong> \u00bfNiveles?<br \/>\n\u2705La pantalla inteligente clara muestra la duraci\u00f3n de la bater\u00eda en tiempo real y <strong style=\"font-size: 14.4px;\">E-l\u00edquido<\/strong><span style=\"font-size: 14.4px;\">\u00a0Niveles de un vistazo, manteni\u00e9ndote en control.<\/span><\/p>\n<p>\u2753Es esto\u00a0<strong>vapear<\/strong> \u00bfAdecuado para compras al por mayor?<br \/>\n\u2705S\u00ed, est\u00e1 dise\u00f1ado para venta al por mayor con su capacidad de inhalaci\u00f3n ultralarga, opciones de sabor vers\u00e1tiles y rendimiento confiable: ideal para tiendas minoristas y pedidos al por mayor<\/p>\n<p>&nbsp;<\/p>\n<h3 id=\"brxe-najhln\" class=\"brxe-heading\">Preguntas frecuentes (FAQ)<\/h3>\n<div id=\"brxe-rajiac\" class=\"brxe-text\">\n<p><strong>P: \u00bfQu\u00e9 m\u00e9todos de pago aceptan?<\/strong><br \/>\nR: Aceptamos PayPal, Stripe, transferencias bancarias (compatibles con SEPA), las principales tarjetas de cr\u00e9dito (Visa, MasterCard, American Express) y pagos con criptomonedas.<\/p>\n<p><strong>P: \u00bfCu\u00e1nto tiempo lleva la preparaci\u00f3n del pedido?<\/strong><br \/>\nR: La preparaci\u00f3n del pedido demora entre 1 y 3 d\u00edas h\u00e1biles.<\/p>\n<p><strong>P: \u00bfCu\u00e1l es el tiempo de env\u00edo?<\/strong><br \/>\nR: El tiempo de env\u00edo es de 7 a 14 d\u00edas h\u00e1biles, seg\u00fan su ubicaci\u00f3n.<\/p>\n<p><strong>P: \u00bfC\u00f3mo puedo realizar un seguimiento de mi pedido?<\/strong><br \/>\nR: Despu\u00e9s del env\u00edo, recibir\u00e1 un correo electr\u00f3nico de confirmaci\u00f3n con un n\u00famero de seguimiento para realizar un seguimiento en tiempo real.<\/p>\n<p><strong>P: \u00bfCu\u00e1l es su pol\u00edtica de devoluci\u00f3n?<\/strong><br \/>\nR: Ofrecemos una pol\u00edtica de devoluci\u00f3n de 30 d\u00edas para reembolsos o cambios. .<\/p>\n<p><strong>P: \u00bfHabr\u00e1 alg\u00fan problema aduanero?<br \/>\n<\/strong>Nos encargamos de todos los procedimientos de despacho de aduanas para garantizarle una experiencia sin complicaciones. .<\/p>\n<p><strong>P: \u00bfQu\u00e9 m\u00e9todos de env\u00edo se utilizan?<\/strong><br \/>\nCooperamos con UPS\/DHL\/FEDEX\/DPD, etc. Elegiremos la opci\u00f3n de env\u00edo adecuada seg\u00fan el pa\u00eds de entrega para asegurarnos de que reciba sus productos lo m\u00e1s r\u00e1pido posible.<\/p>\n<p><a href=\"https:\/\/pgvape.com\/es\/preguntas-frecuentes\/\">Haga clic aqu\u00ed para m\u00e1s preguntas frecuentes<\/a><\/p>\n<p>Estimados clientes: Si tienen alguna pregunta sobre su pedido o la llegada de la mercanc\u00eda, comun\u00edquese con nuestro servicio de atenci\u00f3n al cliente. \u00a1Gracias!<\/p>\n<h3 data-sourcepos=\"73:1-73:21\"><strong data-sourcepos=\"73:7-73:21\">Cont\u00e1ctenos<\/strong><\/h3>\n<div id=\"text-2419739398\" class=\"text\">\n<p><strong data-sourcepos=\"75:3-75:12\">Correo electr\u00f3nico<\/strong>:\u00a0<a href=\"mailto:support@pgvape.com\"><strong>support@pgvape.com<\/strong><\/a><\/p>\n<p><strong data-sourcepos=\"76:3-76:15\">WhatsApp<\/strong>:\u00a0<a href=\"https:\/\/wa.me\/+8618128481258\"><strong>+86 18128481258<\/strong><\/a><br \/>\n<strong>(Respuesta dentro de las 24 horas en d\u00edas h\u00e1biles)<\/strong><\/p>\n<\/div>\n<h3><strong>\u00a1Gracias por elegir pgvape.com! .<\/strong><\/h3>\n<\/div>","protected":false},"excerpt":{"rendered":"<p><strong>Stoll l\u00edder de Bang 300K<\/strong>\u2014<strong>300.000 bocanadas<\/strong>, <strong>65ml<\/strong>, <strong>6 sabores<\/strong>, <strong>bobina de malla<\/strong>, <strong>Tipo C<\/strong>, <strong>pantalla inteligente<\/strong>.<strong>Gira, haz clic y vaporiza durante meses.<\/strong><\/p>","protected":false},"featured_media":7907,"comment_status":"open","ping_status":"closed","template":"","meta":{"_seopress_robots_primary_cat":"none","_seopress_titles_title":"%%post_title%% %%sep%% %%sitetitle%%","_seopress_titles_desc":"","_seopress_robots_index":""},"product_brand":[54,516],"product_cat":[517,32,515],"product_tag":[519,122,518,90,490],"class_list":{"0":"post-7904","1":"product","2":"type-product","3":"status-publish","4":"has-post-thumbnail","6":"product_brand-bang-leader-vape","7":"product_brand-disposable-vape","8":"product_cat-300k-puffs-vape","9":"product_cat-bang-leader-vape","10":"product_cat-disposable-vape","11":"product_tag-300k-puffs-vape","12":"product_tag-6-in-1","13":"product_tag-bang-leader-stoll-300000","14":"product_tag-disposable-vape","15":"product_tag-minimum-2-pieces","17":"first","18":"instock","19":"sale","20":"shipping-taxable","21":"purchasable","22":"product-type-variable"},"_links":{"self":[{"href":"https:\/\/pgvape.com\/es\/wp-json\/wp\/v2\/product\/7904","targetHints":{"allow":["GET"]}}],"collection":[{"href":"https:\/\/pgvape.com\/es\/wp-json\/wp\/v2\/product"}],"about":[{"href":"https:\/\/pgvape.com\/es\/wp-json\/wp\/v2\/types\/product"}],"replies":[{"embeddable":true,"href":"https:\/\/pgvape.com\/es\/wp-json\/wp\/v2\/comments?post=7904"}],"wp:featuredmedia":[{"embeddable":true,"href":"https:\/\/pgvape.com\/es\/wp-json\/wp\/v2\/media\/7907"}],"wp:attachment":[{"href":"https:\/\/pgvape.com\/es\/wp-json\/wp\/v2\/media?parent=7904"}],"wp:term":[{"taxonomy":"product_brand","embeddable":true,"href":"https:\/\/pgvape.com\/es\/wp-json\/wp\/v2\/product_brand?post=7904"},{"taxonomy":"product_cat","embeddable":true,"href":"https:\/\/pgvape.com\/es\/wp-json\/wp\/v2\/product_cat?post=7904"},{"taxonomy":"product_tag","embeddable":true,"href":"https:\/\/pgvape.com\/es\/wp-json\/wp\/v2\/product_tag?post=7904"}],"curies":[{"name":"wp","href":"https:\/\/api.w.org\/{rel}","templated":true}]}}