{"id":7678,"date":"2025-12-08T10:24:12","date_gmt":"2025-12-08T10:24:12","guid":{"rendered":"https:\/\/pgvape.com\/?post_type=product&#038;p=7678"},"modified":"2026-03-15T13:36:50","modified_gmt":"2026-03-15T13:36:50","slug":"bang-king-triple-50000-50k-inhalaciones-3-en-1-vape-desechable-0-2-3-5-nicotina-12-sabores-pantalla-tactil-inteligente-vape-directo-de-fabrica","status":"publish","type":"product","link":"https:\/\/pgvape.com\/es\/producto\/bang-king-triple-50000-50k-inhalaciones-3-en-1-vape-desechable-0-2-3-5-nicotina-12-sabores-pantalla-tactil-inteligente-vape-directo-de-fabrica\/","title":{"rendered":"Bang King Triple 50000 50K Puffs 3 en 1 Vape desechable 0% 2% 3% 5% Nicotina 12Tastes Pantalla t\u00e1ctil inteligente Vape Directo de f\u00e1brica"},"content":{"rendered":"<p data-sourcepos=\"8:1-8:411\">Redefine tu experiencia de vapeo con el <strong data-sourcepos=\"8:42-8:67\">Bang King Triple 50000 bocanadas<\/strong>\u2014Una obra maestra de resistencia e innovaci\u00f3n. <strong data-sourcepos=\"8:183-8:215\">enorme tanque precargado de 35 ml<\/strong> y un inteligente <strong data-sourcepos=\"8:235-8:268\">sistema de rotaci\u00f3n de triple sabor<\/strong>. .<\/p>\n<p data-sourcepos=\"10:1-10:280\">Impulsado por avanzados <strong data-sourcepos=\"10:20-10:44\">tecnolog\u00eda de bobina de malla<\/strong>, produce un sabor excepcionalmente rico y un vapor denso y satisfactorio desde la primera calada hasta la \u00faltima. <strong data-sourcepos=\"10:190-10:212\">pantalla t\u00e1ctil inteligente<\/strong>, proporcionando actualizaciones en tiempo real sobre el volumen de e-l\u00edquido y el estado de la bater\u00eda.<\/p>\n<p>&nbsp;<\/p>\n<h2><span style=\"font-size: 90%;\">Bang King Triple 50000 50K Puffs 3 en 1 Especificaciones de Vape desechables<\/span><\/h2>\n<p><strong>bocanadas<\/strong>: Hasta <strong>50,000<\/strong><\/p>\n<p><strong>E-l\u00edquido<\/strong>: <strong class=\"\">35ml<\/strong> precargado<\/p>\n<p><strong>Nicotina<\/strong>: <strong>0 %, 2 %, 3 %, 5 %<\/strong> (Cumple con la norma de la UE)<\/p>\n<p><strong>Bater\u00eda<\/strong>: <strong>600mah<\/strong>, <strong>Tipo C<\/strong> Recarga de 30 minutos<\/p>\n<p><strong>Bobina<\/strong>: <strong class=\"\">Malla de 1,0 \u03a9<\/strong><\/p>\n<p><strong>Mostrar<\/strong>: <strong>Pantalla t\u00e1ctil inteligente<\/strong> (bater\u00eda y jugo)<\/p>\n<p><strong>Cambiar<\/strong>: <strong>giro de 180\u00b0<\/strong> selector de triple sabor<\/p>\n<p><strong>Dibujar<\/strong>: Liso <strong>MTL<\/strong>, sin b\u00fasqueda de nubes<\/p>\n<p>&nbsp;<\/p>\n<h3><span style=\"font-size: 90%;\">Bang King Triple 50000 50K Puffs 3 en 1 lista de sabores desechables de Vape<\/span><\/h3>\n<p><strong class=\"\">1. Hielo Blue Razz \/ Hielo exuberante<\/strong><\/p>\n<p><strong>2.Hielo de fresa \/ Hielo de sand\u00eda<\/strong><\/p>\n<p><strong>3.Hielo de melocot\u00f3n\/hielo de mango<\/strong><\/p>\n<p><strong>4.Hielo de sand\u00eda \/ Mango de melocot\u00f3n<\/strong><\/p>\n<p><strong class=\"\">5.Sand\u00eda Fresa \/ Red Bull<\/strong><\/p>\n<p><strong>6.Bayas mixtas \/ Hielo de cereza<\/strong><\/p>\n<p><strong class=\"\">7.Kiwi Maracuy\u00e1 Guayaba \/ Kiwi Fresa<\/strong><\/p>\n<p><strong class=\"\">8.Hielo de pl\u00e1tano \/ Hielo de fresa<\/strong><\/p>\n<p><strong>9.Doble hielo de manzana\/uva<\/strong><\/p>\n<p><strong>10.Pi\u00f1a Colada \/ Frutas Tropicales<\/strong><\/p>\n<p><strong>11.Lemon On Line \/ Se\u00f1or Azul<\/strong><\/p>\n<p><strong>12.Hielo de menta fresca y ar\u00e1ndanos<\/strong><\/p>\n<p>&nbsp;<\/p>\n<h3><span style=\"font-size: 90%;\">Bang King Triple 50000 50K inhalaciones 3 en 1 Vape desechable <strong>Video:<\/strong><\/span><\/h3>\n<p>&nbsp;<\/p>\n<h2 class=\"header-vfC6AV auto-hide-last-sibling-br\"><span style=\"font-size: 90%;\">Preguntas frecuentes sobre Bang King Triple 50000 50K Puffs 3 en 1 Vape desechable<\/span><\/h2>\n<p>\u2753 <strong class=\"\">\u00bfC\u00f3mo cambio los sabores?<\/strong><br \/>\n\u2705 <strong>Boquilla giratoria 180\u00b0.<\/strong>\u2014saltar instant\u00e1neamente al siguiente de <strong>tres sabores incorporados<\/strong>.<\/p>\n<p>\u2753 <strong>\u00bfCu\u00e1ntas bocanadas en total?<\/strong><br \/>\n\u2705 Clasificado de f\u00e1brica <strong>50.000 bocanadas<\/strong> en las tres c\u00e1maras.<\/p>\n<p>\u2753 <strong>\u00bfEs recargable?<\/strong><br \/>\n\u2705 <strong>600mah<\/strong> bater\u00eda + <strong>Tipo C<\/strong> puerto; carga completa en ~30 min.<\/p>\n<p>\u2753 <strong>\u00bfQu\u00e9 potencias de nicotina se ofrecen?<\/strong><br \/>\n\u2705 <strong>0 %, 2 %, 3 %, 5 %<\/strong>\u2014Golpe suave en la garganta, est\u00e1ndar de la UE.<\/p>\n<p>\u2753 <strong>\u00bfC\u00f3mo reviso la bater\u00eda o el e-l\u00edquido?<\/strong><br \/>\n\u2705 <strong>Pantalla t\u00e1ctil inteligente<\/strong> muestra ambos niveles de un vistazo.<\/p>\n<p>\u2753 <strong>\u00bfEl dispositivo tiene fugas?<\/strong><br \/>\n\u2705 <strong>Antifugas<\/strong> Las c\u00e1maras triples mantienen los bolsillos limpios.<\/p>\n<p>&nbsp;<\/p>\n<h3 id=\"brxe-najhln\" class=\"brxe-heading\">Preguntas frecuentes (FAQ)<\/h3>\n<div id=\"brxe-rajiac\" class=\"brxe-text\">\n<p><strong>P: \u00bfQu\u00e9 m\u00e9todos de pago aceptan?<\/strong><br \/>\nR: Aceptamos PayPal, Stripe, transferencias bancarias (compatibles con SEPA), las principales tarjetas de cr\u00e9dito (Visa, MasterCard, American Express) y pagos con criptomonedas.<\/p>\n<p><strong>P: \u00bfCu\u00e1nto tiempo lleva la preparaci\u00f3n del pedido?<\/strong><br \/>\nR: La preparaci\u00f3n del pedido demora entre 1 y 3 d\u00edas h\u00e1biles.<\/p>\n<p><strong>P: \u00bfCu\u00e1l es el tiempo de env\u00edo?<\/strong><br \/>\nR: El tiempo de env\u00edo es de 7 a 14 d\u00edas h\u00e1biles, seg\u00fan su ubicaci\u00f3n.<\/p>\n<p><strong>P: \u00bfC\u00f3mo puedo realizar un seguimiento de mi pedido?<\/strong><br \/>\nR: Despu\u00e9s del env\u00edo, recibir\u00e1 un correo electr\u00f3nico de confirmaci\u00f3n con un n\u00famero de seguimiento para realizar un seguimiento en tiempo real.<\/p>\n<p><strong>P: \u00bfCu\u00e1l es su pol\u00edtica de devoluci\u00f3n?<\/strong><br \/>\nR: Ofrecemos una pol\u00edtica de devoluci\u00f3n de 30 d\u00edas para reembolsos o cambios. .<\/p>\n<p><strong>P: \u00bfHabr\u00e1 alg\u00fan problema aduanero?<br \/>\n<\/strong>Nos encargamos de todos los procedimientos de despacho de aduanas para garantizarle una experiencia sin complicaciones. .<\/p>\n<p><strong>P: \u00bfQu\u00e9 m\u00e9todos de env\u00edo se utilizan?<\/strong><br \/>\nCooperamos con UPS\/DHL\/FEDEX\/DPD, etc. Elegiremos la opci\u00f3n de env\u00edo adecuada seg\u00fan el pa\u00eds de entrega para asegurarnos de que reciba sus productos lo m\u00e1s r\u00e1pido posible.<\/p>\n<p><a href=\"https:\/\/pgvape.com\/es\/preguntas-frecuentes\/\">Haga clic aqu\u00ed para m\u00e1s preguntas frecuentes<\/a><\/p>\n<p>Estimados clientes: Si tienen alguna pregunta sobre su pedido o la llegada de la mercanc\u00eda, comun\u00edquese con nuestro servicio de atenci\u00f3n al cliente. \u00a1Gracias!<\/p>\n<h3 data-sourcepos=\"73:1-73:21\"><strong data-sourcepos=\"73:7-73:21\">Cont\u00e1ctenos<\/strong><\/h3>\n<div id=\"text-2419739398\" class=\"text\">\n<p><strong data-sourcepos=\"75:3-75:12\">Correo electr\u00f3nico<\/strong>:\u00a0<a href=\"mailto:support@pgvape.com\"><strong>support@pgvape.com<\/strong><\/a><\/p>\n<p><strong data-sourcepos=\"76:3-76:15\">WhatsApp<\/strong>:\u00a0<a href=\"https:\/\/wa.me\/+8618128481258\"><strong>+86 18128481258<\/strong><\/a><br \/>\n<strong>(Respuesta dentro de las 24 horas en d\u00edas h\u00e1biles)<\/strong><\/p>\n<\/div>\n<h3><strong>\u00a1Gracias por elegir pgvape.com! .<\/strong><\/h3>\n<\/div>","protected":false},"excerpt":{"rendered":"<p><strong>Bang King Triple 50000<\/strong>\u2014<strong>50 mil bocanadas<\/strong>, <strong>35ml<\/strong>, <strong>Sabores retorcidos 3 en 1<\/strong>, <strong>bobina de malla<\/strong>, <strong>Tipo C<\/strong>, <strong>pantalla t\u00e1ctil<\/strong>.<strong>Gira una vez, prueba tres y vaporiza para siempre.<\/strong><\/p>","protected":false},"featured_media":7681,"comment_status":"open","ping_status":"closed","template":"","meta":{"_seopress_robots_primary_cat":"none","_seopress_titles_title":"","_seopress_titles_desc":"","_seopress_robots_index":""},"product_brand":[19,516],"product_cat":[61,18,515],"product_tag":[46,318,510,90,511],"class_list":{"0":"post-7678","1":"product","2":"type-product","3":"status-publish","4":"has-post-thumbnail","6":"product_brand-bang-king-vape","7":"product_brand-disposable-vape","8":"product_cat-50k-puffs-vape","9":"product_cat-bang-king-vape","10":"product_cat-disposable-vape","11":"product_tag-3-in-1","12":"product_tag-50k-puffs-vape","13":"product_tag-bang-king-triple-50000","14":"product_tag-disposable-vape","15":"product_tag-eu-norm-compliant","17":"first","18":"instock","19":"sale","20":"shipping-taxable","21":"purchasable","22":"product-type-variable"},"_links":{"self":[{"href":"https:\/\/pgvape.com\/es\/wp-json\/wp\/v2\/product\/7678","targetHints":{"allow":["GET"]}}],"collection":[{"href":"https:\/\/pgvape.com\/es\/wp-json\/wp\/v2\/product"}],"about":[{"href":"https:\/\/pgvape.com\/es\/wp-json\/wp\/v2\/types\/product"}],"replies":[{"embeddable":true,"href":"https:\/\/pgvape.com\/es\/wp-json\/wp\/v2\/comments?post=7678"}],"wp:featuredmedia":[{"embeddable":true,"href":"https:\/\/pgvape.com\/es\/wp-json\/wp\/v2\/media\/7681"}],"wp:attachment":[{"href":"https:\/\/pgvape.com\/es\/wp-json\/wp\/v2\/media?parent=7678"}],"wp:term":[{"taxonomy":"product_brand","embeddable":true,"href":"https:\/\/pgvape.com\/es\/wp-json\/wp\/v2\/product_brand?post=7678"},{"taxonomy":"product_cat","embeddable":true,"href":"https:\/\/pgvape.com\/es\/wp-json\/wp\/v2\/product_cat?post=7678"},{"taxonomy":"product_tag","embeddable":true,"href":"https:\/\/pgvape.com\/es\/wp-json\/wp\/v2\/product_tag?post=7678"}],"curies":[{"name":"wp","href":"https:\/\/api.w.org\/{rel}","templated":true}]}}