{"id":7618,"date":"2025-12-07T12:11:58","date_gmt":"2025-12-07T12:11:58","guid":{"rendered":"https:\/\/pgvape.com\/?post_type=product&#038;p=7618"},"modified":"2026-04-09T14:44:17","modified_gmt":"2026-04-09T14:44:17","slug":"solaris-champagne-30000-30k-sopla-directo-de-fabrica-disponible-del-vape-2-de-la-nicotina-10tastes-vape","status":"publish","type":"product","link":"https:\/\/pgvape.com\/es\/producto\/solaris-champagne-30000-30k-sopla-directo-de-fabrica-disponible-del-vape-2-de-la-nicotina-10tastes-vape\/","title":{"rendered":"Solaris Champagne 30000 30k sopla f\u00e1brica disponible de nicotina 10Tastes Vape de Vape 2% directa"},"content":{"rendered":"<p>Solaris Champagne 30000 Bocanadas Desechables <strong>vapear<\/strong>\u00a0Cuenta con unas impresionantes 30.000 inhalaciones, lo que brinda una larga duraci\u00f3n.\u00a0<strong>vapear<\/strong>\u00a0Disfrute para uso diario o mientras viaja.\u00a0<strong>E-l\u00edquido<\/strong> Capacidad, opciones de nicotina 2% y 1,0 \u03a9 <strong>Bobina de malla<\/strong>\u00a0(Est\u00e1ndar para un sabor intenso), garantiza un vapor constante y un sabor satisfactorio.\u00a0<strong>vapear<\/strong>\u00a0Dise\u00f1ado para brindar confiabilidad y experiencias sabrosas.<\/p>\n<p>&nbsp;<\/p>\n<h2><span style=\"font-size: 90%;\">Especificaciones de Vape desechable Solaris Champagne 30000 30k Puffs<\/span><\/h2>\n<p><strong>bocanadas<\/strong>: \u2248 <strong class=\"\">30 000<\/strong><\/p>\n<p><strong>E-l\u00edquido<\/strong>: <strong class=\"\">20ml<\/strong><\/p>\n<p><strong>Nicotina<\/strong>:<strong class=\"\">2%<\/strong><\/p>\n<p><strong>Bater\u00eda<\/strong>: <strong>600mah<\/strong>, <strong>Tipo C<\/strong> carga rapida<\/p>\n<p><strong>Bobina<\/strong>: 1.0\u03a9\u00a0<strong>Bobina de malla<\/strong><\/p>\n<p><strong>Tipo<\/strong>: Desechable, activado por extracci\u00f3n<\/p>\n<p>&nbsp;<\/p>\n<h3><span style=\"font-size: 90%;\">Lista disponible del sabor de Vape de los soplos 30k de Solaris Champagne 30000<\/span><\/h3>\n<p>1.Kiwi Fresa<\/p>\n<p>2. Cereza azul Razz<\/p>\n<p>3.Mixed Berries<\/p>\n<p>4. Frambuesa de ar\u00e1ndano<\/p>\n<p>5.Whitegrape Champagne<\/p>\n<p>6.melocot\u00f3n jugoso<\/p>\n<p>7.Sand\u00eda Fresa<\/p>\n<p>8.Hielo de sand\u00eda<\/p>\n<p>9.Triple Mango<\/p>\n<p>10.Mamba<\/p>\n<p>11. Mango de maracuy\u00e1<\/p>\n<p>12.Frutas tropicales<\/p>\n<p>13.Fruta del drag\u00f3n y cereza<\/p>\n<p>14. Champ\u00e1n de melocot\u00f3n rojo<\/p>\n<p>15.Cola de cereza<\/p>\n<p>16.Bebida energ\u00e9tica<\/p>\n<p>17.Love 66<\/p>\n<p>18.Cereza y baya<\/p>\n<p>19.Pink Lemonade<\/p>\n<p>20.Double Apple<\/p>\n<p><strong><img loading=\"lazy\" decoding=\"async\" class=\"alignnone wp-image-7623 size-full\" src=\"https:\/\/pgvape.com\/wp-content\/uploads\/2025\/12\/Humo-AZUL-Champagne-30000-30k-Puffs-Disposable-Vape-2-Nicotine-10Tastes-Vape-Factory-Direct-pgvape-3.png\" alt=\"Afiche promocional titulado \u201c10 SABORES\u201d que muestra diez vaporizadores desechables con botellas de champ\u00e1n negras con la etiqueta Humo AZUL, cada uno de ellos exhibido sobre un colorido fondo de frutas y etiquetados con sabores: Helado de sand\u00eda, Sand\u00eda con uva, Sand\u00eda con fresa, Champ\u00e1n con uva blanca, Melocot\u00f3n jugoso, Frambuesa con ar\u00e1ndanos, Bayas mixtas, Cereza Blue Razz, Kiwi con fresa y Mango triple.\" width=\"1800\" height=\"1437\" srcset=\"https:\/\/pgvape.com\/wp-content\/uploads\/2025\/12\/Humo-AZUL-Champagne-30000-30k-Puffs-Disposable-Vape-2-Nicotine-10Tastes-Vape-Factory-Direct-pgvape-3.png 1800w, https:\/\/pgvape.com\/wp-content\/uploads\/2025\/12\/Humo-AZUL-Champagne-30000-30k-Puffs-Disposable-Vape-2-Nicotine-10Tastes-Vape-Factory-Direct-pgvape-3-451x360.png 451w, https:\/\/pgvape.com\/wp-content\/uploads\/2025\/12\/Humo-AZUL-Champagne-30000-30k-Puffs-Disposable-Vape-2-Nicotine-10Tastes-Vape-Factory-Direct-pgvape-3-595x475.png 595w, https:\/\/pgvape.com\/wp-content\/uploads\/2025\/12\/Humo-AZUL-Champagne-30000-30k-Puffs-Disposable-Vape-2-Nicotine-10Tastes-Vape-Factory-Direct-pgvape-3-400x319.png 400w, https:\/\/pgvape.com\/wp-content\/uploads\/2025\/12\/Humo-AZUL-Champagne-30000-30k-Puffs-Disposable-Vape-2-Nicotine-10Tastes-Vape-Factory-Direct-pgvape-3-768x613.png 768w, https:\/\/pgvape.com\/wp-content\/uploads\/2025\/12\/Humo-AZUL-Champagne-30000-30k-Puffs-Disposable-Vape-2-Nicotine-10Tastes-Vape-Factory-Direct-pgvape-3-1536x1226.png 1536w, https:\/\/pgvape.com\/wp-content\/uploads\/2025\/12\/Humo-AZUL-Champagne-30000-30k-Puffs-Disposable-Vape-2-Nicotine-10Tastes-Vape-Factory-Direct-pgvape-3-15x12.png 15w, https:\/\/pgvape.com\/wp-content\/uploads\/2025\/12\/Humo-AZUL-Champagne-30000-30k-Puffs-Disposable-Vape-2-Nicotine-10Tastes-Vape-Factory-Direct-pgvape-3-600x479.png 600w\" sizes=\"auto, (max-width: 1800px) 100vw, 1800px\" \/><\/strong><\/p>\n<p>&nbsp;<\/p>\n<h3><span style=\"font-size: 90%;\">Humo AZUL Champagne 30000 30k inhalaciones Vape desechable <strong>Video:<\/strong><\/span><\/h3>\n<p><iframe loading=\"lazy\" title=\"Humo AZUL Champ\u00e1n 30000 30k sopla pgvape directo de f\u00e1brica disponible de Vape 10Tastes Vape\" width=\"563\" height=\"1000\" src=\"https:\/\/www.youtube.com\/embed\/4RibXcW0cwI?feature=oembed\" frameborder=\"0\" allow=\"accelerometer; autoplay; clipboard-write; encrypted-media; gyroscope; picture-in-picture; web-share\" referrerpolicy=\"strict-origin-when-cross-origin\" allowfullscreen><\/iframe><\/p>\n<p>&nbsp;<\/p>\n<h2 class=\"header-vfC6AV auto-hide-last-sibling-br\"><span style=\"font-size: 90%;\">Preguntas frecuentes sobre el vaporizador desechable Humo Solaris 30000 30k Puffs<\/span><\/h2>\n<p>\u2753\u00bfCu\u00e1ntas inhalaciones tiene este desechable?\u00a0<strong>vapear<\/strong>\u00a0\u00bfOferta?<br \/>\n\u2705Ofrece hasta 30.000 inhalaciones, proporcionando una larga duraci\u00f3n\u00a0<strong>vapear<\/strong>\u00a0Sin reemplazos frecuentes de dispositivos.<\/p>\n<p>\u2753\u00bfQu\u00e9 concentraciones de nicotina est\u00e1n disponibles?<br \/>\n\u2705Elija entre nicotina 2%, que se adapta a moderada o fuerte <strong>vapear<\/strong>\u00a0Preferencias.<\/p>\n<p>\u2753Cu\u00e1nto\u00a0<strong>E-l\u00edquido<\/strong>\u00a0\u00bfEl dispositivo aguanta?<br \/>\n\u2705Tiene 20ml\u00a0<strong>E-l\u00edquido<\/strong>\u00a0Capacidad, compatible con el rendimiento de 30.000 inhalaciones.<\/p>\n<p>\u2753\u00bfC\u00f3mo cargo el\u00a0<strong>vapear<\/strong>?<br \/>\n\u2705Utiliza un cargador tipo C para recargar la bater\u00eda de 600 mAh, lo que permite una r\u00e1pida recuperaci\u00f3n de energ\u00eda.<\/p>\n<p>\u2753\u00bfExisten diversas opciones de sabores para elegir?<br \/>\n\u2705S\u00ed, ofrece 10 sabores que incluyen perfiles afrutados, helados y mixtos para satisfacer diferentes gustos.<\/p>\n<p>\u2753Es esto\u00a0<strong>vapear<\/strong>\u00a0\u00bfF\u00e1cil de usar para el d\u00eda a d\u00eda o para llevar?<br \/>\n\u2705S\u00ed, es un dispositivo desechable precargado que no requiere recarga: compacto y conveniente para cualquier momento\u00a0<strong>vapear<\/strong>.<\/p>\n<p>&nbsp;<\/p>\n<h3 id=\"brxe-najhln\" class=\"brxe-heading\">Preguntas frecuentes (FAQ)<\/h3>\n<div id=\"brxe-rajiac\" class=\"brxe-text\">\n<p><strong>P: \u00bfQu\u00e9 m\u00e9todos de pago aceptan?<\/strong><br \/>\nR: Aceptamos PayPal, Stripe, transferencias bancarias (compatibles con SEPA), las principales tarjetas de cr\u00e9dito (Visa, MasterCard, American Express) y pagos con criptomonedas.<\/p>\n<p><strong>P: \u00bfCu\u00e1nto tiempo lleva la preparaci\u00f3n del pedido?<\/strong><br \/>\nR: La preparaci\u00f3n del pedido demora entre 1 y 3 d\u00edas h\u00e1biles.<\/p>\n<p><strong>P: \u00bfCu\u00e1l es el tiempo de env\u00edo?<\/strong><br \/>\nR: El tiempo de env\u00edo es de 7 a 14 d\u00edas h\u00e1biles, seg\u00fan su ubicaci\u00f3n.<\/p>\n<p><strong>P: \u00bfC\u00f3mo puedo realizar un seguimiento de mi pedido?<\/strong><br \/>\nR: Despu\u00e9s del env\u00edo, recibir\u00e1 un correo electr\u00f3nico de confirmaci\u00f3n con un n\u00famero de seguimiento para realizar un seguimiento en tiempo real.<\/p>\n<p><strong>P: \u00bfCu\u00e1l es su pol\u00edtica de devoluci\u00f3n?<\/strong><br \/>\nR: Ofrecemos una pol\u00edtica de devoluci\u00f3n de 30 d\u00edas para reembolsos o cambios. .<\/p>\n<p><strong>P: \u00bfHabr\u00e1 alg\u00fan problema aduanero?<br \/>\n<\/strong>Nos encargamos de todos los procedimientos de despacho de aduanas para garantizarle una experiencia sin complicaciones. .<\/p>\n<p><strong>P: \u00bfQu\u00e9 m\u00e9todos de env\u00edo se utilizan?<\/strong><br \/>\nCooperamos con UPS\/DHL\/FEDEX\/DPD, etc. Elegiremos la opci\u00f3n de env\u00edo adecuada seg\u00fan el pa\u00eds de entrega para asegurarnos de que reciba sus productos lo m\u00e1s r\u00e1pido posible.<\/p>\n<p><a href=\"https:\/\/pgvape.com\/es\/preguntas-frecuentes\/\">Haga clic aqu\u00ed para m\u00e1s preguntas frecuentes<\/a><\/p>\n<p>Estimados clientes: Si tienen alguna pregunta sobre su pedido o la llegada de la mercanc\u00eda, comun\u00edquese con nuestro servicio de atenci\u00f3n al cliente. \u00a1Gracias!<\/p>\n<h3 data-sourcepos=\"73:1-73:21\"><strong data-sourcepos=\"73:7-73:21\">Cont\u00e1ctenos<\/strong><\/h3>\n<div id=\"text-2419739398\" class=\"text\">\n<p><strong data-sourcepos=\"75:3-75:12\">Correo electr\u00f3nico<\/strong>:\u00a0<a href=\"mailto:support@pgvape.com\"><strong>support@pgvape.com<\/strong><\/a><\/p>\n<p><strong data-sourcepos=\"76:3-76:15\">WhatsApp<\/strong>:\u00a0<a href=\"https:\/\/wa.me\/+8618128481258\"><strong>+86 18128481258<\/strong><\/a><br \/>\n<strong>(Respuesta dentro de las 24 horas en d\u00edas h\u00e1biles)<\/strong><\/p>\n<\/div>\n<h3><strong>\u00a1Gracias por elegir pgvape.com! .<\/strong><\/h3>\n<\/div>","protected":false},"excerpt":{"rendered":"<p><strong>30K bocanadas<\/strong>\u2014<strong>20ml<\/strong>, <strong>Tipo C<\/strong> recargar, <strong>2 %\/5 % NIC<\/strong>, <strong>10 sabores frutales<\/strong>.<strong class=\"\">Larga vida, sabor atrevido, sin complicaciones.<\/strong><\/p>","protected":false},"featured_media":7621,"comment_status":"open","ping_status":"closed","template":"","meta":{"_seopress_robots_primary_cat":"none","_seopress_titles_title":"","_seopress_titles_desc":"","_seopress_robots_index":""},"product_brand":[516,513],"product_cat":[35,515,512],"product_tag":[349,90,514,620],"class_list":{"0":"post-7618","1":"product","2":"type-product","3":"status-publish","4":"has-post-thumbnail","6":"product_brand-disposable-vape","7":"product_brand-solaris-champagne-vape","8":"product_cat-30k-puffs-vape","9":"product_cat-disposable-vape","10":"product_cat-solaris-champagne-vape","11":"product_tag-30k-puffs-vape","12":"product_tag-disposable-vape","13":"product_tag-solaris-champagne-30000","14":"product_tag-solaris-vape","16":"first","17":"instock","18":"sale","19":"shipping-taxable","20":"purchasable","21":"product-type-variable"},"_links":{"self":[{"href":"https:\/\/pgvape.com\/es\/wp-json\/wp\/v2\/product\/7618","targetHints":{"allow":["GET"]}}],"collection":[{"href":"https:\/\/pgvape.com\/es\/wp-json\/wp\/v2\/product"}],"about":[{"href":"https:\/\/pgvape.com\/es\/wp-json\/wp\/v2\/types\/product"}],"replies":[{"embeddable":true,"href":"https:\/\/pgvape.com\/es\/wp-json\/wp\/v2\/comments?post=7618"}],"wp:featuredmedia":[{"embeddable":true,"href":"https:\/\/pgvape.com\/es\/wp-json\/wp\/v2\/media\/7621"}],"wp:attachment":[{"href":"https:\/\/pgvape.com\/es\/wp-json\/wp\/v2\/media?parent=7618"}],"wp:term":[{"taxonomy":"product_brand","embeddable":true,"href":"https:\/\/pgvape.com\/es\/wp-json\/wp\/v2\/product_brand?post=7618"},{"taxonomy":"product_cat","embeddable":true,"href":"https:\/\/pgvape.com\/es\/wp-json\/wp\/v2\/product_cat?post=7618"},{"taxonomy":"product_tag","embeddable":true,"href":"https:\/\/pgvape.com\/es\/wp-json\/wp\/v2\/product_tag?post=7618"}],"curies":[{"name":"wp","href":"https:\/\/api.w.org\/{rel}","templated":true}]}}