{"id":7586,"date":"2025-12-07T10:10:00","date_gmt":"2025-12-07T10:10:00","guid":{"rendered":"https:\/\/pgvape.com\/?post_type=product&#038;p=7586"},"modified":"2026-03-15T13:32:42","modified_gmt":"2026-03-15T13:32:42","slug":"bang-leader-18000-18k-inhala-vape-desechable-0-2-3-5-nicotina-12-gustos-vape-directo-de-fabrica","status":"publish","type":"product","link":"https:\/\/pgvape.com\/es\/producto\/bang-leader-18000-18k-inhala-vape-desechable-0-2-3-5-nicotina-12-gustos-vape-directo-de-fabrica\/","title":{"rendered":"Bang Leader 18000 18K sopla f\u00e1brica disponible de Vape 0% 2% 3% 5% nicotina 12Tastes Vape directa"},"content":{"rendered":"<p>Dise\u00f1ado para brindar confiabilidad y rendimiento, el <strong data-sourcepos=\"7:49-7:92\">Bang Leader 18000 inhalaciones Vape desechable<\/strong> Combina una mayor longevidad con la comodidad moderna. <strong data-sourcepos=\"7:167-7:198\">Bater\u00eda recargable de 650 mAh.<\/strong> Con conveniente <strong data-sourcepos=\"7:215-7:234\">Carga tipo C<\/strong>, Este dispositivo garantiza un disfrute continuo sin concesiones. <strong data-sourcepos=\"7:310-7:330\">Sistema de bobina de malla<\/strong> Mejora la claridad del sabor y la producci\u00f3n de vapor, mientras que la forma aerodin\u00e1mica y de bolsillo garantiza un uso diario c\u00f3modo. .<\/p>\n<p>&nbsp;<\/p>\n<h2><span style=\"font-size: 90%;\">Especificaci\u00f3n disponible de Vape de los soplos del l\u00edder 18000 18K de Bang<\/span><\/h2>\n<p><strong>bocanadas<\/strong>: Hasta <strong>18,000<\/strong><\/p>\n<p><strong>Bater\u00eda<\/strong>: <strong>650mAh<\/strong>, <strong>Tipo C<\/strong> carga r\u00e1pida (~30 min)<\/p>\n<p><strong>Bobina<\/strong>: <strong>Malla de 1,0 \u03a9<\/strong><\/p>\n<p><strong>Nicotina<\/strong>: <strong>0 %, 2 %, 3 %, 5 %<\/strong><\/p>\n<p><strong>Dise\u00f1o<\/strong>: Ultradelgado, antifugas, de bolsillo<\/p>\n<p><strong>flujo de aire<\/strong>: <strong>Se corrigi\u00f3 el sorteo de MTL suave.<\/strong><\/p>\n<p>&nbsp;<\/p>\n<h3><span style=\"font-size: 90%;\">Lista de sabores desechables de Vape de Bang Leader 18000 18K Puffs<\/span><\/h3>\n<p><strong data-sourcepos=\"21:4-21:23\">1.Kiwi Fresa<\/strong><\/p>\n<p><strong data-sourcepos=\"22:4-22:29\">2.Sand\u00eda Fresa<\/strong><\/p>\n<p><strong data-sourcepos=\"23:4-23:16\">3.Toro rojo<\/strong><\/p>\n<p><strong data-sourcepos=\"24:4-24:20\">4.Frutas mixtas<\/strong><\/p>\n<p><strong data-sourcepos=\"25:4-25:27\">5. Frambuesa de ar\u00e1ndano<\/strong><\/p>\n<p><strong data-sourcepos=\"26:4-26:28\">6.Sand\u00eda de ar\u00e1ndanos<\/strong><\/p>\n<p><strong data-sourcepos=\"27:4-27:17\">7.Hielo de uva<\/strong><\/p>\n<p><strong data-sourcepos=\"28:4-28:34\">8.Mojito de frambuesa y melocot\u00f3n helado<\/strong><\/p>\n<p><strong data-sourcepos=\"29:4-29:22\">9.Hielo de sand\u00eda<\/strong><\/p>\n<p><strong data-sourcepos=\"30:5-30:29\">10.Sand\u00eda Frambuesa<\/strong><\/p>\n<p><strong data-sourcepos=\"31:5-31:17\">11. Hielo de cola<\/strong><\/p>\n<p><strong data-sourcepos=\"32:5-32:31\">12.Mango Melocot\u00f3n Sand\u00eda<img loading=\"lazy\" decoding=\"async\" class=\"alignnone wp-image-7591 size-full\" src=\"https:\/\/pgvape.com\/wp-content\/uploads\/2025\/12\/Bang-Leader-18000-Puffs-Disposable-Vape-0-2-3-5-Nicotine-12Tastes-Rechargeable-Vape-Factory-Direct-3.png\" alt=\"Pancarta promocional para los vaporizadores desechables Bang Leader de 18000 bocanadas que presenta dispositivos coloridos de gran tama\u00f1o sobre pedestales a la izquierda, el logotipo de la marca y un t\u00edtulo grande \u201c18000 PUFFS\u201d, y una cuadr\u00edcula en el lado derecho de doce dispositivos de vaporizadores de colores etiquetados con sabores como fresa, kiwi, ar\u00e1ndano y frambuesa, helado de uva, helado de sand\u00eda, helado de cola y sand\u00eda con mango y durazno.\" width=\"1800\" height=\"810\" srcset=\"https:\/\/pgvape.com\/wp-content\/uploads\/2025\/12\/Bang-Leader-18000-Puffs-Disposable-Vape-0-2-3-5-Nicotine-12Tastes-Rechargeable-Vape-Factory-Direct-3.png 1800w, https:\/\/pgvape.com\/wp-content\/uploads\/2025\/12\/Bang-Leader-18000-Puffs-Disposable-Vape-0-2-3-5-Nicotine-12Tastes-Rechargeable-Vape-Factory-Direct-3-555x250.png 555w, https:\/\/pgvape.com\/wp-content\/uploads\/2025\/12\/Bang-Leader-18000-Puffs-Disposable-Vape-0-2-3-5-Nicotine-12Tastes-Rechargeable-Vape-Factory-Direct-3-595x268.png 595w, https:\/\/pgvape.com\/wp-content\/uploads\/2025\/12\/Bang-Leader-18000-Puffs-Disposable-Vape-0-2-3-5-Nicotine-12Tastes-Rechargeable-Vape-Factory-Direct-3-400x180.png 400w, https:\/\/pgvape.com\/wp-content\/uploads\/2025\/12\/Bang-Leader-18000-Puffs-Disposable-Vape-0-2-3-5-Nicotine-12Tastes-Rechargeable-Vape-Factory-Direct-3-768x346.png 768w, https:\/\/pgvape.com\/wp-content\/uploads\/2025\/12\/Bang-Leader-18000-Puffs-Disposable-Vape-0-2-3-5-Nicotine-12Tastes-Rechargeable-Vape-Factory-Direct-3-1536x691.png 1536w, https:\/\/pgvape.com\/wp-content\/uploads\/2025\/12\/Bang-Leader-18000-Puffs-Disposable-Vape-0-2-3-5-Nicotine-12Tastes-Rechargeable-Vape-Factory-Direct-3-18x8.png 18w, https:\/\/pgvape.com\/wp-content\/uploads\/2025\/12\/Bang-Leader-18000-Puffs-Disposable-Vape-0-2-3-5-Nicotine-12Tastes-Rechargeable-Vape-Factory-Direct-3-600x270.png 600w\" sizes=\"auto, (max-width: 1800px) 100vw, 1800px\" \/><\/strong><\/p>\n<p>&nbsp;<\/p>\n<h3><span style=\"font-size: 90%;\">V\u00eddeo de Vape desechable Bang Leader 18000 18K Puffs:<\/span><\/h3>\n<p>&nbsp;<\/p>\n<h2 class=\"header-vfC6AV auto-hide-last-sibling-br\"><span style=\"font-size: 90%;\">Preguntas frecuentes sobre el vaporizador desechable Bang Leader 18000 18K Puffs<\/span><\/h2>\n<p>\u2753 <strong>\u00bfCu\u00e1ntas inhalaciones por dispositivo?<\/strong><br \/>\n\u2705 Clasificado de f\u00e1brica <strong>18.000 bocanadas<\/strong>\u2014semanas de vapeo diario.<\/p>\n<p>\u2753 <strong>\u00bfEs recargable?<\/strong><br \/>\n\u2705 S\u00ed, <strong>650mAh<\/strong> bater\u00eda + <strong>Tipo C<\/strong> puerto; carga completa en ~30 min.<\/p>\n<p>\u2753 <strong>\u00bfQu\u00e9 bobina hay dentro?<\/strong><br \/>\n\u2705 <strong>Bobina de malla de 1,0 \u03a9<\/strong>\u2014\u00e1rea de calentamiento m\u00e1s grande, sabor m\u00e1s denso.<\/p>\n<p>\u2753 <strong>\u00bfPuedo elegir la concentraci\u00f3n de nicotina?<br \/>\n<\/strong>\u2705 <strong>0 %, 2 %, 3 %, 5 %<\/strong> Opciones de sal-nic: seleccione antes del carrito.<\/p>\n<p>\u2753 <strong>\u00bfSe necesita recarga o mantenimiento?<\/strong><br \/>\n\u2705 <strong>mantenimiento cero<\/strong>\u2014precargado, precargado, activado por extracci\u00f3n.<\/p>\n<p>&nbsp;<\/p>\n<h3 id=\"brxe-najhln\" class=\"brxe-heading\">Preguntas frecuentes (FAQ)<\/h3>\n<div id=\"brxe-rajiac\" class=\"brxe-text\">\n<p><strong>P: \u00bfQu\u00e9 m\u00e9todos de pago aceptan?<\/strong><br \/>\nR: Aceptamos PayPal, Stripe, transferencias bancarias (compatibles con SEPA), las principales tarjetas de cr\u00e9dito (Visa, MasterCard, American Express) y pagos con criptomonedas.<\/p>\n<p><strong>P: \u00bfCu\u00e1nto tiempo lleva la preparaci\u00f3n del pedido?<\/strong><br \/>\nR: La preparaci\u00f3n del pedido demora entre 1 y 3 d\u00edas h\u00e1biles.<\/p>\n<p><strong>P: \u00bfCu\u00e1l es el tiempo de env\u00edo?<\/strong><br \/>\nR: El tiempo de env\u00edo es de 7 a 14 d\u00edas h\u00e1biles, seg\u00fan su ubicaci\u00f3n.<\/p>\n<p><strong>P: \u00bfC\u00f3mo puedo realizar un seguimiento de mi pedido?<\/strong><br \/>\nR: Despu\u00e9s del env\u00edo, recibir\u00e1 un correo electr\u00f3nico de confirmaci\u00f3n con un n\u00famero de seguimiento para realizar un seguimiento en tiempo real.<\/p>\n<p><strong>P: \u00bfCu\u00e1l es su pol\u00edtica de devoluci\u00f3n?<\/strong><br \/>\nR: Ofrecemos una pol\u00edtica de devoluci\u00f3n de 30 d\u00edas para reembolsos o cambios. .<\/p>\n<p><strong>P: \u00bfHabr\u00e1 alg\u00fan problema aduanero?<br \/>\n<\/strong>Nos encargamos de todos los procedimientos de despacho de aduanas para garantizarle una experiencia sin complicaciones. .<\/p>\n<p><strong>P: \u00bfQu\u00e9 m\u00e9todos de env\u00edo se utilizan?<\/strong><br \/>\nCooperamos con UPS\/DHL\/FEDEX\/DPD, etc. Elegiremos la opci\u00f3n de env\u00edo adecuada seg\u00fan el pa\u00eds de entrega para asegurarnos de que reciba sus productos lo m\u00e1s r\u00e1pido posible.<\/p>\n<p><a href=\"https:\/\/pgvape.com\/es\/preguntas-frecuentes\/\">Haga clic aqu\u00ed para m\u00e1s preguntas frecuentes<\/a><\/p>\n<p>Estimados clientes: Si tienen alguna pregunta sobre su pedido o la llegada de la mercanc\u00eda, comun\u00edquese con nuestro servicio de atenci\u00f3n al cliente. \u00a1Gracias!<\/p>\n<h3 data-sourcepos=\"73:1-73:21\"><strong data-sourcepos=\"73:7-73:21\">Cont\u00e1ctenos<\/strong><\/h3>\n<div id=\"text-2419739398\" class=\"text\">\n<p><strong data-sourcepos=\"75:3-75:12\">Correo electr\u00f3nico<\/strong>:\u00a0<a href=\"mailto:support@pgvape.com\"><strong>support@pgvape.com<\/strong><\/a><\/p>\n<p><strong data-sourcepos=\"76:3-76:15\">WhatsApp<\/strong>:\u00a0<a href=\"https:\/\/wa.me\/+8618128481258\"><strong>+86 18128481258<\/strong><\/a><br \/>\n<strong>(Respuesta dentro de las 24 horas en d\u00edas h\u00e1biles)<\/strong><\/p>\n<\/div>\n<h3><strong>\u00a1Gracias por elegir pgvape.com! .<\/strong><\/h3>\n<\/div>","protected":false},"excerpt":{"rendered":"<p><strong>L\u00edder de explosi\u00f3n 18000<\/strong>\u2014<strong>18k bocanadas<\/strong>, <strong>Tipo C<\/strong> carga r\u00e1pida, <strong>Malla de 1,0 \u03a9<\/strong>, <strong>12 sabores<\/strong>, <strong>0-5 % NIC<\/strong>.<strong>Vape por mucho tiempo, cargue r\u00e1pido, pruebe m\u00e1s.<\/strong><\/p>","protected":false},"featured_media":7589,"comment_status":"open","ping_status":"closed","template":"","meta":{"_seopress_robots_primary_cat":"none","_seopress_titles_title":"","_seopress_titles_desc":"","_seopress_robots_index":""},"product_brand":[54,516],"product_cat":[236,32,515],"product_tag":[499,498,90,500],"class_list":{"0":"post-7586","1":"product","2":"type-product","3":"status-publish","4":"has-post-thumbnail","6":"product_brand-bang-leader-vape","7":"product_brand-disposable-vape","8":"product_cat-18k-puffs-vape","9":"product_cat-bang-leader-vape","10":"product_cat-disposable-vape","11":"product_tag-18k-puffs-vape","12":"product_tag-bang-leader-18000","13":"product_tag-disposable-vape","14":"product_tag-fixed-smooth-mtl-draw","16":"first","17":"instock","18":"sale","19":"shipping-taxable","20":"purchasable","21":"product-type-variable"},"_links":{"self":[{"href":"https:\/\/pgvape.com\/es\/wp-json\/wp\/v2\/product\/7586","targetHints":{"allow":["GET"]}}],"collection":[{"href":"https:\/\/pgvape.com\/es\/wp-json\/wp\/v2\/product"}],"about":[{"href":"https:\/\/pgvape.com\/es\/wp-json\/wp\/v2\/types\/product"}],"replies":[{"embeddable":true,"href":"https:\/\/pgvape.com\/es\/wp-json\/wp\/v2\/comments?post=7586"}],"wp:featuredmedia":[{"embeddable":true,"href":"https:\/\/pgvape.com\/es\/wp-json\/wp\/v2\/media\/7589"}],"wp:attachment":[{"href":"https:\/\/pgvape.com\/es\/wp-json\/wp\/v2\/media?parent=7586"}],"wp:term":[{"taxonomy":"product_brand","embeddable":true,"href":"https:\/\/pgvape.com\/es\/wp-json\/wp\/v2\/product_brand?post=7586"},{"taxonomy":"product_cat","embeddable":true,"href":"https:\/\/pgvape.com\/es\/wp-json\/wp\/v2\/product_cat?post=7586"},{"taxonomy":"product_tag","embeddable":true,"href":"https:\/\/pgvape.com\/es\/wp-json\/wp\/v2\/product_tag?post=7586"}],"curies":[{"name":"wp","href":"https:\/\/api.w.org\/{rel}","templated":true}]}}