{"id":7555,"date":"2025-12-07T09:52:05","date_gmt":"2025-12-07T09:52:05","guid":{"rendered":"https:\/\/pgvape.com\/?post_type=product&#038;p=7555"},"modified":"2026-03-05T14:37:54","modified_gmt":"2026-03-05T14:37:54","slug":"bang-leader-30000-30k-inhalaciones-vape-desechable-de-doble-sabor-0-2-3-5-pantalla-lcd-de-nicotina-vape-directo-de-fabrica","status":"publish","type":"product","link":"https:\/\/pgvape.com\/es\/producto\/bang-leader-30000-30k-inhalaciones-vape-desechable-de-doble-sabor-0-2-3-5-pantalla-lcd-de-nicotina-vape-directo-de-fabrica\/","title":{"rendered":"Bang Leader 30000 30k Puffs Vape desechable de doble sabor 0% 2% 3% 5% Pantalla LCD de nicotina Vape directo de f\u00e1brica"},"content":{"rendered":"<p>Experimente un rendimiento excepcional con el <strong data-sourcepos=\"7:45-7:88\">Bang Leader 30000 inhalaciones Vape desechable<\/strong> \u2013 Un dispositivo de primer nivel que combina una longevidad impresionante con innovaci\u00f3n de vanguardia. <strong data-sourcepos=\"7:292-7:314\">12 sabores diversos<\/strong>, Avanzado <strong data-sourcepos=\"7:325-7:347\">Alambres calefactores de malla<\/strong>, Y una elegante construcci\u00f3n ergon\u00f3mica, este desechable ofrece una excelente generaci\u00f3n de vapor y consistencia de sabor para sesiones de vapeo verdaderamente satisfactorias.<img loading=\"lazy\" decoding=\"async\" class=\"alignnone wp-image-7566 size-full\" src=\"https:\/\/pgvape.com\/wp-content\/uploads\/2025\/12\/Bang-leader-30000-30k-Puffs-Double-Taste-Disposable-Vape-0-2-3-5-Nicotine-12Tastes-LCD-Display-Vape-Factory-Direct-9.png\" alt=\"Dos dispositivos de vapeo desechables de colores brillantes, uno verde ne\u00f3n y otro azul cian, cada uno con una ilustraci\u00f3n felina rugiente y la marca &#039;BANG LEADER&#039;, flotando sobre un pedestal verde azulado brillante sobre un fondo geom\u00e9trico, con \u00edconos cercanos que muestran 36 ml, 550 mAh, 30,000 inhalaciones, una bobina de malla y un gr\u00e1fico de soporte de cigarrillo giratorio.\" width=\"1920\" height=\"899\" srcset=\"https:\/\/pgvape.com\/wp-content\/uploads\/2025\/12\/Bang-leader-30000-30k-Puffs-Double-Taste-Disposable-Vape-0-2-3-5-Nicotine-12Tastes-LCD-Display-Vape-Factory-Direct-9.png 1920w, https:\/\/pgvape.com\/wp-content\/uploads\/2025\/12\/Bang-leader-30000-30k-Puffs-Double-Taste-Disposable-Vape-0-2-3-5-Nicotine-12Tastes-LCD-Display-Vape-Factory-Direct-9-555x260.png 555w, https:\/\/pgvape.com\/wp-content\/uploads\/2025\/12\/Bang-leader-30000-30k-Puffs-Double-Taste-Disposable-Vape-0-2-3-5-Nicotine-12Tastes-LCD-Display-Vape-Factory-Direct-9-595x279.png 595w, https:\/\/pgvape.com\/wp-content\/uploads\/2025\/12\/Bang-leader-30000-30k-Puffs-Double-Taste-Disposable-Vape-0-2-3-5-Nicotine-12Tastes-LCD-Display-Vape-Factory-Direct-9-400x187.png 400w, https:\/\/pgvape.com\/wp-content\/uploads\/2025\/12\/Bang-leader-30000-30k-Puffs-Double-Taste-Disposable-Vape-0-2-3-5-Nicotine-12Tastes-LCD-Display-Vape-Factory-Direct-9-768x360.png 768w, https:\/\/pgvape.com\/wp-content\/uploads\/2025\/12\/Bang-leader-30000-30k-Puffs-Double-Taste-Disposable-Vape-0-2-3-5-Nicotine-12Tastes-LCD-Display-Vape-Factory-Direct-9-1536x719.png 1536w, https:\/\/pgvape.com\/wp-content\/uploads\/2025\/12\/Bang-leader-30000-30k-Puffs-Double-Taste-Disposable-Vape-0-2-3-5-Nicotine-12Tastes-LCD-Display-Vape-Factory-Direct-9-18x8.png 18w, https:\/\/pgvape.com\/wp-content\/uploads\/2025\/12\/Bang-leader-30000-30k-Puffs-Double-Taste-Disposable-Vape-0-2-3-5-Nicotine-12Tastes-LCD-Display-Vape-Factory-Direct-9-600x281.png 600w\" sizes=\"auto, (max-width: 1920px) 100vw, 1920px\" \/><\/p>\n<p>&nbsp;<\/p>\n<h2><span style=\"font-size: 90%;\">Especificaci\u00f3n disponible de Vape del sabor doble de los soplos del l\u00edder 30000 30k de Bang<\/span><\/h2>\n<p><strong data-sourcepos=\"12:3-12:21\">Capacidad de bocanada:<\/strong>\u00a0Arriba a\u00a0<strong data-sourcepos=\"12:28-12:44\">30.000 bocanadas<\/strong><\/p>\n<p><strong data-sourcepos=\"13:3-13:23\">Volumen de l\u00edquido electr\u00f3nico:<\/strong>\u00a0<strong data-sourcepos=\"13:24-13:32\">36ml<\/strong><\/p>\n<p><strong data-sourcepos=\"14:3-14:15\">Bater\u00eda:<\/strong>\u00a0<strong data-sourcepos=\"14:16-14:37\">550 mAh integrado<\/strong>\u00a0Con carga USB<\/p>\n<p><strong data-sourcepos=\"15:3-15:15\">Mostrar:<\/strong>\u00a0Pantalla LCD interactiva que muestra el estado de la bater\u00eda y del l\u00edquido electr\u00f3nico<\/p>\n<p><strong data-sourcepos=\"16:3-16:17\">Tipo de bobina:<\/strong>\u00a0<strong data-sourcepos=\"16:18-16:36\">Alambre de malla de 1.0\u03a9<\/strong>\u00a0Para una calefacci\u00f3n superior<\/p>\n<p><strong data-sourcepos=\"17:3-17:16\">Caracter\u00edsticas:<\/strong>\u00a0<strong data-sourcepos=\"17:17-17:39\">Flujo de aire ajustable<\/strong>\u00a0\u2022\u00a0<strong data-sourcepos=\"17:42-17:60\">Activado por sorteo<\/strong>\u00a0\u2022\u00a0<strong data-sourcepos=\"17:63-17:90\">Dise\u00f1o port\u00e1til compacto<\/strong><\/p>\n<p><strong data-sourcepos=\"18:3-18:24\">Opciones de nicotina:<\/strong>\u00a0<strong data-sourcepos=\"18:25-18:46\">0%, 2%, 3% o 5%<\/strong><\/p>\n<p>&nbsp;<\/p>\n<h3><span style=\"font-size: 90%;\">Lista disponible del sabor de Vape del gusto doble de los soplos 30k del l\u00edder 30000 de Bang<\/span><\/h3>\n<p><strong data-sourcepos=\"24:4-24:39\">1.Hielo de sand\u00eda \/ Menta de ar\u00e1ndanos<\/strong><\/p>\n<p><strong data-sourcepos=\"25:4-25:41\">2.Hielo de sand\u00eda \/ Mango de fresa<\/strong><\/p>\n<p><strong data-sourcepos=\"26:4-26:56\">3.Fresa, Sand\u00eda \/ Kiwi, Maracuy\u00e1 y Guayaba<\/strong><\/p>\n<p><strong data-sourcepos=\"27:4-27:41\">4.Sand\u00eda Fresa \/ Hielo De Uva<\/strong><\/p>\n<p><strong data-sourcepos=\"28:4-28:52\">5.Ar\u00e1ndano, Frambuesa \/ Melocot\u00f3n, Mango, Sand\u00eda<\/strong><\/p>\n<p><strong data-sourcepos=\"29:4-29:48\">6.Ar\u00e1ndano, frambuesa\/fruta mixta con moho<\/strong><\/p>\n<p><strong data-sourcepos=\"30:4-30:40\">7. Hielo de ar\u00e1ndano \/ Hielo de drag\u00f3n negro<\/strong><\/p>\n<p><strong data-sourcepos=\"31:4-31:41\">8.Hielo de ar\u00e1ndanos \/ Pl\u00e1tano de fresa<\/strong><\/p>\n<p><strong data-sourcepos=\"32:4-32:39\">9.Red Bull \/ Sand\u00eda Ar\u00e1ndano<\/strong><\/p>\n<p><strong data-sourcepos=\"33:5-33:43\">10.Red Bull \/ Caramelo de burbujas de sand\u00eda<\/strong><\/p>\n<p><strong data-sourcepos=\"34:5-34:36\">11.Fresa Kiwi \/ Hielo De Melocot\u00f3n<\/strong><\/p>\n<p><strong data-sourcepos=\"35:5-35:47\">12. Kiwi Fresa \/ Frambuesa Manzana Agria<img loading=\"lazy\" decoding=\"async\" class=\"alignnone wp-image-7561 size-full\" src=\"https:\/\/pgvape.com\/wp-content\/uploads\/2025\/12\/Bang-leader-30000-30k-Puffs-Double-Taste-Disposable-Vape-0-2-3-5-Nicotine-12Tastes-LCD-Display-Vape-Factory-Direct-4.png\" alt=\"Fila de doce dispositivos de vapeo desechables &#039;Bang Leader&#039; rectangulares de colores brillantes con boquillas negras, cada uno con un logotipo estilizado de cabeza de tigre y nombres de sabores en vibrantes paneles degradados sobre un fondo morado ahumado y el t\u00edtulo &#039;Bang leader 30k Puffs Double Taste Vape desechable&#039; en la parte superior.\" width=\"1600\" height=\"1026\" srcset=\"https:\/\/pgvape.com\/wp-content\/uploads\/2025\/12\/Bang-leader-30000-30k-Puffs-Double-Taste-Disposable-Vape-0-2-3-5-Nicotine-12Tastes-LCD-Display-Vape-Factory-Direct-4.png 1600w, https:\/\/pgvape.com\/wp-content\/uploads\/2025\/12\/Bang-leader-30000-30k-Puffs-Double-Taste-Disposable-Vape-0-2-3-5-Nicotine-12Tastes-LCD-Display-Vape-Factory-Direct-4-555x356.png 555w, https:\/\/pgvape.com\/wp-content\/uploads\/2025\/12\/Bang-leader-30000-30k-Puffs-Double-Taste-Disposable-Vape-0-2-3-5-Nicotine-12Tastes-LCD-Display-Vape-Factory-Direct-4-595x382.png 595w, https:\/\/pgvape.com\/wp-content\/uploads\/2025\/12\/Bang-leader-30000-30k-Puffs-Double-Taste-Disposable-Vape-0-2-3-5-Nicotine-12Tastes-LCD-Display-Vape-Factory-Direct-4-400x257.png 400w, https:\/\/pgvape.com\/wp-content\/uploads\/2025\/12\/Bang-leader-30000-30k-Puffs-Double-Taste-Disposable-Vape-0-2-3-5-Nicotine-12Tastes-LCD-Display-Vape-Factory-Direct-4-768x492.png 768w, https:\/\/pgvape.com\/wp-content\/uploads\/2025\/12\/Bang-leader-30000-30k-Puffs-Double-Taste-Disposable-Vape-0-2-3-5-Nicotine-12Tastes-LCD-Display-Vape-Factory-Direct-4-1536x985.png 1536w, https:\/\/pgvape.com\/wp-content\/uploads\/2025\/12\/Bang-leader-30000-30k-Puffs-Double-Taste-Disposable-Vape-0-2-3-5-Nicotine-12Tastes-LCD-Display-Vape-Factory-Direct-4-18x12.png 18w, https:\/\/pgvape.com\/wp-content\/uploads\/2025\/12\/Bang-leader-30000-30k-Puffs-Double-Taste-Disposable-Vape-0-2-3-5-Nicotine-12Tastes-LCD-Display-Vape-Factory-Direct-4-600x385.png 600w\" sizes=\"auto, (max-width: 1600px) 100vw, 1600px\" \/><\/strong><\/p>\n<p>&nbsp;<\/p>\n<h3><span style=\"font-size: 90%;\">V\u00eddeo de Vape desechable de doble sabor Bang Leader 30000 30k Puffs:<\/span><\/h3>\n<p>&nbsp;<\/p>\n<h2 class=\"header-vfC6AV auto-hide-last-sibling-br\"><span style=\"font-size: 90%;\">Preguntas frecuentes sobre Bang Leader 30000 30k Puffs Vape desechable de doble sabor<\/span><\/h2>\n<p>\u2753 <strong class=\"\">\u00bfC\u00f3mo cambio los dos sabores?<\/strong><br \/>\n\u2705 <strong>Doble sabor<\/strong> estructura: deslice para alternar entre las <strong>sabores emparejados<\/strong> instant\u00e1neamente.<\/p>\n<p>\u2753 <strong class=\"\">\u00bfCu\u00e1ntas inhalaciones por dispositivo?<\/strong><br \/>\n\u2705 Clasificado de f\u00e1brica <strong>hasta 30 000 inhalaciones<\/strong>, el recuento real var\u00eda seg\u00fan la fuerza del sorteo.<\/p>\n<p>\u2753 <strong class=\"\">\u00bfC\u00f3mo reviso la bater\u00eda o el l\u00edquido?<\/strong><br \/>\n\u2705 <strong class=\"\">pantalla digital LCD<\/strong> muestra en tiempo real <strong>bater\u00eda<\/strong> y <strong>e-l\u00edquido restante<\/strong>.<\/p>\n<p>\u2753 <strong class=\"\">\u00bfQu\u00e9 concentraciones de nicotina est\u00e1n disponibles?<\/strong><br \/>\n\u2705 <strong class=\"\">0 %, 2 %, 3 %, 5 %<\/strong>\u2014confirmar la versi\u00f3n al realizar el pedido.<\/p>\n<p>\u2753 <strong class=\"\">\u00bfEl dispositivo es recargable?<\/strong><br \/>\n\u2705 Incorporado <strong class=\"\">550mAh<\/strong> bater\u00eda con <strong class=\"\">Tipo C<\/strong> puerto para recargas r\u00e1pidas.<\/p>\n<p>\u2753 <strong class=\"\">\u00bfPuedo ajustar el flujo de aire?<\/strong><br \/>\n\u2705 <strong class=\"\">Flujo de aire ajustable<\/strong> te permite elegir <strong class=\"\">apretado, medio o abierto<\/strong> dibujar.<\/p>\n<p>&nbsp;<\/p>\n<h3 id=\"brxe-najhln\" class=\"brxe-heading\">Preguntas frecuentes (FAQ)<\/h3>\n<div id=\"brxe-rajiac\" class=\"brxe-text\">\n<p><strong>P: \u00bfQu\u00e9 m\u00e9todos de pago aceptan?<\/strong><br \/>\nR: Aceptamos PayPal, Stripe, transferencias bancarias (compatibles con SEPA), las principales tarjetas de cr\u00e9dito (Visa, MasterCard, American Express) y pagos con criptomonedas.<\/p>\n<p><strong>P: \u00bfCu\u00e1nto tiempo lleva la preparaci\u00f3n del pedido?<\/strong><br \/>\nR: La preparaci\u00f3n del pedido demora entre 1 y 3 d\u00edas h\u00e1biles.<\/p>\n<p><strong>P: \u00bfCu\u00e1l es el tiempo de env\u00edo?<\/strong><br \/>\nR: El tiempo de env\u00edo es de 7 a 14 d\u00edas h\u00e1biles, seg\u00fan su ubicaci\u00f3n.<\/p>\n<p><strong>P: \u00bfC\u00f3mo puedo realizar un seguimiento de mi pedido?<\/strong><br \/>\nR: Despu\u00e9s del env\u00edo, recibir\u00e1 un correo electr\u00f3nico de confirmaci\u00f3n con un n\u00famero de seguimiento para realizar un seguimiento en tiempo real.<\/p>\n<p><strong>P: \u00bfCu\u00e1l es su pol\u00edtica de devoluci\u00f3n?<\/strong><br \/>\nR: Ofrecemos una pol\u00edtica de devoluci\u00f3n de 30 d\u00edas para reembolsos o cambios. .<\/p>\n<p><strong>P: \u00bfHabr\u00e1 alg\u00fan problema aduanero?<br \/>\n<\/strong>Nos encargamos de todos los procedimientos de despacho de aduanas para garantizarle una experiencia sin complicaciones. .<\/p>\n<p><strong>P: \u00bfQu\u00e9 m\u00e9todos de env\u00edo se utilizan?<\/strong><br \/>\nCooperamos con UPS\/DHL\/FEDEX\/DPD, etc. Elegiremos la opci\u00f3n de env\u00edo adecuada seg\u00fan el pa\u00eds de entrega para asegurarnos de que reciba sus productos lo m\u00e1s r\u00e1pido posible.<\/p>\n<p><a href=\"https:\/\/pgvape.com\/es\/preguntas-frecuentes\/\">Haga clic aqu\u00ed para m\u00e1s preguntas frecuentes<\/a><\/p>\n<p>Estimados clientes: Si tienen alguna pregunta sobre su pedido o la llegada de la mercanc\u00eda, comun\u00edquese con nuestro servicio de atenci\u00f3n al cliente. \u00a1Gracias!<\/p>\n<h3 data-sourcepos=\"73:1-73:21\"><strong data-sourcepos=\"73:7-73:21\">Cont\u00e1ctenos<\/strong><\/h3>\n<div id=\"text-2419739398\" class=\"text\">\n<p><strong data-sourcepos=\"75:3-75:12\">Correo electr\u00f3nico<\/strong>:\u00a0<a href=\"mailto:support@pgvape.com\"><strong>support@pgvape.com<\/strong><\/a><\/p>\n<p><strong data-sourcepos=\"76:3-76:15\">WhatsApp<\/strong>:\u00a0<a href=\"https:\/\/wa.me\/+8618128481258\"><strong>+86 18128481258<\/strong><\/a><br \/>\n<strong>(Respuesta dentro de las 24 horas en d\u00edas h\u00e1biles)<\/strong><\/p>\n<\/div>\n<h3><strong>\u00a1Gracias por elegir pgvape.com! .<\/strong><\/h3>\n<\/div>","protected":false},"excerpt":{"rendered":"<p><strong>L\u00edder de explosi\u00f3n 30000<\/strong> \u2014 <strong>30K bocanadas<\/strong>, <strong>36ml<\/strong>, <strong>Doble sabor<\/strong>, <strong>Pantalla LCD<\/strong>, <strong>Malla de 1,0\u03a9<\/strong>, <strong>Tipo C<\/strong>, <strong>Flujo de aire ajustable<\/strong>, <strong>0-5% Nic<\/strong>. <strong>Desliza, cambia, saborea<\/strong>.<\/p>","protected":false},"featured_media":7560,"comment_status":"open","ping_status":"closed","template":"","meta":{"_seopress_robots_primary_cat":"none","_seopress_titles_title":"","_seopress_titles_desc":"","_seopress_robots_index":""},"product_brand":[54,516],"product_cat":[35,32,515],"product_tag":[349,497,90,68,352],"class_list":{"0":"post-7555","1":"product","2":"type-product","3":"status-publish","4":"has-post-thumbnail","6":"product_brand-bang-leader-vape","7":"product_brand-disposable-vape","8":"product_cat-30k-puffs-vape","9":"product_cat-bang-leader-vape","10":"product_cat-disposable-vape","11":"product_tag-30k-puffs-vape","12":"product_tag-bang-leader-30000","13":"product_tag-disposable-vape","14":"product_tag-double-taste","15":"product_tag-dual-pod","17":"first","18":"outofstock","19":"sale","20":"shipping-taxable","21":"purchasable","22":"product-type-variable"},"_links":{"self":[{"href":"https:\/\/pgvape.com\/es\/wp-json\/wp\/v2\/product\/7555","targetHints":{"allow":["GET"]}}],"collection":[{"href":"https:\/\/pgvape.com\/es\/wp-json\/wp\/v2\/product"}],"about":[{"href":"https:\/\/pgvape.com\/es\/wp-json\/wp\/v2\/types\/product"}],"replies":[{"embeddable":true,"href":"https:\/\/pgvape.com\/es\/wp-json\/wp\/v2\/comments?post=7555"}],"wp:featuredmedia":[{"embeddable":true,"href":"https:\/\/pgvape.com\/es\/wp-json\/wp\/v2\/media\/7560"}],"wp:attachment":[{"href":"https:\/\/pgvape.com\/es\/wp-json\/wp\/v2\/media?parent=7555"}],"wp:term":[{"taxonomy":"product_brand","embeddable":true,"href":"https:\/\/pgvape.com\/es\/wp-json\/wp\/v2\/product_brand?post=7555"},{"taxonomy":"product_cat","embeddable":true,"href":"https:\/\/pgvape.com\/es\/wp-json\/wp\/v2\/product_cat?post=7555"},{"taxonomy":"product_tag","embeddable":true,"href":"https:\/\/pgvape.com\/es\/wp-json\/wp\/v2\/product_tag?post=7555"}],"curies":[{"name":"wp","href":"https:\/\/api.w.org\/{rel}","templated":true}]}}