{"id":7499,"date":"2025-12-06T12:28:15","date_gmt":"2025-12-06T12:28:15","guid":{"rendered":"https:\/\/pgvape.com\/?post_type=product&#038;p=7499"},"modified":"2026-03-15T13:32:42","modified_gmt":"2026-03-15T13:32:42","slug":"bang-leader-stoll-100000-100k-bocanadas-4-en-1-sabores-vape-desechable-0-2-3-5-nicotinas-quad-tank10tastes-tpd-vape-certificado-directo-de-fabrica","status":"publish","type":"product","link":"https:\/\/pgvape.com\/es\/producto\/bang-leader-stoll-100000-100k-bocanadas-4-en-1-sabores-vape-desechable-0-2-3-5-nicotinas-quad-tank10tastes-tpd-vape-certificado-directo-de-fabrica\/","title":{"rendered":"Bang Leader Stoll 100000 100K Puffs 4 en 1 Sabores Vape desechable 0% 2% 3% 5% Nicotinas Quad Tank10Tastes TPD Certificado Vape Directo de f\u00e1brica"},"content":{"rendered":"<p>Gobierna tu reino del vapeo con el <strong data-sourcepos=\"7:33-7:72\">Bang Leader Stoll 4 en 1 100.000 inhalaciones<\/strong> \u2013 El heredero imperial de la excelencia en sabores. <strong data-sourcepos=\"7:141-7:173\">Sistema de cartuchos de cuatro sabores<\/strong>, este dispositivo soberano le permite cambiar con gracia entre cuatro propiedades de sabor real con un simple giro de la corona. <strong data-sourcepos=\"7:315-7:333\">Bater\u00eda de 850 mAh.<\/strong> Con rel\u00e1mpago <strong data-sourcepos=\"7:349-7:368\">Carga tipo C<\/strong>, Asegura tu trono con hasta <strong data-sourcepos=\"7:404-7:421\">100.000 bocanadas<\/strong> De Majestad Ininterrumpida. <strong data-sourcepos=\"7:452-7:470\">Bobina de malla cu\u00e1druple<\/strong> Enciende nubes densas y sabores cristalinos, todo ello encerrado en un dise\u00f1o majestuoso digno del trono. .<\/p>\n<p>&nbsp;<\/p>\n<h2><span style=\"font-size: 90%;\">Bang Leader Stoll 100K Puffs 4 en 1 sabores Especificaci\u00f3n de Vape desechable<\/span><\/h2>\n<p><strong data-sourcepos=\"12:3-12:20\">Capacidad de bocanada<\/strong>: Hasta 100.000 inhalaciones<\/p>\n<p><strong data-sourcepos=\"13:3-13:14\">Bater\u00eda<\/strong>:\u00a0<strong data-sourcepos=\"13:16-13:39\">850mAh recargable<\/strong>\u00a0Con\u00a0<strong data-sourcepos=\"13:45-13:69\">Carga r\u00e1pida tipo C<\/strong><\/p>\n<p><strong data-sourcepos=\"14:3-14:24\">Capacidad de l\u00edquido electr\u00f3nico<\/strong>:\u00a0<strong data-sourcepos=\"14:26-14:38\">14ml \u00d7 4<\/strong>\u00a0Tanques independientes<\/p>\n<p><strong data-sourcepos=\"15:3-15:11\">Bobina<\/strong>:\u00a0<strong data-sourcepos=\"15:13-15:36\">Bobina de malla cu\u00e1druple de 1,0 \u03a9<\/strong><\/p>\n<p><strong data-sourcepos=\"16:3-16:24\">Fuerza de nicotina<\/strong>: Ajustable \u2013\u00a0<strong data-sourcepos=\"16:39-16:57\">0%, 2%, 3%, 5%<\/strong><\/p>\n<p><strong data-sourcepos=\"17:3-17:20\">Proceso de dar un t\u00edtulo<\/strong>:\u00a0<strong data-sourcepos=\"17:22-17:39\">Certificado TPD<\/strong>\u00a0Para los mercados de la UE<\/p>\n<p>&nbsp;<\/p>\n<h3><span style=\"font-size: 90%;\">Bang Leader Stoll 100K Puffs 4 en 1 sabores Lista de sabores de Vape desechable<\/span><\/h3>\n<p>1.Lim\u00f3n Lima y Sand\u00eda Hielo y Drag\u00f3n Negro Hielo y Fruta del Drag\u00f3n Fresa y Amor 666<\/p>\n<p>2.Vainilla Cola y Lim\u00f3n Melocot\u00f3n y Fresa Frambuesa y Hielo de Cereza y Hielo de Uva<\/p>\n<p>3.Grape Burst &amp; Lychee Ice &amp; Peach Berry &amp; Kiwi Maracuy\u00e1 Guayaba<\/p>\n<p>4.Helado de sand\u00eda y helado de fresa, mango y ar\u00e1ndano y cereza gaseosa<\/p>\n<p>5. Refrescante de fresa, sand\u00eda, cola de cereza, hielo de melocot\u00f3n jugoso y pomelo<\/p>\n<p>6.Lima lim\u00f3n y hielo de fresa y sand\u00eda de frambuesa y cereza gaseosa<\/p>\n<p>7. Limonada rosada y kiwi Maracuy\u00e1, guayaba, melocot\u00f3n, baya y fresa, pl\u00e1tano<\/p>\n<p>8. Mango de fresa y limonada Blue Razz y helado de vainilla y triple baya agria<\/p>\n<p>9.Mezcla de bayas y cerezas, lim\u00f3n, fresa, kiwi y fresa, sand\u00eda, chicle<\/p>\n<p>10.Mojito y Monster Mango y Lady Killer y limonada rosa<img loading=\"lazy\" decoding=\"async\" class=\"alignnone wp-image-7504 size-full\" src=\"https:\/\/pgvape.com\/wp-content\/uploads\/2025\/12\/Bang-Leader-Stoll-100K-Puffs-4-in-1-Flavors-Disposable-Vape-0-2-3-5-Nicotines-Quad-Tank-10Tastes-TPD-Certified-Vape-Factory-Direct-PGvape-3.png\" alt=\"Diez coloridos dispositivos de vapeo desechables dispuestos en dos filas sobre un fondo azul claro, cada uno con atrevidas ilustraciones con temas de animales, una base negra con pantallas digitales circulares y nombres impresos con sabores de frutas debajo.\" width=\"1800\" height=\"1670\" srcset=\"https:\/\/pgvape.com\/wp-content\/uploads\/2025\/12\/Bang-Leader-Stoll-100K-Puffs-4-in-1-Flavors-Disposable-Vape-0-2-3-5-Nicotines-Quad-Tank-10Tastes-TPD-Certified-Vape-Factory-Direct-PGvape-3.png 1800w, https:\/\/pgvape.com\/wp-content\/uploads\/2025\/12\/Bang-Leader-Stoll-100K-Puffs-4-in-1-Flavors-Disposable-Vape-0-2-3-5-Nicotines-Quad-Tank-10Tastes-TPD-Certified-Vape-Factory-Direct-PGvape-3-388x360.png 388w, https:\/\/pgvape.com\/wp-content\/uploads\/2025\/12\/Bang-Leader-Stoll-100K-Puffs-4-in-1-Flavors-Disposable-Vape-0-2-3-5-Nicotines-Quad-Tank-10Tastes-TPD-Certified-Vape-Factory-Direct-PGvape-3-595x552.png 595w, https:\/\/pgvape.com\/wp-content\/uploads\/2025\/12\/Bang-Leader-Stoll-100K-Puffs-4-in-1-Flavors-Disposable-Vape-0-2-3-5-Nicotines-Quad-Tank-10Tastes-TPD-Certified-Vape-Factory-Direct-PGvape-3-400x371.png 400w, https:\/\/pgvape.com\/wp-content\/uploads\/2025\/12\/Bang-Leader-Stoll-100K-Puffs-4-in-1-Flavors-Disposable-Vape-0-2-3-5-Nicotines-Quad-Tank-10Tastes-TPD-Certified-Vape-Factory-Direct-PGvape-3-768x713.png 768w, https:\/\/pgvape.com\/wp-content\/uploads\/2025\/12\/Bang-Leader-Stoll-100K-Puffs-4-in-1-Flavors-Disposable-Vape-0-2-3-5-Nicotines-Quad-Tank-10Tastes-TPD-Certified-Vape-Factory-Direct-PGvape-3-1536x1425.png 1536w, https:\/\/pgvape.com\/wp-content\/uploads\/2025\/12\/Bang-Leader-Stoll-100K-Puffs-4-in-1-Flavors-Disposable-Vape-0-2-3-5-Nicotines-Quad-Tank-10Tastes-TPD-Certified-Vape-Factory-Direct-PGvape-3-13x12.png 13w, https:\/\/pgvape.com\/wp-content\/uploads\/2025\/12\/Bang-Leader-Stoll-100K-Puffs-4-in-1-Flavors-Disposable-Vape-0-2-3-5-Nicotines-Quad-Tank-10Tastes-TPD-Certified-Vape-Factory-Direct-PGvape-3-600x557.png 600w\" sizes=\"auto, (max-width: 1800px) 100vw, 1800px\" \/><\/p>\n<p>&nbsp;<\/p>\n<h3><span style=\"font-size: 90%;\">Bang Leader Stoll 100K inhalaciones 4 en 1 sabores Vape desechable <strong>Video:<\/strong><\/span><\/h3>\n<p>&nbsp;<\/p>\n<h2><span style=\"font-size: 90%;\">Preguntas frecuentes sobre Bang Leader Stoll 100K Puffs 4 en 1 sabores Vape desechable<\/span><\/h2>\n<p data-sourcepos=\"34:1-36:100\">\u2753 <strong data-sourcepos=\"35:3-35:48\">\u00bfC\u00f3mo cambio entre los cuatro sabores?<\/strong><br \/>\n\u2705 Un simple giro de la base cambia el <strong data-sourcepos=\"36:43-36:68\">Cartucho cuatro en uno<\/strong> A tu pr\u00f3ximo dominio de sabores.<\/p>\n<p data-sourcepos=\"38:1-39:84\">\u2753 <strong data-sourcepos=\"38:3-38:45\">\u00bfQu\u00e9 concentraciones de nicotina est\u00e1n disponibles?<\/strong><br \/>\n\u2705 Elige tu reinado <strong data-sourcepos=\"39:26-39:47\">0%, 2%, 3% o 5%<\/strong> Para que coincida con sus preferencias imperiales.<\/p>\n<p data-sourcepos=\"41:1-42:128\">\u2753 <strong data-sourcepos=\"41:3-41:35\">\u00bfEl dispositivo tiene certificaci\u00f3n TPD?<br \/>\n<\/strong> \u2705S\u00ed. <strong data-sourcepos=\"42:12-42:33\">Stoll l\u00edder de la explosi\u00f3n<\/strong> es completamente <strong data-sourcepos=\"42:43-42:60\">Certificado TPD<\/strong>, Garantizar una soberan\u00eda leg\u00edtima en todos los territorios europeos.<\/p>\n<p data-sourcepos=\"44:1-45:155\">\u2753 <strong data-sourcepos=\"44:3-44:55\">\u00bfC\u00f3mo mejora el rendimiento la bobina de malla cu\u00e1druple?<br \/>\n<\/strong> \u2705 El <strong data-sourcepos=\"45:7-45:27\">Dise\u00f1o de malla cu\u00e1druple<\/strong> Crea cuatro veces la superficie de calentamiento, generando un sabor inmediato y consistentemente rico y una densidad de pluma digna de la corona.<\/p>\n<p>&nbsp;<\/p>\n<h3 id=\"brxe-najhln\" class=\"brxe-heading\">Preguntas frecuentes (FAQ)<\/h3>\n<div id=\"brxe-rajiac\" class=\"brxe-text\">\n<p><strong>P: \u00bfQu\u00e9 m\u00e9todos de pago aceptan?<\/strong><br \/>\nR: Aceptamos PayPal, Stripe, transferencias bancarias (compatibles con SEPA), las principales tarjetas de cr\u00e9dito (Visa, MasterCard, American Express) y pagos con criptomonedas.<\/p>\n<p><strong>P: \u00bfCu\u00e1nto tiempo lleva la preparaci\u00f3n del pedido?<\/strong><br \/>\nR: La preparaci\u00f3n del pedido demora entre 1 y 3 d\u00edas h\u00e1biles.<\/p>\n<p><strong>P: \u00bfCu\u00e1l es el tiempo de env\u00edo?<\/strong><br \/>\nR: El tiempo de env\u00edo es de 7 a 14 d\u00edas h\u00e1biles, seg\u00fan su ubicaci\u00f3n.<\/p>\n<p><strong>P: \u00bfC\u00f3mo puedo realizar un seguimiento de mi pedido?<\/strong><br \/>\nR: Despu\u00e9s del env\u00edo, recibir\u00e1 un correo electr\u00f3nico de confirmaci\u00f3n con un n\u00famero de seguimiento para realizar un seguimiento en tiempo real.<\/p>\n<p><strong>P: \u00bfCu\u00e1l es su pol\u00edtica de devoluci\u00f3n?<\/strong><br \/>\nR: Ofrecemos una pol\u00edtica de devoluci\u00f3n de 30 d\u00edas para reembolsos o cambios. .<\/p>\n<p><strong>P: \u00bfHabr\u00e1 alg\u00fan problema aduanero?<br \/>\n<\/strong>Nos encargamos de todos los procedimientos de despacho de aduanas para garantizarle una experiencia sin complicaciones. .<\/p>\n<p><strong>P: \u00bfQu\u00e9 m\u00e9todos de env\u00edo se utilizan?<\/strong><br \/>\nCooperamos con UPS\/DHL\/FEDEX\/DPD, etc. Elegiremos la opci\u00f3n de env\u00edo adecuada seg\u00fan el pa\u00eds de entrega para asegurarnos de que reciba sus productos lo m\u00e1s r\u00e1pido posible.<\/p>\n<p><a href=\"https:\/\/pgvape.com\/es\/preguntas-frecuentes\/\">Haga clic aqu\u00ed para m\u00e1s preguntas frecuentes<\/a><\/p>\n<p>Estimados clientes: Si tienen alguna pregunta sobre su pedido o la llegada de la mercanc\u00eda, comun\u00edquese con nuestro servicio de atenci\u00f3n al cliente. \u00a1Gracias!<\/p>\n<h3 data-sourcepos=\"73:1-73:21\"><strong data-sourcepos=\"73:7-73:21\">Cont\u00e1ctenos<\/strong><\/h3>\n<div id=\"text-2419739398\" class=\"text\">\n<p><strong data-sourcepos=\"75:3-75:12\">Correo electr\u00f3nico<\/strong>:\u00a0<a href=\"mailto:support@pgvape.com\"><strong>support@pgvape.com<\/strong><\/a><\/p>\n<p><strong data-sourcepos=\"76:3-76:15\">WhatsApp<\/strong>:\u00a0<a href=\"https:\/\/wa.me\/+8618128481258\"><strong>+86 18128481258<\/strong><\/a><br \/>\n<strong>(Respuesta dentro de las 24 horas en d\u00edas h\u00e1biles)<\/strong><\/p>\n<\/div>\n<h3><strong>\u00a1Gracias por elegir pgvape.com! .<\/strong><\/h3>\n<\/div>","protected":false},"excerpt":{"rendered":"<p><strong>Bang Leader Stoll 4 en 1<\/strong> \u2014 <strong>100.000 bocanadas<\/strong>, <strong>Tanques cu\u00e1druples de 14 ml<\/strong>, <strong>Malla cu\u00e1druple de 1,0 \u03a9<\/strong>, <strong>850 Mah tipo C<\/strong>, <strong>4 reinos de sabores<\/strong>, <strong>0-5% Nicotina<\/strong>. <strong>Gobierna por m\u00e1s tiempo, cambia m\u00e1s r\u00e1pido, Vape Royal<\/strong>.<\/p>","protected":false},"featured_media":7502,"comment_status":"open","ping_status":"closed","template":"","meta":{"_seopress_robots_primary_cat":"none","_seopress_titles_title":"%%post_title%% %%sep%% %%sitetitle%%","_seopress_titles_desc":"","_seopress_robots_index":""},"product_brand":[54,516],"product_cat":[170,32,515],"product_tag":[395,53,491,90,492,493],"class_list":{"0":"post-7499","1":"product","2":"type-product","3":"status-publish","4":"has-post-thumbnail","6":"product_brand-bang-leader-vape","7":"product_brand-disposable-vape","8":"product_cat-100k-puffs-vape","9":"product_cat-bang-leader-vape","10":"product_cat-disposable-vape","11":"product_tag-100k-puffs-vape","12":"product_tag-4-in-1-flavors","13":"product_tag-bang-leader-stoll-100000","14":"product_tag-disposable-vape","15":"product_tag-quad-tank","16":"product_tag-tpd-certified","18":"first","19":"instock","20":"sale","21":"shipping-taxable","22":"purchasable","23":"product-type-variable"},"_links":{"self":[{"href":"https:\/\/pgvape.com\/es\/wp-json\/wp\/v2\/product\/7499","targetHints":{"allow":["GET"]}}],"collection":[{"href":"https:\/\/pgvape.com\/es\/wp-json\/wp\/v2\/product"}],"about":[{"href":"https:\/\/pgvape.com\/es\/wp-json\/wp\/v2\/types\/product"}],"replies":[{"embeddable":true,"href":"https:\/\/pgvape.com\/es\/wp-json\/wp\/v2\/comments?post=7499"}],"wp:featuredmedia":[{"embeddable":true,"href":"https:\/\/pgvape.com\/es\/wp-json\/wp\/v2\/media\/7502"}],"wp:attachment":[{"href":"https:\/\/pgvape.com\/es\/wp-json\/wp\/v2\/media?parent=7499"}],"wp:term":[{"taxonomy":"product_brand","embeddable":true,"href":"https:\/\/pgvape.com\/es\/wp-json\/wp\/v2\/product_brand?post=7499"},{"taxonomy":"product_cat","embeddable":true,"href":"https:\/\/pgvape.com\/es\/wp-json\/wp\/v2\/product_cat?post=7499"},{"taxonomy":"product_tag","embeddable":true,"href":"https:\/\/pgvape.com\/es\/wp-json\/wp\/v2\/product_tag?post=7499"}],"curies":[{"name":"wp","href":"https:\/\/api.w.org\/{rel}","templated":true}]}}