{"id":7257,"date":"2025-12-01T09:41:03","date_gmt":"2025-12-01T09:41:03","guid":{"rendered":"https:\/\/pgvape.com\/?post_type=product&#038;p=7257"},"modified":"2026-03-15T13:32:42","modified_gmt":"2026-03-15T13:32:42","slug":"bang-king-triple-100000-100k-soplos-3-en-1-sabores-desechables-vape-triple-malla-bobinas-vape-directo-de-fabrica","status":"publish","type":"product","link":"https:\/\/pgvape.com\/es\/producto\/bang-king-triple-100000-100k-soplos-3-en-1-sabores-desechables-vape-triple-malla-bobinas-vape-directo-de-fabrica\/","title":{"rendered":"Bang King Triple 100000 100K soplos 3 en 1 sabores Vape desechable Triple Mesh Coils Vape Factory Direct"},"content":{"rendered":"<p>Bang King: el todo en uno\u00a0<strong>vapear<\/strong>\u00a0Est\u00e1 dise\u00f1ado para durar.\u00a0<strong>Bobina de malla<\/strong>\u00a0Es el secreto: hace que cada calada sea s\u00faper suave y llena de sabor. .<\/p>\n<p>&nbsp;<\/p>\n<h2><span style=\"font-size: 90%;\">Bang King Triple 100000 100K Puffs 3 en 1 Especificaciones de Vape desechables<\/span><\/h2>\n<p><strong>Niveles de nicotina<\/strong>: Elija entre las concentraciones de nicotina 0%, 2%, 3% o 5%: se adapta a las necesidades, desde ingestas sin nicotina hasta ingestas alternativas a los cigarrillos.<\/p>\n<p><strong>Conteo de bocanadas<\/strong>: 100.000 inhalaciones: entrega extendida\u00a0<strong>vapear<\/strong>\u00a0Duraci\u00f3n sin reemplazos frecuentes ni desperdicios.<\/p>\n<p><strong>Sistema de sabor<\/strong>: 3 sabores en 1: cambie f\u00e1cilmente entre tres gustos diferentes cuando desee un cambio.<\/p>\n<p><strong>Bater\u00eda y carga<\/strong>: Bater\u00eda recargable de 650 mAh: dura todo el d\u00eda con una sola carga, con puerto tipo C para un repostaje r\u00e1pido de 30 minutos.<\/p>\n<p><strong>Tecnolog\u00eda de bobina<\/strong>: 1,0 ohmios triple\u00a0<strong>Bobinas de malla<\/strong>\u00a0\u2013 El \u00e1rea de calentamiento ampliada aumenta la producci\u00f3n de vapor y la intensidad del sabor para lograr nubes m\u00e1s suaves y ricas.<\/p>\n<p>&nbsp;<\/p>\n<h3><span style=\"font-size: 90%;\">Bang King Triple 100000 100K Puffs 3 en 1 lista de sabores desechables de Vape<\/span><\/h3>\n<p>1.Helado de sand\u00eda, Red Bull y kiwi de fresa<\/p>\n<p>2.Lim\u00f3n, lima, fresa, sand\u00eda y helado de ar\u00e1ndanos<\/p>\n<p>3.Pl\u00e1tano Fresa, Lima Lim\u00f3n y Sand\u00eda Frambuesa<\/p>\n<p>4.Fresa, Kiwi, Mango Agrio, Pi\u00f1a y Red Bull<\/p>\n<p>5Frutas tropicales y fresas, sand\u00eda y melocot\u00f3n con lim\u00f3n<\/p>\n<p>6.Pi\u00f1a, coco, fresa, pl\u00e1tano y blue razz<\/p>\n<p>7.Fresa, Frambuesa, Mel\u00f3n Triple y Pi\u00f1a con Mango Agrio<\/p>\n<p>8.Frambuesa, Sand\u00eda, Fresa, Kiwi y Mango Melocot\u00f3n<\/p>\n<p>9.Coca cola de fresa, vainilla y ar\u00e1ndano, frambuesa y lima lim\u00f3n<\/p>\n<p>10.Helado de sand\u00eda, fresa y triple mel\u00f3n<img loading=\"lazy\" decoding=\"async\" class=\"alignnone wp-image-7335 size-full\" src=\"https:\/\/pgvape.com\/wp-content\/uploads\/2025\/12\/Bang-King-Triple-100K-Puffs-3-in-1-Disposable-Vape-pgvape-12.png\" alt=\"Fila de diez coloridos dispositivos de vapeo desechables con una ilustraci\u00f3n estilizada de un \u00e1guila debajo de un encabezado en negrita de &quot;10 sabores&quot;, \u00edconos de dispositivos para bobina de malla Type-C, 650 mAh, 18 ml \u00d7 3 y 1.0 \u03a9 arriba, y nombres de sabores etiquetados con peque\u00f1os \u00edconos de frutas que se muestran debajo de cada dispositivo.\" width=\"1800\" height=\"1312\" srcset=\"https:\/\/pgvape.com\/wp-content\/uploads\/2025\/12\/Bang-King-Triple-100K-Puffs-3-in-1-Disposable-Vape-pgvape-12.png 1800w, https:\/\/pgvape.com\/wp-content\/uploads\/2025\/12\/Bang-King-Triple-100K-Puffs-3-in-1-Disposable-Vape-pgvape-12-494x360.png 494w, https:\/\/pgvape.com\/wp-content\/uploads\/2025\/12\/Bang-King-Triple-100K-Puffs-3-in-1-Disposable-Vape-pgvape-12-595x434.png 595w, https:\/\/pgvape.com\/wp-content\/uploads\/2025\/12\/Bang-King-Triple-100K-Puffs-3-in-1-Disposable-Vape-pgvape-12-400x292.png 400w, https:\/\/pgvape.com\/wp-content\/uploads\/2025\/12\/Bang-King-Triple-100K-Puffs-3-in-1-Disposable-Vape-pgvape-12-768x560.png 768w, https:\/\/pgvape.com\/wp-content\/uploads\/2025\/12\/Bang-King-Triple-100K-Puffs-3-in-1-Disposable-Vape-pgvape-12-1536x1120.png 1536w, https:\/\/pgvape.com\/wp-content\/uploads\/2025\/12\/Bang-King-Triple-100K-Puffs-3-in-1-Disposable-Vape-pgvape-12-16x12.png 16w, https:\/\/pgvape.com\/wp-content\/uploads\/2025\/12\/Bang-King-Triple-100K-Puffs-3-in-1-Disposable-Vape-pgvape-12-600x437.png 600w\" sizes=\"auto, (max-width: 1800px) 100vw, 1800px\" \/><\/p>\n<p>&nbsp;<\/p>\n<h3><span style=\"font-size: 90%;\">Video de Vape desechable Bang King Triple 100000 100K Puffs 3 en 1:<\/span><\/h3>\n<p>&nbsp;<\/p>\n<h2 class=\"header-vfC6AV auto-hide-last-sibling-br\"><span style=\"font-size: 90%;\">Preguntas frecuentes sobre Bang King Triple 100000 100K Puffs 3 en 1 Vape desechable<\/span><\/h2>\n<div class=\"auto-hide-last-sibling-br paragraph-pP9ZLC paragraph-element br-paragraph-space\"><strong>\u2753\u00bfQu\u00e9 opciones de nicotina est\u00e1n disponibles para este vaporizador?<\/strong><\/div>\n<div class=\"auto-hide-last-sibling-br paragraph-pP9ZLC paragraph-element br-paragraph-space\"><span style=\"font-size: 14.4px;\"><span style=\"font-size: 14.4px;\">\u2705Elija entre las potencias de nicotina 0%, 2%, 3% o 5%: se adapta a las necesidades sin nicotina, de consumo reducido o de reemplazo de cigarrillos.<\/span><\/span><\/div>\n<div><\/div>\n<div class=\"auto-hide-last-sibling-br paragraph-pP9ZLC paragraph-element br-paragraph-space\"><strong>\u2753 \u00bfCu\u00e1ntas caladas puede dar el vaporizador Bang King 100K?<\/strong><\/div>\n<div class=\"auto-hide-last-sibling-br paragraph-pP9ZLC paragraph-element br-paragraph-space\"><span style=\"font-size: 14.4px;\">\u2705Ofrece hasta 100.000 caladas, proporcionando una larga duraci\u00f3n <\/span><strong style=\"font-size: 14.4px;\">vapear<\/strong><span style=\"font-size: 14.4px;\"><span style=\"font-size: 14.4px;\"> Sin reemplazos constantes de dispositivos.<\/span><\/span><\/div>\n<div><\/div>\n<div class=\"auto-hide-last-sibling-br paragraph-pP9ZLC paragraph-element br-paragraph-space\"><strong>\u2753\u00bfPuedo cambiar de sabor en el mismo dispositivo de vapeo?<\/strong><\/div>\n<div class=\"auto-hide-last-sibling-br paragraph-pP9ZLC paragraph-element br-paragraph-space\"><span style=\"font-size: 14.4px;\"><span style=\"font-size: 14.4px;\">\u2705S\u00ed, es un sistema de sabores 3 en 1: cambie f\u00e1cilmente entre tres sabores diferentes cuando desee un cambio.<\/span><\/span><\/div>\n<div><\/div>\n<div class=\"auto-hide-last-sibling-br paragraph-pP9ZLC paragraph-element br-paragraph-space\"><strong>\u2753\u00bfCu\u00e1l es la duraci\u00f3n de la bater\u00eda y la velocidad de carga del Vape?<\/strong><\/div>\n<div class=\"auto-hide-last-sibling-br paragraph-pP9ZLC paragraph-element br-paragraph-space\"><span style=\"font-size: 14.4px;\"><span style=\"font-size: 14.4px;\">\u2705Equipado con una bater\u00eda recargable de 650 mAh que dura todo el d\u00eda y un puerto tipo C para una carga r\u00e1pida de 30 minutos.<\/span><\/span><\/div>\n<div class=\"auto-hide-last-sibling-br paragraph-pP9ZLC paragraph-element br-paragraph-space\"><\/div>\n<div class=\"auto-hide-last-sibling-br paragraph-pP9ZLC paragraph-element br-paragraph-space\"><strong>\u2753\u00bfC\u00f3mo garantiza el vaporizador un sabor y un vapor suaves?<\/strong><\/div>\n<div class=\"auto-hide-last-sibling-br paragraph-pP9ZLC paragraph-element br-paragraph-space\">\u2705Cuenta con triple de 1,0 ohmios\u00a0<strong>Bobinas de malla<\/strong>\u00a0Con un \u00e1rea de calentamiento ampliada, potenciando el sabor y produciendo nubes suaves y m\u00e1s ricas.<\/div>\n<div class=\"auto-hide-last-sibling-br paragraph-pP9ZLC paragraph-element br-paragraph-space\">\n<p>&nbsp;<\/p>\n<h3 id=\"brxe-najhln\" class=\"brxe-heading\">Preguntas frecuentes (FAQ)<\/h3>\n<div id=\"brxe-rajiac\" class=\"brxe-text\">\n<p><strong>P: \u00bfQu\u00e9 m\u00e9todos de pago aceptan?<\/strong><br \/>\nR: Aceptamos PayPal, Stripe, transferencias bancarias (compatibles con SEPA), las principales tarjetas de cr\u00e9dito (Visa, MasterCard, American Express) y pagos con criptomonedas.<\/p>\n<p><strong>P: \u00bfCu\u00e1nto tiempo lleva la preparaci\u00f3n del pedido?<\/strong><br \/>\nR: La preparaci\u00f3n del pedido demora entre 1 y 3 d\u00edas h\u00e1biles.<\/p>\n<p><strong>P: \u00bfCu\u00e1l es el tiempo de env\u00edo?<\/strong><br \/>\nR: El tiempo de env\u00edo es de 7 a 14 d\u00edas h\u00e1biles, seg\u00fan su ubicaci\u00f3n.<\/p>\n<p><strong>P: \u00bfC\u00f3mo puedo realizar un seguimiento de mi pedido?<\/strong><br \/>\nR: Despu\u00e9s del env\u00edo, recibir\u00e1 un correo electr\u00f3nico de confirmaci\u00f3n con un n\u00famero de seguimiento para realizar un seguimiento en tiempo real.<\/p>\n<p><strong>P: \u00bfCu\u00e1l es su pol\u00edtica de devoluci\u00f3n?<\/strong><br \/>\nR: Ofrecemos una pol\u00edtica de devoluci\u00f3n de 30 d\u00edas para reembolsos o cambios. .<\/p>\n<p><strong>P: \u00bfHabr\u00e1 alg\u00fan problema aduanero?<br \/>\n<\/strong>Nos encargamos de todos los procedimientos de despacho de aduanas para garantizarle una experiencia sin complicaciones. .<\/p>\n<p><strong>P: \u00bfQu\u00e9 m\u00e9todos de env\u00edo se utilizan?<\/strong><br \/>\nCooperamos con UPS\/DHL\/FEDEX\/DPD, etc. Elegiremos la opci\u00f3n de env\u00edo adecuada seg\u00fan el pa\u00eds de entrega para asegurarnos de que reciba sus productos lo m\u00e1s r\u00e1pido posible.<\/p>\n<p><a href=\"https:\/\/pgvape.com\/es\/preguntas-frecuentes\/\">Haga clic aqu\u00ed para m\u00e1s preguntas frecuentes<\/a><\/p>\n<p>Estimados clientes: Si tienen alguna pregunta sobre su pedido o la llegada de la mercanc\u00eda, comun\u00edquese con nuestro servicio de atenci\u00f3n al cliente. \u00a1Gracias!<\/p>\n<h3 data-sourcepos=\"73:1-73:21\"><strong data-sourcepos=\"73:7-73:21\">Cont\u00e1ctenos<\/strong><\/h3>\n<div id=\"text-2419739398\" class=\"text\">\n<p><strong data-sourcepos=\"75:3-75:12\">Correo electr\u00f3nico<\/strong>:\u00a0<a href=\"mailto:support@pgvape.com\"><strong>support@pgvape.com<\/strong><\/a><\/p>\n<p><strong data-sourcepos=\"76:3-76:15\">WhatsApp<\/strong>:\u00a0<a href=\"https:\/\/wa.me\/+8618128481258\"><strong>+86 18128481258<\/strong><\/a><br \/>\n<strong>(Respuesta dentro de las 24 horas en d\u00edas h\u00e1biles)<\/strong><\/p>\n<\/div>\n<h3><strong>\u00a1Gracias por elegir pgvape.com! .<\/strong><\/h3>\n<\/div>\n<\/div>","protected":false},"excerpt":{"rendered":"<p><strong>Rey Bang 100K<\/strong> \u2014 <strong>100.000 bocanadas<\/strong>, <strong>Sabores 3 en 1<\/strong>, <strong>Bobina de malla triple<\/strong>, <strong>650 Mah tipo C<\/strong>, <strong>0-5% Nicotina<\/strong>. <strong>Un dispositivo, tres gustos, nubes infinitas<\/strong>.<\/p>","protected":false},"featured_media":7324,"comment_status":"open","ping_status":"closed","template":"","meta":{"_seopress_robots_primary_cat":"none","_seopress_titles_title":"%%post_title%% %%sep%% %%sitetitle%%","_seopress_titles_desc":"","_seopress_robots_index":""},"product_brand":[19,516],"product_cat":[170,18,515],"product_tag":[395,24,327,488,90,489],"class_list":{"0":"post-7257","1":"product","2":"type-product","3":"status-publish","4":"has-post-thumbnail","6":"product_brand-bang-king-vape","7":"product_brand-disposable-vape","8":"product_cat-100k-puffs-vape","9":"product_cat-bang-king-vape","10":"product_cat-disposable-vape","11":"product_tag-100k-puffs-vape","12":"product_tag-3-in-1-flavors","13":"product_tag-bang-king-triple","14":"product_tag-bang-king-triple-100000","15":"product_tag-disposable-vape","16":"product_tag-triple-mesh-coils","18":"first","19":"instock","20":"sale","21":"shipping-taxable","22":"purchasable","23":"product-type-variable"},"_links":{"self":[{"href":"https:\/\/pgvape.com\/es\/wp-json\/wp\/v2\/product\/7257","targetHints":{"allow":["GET"]}}],"collection":[{"href":"https:\/\/pgvape.com\/es\/wp-json\/wp\/v2\/product"}],"about":[{"href":"https:\/\/pgvape.com\/es\/wp-json\/wp\/v2\/types\/product"}],"replies":[{"embeddable":true,"href":"https:\/\/pgvape.com\/es\/wp-json\/wp\/v2\/comments?post=7257"}],"wp:featuredmedia":[{"embeddable":true,"href":"https:\/\/pgvape.com\/es\/wp-json\/wp\/v2\/media\/7324"}],"wp:attachment":[{"href":"https:\/\/pgvape.com\/es\/wp-json\/wp\/v2\/media?parent=7257"}],"wp:term":[{"taxonomy":"product_brand","embeddable":true,"href":"https:\/\/pgvape.com\/es\/wp-json\/wp\/v2\/product_brand?post=7257"},{"taxonomy":"product_cat","embeddable":true,"href":"https:\/\/pgvape.com\/es\/wp-json\/wp\/v2\/product_cat?post=7257"},{"taxonomy":"product_tag","embeddable":true,"href":"https:\/\/pgvape.com\/es\/wp-json\/wp\/v2\/product_tag?post=7257"}],"curies":[{"name":"wp","href":"https:\/\/api.w.org\/{rel}","templated":true}]}}