{"id":7211,"date":"2025-11-29T13:06:56","date_gmt":"2025-11-29T13:06:56","guid":{"rendered":"https:\/\/pgvape.com\/?post_type=product&#038;p=7211"},"modified":"2026-03-15T13:32:42","modified_gmt":"2026-03-15T13:32:42","slug":"vapmod-archer-60000-60k-sopla-3-niveles-de-control-de-hielo-vape-desechable-rgb-pantalla-led-vape-directo-de-fabrica","status":"publish","type":"product","link":"https:\/\/pgvape.com\/es\/producto\/vapmod-archer-60000-60k-sopla-3-niveles-de-control-de-hielo-vape-desechable-rgb-pantalla-led-vape-directo-de-fabrica\/","title":{"rendered":"Vapmod Archer 60000 60K sopla f\u00e1brica disponible de Vape de la pantalla LED del RGB de Vape del control del hielo de 3 niveles directo de f\u00e1brica"},"content":{"rendered":"<p>Emb\u00e1rcate en el marat\u00f3n definitivo de vapeo con el <strong data-sourcepos=\"7:49-7:84\">C\u00e1psula desechable Archer 60K Puffs<\/strong>. <strong data-sourcepos=\"7:149-7:166\">40 ml de l\u00edquido electr\u00f3nico<\/strong> Y impulsado por un confiable <strong data-sourcepos=\"7:193-7:211\">Bater\u00eda de 900 mAh.<\/strong>. <strong data-sourcepos=\"7:258-7:278\">Bobina de malla triple<\/strong> Que genera vapor excepcionalmente denso y rico sabor. <strong data-sourcepos=\"7:346-7:369\">Control de HIELO de 3 niveles<\/strong> Sistema y vibrante <strong data-sourcepos=\"7:391-7:410\">Pantalla LED RGB<\/strong>, El Archer ofrece una experiencia impecable y perfectamente calibrada con cada calada. .<\/p>\n<p>&nbsp;<\/p>\n<h2><span style=\"font-size: 90%;\">Vapmod Archer 60000 60K Puffs Vape desechable con control de hielo <strong data-sourcepos=\"10:5-10:31\">Presupuesto<\/strong><\/span><\/h2>\n<p><strong>Conteo de bocanadas<\/strong>: Hasta 60.000 inhalaciones: ofrece lo \u00faltimo\u00a0<strong>vapear<\/strong>\u00a0Marat\u00f3n para un disfrute duradero.<\/p>\n<p><strong>Capacidad de l\u00edquido electr\u00f3nico<\/strong>: 40 ml: precargado con un volumen sustancial para respaldar el rendimiento de 60 000 inhalaciones.<\/p>\n<p><strong>Capacidad de la bater\u00eda<\/strong>: 900 mAh: fuente de energ\u00eda resistente que coincide con la larga duraci\u00f3n del dispositivo\u00a0<strong>vapear<\/strong>\u00a0capacidad.<\/p>\n<p><strong>Tipo de bobina<\/strong>: Triple\u00a0<strong>Bobina de malla<\/strong>\u00a0\u2013 Crea un vapor espeso y un sabor extraordinariamente rico para bocanadas premium.<\/p>\n<p><strong>Control de enfriamiento<\/strong>: Control ICE de 3 niveles: ajusta con precisi\u00f3n la intensidad del enfriamiento para lograr la experiencia \u00f3ptima.<\/p>\n<p><strong>Funci\u00f3n de visualizaci\u00f3n<\/strong>: Pantalla LED RGB: pantalla colorida que lo mantiene informado sobre lo esencial\u00a0<strong>vapear<\/strong>\u00a0Informaci\u00f3n.<\/p>\n<p>&nbsp;<\/p>\n<h3><span style=\"font-size: 90%;\">Vapmod Archer 60000 60K Puffs Vape desechable con control de hielo <strong data-sourcepos=\"22:5-22:20\">Lista de sabores<\/strong><\/span><\/h3>\n<p><strong data-sourcepos=\"22:5-22:20\">1.Hielo de uva negra<\/strong><\/p>\n<p><strong data-sourcepos=\"22:5-22:20\">2.Hielo de ar\u00e1ndanos<\/strong><\/p>\n<p><strong data-sourcepos=\"22:5-22:20\">3. Frambuesa de ar\u00e1ndano<\/strong><\/p>\n<p><strong data-sourcepos=\"22:5-22:20\">4.Hielo de bayas de uva<\/strong><\/p>\n<p><strong data-sourcepos=\"22:5-22:20\">5. Hielo de melocot\u00f3n jugoso<\/strong><\/p>\n<p><strong data-sourcepos=\"22:5-22:20\">6. Mango Melocot\u00f3n Sand\u00eda<\/strong><\/p>\n<p><strong data-sourcepos=\"22:5-22:20\">7.Hielo de sand\u00eda\u00a0\u00a0<\/strong><\/p>\n<p>&nbsp;<\/p>\n<h3><span style=\"font-size: 90%;\">Vapmod Archer 60000 60K Puffs Vape desechable con control de hielo <strong>Video<\/strong>:<\/span><\/h3>\n<p>&nbsp;<\/p>\n<h2><span style=\"font-size: 90%;\">Preguntas frecuentes sobre el vaporizador desechable Vapmod Archer 60000 60K Puffs Ice Control<\/span><\/h2>\n<p><strong>\u2753\u00bfCu\u00e1ntas inhalaciones puede realizar la c\u00e1psula desechable Archer 60K?<\/strong><br \/>\n\u2705Ofrece hasta 60,000 inhalaciones, lo que brinda una experiencia de marat\u00f3n de vapeo definitiva.<\/p>\n<p><strong>\u2753\u00bfCu\u00e1l es la capacidad de l\u00edquido electr\u00f3nico de este dispositivo para vapear?<\/strong><br \/>\n\u2705Viene precargado con 40 ml de l\u00edquido electr\u00f3nico, lo que respalda su rendimiento duradero de 60 000 inhalaciones.<\/p>\n<p><strong>\u2753\u00bfQu\u00e9 tipo de bobina utiliza el Archer 60K para darle sabor?<\/strong><br \/>\n\u2705Cuenta con una bobina de triple malla, que crea un vapor espeso y un sabor extraordinariamente rico.<\/p>\n<p><strong>\u2753\u00bfPuedo ajustar la intensidad de enfriamiento del vaporizador?<\/strong><br \/>\n\u2705S\u00ed, tiene control ICE de 3 niveles para ajustar con precisi\u00f3n el enfriamiento y lograr la experiencia \u00f3ptima.<\/p>\n<p><strong>\u2753\u00bfQu\u00e9 fuente de alimentaci\u00f3n tiene el dispositivo?<\/strong><br \/>\n\u2705Est\u00e1 equipado con una bater\u00eda resistente de 900 mAh, que coincide con la capacidad de vapeo de larga duraci\u00f3n.<\/p>\n<div>\n<div class=\"auto-hide-last-sibling-br paragraph-pP9ZLC paragraph-element br-paragraph-space\"><strong>\u2753\u00bfEl dispositivo tiene una pantalla para\u00a0informaci\u00f3n sobre vapeo?<\/strong><br \/>\n\u2705S\u00ed, tiene una pantalla LED RGB colorida que lo mantiene informado sobre los detalles de uso esenciales.<\/div>\n<div class=\"auto-hide-last-sibling-br paragraph-pP9ZLC paragraph-element br-paragraph-space\">\n<p>&nbsp;<\/p>\n<h3 id=\"brxe-najhln\" class=\"brxe-heading\">Preguntas frecuentes (FAQ)<\/h3>\n<div id=\"brxe-rajiac\" class=\"brxe-text\">\n<p><strong>P: \u00bfQu\u00e9 m\u00e9todos de pago aceptan?<\/strong><br \/>\nR: Aceptamos PayPal, Stripe, transferencias bancarias (compatibles con SEPA), las principales tarjetas de cr\u00e9dito (Visa, MasterCard, American Express) y pagos con criptomonedas.<\/p>\n<p><strong>P: \u00bfCu\u00e1nto tiempo lleva la preparaci\u00f3n del pedido?<\/strong><br \/>\nR: La preparaci\u00f3n del pedido demora entre 1 y 3 d\u00edas h\u00e1biles.<\/p>\n<p><strong>P: \u00bfCu\u00e1l es el tiempo de env\u00edo?<\/strong><br \/>\nR: El tiempo de env\u00edo es de 7 a 14 d\u00edas h\u00e1biles, seg\u00fan su ubicaci\u00f3n.<\/p>\n<p><strong>P: \u00bfC\u00f3mo puedo realizar un seguimiento de mi pedido?<\/strong><br \/>\nR: Despu\u00e9s del env\u00edo, recibir\u00e1 un correo electr\u00f3nico de confirmaci\u00f3n con un n\u00famero de seguimiento para realizar un seguimiento en tiempo real.<\/p>\n<p><strong>P: \u00bfCu\u00e1l es su pol\u00edtica de devoluci\u00f3n?<\/strong><br \/>\nR: Ofrecemos una pol\u00edtica de devoluci\u00f3n de 30 d\u00edas para reembolsos o cambios. .<\/p>\n<p><strong>P: \u00bfHabr\u00e1 alg\u00fan problema aduanero?<br \/>\n<\/strong>Nos encargamos de todos los procedimientos de despacho de aduanas para garantizarle una experiencia sin complicaciones. .<\/p>\n<p><strong>P: \u00bfQu\u00e9 m\u00e9todos de env\u00edo se utilizan?<\/strong><br \/>\nCooperamos con UPS\/DHL\/FEDEX\/DPD, etc. Elegiremos la opci\u00f3n de env\u00edo adecuada seg\u00fan el pa\u00eds de entrega para asegurarnos de que reciba sus productos lo m\u00e1s r\u00e1pido posible.<\/p>\n<p><a href=\"https:\/\/pgvape.com\/es\/preguntas-frecuentes\/\">Haga clic aqu\u00ed para m\u00e1s preguntas frecuentes<\/a><\/p>\n<p>Estimados clientes: Si tienen alguna pregunta sobre su pedido o la llegada de la mercanc\u00eda, comun\u00edquese con nuestro servicio de atenci\u00f3n al cliente. \u00a1Gracias!<\/p>\n<h3 data-sourcepos=\"73:1-73:21\"><strong data-sourcepos=\"73:7-73:21\">Cont\u00e1ctenos<\/strong><\/h3>\n<div id=\"text-2419739398\" class=\"text\">\n<p><strong data-sourcepos=\"75:3-75:12\">Correo electr\u00f3nico<\/strong>:\u00a0<a href=\"mailto:support@pgvape.com\"><strong>support@pgvape.com<\/strong><\/a><\/p>\n<p><strong data-sourcepos=\"76:3-76:15\">WhatsApp<\/strong>:\u00a0<a href=\"https:\/\/wa.me\/+8618128481258\"><strong>+86 18128481258<\/strong><\/a><br \/>\n<strong>(Respuesta dentro de las 24 horas en d\u00edas h\u00e1biles)<\/strong><\/p>\n<\/div>\n<h3><strong>\u00a1Gracias por elegir pgvape.com! .<\/strong><\/h3>\n<\/div>\n<\/div>\n<\/div>","protected":false},"excerpt":{"rendered":"<p><span style=\"font-size: 90%;\">modmod <\/span>La c\u00e1psula desechable Archer 60K Puffs es duradera\u00a0<strong>vapear<\/strong>\u00a0Con 60.000 inhalaciones, 40 ml\u00a0<strong>E-l\u00edquido<\/strong>, triple\u00a0<strong>Bobina de malla<\/strong>, control ICE de 3 niveles y pantalla RGB: lo \u00faltimo\u00a0<strong>vapear<\/strong>\u00a0resistencia y rico sabor.<\/p>","protected":false},"featured_media":7221,"comment_status":"open","ping_status":"closed","template":"","meta":{"_seopress_robots_primary_cat":"none","_seopress_titles_title":"","_seopress_titles_desc":"","_seopress_robots_index":""},"product_brand":[516,483],"product_cat":[48,515,482],"product_tag":[485,315,90,486,487,484],"class_list":{"0":"post-7211","1":"product","2":"type-product","3":"status-publish","4":"has-post-thumbnail","6":"product_brand-disposable-vape","7":"product_brand-vapmod-vape","8":"product_cat-60k-puffs-vape","9":"product_cat-disposable-vape","10":"product_cat-vapmod-vape","11":"product_tag-3-level-ice-control","12":"product_tag-60k-puffs-vape","13":"product_tag-disposable-vape","14":"product_tag-rgb-led-display","15":"product_tag-triple-mesh-coil","16":"product_tag-vapmod-archer-60000","18":"first","19":"instock","20":"sale","21":"shipping-taxable","22":"purchasable","23":"product-type-variable"},"_links":{"self":[{"href":"https:\/\/pgvape.com\/es\/wp-json\/wp\/v2\/product\/7211","targetHints":{"allow":["GET"]}}],"collection":[{"href":"https:\/\/pgvape.com\/es\/wp-json\/wp\/v2\/product"}],"about":[{"href":"https:\/\/pgvape.com\/es\/wp-json\/wp\/v2\/types\/product"}],"replies":[{"embeddable":true,"href":"https:\/\/pgvape.com\/es\/wp-json\/wp\/v2\/comments?post=7211"}],"wp:featuredmedia":[{"embeddable":true,"href":"https:\/\/pgvape.com\/es\/wp-json\/wp\/v2\/media\/7221"}],"wp:attachment":[{"href":"https:\/\/pgvape.com\/es\/wp-json\/wp\/v2\/media?parent=7211"}],"wp:term":[{"taxonomy":"product_brand","embeddable":true,"href":"https:\/\/pgvape.com\/es\/wp-json\/wp\/v2\/product_brand?post=7211"},{"taxonomy":"product_cat","embeddable":true,"href":"https:\/\/pgvape.com\/es\/wp-json\/wp\/v2\/product_cat?post=7211"},{"taxonomy":"product_tag","embeddable":true,"href":"https:\/\/pgvape.com\/es\/wp-json\/wp\/v2\/product_tag?post=7211"}],"curies":[{"name":"wp","href":"https:\/\/api.w.org\/{rel}","templated":true}]}}