{"id":7181,"date":"2025-11-29T11:09:31","date_gmt":"2025-11-29T11:09:31","guid":{"rendered":"https:\/\/pgvape.com\/?post_type=product&#038;p=7181"},"modified":"2026-03-29T08:44:30","modified_gmt":"2026-03-29T08:44:30","slug":"vaprivee-50000-50k-sopla-directo-de-fabrica-disponible-del-vape-del-diseno-del-estilo-del-bolso-del-diamante-del-vape-del-modo-dual","status":"publish","type":"product","link":"https:\/\/pgvape.com\/es\/producto\/vaprivee-50000-50k-sopla-directo-de-fabrica-disponible-del-vape-del-diseno-del-estilo-del-bolso-del-diamante-del-vape-del-modo-dual\/","title":{"rendered":"Vaprivee 50000 50K sopla el dise\u00f1o disponible dual de Vape del estilo del bolso del diamante de Vape directo de f\u00e1brica"},"content":{"rendered":"<p>Dispositivo Vaprivee 50000 Puffs, un dispositivo de larga duraci\u00f3n\u00a0<strong>vapear<\/strong>\u00a0Dise\u00f1ado para usuarios que desean un rendimiento estable, un sabor rico y una apariencia \u00fanica.\u00a0<strong>vaporizadores<\/strong>.\u00a0<strong>Bobinas de malla<\/strong>, flujo de aire ajustable y un acabado adhesivo de diamantes hecho a mano, el dispositivo re\u00fane estilo y funci\u00f3n en un cuerpo compacto.\u00a0<strong>vapear<\/strong>\u00a0Experimenta todo el d\u00eda.<\/p>\n<p>&nbsp;<\/p>\n<h2><span style=\"font-size: 90%;\">Vaprivee 50000 50K Puffs Especificaci\u00f3n de Vape desechable de modo dual<\/span><\/h2>\n<p><strong>Modos de capacidad de bocanada<\/strong>: Elija entre los modos 50K (suave) y 30K (impulso) para uso prolongado, ideal para todo el d\u00eda o mientras viaja\u00a0<strong>vapear<\/strong>.<\/p>\n<p><strong>Artesan\u00eda y dise\u00f1o<\/strong>: Acabado artesanal con diamantes: presenta una forma inspirada en un bolso con una carcasa adhesiva de diamantes hecha a mano para una apariencia llamativa y de primera calidad y un agarre c\u00f3modo.<\/p>\n<p><strong>Sabor y capacidad de l\u00edquido electr\u00f3nico<\/strong>: Potente rendimiento de sabor: doble\u00a0<strong>Bobinas de malla<\/strong>\u00a0Garantice un vapor constante y un sabor fresco desde la primera hasta la \u00faltima bocanada, respaldado por una gran cantidad de 20 ml.\u00a0<strong>E-l\u00edquido<\/strong>\u00a0Capacidad.<\/p>\n<p><strong>Sistema de flujo de aire<\/strong>: Sistema de flujo de aire ajustable: personalice su extracci\u00f3n desde cerrada hasta abierta para obtener un vapor m\u00e1s suave o nubes m\u00e1s intensas.<\/p>\n<p><strong>Bater\u00eda y carga<\/strong>: Bater\u00eda y carga confiables: una bater\u00eda de 900 mAh proporciona largas horas de uso, con una conveniente carga r\u00e1pida tipo C.<\/p>\n<p><strong>Funci\u00f3n de visualizaci\u00f3n<\/strong>: Mega pantalla LED: muestra claramente el nivel de la bater\u00eda, el modo Puff y otra informaci\u00f3n esencial para un funcionamiento sencillo.<\/p>\n<p><strong>Opciones de nicotina<\/strong>: 0% \/ 2% \/ 3% \/ 5% Nicotina: se adapta tanto a usuarios ligeros como a usuarios intensivos con puntos fuertes personalizables.<\/p>\n<p>&nbsp;<\/p>\n<h3><span style=\"font-size: 90%;\">Vaprivee 50000 50K Puffs Lista de sabores de Vape desechables de modo dual<\/span><\/h3>\n<p>1.Soplo pop<\/p>\n<p>2.Azul Razz Lim\u00f3n<\/p>\n<p>3.manzana cereza<\/p>\n<p>4.Ositos de goma de cola<\/p>\n<p>5. Mango doble<\/p>\n<p>6.Hielo de uva<\/p>\n<p>7.Mangost\u00e1n Rambut\u00e1n Longan<\/p>\n<p>8.Dulces de menta de Miami<\/p>\n<p>9.Fresa Frambuesa Lim\u00f3n<\/p>\n<p>10.Sand\u00eda Pi\u00f1a Frambuesa<\/p>\n<p>11.Sand\u00eda<\/p>\n<p>12.Frambuesa Melocot\u00f3n Blanco<\/p>\n<p>&nbsp;<\/p>\n<h3><span style=\"font-size: 90%;\">V\u00eddeo del vaporizador desechable de modo dual Vaprivee 50000 50K Puffs:<\/span><\/h3>\n<p><iframe loading=\"lazy\" title=\"Vaprivee 50K sopla pgvape directo de f\u00e1brica disponible de modo dual de Vape del dise\u00f1o del estilo del bolso del diamante de Vape\" width=\"563\" height=\"1000\" src=\"https:\/\/www.youtube.com\/embed\/QGCQr7F2wOE?feature=oembed\" frameborder=\"0\" allow=\"accelerometer; autoplay; clipboard-write; encrypted-media; gyroscope; picture-in-picture; web-share\" referrerpolicy=\"strict-origin-when-cross-origin\" allowfullscreen><\/iframe><\/p>\n<p>&nbsp;<\/p>\n<h2 class=\"header-vfC6AV auto-hide-last-sibling-br\"><span style=\"font-size: 90%;\">Preguntas frecuentes sobre Vaprivee 50000 50K Puffs Vape desechable de modo dual<\/span><\/h2>\n<p data-sourcepos=\"37:1-39:109\">\u2753 <strong data-sourcepos=\"38:3-38:36\">\u00bfCu\u00e1l es el recuento total de bocanadas?<\/strong><br \/>\n\u2705 El dispositivo proporciona <strong data-sourcepos=\"39:30-39:46\">50.000 bocanadas<\/strong> En modo normal o <strong data-sourcepos=\"39:65-39:81\">30.000 bocanadas<\/strong> Cuando se utiliza la configuraci\u00f3n Boost.<\/p>\n<p data-sourcepos=\"41:1-42:68\">\u2753 <strong data-sourcepos=\"41:3-41:39\">\u00bfTiene flujo de aire ajustable?<\/strong><br \/>\n\u2705 S\u00ed, el <strong data-sourcepos=\"42:12-42:28\">Dial de flujo de aire<\/strong> Le permite personalizar su estilo de dibujo.<\/p>\n<p data-sourcepos=\"44:1-45:69\">\u2753 <strong data-sourcepos=\"44:3-44:34\">\u00bfSe puede reemplazar la bater\u00eda?<\/strong><br \/>\n\u2705 No, Pero Tiene Un Gran Armario Incorporado <strong data-sourcepos=\"45:35-45:66\">Bater\u00eda recargable de 900 mAh.<\/strong>.<\/p>\n<p data-sourcepos=\"47:1-48:78\">\u2753 <strong data-sourcepos=\"47:3-47:44\">\u00bfQu\u00e9 potencias de nicotina se ofrecen?<br \/>\n<\/strong> \u2705 Puedes seleccionar entre <strong data-sourcepos=\"48:23-48:44\">0%, 2%, 3% o 5%<\/strong> Para combinar diferentes preferencias.<\/p>\n<p data-sourcepos=\"50:1-51:78\">\u2753 <strong data-sourcepos=\"50:3-50:48\">\u00bfC\u00f3mo puedo saber cu\u00e1ndo se est\u00e1 acabando el l\u00edquido del E-l\u00edquido?<\/strong><br \/>\n\u2705 La ventana lateral transparente le permite comprobar visualmente el nivel del l\u00edquido en cualquier momento.<\/p>\n<p>&nbsp;<\/p>\n<h3 id=\"brxe-najhln\" class=\"brxe-heading\">Preguntas frecuentes (FAQ)<\/h3>\n<div id=\"brxe-rajiac\" class=\"brxe-text\">\n<p><strong>P: \u00bfQu\u00e9 m\u00e9todos de pago aceptan?<\/strong><br \/>\nR: Aceptamos PayPal, Stripe, transferencias bancarias (compatibles con SEPA), las principales tarjetas de cr\u00e9dito (Visa, MasterCard, American Express) y pagos con criptomonedas.<\/p>\n<p><strong>P: \u00bfCu\u00e1nto tiempo lleva la preparaci\u00f3n del pedido?<\/strong><br \/>\nR: La preparaci\u00f3n del pedido demora entre 1 y 3 d\u00edas h\u00e1biles.<\/p>\n<p><strong>P: \u00bfCu\u00e1l es el tiempo de env\u00edo?<\/strong><br \/>\nR: El tiempo de env\u00edo es de 7 a 14 d\u00edas h\u00e1biles, seg\u00fan su ubicaci\u00f3n.<\/p>\n<p><strong>P: \u00bfC\u00f3mo puedo realizar un seguimiento de mi pedido?<\/strong><br \/>\nR: Despu\u00e9s del env\u00edo, recibir\u00e1 un correo electr\u00f3nico de confirmaci\u00f3n con un n\u00famero de seguimiento para realizar un seguimiento en tiempo real.<\/p>\n<p><strong>P: \u00bfCu\u00e1l es su pol\u00edtica de devoluci\u00f3n?<\/strong><br \/>\nR: Ofrecemos una pol\u00edtica de devoluci\u00f3n de 30 d\u00edas para reembolsos o cambios. .<\/p>\n<p><strong>P: \u00bfHabr\u00e1 alg\u00fan problema aduanero?<br \/>\n<\/strong>Nos encargamos de todos los procedimientos de despacho de aduanas para garantizarle una experiencia sin complicaciones. .<\/p>\n<p><strong>P: \u00bfQu\u00e9 m\u00e9todos de env\u00edo se utilizan?<\/strong><br \/>\nCooperamos con UPS\/DHL\/FEDEX\/DPD, etc. Elegiremos la opci\u00f3n de env\u00edo adecuada seg\u00fan el pa\u00eds de entrega para asegurarnos de que reciba sus productos lo m\u00e1s r\u00e1pido posible.<\/p>\n<p><a href=\"https:\/\/pgvape.com\/es\/preguntas-frecuentes\/\">Haga clic aqu\u00ed para m\u00e1s preguntas frecuentes<\/a><\/p>\n<p>Estimados clientes: Si tienen alguna pregunta sobre su pedido o la llegada de la mercanc\u00eda, comun\u00edquese con nuestro servicio de atenci\u00f3n al cliente. \u00a1Gracias!<\/p>\n<h3 data-sourcepos=\"73:1-73:21\"><strong data-sourcepos=\"73:7-73:21\">Cont\u00e1ctenos<\/strong><\/h3>\n<div id=\"text-2419739398\" class=\"text\">\n<p><strong data-sourcepos=\"75:3-75:12\">Correo electr\u00f3nico<\/strong>:\u00a0<a href=\"mailto:support@pgvape.com\"><strong>support@pgvape.com<\/strong><\/a><\/p>\n<p><strong data-sourcepos=\"76:3-76:15\">WhatsApp<\/strong>:\u00a0<a href=\"https:\/\/wa.me\/+8618128481258\"><strong>+86 18128481258<\/strong><\/a><br \/>\n<strong>(Respuesta dentro de las 24 horas en d\u00edas h\u00e1biles)<\/strong><\/p>\n<\/div>\n<h3><strong>\u00a1Gracias por elegir pgvape.com! .<\/strong><\/h3>\n<\/div>","protected":false},"excerpt":{"rendered":"<p>Vaprivee 50000 Puffs es un elegante bolso dise\u00f1ado\u00a0<strong>vapear<\/strong>\u00a0Con doble\u00a0<strong>Bobinas de malla<\/strong>, 20ml\u00a0<strong>E-l\u00edquido<\/strong>, modos de inhalaci\u00f3n de 50K\/30K, flujo de aire ajustable y opciones de nicotina 0%-5%: brindamos una experiencia duradera y moderna\u00a0<strong>vapear<\/strong>\u00a0Disfrute.<\/p>","protected":false},"featured_media":7193,"comment_status":"open","ping_status":"closed","template":"","meta":{"_seopress_robots_primary_cat":"none","_seopress_titles_title":"","_seopress_titles_desc":"","_seopress_robots_index":""},"product_brand":[516,478],"product_cat":[61,515,477],"product_tag":[318,480,90,415,475,479],"class_list":{"0":"post-7181","1":"product","2":"type-product","3":"status-publish","4":"has-post-thumbnail","6":"product_brand-disposable-vape","7":"product_brand-vaprivee-vape","8":"product_cat-50k-puffs-vape","9":"product_cat-disposable-vape","10":"product_cat-vaprivee-vape","11":"product_tag-50k-puffs-vape","12":"product_tag-diamond-handbag-style-design","13":"product_tag-disposable-vape","14":"product_tag-dual-mode","15":"product_tag-mtlmouth-to-lung","16":"product_tag-vaprivee-50000","18":"first","19":"instock","20":"sale","21":"shipping-taxable","22":"purchasable","23":"product-type-variable"},"_links":{"self":[{"href":"https:\/\/pgvape.com\/es\/wp-json\/wp\/v2\/product\/7181","targetHints":{"allow":["GET"]}}],"collection":[{"href":"https:\/\/pgvape.com\/es\/wp-json\/wp\/v2\/product"}],"about":[{"href":"https:\/\/pgvape.com\/es\/wp-json\/wp\/v2\/types\/product"}],"replies":[{"embeddable":true,"href":"https:\/\/pgvape.com\/es\/wp-json\/wp\/v2\/comments?post=7181"}],"wp:featuredmedia":[{"embeddable":true,"href":"https:\/\/pgvape.com\/es\/wp-json\/wp\/v2\/media\/7193"}],"wp:attachment":[{"href":"https:\/\/pgvape.com\/es\/wp-json\/wp\/v2\/media?parent=7181"}],"wp:term":[{"taxonomy":"product_brand","embeddable":true,"href":"https:\/\/pgvape.com\/es\/wp-json\/wp\/v2\/product_brand?post=7181"},{"taxonomy":"product_cat","embeddable":true,"href":"https:\/\/pgvape.com\/es\/wp-json\/wp\/v2\/product_cat?post=7181"},{"taxonomy":"product_tag","embeddable":true,"href":"https:\/\/pgvape.com\/es\/wp-json\/wp\/v2\/product_tag?post=7181"}],"curies":[{"name":"wp","href":"https:\/\/api.w.org\/{rel}","templated":true}]}}