{"id":708,"date":"2025-09-25T14:15:23","date_gmt":"2025-09-25T14:15:23","guid":{"rendered":"https:\/\/pgvape.com\/?post_type=product&#038;p=708"},"modified":"2025-12-15T13:32:00","modified_gmt":"2025-12-15T13:32:00","slug":"bang-leader-50000-50k-sopla-vape-desechable-2-de-sabores-duales-en-1-venta-al-por-mayor-de-fabrica-de-vape-de-sabores","status":"publish","type":"product","link":"https:\/\/pgvape.com\/es\/producto\/bang-leader-50000-50k-sopla-vape-desechable-2-de-sabores-duales-en-1-venta-al-por-mayor-de-fabrica-de-vape-de-sabores\/","title":{"rendered":"Bang Leader 50000 50K sopla al por mayor disponible de la f\u00e1brica de los sabores-Vape de Vape 2 de los sabores duales"},"content":{"rendered":"<p><strong data-sourcepos=\"6:5-6:59\">Bang Leader 50K Puffs Vape desechable de sabores duales<\/strong> redefine el vapeo prolongado con <strong data-sourcepos=\"6:91-6:107\">50.000 bocanadas<\/strong> de una masiva <strong data-sourcepos=\"6:123-6:149\">Capacidad de e-l\u00edquido de 36 ml.<\/strong>, impulsado por un <strong data-sourcepos=\"6:164-6:195\">Bater\u00eda recargable de 650 mAh.<\/strong><span class=\"CustomP_animated_char__m3r9w\">.<\/span><span class=\"CustomP_animated_char__m3r9w\">\u00a0<\/span><span class=\"CustomP_animated_char__m3r9w\">Presentando<\/span><span class=\"CustomP_animated_char__m3r9w\">\u00a0<\/span><strong data-sourcepos=\"6:207-6:226\">bobinas de malla dual<\/strong> y <strong data-sourcepos=\"6:231-6:253\">potencia ajustable<\/strong>, ofrece un vapor rico y suave. <strong data-sourcepos=\"6:291-6:315\">Carga r\u00e1pida tipo C<\/strong><span class=\"CustomP_animated_char__m3r9w\">\u00a0<\/span><span class=\"CustomP_animated_char__m3r9w\">y<\/span><span class=\"CustomP_animated_char__m3r9w\">\u00a0<\/span><strong data-sourcepos=\"6:320-6:337\">pantalla inteligente<\/strong><span class=\"CustomP_animated_char__m3r9w\">\u00a0<\/span><span class=\"CustomP_animated_char__m3r9w\">(<\/span><span class=\"CustomP_animated_char__m3r9w\">demostraci\u00f3n<\/span><span class=\"CustomP_animated_char__m3r9w\">\u00a0<\/span><span class=\"CustomP_animated_char__m3r9w\">bater\u00eda<\/span><span class=\"CustomP_animated_char__m3r9w\">\/<\/span><span class=\"CustomP_animated_char__m3r9w\">mi<\/span><span class=\"CustomP_animated_char__m3r9w\">\u2013<\/span><span class=\"CustomP_animated_char__m3r9w\">l\u00edquido<\/span><span class=\"CustomP_animated_char__m3r9w\">\u00a0<\/span><span class=\"CustomP_animated_char__m3r9w\">niveles<\/span><span class=\"CustomP_animated_char__m3r9w\">)<\/span><span class=\"CustomP_animated_char__m3r9w\">\u00a0<\/span><span class=\"CustomP_animated_char__m3r9w\">asegurar<\/span><span class=\"CustomP_animated_char__m3r9w\">\u00a0<\/span><span class=\"CustomP_animated_char__m3r9w\">conveniencia<\/span><span class=\"CustomP_animated_char__m3r9w\">,<\/span><span class=\"CustomP_animated_char__m3r9w\">\u00a0<\/span><span class=\"CustomP_animated_char__m3r9w\">mientras<\/span><span class=\"CustomP_animated_char__m3r9w\">\u00a0<\/span><strong data-sourcepos=\"6:398-6:429\">12 combinaciones de doble sabor<\/strong><span class=\"CustomP_animated_char__m3r9w\">\u00a0<\/span><span class=\"CustomP_animated_char__m3r9w\">oferta<\/span><span class=\"CustomP_animated_char__m3r9w\">\u00a0<\/span><span class=\"CustomP_animated_char__m3r9w\">sin par<\/span><span class=\"CustomP_animated_char__m3r9w\">\u00a0<\/span><span class=\"CustomP_animated_char__m3r9w\">variedad<\/span><span class=\"CustomP_animated_char__m3r9w\">\u2013<\/span><span class=\"CustomP_animated_char__m3r9w\">sabor<\/span><span class=\"CustomP_animated_char__m3r9w\">\u00a0<\/span><span class=\"CustomP_animated_char__m3r9w\">combinaciones<\/span><span class=\"CustomP_animated_char__m3r9w\">*<\/span><span class=\"CustomP_animated_char__m3r9w\">*<\/span><span class=\"CustomP_animated_char__m3r9w\">\u00a0<\/span><span class=\"CustomP_animated_char__m3r9w\">oferta<\/span><span class=\"CustomP_animated_char__m3r9w\">\u00a0<\/span><span class=\"CustomP_animated_char__m3r9w\">sin par<\/span><span class=\"CustomP_animated_char__m3r9w\">\u00a0<\/span><span class=\"CustomP_animated_char__m3r9w\">variedad<\/span><span class=\"CustomP_animated_char__m3r9w\">.<\/span><span class=\"CustomP_animated_char__m3r9w\">\u00a0<\/span><span class=\"CustomP_animated_char__m3r9w\">Empaquetado<\/span><span class=\"CustomP_animated_char__m3r9w\">\u00a0<\/span><strong data-sourcepos=\"6:510-6:531\">10 piezas por caja<\/strong><span class=\"CustomP_animated_char__m3r9w\">,<\/span><span class=\"CustomP_animated_char__m3r9w\">\u00a0<\/span><span class=\"CustomP_animated_char__m3r9w\">\u00e9l<\/span><span class=\"CustomP_animated_char__m3r9w\">\u2018<\/span><span class=\"CustomP_animated_char__m3r9w\">s<\/span><span class=\"CustomP_animated_char__m3r9w\">\u00a0<\/span><span class=\"CustomP_animated_char__m3r9w\">perfecto<\/span><span class=\"CustomP_animated_char__m3r9w\">\u00a0<\/span><span class=\"CustomP_animated_char__m3r9w\">para<\/span><span class=\"CustomP_animated_char__m3r9w\">\u00a0<\/span><span class=\"CustomP_animated_char__m3r9w\">minoristas<\/span><span class=\"CustomP_animated_char__m3r9w\">\u00a0<\/span><span class=\"CustomP_animated_char__m3r9w\">y<\/span><span class=\"CustomP_animated_char__m3r9w\">\u00a0<\/span><span class=\"CustomP_animated_char__m3r9w\">sabor<\/span><span class=\"CustomP_animated_char__m3r9w\">*<\/span><span class=\"CustomP_animated_char__m3r9w\">*<\/span><span class=\"CustomP_animated_char__m3r9w\">,<\/span><span class=\"CustomP_animated_char__m3r9w\">\u00a0<\/span><span class=\"CustomP_animated_char__m3r9w\">\u00e9l<\/span><span class=\"CustomP_animated_char__m3r9w\">\u2018<\/span><span class=\"CustomP_animated_char__m3r9w\">s<\/span><span class=\"CustomP_animated_char__m3r9w\">\u00a0<\/span><span class=\"CustomP_animated_char__m3r9w\">perfecto<\/span><span class=\"CustomP_animated_char__m3r9w\">\u00a0<\/span><span class=\"CustomP_animated_char__m3r9w\">para<\/span><span class=\"CustomP_animated_char__m3r9w\">\u00a0<\/span><span class=\"CustomP_animated_char__m3r9w\">minoristas<\/span><span class=\"CustomP_animated_char__m3r9w\">\u00a0<\/span><span class=\"CustomP_animated_char__m3r9w\">y<\/span><span class=\"CustomP_animated_char__m3r9w\">\u00a0<\/span><span class=\"CustomP_animated_char__m3r9w\">sabor<\/span><span class=\"CustomP_animated_char__m3r9w\">\u2013<\/span><span class=\"CustomP_animated_char__m3r9w\">buscando<\/span><span class=\"CustomP_animated_char__m3r9w\">\u00a0<\/span><span class=\"CustomP_animated_char__m3r9w\">vapeadores<\/span><span class=\"CustomP_animated_char__m3r9w\">.<\/span><\/p>\n<p>&nbsp;<\/p>\n<h2><span style=\"font-size: 90%;\">Especificaci\u00f3n de producto disponible de Vape de los sabores duales de Bang Leader 50000 | 50K Puffs<\/span><\/h2>\n<p><strong data-sourcepos=\"11:3-11:24\">Opciones de nicotina:<\/strong>\u00a0<strong data-sourcepos=\"11:25-11:46\">0% \/ 2% \/ 3% \/ 5%<\/strong><span class=\"CustomP_animated_char__m3r9w\">\u00a0<\/span><span class=\"CustomP_animated_char__m3r9w\">(<\/span><span class=\"CustomP_animated_char__m3r9w\">De<\/span><span class=\"CustomP_animated_char__m3r9w\">\u00a0<\/span><span class=\"CustomP_animated_char__m3r9w\">cero<\/span><span class=\"CustomP_animated_char__m3r9w\">\u2013<\/span><span class=\"CustomP_animated_char__m3r9w\">nic<\/span><span class=\"CustomP_animated_char__m3r9w\">\u00a0<\/span><span class=\"CustomP_animated_char__m3r9w\">a<\/span><span class=\"CustomP_animated_char__m3r9w\">\u00a0<\/span><span class=\"CustomP_animated_char__m3r9w\">fuerte<\/span><span class=\"CustomP_animated_char__m3r9w\">\u00a0<\/span><span class=\"CustomP_animated_char__m3r9w\">garganta<\/span><span class=\"CustomP_animated_char__m3r9w\">\u00a0<\/span><span class=\"CustomP_animated_char__m3r9w\">golpear<\/span><span class=\"CustomP_animated_char__m3r9w\">)<\/span><\/p>\n<p><strong data-sourcepos=\"12:3-12:18\">Conteo de bocanadas:<\/strong>\u00a0<strong data-sourcepos=\"12:19-12:35\">50.000 bocanadas<\/strong><span class=\"CustomP_animated_char__m3r9w\">\u00a0<\/span><span class=\"CustomP_animated_char__m3r9w\">(<\/span><span class=\"CustomP_animated_char__m3r9w\">definitiva<\/span><span class=\"CustomP_animated_char__m3r9w\">real academia de bellas artes<\/span><span class=\"CustomP_animated_char__m3r9w\">\u2013<\/span><span class=\"CustomP_animated_char__m3r9w\">largo<\/span><span class=\"CustomP_animated_char__m3r9w\">\u00a0<\/span><span class=\"CustomP_animated_char__m3r9w\">esperanza de vida<\/span><span class=\"CustomP_animated_char__m3r9w\">)<\/span><\/p>\n<p><strong data-sourcepos=\"13:3-13:25\">Capacidad de E-l\u00edquido:<\/strong>\u00a0<strong data-sourcepos=\"13:26-13:34\">36ml<\/strong><span class=\"CustomP_animated_char__m3r9w\">\u00a0<\/span><span class=\"CustomP_animated_char__m3r9w\">(<\/span><span class=\"CustomP_animated_char__m3r9w\">Industria<\/span><span class=\"CustomP_animated_char__m3r9w\">\u2013<\/span><span class=\"CustomP_animated_char__m3r9w\">principal<\/span><span class=\"CustomP_animated_char__m3r9w\">\u00a0<\/span><span class=\"CustomP_animated_char__m3r9w\">volumen<\/span><span class=\"CustomP_animated_char__m3r9w\">)<\/span><\/p>\n<p><strong data-sourcepos=\"14:3-14:15\">Bater\u00eda:<\/strong>\u00a0<strong data-sourcepos=\"14:16-14:39\">650mAh recargable<\/strong>\u00a0+\u00a0<strong data-sourcepos=\"14:42-14:66\">Carga r\u00e1pida tipo C<\/strong><\/p>\n<p><strong data-sourcepos=\"15:3-15:12\">Bobina:<\/strong>\u00a0<strong data-sourcepos=\"15:13-15:26\">Malla doble<\/strong><span class=\"CustomP_animated_char__m3r9w\">\u00a0<\/span><span class=\"CustomP_animated_char__m3r9w\">(<\/span><span class=\"CustomP_animated_char__m3r9w\">Mejorado<\/span><span class=\"CustomP_animated_char__m3r9w\">\u00a0<\/span><span class=\"CustomP_animated_char__m3r9w\">sabor<\/span><span class=\"CustomP_animated_char__m3r9w\">\u00a0<\/span><span class=\"CustomP_animated_char__m3r9w\">&amp;<\/span><span class=\"CustomP_animated_char__m3r9w\">\u00a0<\/span><span class=\"CustomP_animated_char__m3r9w\">vapor<\/span><span class=\"CustomP_animated_char__m3r9w\">\u00a0<\/span><span class=\"CustomP_animated_char__m3r9w\">densidad<\/span><span class=\"CustomP_animated_char__m3r9w\">)<\/span><\/p>\n<p><strong data-sourcepos=\"16:3-16:21\">Personalizaci\u00f3n:<\/strong>\u00a0<strong data-sourcepos=\"16:22-16:44\">Potencia ajustable<\/strong><span class=\"CustomP_animated_char__m3r9w\">\u00a0<\/span><span class=\"CustomP_animated_char__m3r9w\">(<\/span><span class=\"CustomP_animated_char__m3r9w\">Cola<\/span><span class=\"CustomP_animated_char__m3r9w\">o<\/span><span class=\"CustomP_animated_char__m3r9w\">\u00a0<\/span><span class=\"CustomP_animated_char__m3r9w\">su<\/span><span class=\"CustomP_animated_char__m3r9w\">\u00a0<\/span><span class=\"CustomP_animated_char__m3r9w\">vapear<\/span><span class=\"CustomP_animated_char__m3r9w\">\u00a0<\/span><span class=\"CustomP_animated_char__m3r9w\">intensidad<\/span><span class=\"CustomP_animated_char__m3r9w\">)<\/span><\/p>\n<p><strong data-sourcepos=\"17:3-17:15\">Mostrar:<\/strong>\u00a0<strong data-sourcepos=\"17:16-17:59\">Monitoreo de bater\u00eda y l\u00edquido electr\u00f3nico en tiempo real<\/strong><\/p>\n<p><strong data-sourcepos=\"18:3-18:21\">Sistema de sabor:<\/strong>\u00a0<strong data-sourcepos=\"18:22-18:53\">12 combinaciones de dos sabores<\/strong><span class=\"CustomP_animated_char__m3r9w\">\u00a0<\/span><span class=\"CustomP_animated_char__m3r9w\">(<\/span><span class=\"CustomP_animated_char__m3r9w\">Mezcla<\/span><span class=\"CustomP_animated_char__m3r9w\">\u00a0<\/span><span class=\"CustomP_animated_char__m3r9w\">&amp;<\/span><span class=\"CustomP_animated_char__m3r9w\">\u00a0<\/span><span class=\"CustomP_animated_char__m3r9w\">f\u00f3sforo<\/span><span class=\"CustomP_animated_char__m3r9w\">\u00a0<\/span><span class=\"CustomP_animated_char__m3r9w\">perfiles<\/span><span class=\"CustomP_animated_char__m3r9w\">)<\/span><\/p>\n<p><strong data-sourcepos=\"19:3-19:17\">Embalaje:<\/strong>\u00a0<strong data-sourcepos=\"19:18-19:32\">10 unidades\/caja<\/strong><span class=\"CustomP_animated_char__m3r9w\">\u00a0<\/span><span class=\"CustomP_animated_char__m3r9w\">(<\/span><span class=\"CustomP_animated_char__m3r9w\">Minorista<\/span><span class=\"CustomP_animated_char__m3r9w\">\u2013<\/span><span class=\"CustomP_animated_char__m3r9w\">listo<\/span><span class=\"CustomP_animated_char__m3r9w\">)<\/span><\/p>\n<p>&nbsp;<\/p>\n<h3><span style=\"font-size: 90%;\">Lista disponible del sabor de Vape de los sabores duales de los soplos del l\u00edder 50000 | 50K de Bang<\/span><\/h3>\n<p>1.Fresa Frambuesa Cereza Helado \/ Cereza<\/p>\n<p>2.Sand\u00eda Fresa \/ Sand\u00eda<\/p>\n<p>3. Uva Negra \/ Uva Verde<\/p>\n<p>4. Manzana, pera \/ kiwi, maracuy\u00e1 y maracuy\u00e1<\/p>\n<p>5.Limonada agria de pi\u00f1a \/ lima lim\u00f3n<\/p>\n<p>6.Hielo de pl\u00e1tano\/mango<\/p>\n<p>7.Ar\u00e1ndano Frambuesa Agria \/ Ar\u00e1ndano<\/p>\n<p>8.Cherry Cola \/ Limonada Rosa<\/p>\n<p>9. Limonada de ar\u00e1ndanos y frambuesa \/ Hielo de fresa, frambuesa y cereza<\/p>\n<p>10.Kiwi Fresa \/ Hielo De Fresa<\/p>\n<p>11.Pi\u00f1a Maracuy\u00e1 \/ Hielo De Pi\u00f1a<\/p>\n<p>12.Mojito de frambuesa \/ cereza, frambuesa y lima<img loading=\"lazy\" decoding=\"async\" class=\"alignnone wp-image-715 size-full\" src=\"https:\/\/pgvape.com\/wp-content\/uploads\/2025\/09\/Bang-Leader-50000-Puffs-12-Flavors-Disposable-E-Cigarette-13400-mAh-Battery-Rechargeable-Vape_\u526f\u672c.png\" alt=\"Gr\u00e1fico publicitario para dispositivos de vapeo desechables Bang Leader que presenta dos dispositivos grandes de color pastel con pantallas digitales y un logotipo de gorila, filas de variantes de color m\u00e1s peque\u00f1as, texto en negrita que dice 50000 PUFFS e \u00edconos que indican doble sabor y potencia ajustable contra un fondo azul futurista.\" width=\"1588\" height=\"914\" srcset=\"https:\/\/pgvape.com\/wp-content\/uploads\/2025\/09\/Bang-Leader-50000-Puffs-12-Flavors-Disposable-E-Cigarette-13400-mAh-Battery-Rechargeable-Vape_\u526f\u672c.png 1588w, https:\/\/pgvape.com\/wp-content\/uploads\/2025\/09\/Bang-Leader-50000-Puffs-12-Flavors-Disposable-E-Cigarette-13400-mAh-Battery-Rechargeable-Vape_\u526f\u672c-555x319.png 555w, https:\/\/pgvape.com\/wp-content\/uploads\/2025\/09\/Bang-Leader-50000-Puffs-12-Flavors-Disposable-E-Cigarette-13400-mAh-Battery-Rechargeable-Vape_\u526f\u672c-595x342.png 595w, https:\/\/pgvape.com\/wp-content\/uploads\/2025\/09\/Bang-Leader-50000-Puffs-12-Flavors-Disposable-E-Cigarette-13400-mAh-Battery-Rechargeable-Vape_\u526f\u672c-400x230.png 400w, https:\/\/pgvape.com\/wp-content\/uploads\/2025\/09\/Bang-Leader-50000-Puffs-12-Flavors-Disposable-E-Cigarette-13400-mAh-Battery-Rechargeable-Vape_\u526f\u672c-768x442.png 768w, https:\/\/pgvape.com\/wp-content\/uploads\/2025\/09\/Bang-Leader-50000-Puffs-12-Flavors-Disposable-E-Cigarette-13400-mAh-Battery-Rechargeable-Vape_\u526f\u672c-1536x884.png 1536w, https:\/\/pgvape.com\/wp-content\/uploads\/2025\/09\/Bang-Leader-50000-Puffs-12-Flavors-Disposable-E-Cigarette-13400-mAh-Battery-Rechargeable-Vape_\u526f\u672c-18x10.png 18w, https:\/\/pgvape.com\/wp-content\/uploads\/2025\/09\/Bang-Leader-50000-Puffs-12-Flavors-Disposable-E-Cigarette-13400-mAh-Battery-Rechargeable-Vape_\u526f\u672c-600x345.png 600w, https:\/\/pgvape.com\/wp-content\/uploads\/2025\/09\/Bang-Leader-50000-Puffs-12-Flavors-Disposable-E-Cigarette-13400-mAh-Battery-Rechargeable-Vape_\u526f\u672c-60x35.png 60w\" sizes=\"auto, (max-width: 1588px) 100vw, 1588px\" \/><\/p>\n<p>&nbsp;<\/p>\n<h3><span style=\"font-size: 90%;\">Bang Leader 50000 | 50K sopla Vape desechable de sabores duales <\/span><strong>Video:<br \/>\n<iframe loading=\"lazy\" title=\"El l\u00edder 50K de la explosi\u00f3n sopla sabores duales Vape disponible con la venta al por mayor pgvape de la f\u00e1brica de Vape de la pantalla de visualizaci\u00f3n\" width=\"563\" height=\"1000\" src=\"https:\/\/www.youtube.com\/embed\/dgqkXChaUXk?feature=oembed\" frameborder=\"0\" allow=\"accelerometer; autoplay; clipboard-write; encrypted-media; gyroscope; picture-in-picture; web-share\" referrerpolicy=\"strict-origin-when-cross-origin\" allowfullscreen><\/iframe><br \/>\n<\/strong><\/h3>\n<p>&nbsp;<\/p>\n<h2><span style=\"font-size: 90%;\">Preguntas frecuentes sobre Bang Leader 50000 | 50K Puffs Vape desechable de sabores duales<\/span><\/h2>\n<p data-sourcepos=\"40:1-41:74\">\u2753 <strong data-sourcepos=\"40:3-40:37\">\u00bfC\u00f3mo consigue 50.000 caladas?<\/strong><br \/>\n\u2705 <strong data-sourcepos=\"41:3-41:20\">e-l\u00edquido de 36 ml<\/strong> + <strong data-sourcepos=\"41:23-41:52\">bobinas de malla dual eficientes<\/strong> maximizar la longevidad.<\/p>\n<p data-sourcepos=\"43:1-44:107\">\u2753 <strong data-sourcepos=\"43:3-43:43\">\u00bfPuedo cambiar de sabor f\u00e1cilmente?<\/strong><br \/>\n\u2705 \u00a1S\u00ed! <strong data-sourcepos=\"44:8-44:43\">12 combos premezclados de doble sabor<\/strong> le permite alternar entre gustos (p. ej., <strong data-sourcepos=\"44:81-44:103\">Helado de pl\u00e1tano \u2192 Mango<\/strong>).<\/p>\n<p data-sourcepos=\"46:1-47:93\">\u2753 <strong data-sourcepos=\"46:3-46:31\">\u00bfEs confiable la bater\u00eda?<\/strong><br \/>\n\u2705 El <strong data-sourcepos=\"47:7-47:25\">bater\u00eda de 650 mAh<\/strong> admite el uso durante todo el d\u00eda, con <strong data-sourcepos=\"47:53-47:72\">Carga tipo C<\/strong> para repostajes r\u00e1pidos.<\/p>\n<p data-sourcepos=\"49:1-50:109\">\u2753 <strong data-sourcepos=\"49:3-49:26\">\u00bfPara qui\u00e9n es mejor?<br \/>\n<\/strong> \u2705 Vapers con ganas <strong data-sourcepos=\"50:18-50:34\">uso extendido<\/strong> + <strong data-sourcepos=\"50:37-50:55\">variedad de sabor<\/strong>, y minoristas que buscan <strong data-sourcepos=\"50:79-50:106\">desechables de alta demanda<\/strong>.<\/p>\n<p>&nbsp;<\/p>\n<h3 id=\"brxe-najhln\" class=\"brxe-heading\">Preguntas frecuentes (FAQ)<\/h3>\n<div id=\"brxe-rajiac\" class=\"brxe-text\">\n<p><strong>P: \u00bfQu\u00e9 m\u00e9todos de pago aceptan?<\/strong><br \/>\nR: Aceptamos PayPal, Stripe, transferencias bancarias (compatibles con SEPA), las principales tarjetas de cr\u00e9dito (Visa, MasterCard, American Express) y pagos con criptomonedas.<\/p>\n<p><strong>P: \u00bfCu\u00e1nto tiempo lleva la preparaci\u00f3n del pedido?<\/strong><br \/>\nR: La preparaci\u00f3n del pedido demora entre 1 y 3 d\u00edas h\u00e1biles.<\/p>\n<p><strong>P: \u00bfCu\u00e1l es el tiempo de env\u00edo?<\/strong><br \/>\nR: El tiempo de env\u00edo es de 7 a 14 d\u00edas h\u00e1biles, seg\u00fan su ubicaci\u00f3n.<\/p>\n<p><strong>P: \u00bfC\u00f3mo puedo realizar un seguimiento de mi pedido?<\/strong><br \/>\nR: Despu\u00e9s del env\u00edo, recibir\u00e1 un correo electr\u00f3nico de confirmaci\u00f3n con un n\u00famero de seguimiento para realizar un seguimiento en tiempo real.<\/p>\n<p><strong>P: \u00bfCu\u00e1l es su pol\u00edtica de devoluci\u00f3n?<\/strong><br \/>\nR: Ofrecemos una pol\u00edtica de devoluci\u00f3n de 30 d\u00edas para reembolsos o cambios. .<\/p>\n<p><strong>P: \u00bfHabr\u00e1 alg\u00fan problema aduanero?<br \/>\n<\/strong>Nos encargamos de todos los procedimientos de despacho de aduanas para garantizarle una experiencia sin complicaciones. .<\/p>\n<p><strong>P: \u00bfQu\u00e9 m\u00e9todos de env\u00edo se utilizan?<\/strong><br \/>\nCooperamos con UPS\/DHL\/FEDEX\/DPD, etc. Elegiremos la opci\u00f3n de env\u00edo adecuada seg\u00fan el pa\u00eds de entrega para asegurarnos de que reciba sus productos lo m\u00e1s r\u00e1pido posible.<\/p>\n<p><a href=\"https:\/\/pgvape.com\/es\/preguntas-frecuentes\/\">Haga clic aqu\u00ed para m\u00e1s preguntas frecuentes<\/a><\/p>\n<p>Estimados clientes: Si tienen alguna pregunta sobre su pedido o la llegada de la mercanc\u00eda, comun\u00edquese con nuestro servicio de atenci\u00f3n al cliente. \u00a1Gracias!<\/p>\n<h3 data-sourcepos=\"73:1-73:21\"><strong data-sourcepos=\"73:7-73:21\">Cont\u00e1ctenos<\/strong><\/h3>\n<div id=\"text-2419739398\" class=\"text\">\n<p><strong data-sourcepos=\"75:3-75:12\">Correo electr\u00f3nico<\/strong>:\u00a0<a href=\"mailto:support@pgvape.com\"><strong>support@pgvape.com<\/strong><\/a><\/p>\n<p><strong data-sourcepos=\"76:3-76:15\">WhatsApp<\/strong>: <a href=\"https:\/\/wa.me\/+8618128481258\"><strong>+86 18128481258<\/strong><\/a><br \/>\n<strong>(Respuesta dentro de las 24 horas en d\u00edas h\u00e1biles)<\/strong><\/p>\n<\/div>\n<h3><strong>\u00a1Gracias por elegir pgvape.com! .<\/strong><\/h3>\n<\/div>","protected":false},"excerpt":{"rendered":"<p>Con <strong data-sourcepos=\"55:6-55:19\">50.000 bocanadas<\/strong>, <strong data-sourcepos=\"55:21-55:48\">flexibilidad de doble sabor<\/strong>, y <strong data-sourcepos=\"55:54-55:76\">bobinas de malla premium<\/strong>, el <strong data-sourcepos=\"55:82-55:101\">L\u00edder de explosi\u00f3n 50K<\/strong> es una potencia para los entusiastas del sabor. <strong data-sourcepos=\"55:142-55:164\">embalaje de 10 piezas<\/strong> garantiza el atractivo minorista.<\/p>","protected":false},"featured_media":722,"comment_status":"open","ping_status":"closed","template":"","meta":{"_seopress_robots_primary_cat":"none","_seopress_titles_title":"%%post_title%% %%sep%% %%sitetitle%%","_seopress_titles_desc":"","_seopress_robots_index":""},"product_brand":[54,516],"product_cat":[61,32,515],"product_tag":[64,65,63,67,68,66,490,60],"class_list":{"0":"post-708","1":"product","2":"type-product","3":"status-publish","4":"has-post-thumbnail","6":"product_brand-bang-leader-vape","7":"product_brand-disposable-vape","8":"product_cat-50k-puffs-vape","9":"product_cat-bang-leader-vape","10":"product_cat-disposable-vape","11":"product_tag-50k-puffs","12":"product_tag-50k-vape","13":"product_tag-bang-leader-50000","14":"product_tag-direct-to-lung-dtl","15":"product_tag-double-taste","16":"product_tag-dual-flavors","17":"product_tag-minimum-2-pieces","18":"product_tag-smart-screen-display","20":"first","21":"instock","22":"sale","23":"shipping-taxable","24":"purchasable","25":"product-type-variable"},"_links":{"self":[{"href":"https:\/\/pgvape.com\/es\/wp-json\/wp\/v2\/product\/708","targetHints":{"allow":["GET"]}}],"collection":[{"href":"https:\/\/pgvape.com\/es\/wp-json\/wp\/v2\/product"}],"about":[{"href":"https:\/\/pgvape.com\/es\/wp-json\/wp\/v2\/types\/product"}],"replies":[{"embeddable":true,"href":"https:\/\/pgvape.com\/es\/wp-json\/wp\/v2\/comments?post=708"}],"wp:featuredmedia":[{"embeddable":true,"href":"https:\/\/pgvape.com\/es\/wp-json\/wp\/v2\/media\/722"}],"wp:attachment":[{"href":"https:\/\/pgvape.com\/es\/wp-json\/wp\/v2\/media?parent=708"}],"wp:term":[{"taxonomy":"product_brand","embeddable":true,"href":"https:\/\/pgvape.com\/es\/wp-json\/wp\/v2\/product_brand?post=708"},{"taxonomy":"product_cat","embeddable":true,"href":"https:\/\/pgvape.com\/es\/wp-json\/wp\/v2\/product_cat?post=708"},{"taxonomy":"product_tag","embeddable":true,"href":"https:\/\/pgvape.com\/es\/wp-json\/wp\/v2\/product_tag?post=708"}],"curies":[{"name":"wp","href":"https:\/\/api.w.org\/{rel}","templated":true}]}}