{"id":6985,"date":"2025-11-25T09:02:33","date_gmt":"2025-11-25T09:02:33","guid":{"rendered":"https:\/\/pgvape.com\/?post_type=product&#038;p=6985"},"modified":"2025-12-15T11:55:06","modified_gmt":"2025-12-15T11:55:06","slug":"bang-king-triple-100000-100k-puffs-vape-desechable-especial-de-navidad-3-en-1-sabores-caja-de-regalo-de-vacaciones-limitada","status":"publish","type":"product","link":"https:\/\/pgvape.com\/es\/producto\/bang-king-triple-100000-100k-puffs-vape-desechable-especial-de-navidad-3-en-1-sabores-caja-de-regalo-de-vacaciones-limitada\/","title":{"rendered":"Bang King Triple 100000 100K Puffs Vape desechable Especial de Navidad - Caja de regalo navide\u00f1a limitada de sabores 3 en 1"},"content":{"rendered":"<p>Celebre la temporada navide\u00f1a con la edici\u00f3n navide\u00f1a Bang King Triple 100K, que presenta un m\u00e1gico sistema de sabor ajustable 3 en 1 y una enorme capacidad de 100,000 caladas dise\u00f1ada para una alegr\u00eda festiva duradera.\u00a0<strong>Bobina de malla<\/strong>\u00a0Tecnolog\u00eda para un sabor m\u00e1s rico y un vapor m\u00e1s denso, equipada con una bater\u00eda recargable de alta capacidad + carga r\u00e1pida tipo C, y cuenta con una estructura de triple c\u00e1mara antifugas para brindar una salida de nicotina suave y un sabor fuerte.\u00a0<strong>vapear<\/strong>\u00a0Dispositivo Para La Temporada Festiva.<\/p>\n<p>&nbsp;<\/p>\n<h2><span style=\"font-size: 90%;\">Especificaciones especiales navide\u00f1as de Bang King Triple 100K Puffs<\/span><\/h2>\n<p><strong>Tipo de edici\u00f3n<\/strong>: Caja de regalo de edici\u00f3n navide\u00f1a limitada: juego completo de 12 dispositivos<\/p>\n<p><strong>Conteo de bocanadas<\/strong>: 100.000 inhalaciones por dispositivo para un disfrute estacional ultralargo<\/p>\n<p><strong>Sistema de sabor<\/strong>: Sistema de sabor ajustable 3 en 1 (3X24ml\u00a0<strong>E-l\u00edquido<\/strong>) \u2014 Cambie entre 3 sabores puros o mezcle para disfrutar de experiencias \u00fanicas<\/p>\n<p><strong>Estilo de dise\u00f1o<\/strong>: Dise\u00f1o con tem\u00e1tica navide\u00f1a con gr\u00e1ficos de copos de nieve y colores festivos<\/p>\n<p><strong>Tecnolog\u00eda de bobina<\/strong>:\u00a0<strong>Bobina de malla<\/strong>\u00a0Tecnolog\u00eda para un sabor m\u00e1s rico y un vapor m\u00e1s denso<\/p>\n<p><strong>Bater\u00eda y carga<\/strong>: Bater\u00eda recargable de alta capacidad + recarga tipo C<\/p>\n<p><strong>Caracter\u00edstica de estructura<\/strong>: Estructura de triple c\u00e1mara antifugas<\/p>\n<p><strong>Rendimiento de salida<\/strong>: Nicotina suave y salida de sabor fuerte<\/p>\n<p><strong>Escenarios aplicables<\/strong>: Perfecto para regalos, exhibiciones minoristas y campa\u00f1as navide\u00f1as<\/p>\n<p>&nbsp;<\/p>\n<h3><span style=\"font-size: 90%;\">Lista de sabores especiales navide\u00f1os Bang King Triple 100K Puffs<\/span><\/h3>\n<p>1.Helado de sand\u00eda, Red Bull y kiwi de fresa<\/p>\n<p>2.Lim\u00f3n, lima, fresa, sand\u00eda y helado de ar\u00e1ndanos<\/p>\n<p>3.Fresa, Pl\u00e1tano, Frambuesa, Sand\u00eda y Limonada Rosa<\/p>\n<p>4.Blue Razz Cereza, Menta Fr\u00eda y Mango Melocot\u00f3n<\/p>\n<p>5.Frutas tropicales y fresas, sand\u00eda y melocot\u00f3n con lim\u00f3n<\/p>\n<p>6.Pi\u00f1a, coco, fresa, pl\u00e1tano y blue razz<\/p>\n<p>7. Hielo de fresa, vainilla, melocot\u00f3n y hielo de drag\u00f3n negro<\/p>\n<p>8.Lush Ice &amp; Kiwi Maracuy\u00e1, Guayaba y Mango Paja<\/p>\n<p>9.Fresa, sand\u00eda, hielo de sand\u00eda y hielo de razz azul<\/p>\n<p>10.Limonada de bayas y fresa Red Bull y pompa de fresa<\/p>\n<p>11.Fusi\u00f3n doble de manzana, fruta y hielo de pi\u00f1a<\/p>\n<p>12.Cola Ice y Mr Blue &amp; Cherry Cola<img loading=\"lazy\" decoding=\"async\" class=\"alignnone wp-image-6991 size-full\" src=\"https:\/\/pgvape.com\/wp-content\/uploads\/2025\/11\/pgvape-Bang-King-Triple-100K-Puffs-Christmas-Special-3.png\" alt=\"Doce dispositivos de vapeo desechables de colores brillantes dispuestos en dos filas debajo de un encabezado grande &quot;3 en 1&quot; y &quot;12 sabores&quot;, cada tubo muestra una ilustraci\u00f3n festiva o frutal \u00fanica y un nombre de sabor con peque\u00f1os \u00edconos de especificaciones (Tipo C, 600 mAh, 24 ml \u00d7 3) en la parte superior.\" width=\"1500\" height=\"1305\" srcset=\"https:\/\/pgvape.com\/wp-content\/uploads\/2025\/11\/pgvape-Bang-King-Triple-100K-Puffs-Christmas-Special-3.png 1500w, https:\/\/pgvape.com\/wp-content\/uploads\/2025\/11\/pgvape-Bang-King-Triple-100K-Puffs-Christmas-Special-3-414x360.png 414w, https:\/\/pgvape.com\/wp-content\/uploads\/2025\/11\/pgvape-Bang-King-Triple-100K-Puffs-Christmas-Special-3-595x518.png 595w, https:\/\/pgvape.com\/wp-content\/uploads\/2025\/11\/pgvape-Bang-King-Triple-100K-Puffs-Christmas-Special-3-400x348.png 400w, https:\/\/pgvape.com\/wp-content\/uploads\/2025\/11\/pgvape-Bang-King-Triple-100K-Puffs-Christmas-Special-3-768x668.png 768w, https:\/\/pgvape.com\/wp-content\/uploads\/2025\/11\/pgvape-Bang-King-Triple-100K-Puffs-Christmas-Special-3-14x12.png 14w, https:\/\/pgvape.com\/wp-content\/uploads\/2025\/11\/pgvape-Bang-King-Triple-100K-Puffs-Christmas-Special-3-600x522.png 600w\" sizes=\"auto, (max-width: 1500px) 100vw, 1500px\" \/><\/p>\n<p>&nbsp;<\/p>\n<h3><span style=\"font-size: 90%;\">V\u00eddeo especial de Navidad de Bang King Triple 100K Puffs<strong>:<\/strong><\/span><\/h3>\n<p>&nbsp;<\/p>\n<h2 class=\"header-vfC6AV auto-hide-last-sibling-br\"><span style=\"font-size: 90%;\">Preguntas frecuentes sobre el especial de Navidad Bang King Triple 100K Puffs<\/span><\/h2>\n<div class=\"auto-hide-last-sibling-br paragraph-pP9ZLC paragraph-element br-paragraph-space\">\n<p>\u2753\u00bfCu\u00e1ntas caladas ofrece el Bang King Triple 100K?<br \/>\n<span style=\"font-size: 14.4px;\">\u2705Ofrece hasta 100.000 inhalaciones, dependiendo de los h\u00e1bitos de uso personales.<\/span><\/p>\n<\/div>\n<div class=\"auto-hide-last-sibling-br paragraph-pP9ZLC paragraph-element br-paragraph-space\">\n<p>\u2753\u00bfEsto\u00a0<strong>vapear<\/strong>\u00a0Uso del dispositivo\u00a0<strong>Bobina de malla<\/strong>\u00a0\u00bfTecnolog\u00eda?<br \/>\n<span style=\"font-size: 14.4px;\">\u2705S\u00ed. <\/span><strong style=\"font-size: 14.4px;\">Bobina de malla<\/strong><span style=\"font-size: 14.4px;\">\u00a0Para un vapor m\u00e1s fuerte, un calentamiento m\u00e1s r\u00e1pido y una mejor claridad del sabor.<\/span><\/p>\n<\/div>\n<div class=\"auto-hide-last-sibling-br paragraph-pP9ZLC paragraph-element br-paragraph-space\">\n<p>\u2753\u00bfHay tres sabores en uno?\u00a0<strong>vapear<\/strong>\u00a0\u00bfDispositivo?<br \/>\n<span style=\"font-size: 14.4px;\">\u2705S\u00ed. .<\/span><\/p>\n<\/div>\n<div class=\"auto-hide-last-sibling-br paragraph-pP9ZLC paragraph-element br-paragraph-space\">\n<p>\u2753Es el\u00a0<strong>vapear<\/strong>\u00a0\u00bfLa bater\u00eda del dispositivo es recargable?<br \/>\n<span style=\"font-size: 14.4px;\">\u2705S\u00ed, viene con una bater\u00eda recargable, lo que garantiza la plena <\/span><strong style=\"font-size: 14.4px;\">E-l\u00edquido<\/strong><span style=\"font-size: 14.4px;\">\u00a0Se puede utilizar la capacidad.<\/span><\/p>\n<\/div>\n<div class=\"auto-hide-last-sibling-br paragraph-pP9ZLC paragraph-element br-paragraph-space\">\n<p>\u2753\u00bfCu\u00e1nto dura el\u00a0<strong>vapear<\/strong>\u00a0\u00bf\u00daltimo dispositivo?<br \/>\n<span style=\"font-size: 14.4px;\">\u2705La vida \u00fatil var\u00eda seg\u00fan la frecuencia de las inhalaciones, pero normalmente dura de semanas a meses para la mayor\u00eda de los usuarios.<\/span><\/p>\n<\/div>\n<div class=\"auto-hide-last-sibling-br paragraph-pP9ZLC paragraph-element br-paragraph-space\">\n<p>\u2753\u00bfEl Bang King es triple 100K?\u00a0<strong>vapear<\/strong>\u00a0\u00bfEs seguro usar el dispositivo?<br \/>\n<span style=\"font-size: 14.4px;\">\u2705S\u00ed. <\/span><strong style=\"font-size: 14.4px;\">E-l\u00edquido<\/strong><span style=\"font-size: 14.4px;\">\u00a0Ingredientes.<\/span><\/p>\n<\/div>\n<div class=\"auto-hide-last-sibling-br paragraph-pP9ZLC paragraph-element br-paragraph-space\">\u2753\u00bfPuedo comprar solo unos pocos art\u00edculos del set de regalo?<br \/>\n\u2705No, este es un juego de regalo navide\u00f1o de edici\u00f3n limitada y los art\u00edculos individuales no est\u00e1n disponibles para su compra. .<\/div>\n<div class=\"auto-hide-last-sibling-br paragraph-pP9ZLC paragraph-element br-paragraph-space\">\n<p>&nbsp;<\/p>\n<h3 id=\"brxe-najhln\" class=\"brxe-heading\">Preguntas frecuentes (FAQ)<\/h3>\n<div id=\"brxe-rajiac\" class=\"brxe-text\">\n<p><strong>P: \u00bfQu\u00e9 m\u00e9todos de pago aceptan?<\/strong><br \/>\nR: Aceptamos PayPal, Stripe, transferencias bancarias (compatibles con SEPA), las principales tarjetas de cr\u00e9dito (Visa, MasterCard, American Express) y pagos con criptomonedas.<\/p>\n<p><strong>P: \u00bfCu\u00e1nto tiempo lleva la preparaci\u00f3n del pedido?<\/strong><br \/>\nR: La preparaci\u00f3n del pedido demora entre 1 y 3 d\u00edas h\u00e1biles.<\/p>\n<p><strong>P: \u00bfCu\u00e1l es el tiempo de env\u00edo?<\/strong><br \/>\nR: El tiempo de env\u00edo es de 7 a 14 d\u00edas h\u00e1biles, seg\u00fan su ubicaci\u00f3n.<\/p>\n<p><strong>P: \u00bfC\u00f3mo puedo realizar un seguimiento de mi pedido?<\/strong><br \/>\nR: Despu\u00e9s del env\u00edo, recibir\u00e1 un correo electr\u00f3nico de confirmaci\u00f3n con un n\u00famero de seguimiento para realizar un seguimiento en tiempo real.<\/p>\n<p><strong>P: \u00bfCu\u00e1l es su pol\u00edtica de devoluci\u00f3n?<\/strong><br \/>\nR: Ofrecemos una pol\u00edtica de devoluci\u00f3n de 30 d\u00edas para reembolsos o cambios. .<\/p>\n<p><strong>P: \u00bfHabr\u00e1 alg\u00fan problema aduanero?<br \/>\n<\/strong>Nos encargamos de todos los procedimientos de despacho de aduanas para garantizarle una experiencia sin complicaciones. .<\/p>\n<p><strong>P: \u00bfQu\u00e9 m\u00e9todos de env\u00edo se utilizan?<\/strong><br \/>\nCooperamos con UPS\/DHL\/FEDEX\/DPD, etc. Elegiremos la opci\u00f3n de env\u00edo adecuada seg\u00fan el pa\u00eds de entrega para asegurarnos de que reciba sus productos lo m\u00e1s r\u00e1pido posible.<\/p>\n<p><a href=\"https:\/\/pgvape.com\/es\/preguntas-frecuentes\/\">Haga clic aqu\u00ed para m\u00e1s preguntas frecuentes<\/a><\/p>\n<p>Estimados clientes: Si tienen alguna pregunta sobre su pedido o la llegada de la mercanc\u00eda, comun\u00edquese con nuestro servicio de atenci\u00f3n al cliente. \u00a1Gracias!<\/p>\n<h3 data-sourcepos=\"73:1-73:21\"><strong data-sourcepos=\"73:7-73:21\">Cont\u00e1ctenos<\/strong><\/h3>\n<div id=\"text-2419739398\" class=\"text\">\n<p><strong data-sourcepos=\"75:3-75:12\">Correo electr\u00f3nico<\/strong>:\u00a0<a href=\"mailto:support@pgvape.com\"><strong>support@pgvape.com<\/strong><\/a><\/p>\n<p><strong data-sourcepos=\"76:3-76:15\">WhatsApp<\/strong>:\u00a0<a href=\"https:\/\/wa.me\/+8618128481258\"><strong>+86 18128481258<\/strong><\/a><br \/>\n<strong>(Respuesta dentro de las 24 horas en d\u00edas h\u00e1biles)<\/strong><\/p>\n<\/div>\n<h3><strong>\u00a1Gracias por elegir pgvape.com! .<\/strong><\/h3>\n<\/div>\n<\/div>","protected":false},"excerpt":{"rendered":"<p>La edici\u00f3n navide\u00f1a Bang King Triple 100K es limitada\u00a0<strong>vapear<\/strong>\u00a0Dispositivo con 100.000 caladas, sistema de sabor ajustable 3 en 1 (3X24ml\u00a0<strong>E-l\u00edquido<\/strong>),\u00a0<strong>Bobina de malla<\/strong>\u00a0Tecnolog\u00eda, bater\u00eda recargable y dise\u00f1o festivo: ideal para regalos navide\u00f1os y duradero\u00a0<strong>vapear<\/strong>\u00a0Alegr\u00eda.<\/p>","protected":false},"featured_media":6989,"comment_status":"open","ping_status":"closed","template":"","meta":{"_seopress_robots_primary_cat":"none","_seopress_titles_title":"","_seopress_titles_desc":"","_seopress_robots_index":""},"product_brand":[19,516],"product_cat":[170,18,515],"product_tag":[395,24,327,474,475],"class_list":{"0":"post-6985","1":"product","2":"type-product","3":"status-publish","4":"has-post-thumbnail","6":"product_brand-bang-king-vape","7":"product_brand-disposable-vape","8":"product_cat-100k-puffs-vape","9":"product_cat-bang-king-vape","10":"product_cat-disposable-vape","11":"product_tag-100k-puffs-vape","12":"product_tag-3-in-1-flavors","13":"product_tag-bang-king-triple","14":"product_tag-christmas-special","15":"product_tag-mtlmouth-to-lung","17":"first","18":"instock","19":"sale","20":"shipping-taxable","21":"purchasable","22":"product-type-variable"},"_links":{"self":[{"href":"https:\/\/pgvape.com\/es\/wp-json\/wp\/v2\/product\/6985","targetHints":{"allow":["GET"]}}],"collection":[{"href":"https:\/\/pgvape.com\/es\/wp-json\/wp\/v2\/product"}],"about":[{"href":"https:\/\/pgvape.com\/es\/wp-json\/wp\/v2\/types\/product"}],"replies":[{"embeddable":true,"href":"https:\/\/pgvape.com\/es\/wp-json\/wp\/v2\/comments?post=6985"}],"wp:featuredmedia":[{"embeddable":true,"href":"https:\/\/pgvape.com\/es\/wp-json\/wp\/v2\/media\/6989"}],"wp:attachment":[{"href":"https:\/\/pgvape.com\/es\/wp-json\/wp\/v2\/media?parent=6985"}],"wp:term":[{"taxonomy":"product_brand","embeddable":true,"href":"https:\/\/pgvape.com\/es\/wp-json\/wp\/v2\/product_brand?post=6985"},{"taxonomy":"product_cat","embeddable":true,"href":"https:\/\/pgvape.com\/es\/wp-json\/wp\/v2\/product_cat?post=6985"},{"taxonomy":"product_tag","embeddable":true,"href":"https:\/\/pgvape.com\/es\/wp-json\/wp\/v2\/product_tag?post=6985"}],"curies":[{"name":"wp","href":"https:\/\/api.w.org\/{rel}","templated":true}]}}