{"id":6772,"date":"2025-11-18T10:43:49","date_gmt":"2025-11-18T10:43:49","guid":{"rendered":"https:\/\/pgvape.com\/?post_type=product&#038;p=6772"},"modified":"2026-03-15T13:32:42","modified_gmt":"2026-03-15T13:32:42","slug":"jnr-panda-25500-inhalaciones-vape-desechables-2x10-ml-botellas-de-recarga-vape-directo-de-fabrica","status":"publish","type":"product","link":"https:\/\/pgvape.com\/es\/producto\/jnr-panda-25500-inhalaciones-vape-desechables-2x10-ml-botellas-de-recarga-vape-directo-de-fabrica\/","title":{"rendered":"JNR PANDA 25500 Puffs Vape desechable - 2 botellas de recarga de 10 ml Vape Factory Direct"},"content":{"rendered":"<p data-sourcepos=\"9:1-9:398\">Ingrese a la pr\u00f3xima generaci\u00f3n de vapeo con el <strong data-sourcepos=\"9:46-9:71\">JNR PANDA 25500 Puffs<\/strong>, Este innovador cigarrillo electr\u00f3nico desechable y recargable supera los l\u00edmites con hasta <strong data-sourcepos=\"9:189-9:205\">25.500 bocanadas<\/strong>, gracias a su innovador sistema de dep\u00f3sito de e-l\u00edquido y un alto rendimiento <strong data-sourcepos=\"9:281-9:299\">bater\u00eda de 850mah<\/strong>. <strong data-sourcepos=\"11:72-11:85\">JNR PANDA<\/strong> integra un <strong data-sourcepos=\"11:99-11:117\">Bobina de malla doble<\/strong>, una luz de respiraci\u00f3n multicolor y una pantalla de nivel de bater\u00eda.<\/p>\n<p>&nbsp;<\/p>\n<h2><span style=\"font-size: 90%;\">JNR PANDA 25500 inhala Vape desechable <strong data-sourcepos=\"10:5-10:31\">Presupuesto<\/strong><\/span><\/h2>\n<p><strong data-sourcepos=\"20:5-20:19\">Conteo de bocanadas<\/strong>: Aproximadamente 25.500 inhalaciones<\/p>\n<p><strong data-sourcepos=\"21:5-21:26\">Fuerza de nicotina<\/strong>: 2% (20 mg de sales de nicotina)<\/p>\n<p><strong data-sourcepos=\"22:5-22:26\">E-l\u00edquido incluido<\/strong>:\u00a0<strong data-sourcepos=\"22:28-22:55\">2 botellas de repuesto de 10 ml.<\/strong><\/p>\n<p><strong data-sourcepos=\"23:5-23:16\">Bater\u00eda<\/strong>: 850 mAh, recargable mediante\u00a0<strong data-sourcepos=\"23:43-23:58\">Puerto tipo C<\/strong><\/p>\n<p><strong data-sourcepos=\"24:5-24:13\">Bobina<\/strong>:\u00a0<strong data-sourcepos=\"24:15-24:33\">Bobina de malla doble<\/strong><\/p>\n<p><strong data-sourcepos=\"25:5-25:17\">Caracter\u00edsticas<\/strong>: Pantalla de bater\u00eda inteligente, LED de respiraci\u00f3n multicolor<\/p>\n<p>&nbsp;<\/p>\n<h3><span style=\"font-size: 90%;\">JNR PANDA 25500 inhala Vape desechable <strong data-sourcepos=\"22:5-22:20\">Lista de sabores<\/strong><\/span><\/h3>\n<p>1.Bayas silvestres congeladas<\/p>\n<p>2. Frambuesa agria de ar\u00e1ndanos<\/p>\n<p>3.Nueva sand\u00eda helada<\/p>\n<p>4.Nueva Manzana Doble<\/p>\n<p>5.Nuevo melocot\u00f3n helado<\/p>\n<p>6.Cereza helada<\/p>\n<p>7.Fresa helada<\/p>\n<p>8.Sand\u00eda Fresa*<\/p>\n<p>9.Nuevo kiwi fresa*<\/p>\n<p>10.Vacaciones de verano*<img loading=\"lazy\" decoding=\"async\" class=\"alignnone wp-image-6785 size-full\" src=\"https:\/\/pgvape.com\/wp-content\/uploads\/2025\/11\/pgvape-JNR-PANDA-25500-Puffs-Disposable-Vape-5.png\" alt=\"Diez coloridos dispositivos de vapeo desechables JNR Panda con tapas met\u00e1licas alineados sobre un fondo azul bajo el t\u00edtulo \u201cDa rienda suelta a tu curiosidad por el sabor\u201d y \u201c25500 PUFFS\u201d, cada dispositivo etiquetado con un sabor diferente (Ar\u00e1ndano, frambuesa agria, Helado de cereza, Doble manzana, Hielo de melocot\u00f3n, Fresa Kiwi, Hielo de sand\u00eda, Hielo de fresa, Hielo de fresa y sand\u00eda, Vacaciones de verano, Hielo de bayas silvestres).\" width=\"1920\" height=\"1080\" srcset=\"https:\/\/pgvape.com\/wp-content\/uploads\/2025\/11\/pgvape-JNR-PANDA-25500-Puffs-Disposable-Vape-5.png 1920w, https:\/\/pgvape.com\/wp-content\/uploads\/2025\/11\/pgvape-JNR-PANDA-25500-Puffs-Disposable-Vape-5-555x312.png 555w, https:\/\/pgvape.com\/wp-content\/uploads\/2025\/11\/pgvape-JNR-PANDA-25500-Puffs-Disposable-Vape-5-595x335.png 595w, https:\/\/pgvape.com\/wp-content\/uploads\/2025\/11\/pgvape-JNR-PANDA-25500-Puffs-Disposable-Vape-5-400x225.png 400w, https:\/\/pgvape.com\/wp-content\/uploads\/2025\/11\/pgvape-JNR-PANDA-25500-Puffs-Disposable-Vape-5-768x432.png 768w, https:\/\/pgvape.com\/wp-content\/uploads\/2025\/11\/pgvape-JNR-PANDA-25500-Puffs-Disposable-Vape-5-1536x864.png 1536w, https:\/\/pgvape.com\/wp-content\/uploads\/2025\/11\/pgvape-JNR-PANDA-25500-Puffs-Disposable-Vape-5-18x10.png 18w, https:\/\/pgvape.com\/wp-content\/uploads\/2025\/11\/pgvape-JNR-PANDA-25500-Puffs-Disposable-Vape-5-600x338.png 600w, https:\/\/pgvape.com\/wp-content\/uploads\/2025\/11\/pgvape-JNR-PANDA-25500-Puffs-Disposable-Vape-5-60x34.png 60w\" sizes=\"auto, (max-width: 1920px) 100vw, 1920px\" \/><\/p>\n<p>&nbsp;<\/p>\n<h3><span style=\"font-size: 90%;\">JNR PANDA 25500 inhala Vape desechable <strong>Video<\/strong>:<\/span><\/h3>\n<p><iframe loading=\"lazy\" title=\"El recambio disponible de Vape 2x 10ml de los soplos de JNR PANDA 25500 embotella pgvape directo de f\u00e1brica elegante de Vape de la pantalla\" width=\"1020\" height=\"574\" src=\"https:\/\/www.youtube.com\/embed\/KXyqSTl7o1M?feature=oembed\" frameborder=\"0\" allow=\"accelerometer; autoplay; clipboard-write; encrypted-media; gyroscope; picture-in-picture; web-share\" referrerpolicy=\"strict-origin-when-cross-origin\" allowfullscreen><\/iframe><\/p>\n<p>&nbsp;<\/p>\n<h2><span style=\"font-size: 90%;\">Preguntas frecuentes sobre el vaporizador desechable JNR PANDA 25500 Puffs<\/span><\/h2>\n<p data-sourcepos=\"40:1-41:147\">\u2753 <strong data-sourcepos=\"40:3-40:58\">\u00bfCu\u00e1ntas bocanadas proporciona realmente el JNR PANDA?<br \/>\n<\/strong>\u2705 S\u00ed, a trav\u00e9s de su innovador <strong data-sourcepos=\"41:31-41:72\">Sistema de dep\u00f3sito dual de e-l\u00edquido de 2x10 ml<\/strong> y bater\u00eda grande, el <strong data-sourcepos=\"41:96-41:109\">JNR PANDA<\/strong> est\u00e1 dise\u00f1ado para una vida \u00fatil excepcional.<\/p>\n<p data-sourcepos=\"43:1-44:112\">\u2753 <strong data-sourcepos=\"43:3-43:58\">\u00bfCu\u00e1l es el prop\u00f3sito de la \u201cLuz que respira colores\u201d?<br \/>\n<\/strong> \u2705 Refleja din\u00e1micamente el estado de la bater\u00eda y el modo de funcionamiento del dispositivo, mejorando la experiencia interactiva.<\/p>\n<p data-sourcepos=\"46:1-47:86\">\u2753 <strong data-sourcepos=\"46:3-46:34\">\u00bfC\u00f3mo cargo el dispositivo?<\/strong><br \/>\n\u2705 Simplemente conecte un est\u00e1ndar <strong data-sourcepos=\"47:29-47:45\">Cable tipo C<\/strong> a un adaptador de corriente o al puerto USB de una computadora.<\/p>\n<p>&nbsp;<\/p>\n<h3 id=\"brxe-najhln\" class=\"brxe-heading\">Preguntas frecuentes (FAQ)<\/h3>\n<div id=\"brxe-rajiac\" class=\"brxe-text\">\n<p><strong>P: \u00bfQu\u00e9 m\u00e9todos de pago aceptan?<\/strong><br \/>\nR: Aceptamos PayPal, Stripe, transferencias bancarias (compatibles con SEPA), las principales tarjetas de cr\u00e9dito (Visa, MasterCard, American Express) y pagos con criptomonedas.<\/p>\n<p><strong>P: \u00bfCu\u00e1nto tiempo lleva la preparaci\u00f3n del pedido?<\/strong><br \/>\nR: La preparaci\u00f3n del pedido demora entre 1 y 3 d\u00edas h\u00e1biles.<\/p>\n<p><strong>P: \u00bfCu\u00e1l es el tiempo de env\u00edo?<\/strong><br \/>\nR: El tiempo de env\u00edo es de 7 a 14 d\u00edas h\u00e1biles, seg\u00fan su ubicaci\u00f3n.<\/p>\n<p><strong>P: \u00bfC\u00f3mo puedo realizar un seguimiento de mi pedido?<\/strong><br \/>\nR: Despu\u00e9s del env\u00edo, recibir\u00e1 un correo electr\u00f3nico de confirmaci\u00f3n con un n\u00famero de seguimiento para realizar un seguimiento en tiempo real.<\/p>\n<p><strong>P: \u00bfCu\u00e1l es su pol\u00edtica de devoluci\u00f3n?<\/strong><br \/>\nR: Ofrecemos una pol\u00edtica de devoluci\u00f3n de 30 d\u00edas para reembolsos o cambios. .<\/p>\n<p><strong>P: \u00bfHabr\u00e1 alg\u00fan problema aduanero?<br \/>\n<\/strong>Nos encargamos de todos los procedimientos de despacho de aduanas para garantizarle una experiencia sin complicaciones. .<\/p>\n<p><strong>P: \u00bfQu\u00e9 m\u00e9todos de env\u00edo se utilizan?<\/strong><br \/>\nCooperamos con UPS\/DHL\/FEDEX\/DPD, etc. Elegiremos la opci\u00f3n de env\u00edo adecuada seg\u00fan el pa\u00eds de entrega para asegurarnos de que reciba sus productos lo m\u00e1s r\u00e1pido posible.<\/p>\n<p><a href=\"https:\/\/pgvape.com\/es\/preguntas-frecuentes\/\">Haga clic aqu\u00ed para m\u00e1s preguntas frecuentes<\/a><\/p>\n<p>Estimados clientes: Si tienen alguna pregunta sobre su pedido o la llegada de la mercanc\u00eda, comun\u00edquese con nuestro servicio de atenci\u00f3n al cliente. \u00a1Gracias!<\/p>\n<h3 data-sourcepos=\"73:1-73:21\"><strong data-sourcepos=\"73:7-73:21\">Cont\u00e1ctenos<\/strong><\/h3>\n<div id=\"text-2419739398\" class=\"text\">\n<p><strong data-sourcepos=\"75:3-75:12\">Correo electr\u00f3nico<\/strong>:\u00a0<a href=\"mailto:support@pgvape.com\"><strong>support@pgvape.com<\/strong><\/a><\/p>\n<p><strong data-sourcepos=\"76:3-76:15\">WhatsApp<\/strong>:\u00a0<a href=\"https:\/\/wa.me\/+8618128481258\"><strong>+86 18128481258<\/strong><\/a><br \/>\n<strong>(Respuesta dentro de las 24 horas en d\u00edas h\u00e1biles)<\/strong><\/p>\n<\/div>\n<h3><strong>\u00a1Gracias por elegir pgvape.com! .<\/strong><\/h3>\n<\/div>","protected":false},"excerpt":{"rendered":"<p>Un vaporizador desechable de alto rendimiento que ofrece aproximadamente <strong data-sourcepos=\"23:59-23:75\">25.500 bocanadas<\/strong>. <strong data-sourcepos=\"23:90-23:100\">850mAh<\/strong> bater\u00eda con carga tipo C, una <strong data-sourcepos=\"23:133-23:151\">Bobina de malla doble<\/strong>, y <strong data-sourcepos=\"23:157-23:177\">Sal de nicotina 2%<\/strong> e-l\u00edquido para un rico sabor y una calada suave. <strong data-sourcepos=\"23:232-23:256\">pantalla de bater\u00eda inteligente<\/strong> y el indicador LED multicolor lo mantienen informado sobre el estado de energ\u00eda, lo que lo convierte en la opci\u00f3n perfecta para los usuarios que priorizan la comodidad y el rendimiento.<\/p>","protected":false},"featured_media":6781,"comment_status":"open","ping_status":"closed","template":"","meta":{"_seopress_robots_primary_cat":"none","_seopress_titles_title":"","_seopress_titles_desc":"","_seopress_robots_index":""},"product_brand":[516,228],"product_cat":[470,515,29],"product_tag":[473,472,90,471,136,204],"class_list":{"0":"post-6772","1":"product","2":"type-product","3":"status-publish","4":"has-post-thumbnail","6":"product_brand-disposable-vape","7":"product_brand-jnr-vape","8":"product_cat-25-5k-puffs-vape","9":"product_cat-disposable-vape","10":"product_cat-jnr-vape","11":"product_tag-2-x-10ml-refill-bottles","12":"product_tag-25-5k-puffs-vape","13":"product_tag-disposable-vape","14":"product_tag-jnr-panda-25500","15":"product_tag-smart-screen","16":"product_tag-vape-factory-direct","18":"first","19":"instock","20":"sale","21":"shipping-taxable","22":"purchasable","23":"product-type-variable"},"_links":{"self":[{"href":"https:\/\/pgvape.com\/es\/wp-json\/wp\/v2\/product\/6772","targetHints":{"allow":["GET"]}}],"collection":[{"href":"https:\/\/pgvape.com\/es\/wp-json\/wp\/v2\/product"}],"about":[{"href":"https:\/\/pgvape.com\/es\/wp-json\/wp\/v2\/types\/product"}],"replies":[{"embeddable":true,"href":"https:\/\/pgvape.com\/es\/wp-json\/wp\/v2\/comments?post=6772"}],"wp:featuredmedia":[{"embeddable":true,"href":"https:\/\/pgvape.com\/es\/wp-json\/wp\/v2\/media\/6781"}],"wp:attachment":[{"href":"https:\/\/pgvape.com\/es\/wp-json\/wp\/v2\/media?parent=6772"}],"wp:term":[{"taxonomy":"product_brand","embeddable":true,"href":"https:\/\/pgvape.com\/es\/wp-json\/wp\/v2\/product_brand?post=6772"},{"taxonomy":"product_cat","embeddable":true,"href":"https:\/\/pgvape.com\/es\/wp-json\/wp\/v2\/product_cat?post=6772"},{"taxonomy":"product_tag","embeddable":true,"href":"https:\/\/pgvape.com\/es\/wp-json\/wp\/v2\/product_tag?post=6772"}],"curies":[{"name":"wp","href":"https:\/\/api.w.org\/{rel}","templated":true}]}}