{"id":672,"date":"2025-09-25T11:05:00","date_gmt":"2025-09-25T11:05:00","guid":{"rendered":"https:\/\/pgvape.com\/?post_type=product&#038;p=672"},"modified":"2025-12-15T13:40:20","modified_gmt":"2025-12-15T13:40:20","slug":"bang-king-ice-cool-60000-60k-inhalaciones-vape-desechable-con-nivel-de-hielo-ajustable-con-pantalla-led-vape-directo-de-fabrica","status":"publish","type":"product","link":"https:\/\/pgvape.com\/es\/producto\/bang-king-ice-cool-60000-60k-inhalaciones-vape-desechable-con-nivel-de-hielo-ajustable-con-pantalla-led-vape-directo-de-fabrica\/","title":{"rendered":"Bang King Ice Cool 60000 60k Puffs Vape desechable con nivel de hielo ajustable con pantalla LED Vape directo de f\u00e1brica"},"content":{"rendered":"<p><strong data-sourcepos=\"6:5-6:55\">Bang King Ice Cool 60000 inhalaciones Vape desechable<\/strong><span class=\"CustomP_animated_char__m3r9w\">\u00a0<\/span><span class=\"CustomP_animated_char__m3r9w\">entrega<\/span><span class=\"CustomP_animated_char__m3r9w\">\u00a0<\/span><strong data-sourcepos=\"6:65-6:91\">personalizaci\u00f3n definitiva<\/strong> con <strong data-sourcepos=\"6:97-6:124\">5 niveles de hielo ajustables<\/strong>, <strong data-sourcepos=\"6:126-6:142\">60.000 bocanadas<\/strong>, y <strong data-sourcepos=\"6:148-6:177\">Opciones de nicotina 2%\/3%\/5%<\/strong>. <strong data-sourcepos=\"6:191-6:209\">Bobina de malla de 1.0\u03a9<\/strong> para un rico sabor, <strong data-sourcepos=\"6:227-6:253\">Capacidad de e-l\u00edquido de 25 ml.<\/strong>, y un <strong data-sourcepos=\"6:262-6:293\">Bater\u00eda recargable de 850 mAh.<\/strong> con <strong data-sourcepos=\"6:299-6:318\">Carga tipo C<\/strong><span class=\"CustomP_animated_char__m3r9w\">,<\/span><span class=\"CustomP_animated_char__m3r9w\">\u00a0<\/span><span class=\"CustomP_animated_char__m3r9w\">\u00e9l<\/span><span class=\"CustomP_animated_char__m3r9w\">\u2019<\/span><span class=\"CustomP_animated_char__m3r9w\">s<\/span><span class=\"CustomP_animated_char__m3r9w\">\u00a0<\/span><span class=\"CustomP_animated_char__m3r9w\">construido<\/span><span class=\"CustomP_animated_char__m3r9w\">\u00a0<\/span><span class=\"CustomP_animated_char__m3r9w\">para<\/span><span class=\"CustomP_animated_char__m3r9w\">\u00a0<\/span><span class=\"CustomP_animated_char__m3r9w\">actuaci\u00f3n<\/span><span class=\"CustomP_animated_char__m3r9w\">.<\/span><span class=\"CustomP_animated_char__m3r9w\">\u00a0<\/span><span class=\"CustomP_animated_char__m3r9w\">El<\/span><span class=\"CustomP_animated_char__m3r9w\">\u00a0<\/span><strong data-sourcepos=\"6:352-6:366\">pantalla LED<\/strong> realiza un seguimiento del recuento de caladas, la bater\u00eda y la intensidad del enfriamiento en tiempo real. <strong data-sourcepos=\"6:440-6:461\">10 piezas por caja<\/strong> con <strong data-sourcepos=\"6:467-6:485\">12 sabores helados<\/strong><span class=\"CustomP_animated_char__m3r9w\">,<\/span><span class=\"CustomP_animated_char__m3r9w\">\u00a0<\/span><span class=\"CustomP_animated_char__m3r9w\">\u00e9l<\/span><span class=\"CustomP_animated_char__m3r9w\">\u2019<\/span><span class=\"CustomP_animated_char__m3r9w\">s<\/span><span class=\"CustomP_animated_char__m3r9w\">\u00a0<\/span><span class=\"CustomP_animated_char__m3r9w\">perfecto<\/span><span class=\"CustomP_animated_char__m3r9w\">\u00a0<\/span><span class=\"CustomP_animated_char__m3r9w\">para<\/span><span class=\"CustomP_animated_char__m3r9w\">\u00a0<\/span><span class=\"CustomP_animated_char__m3r9w\">minoristas<\/span><span class=\"CustomP_animated_char__m3r9w\">\u00a0<\/span><span class=\"CustomP_animated_char__m3r9w\">y<\/span><span class=\"CustomP_animated_char__m3r9w\">\u00a0<\/span><span class=\"CustomP_animated_char__m3r9w\">mentol<\/span><span class=\"CustomP_animated_char__m3r9w\">\u2013<\/span><span class=\"CustomP_animated_char__m3r9w\">cari\u00f1oso<\/span><span class=\"CustomP_animated_char__m3r9w\">\u00a0<\/span><span class=\"CustomP_animated_char__m3r9w\">vapeadores<\/span><span class=\"CustomP_animated_char__m3r9w\">.<\/span><\/p>\n<p>&nbsp;<\/p>\n<h2><span style=\"font-size: 90%;\">Bang King Ice Cool 60000 | 60k Puffs Vape desechable con nivel de hielo ajustable Especificaciones del producto:<\/span><\/h2>\n<p><strong data-sourcepos=\"11:3-11:18\">Conteo de bocanadas:<\/strong>\u00a0<strong data-sourcepos=\"11:19-11:35\">60.000 bocanadas<\/strong>\u00a0(Longevidad extendida)<\/p>\n<p><strong data-sourcepos=\"12:3-12:16\">Nicotina:<\/strong>\u00a0<strong data-sourcepos=\"12:17-12:33\">2% \/ 3% \/ 5%<\/strong>\u00a0(Golpe de garganta suave a fuerte)<\/p>\n<p><strong data-sourcepos=\"13:3-13:22\">Sistema de enfriamiento:<\/strong>\u00a0<strong data-sourcepos=\"13:23-13:50\">5 niveles de hielo ajustables<\/strong>\u00a0(Adaptar la intensidad del mentol)<\/p>\n<p><strong data-sourcepos=\"14:3-14:16\">E-l\u00edquido:<\/strong>\u00a0<strong data-sourcepos=\"14:17-14:34\">Capacidad de 25 ml.<\/strong>\u00a0(Menos recargas)<\/p>\n<p><strong data-sourcepos=\"15:3-15:12\">Bobina:<\/strong>\u00a0<strong data-sourcepos=\"15:13-15:26\">Malla de 1,0\u03a9<\/strong>\u00a0(Sabor y vapor optimizados)<\/p>\n<p><strong data-sourcepos=\"16:3-16:15\">Bater\u00eda:<\/strong>\u00a0<strong data-sourcepos=\"16:16-16:39\">850mAh recargable<\/strong>\u00a0+\u00a0<strong data-sourcepos=\"16:42-16:66\">Carga r\u00e1pida tipo C<\/strong><\/p>\n<p><strong data-sourcepos=\"17:3-17:15\">Mostrar:<\/strong>\u00a0<strong data-sourcepos=\"17:16-17:30\">Pantalla LED<\/strong>\u00a0(Seguimiento de estad\u00edsticas en tiempo real)<\/p>\n<p><strong data-sourcepos=\"18:3-18:17\">Embalaje:<\/strong>\u00a0<strong data-sourcepos=\"18:18-18:32\">10 unidades\/caja<\/strong>\u00a0(Listo para venta al por menor\/al por mayor)<\/p>\n<p>&nbsp;<\/p>\n<h3><span style=\"font-size: 90%;\">Bang King Ice Cool 60000 | 60k Puffs Nivel de hielo ajustable Vape desechable Lista de sabores:<\/span><\/h3>\n<p>1. Hielo azul Razz<\/p>\n<p>2.Sand\u00eda Fresa<\/p>\n<p>3.Hielo de sand\u00eda<\/p>\n<p>4.Hielo de melocot\u00f3n<\/p>\n<p>5.Hielo de uva<\/p>\n<p>6.Baya aterradora<\/p>\n<p>7.Cherry Strazz<\/p>\n<p>8.La magia del mango<\/p>\n<p>9.Fruta del drag\u00f3n de fresa<\/p>\n<p>10.Sangre de tigre<\/p>\n<p>11.Chapoteo de verano<\/p>\n<p>12.Gomita agria y exuberante<br \/>\n<img loading=\"lazy\" decoding=\"async\" class=\"alignnone wp-image-688 size-full\" src=\"https:\/\/pgvape.com\/wp-content\/uploads\/2025\/09\/Pgvape-Bang-King-Ice-Cool-6000-60K-Puffs-Adjustable-Ice-Level-Disposable-Vape-14.png\" alt=\"Cartel colorido que anuncia el vaporizador desechable Bangking \u201cIce Cool\u201d, que muestra dos grandes dispositivos blancos y dorados, especificaciones del producto (25 ml de e-l\u00edquido, bater\u00eda recargable de 850 mAh, carga tipo C, 5 niveles de enfriamiento ajustables y hasta 60\u00a0000 inhalaciones) y una cuadr\u00edcula de 12 dispositivos m\u00e1s peque\u00f1os con dise\u00f1os brillantes etiquetados con sabores como Blue Razz Ice, Strawberry Watermelon, Watermelon Ice, Peach Ice, Grape Ice, Scary Berry, Cherry Strazz. .\" width=\"872\" height=\"1500\" srcset=\"https:\/\/pgvape.com\/wp-content\/uploads\/2025\/09\/Pgvape-Bang-King-Ice-Cool-6000-60K-Puffs-Adjustable-Ice-Level-Disposable-Vape-14.png 872w, https:\/\/pgvape.com\/wp-content\/uploads\/2025\/09\/Pgvape-Bang-King-Ice-Cool-6000-60K-Puffs-Adjustable-Ice-Level-Disposable-Vape-14-209x360.png 209w, https:\/\/pgvape.com\/wp-content\/uploads\/2025\/09\/Pgvape-Bang-King-Ice-Cool-6000-60K-Puffs-Adjustable-Ice-Level-Disposable-Vape-14-595x1024.png 595w, https:\/\/pgvape.com\/wp-content\/uploads\/2025\/09\/Pgvape-Bang-King-Ice-Cool-6000-60K-Puffs-Adjustable-Ice-Level-Disposable-Vape-14-233x400.png 233w, https:\/\/pgvape.com\/wp-content\/uploads\/2025\/09\/Pgvape-Bang-King-Ice-Cool-6000-60K-Puffs-Adjustable-Ice-Level-Disposable-Vape-14-768x1321.png 768w, https:\/\/pgvape.com\/wp-content\/uploads\/2025\/09\/Pgvape-Bang-King-Ice-Cool-6000-60K-Puffs-Adjustable-Ice-Level-Disposable-Vape-14-7x12.png 7w, https:\/\/pgvape.com\/wp-content\/uploads\/2025\/09\/Pgvape-Bang-King-Ice-Cool-6000-60K-Puffs-Adjustable-Ice-Level-Disposable-Vape-14-600x1032.png 600w, https:\/\/pgvape.com\/wp-content\/uploads\/2025\/09\/Pgvape-Bang-King-Ice-Cool-6000-60K-Puffs-Adjustable-Ice-Level-Disposable-Vape-14-23x40.png 23w\" sizes=\"auto, (max-width: 872px) 100vw, 872px\" \/><\/p>\n<h2><\/h2>\n<h2><span style=\"font-size: 90%;\">Preguntas frecuentes sobre Bang King Ice Cool 60000 | 60k Puffs Vape desechable con nivel de hielo ajustable:<\/span><\/h2>\n<p data-sourcepos=\"39:1-40:97\">\u2753 <strong data-sourcepos=\"39:3-39:40\">\u00bfC\u00f3mo funciona el ajuste del hielo?<br \/>\n<\/strong> \u2705 Pasar por <strong data-sourcepos=\"40:17-40:37\">5 niveles de enfriamiento<\/strong> (1=suave \u2192 5=congelado) para una intensidad de mentol personalizada.<\/p>\n<p data-sourcepos=\"42:1-43:94\">\u2753 <strong data-sourcepos=\"42:3-42:39\">\u00bfEs consistente la calidad del vapor?<br \/>\n<\/strong> \u2705 <strong data-sourcepos=\"43:3-43:21\">Bobina de malla de 1.0\u03a9<\/strong> asegura <strong data-sourcepos=\"43:30-43:49\">30% m\u00e1s sabor<\/strong> y <strong data-sourcepos=\"43:54-43:72\">sorteos m\u00e1s suaves<\/strong> frente a bobinas est\u00e1ndar.<\/p>\n<p data-sourcepos=\"45:1-46:90\">\u2753 <strong data-sourcepos=\"45:3-45:38\">\u00bfCu\u00e1nto dura la bater\u00eda?<\/strong><br \/>\n\u2705 <strong data-sourcepos=\"46:3-46:21\">bater\u00eda de 850mah<\/strong> apoya <strong data-sourcepos=\"46:31-46:46\">dias de uso<\/strong>; <strong data-sourcepos=\"46:48-46:58\">Tipo C<\/strong> recargas en <strong data-sourcepos=\"46:72-46:87\">~45 minutos<\/strong>.<\/p>\n<p data-sourcepos=\"48:1-49:91\">\u2753 <strong data-sourcepos=\"48:3-48:27\">\u00bfPara qui\u00e9n es ideal?<br \/>\n<\/strong> \u2705 <strong data-sourcepos=\"49:3-49:26\">Entusiastas del mentol<\/strong> + <strong data-sourcepos=\"49:29-49:42\">minoristas<\/strong> que buscan productos desechables de alto margen y con muchas funciones.<\/p>\n<p>&nbsp;<\/p>\n<h3 id=\"brxe-najhln\" class=\"brxe-heading\">Preguntas frecuentes (FAQ)<\/h3>\n<div id=\"brxe-rajiac\" class=\"brxe-text\">\n<p><strong>P: \u00bfQu\u00e9 m\u00e9todos de pago aceptan?<\/strong><br \/>\nR: Aceptamos PayPal, Stripe, transferencias bancarias (compatibles con SEPA), las principales tarjetas de cr\u00e9dito (Visa, MasterCard, American Express) y pagos con criptomonedas.<\/p>\n<p><strong>P: \u00bfCu\u00e1nto tiempo lleva la preparaci\u00f3n del pedido?<\/strong><br \/>\nR: La preparaci\u00f3n del pedido demora entre 1 y 3 d\u00edas h\u00e1biles.<\/p>\n<p><strong>P: \u00bfCu\u00e1l es el tiempo de env\u00edo?<\/strong><br \/>\nR: El tiempo de env\u00edo es de 7 a 14 d\u00edas h\u00e1biles, seg\u00fan su ubicaci\u00f3n.<\/p>\n<p><strong>P: \u00bfC\u00f3mo puedo realizar un seguimiento de mi pedido?<\/strong><br \/>\nR: Despu\u00e9s del env\u00edo, recibir\u00e1 un correo electr\u00f3nico de confirmaci\u00f3n con un n\u00famero de seguimiento para realizar un seguimiento en tiempo real.<\/p>\n<p><strong>P: \u00bfCu\u00e1l es su pol\u00edtica de devoluci\u00f3n?<\/strong><br \/>\nR: Ofrecemos una pol\u00edtica de devoluci\u00f3n de 30 d\u00edas para reembolsos o cambios. .<\/p>\n<p><strong>P: \u00bfHabr\u00e1 alg\u00fan problema aduanero?<br \/>\n<\/strong>Nos encargamos de todos los procedimientos de despacho de aduanas para garantizarle una experiencia sin complicaciones. .<\/p>\n<p><strong>P: \u00bfQu\u00e9 m\u00e9todos de env\u00edo se utilizan?<\/strong><br \/>\nCooperamos con UPS\/DHL\/FEDEX\/DPD, etc. Elegiremos la opci\u00f3n de env\u00edo adecuada seg\u00fan el pa\u00eds de entrega para asegurarnos de que reciba sus productos lo m\u00e1s r\u00e1pido posible.<\/p>\n<p><a href=\"https:\/\/pgvape.com\/es\/preguntas-frecuentes\/\">Haga clic aqu\u00ed para m\u00e1s preguntas frecuentes<\/a><\/p>\n<p>Estimados clientes: Si tienen alguna pregunta sobre su pedido o la llegada de la mercanc\u00eda, comun\u00edquese con nuestro servicio de atenci\u00f3n al cliente. \u00a1Gracias!<\/p>\n<h3 data-sourcepos=\"73:1-73:21\"><strong data-sourcepos=\"73:7-73:21\">Cont\u00e1ctenos<\/strong><\/h3>\n<div id=\"text-2419739398\" class=\"text\">\n<p><strong data-sourcepos=\"75:3-75:12\">Correo electr\u00f3nico<\/strong>:\u00a0<a href=\"mailto:support@pgvape.com\"><strong>support@pgvape.com<\/strong><\/a><\/p>\n<p><strong data-sourcepos=\"76:3-76:15\">WhatsApp<\/strong>: <a href=\"https:\/\/wa.me\/+8618128481258\"><strong>+86 18128481258<\/strong><\/a><br \/>\n<strong>(Respuesta dentro de las 24 horas en d\u00edas h\u00e1biles)<\/strong><\/p>\n<\/div>\n<h3><strong>\u00a1Gracias por elegir pgvape.com! .<\/strong><\/h3>\n<\/div>","protected":false},"excerpt":{"rendered":"<p>Con <strong data-sourcepos=\"54:6-54:19\">60.000 bocanadas<\/strong>, <strong data-sourcepos=\"54:21-54:47\">enfriamiento de hielo ajustable<\/strong>, y <strong data-sourcepos=\"54:53-54:75\">bobinas de malla premium<\/strong>, el <strong data-sourcepos=\"54:81-54:107\">Bang King helado 60K<\/strong> domina el mercado de vaporizadores mentolados. <strong data-sourcepos=\"54:143-54:157\">12 sabores<\/strong> y <strong data-sourcepos=\"54:162-54:184\">seguimiento LED inteligente<\/strong> atender a todas las preferencias.<\/p>","protected":false},"featured_media":675,"comment_status":"open","ping_status":"closed","template":"","meta":{"_seopress_robots_primary_cat":"none","_seopress_titles_title":"","_seopress_titles_desc":"","_seopress_robots_index":""},"product_brand":[19,516],"product_cat":[48,18,515],"product_tag":[51,52,57,58,59,60],"class_list":{"0":"post-672","1":"product","2":"type-product","3":"status-publish","4":"has-post-thumbnail","6":"product_brand-bang-king-vape","7":"product_brand-disposable-vape","8":"product_cat-60k-puffs-vape","9":"product_cat-bang-king-vape","10":"product_cat-disposable-vape","11":"product_tag-60k-puffs","12":"product_tag-60k-vape","13":"product_tag-adjustable-ice-level","14":"product_tag-bang-king-ice-cool-60000","15":"product_tag-mouth-to-lung-mtl","16":"product_tag-smart-screen-display","18":"first","19":"instock","20":"sale","21":"shipping-taxable","22":"purchasable","23":"product-type-variable"},"_links":{"self":[{"href":"https:\/\/pgvape.com\/es\/wp-json\/wp\/v2\/product\/672","targetHints":{"allow":["GET"]}}],"collection":[{"href":"https:\/\/pgvape.com\/es\/wp-json\/wp\/v2\/product"}],"about":[{"href":"https:\/\/pgvape.com\/es\/wp-json\/wp\/v2\/types\/product"}],"replies":[{"embeddable":true,"href":"https:\/\/pgvape.com\/es\/wp-json\/wp\/v2\/comments?post=672"}],"wp:featuredmedia":[{"embeddable":true,"href":"https:\/\/pgvape.com\/es\/wp-json\/wp\/v2\/media\/675"}],"wp:attachment":[{"href":"https:\/\/pgvape.com\/es\/wp-json\/wp\/v2\/media?parent=672"}],"wp:term":[{"taxonomy":"product_brand","embeddable":true,"href":"https:\/\/pgvape.com\/es\/wp-json\/wp\/v2\/product_brand?post=672"},{"taxonomy":"product_cat","embeddable":true,"href":"https:\/\/pgvape.com\/es\/wp-json\/wp\/v2\/product_cat?post=672"},{"taxonomy":"product_tag","embeddable":true,"href":"https:\/\/pgvape.com\/es\/wp-json\/wp\/v2\/product_tag?post=672"}],"curies":[{"name":"wp","href":"https:\/\/api.w.org\/{rel}","templated":true}]}}