{"id":6685,"date":"2025-11-18T06:12:37","date_gmt":"2025-11-18T06:12:37","guid":{"rendered":"https:\/\/pgvape.com\/?post_type=product&#038;p=6685"},"modified":"2026-03-15T13:15:56","modified_gmt":"2026-03-15T13:15:56","slug":"jnr-rage-gorilla-55000-55k-sopla-directo-de-fabrica-de-vape-de-bobina-de-malla-dual-vape-desechable","status":"publish","type":"product","link":"https:\/\/pgvape.com\/es\/producto\/jnr-rage-gorilla-55000-55k-sopla-directo-de-fabrica-de-vape-de-bobina-de-malla-dual-vape-desechable\/","title":{"rendered":"JNR Rage Gorilla 55000 55K sopla f\u00e1brica dual disponible de Vape de la bobina de la malla de Vape directo"},"content":{"rendered":"<p><strong data-sourcepos=\"8:5-8:29\">JNR Rage Gorila 55K<\/strong> ofrece potencia bruta y resistencia con <strong data-sourcepos=\"8:68-8:93\">55.000 bocanadas colosales<\/strong> y una enorme capacidad de e-l\u00edquido de **42 ml. <strong data-sourcepos=\"8:147-8:178\">Bater\u00eda recargable de 950 mAh.<\/strong> y equipado con <strong data-sourcepos=\"8:197-8:216\">bobinas de malla dual<\/strong>, este dispositivo est\u00e1 dise\u00f1ado para vapeadores que se niegan a ceder en <strong data-sourcepos=\"8:278-8:291\">longevidad<\/strong>, <strong data-sourcepos=\"8:293-8:313\">intensidad del sabor<\/strong>, y <strong data-sourcepos=\"8:319-8:339\">producci\u00f3n de vapor<\/strong>.<img loading=\"lazy\" decoding=\"async\" class=\"alignnone wp-image-7359 size-full\" src=\"https:\/\/pgvape.com\/wp-content\/uploads\/2025\/11\/JNR-Rage-Gorilla-55K-Puffs-Disposable-Vape-pgvape-4.png\" alt=\"Anuncio atrevido que muestra dos dispositivos de vapeo desechables &quot;RageGorilla&quot; de JNR decorados con ilustraciones de gorilas con armadura ardiente, uno con la etiqueta Cherry Cola, junto con cajas de productos e \u00edconos que enumeran caracter\u00edsticas (hasta 55,000 inhalaciones, 42 ml de e-l\u00edquido, pantalla inteligente, bobina de malla doble, USB tipo C y 950 mAh) frente a un espectacular cielo volc\u00e1nico.\" width=\"1920\" height=\"1080\" srcset=\"https:\/\/pgvape.com\/wp-content\/uploads\/2025\/11\/JNR-Rage-Gorilla-55K-Puffs-Disposable-Vape-pgvape-4.png 1920w, https:\/\/pgvape.com\/wp-content\/uploads\/2025\/11\/JNR-Rage-Gorilla-55K-Puffs-Disposable-Vape-pgvape-4-555x312.png 555w, https:\/\/pgvape.com\/wp-content\/uploads\/2025\/11\/JNR-Rage-Gorilla-55K-Puffs-Disposable-Vape-pgvape-4-595x335.png 595w, https:\/\/pgvape.com\/wp-content\/uploads\/2025\/11\/JNR-Rage-Gorilla-55K-Puffs-Disposable-Vape-pgvape-4-400x225.png 400w, https:\/\/pgvape.com\/wp-content\/uploads\/2025\/11\/JNR-Rage-Gorilla-55K-Puffs-Disposable-Vape-pgvape-4-768x432.png 768w, https:\/\/pgvape.com\/wp-content\/uploads\/2025\/11\/JNR-Rage-Gorilla-55K-Puffs-Disposable-Vape-pgvape-4-1536x864.png 1536w, https:\/\/pgvape.com\/wp-content\/uploads\/2025\/11\/JNR-Rage-Gorilla-55K-Puffs-Disposable-Vape-pgvape-4-18x10.png 18w, https:\/\/pgvape.com\/wp-content\/uploads\/2025\/11\/JNR-Rage-Gorilla-55K-Puffs-Disposable-Vape-pgvape-4-600x338.png 600w\" sizes=\"auto, (max-width: 1920px) 100vw, 1920px\" \/><\/p>\n<p>&nbsp;<\/p>\n<h3><span style=\"font-size: 90%;\">JNR Rage Gorilla 55000 | 55K inhalaciones Vape desechable <strong data-sourcepos=\"10:5-10:31\">Presupuesto<\/strong><\/span><\/h3>\n<p><strong data-sourcepos=\"19:3-19:17\">Conteo de bocanadas<\/strong>: 55.000 bocanadas<\/p>\n<p><strong data-sourcepos=\"20:3-20:15\">E-l\u00edquido<\/strong>: 42 ml precargados (nicotina 2%)<\/p>\n<p><strong data-sourcepos=\"21:3-21:14\">Bater\u00eda<\/strong>: 950 mAh (USB-C recargable)<\/p>\n<p><strong data-sourcepos=\"22:3-22:11\">Bobina<\/strong>: Doble malla para un rendimiento \u00f3ptimo.<\/p>\n<p><strong data-sourcepos=\"23:3-23:17\">Dimensiones<\/strong>: 55x34x119mm<\/p>\n<p>&nbsp;<\/p>\n<h3><span style=\"font-size: 90%;\">JNR Rage Gorilla 55000 | 55K inhalaciones Vape desechable <strong data-sourcepos=\"22:5-22:20\">Lista de sabores<\/strong><\/span><\/h3>\n<p><strong data-sourcepos=\"27:5-27:23\">1.Hielo de fresa<\/strong><\/p>\n<p><strong data-sourcepos=\"28:5-28:20\">2.Cola de cereza<\/strong><\/p>\n<p><strong data-sourcepos=\"29:5-29:23\">3.Hielo de sand\u00eda<\/strong><\/p>\n<p><strong data-sourcepos=\"30:5-30:25\">4. Cereza azul Razz<\/strong><\/p>\n<p><strong data-sourcepos=\"31:5-31:24\">5.kiwi fresa<\/strong><\/p>\n<p><strong data-sourcepos=\"32:5-32:22\">6.melocotones jugosos<\/strong><\/p>\n<p><strong data-sourcepos=\"33:5-33:22\">7.Hielo de ar\u00e1ndanos<\/strong><\/p>\n<p><strong data-sourcepos=\"34:5-34:22\">8.Bayas mixtas<\/strong><\/p>\n<p><strong data-sourcepos=\"35:5-35:21\">9.Doble manzana<\/strong><\/p>\n<p><strong data-sourcepos=\"36:5-36:21\">10.Cereza y baya<\/strong><\/p>\n<p><strong data-sourcepos=\"37:5-37:35\">11.Ar\u00e1ndano, Frambuesa, Cereza<\/strong><\/p>\n<p><strong data-sourcepos=\"38:5-38:34\">12.Hielo de sand\u00eda y fresa<\/strong><\/p>\n<p><strong data-sourcepos=\"39:5-39:28\">13.Hielo de sand\u00eda y kiwi<\/strong><\/p>\n<p><strong data-sourcepos=\"40:5-40:33\">14. Frambuesa agria de ar\u00e1ndanos<\/strong><\/p>\n<p><strong data-sourcepos=\"41:5-41:25\">15. Razz de melocot\u00f3n blanco<\/strong><\/p>\n<p><strong data-sourcepos=\"42:5-42:28\">16. Mango Fruta de la Pasi\u00f3n<\/strong><\/p>\n<p><strong data-sourcepos=\"43:5-43:31\">17. Sand\u00eda Melocot\u00f3n Mango<\/strong><\/p>\n<p><strong data-sourcepos=\"44:5-44:29\">18.Chicle de sand\u00eda<\/strong><\/p>\n<p><strong data-sourcepos=\"45:5-45:26\">19.Pl\u00e1tano Fresa<\/strong><\/p>\n<p><strong data-sourcepos=\"46:5-46:27\">20.Guayaba Kiwi Pasi\u00f3n<img loading=\"lazy\" decoding=\"async\" class=\"alignnone wp-image-7360 size-full\" src=\"https:\/\/pgvape.com\/wp-content\/uploads\/2025\/11\/JNR-Rage-Gorilla-55K-Puffs-Disposable-Vape-pgvape-5.png\" alt=\"P\u00f3ster promocional de JNR que muestra 20 coloridos dispositivos de vapeo desechables con ilustraciones con temas de gorilas etiquetados con varias frutas y sabores helados bajo el t\u00edtulo \u201c\u00a120 sabores nuevos y emocionantes! Hasta 55,000 inhalaciones\u201d, el logotipo de JNR y el sitio web en la esquina sobre un fondo ahumado.\" width=\"1920\" height=\"1080\" srcset=\"https:\/\/pgvape.com\/wp-content\/uploads\/2025\/11\/JNR-Rage-Gorilla-55K-Puffs-Disposable-Vape-pgvape-5.png 1920w, https:\/\/pgvape.com\/wp-content\/uploads\/2025\/11\/JNR-Rage-Gorilla-55K-Puffs-Disposable-Vape-pgvape-5-555x312.png 555w, https:\/\/pgvape.com\/wp-content\/uploads\/2025\/11\/JNR-Rage-Gorilla-55K-Puffs-Disposable-Vape-pgvape-5-595x335.png 595w, https:\/\/pgvape.com\/wp-content\/uploads\/2025\/11\/JNR-Rage-Gorilla-55K-Puffs-Disposable-Vape-pgvape-5-400x225.png 400w, https:\/\/pgvape.com\/wp-content\/uploads\/2025\/11\/JNR-Rage-Gorilla-55K-Puffs-Disposable-Vape-pgvape-5-768x432.png 768w, https:\/\/pgvape.com\/wp-content\/uploads\/2025\/11\/JNR-Rage-Gorilla-55K-Puffs-Disposable-Vape-pgvape-5-1536x864.png 1536w, https:\/\/pgvape.com\/wp-content\/uploads\/2025\/11\/JNR-Rage-Gorilla-55K-Puffs-Disposable-Vape-pgvape-5-18x10.png 18w, https:\/\/pgvape.com\/wp-content\/uploads\/2025\/11\/JNR-Rage-Gorilla-55K-Puffs-Disposable-Vape-pgvape-5-600x338.png 600w\" sizes=\"auto, (max-width: 1920px) 100vw, 1920px\" \/><\/strong><\/p>\n<p>&nbsp;<\/p>\n<h3><span style=\"font-size: 90%;\">JNR Rage Gorilla 55000 | 55K inhalaciones Vape desechable <strong>Video<\/strong>:<\/span><\/h3>\n<p><iframe loading=\"lazy\" title=\"JNR Rage Gorilla 55K Puffs Vape desechable Bobina de malla dual Pantalla inteligente | Vape Factory Direct pgvape\" width=\"1020\" height=\"574\" src=\"https:\/\/www.youtube.com\/embed\/hWtpWtyxD0c?feature=oembed\" frameborder=\"0\" allow=\"accelerometer; autoplay; clipboard-write; encrypted-media; gyroscope; picture-in-picture; web-share\" referrerpolicy=\"strict-origin-when-cross-origin\" allowfullscreen><\/iframe><\/p>\n<p>&nbsp;<\/p>\n<h2><span style=\"font-size: 90%;\">Preguntas frecuentes sobre JNR Rage Gorilla 55000 | 55K Puffs Vape desechable<\/span><\/h2>\n<p data-sourcepos=\"49:1-50:85\">\u2753 <strong data-sourcepos=\"49:3-49:46\">\u00bfUn dispositivo tan grande parece port\u00e1til?<\/strong><br \/>\n\u2705 A pesar de su potencia, el compacto <strong data-sourcepos=\"50:34-50:51\">Dise\u00f1o de 139,7 g.<\/strong> Es ergon\u00f3mico y de bolsillo.<\/p>\n<p data-sourcepos=\"52:1-53:76\">\u2753 <strong data-sourcepos=\"52:3-52:57\">\u00bfC\u00f3mo mejoran la experiencia las bobinas de doble malla?<\/strong><br \/>\n\u2705 Proporcionan <strong data-sourcepos=\"53:16-53:40\">calentamiento simult\u00e1neo<\/strong> para un sabor m\u00e1s rico y un vapor m\u00e1s denso.<\/p>\n<p data-sourcepos=\"55:1-56:90\">\u2753 <strong data-sourcepos=\"55:3-55:46\">\u00bfCu\u00e1l es la concentraci\u00f3n de nicotina incluida?<\/strong><br \/>\n\u2705 Cada dispositivo viene precargado con <strong data-sourcepos=\"56:37-56:64\">Sal de nicotina 2% (20 mg)<\/strong> para un golpe suave y potente.<\/p>\n<p data-sourcepos=\"58:1-59:93\">\u2753 <strong data-sourcepos=\"58:3-58:38\">\u00bfLa duraci\u00f3n de la bater\u00eda es suficiente?<\/strong><br \/>\n\u2705 El enorme <strong data-sourcepos=\"59:12-59:30\">bater\u00eda de 950 mAh<\/strong> garantiza que el dispositivo dure toda su capacidad de e-l\u00edquido.<\/p>\n<p data-sourcepos=\"61:1-62:92\">\u2753 <strong data-sourcepos=\"61:3-61:42\">\u00bfQu\u00e9 sabores son los m\u00e1s populares?<br \/>\n<\/strong> \u2705 <strong data-sourcepos=\"62:3-62:21\">Hielo de fresa<\/strong>, <strong data-sourcepos=\"62:23-62:41\">Hielo de sand\u00eda<\/strong>, y <strong data-sourcepos=\"62:47-62:64\">Melocotones Jugosos<\/strong> son consistentemente los mejor calificados.<\/p>\n<p>&nbsp;<\/p>\n<h3 id=\"brxe-najhln\" class=\"brxe-heading\">Preguntas frecuentes (FAQ)<\/h3>\n<div id=\"brxe-rajiac\" class=\"brxe-text\">\n<p><strong>P: \u00bfQu\u00e9 m\u00e9todos de pago aceptan?<\/strong><br \/>\nR: Aceptamos PayPal, Stripe, transferencias bancarias (compatibles con SEPA), las principales tarjetas de cr\u00e9dito (Visa, MasterCard, American Express) y pagos con criptomonedas.<\/p>\n<p><strong>P: \u00bfCu\u00e1nto tiempo lleva la preparaci\u00f3n del pedido?<\/strong><br \/>\nR: La preparaci\u00f3n del pedido demora entre 1 y 3 d\u00edas h\u00e1biles.<\/p>\n<p><strong>P: \u00bfCu\u00e1l es el tiempo de env\u00edo?<\/strong><br \/>\nR: El tiempo de env\u00edo es de 7 a 14 d\u00edas h\u00e1biles, seg\u00fan su ubicaci\u00f3n.<\/p>\n<p><strong>P: \u00bfC\u00f3mo puedo realizar un seguimiento de mi pedido?<\/strong><br \/>\nR: Despu\u00e9s del env\u00edo, recibir\u00e1 un correo electr\u00f3nico de confirmaci\u00f3n con un n\u00famero de seguimiento para realizar un seguimiento en tiempo real.<\/p>\n<p><strong>P: \u00bfCu\u00e1l es su pol\u00edtica de devoluci\u00f3n?<\/strong><br \/>\nR: Ofrecemos una pol\u00edtica de devoluci\u00f3n de 30 d\u00edas para reembolsos o cambios. .<\/p>\n<p><strong>P: \u00bfHabr\u00e1 alg\u00fan problema aduanero?<br \/>\n<\/strong>Nos encargamos de todos los procedimientos de despacho de aduanas para garantizarle una experiencia sin complicaciones. .<\/p>\n<p><strong>P: \u00bfQu\u00e9 m\u00e9todos de env\u00edo se utilizan?<\/strong><br \/>\nCooperamos con UPS\/DHL\/FEDEX\/DPD, etc. Elegiremos la opci\u00f3n de env\u00edo adecuada seg\u00fan el pa\u00eds de entrega para asegurarnos de que reciba sus productos lo m\u00e1s r\u00e1pido posible.<\/p>\n<p><a href=\"https:\/\/pgvape.com\/es\/preguntas-frecuentes\/\">Haga clic aqu\u00ed para m\u00e1s preguntas frecuentes<\/a><\/p>\n<p>Estimados clientes: Si tienen alguna pregunta sobre su pedido o la llegada de la mercanc\u00eda, comun\u00edquese con nuestro servicio de atenci\u00f3n al cliente. \u00a1Gracias!<\/p>\n<h3 data-sourcepos=\"73:1-73:21\"><strong data-sourcepos=\"73:7-73:21\">Cont\u00e1ctenos<\/strong><\/h3>\n<div id=\"text-2419739398\" class=\"text\">\n<p><strong data-sourcepos=\"75:3-75:12\">Correo electr\u00f3nico<\/strong>:\u00a0<a href=\"mailto:support@pgvape.com\"><strong>support@pgvape.com<\/strong><\/a><\/p>\n<p><strong data-sourcepos=\"76:3-76:15\">WhatsApp<\/strong>:\u00a0<a href=\"https:\/\/wa.me\/+8618128481258\"><strong>+86 18128481258<\/strong><\/a><br \/>\n<strong>(Respuesta dentro de las 24 horas en d\u00edas h\u00e1biles)<\/strong><\/p>\n<\/div>\n<h3><strong>\u00a1Gracias por elegir pgvape.com! .<\/strong><\/h3>\n<\/div>","protected":false},"excerpt":{"rendered":"<p>Dise\u00f1ado para la resistencia, el <strong data-sourcepos=\"70:31-70:55\">JNR Rage Gorila 55K<\/strong> paquetes <strong data-sourcepos=\"70:62-70:78\">55.000 bocanadas<\/strong>, <strong data-sourcepos=\"70:80-70:99\">bobinas de malla dual<\/strong>, y un <strong data-sourcepos=\"70:107-70:125\">bater\u00eda de 950 mAh<\/strong> para dominar tu rutina de vapeo.<\/p>","protected":false},"featured_media":7356,"comment_status":"open","ping_status":"closed","template":"","meta":{"_seopress_robots_primary_cat":"none","_seopress_titles_title":"%%post_title%% %%sep%% %%sitetitle%%","_seopress_titles_desc":"","_seopress_robots_index":""},"product_brand":[516,228],"product_cat":[466,515,29],"product_tag":[468,90,257,467,136,204],"class_list":{"0":"post-6685","1":"product","2":"type-product","3":"status-publish","4":"has-post-thumbnail","6":"product_brand-disposable-vape","7":"product_brand-jnr-vape","8":"product_cat-55k-puffs-vape","9":"product_cat-disposable-vape","10":"product_cat-jnr-vape","11":"product_tag-55k-puffs-vape","12":"product_tag-disposable-vape","13":"product_tag-dual-mesh-coil","14":"product_tag-jnr-rage-gorilla-55000","15":"product_tag-smart-screen","16":"product_tag-vape-factory-direct","18":"first","19":"instock","20":"sale","21":"shipping-taxable","22":"purchasable","23":"product-type-variable"},"_links":{"self":[{"href":"https:\/\/pgvape.com\/es\/wp-json\/wp\/v2\/product\/6685","targetHints":{"allow":["GET"]}}],"collection":[{"href":"https:\/\/pgvape.com\/es\/wp-json\/wp\/v2\/product"}],"about":[{"href":"https:\/\/pgvape.com\/es\/wp-json\/wp\/v2\/types\/product"}],"replies":[{"embeddable":true,"href":"https:\/\/pgvape.com\/es\/wp-json\/wp\/v2\/comments?post=6685"}],"wp:featuredmedia":[{"embeddable":true,"href":"https:\/\/pgvape.com\/es\/wp-json\/wp\/v2\/media\/7356"}],"wp:attachment":[{"href":"https:\/\/pgvape.com\/es\/wp-json\/wp\/v2\/media?parent=6685"}],"wp:term":[{"taxonomy":"product_brand","embeddable":true,"href":"https:\/\/pgvape.com\/es\/wp-json\/wp\/v2\/product_brand?post=6685"},{"taxonomy":"product_cat","embeddable":true,"href":"https:\/\/pgvape.com\/es\/wp-json\/wp\/v2\/product_cat?post=6685"},{"taxonomy":"product_tag","embeddable":true,"href":"https:\/\/pgvape.com\/es\/wp-json\/wp\/v2\/product_tag?post=6685"}],"curies":[{"name":"wp","href":"https:\/\/api.w.org\/{rel}","templated":true}]}}