{"id":6226,"date":"2025-11-15T08:06:44","date_gmt":"2025-11-15T08:06:44","guid":{"rendered":"https:\/\/pgvape.com\/?post_type=product&#038;p=6226"},"modified":"2026-04-18T15:31:11","modified_gmt":"2026-04-18T15:31:11","slug":"bang-leader-32000-32k-inhalaciones-de-sabores-duales-envio-de-vape-desechable-desde-la-ue-envio-gratis-vape-directo-de-fabrica","status":"publish","type":"product","link":"https:\/\/pgvape.com\/es\/producto\/bang-leader-32000-32k-inhalaciones-de-sabores-duales-envio-de-vape-desechable-desde-la-ue-envio-gratis-vape-directo-de-fabrica\/","title":{"rendered":"Bang Leader 32000 | 32K Puffs Vape desechable de sabores duales | Env\u00edo desde la UE | Env\u00edo gratis | Vape Factory Direct"},"content":{"rendered":"<p><strong data-sourcepos=\"4:5-4:59\">Bang Leader 32K Puffs Vape desechable de sabores duales<\/strong>\u00a0redefine la versatilidad con\u00a0<strong data-sourcepos=\"4:87-4:103\">32.000 bocanadas<\/strong>\u00a0y un\u00a0<strong data-sourcepos=\"4:110-4:129\">sistema de doble c\u00e1psula<\/strong>\u00a0(28ml+28ml).\u00a0<strong data-sourcepos=\"4:153-4:172\">bobinas de malla dual<\/strong>\u00a0para\u00a0<strong data-sourcepos=\"4:177-4:196\">sabor mejorado<\/strong>,  y\u00a0<strong data-sourcepos=\"4:245-4:271\">18 combinaciones de sabores<\/strong>.\u00a0<strong data-sourcepos=\"4:288-4:317\">mecanismo de deslizamiento para cambiar<\/strong>\u00a0permite cambios instant\u00e1neos de sabor, mientras que el\u00a0<strong data-sourcepos=\"4:359-4:390\">Bater\u00eda recargable de 650 mAh.<\/strong>\u00a0con\u00a0<strong data-sourcepos=\"4:396-4:415\">Carga tipo C<\/strong>\u00a0garantiza un uso ininterrumpido.\u00a0<strong data-sourcepos=\"4:452-4:472\">10 unidades por caja<\/strong> para comodidad minorista.Bang Leader 32K Enviado directamente desde nuestro almac\u00e9n de la UE, garantiza una entrega r\u00e1pida, libre de impuestos y autenticidad 100%, brind\u00e1ndole una experiencia de vapeo de primer nivel directamente a su puerta.<\/p>\n<p>&nbsp;<\/p>\n<h2><span style=\"font-size: 90%;\">Bang Leader 32000 | 32K sopla Vape desechable de sabores duales\u00a0<strong data-sourcepos=\"6:5-6:27\">Presupuesto<\/strong><\/span><\/h2>\n<p><strong data-sourcepos=\"7:3-7:17\">Conteo de bocanadas<\/strong>:\u00a0<strong data-sourcepos=\"7:19-7:35\">32.000 bocanadas<\/strong><\/p>\n<p><strong data-sourcepos=\"8:3-8:15\">E-l\u00edquido<\/strong>:\u00a0<strong data-sourcepos=\"8:17-8:31\">56 ml en total<\/strong>\u00a0(28 ml x 2 c\u00e1psulas)<\/p>\n<p><strong data-sourcepos=\"9:3-9:15\">Nicotina<\/strong>: <strong data-sourcepos=\"9:17-9:38\">2%<\/strong><\/p>\n<p><strong data-sourcepos=\"10:3-10:11\">Bobina<\/strong>:\u00a0<strong data-sourcepos=\"10:13-10:31\">Bobina de malla doble<\/strong>\u00a0(1,0 \u03a9)<\/p>\n<p><strong data-sourcepos=\"11:3-11:14\">Bater\u00eda<\/strong>:\u00a0<strong data-sourcepos=\"11:16-11:39\">capacidad, una bobina de triple malla,<\/strong><\/p>\n<p><strong data-sourcepos=\"12:3-12:15\">Cargando<\/strong>:\u00a0<strong data-sourcepos=\"12:17-12:41\">Carga r\u00e1pida tipo C<\/strong><\/p>\n<p><strong data-sourcepos=\"13:3-13:20\">Cambio de sabor<\/strong>:\u00a0<strong data-sourcepos=\"13:22-13:41\">Mecanismo deslizante<\/strong><\/p>\n<p><strong data-sourcepos=\"14:3-14:14\">Sabores<\/strong>:\u00a0<strong data-sourcepos=\"14:16-14:35\">18 combinaciones<\/strong><\/p>\n<p><strong data-sourcepos=\"15:3-15:16\">Embalaje<\/strong>:\u00a0<strong data-sourcepos=\"15:18-15:40\">10 unidades\/caja de presentaci\u00f3n<\/strong><\/p>\n<p><strong data-sourcepos=\"15:3-15:28\">Env\u00edo al almac\u00e9n de la UE<\/strong>\u00a0\u2013 Entrega r\u00e1pida y libre de impuestos<\/p>\n<p>&nbsp;<\/p>\n<h3><span style=\"font-size: 90%;\">Bang Leader 32000 | 32K sopla Vape desechable de sabores duales\u00a0<strong data-start=\"786\" data-end=\"804\" data-is-only-node=\"\">Variedad de sabores<\/strong><\/span><\/h3>\n<p>1.Hielo de sand\u00eda y menta de ar\u00e1ndanos<\/p>\n<p>2.Hielo de sand\u00eda, fresa y mango<\/p>\n<p>3.Fresa, sand\u00eda y kiwi, maracuy\u00e1 y maracuy\u00e1<\/p>\n<p>4.Helado de fresa, sand\u00eda y uva<\/p>\n<p>5.Ar\u00e1ndano, Frambuesa y Melocot\u00f3n, Mango, Sand\u00eda<\/p>\n<p>6.Ar\u00e1ndano, Sand\u00eda y Fresa Mango<\/p>\n<p>7. Hielo de ar\u00e1ndano y hielo de drag\u00f3n negro<\/p>\n<p>8.Hielo de ar\u00e1ndanos, fresa y pl\u00e1tano<\/p>\n<p>9. Sand\u00eda Red Bull y Ar\u00e1ndanos<\/p>\n<p>10.Dulces de burbujas de Red Bull y sand\u00eda<\/p>\n<p>11.Helado de fresa, kiwi y melocot\u00f3n<\/p>\n<p>12.Fresa, kiwi y manzana agria y frambuesa<\/p>\n<p>13.Helado de pl\u00e1tano y cereza de ar\u00e1ndanos<\/p>\n<p>14.Hielo de aguacate y lima lim\u00f3n<\/p>\n<p>15.Cola helada y ar\u00e1ndano cereza<\/p>\n<p>16.Hielo de pi\u00f1a y mango triple<\/p>\n<p>17. Hielo de lichi y pi\u00f1a, melocot\u00f3n y mango<\/p>\n<p>18.Mel\u00f3n dulce y frambuesa sand\u00eda<img loading=\"lazy\" decoding=\"async\" class=\"alignnone wp-image-6231 size-full\" src=\"https:\/\/pgvape.com\/wp-content\/uploads\/2025\/11\/pgvape-Bang-Leader-32000-32k-Puffs-Dual-Flavors-Disposable-Vape-Shipment-from-EU-Free-Shipping-3.png\" alt=\"Doce dispositivos de vapeo desechables con gradientes de colores etiquetados BANG LEADER y 32,000 bocanadas dispuestas en una cuadr\u00edcula sobre un fondo ahumado en colores pastel, cada uno acompa\u00f1ado de \u00edconos de frutas, hielo o bebidas que indican sabores como sand\u00eda, ar\u00e1ndano, fresa, mango, kiwi, maracuy\u00e1, uva, pl\u00e1tano, Red Bull, caramelo de burbujas, melocot\u00f3n y frambuesa.\" width=\"1500\" height=\"1568\" srcset=\"https:\/\/pgvape.com\/wp-content\/uploads\/2025\/11\/pgvape-Bang-Leader-32000-32k-Puffs-Dual-Flavors-Disposable-Vape-Shipment-from-EU-Free-Shipping-3.png 1500w, https:\/\/pgvape.com\/wp-content\/uploads\/2025\/11\/pgvape-Bang-Leader-32000-32k-Puffs-Dual-Flavors-Disposable-Vape-Shipment-from-EU-Free-Shipping-3-344x360.png 344w, https:\/\/pgvape.com\/wp-content\/uploads\/2025\/11\/pgvape-Bang-Leader-32000-32k-Puffs-Dual-Flavors-Disposable-Vape-Shipment-from-EU-Free-Shipping-3-595x622.png 595w, https:\/\/pgvape.com\/wp-content\/uploads\/2025\/11\/pgvape-Bang-Leader-32000-32k-Puffs-Dual-Flavors-Disposable-Vape-Shipment-from-EU-Free-Shipping-3-383x400.png 383w, https:\/\/pgvape.com\/wp-content\/uploads\/2025\/11\/pgvape-Bang-Leader-32000-32k-Puffs-Dual-Flavors-Disposable-Vape-Shipment-from-EU-Free-Shipping-3-768x803.png 768w, https:\/\/pgvape.com\/wp-content\/uploads\/2025\/11\/pgvape-Bang-Leader-32000-32k-Puffs-Dual-Flavors-Disposable-Vape-Shipment-from-EU-Free-Shipping-3-1469x1536.png 1469w, https:\/\/pgvape.com\/wp-content\/uploads\/2025\/11\/pgvape-Bang-Leader-32000-32k-Puffs-Dual-Flavors-Disposable-Vape-Shipment-from-EU-Free-Shipping-3-11x12.png 11w, https:\/\/pgvape.com\/wp-content\/uploads\/2025\/11\/pgvape-Bang-Leader-32000-32k-Puffs-Dual-Flavors-Disposable-Vape-Shipment-from-EU-Free-Shipping-3-600x627.png 600w, https:\/\/pgvape.com\/wp-content\/uploads\/2025\/11\/pgvape-Bang-Leader-32000-32k-Puffs-Dual-Flavors-Disposable-Vape-Shipment-from-EU-Free-Shipping-3-38x40.png 38w\" sizes=\"auto, (max-width: 1500px) 100vw, 1500px\" \/><\/p>\n<p>&nbsp;<\/p>\n<h3><span style=\"font-size: 90%;\">Bang Leader 32000 | 32K sopla Vape desechable de sabores duales\u00a0<strong>Video<\/strong>:<\/span><\/h3>\n<p>&nbsp;<\/p>\n<h3 class=\"auto-hide-last-sibling-br paragraph-pP9ZLC paragraph-element br-paragraph-space\"><span style=\"font-size: 90%;\">\u00bfPor qu\u00e9 elegir el almac\u00e9n europeo de PGVape?<\/span><\/h3>\n<p>Env\u00edo r\u00e1pido: entrega a la mayor\u00eda de los pa\u00edses de la UE en un plazo de 3 a 7 d\u00edas h\u00e1biles.<\/p>\n<p>Entrega libre de impuestos: el stock local de la UE garantiza un env\u00edo fluido y libre de impuestos.<\/p>\n<p>Garant\u00eda aut\u00e9ntica 100%: cigarrillos electr\u00f3nicos Bang Leader aut\u00e9nticos de proveedores certificados.<\/p>\n<p>Inventario fresco: almacenado en condiciones controladas para garantizar una calidad \u00f3ptima.<\/p>\n<p>Con la confianza de los europeos: miles de clientes disfrutan de los servicios de cigarrillos electr\u00f3nicos r\u00e1pidos y seguros de PGVape.<\/p>\n<p>&nbsp;<\/p>\n<h2><span style=\"font-size: 90%;\">Preguntas frecuentes sobre Bang Leader 32000 | 32K Puffs Vape desechable de sabores duales<\/span><\/h2>\n<p data-sourcepos=\"30:1-31:102\">\u2753\u00a0<strong data-sourcepos=\"30:3-30:41\">\u00bfC\u00f3mo funciona el mecanismo deslizante?<\/strong><br \/>\n\u2705\u00a0Simplemente\u00a0<strong data-sourcepos=\"31:10-31:30\">deslizar hacia la izquierda\/derecha<\/strong>\u00a0para cambiar instant\u00e1neamente entre\u00a0<strong data-sourcepos=\"31:59-31:74\">dos sabores<\/strong>\u00a0sin cambiar de dispositivo.<\/p>\n<p data-sourcepos=\"33:1-34:91\">\u2753\u00a0<strong data-sourcepos=\"33:3-33:45\">\u00bfQu\u00e9 hace que la calidad del vapor sea superior?<\/strong><br \/>\n\u2705\u00a0<strong data-sourcepos=\"34:3-34:22\">Bobinas de malla dual<\/strong>\u00a0proporcionar\u00a0<strong data-sourcepos=\"34:31-34:50\">40% m\u00e1s sabor<\/strong>\u00a0que los desechables est\u00e1ndar de bobina simple.<\/p>\n<p data-sourcepos=\"36:1-37:98\">\u2753\u00a0<strong data-sourcepos=\"36:3-36:38\">\u00bfCu\u00e1nto dura la bater\u00eda?<\/strong><br \/>\n\u2705\u00a0<strong data-sourcepos=\"37:3-37:21\">bater\u00eda de 650 mAh<\/strong>\u00a0apoya\u00a0<strong data-sourcepos=\"37:31-37:43\">5-7 d\u00edas<\/strong>\u00a0de uso moderado;\u00a0<strong data-sourcepos=\"37:80-37:95\">~60 minutos<\/strong>.<\/p>\n<p data-sourcepos=\"39:1-40:99\">\u2753\u00a0<strong data-sourcepos=\"39:3-39:38\">\u00bfEs esto adecuado para minoristas?<\/strong><br \/>\n\u2705\u00a0<strong data-sourcepos=\"40:3-40:41\">Llamativas cajas expositoras de 10 unidades<\/strong>\u00a0con\u00a0<strong data-sourcepos=\"40:47-40:74\">etiquetado de sabor premium<\/strong>\u00a0maximizar el atractivo en los estantes.<\/p>\n<p data-sourcepos=\"39:1-40:99\">\u2753\u00a0<strong data-sourcepos=\"50:3-50:42\">\u00bfDesde d\u00f3nde se env\u00eda este producto?<\/strong><br \/>\n\u2705\u00a0Directo desde\u00a0<strong data-sourcepos=\"51:15-51:32\">Almacenes de la UE<\/strong>\u00a0para\u00a0<strong data-sourcepos=\"51:37-51:64\">entrega r\u00e1pida y libre de impuestos<\/strong>.<\/p>\n<p>&nbsp;<\/p>\n<h3 id=\"brxe-najhln\" class=\"brxe-heading\">Preguntas frecuentes (FAQ)<\/h3>\n<div id=\"brxe-rajiac\" class=\"brxe-text\">\n<p><strong>P: \u00bfQu\u00e9 m\u00e9todos de pago aceptan?<\/strong><br \/>\nR: Aceptamos PayPal, Stripe, transferencias bancarias (compatibles con SEPA), las principales tarjetas de cr\u00e9dito (Visa, MasterCard, American Express) y pagos con criptomonedas.<\/p>\n<p><strong>P: \u00bfCu\u00e1nto tiempo lleva la preparaci\u00f3n del pedido?<\/strong><br \/>\nR: La preparaci\u00f3n del pedido demora entre 1 y 3 d\u00edas h\u00e1biles.<\/p>\n<p><strong>P: \u00bfCu\u00e1l es el tiempo de env\u00edo?<\/strong><br \/>\nR: El tiempo de env\u00edo es de 7 a 14 d\u00edas h\u00e1biles, dependiendo de su ubicaci\u00f3n. Los productos enviados desde almacenes europeos generalmente demoran de 3 a 6 d\u00edas h\u00e1biles en entregarse.<\/p>\n<p><strong>P: \u00bfC\u00f3mo puedo realizar un seguimiento de mi pedido?<\/strong><br \/>\nR: Despu\u00e9s del env\u00edo, recibir\u00e1 un correo electr\u00f3nico de confirmaci\u00f3n con un n\u00famero de seguimiento para realizar un seguimiento en tiempo real.<\/p>\n<p><strong>P: \u00bfCu\u00e1l es su pol\u00edtica de devoluci\u00f3n?<\/strong><br \/>\nR: Ofrecemos una pol\u00edtica de devoluci\u00f3n de 30 d\u00edas para reembolsos o cambios. .<\/p>\n<p><strong>P: \u00bfHabr\u00e1 alg\u00fan problema aduanero?<br \/>\n<\/strong>Nos encargamos de todos los procedimientos de despacho de aduanas para garantizarle una experiencia sin complicaciones. .<\/p>\n<p><strong>P: \u00bfQu\u00e9 m\u00e9todos de env\u00edo se utilizan?<\/strong><br \/>\nCooperamos con UPS\/DHL\/FEDEX\/DPD, etc. Elegiremos la opci\u00f3n de env\u00edo adecuada seg\u00fan el pa\u00eds de entrega para asegurarnos de que reciba sus productos lo m\u00e1s r\u00e1pido posible.<\/p>\n<p><a href=\"https:\/\/pgvape.com\/es\/preguntas-frecuentes\/\">Haga clic aqu\u00ed para m\u00e1s preguntas frecuentes<\/a><\/p>\n<p>Estimados clientes: Si tienen alguna pregunta sobre su pedido o la llegada de la mercanc\u00eda, comun\u00edquese con nuestro servicio de atenci\u00f3n al cliente. \u00a1Gracias!<\/p>\n<h3 data-sourcepos=\"73:1-73:21\"><strong data-sourcepos=\"73:7-73:21\">Cont\u00e1ctenos<\/strong><\/h3>\n<div id=\"text-2419739398\" class=\"text\">\n<p><strong data-sourcepos=\"75:3-75:12\">Correo electr\u00f3nico<\/strong>:\u00a0<a href=\"mailto:support@pgvape.com\"><strong>support@pgvape.com<\/strong><\/a><\/p>\n<p><strong data-sourcepos=\"76:3-76:15\">WhatsApp<\/strong>:\u00a0<a href=\"https:\/\/wa.me\/+8618128481258\"><strong>+86 18128481258<\/strong><\/a><br \/>\n<strong>(Respuesta dentro de las 24 horas en d\u00edas h\u00e1biles)<\/strong><\/p>\n<\/div>\n<h3><strong>\u00a1Gracias por elegir pgvape.com! .<\/strong><\/h3>\n<\/div>","protected":false},"excerpt":{"rendered":"<p><strong data-sourcepos=\"43:5-43:30\">Bang Leader 32K bocanadas<\/strong>\u00a0combina\u00a0<strong data-sourcepos=\"43:40-43:70\">capacidad extendida de doble c\u00e1psula<\/strong>,\u00a0<strong data-sourcepos=\"43:72-43:100\">cambio de sabor instant\u00e1neo<\/strong>, y\u00a0<strong data-sourcepos=\"43:106-43:139\">Rendimiento de bobina de malla premium<\/strong>\u00a0con\u00a0<strong data-sourcepos=\"43:145-43:164\">18 pares de sabores<\/strong>\u00a0para m\u00e1xima versatilidad de vapeo.<\/p>","protected":false},"featured_media":6230,"comment_status":"open","ping_status":"closed","template":"","meta":{"_seopress_robots_primary_cat":"none","_seopress_titles_title":"%%post_title%% %%sep%% %%sitetitle%%","_seopress_titles_desc":"","_seopress_robots_index":""},"product_brand":[54,516],"product_cat":[515,461,362],"product_tag":[364,363,90,66,459,203],"class_list":{"0":"post-6226","1":"product","2":"type-product","3":"status-publish","4":"has-post-thumbnail","6":"product_brand-bang-leader-vape","7":"product_brand-disposable-vape","8":"product_cat-disposable-vape","9":"product_cat-bang-leader-vape-eu","10":"product_cat-32k-puffs-vape","11":"product_tag-32k-puffs-vape","12":"product_tag-bang-leader-32000","13":"product_tag-disposable-vape","14":"product_tag-dual-flavors","15":"product_tag-free-shipping","16":"product_tag-shipment-from-eu","18":"first","19":"instock","20":"sale","21":"shipping-taxable","22":"purchasable","23":"product-type-variable"},"_links":{"self":[{"href":"https:\/\/pgvape.com\/es\/wp-json\/wp\/v2\/product\/6226","targetHints":{"allow":["GET"]}}],"collection":[{"href":"https:\/\/pgvape.com\/es\/wp-json\/wp\/v2\/product"}],"about":[{"href":"https:\/\/pgvape.com\/es\/wp-json\/wp\/v2\/types\/product"}],"replies":[{"embeddable":true,"href":"https:\/\/pgvape.com\/es\/wp-json\/wp\/v2\/comments?post=6226"}],"wp:featuredmedia":[{"embeddable":true,"href":"https:\/\/pgvape.com\/es\/wp-json\/wp\/v2\/media\/6230"}],"wp:attachment":[{"href":"https:\/\/pgvape.com\/es\/wp-json\/wp\/v2\/media?parent=6226"}],"wp:term":[{"taxonomy":"product_brand","embeddable":true,"href":"https:\/\/pgvape.com\/es\/wp-json\/wp\/v2\/product_brand?post=6226"},{"taxonomy":"product_cat","embeddable":true,"href":"https:\/\/pgvape.com\/es\/wp-json\/wp\/v2\/product_cat?post=6226"},{"taxonomy":"product_tag","embeddable":true,"href":"https:\/\/pgvape.com\/es\/wp-json\/wp\/v2\/product_tag?post=6226"}],"curies":[{"name":"wp","href":"https:\/\/api.w.org\/{rel}","templated":true}]}}