{"id":6192,"date":"2025-11-15T07:22:31","date_gmt":"2025-11-15T07:22:31","guid":{"rendered":"https:\/\/pgvape.com\/?post_type=product&#038;p=6192"},"modified":"2026-04-18T15:31:10","modified_gmt":"2026-04-18T15:31:10","slug":"bang-leader-20000-20k-inhalaciones-envio-de-vape-desechable-desde-la-ue-envio-gratis-directo-de-fabrica-de-vape","status":"publish","type":"product","link":"https:\/\/pgvape.com\/es\/producto\/bang-leader-20000-20k-inhalaciones-envio-de-vape-desechable-desde-la-ue-envio-gratis-directo-de-fabrica-de-vape\/","title":{"rendered":"Bang Leader 20000 | 20K Puffs Vape desechable | Env\u00edo desde la UE | Env\u00edo gratis | Vape Factory Direct"},"content":{"rendered":"<p><strong data-sourcepos=\"4:5-4:48\">Bang Leader 20000 inhalaciones Vape desechable<\/strong>\u00a0entrega\u00a0<strong data-sourcepos=\"4:58-4:83\">satisfacci\u00f3n extendida<\/strong>\u00a0con\u00a0<strong data-sourcepos=\"4:89-4:105\">20.000 bocanadas<\/strong>\u00a0y\u00a0<strong data-sourcepos=\"4:110-4:136\">Capacidad de e-l\u00edquido de 28 ml.<\/strong>.\u00a0<strong data-sourcepos=\"4:148-4:167\">bobinas de malla dual<\/strong>\u00a0para\u00a0<strong data-sourcepos=\"4:172-4:191\">sabor mejorado<\/strong>, <strong data-sourcepos=\"4:203-4:235\">opciones<\/strong>\u00a0para adaptarse a todas las preferencias.\u00a0<strong data-sourcepos=\"4:265-4:296\">Bater\u00eda recargable de 650 mAh.<\/strong>\u00a0con\u00a0<strong data-sourcepos=\"4:302-4:321\">Carga tipo C<\/strong>\u00a0garantiza un rendimiento confiable.\u00a0<strong data-sourcepos=\"4:364-4:386\">12 sabores premium<\/strong>\u00a0en\u00a0<strong data-sourcepos=\"4:390-4:424\">Embalaje de 10 unidades listo para la venta al por menor.<\/strong>.<br \/>\nBang Leader 20K Enviado directamente desde nuestro almac\u00e9n de la UE, garantiza una entrega r\u00e1pida, libre de impuestos y autenticidad 100%, brind\u00e1ndole una experiencia de vapeo de primer nivel directamente a su puerta.<\/p>\n<p>&nbsp;<\/p>\n<h2><span style=\"font-size: 90%;\">Bang Leader 20000 | 20K inhala Vape desechable\u00a0<strong data-sourcepos=\"6:5-6:27\">Presupuesto<\/strong><\/span><\/h2>\n<p><strong data-sourcepos=\"7:3-7:17\">Conteo de bocanadas<\/strong>:\u00a0<strong data-sourcepos=\"7:19-7:35\">20.000 bocanadas<\/strong><\/p>\n<p><strong data-sourcepos=\"8:3-8:15\">E-l\u00edquido<\/strong>:\u00a0<strong data-sourcepos=\"8:17-8:34\">Capacidad de 28 ml.<\/strong><\/p>\n<p><strong data-sourcepos=\"9:3-9:15\">Nicotina<\/strong>:\u00a0<strong data-sourcepos=\"9:17-9:38\">2%<\/strong><\/p>\n<p><strong data-sourcepos=\"10:3-10:11\">Bobina<\/strong>:\u00a0<strong data-sourcepos=\"10:13-10:32\">Bobinas de malla dual<\/strong><\/p>\n<p><strong data-sourcepos=\"11:3-11:14\">Bater\u00eda<\/strong>:\u00a0<strong data-sourcepos=\"11:16-11:39\">capacidad, una bobina de triple malla,<\/strong><\/p>\n<p><strong data-sourcepos=\"12:3-12:15\">Cargando<\/strong>:\u00a0<strong data-sourcepos=\"12:17-12:41\">Carga r\u00e1pida tipo C<\/strong><\/p>\n<p><strong data-sourcepos=\"13:3-13:13\">Dise\u00f1o<\/strong>:\u00a0<strong data-sourcepos=\"13:15-13:41\">Ligero y port\u00e1til<\/strong><\/p>\n<p><strong data-sourcepos=\"14:3-14:14\">Sabores<\/strong>:\u00a0<strong data-sourcepos=\"14:16-14:30\">12 opciones<\/strong><\/p>\n<p><strong data-sourcepos=\"15:3-15:16\">Embalaje<\/strong>:\u00a0<strong data-sourcepos=\"15:18-15:40\">10 unidades\/caja de presentaci\u00f3n<\/strong><\/p>\n<p><strong data-sourcepos=\"15:3-15:28\">Env\u00edo al almac\u00e9n de la UE<\/strong>\u00a0\u2013 Entrega r\u00e1pida y libre de impuestos<\/p>\n<p>&nbsp;<\/p>\n<h3><span style=\"font-size: 90%;\">Bang Leader 20000 | 20K inhala Vape desechable\u00a0<strong data-sourcepos=\"17:5-17:25\">Selecci\u00f3n de sabores<\/strong><\/span><\/h3>\n<p><strong data-sourcepos=\"18:4-18:22\">1.Hielo de sand\u00eda<\/strong><\/p>\n<p><strong data-sourcepos=\"19:4-19:23\">2.Kiwi Fresa<\/strong><\/p>\n<p><strong data-sourcepos=\"20:4-20:22\">3.Hielo de fresa<\/strong><\/p>\n<p><strong data-sourcepos=\"21:4-21:19\">4.Mango Melocot\u00f3n<\/strong><\/p>\n<p><strong data-sourcepos=\"22:4-22:27\">5. Frambuesa de ar\u00e1ndano<\/strong><\/p>\n<p><strong data-sourcepos=\"23:4-23:22\">6.Menta de ar\u00e1ndanos<\/strong><\/p>\n<p><strong data-sourcepos=\"24:4-24:17\">7.Mezclar frutas<\/strong><\/p>\n<p><strong data-sourcepos=\"25:4-25:29\">8.Sand\u00eda Fresa<\/strong><\/p>\n<p><strong data-sourcepos=\"26:4-26:17\">9.Hielo de uva<\/strong><\/p>\n<p><strong data-sourcepos=\"27:5-27:30\">10.Chicle de sand\u00eda<\/strong><\/p>\n<p><strong data-sourcepos=\"28:5-28:22\">11.Hielo de ar\u00e1ndanos<\/strong><\/p>\n<p><strong data-sourcepos=\"29:5-29:18\">12.Hielo de melocot\u00f3n<img loading=\"lazy\" decoding=\"async\" class=\"alignnone wp-image-6210 size-full\" src=\"https:\/\/pgvape.com\/wp-content\/uploads\/2025\/11\/pgvape-Bang-Leader-20000-20K-Puffs-Rechargeable-Disposable-Vape-Shipment-from-EU-Free-Shipping-16.png\" alt=\"P\u00f3ster promocional de los vaporizadores desechables BANG LEADER 20000 inhalaciones que presentan dos dispositivos grandes a la derecha y una l\u00ednea de 12 sabores a la izquierda (helado de sand\u00eda, kiwi de fresa, helado de fresa, melocot\u00f3n de mango, frambuesa de ar\u00e1ndano, menta de ar\u00e1ndano, mezcla de frutas, sand\u00eda de fresa, hielo de uva, chicle de sand\u00eda, hielo de ar\u00e1ndano, hielo de melocot\u00f3n), con \u00edconos que indican una capacidad de 28 ml, carga tipo C, bater\u00eda de 650 mAh y malla dual.\" width=\"1779\" height=\"1000\" srcset=\"https:\/\/pgvape.com\/wp-content\/uploads\/2025\/11\/pgvape-Bang-Leader-20000-20K-Puffs-Rechargeable-Disposable-Vape-Shipment-from-EU-Free-Shipping-16.png 1779w, https:\/\/pgvape.com\/wp-content\/uploads\/2025\/11\/pgvape-Bang-Leader-20000-20K-Puffs-Rechargeable-Disposable-Vape-Shipment-from-EU-Free-Shipping-16-555x312.png 555w, https:\/\/pgvape.com\/wp-content\/uploads\/2025\/11\/pgvape-Bang-Leader-20000-20K-Puffs-Rechargeable-Disposable-Vape-Shipment-from-EU-Free-Shipping-16-595x334.png 595w, https:\/\/pgvape.com\/wp-content\/uploads\/2025\/11\/pgvape-Bang-Leader-20000-20K-Puffs-Rechargeable-Disposable-Vape-Shipment-from-EU-Free-Shipping-16-400x225.png 400w, https:\/\/pgvape.com\/wp-content\/uploads\/2025\/11\/pgvape-Bang-Leader-20000-20K-Puffs-Rechargeable-Disposable-Vape-Shipment-from-EU-Free-Shipping-16-768x432.png 768w, https:\/\/pgvape.com\/wp-content\/uploads\/2025\/11\/pgvape-Bang-Leader-20000-20K-Puffs-Rechargeable-Disposable-Vape-Shipment-from-EU-Free-Shipping-16-1536x863.png 1536w, https:\/\/pgvape.com\/wp-content\/uploads\/2025\/11\/pgvape-Bang-Leader-20000-20K-Puffs-Rechargeable-Disposable-Vape-Shipment-from-EU-Free-Shipping-16-18x10.png 18w, https:\/\/pgvape.com\/wp-content\/uploads\/2025\/11\/pgvape-Bang-Leader-20000-20K-Puffs-Rechargeable-Disposable-Vape-Shipment-from-EU-Free-Shipping-16-600x337.png 600w, https:\/\/pgvape.com\/wp-content\/uploads\/2025\/11\/pgvape-Bang-Leader-20000-20K-Puffs-Rechargeable-Disposable-Vape-Shipment-from-EU-Free-Shipping-16-60x34.png 60w\" sizes=\"auto, (max-width: 1779px) 100vw, 1779px\" \/><\/strong><\/p>\n<p>&nbsp;<\/p>\n<h3><span style=\"font-size: 90%;\">Bang Leader 20000 | 20K inhala Vape desechable\u00a0<strong>Video<\/strong>:<\/span><\/h3>\n<p>&nbsp;<\/p>\n<h3 class=\"auto-hide-last-sibling-br paragraph-pP9ZLC paragraph-element br-paragraph-space\"><span style=\"font-size: 90%;\">\u00bfPor qu\u00e9 elegir el almac\u00e9n europeo de PGVape?<\/span><\/h3>\n<p>Env\u00edo r\u00e1pido: entrega a la mayor\u00eda de los pa\u00edses de la UE en un plazo de 3 a 7 d\u00edas h\u00e1biles.<\/p>\n<p>Entrega libre de impuestos: el stock local de la UE garantiza un env\u00edo fluido y libre de impuestos.<\/p>\n<p>Garant\u00eda aut\u00e9ntica 100%: cigarrillos electr\u00f3nicos Bang Leader aut\u00e9nticos de proveedores certificados.<\/p>\n<p>Inventario fresco: almacenado en condiciones controladas para garantizar una calidad \u00f3ptima.<\/p>\n<p>Con la confianza de los europeos: miles de clientes disfrutan de los servicios de cigarrillos electr\u00f3nicos r\u00e1pidos y seguros de PGVape.<\/p>\n<p>&nbsp;<\/p>\n<h2><span style=\"font-size: 90%;\">Preguntas frecuentes sobre Bang Leader 20000 | 20K Puffs Vape desechable<\/span><\/h2>\n<p data-sourcepos=\"32:1-33:91\">\u2753\u00a0<strong data-sourcepos=\"32:3-32:48\">\u00bfQu\u00e9 hace que la calidad del vapor sea excepcional?<\/strong><br \/>\n\u2705\u00a0<strong data-sourcepos=\"33:3-33:22\">Bobinas de malla dual<\/strong>\u00a0proporcionar\u00a0<strong data-sourcepos=\"33:31-33:50\">30% m\u00e1s sabor<\/strong>\u00a0que los desechables est\u00e1ndar de bobina simple.<\/p>\n<p data-sourcepos=\"35:1-36:87\">\u2753\u00a0<strong data-sourcepos=\"35:3-35:38\">\u00bfCu\u00e1nto dura la bater\u00eda?<\/strong><br \/>\n\u2705\u00a0<strong data-sourcepos=\"36:3-36:22\">Capacidad de 650 mAh.<\/strong>\u00a0apoya\u00a0<strong data-sourcepos=\"36:32-36:48\">uso extendido<\/strong>;\u00a0<strong data-sourcepos=\"36:69-36:84\">~60 minutos<\/strong>.<\/p>\n<p data-sourcepos=\"38:1-39:84\">\u2753\u00a0<strong data-sourcepos=\"38:3-38:35\">\u00bfEs esto adecuado para venta minorista?<\/strong><br \/>\n\u2705\u00a0<strong data-sourcepos=\"39:3-39:28\">cajas expositoras de 10 unidades<\/strong>\u00a0con\u00a0<strong data-sourcepos=\"39:34-39:59\">etiquetado de sabor claro<\/strong>\u00a0maximizar el atractivo en los estantes.<\/p>\n<p data-sourcepos=\"41:1-42:97\">\u2753\u00a0<strong data-sourcepos=\"41:3-41:29\">\u00bfPara qui\u00e9n es este ideal?<br \/>\n<\/strong>\u2705\u00a0Perfecto para vapeadores que quieran\u00a0<strong data-sourcepos=\"42:30-42:58\">rendimiento duradero<\/strong>\u00a0sin sacrificar\u00a0<strong data-sourcepos=\"42:79-42:94\">portabilidad<\/strong>.<\/p>\n<p data-sourcepos=\"41:1-42:97\">\u2753\u00a0<strong data-sourcepos=\"50:3-50:42\">\u00bfDesde d\u00f3nde se env\u00eda este producto?<\/strong><br \/>\n\u2705\u00a0Directo desde\u00a0<strong data-sourcepos=\"51:15-51:32\">Almacenes de la UE<\/strong>\u00a0para\u00a0<strong data-sourcepos=\"51:37-51:64\">entrega r\u00e1pida y libre de impuestos<\/strong>.<\/p>\n<p>&nbsp;<\/p>\n<h3 id=\"brxe-najhln\" class=\"brxe-heading\">Preguntas frecuentes (FAQ)<\/h3>\n<div id=\"brxe-rajiac\" class=\"brxe-text\">\n<p><strong>P: \u00bfQu\u00e9 m\u00e9todos de pago aceptan?<\/strong><br \/>\nR: Aceptamos PayPal, Stripe, transferencias bancarias (compatibles con SEPA), las principales tarjetas de cr\u00e9dito (Visa, MasterCard, American Express) y pagos con criptomonedas.<\/p>\n<p><strong>P: \u00bfCu\u00e1nto tiempo lleva la preparaci\u00f3n del pedido?<\/strong><br \/>\nR: La preparaci\u00f3n del pedido demora entre 1 y 3 d\u00edas h\u00e1biles.<\/p>\n<p><strong>P: \u00bfCu\u00e1l es el tiempo de env\u00edo?<\/strong><br \/>\nR: El tiempo de env\u00edo es de 7 a 14 d\u00edas h\u00e1biles, dependiendo de su ubicaci\u00f3n. Los productos enviados desde almacenes europeos generalmente demoran de 3 a 6 d\u00edas h\u00e1biles en entregarse.<\/p>\n<p><strong>P: \u00bfC\u00f3mo puedo realizar un seguimiento de mi pedido?<\/strong><br \/>\nR: Despu\u00e9s del env\u00edo, recibir\u00e1 un correo electr\u00f3nico de confirmaci\u00f3n con un n\u00famero de seguimiento para realizar un seguimiento en tiempo real.<\/p>\n<p><strong>P: \u00bfCu\u00e1l es su pol\u00edtica de devoluci\u00f3n?<\/strong><br \/>\nR: Ofrecemos una pol\u00edtica de devoluci\u00f3n de 30 d\u00edas para reembolsos o cambios. .<\/p>\n<p><strong>P: \u00bfHabr\u00e1 alg\u00fan problema aduanero?<br \/>\n<\/strong>Nos encargamos de todos los procedimientos de despacho de aduanas para garantizarle una experiencia sin complicaciones. .<\/p>\n<p><strong>P: \u00bfQu\u00e9 m\u00e9todos de env\u00edo se utilizan?<\/strong><br \/>\nCooperamos con UPS\/DHL\/FEDEX\/DPD, etc. Elegiremos la opci\u00f3n de env\u00edo adecuada seg\u00fan el pa\u00eds de entrega para asegurarnos de que reciba sus productos lo m\u00e1s r\u00e1pido posible.<\/p>\n<p><a href=\"https:\/\/pgvape.com\/es\/preguntas-frecuentes\/\">Haga clic aqu\u00ed para m\u00e1s preguntas frecuentes<\/a><\/p>\n<p>Estimados clientes: Si tienen alguna pregunta sobre su pedido o la llegada de la mercanc\u00eda, comun\u00edquese con nuestro servicio de atenci\u00f3n al cliente. \u00a1Gracias!<\/p>\n<h3 data-sourcepos=\"73:1-73:21\"><strong data-sourcepos=\"73:7-73:21\">Cont\u00e1ctenos<\/strong><\/h3>\n<div id=\"text-2419739398\" class=\"text\">\n<p><strong data-sourcepos=\"75:3-75:12\">Correo electr\u00f3nico<\/strong>:\u00a0<a href=\"mailto:support@pgvape.com\"><strong>support@pgvape.com<\/strong><\/a><\/p>\n<p><strong data-sourcepos=\"76:3-76:15\">WhatsApp<\/strong>:\u00a0<a href=\"https:\/\/wa.me\/+8618128481258\"><strong>+86 18128481258<\/strong><\/a><br \/>\n<strong>(Respuesta dentro de las 24 horas en d\u00edas h\u00e1biles)<\/strong><\/p>\n<\/div>\n<h3><strong>\u00a1Gracias por elegir pgvape.com! .<\/strong><\/h3>\n<\/div>","protected":false},"excerpt":{"rendered":"<p><strong data-sourcepos=\"45:5-45:32\">L\u00edder de explosi\u00f3n 20000 bocanadas<\/strong>\u00a0combina\u00a0<strong data-sourcepos=\"45:42-45:71\">rendimiento de alta capacidad<\/strong>,\u00a0<strong data-sourcepos=\"45:73-45:97\">tecnolog\u00eda de doble bobina<\/strong>, y\u00a0<strong data-sourcepos=\"45:103-45:124\">12 opciones de sabor<\/strong>\u00a0en un\u00a0<strong data-sourcepos=\"45:130-45:156\">dise\u00f1o elegante y port\u00e1til<\/strong>.<\/p>","protected":false},"featured_media":6212,"comment_status":"open","ping_status":"closed","template":"","meta":{"_seopress_robots_primary_cat":"none","_seopress_titles_title":"","_seopress_titles_desc":"","_seopress_robots_index":""},"product_brand":[54,516],"product_cat":[515,461,84],"product_tag":[367,366,90,459,203],"class_list":{"0":"post-6192","1":"product","2":"type-product","3":"status-publish","4":"has-post-thumbnail","6":"product_brand-bang-leader-vape","7":"product_brand-disposable-vape","8":"product_cat-disposable-vape","9":"product_cat-bang-leader-vape-eu","10":"product_cat-20k-puffs-vape","11":"product_tag-20k-puffs-vape","12":"product_tag-bang-leader-20000","13":"product_tag-disposable-vape","14":"product_tag-free-shipping","15":"product_tag-shipment-from-eu","17":"first","18":"instock","19":"sale","20":"shipping-taxable","21":"purchasable","22":"product-type-variable"},"_links":{"self":[{"href":"https:\/\/pgvape.com\/es\/wp-json\/wp\/v2\/product\/6192","targetHints":{"allow":["GET"]}}],"collection":[{"href":"https:\/\/pgvape.com\/es\/wp-json\/wp\/v2\/product"}],"about":[{"href":"https:\/\/pgvape.com\/es\/wp-json\/wp\/v2\/types\/product"}],"replies":[{"embeddable":true,"href":"https:\/\/pgvape.com\/es\/wp-json\/wp\/v2\/comments?post=6192"}],"wp:featuredmedia":[{"embeddable":true,"href":"https:\/\/pgvape.com\/es\/wp-json\/wp\/v2\/media\/6212"}],"wp:attachment":[{"href":"https:\/\/pgvape.com\/es\/wp-json\/wp\/v2\/media?parent=6192"}],"wp:term":[{"taxonomy":"product_brand","embeddable":true,"href":"https:\/\/pgvape.com\/es\/wp-json\/wp\/v2\/product_brand?post=6192"},{"taxonomy":"product_cat","embeddable":true,"href":"https:\/\/pgvape.com\/es\/wp-json\/wp\/v2\/product_cat?post=6192"},{"taxonomy":"product_tag","embeddable":true,"href":"https:\/\/pgvape.com\/es\/wp-json\/wp\/v2\/product_tag?post=6192"}],"curies":[{"name":"wp","href":"https:\/\/api.w.org\/{rel}","templated":true}]}}